{"id":5008,"date":"2021-06-15T15:39:28","date_gmt":"2021-06-15T13:39:28","guid":{"rendered":"https:\/\/buddhaseedbank.com\/producto\/assorted-auto-classics\/"},"modified":"2024-09-04T15:36:09","modified_gmt":"2024-09-04T13:36:09","slug":"assorted-auto-classics","status":"publish","type":"product","link":"https:\/\/buddhaseedbank.com\/fr\/producto\/assorted-auto-classics\/","title":{"rendered":"Assorted Auto Classics"},"content":{"rendered":"<p style=\"text-align: justify;\">Pour ceux qui ont du mal \u00e0 se d\u00e9cider pour une vari\u00e9t\u00e9, Assorted Auto Classics de Buddha Seeds est la s\u00e9lection parfaite de graines qui sont s\u00fbres de faire mouche. Ce m\u00e9lange se distingue par son prix \u00e9conomique et la s\u00e9curit\u00e9 d&rsquo;avoir la qualit\u00e9 de d\u00e9veloppement de Buddha Seeds dans chacune des vari\u00e9t\u00e9s. Assorted Auto Classics est compos\u00e9 de la famille compl\u00e8te des Classics et d&rsquo;autres g\u00e9n\u00e9tiques \u00e9tonnantes. Un engagement \u00e0 s\u00e9duire le go\u00fbt du consommateur \u00e0 travers une variation de nuances : des agrumes amers aux saveurs les plus douces, sans perdre l&rsquo;essence des classiques du cannabis. Un voyage aux origines du cannabis, mais avec la valeur distinctive de Buddha Seeds.<\/p>\n","protected":false},"excerpt":{"rendered":"<p>Pour ceux qui ont du mal \u00e0 se d\u00e9cider pour une vari\u00e9t\u00e9, Assorted Auto Classics de Buddha Seeds est la s\u00e9lection parfaite de graines qui sont s\u00fbres de faire mouche. Ce m\u00e9lange se distingue par son prix \u00e9conomique et la s\u00e9curit\u00e9 d&rsquo;avoir la qualit\u00e9 de d\u00e9veloppement de Buddha Seeds dans chacune des vari\u00e9t\u00e9s. Assorted Auto [&hellip;]<\/p>\n","protected":false},"featured_media":4999,"template":"","meta":{"_joinchat":[]},"product_brand":[],"product_cat":[641,111],"product_tag":[1406,1506,1510],"class_list":{"0":"post-5008","1":"product","2":"type-product","3":"status-publish","4":"has-post-thumbnail","6":"product_cat-classics-buddha-seeds-fr","7":"product_cat-varietes-buddha-seeds","8":"product_tag-graines-autofloraison","9":"product_tag-les-classiques-cannabis","10":"product_tag-melange-autofloraison","11":"pa_8d-tiempodecultivocrecimient-50_70dias-fr","12":"pa_efecto-36-desdeefectosrelajantesalo-fr","13":"pa_fa-produccionenexteriorporpl-60_130g-fr","14":"pa_genetica-9e-hibridosdemayorgensativoy-fr","15":"pa_produccionm-400_550g-fr","16":"pa_semillas-10unidades-fr","17":"pa_sexo-feminizada-fr","18":"pa_tipo-autofloraison-fr","20":"first","21":"instock","22":"taxable","23":"shipping-taxable","24":"purchasable","25":"product-type-variable","26":"has-default-attributes"},"yoast_head":"<!-- This site is optimized with the Yoast SEO plugin v27.5 - https:\/\/yoast.com\/product\/yoast-seo-wordpress\/ -->\n<title>Assortiment d&#039;Auto Classics - Buddha Seeds<\/title>\n<meta name=\"description\" content=\"Il s&#039;agit d&#039;un m\u00e9lange de graines \u00e0 autofloraison compos\u00e9 de vari\u00e9t\u00e9s mythiques qui ont marqu\u00e9 un avant et un apr\u00e8s dans l&#039;histoire du cannabis. Buddha Seeds a adapt\u00e9 sa version la plus fid\u00e8le \u00e0 l&#039;original.\" \/>\n<meta name=\"robots\" content=\"index, follow, max-snippet:-1, max-image-preview:large, max-video-preview:-1\" \/>\n<link rel=\"canonical\" href=\"https:\/\/buddhaseedbank.com\/fr\/producto\/assorted-auto-classics\/\" \/>\n<meta property=\"og:locale\" content=\"fr_FR\" \/>\n<meta property=\"og:type\" content=\"article\" \/>\n<meta property=\"og:title\" content=\"Assortiment d&#039;Auto Classics - Buddha Seeds\" \/>\n<meta property=\"og:description\" content=\"Il s&#039;agit d&#039;un m\u00e9lange de graines \u00e0 autofloraison compos\u00e9 de vari\u00e9t\u00e9s mythiques qui ont marqu\u00e9 un avant et un apr\u00e8s dans l&#039;histoire du cannabis. Buddha Seeds a adapt\u00e9 sa version la plus fid\u00e8le \u00e0 l&#039;original.\" \/>\n<meta property=\"og:url\" content=\"https:\/\/buddhaseedbank.com\/fr\/producto\/assorted-auto-classics\/\" \/>\n<meta property=\"og:site_name\" content=\"Buddha Seeds\" \/>\n<meta property=\"article:modified_time\" content=\"2024-09-04T13:36:09+00:00\" \/>\n<meta property=\"og:image\" content=\"https:\/\/buddhaseedbank.com\/wp-content\/uploads\/2021\/06\/283-Assorted-Auto-Classics.jpg\" \/>\n\t<meta property=\"og:image:width\" content=\"1080\" \/>\n\t<meta property=\"og:image:height\" content=\"1080\" \/>\n\t<meta property=\"og:image:type\" content=\"image\/jpeg\" \/>\n<meta name=\"twitter:card\" content=\"summary_large_image\" \/>\n<meta name=\"twitter:label1\" content=\"Dur\u00e9e de lecture estim\u00e9e\" \/>\n\t<meta name=\"twitter:data1\" content=\"1 minute\" \/>\n<script type=\"application\/ld+json\" class=\"yoast-schema-graph\">{\"@context\":\"https:\\\/\\\/schema.org\",\"@graph\":[{\"@type\":\"WebPage\",\"@id\":\"https:\\\/\\\/buddhaseedbank.com\\\/fr\\\/producto\\\/assorted-auto-classics\\\/\",\"url\":\"https:\\\/\\\/buddhaseedbank.com\\\/fr\\\/producto\\\/assorted-auto-classics\\\/\",\"name\":\"Assortiment d'Auto Classics - Buddha Seeds\",\"isPartOf\":{\"@id\":\"https:\\\/\\\/buddhaseedbank.com\\\/fr\\\/#website\"},\"primaryImageOfPage\":{\"@id\":\"https:\\\/\\\/buddhaseedbank.com\\\/fr\\\/producto\\\/assorted-auto-classics\\\/#primaryimage\"},\"image\":{\"@id\":\"https:\\\/\\\/buddhaseedbank.com\\\/fr\\\/producto\\\/assorted-auto-classics\\\/#primaryimage\"},\"thumbnailUrl\":\"https:\\\/\\\/buddhaseedbank.com\\\/wp-content\\\/uploads\\\/2021\\\/06\\\/283-Assorted-Auto-Classics.jpg\",\"datePublished\":\"2021-06-15T13:39:28+00:00\",\"dateModified\":\"2024-09-04T13:36:09+00:00\",\"description\":\"Il s'agit d'un m\u00e9lange de graines \u00e0 autofloraison compos\u00e9 de vari\u00e9t\u00e9s mythiques qui ont marqu\u00e9 un avant et un apr\u00e8s dans l'histoire du cannabis. Buddha Seeds a adapt\u00e9 sa version la plus fid\u00e8le \u00e0 l'original.\",\"breadcrumb\":{\"@id\":\"https:\\\/\\\/buddhaseedbank.com\\\/fr\\\/producto\\\/assorted-auto-classics\\\/#breadcrumb\"},\"inLanguage\":\"fr-FR\",\"potentialAction\":[{\"@type\":\"ReadAction\",\"target\":[\"https:\\\/\\\/buddhaseedbank.com\\\/fr\\\/producto\\\/assorted-auto-classics\\\/\"]}]},{\"@type\":\"ImageObject\",\"inLanguage\":\"fr-FR\",\"@id\":\"https:\\\/\\\/buddhaseedbank.com\\\/fr\\\/producto\\\/assorted-auto-classics\\\/#primaryimage\",\"url\":\"https:\\\/\\\/buddhaseedbank.com\\\/wp-content\\\/uploads\\\/2021\\\/06\\\/283-Assorted-Auto-Classics.jpg\",\"contentUrl\":\"https:\\\/\\\/buddhaseedbank.com\\\/wp-content\\\/uploads\\\/2021\\\/06\\\/283-Assorted-Auto-Classics.jpg\",\"width\":1080,\"height\":1080,\"caption\":\"Assortiment d'automobiles classiques\"},{\"@type\":\"BreadcrumbList\",\"@id\":\"https:\\\/\\\/buddhaseedbank.com\\\/fr\\\/producto\\\/assorted-auto-classics\\\/#breadcrumb\",\"itemListElement\":[{\"@type\":\"ListItem\",\"position\":1,\"name\":\"Portada\",\"item\":\"https:\\\/\\\/buddhaseedbank.com\\\/fr\\\/\"},{\"@type\":\"ListItem\",\"position\":2,\"name\":\"Boutique\",\"item\":\"https:\\\/\\\/buddhaseedbank.com\\\/fr\\\/boutique\\\/\"},{\"@type\":\"ListItem\",\"position\":3,\"name\":\"Assorted Auto Classics\"}]},{\"@type\":\"WebSite\",\"@id\":\"https:\\\/\\\/buddhaseedbank.com\\\/fr\\\/#website\",\"url\":\"https:\\\/\\\/buddhaseedbank.com\\\/fr\\\/\",\"name\":\"Buddha Seeds\",\"description\":\"\",\"publisher\":{\"@id\":\"https:\\\/\\\/buddhaseedbank.com\\\/fr\\\/#organization\"},\"potentialAction\":[{\"@type\":\"SearchAction\",\"target\":{\"@type\":\"EntryPoint\",\"urlTemplate\":\"https:\\\/\\\/buddhaseedbank.com\\\/fr\\\/?s={search_term_string}\"},\"query-input\":{\"@type\":\"PropertyValueSpecification\",\"valueRequired\":true,\"valueName\":\"search_term_string\"}}],\"inLanguage\":\"fr-FR\"},{\"@type\":\"Organization\",\"@id\":\"https:\\\/\\\/buddhaseedbank.com\\\/fr\\\/#organization\",\"name\":\"Buddha Seeds\",\"url\":\"https:\\\/\\\/buddhaseedbank.com\\\/fr\\\/\",\"logo\":{\"@type\":\"ImageObject\",\"inLanguage\":\"fr-FR\",\"@id\":\"https:\\\/\\\/buddhaseedbank.com\\\/fr\\\/#\\\/schema\\\/logo\\\/image\\\/\",\"url\":\"https:\\\/\\\/buddhaseedbank.com\\\/wp-content\\\/uploads\\\/2024\\\/04\\\/buddha-seeds-logo-1622448424-1.png\",\"contentUrl\":\"https:\\\/\\\/buddhaseedbank.com\\\/wp-content\\\/uploads\\\/2024\\\/04\\\/buddha-seeds-logo-1622448424-1.png\",\"width\":478,\"height\":200,\"caption\":\"Buddha Seeds\"},\"image\":{\"@id\":\"https:\\\/\\\/buddhaseedbank.com\\\/fr\\\/#\\\/schema\\\/logo\\\/image\\\/\"}}]}<\/script>\n<!-- \/ Yoast SEO plugin. -->","yoast_head_json":{"title":"Assortiment d'Auto Classics - Buddha Seeds","description":"Il s'agit d'un m\u00e9lange de graines \u00e0 autofloraison compos\u00e9 de vari\u00e9t\u00e9s mythiques qui ont marqu\u00e9 un avant et un apr\u00e8s dans l'histoire du cannabis. Buddha Seeds a adapt\u00e9 sa version la plus fid\u00e8le \u00e0 l'original.","robots":{"index":"index","follow":"follow","max-snippet":"max-snippet:-1","max-image-preview":"max-image-preview:large","max-video-preview":"max-video-preview:-1"},"canonical":"https:\/\/buddhaseedbank.com\/fr\/producto\/assorted-auto-classics\/","og_locale":"fr_FR","og_type":"article","og_title":"Assortiment d'Auto Classics - Buddha Seeds","og_description":"Il s'agit d'un m\u00e9lange de graines \u00e0 autofloraison compos\u00e9 de vari\u00e9t\u00e9s mythiques qui ont marqu\u00e9 un avant et un apr\u00e8s dans l'histoire du cannabis. Buddha Seeds a adapt\u00e9 sa version la plus fid\u00e8le \u00e0 l'original.","og_url":"https:\/\/buddhaseedbank.com\/fr\/producto\/assorted-auto-classics\/","og_site_name":"Buddha Seeds","article_modified_time":"2024-09-04T13:36:09+00:00","og_image":[{"width":1080,"height":1080,"url":"https:\/\/buddhaseedbank.com\/wp-content\/uploads\/2021\/06\/283-Assorted-Auto-Classics.jpg","type":"image\/jpeg"}],"twitter_card":"summary_large_image","twitter_misc":{"Dur\u00e9e de lecture estim\u00e9e":"1 minute"},"schema":{"@context":"https:\/\/schema.org","@graph":[{"@type":"WebPage","@id":"https:\/\/buddhaseedbank.com\/fr\/producto\/assorted-auto-classics\/","url":"https:\/\/buddhaseedbank.com\/fr\/producto\/assorted-auto-classics\/","name":"Assortiment d'Auto Classics - Buddha Seeds","isPartOf":{"@id":"https:\/\/buddhaseedbank.com\/fr\/#website"},"primaryImageOfPage":{"@id":"https:\/\/buddhaseedbank.com\/fr\/producto\/assorted-auto-classics\/#primaryimage"},"image":{"@id":"https:\/\/buddhaseedbank.com\/fr\/producto\/assorted-auto-classics\/#primaryimage"},"thumbnailUrl":"https:\/\/buddhaseedbank.com\/wp-content\/uploads\/2021\/06\/283-Assorted-Auto-Classics.jpg","datePublished":"2021-06-15T13:39:28+00:00","dateModified":"2024-09-04T13:36:09+00:00","description":"Il s'agit d'un m\u00e9lange de graines \u00e0 autofloraison compos\u00e9 de vari\u00e9t\u00e9s mythiques qui ont marqu\u00e9 un avant et un apr\u00e8s dans l'histoire du cannabis. Buddha Seeds a adapt\u00e9 sa version la plus fid\u00e8le \u00e0 l'original.","breadcrumb":{"@id":"https:\/\/buddhaseedbank.com\/fr\/producto\/assorted-auto-classics\/#breadcrumb"},"inLanguage":"fr-FR","potentialAction":[{"@type":"ReadAction","target":["https:\/\/buddhaseedbank.com\/fr\/producto\/assorted-auto-classics\/"]}]},{"@type":"ImageObject","inLanguage":"fr-FR","@id":"https:\/\/buddhaseedbank.com\/fr\/producto\/assorted-auto-classics\/#primaryimage","url":"https:\/\/buddhaseedbank.com\/wp-content\/uploads\/2021\/06\/283-Assorted-Auto-Classics.jpg","contentUrl":"https:\/\/buddhaseedbank.com\/wp-content\/uploads\/2021\/06\/283-Assorted-Auto-Classics.jpg","width":1080,"height":1080,"caption":"Assortiment d'automobiles classiques"},{"@type":"BreadcrumbList","@id":"https:\/\/buddhaseedbank.com\/fr\/producto\/assorted-auto-classics\/#breadcrumb","itemListElement":[{"@type":"ListItem","position":1,"name":"Portada","item":"https:\/\/buddhaseedbank.com\/fr\/"},{"@type":"ListItem","position":2,"name":"Boutique","item":"https:\/\/buddhaseedbank.com\/fr\/boutique\/"},{"@type":"ListItem","position":3,"name":"Assorted Auto Classics"}]},{"@type":"WebSite","@id":"https:\/\/buddhaseedbank.com\/fr\/#website","url":"https:\/\/buddhaseedbank.com\/fr\/","name":"Buddha Seeds","description":"","publisher":{"@id":"https:\/\/buddhaseedbank.com\/fr\/#organization"},"potentialAction":[{"@type":"SearchAction","target":{"@type":"EntryPoint","urlTemplate":"https:\/\/buddhaseedbank.com\/fr\/?s={search_term_string}"},"query-input":{"@type":"PropertyValueSpecification","valueRequired":true,"valueName":"search_term_string"}}],"inLanguage":"fr-FR"},{"@type":"Organization","@id":"https:\/\/buddhaseedbank.com\/fr\/#organization","name":"Buddha Seeds","url":"https:\/\/buddhaseedbank.com\/fr\/","logo":{"@type":"ImageObject","inLanguage":"fr-FR","@id":"https:\/\/buddhaseedbank.com\/fr\/#\/schema\/logo\/image\/","url":"https:\/\/buddhaseedbank.com\/wp-content\/uploads\/2024\/04\/buddha-seeds-logo-1622448424-1.png","contentUrl":"https:\/\/buddhaseedbank.com\/wp-content\/uploads\/2024\/04\/buddha-seeds-logo-1622448424-1.png","width":478,"height":200,"caption":"Buddha Seeds"},"image":{"@id":"https:\/\/buddhaseedbank.com\/fr\/#\/schema\/logo\/image\/"}}]}},"_links":{"self":[{"href":"https:\/\/buddhaseedbank.com\/fr\/wp-json\/wp\/v2\/product\/5008","targetHints":{"allow":["GET"]}}],"collection":[{"href":"https:\/\/buddhaseedbank.com\/fr\/wp-json\/wp\/v2\/product"}],"about":[{"href":"https:\/\/buddhaseedbank.com\/fr\/wp-json\/wp\/v2\/types\/product"}],"wp:featuredmedia":[{"embeddable":true,"href":"https:\/\/buddhaseedbank.com\/fr\/wp-json\/wp\/v2\/media\/4999"}],"wp:attachment":[{"href":"https:\/\/buddhaseedbank.com\/fr\/wp-json\/wp\/v2\/media?parent=5008"}],"wp:term":[{"taxonomy":"product_brand","embeddable":true,"href":"https:\/\/buddhaseedbank.com\/fr\/wp-json\/wp\/v2\/product_brand?post=5008"},{"taxonomy":"product_cat","embeddable":true,"href":"https:\/\/buddhaseedbank.com\/fr\/wp-json\/wp\/v2\/product_cat?post=5008"},{"taxonomy":"product_tag","embeddable":true,"href":"https:\/\/buddhaseedbank.com\/fr\/wp-json\/wp\/v2\/product_tag?post=5008"}],"curies":[{"name":"wp","href":"https:\/\/api.w.org\/{rel}","templated":true}]}}