{"id":6781,"date":"2024-05-29T11:17:12","date_gmt":"2024-05-29T09:17:12","guid":{"rendered":"https:\/\/buddhaseedbank.com\/producto\/panakeia-haute-teneur-en-terpene\/"},"modified":"2025-10-27T13:35:33","modified_gmt":"2025-10-27T12:35:33","slug":"panakeia-haute-teneur-en-terpene","status":"publish","type":"product","link":"https:\/\/buddhaseedbank.com\/fr\/producto\/panakeia-haute-teneur-en-terpene\/","title":{"rendered":"Panakeia high terpenes"},"content":{"rendered":"<p>Panakeia High Terpenes est une vari\u00e9t\u00e9 de chanvre non psychoactive \u00e0 forte teneur en terp\u00e8nes. Enfin, une vari\u00e9t\u00e9 riche en CBG peut \u00eatre appr\u00e9ci\u00e9e de mani\u00e8re agr\u00e9able, avec beaucoup plus de go\u00fbt et d&rsquo;odeur.<\/p>\n<p>Panakeia High Terpenes est la version am\u00e9lior\u00e9e de Panakeia, une vari\u00e9t\u00e9 d\u00e9velopp\u00e9e par Hemp Trading et l&rsquo;Universit\u00e9 polytechnique de Valence. Cette vari\u00e9t\u00e9 non psychotrope (0,0 % de THC) et hautement m\u00e9dicinale offre d\u00e9sormais une grande vari\u00e9t\u00e9 de terp\u00e8nes avec des notes sucr\u00e9es, fruit\u00e9es et bois\u00e9es.<\/p>\n<p>Chez Buddha Seeds, nous voulions enrichir l&rsquo;exp\u00e9rience des vari\u00e9t\u00e9s CBG, traditionnellement pauvres en terp\u00e8nes. Le r\u00e9sultat est tr\u00e8s satisfaisant, surtout au niveau olfactif.<\/p>\n<p>Panakeia High Terpenes arrive sur le march\u00e9 du \u00ab\u00a0chanvre fumable\u00a0\u00bb pour se positionner comme l&rsquo;une des meilleures vari\u00e9t\u00e9s non psychoactives riches en terp\u00e8nes.<\/p>\n","protected":false},"excerpt":{"rendered":"<p>Panakeia High Terpenes est une vari\u00e9t\u00e9 de chanvre non psychoactive \u00e0 forte teneur en terp\u00e8nes. Enfin, une vari\u00e9t\u00e9 riche en CBG peut \u00eatre appr\u00e9ci\u00e9e de mani\u00e8re agr\u00e9able, avec beaucoup plus de go\u00fbt et d&rsquo;odeur.<\/p>\n","protected":false},"featured_media":11825,"template":"","meta":{"_joinchat":[]},"product_brand":[],"product_cat":[737,636,111],"product_tag":[1431,1524,1467,1479,1446,1404,1443,1733],"class_list":{"0":"post-6781","1":"product","2":"type-product","3":"status-publish","4":"has-post-thumbnail","6":"product_cat-cbg-cbd","7":"product_cat-original-buddha-seeds-fr","8":"product_cat-varietes-buddha-seeds","9":"product_tag-cannabis-medical","10":"product_tag-cannabis-sans-thc","11":"product_tag-graines-cbg","12":"product_tag-graines-photodependantes","13":"product_tag-cannabis-contre-la-douleur","14":"product_tag-cannabis-pour-relaxation","15":"product_tag-cannabis-pour-mieux-dormir","16":"product_tag-meilleures-ventes","17":"pa_fa-produccionenexteriorporpl-1_15kg-fr","18":"pa_genetica-indica-fr","19":"pa_mesdecosecha-61-finalesdeseptiembrehemisf-fr","20":"pa_produccionm-400_600g-fr","21":"pa_semillas-10unidades-fr","22":"pa_semillas-3unidades-fr","23":"pa_sexo-feminizada-fr","24":"pa_tiempodefloracion-60_63dias-fr","25":"pa_tipo-graines-cbg","26":"pa_tipo-photodependant-fr","28":"first","29":"instock","30":"taxable","31":"shipping-taxable","32":"purchasable","33":"product-type-variable","34":"has-default-attributes"},"yoast_head":"<!-- This site is optimized with the Yoast SEO plugin v27.3 - https:\/\/yoast.com\/product\/yoast-seo-wordpress\/ -->\n<title>graines CBG. Panakeia High terpenes<\/title>\n<meta name=\"description\" content=\"Panakeia High Terpenes est l&#039;une des rares graines CBG non psychoactives et \u00e0 haute teneur en terp\u00e8nes, avec beaucoup plus de saveur et d&#039;odeur.\" \/>\n<meta name=\"robots\" content=\"index, follow, max-snippet:-1, max-image-preview:large, max-video-preview:-1\" \/>\n<link rel=\"canonical\" href=\"https:\/\/buddhaseedbank.com\/fr\/producto\/panakeia-haute-teneur-en-terpene\/\" \/>\n<meta property=\"og:locale\" content=\"fr_FR\" \/>\n<meta property=\"og:type\" content=\"article\" \/>\n<meta property=\"og:title\" content=\"graines CBG. Panakeia High terpenes\" \/>\n<meta property=\"og:description\" content=\"Panakeia High Terpenes est l&#039;une des rares graines CBG non psychoactives et \u00e0 haute teneur en terp\u00e8nes, avec beaucoup plus de saveur et d&#039;odeur.\" \/>\n<meta property=\"og:url\" content=\"https:\/\/buddhaseedbank.com\/fr\/producto\/panakeia-haute-teneur-en-terpene\/\" \/>\n<meta property=\"og:site_name\" content=\"Buddha Seeds\" \/>\n<meta property=\"article:modified_time\" content=\"2025-10-27T12:35:33+00:00\" \/>\n<meta property=\"og:image\" content=\"https:\/\/buddhaseedbank.com\/wp-content\/uploads\/2024\/05\/Panakeia_buddhaseeds.jpg\" \/>\n\t<meta property=\"og:image:width\" content=\"1440\" \/>\n\t<meta property=\"og:image:height\" content=\"1920\" \/>\n\t<meta property=\"og:image:type\" content=\"image\/jpeg\" \/>\n<meta name=\"twitter:card\" content=\"summary_large_image\" \/>\n<meta name=\"twitter:label1\" content=\"Dur\u00e9e de lecture estim\u00e9e\" \/>\n\t<meta name=\"twitter:data1\" content=\"1 minute\" \/>\n<script type=\"application\/ld+json\" class=\"yoast-schema-graph\">{\"@context\":\"https:\\\/\\\/schema.org\",\"@graph\":[{\"@type\":\"WebPage\",\"@id\":\"https:\\\/\\\/buddhaseedbank.com\\\/fr\\\/producto\\\/panakeia-haute-teneur-en-terpene\\\/\",\"url\":\"https:\\\/\\\/buddhaseedbank.com\\\/fr\\\/producto\\\/panakeia-haute-teneur-en-terpene\\\/\",\"name\":\"graines CBG. Panakeia High terpenes\",\"isPartOf\":{\"@id\":\"https:\\\/\\\/buddhaseedbank.com\\\/fr\\\/#website\"},\"primaryImageOfPage\":{\"@id\":\"https:\\\/\\\/buddhaseedbank.com\\\/fr\\\/producto\\\/panakeia-haute-teneur-en-terpene\\\/#primaryimage\"},\"image\":{\"@id\":\"https:\\\/\\\/buddhaseedbank.com\\\/fr\\\/producto\\\/panakeia-haute-teneur-en-terpene\\\/#primaryimage\"},\"thumbnailUrl\":\"https:\\\/\\\/buddhaseedbank.com\\\/wp-content\\\/uploads\\\/2024\\\/05\\\/Panakeia_buddhaseeds.jpg\",\"datePublished\":\"2024-05-29T09:17:12+00:00\",\"dateModified\":\"2025-10-27T12:35:33+00:00\",\"description\":\"Panakeia High Terpenes est l'une des rares graines CBG non psychoactives et \u00e0 haute teneur en terp\u00e8nes, avec beaucoup plus de saveur et d'odeur.\",\"breadcrumb\":{\"@id\":\"https:\\\/\\\/buddhaseedbank.com\\\/fr\\\/producto\\\/panakeia-haute-teneur-en-terpene\\\/#breadcrumb\"},\"inLanguage\":\"fr-FR\",\"potentialAction\":[{\"@type\":\"ReadAction\",\"target\":[\"https:\\\/\\\/buddhaseedbank.com\\\/fr\\\/producto\\\/panakeia-haute-teneur-en-terpene\\\/\"]}]},{\"@type\":\"ImageObject\",\"inLanguage\":\"fr-FR\",\"@id\":\"https:\\\/\\\/buddhaseedbank.com\\\/fr\\\/producto\\\/panakeia-haute-teneur-en-terpene\\\/#primaryimage\",\"url\":\"https:\\\/\\\/buddhaseedbank.com\\\/wp-content\\\/uploads\\\/2024\\\/05\\\/Panakeia_buddhaseeds.jpg\",\"contentUrl\":\"https:\\\/\\\/buddhaseedbank.com\\\/wp-content\\\/uploads\\\/2024\\\/05\\\/Panakeia_buddhaseeds.jpg\",\"width\":1440,\"height\":1920,\"caption\":\"Panakeia cannabis CBG\"},{\"@type\":\"BreadcrumbList\",\"@id\":\"https:\\\/\\\/buddhaseedbank.com\\\/fr\\\/producto\\\/panakeia-haute-teneur-en-terpene\\\/#breadcrumb\",\"itemListElement\":[{\"@type\":\"ListItem\",\"position\":1,\"name\":\"Portada\",\"item\":\"https:\\\/\\\/buddhaseedbank.com\\\/fr\\\/\"},{\"@type\":\"ListItem\",\"position\":2,\"name\":\"Boutique\",\"item\":\"https:\\\/\\\/buddhaseedbank.com\\\/fr\\\/boutique\\\/\"},{\"@type\":\"ListItem\",\"position\":3,\"name\":\"Panakeia high terpenes\"}]},{\"@type\":\"WebSite\",\"@id\":\"https:\\\/\\\/buddhaseedbank.com\\\/fr\\\/#website\",\"url\":\"https:\\\/\\\/buddhaseedbank.com\\\/fr\\\/\",\"name\":\"Buddha Seeds\",\"description\":\"\",\"publisher\":{\"@id\":\"https:\\\/\\\/buddhaseedbank.com\\\/fr\\\/#organization\"},\"potentialAction\":[{\"@type\":\"SearchAction\",\"target\":{\"@type\":\"EntryPoint\",\"urlTemplate\":\"https:\\\/\\\/buddhaseedbank.com\\\/fr\\\/?s={search_term_string}\"},\"query-input\":{\"@type\":\"PropertyValueSpecification\",\"valueRequired\":true,\"valueName\":\"search_term_string\"}}],\"inLanguage\":\"fr-FR\"},{\"@type\":\"Organization\",\"@id\":\"https:\\\/\\\/buddhaseedbank.com\\\/fr\\\/#organization\",\"name\":\"Buddha Seeds\",\"url\":\"https:\\\/\\\/buddhaseedbank.com\\\/fr\\\/\",\"logo\":{\"@type\":\"ImageObject\",\"inLanguage\":\"fr-FR\",\"@id\":\"https:\\\/\\\/buddhaseedbank.com\\\/fr\\\/#\\\/schema\\\/logo\\\/image\\\/\",\"url\":\"https:\\\/\\\/buddhaseedbank.com\\\/wp-content\\\/uploads\\\/2024\\\/04\\\/buddha-seeds-logo-1622448424-1.png\",\"contentUrl\":\"https:\\\/\\\/buddhaseedbank.com\\\/wp-content\\\/uploads\\\/2024\\\/04\\\/buddha-seeds-logo-1622448424-1.png\",\"width\":478,\"height\":200,\"caption\":\"Buddha Seeds\"},\"image\":{\"@id\":\"https:\\\/\\\/buddhaseedbank.com\\\/fr\\\/#\\\/schema\\\/logo\\\/image\\\/\"}}]}<\/script>\n<!-- \/ Yoast SEO plugin. -->","yoast_head_json":{"title":"graines CBG. Panakeia High terpenes","description":"Panakeia High Terpenes est l'une des rares graines CBG non psychoactives et \u00e0 haute teneur en terp\u00e8nes, avec beaucoup plus de saveur et d'odeur.","robots":{"index":"index","follow":"follow","max-snippet":"max-snippet:-1","max-image-preview":"max-image-preview:large","max-video-preview":"max-video-preview:-1"},"canonical":"https:\/\/buddhaseedbank.com\/fr\/producto\/panakeia-haute-teneur-en-terpene\/","og_locale":"fr_FR","og_type":"article","og_title":"graines CBG. Panakeia High terpenes","og_description":"Panakeia High Terpenes est l'une des rares graines CBG non psychoactives et \u00e0 haute teneur en terp\u00e8nes, avec beaucoup plus de saveur et d'odeur.","og_url":"https:\/\/buddhaseedbank.com\/fr\/producto\/panakeia-haute-teneur-en-terpene\/","og_site_name":"Buddha Seeds","article_modified_time":"2025-10-27T12:35:33+00:00","og_image":[{"width":1440,"height":1920,"url":"https:\/\/buddhaseedbank.com\/wp-content\/uploads\/2024\/05\/Panakeia_buddhaseeds.jpg","type":"image\/jpeg"}],"twitter_card":"summary_large_image","twitter_misc":{"Dur\u00e9e de lecture estim\u00e9e":"1 minute"},"schema":{"@context":"https:\/\/schema.org","@graph":[{"@type":"WebPage","@id":"https:\/\/buddhaseedbank.com\/fr\/producto\/panakeia-haute-teneur-en-terpene\/","url":"https:\/\/buddhaseedbank.com\/fr\/producto\/panakeia-haute-teneur-en-terpene\/","name":"graines CBG. Panakeia High terpenes","isPartOf":{"@id":"https:\/\/buddhaseedbank.com\/fr\/#website"},"primaryImageOfPage":{"@id":"https:\/\/buddhaseedbank.com\/fr\/producto\/panakeia-haute-teneur-en-terpene\/#primaryimage"},"image":{"@id":"https:\/\/buddhaseedbank.com\/fr\/producto\/panakeia-haute-teneur-en-terpene\/#primaryimage"},"thumbnailUrl":"https:\/\/buddhaseedbank.com\/wp-content\/uploads\/2024\/05\/Panakeia_buddhaseeds.jpg","datePublished":"2024-05-29T09:17:12+00:00","dateModified":"2025-10-27T12:35:33+00:00","description":"Panakeia High Terpenes est l'une des rares graines CBG non psychoactives et \u00e0 haute teneur en terp\u00e8nes, avec beaucoup plus de saveur et d'odeur.","breadcrumb":{"@id":"https:\/\/buddhaseedbank.com\/fr\/producto\/panakeia-haute-teneur-en-terpene\/#breadcrumb"},"inLanguage":"fr-FR","potentialAction":[{"@type":"ReadAction","target":["https:\/\/buddhaseedbank.com\/fr\/producto\/panakeia-haute-teneur-en-terpene\/"]}]},{"@type":"ImageObject","inLanguage":"fr-FR","@id":"https:\/\/buddhaseedbank.com\/fr\/producto\/panakeia-haute-teneur-en-terpene\/#primaryimage","url":"https:\/\/buddhaseedbank.com\/wp-content\/uploads\/2024\/05\/Panakeia_buddhaseeds.jpg","contentUrl":"https:\/\/buddhaseedbank.com\/wp-content\/uploads\/2024\/05\/Panakeia_buddhaseeds.jpg","width":1440,"height":1920,"caption":"Panakeia cannabis CBG"},{"@type":"BreadcrumbList","@id":"https:\/\/buddhaseedbank.com\/fr\/producto\/panakeia-haute-teneur-en-terpene\/#breadcrumb","itemListElement":[{"@type":"ListItem","position":1,"name":"Portada","item":"https:\/\/buddhaseedbank.com\/fr\/"},{"@type":"ListItem","position":2,"name":"Boutique","item":"https:\/\/buddhaseedbank.com\/fr\/boutique\/"},{"@type":"ListItem","position":3,"name":"Panakeia high terpenes"}]},{"@type":"WebSite","@id":"https:\/\/buddhaseedbank.com\/fr\/#website","url":"https:\/\/buddhaseedbank.com\/fr\/","name":"Buddha Seeds","description":"","publisher":{"@id":"https:\/\/buddhaseedbank.com\/fr\/#organization"},"potentialAction":[{"@type":"SearchAction","target":{"@type":"EntryPoint","urlTemplate":"https:\/\/buddhaseedbank.com\/fr\/?s={search_term_string}"},"query-input":{"@type":"PropertyValueSpecification","valueRequired":true,"valueName":"search_term_string"}}],"inLanguage":"fr-FR"},{"@type":"Organization","@id":"https:\/\/buddhaseedbank.com\/fr\/#organization","name":"Buddha Seeds","url":"https:\/\/buddhaseedbank.com\/fr\/","logo":{"@type":"ImageObject","inLanguage":"fr-FR","@id":"https:\/\/buddhaseedbank.com\/fr\/#\/schema\/logo\/image\/","url":"https:\/\/buddhaseedbank.com\/wp-content\/uploads\/2024\/04\/buddha-seeds-logo-1622448424-1.png","contentUrl":"https:\/\/buddhaseedbank.com\/wp-content\/uploads\/2024\/04\/buddha-seeds-logo-1622448424-1.png","width":478,"height":200,"caption":"Buddha Seeds"},"image":{"@id":"https:\/\/buddhaseedbank.com\/fr\/#\/schema\/logo\/image\/"}}]}},"_links":{"self":[{"href":"https:\/\/buddhaseedbank.com\/fr\/wp-json\/wp\/v2\/product\/6781","targetHints":{"allow":["GET"]}}],"collection":[{"href":"https:\/\/buddhaseedbank.com\/fr\/wp-json\/wp\/v2\/product"}],"about":[{"href":"https:\/\/buddhaseedbank.com\/fr\/wp-json\/wp\/v2\/types\/product"}],"wp:featuredmedia":[{"embeddable":true,"href":"https:\/\/buddhaseedbank.com\/fr\/wp-json\/wp\/v2\/media\/11825"}],"wp:attachment":[{"href":"https:\/\/buddhaseedbank.com\/fr\/wp-json\/wp\/v2\/media?parent=6781"}],"wp:term":[{"taxonomy":"product_brand","embeddable":true,"href":"https:\/\/buddhaseedbank.com\/fr\/wp-json\/wp\/v2\/product_brand?post=6781"},{"taxonomy":"product_cat","embeddable":true,"href":"https:\/\/buddhaseedbank.com\/fr\/wp-json\/wp\/v2\/product_cat?post=6781"},{"taxonomy":"product_tag","embeddable":true,"href":"https:\/\/buddhaseedbank.com\/fr\/wp-json\/wp\/v2\/product_tag?post=6781"}],"curies":[{"name":"wp","href":"https:\/\/api.w.org\/{rel}","templated":true}]}}