{"id":3739,"date":"2020-11-30T17:38:13","date_gmt":"2020-11-30T16:38:13","guid":{"rendered":"https:\/\/buddhaseedbank.com\/producto\/buddha-quasar-2\/"},"modified":"2026-03-31T12:35:04","modified_gmt":"2026-03-31T10:35:04","slug":"buddha-quasar-2","status":"publish","type":"product","link":"https:\/\/buddhaseedbank.com\/it\/producto\/buddha-quasar-2\/","title":{"rendered":"Buddha Quasar"},"content":{"rendered":"<p style=\"text-align:justify;\">Quasar parte da una \u00edndica pura e una sativa reincrociata che unisce il meglio di entrambe le variet\u00e0 in un ibrido ben riuscito. Ha una crescita vigorosa che riduce i tempi di coltivazione in interno e ottiene lussurreggianti individui in esterno, una forte struttura che sopporta il peso di cime abbondanti, dure e compatte tanto da sembrare pressate.<\/p>\n<p style=\"text-align:justify;\">Incredibile potenza, effetto forte con tendenza all\u2019euforismo senza nervosismo.<\/p>\n<p style=\"text-align:justify;\">Con Quasar crediamo di aver incontrato l\u2019equilibrio perfetto tra \u00edndica e sativa che potr\u00e0 soddisfare sia gli edonisti per la sua qualit\u00e0 sia i coltivatori commerciali per la sua produzione.<\/p>\n<p><a style=\"background-color:#ff0000;color:#ffffff;\" href=\"https:\/\/www.youtube.com\/watch?v=cWgN9uTm8NM\" class=\"btn btn-default\" target=\"_blank\" rel=\"noreferrer noopener nofollow\">YouTube \u25ba<\/a><\/p>\n","protected":false},"excerpt":{"rendered":"<p>Perfetto equilibrio tra indica e sativa.<\/p>\n","protected":false},"featured_media":8489,"template":"","meta":{"_joinchat":[]},"product_brand":[],"product_cat":[635,110],"product_tag":[1392,1429,1456,1388,1482],"class_list":{"0":"post-3739","1":"product","2":"type-product","3":"status-publish","4":"has-post-thumbnail","6":"product_cat-original-buddha-seeds-it","7":"product_cat-varieta-buddha-seeds","8":"product_tag-cannabis-effetto-potente","9":"product_tag-cannabis-indica-it","10":"product_tag-cannabis-resistente-parassiti","11":"product_tag-marihuana-produttiva","12":"product_tag-semi-fotodipendenti","13":"pa_efecto-5f-tendenciaeuforicasinnervi-it","14":"pa_fa-produccionenexteriorporpl-15_2kg-it","15":"pa_genetica-hibrida-it","16":"pa_mesdecosecha-61-finalesdeseptiembrehemisf-it","17":"pa_produccionm-450_600gr-it","18":"pa_semillas-10unidades-it","19":"pa_semillas-3unidades-it","20":"pa_semillas-50unidades-it","21":"pa_sexo-feminizada-it","22":"pa_tiempodefloracion-75dias-it","23":"pa_tipo-fotodipendente-it","25":"first","26":"instock","27":"taxable","28":"shipping-taxable","29":"purchasable","30":"product-type-variable"},"yoast_head":"<!-- This site is optimized with the Yoast SEO plugin v27.3 - https:\/\/yoast.com\/product\/yoast-seo-wordpress\/ -->\n<title>Buddha Quasar \u2022 Buddha Seeds<\/title>\n<meta name=\"robots\" content=\"index, follow, max-snippet:-1, max-image-preview:large, max-video-preview:-1\" \/>\n<link rel=\"canonical\" href=\"https:\/\/buddhaseedbank.com\/it\/producto\/buddha-quasar-2\/\" \/>\n<meta property=\"og:locale\" content=\"it_IT\" \/>\n<meta property=\"og:type\" content=\"article\" \/>\n<meta property=\"og:title\" content=\"Buddha Quasar \u2022 Buddha Seeds\" \/>\n<meta property=\"og:description\" content=\"Perfetto equilibrio tra indica e sativa.\" \/>\n<meta property=\"og:url\" content=\"https:\/\/buddhaseedbank.com\/it\/producto\/buddha-quasar-2\/\" \/>\n<meta property=\"og:site_name\" content=\"Buddha Seeds\" \/>\n<meta property=\"article:modified_time\" content=\"2026-03-31T10:35:04+00:00\" \/>\n<meta property=\"og:image\" content=\"https:\/\/buddhaseedbank.com\/wp-content\/uploads\/2020\/11\/166-Buddha-Quasar.jpg\" \/>\n\t<meta property=\"og:image:width\" content=\"1080\" \/>\n\t<meta property=\"og:image:height\" content=\"1080\" \/>\n\t<meta property=\"og:image:type\" content=\"image\/jpeg\" \/>\n<meta name=\"twitter:card\" content=\"summary_large_image\" \/>\n<meta name=\"twitter:label1\" content=\"Tempo di lettura stimato\" \/>\n\t<meta name=\"twitter:data1\" content=\"1 minuto\" \/>\n<script type=\"application\/ld+json\" class=\"yoast-schema-graph\">{\"@context\":\"https:\\\/\\\/schema.org\",\"@graph\":[{\"@type\":\"WebPage\",\"@id\":\"https:\\\/\\\/buddhaseedbank.com\\\/it\\\/producto\\\/buddha-quasar-2\\\/\",\"url\":\"https:\\\/\\\/buddhaseedbank.com\\\/it\\\/producto\\\/buddha-quasar-2\\\/\",\"name\":\"Buddha Quasar \u2022 Buddha Seeds\",\"isPartOf\":{\"@id\":\"https:\\\/\\\/buddhaseedbank.com\\\/it\\\/#website\"},\"primaryImageOfPage\":{\"@id\":\"https:\\\/\\\/buddhaseedbank.com\\\/it\\\/producto\\\/buddha-quasar-2\\\/#primaryimage\"},\"image\":{\"@id\":\"https:\\\/\\\/buddhaseedbank.com\\\/it\\\/producto\\\/buddha-quasar-2\\\/#primaryimage\"},\"thumbnailUrl\":\"https:\\\/\\\/buddhaseedbank.com\\\/wp-content\\\/uploads\\\/2020\\\/11\\\/Quasar_Buddhaseeds_01.jpg\",\"datePublished\":\"2020-11-30T16:38:13+00:00\",\"dateModified\":\"2026-03-31T10:35:04+00:00\",\"breadcrumb\":{\"@id\":\"https:\\\/\\\/buddhaseedbank.com\\\/it\\\/producto\\\/buddha-quasar-2\\\/#breadcrumb\"},\"inLanguage\":\"it-IT\",\"potentialAction\":[{\"@type\":\"ReadAction\",\"target\":[\"https:\\\/\\\/buddhaseedbank.com\\\/it\\\/producto\\\/buddha-quasar-2\\\/\"]}]},{\"@type\":\"ImageObject\",\"inLanguage\":\"it-IT\",\"@id\":\"https:\\\/\\\/buddhaseedbank.com\\\/it\\\/producto\\\/buddha-quasar-2\\\/#primaryimage\",\"url\":\"https:\\\/\\\/buddhaseedbank.com\\\/wp-content\\\/uploads\\\/2020\\\/11\\\/Quasar_Buddhaseeds_01.jpg\",\"contentUrl\":\"https:\\\/\\\/buddhaseedbank.com\\\/wp-content\\\/uploads\\\/2020\\\/11\\\/Quasar_Buddhaseeds_01.jpg\",\"width\":900,\"height\":900,\"caption\":\"Quasar_Buddhaseeds\"},{\"@type\":\"BreadcrumbList\",\"@id\":\"https:\\\/\\\/buddhaseedbank.com\\\/it\\\/producto\\\/buddha-quasar-2\\\/#breadcrumb\",\"itemListElement\":[{\"@type\":\"ListItem\",\"position\":1,\"name\":\"Portada\",\"item\":\"https:\\\/\\\/buddhaseedbank.com\\\/it\\\/\"},{\"@type\":\"ListItem\",\"position\":2,\"name\":\"Shop\",\"item\":\"https:\\\/\\\/buddhaseedbank.com\\\/it\\\/shop\\\/\"},{\"@type\":\"ListItem\",\"position\":3,\"name\":\"Buddha Quasar\"}]},{\"@type\":\"WebSite\",\"@id\":\"https:\\\/\\\/buddhaseedbank.com\\\/it\\\/#website\",\"url\":\"https:\\\/\\\/buddhaseedbank.com\\\/it\\\/\",\"name\":\"Buddha Seeds\",\"description\":\"\",\"publisher\":{\"@id\":\"https:\\\/\\\/buddhaseedbank.com\\\/it\\\/#organization\"},\"potentialAction\":[{\"@type\":\"SearchAction\",\"target\":{\"@type\":\"EntryPoint\",\"urlTemplate\":\"https:\\\/\\\/buddhaseedbank.com\\\/it\\\/?s={search_term_string}\"},\"query-input\":{\"@type\":\"PropertyValueSpecification\",\"valueRequired\":true,\"valueName\":\"search_term_string\"}}],\"inLanguage\":\"it-IT\"},{\"@type\":\"Organization\",\"@id\":\"https:\\\/\\\/buddhaseedbank.com\\\/it\\\/#organization\",\"name\":\"Buddha Seeds\",\"url\":\"https:\\\/\\\/buddhaseedbank.com\\\/it\\\/\",\"logo\":{\"@type\":\"ImageObject\",\"inLanguage\":\"it-IT\",\"@id\":\"https:\\\/\\\/buddhaseedbank.com\\\/it\\\/#\\\/schema\\\/logo\\\/image\\\/\",\"url\":\"https:\\\/\\\/buddhaseedbank.com\\\/wp-content\\\/uploads\\\/2024\\\/04\\\/buddha-seeds-logo-1622448424-1.png\",\"contentUrl\":\"https:\\\/\\\/buddhaseedbank.com\\\/wp-content\\\/uploads\\\/2024\\\/04\\\/buddha-seeds-logo-1622448424-1.png\",\"width\":478,\"height\":200,\"caption\":\"Buddha Seeds\"},\"image\":{\"@id\":\"https:\\\/\\\/buddhaseedbank.com\\\/it\\\/#\\\/schema\\\/logo\\\/image\\\/\"}}]}<\/script>\n<!-- \/ Yoast SEO plugin. -->","yoast_head_json":{"title":"Buddha Quasar \u2022 Buddha Seeds","robots":{"index":"index","follow":"follow","max-snippet":"max-snippet:-1","max-image-preview":"max-image-preview:large","max-video-preview":"max-video-preview:-1"},"canonical":"https:\/\/buddhaseedbank.com\/it\/producto\/buddha-quasar-2\/","og_locale":"it_IT","og_type":"article","og_title":"Buddha Quasar \u2022 Buddha Seeds","og_description":"Perfetto equilibrio tra indica e sativa.","og_url":"https:\/\/buddhaseedbank.com\/it\/producto\/buddha-quasar-2\/","og_site_name":"Buddha Seeds","article_modified_time":"2026-03-31T10:35:04+00:00","og_image":[{"width":1080,"height":1080,"url":"https:\/\/buddhaseedbank.com\/wp-content\/uploads\/2020\/11\/166-Buddha-Quasar.jpg","type":"image\/jpeg"}],"twitter_card":"summary_large_image","twitter_misc":{"Tempo di lettura stimato":"1 minuto"},"schema":{"@context":"https:\/\/schema.org","@graph":[{"@type":"WebPage","@id":"https:\/\/buddhaseedbank.com\/it\/producto\/buddha-quasar-2\/","url":"https:\/\/buddhaseedbank.com\/it\/producto\/buddha-quasar-2\/","name":"Buddha Quasar \u2022 Buddha Seeds","isPartOf":{"@id":"https:\/\/buddhaseedbank.com\/it\/#website"},"primaryImageOfPage":{"@id":"https:\/\/buddhaseedbank.com\/it\/producto\/buddha-quasar-2\/#primaryimage"},"image":{"@id":"https:\/\/buddhaseedbank.com\/it\/producto\/buddha-quasar-2\/#primaryimage"},"thumbnailUrl":"https:\/\/buddhaseedbank.com\/wp-content\/uploads\/2020\/11\/Quasar_Buddhaseeds_01.jpg","datePublished":"2020-11-30T16:38:13+00:00","dateModified":"2026-03-31T10:35:04+00:00","breadcrumb":{"@id":"https:\/\/buddhaseedbank.com\/it\/producto\/buddha-quasar-2\/#breadcrumb"},"inLanguage":"it-IT","potentialAction":[{"@type":"ReadAction","target":["https:\/\/buddhaseedbank.com\/it\/producto\/buddha-quasar-2\/"]}]},{"@type":"ImageObject","inLanguage":"it-IT","@id":"https:\/\/buddhaseedbank.com\/it\/producto\/buddha-quasar-2\/#primaryimage","url":"https:\/\/buddhaseedbank.com\/wp-content\/uploads\/2020\/11\/Quasar_Buddhaseeds_01.jpg","contentUrl":"https:\/\/buddhaseedbank.com\/wp-content\/uploads\/2020\/11\/Quasar_Buddhaseeds_01.jpg","width":900,"height":900,"caption":"Quasar_Buddhaseeds"},{"@type":"BreadcrumbList","@id":"https:\/\/buddhaseedbank.com\/it\/producto\/buddha-quasar-2\/#breadcrumb","itemListElement":[{"@type":"ListItem","position":1,"name":"Portada","item":"https:\/\/buddhaseedbank.com\/it\/"},{"@type":"ListItem","position":2,"name":"Shop","item":"https:\/\/buddhaseedbank.com\/it\/shop\/"},{"@type":"ListItem","position":3,"name":"Buddha Quasar"}]},{"@type":"WebSite","@id":"https:\/\/buddhaseedbank.com\/it\/#website","url":"https:\/\/buddhaseedbank.com\/it\/","name":"Buddha Seeds","description":"","publisher":{"@id":"https:\/\/buddhaseedbank.com\/it\/#organization"},"potentialAction":[{"@type":"SearchAction","target":{"@type":"EntryPoint","urlTemplate":"https:\/\/buddhaseedbank.com\/it\/?s={search_term_string}"},"query-input":{"@type":"PropertyValueSpecification","valueRequired":true,"valueName":"search_term_string"}}],"inLanguage":"it-IT"},{"@type":"Organization","@id":"https:\/\/buddhaseedbank.com\/it\/#organization","name":"Buddha Seeds","url":"https:\/\/buddhaseedbank.com\/it\/","logo":{"@type":"ImageObject","inLanguage":"it-IT","@id":"https:\/\/buddhaseedbank.com\/it\/#\/schema\/logo\/image\/","url":"https:\/\/buddhaseedbank.com\/wp-content\/uploads\/2024\/04\/buddha-seeds-logo-1622448424-1.png","contentUrl":"https:\/\/buddhaseedbank.com\/wp-content\/uploads\/2024\/04\/buddha-seeds-logo-1622448424-1.png","width":478,"height":200,"caption":"Buddha Seeds"},"image":{"@id":"https:\/\/buddhaseedbank.com\/it\/#\/schema\/logo\/image\/"}}]}},"_links":{"self":[{"href":"https:\/\/buddhaseedbank.com\/it\/wp-json\/wp\/v2\/product\/3739","targetHints":{"allow":["GET"]}}],"collection":[{"href":"https:\/\/buddhaseedbank.com\/it\/wp-json\/wp\/v2\/product"}],"about":[{"href":"https:\/\/buddhaseedbank.com\/it\/wp-json\/wp\/v2\/types\/product"}],"wp:featuredmedia":[{"embeddable":true,"href":"https:\/\/buddhaseedbank.com\/it\/wp-json\/wp\/v2\/media\/8489"}],"wp:attachment":[{"href":"https:\/\/buddhaseedbank.com\/it\/wp-json\/wp\/v2\/media?parent=3739"}],"wp:term":[{"taxonomy":"product_brand","embeddable":true,"href":"https:\/\/buddhaseedbank.com\/it\/wp-json\/wp\/v2\/product_brand?post=3739"},{"taxonomy":"product_cat","embeddable":true,"href":"https:\/\/buddhaseedbank.com\/it\/wp-json\/wp\/v2\/product_cat?post=3739"},{"taxonomy":"product_tag","embeddable":true,"href":"https:\/\/buddhaseedbank.com\/it\/wp-json\/wp\/v2\/product_tag?post=3739"}],"curies":[{"name":"wp","href":"https:\/\/api.w.org\/{rel}","templated":true}]}}