{"id":3779,"date":"2020-12-01T10:14:30","date_gmt":"2020-12-01T09:14:30","guid":{"rendered":"https:\/\/buddhaseedbank.com\/producto\/buddha-magnum-auto\/"},"modified":"2026-04-14T16:35:14","modified_gmt":"2026-04-14T14:35:14","slug":"buddha-magnum-auto","status":"publish","type":"product","link":"https:\/\/buddhaseedbank.com\/it\/producto\/buddha-magnum-auto\/","title":{"rendered":"Magnum Auto"},"content":{"rendered":"<h2>Magnum auto, la produttiva variet\u00e0 autofiorente di Buddha Seeds<\/h2>\n<p>Magnum autofiorente di Buddha Seeds \u00e8 uno dei <a href=\"\/?product_tag=autofiorente-produttiva\" target=\"_blank\" rel=\"noopener nofollow\">semi di cannabis autofiorenti<\/a> pi\u00f9 eccezionali sul mercato automatico. Magnum autofiorente \u00e8 un ibrido a tre vie, risultato dell&#8217;incrocio di ceppi autofiorenti con una crescita veloce, vigorosa e multiramo. Nella fase di fioritura, questa variet\u00e0 esplode con cime dense e ricoperte di resina, rendendola una delle scelte migliori per chi cerca produttivit\u00e0 e qualit\u00e0.<\/p>\n<p>Il ciclo di crescita completo della Magnum autofiorente dura circa 85 giorni. All&#8217;interno pu\u00f2 produrre tra i 550 e i 600 grammi per metro quadro, mentre all&#8217;esterno ogni pianta pu\u00f2 produrre tra i 100 e i 250 grammi, a seconda delle condizioni di coltivazione. La Magnum auto si distingue tra i semi di marijuana autofiorenti produttivi per le sue grandi dimensioni, che possono rappresentare una sfida in ambienti chiusi. Per questo motivo, si sconsiglia di coltivarla in vasi grandi al chiuso, perch\u00e9 pu\u00f2 raggiungere dimensioni considerevoli. Per coloro che desiderano controllarla meglio in spazi ridotti, \u00e8 preferibile utilizzare piccoli contenitori o trapianti tardivi, aiutando cos\u00ec a gestire la sua altezza e il suo vigore.<\/p>\n<p>All&#8217;aperto, la Magnum autofiorente d\u00e0 il meglio di s\u00e9. Quando viene piantata direttamente nel terreno o in un grande vaso, questo produttivo seme di marijuana autofiorente mostra il suo vero potenziale, crescendo in modo impressionante e diventando un vero mostro che pu\u00f2 far dubitare qualsiasi coltivatore che si tratti davvero di una variet\u00e0 automatica.<\/p>\n<p>Magnum offre un profilo aromatico e gustativo fresco e speziato, che \u00e8 parte del suo fascino. Inoltre, la sua potenza non delude, fornendo un effetto cerebrale esplosivo che si intensifica nel tempo, culminando in uno sballo incontrollabile. \u00c8 una scelta perfetta per chi cerca semi di cannabis autofiorenti produttivi con rese eccezionali sia in termini di quantit\u00e0 che di qualit\u00e0.<\/p>\n<p>&nbsp;<\/p>\n<p><a class=\"btn btn-default\" style=\"background-color: #ff0000; color: #ffffff;\" href=\"https:\/\/www.youtube.com\/watch?v=pu_yyVFMPGs\" target=\"_blank\" rel=\"noreferrer noopener nofollow\">YouTube \u25ba<\/a><\/p>\n","protected":false},"excerpt":{"rendered":"<p>Magnum auto di Buddha Seeds \u00e8 uno dei semi di cannabis autofiorenti pi\u00f9 produttivi sul mercato, grazie alle sue grandi dimensioni.<\/p>\n<p>Durante la fase di fioritura, questa variet\u00e0 di marijuana esplode con cime dense e ricoperte di resina, il che la rende una delle migliori opzioni per chi cerca produttivit\u00e0 e qualit\u00e0.<\/p>\n<p>Il ciclo di crescita completo della Magnum auto dura circa 85 giorni. All&#8217;interno pu\u00f2 produrre tra i 550 e i 600 grammi per metro quadro, mentre all&#8217;esterno ogni pianta pu\u00f2 produrre tra i 100 e i 250 grammi, a seconda delle condizioni di coltivazione.<\/p>\n","protected":false},"featured_media":13859,"template":"","meta":{"_joinchat":[]},"product_brand":[],"product_cat":[635,110],"product_tag":[1437,1734,1150],"class_list":{"0":"post-3779","1":"product","2":"type-product","3":"status-publish","4":"has-post-thumbnail","6":"product_cat-original-buddha-seeds-it","7":"product_cat-varieta-buddha-seeds","8":"product_tag-piante-autofiorenti-produttive","9":"product_tag-piu-venduti","10":"product_tag-semi-autofiorenti","11":"pa_8d-tiempodecultivocrecimient-85dias-it","12":"pa_efecto-bc-efectopotenteyderisaincon-it","13":"pa_fa-produccionenexteriorporpl-100_250gr-it","14":"pa_genetica-64-hibridoconpredominanciasa-it","15":"pa_produccionm-550_600gr-it","16":"pa_semillas-10unidades-it","17":"pa_semillas-3unidades-it","18":"pa_semillas-50unidades-it","19":"pa_sexo-feminizada-it","20":"pa_tipo-autofiorenti-it","22":"first","23":"instock","24":"featured","25":"taxable","26":"shipping-taxable","27":"purchasable","28":"product-type-variable","29":"has-default-attributes"},"yoast_head":"<!-- This site is optimized with the Yoast SEO plugin v27.3 - https:\/\/yoast.com\/product\/yoast-seo-wordpress\/ -->\n<title>Magnum autofiorente \u2022 autofiorente produttiva<\/title>\n<meta name=\"description\" content=\"La Magnum autofiorente da Buddha Seeds \u00e8 uno dei semi di cannabis pi\u00f9 produttivi sul mercato grazie alle sue grandi dimensioni.\" \/>\n<meta name=\"robots\" content=\"index, follow, max-snippet:-1, max-image-preview:large, max-video-preview:-1\" \/>\n<link rel=\"canonical\" href=\"https:\/\/buddhaseedbank.com\/it\/producto\/buddha-magnum-auto\/\" \/>\n<meta property=\"og:locale\" content=\"it_IT\" \/>\n<meta property=\"og:type\" content=\"article\" \/>\n<meta property=\"og:title\" content=\"Magnum autofiorente \u2022 autofiorente produttiva\" \/>\n<meta property=\"og:description\" content=\"La Magnum autofiorente da Buddha Seeds \u00e8 uno dei semi di cannabis pi\u00f9 produttivi sul mercato grazie alle sue grandi dimensioni.\" \/>\n<meta property=\"og:url\" content=\"https:\/\/buddhaseedbank.com\/it\/producto\/buddha-magnum-auto\/\" \/>\n<meta property=\"og:site_name\" content=\"Buddha Seeds\" \/>\n<meta property=\"article:modified_time\" content=\"2026-04-14T14:35:14+00:00\" \/>\n<meta property=\"og:image\" content=\"https:\/\/buddhaseedbank.com\/wp-content\/uploads\/2020\/12\/magnum_autofloreciente_BuddhaSeeds.jpg\" \/>\n\t<meta property=\"og:image:width\" content=\"1017\" \/>\n\t<meta property=\"og:image:height\" content=\"1241\" \/>\n\t<meta property=\"og:image:type\" content=\"image\/jpeg\" \/>\n<meta name=\"twitter:card\" content=\"summary_large_image\" \/>\n<meta name=\"twitter:label1\" content=\"Tempo di lettura stimato\" \/>\n\t<meta name=\"twitter:data1\" content=\"2 minuti\" \/>\n<script type=\"application\/ld+json\" class=\"yoast-schema-graph\">{\"@context\":\"https:\\\/\\\/schema.org\",\"@graph\":[{\"@type\":\"WebPage\",\"@id\":\"https:\\\/\\\/buddhaseedbank.com\\\/it\\\/producto\\\/buddha-magnum-auto\\\/\",\"url\":\"https:\\\/\\\/buddhaseedbank.com\\\/it\\\/producto\\\/buddha-magnum-auto\\\/\",\"name\":\"Magnum autofiorente \u2022 autofiorente produttiva\",\"isPartOf\":{\"@id\":\"https:\\\/\\\/buddhaseedbank.com\\\/it\\\/#website\"},\"primaryImageOfPage\":{\"@id\":\"https:\\\/\\\/buddhaseedbank.com\\\/it\\\/producto\\\/buddha-magnum-auto\\\/#primaryimage\"},\"image\":{\"@id\":\"https:\\\/\\\/buddhaseedbank.com\\\/it\\\/producto\\\/buddha-magnum-auto\\\/#primaryimage\"},\"thumbnailUrl\":\"https:\\\/\\\/buddhaseedbank.com\\\/wp-content\\\/uploads\\\/2020\\\/12\\\/Magnum_Buddha-Seeds.jpg\",\"datePublished\":\"2020-12-01T09:14:30+00:00\",\"dateModified\":\"2026-04-14T14:35:14+00:00\",\"description\":\"La Magnum autofiorente da Buddha Seeds \u00e8 uno dei semi di cannabis pi\u00f9 produttivi sul mercato grazie alle sue grandi dimensioni.\",\"breadcrumb\":{\"@id\":\"https:\\\/\\\/buddhaseedbank.com\\\/it\\\/producto\\\/buddha-magnum-auto\\\/#breadcrumb\"},\"inLanguage\":\"it-IT\",\"potentialAction\":[{\"@type\":\"ReadAction\",\"target\":[\"https:\\\/\\\/buddhaseedbank.com\\\/it\\\/producto\\\/buddha-magnum-auto\\\/\"]}]},{\"@type\":\"ImageObject\",\"inLanguage\":\"it-IT\",\"@id\":\"https:\\\/\\\/buddhaseedbank.com\\\/it\\\/producto\\\/buddha-magnum-auto\\\/#primaryimage\",\"url\":\"https:\\\/\\\/buddhaseedbank.com\\\/wp-content\\\/uploads\\\/2020\\\/12\\\/Magnum_Buddha-Seeds.jpg\",\"contentUrl\":\"https:\\\/\\\/buddhaseedbank.com\\\/wp-content\\\/uploads\\\/2020\\\/12\\\/Magnum_Buddha-Seeds.jpg\",\"width\":1440,\"height\":1920,\"caption\":\"Magnum automatica Buddha Seeds\"},{\"@type\":\"BreadcrumbList\",\"@id\":\"https:\\\/\\\/buddhaseedbank.com\\\/it\\\/producto\\\/buddha-magnum-auto\\\/#breadcrumb\",\"itemListElement\":[{\"@type\":\"ListItem\",\"position\":1,\"name\":\"Portada\",\"item\":\"https:\\\/\\\/buddhaseedbank.com\\\/it\\\/\"},{\"@type\":\"ListItem\",\"position\":2,\"name\":\"Shop\",\"item\":\"https:\\\/\\\/buddhaseedbank.com\\\/it\\\/shop\\\/\"},{\"@type\":\"ListItem\",\"position\":3,\"name\":\"Magnum Auto\"}]},{\"@type\":\"WebSite\",\"@id\":\"https:\\\/\\\/buddhaseedbank.com\\\/it\\\/#website\",\"url\":\"https:\\\/\\\/buddhaseedbank.com\\\/it\\\/\",\"name\":\"Buddha Seeds\",\"description\":\"\",\"publisher\":{\"@id\":\"https:\\\/\\\/buddhaseedbank.com\\\/it\\\/#organization\"},\"potentialAction\":[{\"@type\":\"SearchAction\",\"target\":{\"@type\":\"EntryPoint\",\"urlTemplate\":\"https:\\\/\\\/buddhaseedbank.com\\\/it\\\/?s={search_term_string}\"},\"query-input\":{\"@type\":\"PropertyValueSpecification\",\"valueRequired\":true,\"valueName\":\"search_term_string\"}}],\"inLanguage\":\"it-IT\"},{\"@type\":\"Organization\",\"@id\":\"https:\\\/\\\/buddhaseedbank.com\\\/it\\\/#organization\",\"name\":\"Buddha Seeds\",\"url\":\"https:\\\/\\\/buddhaseedbank.com\\\/it\\\/\",\"logo\":{\"@type\":\"ImageObject\",\"inLanguage\":\"it-IT\",\"@id\":\"https:\\\/\\\/buddhaseedbank.com\\\/it\\\/#\\\/schema\\\/logo\\\/image\\\/\",\"url\":\"https:\\\/\\\/buddhaseedbank.com\\\/wp-content\\\/uploads\\\/2024\\\/04\\\/buddha-seeds-logo-1622448424-1.png\",\"contentUrl\":\"https:\\\/\\\/buddhaseedbank.com\\\/wp-content\\\/uploads\\\/2024\\\/04\\\/buddha-seeds-logo-1622448424-1.png\",\"width\":478,\"height\":200,\"caption\":\"Buddha Seeds\"},\"image\":{\"@id\":\"https:\\\/\\\/buddhaseedbank.com\\\/it\\\/#\\\/schema\\\/logo\\\/image\\\/\"}}]}<\/script>\n<!-- \/ Yoast SEO plugin. -->","yoast_head_json":{"title":"Magnum autofiorente \u2022 autofiorente produttiva","description":"La Magnum autofiorente da Buddha Seeds \u00e8 uno dei semi di cannabis pi\u00f9 produttivi sul mercato grazie alle sue grandi dimensioni.","robots":{"index":"index","follow":"follow","max-snippet":"max-snippet:-1","max-image-preview":"max-image-preview:large","max-video-preview":"max-video-preview:-1"},"canonical":"https:\/\/buddhaseedbank.com\/it\/producto\/buddha-magnum-auto\/","og_locale":"it_IT","og_type":"article","og_title":"Magnum autofiorente \u2022 autofiorente produttiva","og_description":"La Magnum autofiorente da Buddha Seeds \u00e8 uno dei semi di cannabis pi\u00f9 produttivi sul mercato grazie alle sue grandi dimensioni.","og_url":"https:\/\/buddhaseedbank.com\/it\/producto\/buddha-magnum-auto\/","og_site_name":"Buddha Seeds","article_modified_time":"2026-04-14T14:35:14+00:00","og_image":[{"width":1017,"height":1241,"url":"https:\/\/buddhaseedbank.com\/wp-content\/uploads\/2020\/12\/magnum_autofloreciente_BuddhaSeeds.jpg","type":"image\/jpeg"}],"twitter_card":"summary_large_image","twitter_misc":{"Tempo di lettura stimato":"2 minuti"},"schema":{"@context":"https:\/\/schema.org","@graph":[{"@type":"WebPage","@id":"https:\/\/buddhaseedbank.com\/it\/producto\/buddha-magnum-auto\/","url":"https:\/\/buddhaseedbank.com\/it\/producto\/buddha-magnum-auto\/","name":"Magnum autofiorente \u2022 autofiorente produttiva","isPartOf":{"@id":"https:\/\/buddhaseedbank.com\/it\/#website"},"primaryImageOfPage":{"@id":"https:\/\/buddhaseedbank.com\/it\/producto\/buddha-magnum-auto\/#primaryimage"},"image":{"@id":"https:\/\/buddhaseedbank.com\/it\/producto\/buddha-magnum-auto\/#primaryimage"},"thumbnailUrl":"https:\/\/buddhaseedbank.com\/wp-content\/uploads\/2020\/12\/Magnum_Buddha-Seeds.jpg","datePublished":"2020-12-01T09:14:30+00:00","dateModified":"2026-04-14T14:35:14+00:00","description":"La Magnum autofiorente da Buddha Seeds \u00e8 uno dei semi di cannabis pi\u00f9 produttivi sul mercato grazie alle sue grandi dimensioni.","breadcrumb":{"@id":"https:\/\/buddhaseedbank.com\/it\/producto\/buddha-magnum-auto\/#breadcrumb"},"inLanguage":"it-IT","potentialAction":[{"@type":"ReadAction","target":["https:\/\/buddhaseedbank.com\/it\/producto\/buddha-magnum-auto\/"]}]},{"@type":"ImageObject","inLanguage":"it-IT","@id":"https:\/\/buddhaseedbank.com\/it\/producto\/buddha-magnum-auto\/#primaryimage","url":"https:\/\/buddhaseedbank.com\/wp-content\/uploads\/2020\/12\/Magnum_Buddha-Seeds.jpg","contentUrl":"https:\/\/buddhaseedbank.com\/wp-content\/uploads\/2020\/12\/Magnum_Buddha-Seeds.jpg","width":1440,"height":1920,"caption":"Magnum automatica Buddha Seeds"},{"@type":"BreadcrumbList","@id":"https:\/\/buddhaseedbank.com\/it\/producto\/buddha-magnum-auto\/#breadcrumb","itemListElement":[{"@type":"ListItem","position":1,"name":"Portada","item":"https:\/\/buddhaseedbank.com\/it\/"},{"@type":"ListItem","position":2,"name":"Shop","item":"https:\/\/buddhaseedbank.com\/it\/shop\/"},{"@type":"ListItem","position":3,"name":"Magnum Auto"}]},{"@type":"WebSite","@id":"https:\/\/buddhaseedbank.com\/it\/#website","url":"https:\/\/buddhaseedbank.com\/it\/","name":"Buddha Seeds","description":"","publisher":{"@id":"https:\/\/buddhaseedbank.com\/it\/#organization"},"potentialAction":[{"@type":"SearchAction","target":{"@type":"EntryPoint","urlTemplate":"https:\/\/buddhaseedbank.com\/it\/?s={search_term_string}"},"query-input":{"@type":"PropertyValueSpecification","valueRequired":true,"valueName":"search_term_string"}}],"inLanguage":"it-IT"},{"@type":"Organization","@id":"https:\/\/buddhaseedbank.com\/it\/#organization","name":"Buddha Seeds","url":"https:\/\/buddhaseedbank.com\/it\/","logo":{"@type":"ImageObject","inLanguage":"it-IT","@id":"https:\/\/buddhaseedbank.com\/it\/#\/schema\/logo\/image\/","url":"https:\/\/buddhaseedbank.com\/wp-content\/uploads\/2024\/04\/buddha-seeds-logo-1622448424-1.png","contentUrl":"https:\/\/buddhaseedbank.com\/wp-content\/uploads\/2024\/04\/buddha-seeds-logo-1622448424-1.png","width":478,"height":200,"caption":"Buddha Seeds"},"image":{"@id":"https:\/\/buddhaseedbank.com\/it\/#\/schema\/logo\/image\/"}}]}},"_links":{"self":[{"href":"https:\/\/buddhaseedbank.com\/it\/wp-json\/wp\/v2\/product\/3779","targetHints":{"allow":["GET"]}}],"collection":[{"href":"https:\/\/buddhaseedbank.com\/it\/wp-json\/wp\/v2\/product"}],"about":[{"href":"https:\/\/buddhaseedbank.com\/it\/wp-json\/wp\/v2\/types\/product"}],"wp:featuredmedia":[{"embeddable":true,"href":"https:\/\/buddhaseedbank.com\/it\/wp-json\/wp\/v2\/media\/13859"}],"wp:attachment":[{"href":"https:\/\/buddhaseedbank.com\/it\/wp-json\/wp\/v2\/media?parent=3779"}],"wp:term":[{"taxonomy":"product_brand","embeddable":true,"href":"https:\/\/buddhaseedbank.com\/it\/wp-json\/wp\/v2\/product_brand?post=3779"},{"taxonomy":"product_cat","embeddable":true,"href":"https:\/\/buddhaseedbank.com\/it\/wp-json\/wp\/v2\/product_cat?post=3779"},{"taxonomy":"product_tag","embeddable":true,"href":"https:\/\/buddhaseedbank.com\/it\/wp-json\/wp\/v2\/product_tag?post=3779"}],"curies":[{"name":"wp","href":"https:\/\/api.w.org\/{rel}","templated":true}]}}