{"id":4106,"date":"2020-12-01T12:32:51","date_gmt":"2020-12-01T11:32:51","guid":{"rendered":"https:\/\/buddhaseedbank.com\/producto\/buddha-purple-kush-2\/"},"modified":"2026-01-31T18:52:13","modified_gmt":"2026-01-31T17:52:13","slug":"buddha-purple-kush-2","status":"publish","type":"product","link":"https:\/\/buddhaseedbank.com\/it\/producto\/buddha-purple-kush-2\/","title":{"rendered":"Buddha Purple Kush"},"content":{"rendered":"<p style=\"text-align:justify;\">Un lavoro altamente dedicato che si \u00e8 concentrato sulla stabilizzazione delle massime qualit\u00e0 di ognuno dei suoi tre antenati, ottenendo un ibrido non autofiorente ad alta potenza indica.<\/p>\n<p style=\"text-align:justify;\">Con una crescita esplosiva, Purple Kush arriva alla fase di fioritura in soli 60 giorni. La tonalit\u00e0 viola intenso che acquista ognuno degli individui si distingue dalla prima settimana. Pu\u00f2 culminare, a seconda delle condizioni ambientali, con una vera e propria gamma cromatica di colori brillanti grazie alla sua abbondante resina. Ideale per realizzare i propri estratti (secco\/ghiaccio).<\/p>\n<p style=\"text-align:justify;\">Purple Kush \u00e8 resistente all&#8217;umidit\u00e0, perfetto per le regioni con tempi di crescita all&#8217;aperto pi\u00f9 brevi, questo strain \u00e8 ressistente ai parassiti e molto produttivo. In breve, semplice da curare con un elevato volume di produzione nel raccolto.<\/p>\n<p style=\"text-align:justify;\">L&#8217;effetto di Purple Kush \u00e8 piacevole, ideale per raggiungere il vostro tempo di relax dopo una giornata stressante. Induce l&#8217;appetito. Apprezzerete frutti di bosco con note terrose.<\/p>\n<p><a style=\"background-color:#ff0000;color:#ffffff;\" href=\"https:\/\/www.youtube.com\/watch?v=QfR20TQR9rI\" class=\"btn btn-default\" target=\"_blank\" rel=\"noreferrer noopener nofollow\">YouTube \u25ba<\/a><\/p>\n","protected":false},"excerpt":{"rendered":"<p style=\"text-align:justify;\">Purple Kush non autofiorente di Buddha Seeds \u00e8 il nostro tributo a quei bei momenti condivisi, la cui essenza \u00e8 tornata in questa versione attraente e modernizzata. Un flashback che vi riporter\u00e0 a quei meravigliosi anni &#8217;90.<\/p>\n","protected":false},"featured_media":8513,"template":"","meta":{"_joinchat":[]},"product_brand":[],"product_cat":[635,110],"product_tag":[1465,1429,1504,1402,1456,1500,1482],"class_list":{"0":"post-4106","1":"product","2":"type-product","3":"status-publish","4":"has-post-thumbnail","6":"product_cat-original-buddha-seeds-it","7":"product_cat-varieta-buddha-seeds","8":"product_tag-cannabis-aperto","9":"product_tag-cannabis-indica-it","10":"product_tag-cannabis-indoor","11":"product_tag-cannabis-per-rilassarsi","12":"product_tag-cannabis-resistente-parassiti","13":"product_tag-cannabis-viola","14":"product_tag-semi-fotodipendenti","15":"pa_color-purple-it","16":"pa_efecto-6d-relajante_placentero_indu-it","17":"pa_fa-produccionenexteriorporpl-900_1500gr-it","18":"pa_genetica-84-hibridoconpredominanciain-it","19":"pa_mesdecosecha-7e-principiosdeoctubrehemisf-it","20":"pa_produccionm-400_480gr-it","21":"pa_semillas-10unidades-it","22":"pa_semillas-3unidades-it","23":"pa_semillas-50unidades-it","24":"pa_sexo-feminizada-it","25":"pa_tiempodefloracion-60dias-it","26":"pa_tipo-fotodipendente-it","28":"first","29":"instock","30":"taxable","31":"shipping-taxable","32":"purchasable","33":"product-type-variable"},"yoast_head":"<!-- This site is optimized with the Yoast SEO plugin v27.3 - https:\/\/yoast.com\/product\/yoast-seo-wordpress\/ -->\n<title>Buddha Purple Kush \u2022 Buddha Seeds<\/title>\n<meta name=\"robots\" content=\"index, follow, max-snippet:-1, max-image-preview:large, max-video-preview:-1\" \/>\n<link rel=\"canonical\" href=\"https:\/\/buddhaseedbank.com\/it\/producto\/buddha-purple-kush-2\/\" \/>\n<meta property=\"og:locale\" content=\"it_IT\" \/>\n<meta property=\"og:type\" content=\"article\" \/>\n<meta property=\"og:title\" content=\"Buddha Purple Kush \u2022 Buddha Seeds\" \/>\n<meta property=\"og:description\" content=\"Purple Kush non autofiorente di Buddha Seeds \u00e8 il nostro tributo a quei bei momenti condivisi, la cui essenza \u00e8 tornata in questa versione attraente e modernizzata. Un flashback che vi riporter\u00e0 a quei meravigliosi anni &#039;90.\" \/>\n<meta property=\"og:url\" content=\"https:\/\/buddhaseedbank.com\/it\/producto\/buddha-purple-kush-2\/\" \/>\n<meta property=\"og:site_name\" content=\"Buddha Seeds\" \/>\n<meta property=\"article:modified_time\" content=\"2026-01-31T17:52:13+00:00\" \/>\n<meta property=\"og:image\" content=\"https:\/\/buddhaseedbank.com\/wp-content\/uploads\/2020\/12\/202-Buddha-Purple-Kush.jpg\" \/>\n\t<meta property=\"og:image:width\" content=\"1080\" \/>\n\t<meta property=\"og:image:height\" content=\"1080\" \/>\n\t<meta property=\"og:image:type\" content=\"image\/jpeg\" \/>\n<meta name=\"twitter:card\" content=\"summary_large_image\" \/>\n<meta name=\"twitter:label1\" content=\"Tempo di lettura stimato\" \/>\n\t<meta name=\"twitter:data1\" content=\"1 minuto\" \/>\n<script type=\"application\/ld+json\" class=\"yoast-schema-graph\">{\"@context\":\"https:\\\/\\\/schema.org\",\"@graph\":[{\"@type\":\"WebPage\",\"@id\":\"https:\\\/\\\/buddhaseedbank.com\\\/it\\\/producto\\\/buddha-purple-kush-2\\\/\",\"url\":\"https:\\\/\\\/buddhaseedbank.com\\\/it\\\/producto\\\/buddha-purple-kush-2\\\/\",\"name\":\"Buddha Purple Kush \u2022 Buddha Seeds\",\"isPartOf\":{\"@id\":\"https:\\\/\\\/buddhaseedbank.com\\\/it\\\/#website\"},\"primaryImageOfPage\":{\"@id\":\"https:\\\/\\\/buddhaseedbank.com\\\/it\\\/producto\\\/buddha-purple-kush-2\\\/#primaryimage\"},\"image\":{\"@id\":\"https:\\\/\\\/buddhaseedbank.com\\\/it\\\/producto\\\/buddha-purple-kush-2\\\/#primaryimage\"},\"thumbnailUrl\":\"https:\\\/\\\/buddhaseedbank.com\\\/wp-content\\\/uploads\\\/2020\\\/12\\\/Purple_Buddhaseeds_01.jpg\",\"datePublished\":\"2020-12-01T11:32:51+00:00\",\"dateModified\":\"2026-01-31T17:52:13+00:00\",\"breadcrumb\":{\"@id\":\"https:\\\/\\\/buddhaseedbank.com\\\/it\\\/producto\\\/buddha-purple-kush-2\\\/#breadcrumb\"},\"inLanguage\":\"it-IT\",\"potentialAction\":[{\"@type\":\"ReadAction\",\"target\":[\"https:\\\/\\\/buddhaseedbank.com\\\/it\\\/producto\\\/buddha-purple-kush-2\\\/\"]}]},{\"@type\":\"ImageObject\",\"inLanguage\":\"it-IT\",\"@id\":\"https:\\\/\\\/buddhaseedbank.com\\\/it\\\/producto\\\/buddha-purple-kush-2\\\/#primaryimage\",\"url\":\"https:\\\/\\\/buddhaseedbank.com\\\/wp-content\\\/uploads\\\/2020\\\/12\\\/Purple_Buddhaseeds_01.jpg\",\"contentUrl\":\"https:\\\/\\\/buddhaseedbank.com\\\/wp-content\\\/uploads\\\/2020\\\/12\\\/Purple_Buddhaseeds_01.jpg\",\"width\":900,\"height\":900,\"caption\":\"Purple Kush Buddha Seeds\"},{\"@type\":\"BreadcrumbList\",\"@id\":\"https:\\\/\\\/buddhaseedbank.com\\\/it\\\/producto\\\/buddha-purple-kush-2\\\/#breadcrumb\",\"itemListElement\":[{\"@type\":\"ListItem\",\"position\":1,\"name\":\"Portada\",\"item\":\"https:\\\/\\\/buddhaseedbank.com\\\/it\\\/\"},{\"@type\":\"ListItem\",\"position\":2,\"name\":\"Shop\",\"item\":\"https:\\\/\\\/buddhaseedbank.com\\\/it\\\/shop\\\/\"},{\"@type\":\"ListItem\",\"position\":3,\"name\":\"Buddha Purple Kush\"}]},{\"@type\":\"WebSite\",\"@id\":\"https:\\\/\\\/buddhaseedbank.com\\\/it\\\/#website\",\"url\":\"https:\\\/\\\/buddhaseedbank.com\\\/it\\\/\",\"name\":\"Buddha Seeds\",\"description\":\"\",\"publisher\":{\"@id\":\"https:\\\/\\\/buddhaseedbank.com\\\/it\\\/#organization\"},\"potentialAction\":[{\"@type\":\"SearchAction\",\"target\":{\"@type\":\"EntryPoint\",\"urlTemplate\":\"https:\\\/\\\/buddhaseedbank.com\\\/it\\\/?s={search_term_string}\"},\"query-input\":{\"@type\":\"PropertyValueSpecification\",\"valueRequired\":true,\"valueName\":\"search_term_string\"}}],\"inLanguage\":\"it-IT\"},{\"@type\":\"Organization\",\"@id\":\"https:\\\/\\\/buddhaseedbank.com\\\/it\\\/#organization\",\"name\":\"Buddha Seeds\",\"url\":\"https:\\\/\\\/buddhaseedbank.com\\\/it\\\/\",\"logo\":{\"@type\":\"ImageObject\",\"inLanguage\":\"it-IT\",\"@id\":\"https:\\\/\\\/buddhaseedbank.com\\\/it\\\/#\\\/schema\\\/logo\\\/image\\\/\",\"url\":\"https:\\\/\\\/buddhaseedbank.com\\\/wp-content\\\/uploads\\\/2024\\\/04\\\/buddha-seeds-logo-1622448424-1.png\",\"contentUrl\":\"https:\\\/\\\/buddhaseedbank.com\\\/wp-content\\\/uploads\\\/2024\\\/04\\\/buddha-seeds-logo-1622448424-1.png\",\"width\":478,\"height\":200,\"caption\":\"Buddha Seeds\"},\"image\":{\"@id\":\"https:\\\/\\\/buddhaseedbank.com\\\/it\\\/#\\\/schema\\\/logo\\\/image\\\/\"}}]}<\/script>\n<!-- \/ Yoast SEO plugin. -->","yoast_head_json":{"title":"Buddha Purple Kush \u2022 Buddha Seeds","robots":{"index":"index","follow":"follow","max-snippet":"max-snippet:-1","max-image-preview":"max-image-preview:large","max-video-preview":"max-video-preview:-1"},"canonical":"https:\/\/buddhaseedbank.com\/it\/producto\/buddha-purple-kush-2\/","og_locale":"it_IT","og_type":"article","og_title":"Buddha Purple Kush \u2022 Buddha Seeds","og_description":"Purple Kush non autofiorente di Buddha Seeds \u00e8 il nostro tributo a quei bei momenti condivisi, la cui essenza \u00e8 tornata in questa versione attraente e modernizzata. Un flashback che vi riporter\u00e0 a quei meravigliosi anni '90.","og_url":"https:\/\/buddhaseedbank.com\/it\/producto\/buddha-purple-kush-2\/","og_site_name":"Buddha Seeds","article_modified_time":"2026-01-31T17:52:13+00:00","og_image":[{"width":1080,"height":1080,"url":"https:\/\/buddhaseedbank.com\/wp-content\/uploads\/2020\/12\/202-Buddha-Purple-Kush.jpg","type":"image\/jpeg"}],"twitter_card":"summary_large_image","twitter_misc":{"Tempo di lettura stimato":"1 minuto"},"schema":{"@context":"https:\/\/schema.org","@graph":[{"@type":"WebPage","@id":"https:\/\/buddhaseedbank.com\/it\/producto\/buddha-purple-kush-2\/","url":"https:\/\/buddhaseedbank.com\/it\/producto\/buddha-purple-kush-2\/","name":"Buddha Purple Kush \u2022 Buddha Seeds","isPartOf":{"@id":"https:\/\/buddhaseedbank.com\/it\/#website"},"primaryImageOfPage":{"@id":"https:\/\/buddhaseedbank.com\/it\/producto\/buddha-purple-kush-2\/#primaryimage"},"image":{"@id":"https:\/\/buddhaseedbank.com\/it\/producto\/buddha-purple-kush-2\/#primaryimage"},"thumbnailUrl":"https:\/\/buddhaseedbank.com\/wp-content\/uploads\/2020\/12\/Purple_Buddhaseeds_01.jpg","datePublished":"2020-12-01T11:32:51+00:00","dateModified":"2026-01-31T17:52:13+00:00","breadcrumb":{"@id":"https:\/\/buddhaseedbank.com\/it\/producto\/buddha-purple-kush-2\/#breadcrumb"},"inLanguage":"it-IT","potentialAction":[{"@type":"ReadAction","target":["https:\/\/buddhaseedbank.com\/it\/producto\/buddha-purple-kush-2\/"]}]},{"@type":"ImageObject","inLanguage":"it-IT","@id":"https:\/\/buddhaseedbank.com\/it\/producto\/buddha-purple-kush-2\/#primaryimage","url":"https:\/\/buddhaseedbank.com\/wp-content\/uploads\/2020\/12\/Purple_Buddhaseeds_01.jpg","contentUrl":"https:\/\/buddhaseedbank.com\/wp-content\/uploads\/2020\/12\/Purple_Buddhaseeds_01.jpg","width":900,"height":900,"caption":"Purple Kush Buddha Seeds"},{"@type":"BreadcrumbList","@id":"https:\/\/buddhaseedbank.com\/it\/producto\/buddha-purple-kush-2\/#breadcrumb","itemListElement":[{"@type":"ListItem","position":1,"name":"Portada","item":"https:\/\/buddhaseedbank.com\/it\/"},{"@type":"ListItem","position":2,"name":"Shop","item":"https:\/\/buddhaseedbank.com\/it\/shop\/"},{"@type":"ListItem","position":3,"name":"Buddha Purple Kush"}]},{"@type":"WebSite","@id":"https:\/\/buddhaseedbank.com\/it\/#website","url":"https:\/\/buddhaseedbank.com\/it\/","name":"Buddha Seeds","description":"","publisher":{"@id":"https:\/\/buddhaseedbank.com\/it\/#organization"},"potentialAction":[{"@type":"SearchAction","target":{"@type":"EntryPoint","urlTemplate":"https:\/\/buddhaseedbank.com\/it\/?s={search_term_string}"},"query-input":{"@type":"PropertyValueSpecification","valueRequired":true,"valueName":"search_term_string"}}],"inLanguage":"it-IT"},{"@type":"Organization","@id":"https:\/\/buddhaseedbank.com\/it\/#organization","name":"Buddha Seeds","url":"https:\/\/buddhaseedbank.com\/it\/","logo":{"@type":"ImageObject","inLanguage":"it-IT","@id":"https:\/\/buddhaseedbank.com\/it\/#\/schema\/logo\/image\/","url":"https:\/\/buddhaseedbank.com\/wp-content\/uploads\/2024\/04\/buddha-seeds-logo-1622448424-1.png","contentUrl":"https:\/\/buddhaseedbank.com\/wp-content\/uploads\/2024\/04\/buddha-seeds-logo-1622448424-1.png","width":478,"height":200,"caption":"Buddha Seeds"},"image":{"@id":"https:\/\/buddhaseedbank.com\/it\/#\/schema\/logo\/image\/"}}]}},"_links":{"self":[{"href":"https:\/\/buddhaseedbank.com\/it\/wp-json\/wp\/v2\/product\/4106","targetHints":{"allow":["GET"]}}],"collection":[{"href":"https:\/\/buddhaseedbank.com\/it\/wp-json\/wp\/v2\/product"}],"about":[{"href":"https:\/\/buddhaseedbank.com\/it\/wp-json\/wp\/v2\/types\/product"}],"wp:featuredmedia":[{"embeddable":true,"href":"https:\/\/buddhaseedbank.com\/it\/wp-json\/wp\/v2\/media\/8513"}],"wp:attachment":[{"href":"https:\/\/buddhaseedbank.com\/it\/wp-json\/wp\/v2\/media?parent=4106"}],"wp:term":[{"taxonomy":"product_brand","embeddable":true,"href":"https:\/\/buddhaseedbank.com\/it\/wp-json\/wp\/v2\/product_brand?post=4106"},{"taxonomy":"product_cat","embeddable":true,"href":"https:\/\/buddhaseedbank.com\/it\/wp-json\/wp\/v2\/product_cat?post=4106"},{"taxonomy":"product_tag","embeddable":true,"href":"https:\/\/buddhaseedbank.com\/it\/wp-json\/wp\/v2\/product_tag?post=4106"}],"curies":[{"name":"wp","href":"https:\/\/api.w.org\/{rel}","templated":true}]}}