{"id":4259,"date":"2020-12-01T14:55:34","date_gmt":"2020-12-01T13:55:34","guid":{"rendered":"https:\/\/buddhaseedbank.com\/producto\/buddha-ak\/"},"modified":"2026-04-21T07:25:50","modified_gmt":"2026-04-21T05:25:50","slug":"buddha-ak","status":"publish","type":"product","link":"https:\/\/buddhaseedbank.com\/it\/producto\/buddha-ak\/","title":{"rendered":"Buddha AK"},"content":{"rendered":"<p style=\"text-align:justify;\">Fin dal suo inizio, questo ha <strong>guadagnato popolarit\u00e0 presso il pubblico<\/strong>, e fino ad oggi, continua ad guadagnare followers. La storia di questo classico \u00e8 larga ed interesante, con chiare intenzioni di guadagnarsi un posto nell&#8217;Olimpo delle leggende.<\/p>\n<p style=\"text-align:justify;\">Questa variet\u00e0 risale agli anni &#8217;70 quando la sua incredibile potenza ha rappresentato una pietra miliare che pochissimi incroci, ad oggi, sono riusciti a eguagliare e meno a superare. Il nome di questo classico porta erroneamente coltivatori non esperti a credere che si riferisca all&#8217;arma da guerra, quando realmente la sua origine viene da uno dei <strong>suoi genitori, una pura Afghan Kush.<\/strong><\/p>\n<p style=\"text-align:justify;\">Negli anni &#8217;70 era ancora relativamente facile trovare ceppi puri che viaggiatori appassionati raccoglievano con entusiasmo da luoghi remoti in tutto il mondo. Qualcosa che oggi \u00e8 molto difficile da trovare.<\/p>\n<p style=\"text-align:justify;\">I <strong>suoi genitori, anche se \u00e8 difficile garantirlo al 100%<\/strong>, sembar che siano puri sativa dalla Colombia, Messico, Thailandia e Afghanistan. Per anni queste variet\u00e0 sono state incrociate da coltivatori esperti affinch\u00e9 finalmente negli anni &#8217;90 vedesse la luce questo incredibile ibrido con una leggera predominanza sativa gi\u00e0 adattato alle colture indoor e outdoor che affascina qualsiasi coltivatore.<\/p>\n<p style=\"text-align:justify;\">Questa variet\u00e0 ha svolto un ruolo trascendentale nel breeding della cannabis, protagonista per molti anni in gran parte degli incroci delle nuove generazioni. E, non da meno, ha ottenuto pi\u00f9 di venti titoli in coppe di cannabis altamente riconosciute da sola.<\/p>\n<p style=\"text-align:justify;\">Da <strong>Buddha Seeds<\/strong> abbiamo incluso nella selezione di classici i pi\u00f9 <strong>fedeli all&#8217;originale come Buddha AK<\/strong>. La nostra selezione nasce da antiche talee conservate per oltre 20 anni che mantengono ancora un&#8217;incredibile vigore. <strong>Buddha AK<\/strong>, come non potrebbe essere altrimenti, \u00e8 stata lavorata dai nostri breeders per renderlo ancora pi\u00f9 resistente e facile da coltivare.<\/p>\n<p style=\"text-align:justify;\">Abbiamo reso <strong>Buddha AK pi\u00f9 compatta e facile da coltivare<\/strong>, eliminando il pi\u00f9 possibile l&#8217;eccessiva crescita incontrollata dei suoi genitori sativa, mantenendo la sua essenza, produzione e potenza in cime molto pi\u00f9 voluminose che sorprendono anche gli esperti. <strong>Buddha AK <\/strong>\u00e8 stata selezionata tra gli esemplari con le pi\u00f9 alte concentrazioni di THC, vi faranno capire perch\u00e9 oggi questo classico continua a riempire gli armadi e il suo fumo soddisfa i pi\u00f9 esigenti palati.<\/p>\n","protected":false},"excerpt":{"rendered":"<p style=\"text-align:justify;\">Questa variet\u00e0 risale agli anni &#8217;70 quando la sua incredibile potenza ha rappresentato una pietra miliare che pochissimi incroci, ad oggi, sono riusciti a eguagliare e meno a superare. Il nome di questo classico porta erroneamente coltivatori non esperti a credere che si riferisca all&#8217;arma da guerra, quando realmente la sua origine viene da uno dei <strong>suoi genitori, una pura Afghan Kush.<\/strong><\/p>\n","protected":false},"featured_media":4243,"template":"","meta":{"_joinchat":[]},"product_brand":[],"product_cat":[640,110],"product_tag":[1392,1456,1461,1508,1482],"class_list":{"0":"post-4259","1":"product","2":"type-product","3":"status-publish","4":"has-post-thumbnail","6":"product_cat-buddha-seeds-classics-it","7":"product_cat-varieta-buddha-seeds","8":"product_tag-cannabis-effetto-potente","9":"product_tag-cannabis-resistente-parassiti","10":"product_tag-cannabis-sativa-it","11":"product_tag-classici-cannabis","12":"product_tag-semi-fotodipendenti","13":"pa_efecto-b5-energicoparalosdiasgrises-it","14":"pa_fa-produccionenexteriorporpl-500_2000gr-it","15":"pa_genetica-sativa-it","16":"pa_mesdecosecha-3d-segundamitaddeoctubrehemi-it","17":"pa_produccionm-500_550gr-it","18":"pa_semillas-10unidades-it","19":"pa_semillas-3unidades-it","20":"pa_semillas-50unidades-it","21":"pa_sexo-feminizada-it","22":"pa_tiempodefloracion-60_63dias-it","23":"pa_tipo-fotodipendente-it","25":"first","26":"instock","27":"taxable","28":"shipping-taxable","29":"purchasable","30":"product-type-variable"},"yoast_head":"<!-- This site is optimized with the Yoast SEO plugin v27.3 - https:\/\/yoast.com\/product\/yoast-seo-wordpress\/ -->\n<title>Buddha AK \u2022 Buddha Seeds<\/title>\n<meta name=\"robots\" content=\"index, follow, max-snippet:-1, max-image-preview:large, max-video-preview:-1\" \/>\n<link rel=\"canonical\" href=\"https:\/\/buddhaseedbank.com\/it\/producto\/buddha-ak\/\" \/>\n<meta property=\"og:locale\" content=\"it_IT\" \/>\n<meta property=\"og:type\" content=\"article\" \/>\n<meta property=\"og:title\" content=\"Buddha AK \u2022 Buddha Seeds\" \/>\n<meta property=\"og:description\" content=\"Questa variet\u00e0 risale agli anni &#039;70 quando la sua incredibile potenza ha rappresentato una pietra miliare che pochissimi incroci, ad oggi, sono riusciti a eguagliare e meno a superare. Il nome di questo classico porta erroneamente coltivatori non esperti a credere che si riferisca all&#039;arma da guerra, quando realmente la sua origine viene da uno dei suoi genitori, una pura Afghan Kush.\" \/>\n<meta property=\"og:url\" content=\"https:\/\/buddhaseedbank.com\/it\/producto\/buddha-ak\/\" \/>\n<meta property=\"og:site_name\" content=\"Buddha Seeds\" \/>\n<meta property=\"article:modified_time\" content=\"2026-04-21T05:25:50+00:00\" \/>\n<meta property=\"og:image\" content=\"https:\/\/buddhaseedbank.com\/wp-content\/uploads\/2020\/12\/211-Buddha-AK.jpg\" \/>\n\t<meta property=\"og:image:width\" content=\"1080\" \/>\n\t<meta property=\"og:image:height\" content=\"1080\" \/>\n\t<meta property=\"og:image:type\" content=\"image\/jpeg\" \/>\n<meta name=\"twitter:card\" content=\"summary_large_image\" \/>\n<meta name=\"twitter:label1\" content=\"Tempo di lettura stimato\" \/>\n\t<meta name=\"twitter:data1\" content=\"2 minuti\" \/>\n<script type=\"application\/ld+json\" class=\"yoast-schema-graph\">{\"@context\":\"https:\\\/\\\/schema.org\",\"@graph\":[{\"@type\":\"WebPage\",\"@id\":\"https:\\\/\\\/buddhaseedbank.com\\\/it\\\/producto\\\/buddha-ak\\\/\",\"url\":\"https:\\\/\\\/buddhaseedbank.com\\\/it\\\/producto\\\/buddha-ak\\\/\",\"name\":\"Buddha AK \u2022 Buddha Seeds\",\"isPartOf\":{\"@id\":\"https:\\\/\\\/buddhaseedbank.com\\\/it\\\/#website\"},\"primaryImageOfPage\":{\"@id\":\"https:\\\/\\\/buddhaseedbank.com\\\/it\\\/producto\\\/buddha-ak\\\/#primaryimage\"},\"image\":{\"@id\":\"https:\\\/\\\/buddhaseedbank.com\\\/it\\\/producto\\\/buddha-ak\\\/#primaryimage\"},\"thumbnailUrl\":\"https:\\\/\\\/buddhaseedbank.com\\\/wp-content\\\/uploads\\\/2020\\\/12\\\/211-Buddha-AK.jpg\",\"datePublished\":\"2020-12-01T13:55:34+00:00\",\"dateModified\":\"2026-04-21T05:25:50+00:00\",\"breadcrumb\":{\"@id\":\"https:\\\/\\\/buddhaseedbank.com\\\/it\\\/producto\\\/buddha-ak\\\/#breadcrumb\"},\"inLanguage\":\"it-IT\",\"potentialAction\":[{\"@type\":\"ReadAction\",\"target\":[\"https:\\\/\\\/buddhaseedbank.com\\\/it\\\/producto\\\/buddha-ak\\\/\"]}]},{\"@type\":\"ImageObject\",\"inLanguage\":\"it-IT\",\"@id\":\"https:\\\/\\\/buddhaseedbank.com\\\/it\\\/producto\\\/buddha-ak\\\/#primaryimage\",\"url\":\"https:\\\/\\\/buddhaseedbank.com\\\/wp-content\\\/uploads\\\/2020\\\/12\\\/211-Buddha-AK.jpg\",\"contentUrl\":\"https:\\\/\\\/buddhaseedbank.com\\\/wp-content\\\/uploads\\\/2020\\\/12\\\/211-Buddha-AK.jpg\",\"width\":1080,\"height\":1080,\"caption\":\"Buddha AK Buddha Seeds mejor semilla fotodependiente cannabis cl\u00e1sica\"},{\"@type\":\"BreadcrumbList\",\"@id\":\"https:\\\/\\\/buddhaseedbank.com\\\/it\\\/producto\\\/buddha-ak\\\/#breadcrumb\",\"itemListElement\":[{\"@type\":\"ListItem\",\"position\":1,\"name\":\"Portada\",\"item\":\"https:\\\/\\\/buddhaseedbank.com\\\/it\\\/\"},{\"@type\":\"ListItem\",\"position\":2,\"name\":\"Shop\",\"item\":\"https:\\\/\\\/buddhaseedbank.com\\\/it\\\/shop\\\/\"},{\"@type\":\"ListItem\",\"position\":3,\"name\":\"Buddha AK\"}]},{\"@type\":\"WebSite\",\"@id\":\"https:\\\/\\\/buddhaseedbank.com\\\/it\\\/#website\",\"url\":\"https:\\\/\\\/buddhaseedbank.com\\\/it\\\/\",\"name\":\"Buddha Seeds\",\"description\":\"\",\"publisher\":{\"@id\":\"https:\\\/\\\/buddhaseedbank.com\\\/it\\\/#organization\"},\"potentialAction\":[{\"@type\":\"SearchAction\",\"target\":{\"@type\":\"EntryPoint\",\"urlTemplate\":\"https:\\\/\\\/buddhaseedbank.com\\\/it\\\/?s={search_term_string}\"},\"query-input\":{\"@type\":\"PropertyValueSpecification\",\"valueRequired\":true,\"valueName\":\"search_term_string\"}}],\"inLanguage\":\"it-IT\"},{\"@type\":\"Organization\",\"@id\":\"https:\\\/\\\/buddhaseedbank.com\\\/it\\\/#organization\",\"name\":\"Buddha Seeds\",\"url\":\"https:\\\/\\\/buddhaseedbank.com\\\/it\\\/\",\"logo\":{\"@type\":\"ImageObject\",\"inLanguage\":\"it-IT\",\"@id\":\"https:\\\/\\\/buddhaseedbank.com\\\/it\\\/#\\\/schema\\\/logo\\\/image\\\/\",\"url\":\"https:\\\/\\\/buddhaseedbank.com\\\/wp-content\\\/uploads\\\/2024\\\/04\\\/buddha-seeds-logo-1622448424-1.png\",\"contentUrl\":\"https:\\\/\\\/buddhaseedbank.com\\\/wp-content\\\/uploads\\\/2024\\\/04\\\/buddha-seeds-logo-1622448424-1.png\",\"width\":478,\"height\":200,\"caption\":\"Buddha Seeds\"},\"image\":{\"@id\":\"https:\\\/\\\/buddhaseedbank.com\\\/it\\\/#\\\/schema\\\/logo\\\/image\\\/\"}}]}<\/script>\n<!-- \/ Yoast SEO plugin. -->","yoast_head_json":{"title":"Buddha AK \u2022 Buddha Seeds","robots":{"index":"index","follow":"follow","max-snippet":"max-snippet:-1","max-image-preview":"max-image-preview:large","max-video-preview":"max-video-preview:-1"},"canonical":"https:\/\/buddhaseedbank.com\/it\/producto\/buddha-ak\/","og_locale":"it_IT","og_type":"article","og_title":"Buddha AK \u2022 Buddha Seeds","og_description":"Questa variet\u00e0 risale agli anni '70 quando la sua incredibile potenza ha rappresentato una pietra miliare che pochissimi incroci, ad oggi, sono riusciti a eguagliare e meno a superare. Il nome di questo classico porta erroneamente coltivatori non esperti a credere che si riferisca all'arma da guerra, quando realmente la sua origine viene da uno dei suoi genitori, una pura Afghan Kush.","og_url":"https:\/\/buddhaseedbank.com\/it\/producto\/buddha-ak\/","og_site_name":"Buddha Seeds","article_modified_time":"2026-04-21T05:25:50+00:00","og_image":[{"width":1080,"height":1080,"url":"https:\/\/buddhaseedbank.com\/wp-content\/uploads\/2020\/12\/211-Buddha-AK.jpg","type":"image\/jpeg"}],"twitter_card":"summary_large_image","twitter_misc":{"Tempo di lettura stimato":"2 minuti"},"schema":{"@context":"https:\/\/schema.org","@graph":[{"@type":"WebPage","@id":"https:\/\/buddhaseedbank.com\/it\/producto\/buddha-ak\/","url":"https:\/\/buddhaseedbank.com\/it\/producto\/buddha-ak\/","name":"Buddha AK \u2022 Buddha Seeds","isPartOf":{"@id":"https:\/\/buddhaseedbank.com\/it\/#website"},"primaryImageOfPage":{"@id":"https:\/\/buddhaseedbank.com\/it\/producto\/buddha-ak\/#primaryimage"},"image":{"@id":"https:\/\/buddhaseedbank.com\/it\/producto\/buddha-ak\/#primaryimage"},"thumbnailUrl":"https:\/\/buddhaseedbank.com\/wp-content\/uploads\/2020\/12\/211-Buddha-AK.jpg","datePublished":"2020-12-01T13:55:34+00:00","dateModified":"2026-04-21T05:25:50+00:00","breadcrumb":{"@id":"https:\/\/buddhaseedbank.com\/it\/producto\/buddha-ak\/#breadcrumb"},"inLanguage":"it-IT","potentialAction":[{"@type":"ReadAction","target":["https:\/\/buddhaseedbank.com\/it\/producto\/buddha-ak\/"]}]},{"@type":"ImageObject","inLanguage":"it-IT","@id":"https:\/\/buddhaseedbank.com\/it\/producto\/buddha-ak\/#primaryimage","url":"https:\/\/buddhaseedbank.com\/wp-content\/uploads\/2020\/12\/211-Buddha-AK.jpg","contentUrl":"https:\/\/buddhaseedbank.com\/wp-content\/uploads\/2020\/12\/211-Buddha-AK.jpg","width":1080,"height":1080,"caption":"Buddha AK Buddha Seeds mejor semilla fotodependiente cannabis cl\u00e1sica"},{"@type":"BreadcrumbList","@id":"https:\/\/buddhaseedbank.com\/it\/producto\/buddha-ak\/#breadcrumb","itemListElement":[{"@type":"ListItem","position":1,"name":"Portada","item":"https:\/\/buddhaseedbank.com\/it\/"},{"@type":"ListItem","position":2,"name":"Shop","item":"https:\/\/buddhaseedbank.com\/it\/shop\/"},{"@type":"ListItem","position":3,"name":"Buddha AK"}]},{"@type":"WebSite","@id":"https:\/\/buddhaseedbank.com\/it\/#website","url":"https:\/\/buddhaseedbank.com\/it\/","name":"Buddha Seeds","description":"","publisher":{"@id":"https:\/\/buddhaseedbank.com\/it\/#organization"},"potentialAction":[{"@type":"SearchAction","target":{"@type":"EntryPoint","urlTemplate":"https:\/\/buddhaseedbank.com\/it\/?s={search_term_string}"},"query-input":{"@type":"PropertyValueSpecification","valueRequired":true,"valueName":"search_term_string"}}],"inLanguage":"it-IT"},{"@type":"Organization","@id":"https:\/\/buddhaseedbank.com\/it\/#organization","name":"Buddha Seeds","url":"https:\/\/buddhaseedbank.com\/it\/","logo":{"@type":"ImageObject","inLanguage":"it-IT","@id":"https:\/\/buddhaseedbank.com\/it\/#\/schema\/logo\/image\/","url":"https:\/\/buddhaseedbank.com\/wp-content\/uploads\/2024\/04\/buddha-seeds-logo-1622448424-1.png","contentUrl":"https:\/\/buddhaseedbank.com\/wp-content\/uploads\/2024\/04\/buddha-seeds-logo-1622448424-1.png","width":478,"height":200,"caption":"Buddha Seeds"},"image":{"@id":"https:\/\/buddhaseedbank.com\/it\/#\/schema\/logo\/image\/"}}]}},"_links":{"self":[{"href":"https:\/\/buddhaseedbank.com\/it\/wp-json\/wp\/v2\/product\/4259","targetHints":{"allow":["GET"]}}],"collection":[{"href":"https:\/\/buddhaseedbank.com\/it\/wp-json\/wp\/v2\/product"}],"about":[{"href":"https:\/\/buddhaseedbank.com\/it\/wp-json\/wp\/v2\/types\/product"}],"wp:featuredmedia":[{"embeddable":true,"href":"https:\/\/buddhaseedbank.com\/it\/wp-json\/wp\/v2\/media\/4243"}],"wp:attachment":[{"href":"https:\/\/buddhaseedbank.com\/it\/wp-json\/wp\/v2\/media?parent=4259"}],"wp:term":[{"taxonomy":"product_brand","embeddable":true,"href":"https:\/\/buddhaseedbank.com\/it\/wp-json\/wp\/v2\/product_brand?post=4259"},{"taxonomy":"product_cat","embeddable":true,"href":"https:\/\/buddhaseedbank.com\/it\/wp-json\/wp\/v2\/product_cat?post=4259"},{"taxonomy":"product_tag","embeddable":true,"href":"https:\/\/buddhaseedbank.com\/it\/wp-json\/wp\/v2\/product_tag?post=4259"}],"curies":[{"name":"wp","href":"https:\/\/api.w.org\/{rel}","templated":true}]}}