{"id":4289,"date":"2020-12-02T10:35:26","date_gmt":"2020-12-02T09:35:26","guid":{"rendered":"https:\/\/buddhaseedbank.com\/producto\/buddha-auto-ak-2\/"},"modified":"2026-02-14T14:21:55","modified_gmt":"2026-02-14T13:21:55","slug":"buddha-auto-ak-2","status":"publish","type":"product","link":"https:\/\/buddhaseedbank.com\/it\/producto\/buddha-auto-ak-2\/","title":{"rendered":"Buddha Auto AK"},"content":{"rendered":"<p style=\"text-align:justify;\">Fin dal suo inizio, <strong>questo classico ha guadagnato popolarit\u00e0<\/strong> presso il pubblico e, fino ad oggi, continua ad guadagnare followers. La storia di questo classico \u00e8 chiara ed interessante, con chiare intenzioni di guadagnarsi un posto nell&#8217;olimpo delle leggende.<\/p>\n<p style=\"text-align:justify;\">Questa variet\u00e0 risale agli anni &#8217;70 quando la sua incredibile potenza \u00e8 stata una pietra miliare che pochissimi incroci, ad oggi, sono riusciti a eguagliare e meno a superare. Il nome porta erroneamente coltivatori non esperti a credere che si riferisca all&#8217;arma da guerra. Tuttavia, la <strong>sua origine \u00e8 da uno dei suoi genitori, una pura Afghan Kush.<\/strong><\/p>\n<p style=\"text-align:justify;\">Negli anni &#8217;70 era ancora relativamente facile trovare ceppi puri che i viaggiatori appassionati raccoglievano con entusiasmo da localit\u00e0 remote in tutto il mondo. Qualcosa che oggi \u00e8 molto difficile da trovare.<\/p>\n<p style=\"text-align:justify;\">I <strong>suoi genitori<\/strong>, anche se \u00e8 difficile garantirlo al 100%, pare siano sativa puri provenienti da Colombia, Messico, Thailandia e Afghanistan. Per anni sono stati incrociati e addomesticati da coltivatori esperti affinch\u00e9 finalmente negli anni &#8217;90 vedesse la luce <strong>questo incredibile classico con una leggera predominanza sativa<\/strong> gi\u00e0 adattato alle colture indoor e outdoor che continua ad affascinare qualsiasi coltivatore.<\/p>\n<p style=\"text-align:justify;\">Questa variet\u00e0 ha svolto un ruolo trascendentale nel breeding della cannabis, protagonista per molti anni in gran parte degli incroci delle nuove generazioni. E, non da meno, ha ottenuto pi\u00f9 di venti titoli in coppe di cannabis altamente riconosciute da sola.<\/p>\n<p style=\"text-align:justify;\"><strong>Da Buddha Seeds abbiamo incluso nella selezione dei classici i pi\u00f9 fedeli all&#8217;originale<\/strong>, come Buddha Auto AK. La nostra selezione nasce da antiche talee conservate per oltre 20 anni che mantengono ancora un incredibile vigore. La <strong>Buddha AK autofiorente<\/strong> come non pu\u00f2 essere altrimenti, \u00e8 stata lavorata dai nostri breeder per renderla ancora pi\u00f9 resistente e facile da coltivare.<\/p>\n<p style=\"text-align:justify;\">La abbiamo resa pi\u00f9 compatto e facile da coltivare, eliminando il pi\u00f9 possibile l&#8217;eccessiva crescita incontrollata dei suoi genitori sativa, mantenendo la sua essenza, produzione e potenza in cime molto pi\u00f9 voluminose, che sorprendono anche gli esperti. <strong>Buddha Auto AK \u00e8 stata selezionata <\/strong>tra gli esemplari con le pi\u00f9 alte concentrazioni di THC, ti faranno capire perch\u00e9 oggi questo classico continua a riempire gli armadi e il suo fumo soddisfa i pi\u00f9 esigenti palati.<\/p>\n<p style=\"text-align:justify;\"><a href=\"https:\/\/www.youtube.com\/watch?v=cPxVeB-DrjQ\" target=\"_blank\" style=\"background-color:#ff0000;color:#ffffff;\" rel=\"noreferrer noopener nofollow\">YOUTUBE \u25ba<\/a><\/p>\n","protected":false},"excerpt":{"rendered":"<p style=\"text-align:justify;\">Questa variet\u00e0 risale agli anni &#8217;70 quando la sua incredibile potenza \u00e8 stata una pietra miliare che pochissimi incroci, ad oggi, sono riusciti a eguagliare e meno a superare. Il nome porta erroneamente coltivatori non esperti a credere che si riferisca all&#8217;arma da guerra. Tuttavia, la <strong>sua origine \u00e8 da uno dei suoi genitori, una pura Afghan Kush.<\/strong><\/p>\n","protected":false},"featured_media":4273,"template":"","meta":{"_joinchat":[]},"product_brand":[],"product_cat":[640,110],"product_tag":[1486,1392,1461,1508,1437,1384,1150],"class_list":{"0":"post-4289","1":"product","2":"type-product","3":"status-publish","4":"has-post-thumbnail","6":"product_cat-buddha-seeds-classics-it","7":"product_cat-varieta-buddha-seeds","8":"product_tag-autofiorenti-produttive","9":"product_tag-cannabis-effetto-potente","10":"product_tag-cannabis-sativa-it","11":"product_tag-classici-cannabis","12":"product_tag-piante-autofiorenti-produttive","13":"product_tag-sativa-autofiorente","14":"product_tag-semi-autofiorenti","15":"pa_8d-tiempodecultivocrecimient-70dias-it","16":"pa_efecto-b5-energicoparalosdiasgrises-it","17":"pa_fa-produccionenexteriorporpl-60_100gr-it","18":"pa_genetica-sativa-it","19":"pa_produccionm-400_550gr-it","20":"pa_semillas-10unidades-it","21":"pa_semillas-3unidades-it","22":"pa_semillas-50unidades-it","23":"pa_sexo-feminizada-it","24":"pa_tipo-autofiorenti-it","26":"first","27":"instock","28":"taxable","29":"shipping-taxable","30":"purchasable","31":"product-type-variable"},"yoast_head":"<!-- This site is optimized with the Yoast SEO plugin v27.3 - https:\/\/yoast.com\/product\/yoast-seo-wordpress\/ -->\n<title>Buddha Auto AK \u2022 Buddha Seeds<\/title>\n<meta name=\"robots\" content=\"index, follow, max-snippet:-1, max-image-preview:large, max-video-preview:-1\" \/>\n<link rel=\"canonical\" href=\"https:\/\/buddhaseedbank.com\/it\/producto\/buddha-auto-ak-2\/\" \/>\n<meta property=\"og:locale\" content=\"it_IT\" \/>\n<meta property=\"og:type\" content=\"article\" \/>\n<meta property=\"og:title\" content=\"Buddha Auto AK \u2022 Buddha Seeds\" \/>\n<meta property=\"og:description\" content=\"Questa variet\u00e0 risale agli anni &#039;70 quando la sua incredibile potenza \u00e8 stata una pietra miliare che pochissimi incroci, ad oggi, sono riusciti a eguagliare e meno a superare. Il nome porta erroneamente coltivatori non esperti a credere che si riferisca all&#039;arma da guerra. Tuttavia, la sua origine \u00e8 da uno dei suoi genitori, una pura Afghan Kush.\" \/>\n<meta property=\"og:url\" content=\"https:\/\/buddhaseedbank.com\/it\/producto\/buddha-auto-ak-2\/\" \/>\n<meta property=\"og:site_name\" content=\"Buddha Seeds\" \/>\n<meta property=\"article:modified_time\" content=\"2026-02-14T13:21:55+00:00\" \/>\n<meta property=\"og:image\" content=\"https:\/\/buddhaseedbank.com\/wp-content\/uploads\/2020\/12\/212-Buddha-Auto-AK.jpg\" \/>\n\t<meta property=\"og:image:width\" content=\"1080\" \/>\n\t<meta property=\"og:image:height\" content=\"1080\" \/>\n\t<meta property=\"og:image:type\" content=\"image\/jpeg\" \/>\n<meta name=\"twitter:card\" content=\"summary_large_image\" \/>\n<meta name=\"twitter:label1\" content=\"Tempo di lettura stimato\" \/>\n\t<meta name=\"twitter:data1\" content=\"2 minuti\" \/>\n<script type=\"application\/ld+json\" class=\"yoast-schema-graph\">{\"@context\":\"https:\\\/\\\/schema.org\",\"@graph\":[{\"@type\":\"WebPage\",\"@id\":\"https:\\\/\\\/buddhaseedbank.com\\\/it\\\/producto\\\/buddha-auto-ak-2\\\/\",\"url\":\"https:\\\/\\\/buddhaseedbank.com\\\/it\\\/producto\\\/buddha-auto-ak-2\\\/\",\"name\":\"Buddha Auto AK \u2022 Buddha Seeds\",\"isPartOf\":{\"@id\":\"https:\\\/\\\/buddhaseedbank.com\\\/it\\\/#website\"},\"primaryImageOfPage\":{\"@id\":\"https:\\\/\\\/buddhaseedbank.com\\\/it\\\/producto\\\/buddha-auto-ak-2\\\/#primaryimage\"},\"image\":{\"@id\":\"https:\\\/\\\/buddhaseedbank.com\\\/it\\\/producto\\\/buddha-auto-ak-2\\\/#primaryimage\"},\"thumbnailUrl\":\"https:\\\/\\\/buddhaseedbank.com\\\/wp-content\\\/uploads\\\/2020\\\/12\\\/212-Buddha-Auto-AK.jpg\",\"datePublished\":\"2020-12-02T09:35:26+00:00\",\"dateModified\":\"2026-02-14T13:21:55+00:00\",\"breadcrumb\":{\"@id\":\"https:\\\/\\\/buddhaseedbank.com\\\/it\\\/producto\\\/buddha-auto-ak-2\\\/#breadcrumb\"},\"inLanguage\":\"it-IT\",\"potentialAction\":[{\"@type\":\"ReadAction\",\"target\":[\"https:\\\/\\\/buddhaseedbank.com\\\/it\\\/producto\\\/buddha-auto-ak-2\\\/\"]}]},{\"@type\":\"ImageObject\",\"inLanguage\":\"it-IT\",\"@id\":\"https:\\\/\\\/buddhaseedbank.com\\\/it\\\/producto\\\/buddha-auto-ak-2\\\/#primaryimage\",\"url\":\"https:\\\/\\\/buddhaseedbank.com\\\/wp-content\\\/uploads\\\/2020\\\/12\\\/212-Buddha-Auto-AK.jpg\",\"contentUrl\":\"https:\\\/\\\/buddhaseedbank.com\\\/wp-content\\\/uploads\\\/2020\\\/12\\\/212-Buddha-Auto-AK.jpg\",\"width\":1080,\"height\":1080,\"caption\":\"Buddha Auto AK Buddha Seeds autofloreciente cl\u00e1sico\"},{\"@type\":\"BreadcrumbList\",\"@id\":\"https:\\\/\\\/buddhaseedbank.com\\\/it\\\/producto\\\/buddha-auto-ak-2\\\/#breadcrumb\",\"itemListElement\":[{\"@type\":\"ListItem\",\"position\":1,\"name\":\"Portada\",\"item\":\"https:\\\/\\\/buddhaseedbank.com\\\/it\\\/\"},{\"@type\":\"ListItem\",\"position\":2,\"name\":\"Shop\",\"item\":\"https:\\\/\\\/buddhaseedbank.com\\\/it\\\/shop\\\/\"},{\"@type\":\"ListItem\",\"position\":3,\"name\":\"Buddha Auto AK\"}]},{\"@type\":\"WebSite\",\"@id\":\"https:\\\/\\\/buddhaseedbank.com\\\/it\\\/#website\",\"url\":\"https:\\\/\\\/buddhaseedbank.com\\\/it\\\/\",\"name\":\"Buddha Seeds\",\"description\":\"\",\"publisher\":{\"@id\":\"https:\\\/\\\/buddhaseedbank.com\\\/it\\\/#organization\"},\"potentialAction\":[{\"@type\":\"SearchAction\",\"target\":{\"@type\":\"EntryPoint\",\"urlTemplate\":\"https:\\\/\\\/buddhaseedbank.com\\\/it\\\/?s={search_term_string}\"},\"query-input\":{\"@type\":\"PropertyValueSpecification\",\"valueRequired\":true,\"valueName\":\"search_term_string\"}}],\"inLanguage\":\"it-IT\"},{\"@type\":\"Organization\",\"@id\":\"https:\\\/\\\/buddhaseedbank.com\\\/it\\\/#organization\",\"name\":\"Buddha Seeds\",\"url\":\"https:\\\/\\\/buddhaseedbank.com\\\/it\\\/\",\"logo\":{\"@type\":\"ImageObject\",\"inLanguage\":\"it-IT\",\"@id\":\"https:\\\/\\\/buddhaseedbank.com\\\/it\\\/#\\\/schema\\\/logo\\\/image\\\/\",\"url\":\"https:\\\/\\\/buddhaseedbank.com\\\/wp-content\\\/uploads\\\/2024\\\/04\\\/buddha-seeds-logo-1622448424-1.png\",\"contentUrl\":\"https:\\\/\\\/buddhaseedbank.com\\\/wp-content\\\/uploads\\\/2024\\\/04\\\/buddha-seeds-logo-1622448424-1.png\",\"width\":478,\"height\":200,\"caption\":\"Buddha Seeds\"},\"image\":{\"@id\":\"https:\\\/\\\/buddhaseedbank.com\\\/it\\\/#\\\/schema\\\/logo\\\/image\\\/\"}}]}<\/script>\n<!-- \/ Yoast SEO plugin. -->","yoast_head_json":{"title":"Buddha Auto AK \u2022 Buddha Seeds","robots":{"index":"index","follow":"follow","max-snippet":"max-snippet:-1","max-image-preview":"max-image-preview:large","max-video-preview":"max-video-preview:-1"},"canonical":"https:\/\/buddhaseedbank.com\/it\/producto\/buddha-auto-ak-2\/","og_locale":"it_IT","og_type":"article","og_title":"Buddha Auto AK \u2022 Buddha Seeds","og_description":"Questa variet\u00e0 risale agli anni '70 quando la sua incredibile potenza \u00e8 stata una pietra miliare che pochissimi incroci, ad oggi, sono riusciti a eguagliare e meno a superare. Il nome porta erroneamente coltivatori non esperti a credere che si riferisca all'arma da guerra. Tuttavia, la sua origine \u00e8 da uno dei suoi genitori, una pura Afghan Kush.","og_url":"https:\/\/buddhaseedbank.com\/it\/producto\/buddha-auto-ak-2\/","og_site_name":"Buddha Seeds","article_modified_time":"2026-02-14T13:21:55+00:00","og_image":[{"width":1080,"height":1080,"url":"https:\/\/buddhaseedbank.com\/wp-content\/uploads\/2020\/12\/212-Buddha-Auto-AK.jpg","type":"image\/jpeg"}],"twitter_card":"summary_large_image","twitter_misc":{"Tempo di lettura stimato":"2 minuti"},"schema":{"@context":"https:\/\/schema.org","@graph":[{"@type":"WebPage","@id":"https:\/\/buddhaseedbank.com\/it\/producto\/buddha-auto-ak-2\/","url":"https:\/\/buddhaseedbank.com\/it\/producto\/buddha-auto-ak-2\/","name":"Buddha Auto AK \u2022 Buddha Seeds","isPartOf":{"@id":"https:\/\/buddhaseedbank.com\/it\/#website"},"primaryImageOfPage":{"@id":"https:\/\/buddhaseedbank.com\/it\/producto\/buddha-auto-ak-2\/#primaryimage"},"image":{"@id":"https:\/\/buddhaseedbank.com\/it\/producto\/buddha-auto-ak-2\/#primaryimage"},"thumbnailUrl":"https:\/\/buddhaseedbank.com\/wp-content\/uploads\/2020\/12\/212-Buddha-Auto-AK.jpg","datePublished":"2020-12-02T09:35:26+00:00","dateModified":"2026-02-14T13:21:55+00:00","breadcrumb":{"@id":"https:\/\/buddhaseedbank.com\/it\/producto\/buddha-auto-ak-2\/#breadcrumb"},"inLanguage":"it-IT","potentialAction":[{"@type":"ReadAction","target":["https:\/\/buddhaseedbank.com\/it\/producto\/buddha-auto-ak-2\/"]}]},{"@type":"ImageObject","inLanguage":"it-IT","@id":"https:\/\/buddhaseedbank.com\/it\/producto\/buddha-auto-ak-2\/#primaryimage","url":"https:\/\/buddhaseedbank.com\/wp-content\/uploads\/2020\/12\/212-Buddha-Auto-AK.jpg","contentUrl":"https:\/\/buddhaseedbank.com\/wp-content\/uploads\/2020\/12\/212-Buddha-Auto-AK.jpg","width":1080,"height":1080,"caption":"Buddha Auto AK Buddha Seeds autofloreciente cl\u00e1sico"},{"@type":"BreadcrumbList","@id":"https:\/\/buddhaseedbank.com\/it\/producto\/buddha-auto-ak-2\/#breadcrumb","itemListElement":[{"@type":"ListItem","position":1,"name":"Portada","item":"https:\/\/buddhaseedbank.com\/it\/"},{"@type":"ListItem","position":2,"name":"Shop","item":"https:\/\/buddhaseedbank.com\/it\/shop\/"},{"@type":"ListItem","position":3,"name":"Buddha Auto AK"}]},{"@type":"WebSite","@id":"https:\/\/buddhaseedbank.com\/it\/#website","url":"https:\/\/buddhaseedbank.com\/it\/","name":"Buddha Seeds","description":"","publisher":{"@id":"https:\/\/buddhaseedbank.com\/it\/#organization"},"potentialAction":[{"@type":"SearchAction","target":{"@type":"EntryPoint","urlTemplate":"https:\/\/buddhaseedbank.com\/it\/?s={search_term_string}"},"query-input":{"@type":"PropertyValueSpecification","valueRequired":true,"valueName":"search_term_string"}}],"inLanguage":"it-IT"},{"@type":"Organization","@id":"https:\/\/buddhaseedbank.com\/it\/#organization","name":"Buddha Seeds","url":"https:\/\/buddhaseedbank.com\/it\/","logo":{"@type":"ImageObject","inLanguage":"it-IT","@id":"https:\/\/buddhaseedbank.com\/it\/#\/schema\/logo\/image\/","url":"https:\/\/buddhaseedbank.com\/wp-content\/uploads\/2024\/04\/buddha-seeds-logo-1622448424-1.png","contentUrl":"https:\/\/buddhaseedbank.com\/wp-content\/uploads\/2024\/04\/buddha-seeds-logo-1622448424-1.png","width":478,"height":200,"caption":"Buddha Seeds"},"image":{"@id":"https:\/\/buddhaseedbank.com\/it\/#\/schema\/logo\/image\/"}}]}},"_links":{"self":[{"href":"https:\/\/buddhaseedbank.com\/it\/wp-json\/wp\/v2\/product\/4289","targetHints":{"allow":["GET"]}}],"collection":[{"href":"https:\/\/buddhaseedbank.com\/it\/wp-json\/wp\/v2\/product"}],"about":[{"href":"https:\/\/buddhaseedbank.com\/it\/wp-json\/wp\/v2\/types\/product"}],"wp:featuredmedia":[{"embeddable":true,"href":"https:\/\/buddhaseedbank.com\/it\/wp-json\/wp\/v2\/media\/4273"}],"wp:attachment":[{"href":"https:\/\/buddhaseedbank.com\/it\/wp-json\/wp\/v2\/media?parent=4289"}],"wp:term":[{"taxonomy":"product_brand","embeddable":true,"href":"https:\/\/buddhaseedbank.com\/it\/wp-json\/wp\/v2\/product_brand?post=4289"},{"taxonomy":"product_cat","embeddable":true,"href":"https:\/\/buddhaseedbank.com\/it\/wp-json\/wp\/v2\/product_cat?post=4289"},{"taxonomy":"product_tag","embeddable":true,"href":"https:\/\/buddhaseedbank.com\/it\/wp-json\/wp\/v2\/product_tag?post=4289"}],"curies":[{"name":"wp","href":"https:\/\/api.w.org\/{rel}","templated":true}]}}