{"id":4444,"date":"2020-12-02T14:40:29","date_gmt":"2020-12-02T13:40:29","guid":{"rendered":"https:\/\/buddhaseedbank.com\/producto\/buddha-auto-critical\/"},"modified":"2026-04-15T15:00:20","modified_gmt":"2026-04-15T13:00:20","slug":"buddha-auto-critical","status":"publish","type":"product","link":"https:\/\/buddhaseedbank.com\/it\/producto\/buddha-auto-critical\/","title":{"rendered":"Buddha Auto Critical"},"content":{"rendered":"<p style=\"text-align: justify;\">La storia di Critical ricorda un racconto storico della vittoria dei re, una storia peculliare. Nella sua genetica ha ascendenti di grande valore e influenza sulle variet\u00e0 commerciali successive.<\/p>\n<p style=\"text-align: justify;\"><strong>Critical ha mantenuto la fiducia<\/strong> di tutti i coltivatori da quando \u00e8 stata lanciata sul mercato negli anni 90. \u00c8 stata incoronata in un breve periodo di tempo come una delle <strong>rivendicazioni pi\u00f9 frequenti nei coffee shop<\/strong> <strong>olandesi<\/strong>, e tra i coltivatori, per le sue elevate prestazioni in coltivazione. <strong>Figlia di una Skunk e di un&#8217;Afghana<\/strong>, ha detronizzato i suoi genitori come una delle variet\u00e0 pi\u00f9 coltivate oggi.<\/p>\n<p style=\"text-align: justify;\">La <strong>Buddha Auto Critical \u00e8 un tributo a questo classico<\/strong> della cannabis, ma con il nostro particolare sviluppo del lavoro. <strong>Buddha Seeds<\/strong> ha rispettato l&#8217;originalit\u00e0 iniziale di questa variet\u00e0, mantenendo le caratteristiche pi\u00f9 tipiche per il coltivatore recente.<\/p>\n<p style=\"text-align: justify;\"><strong>L&#8217;attrattivo principale della Buddha Auto Critical <\/strong>autofiorente \u00e8 il suo breve periodo di fioritura, in meno di 60 giorni di coltivazione puoi ottenere il tuo raccolto. La versione autofiorente di <strong>Buddha Auto Critical nasce da una selezione<\/strong> che si \u00e8 distinta fin dall&#8217;inizio per il sapore, l&#8217;incredibile velocit\u00e0 e la produzione. In clima pi\u00f9 miti questi benefici si moltiplicano.<\/p>\n<p style=\"text-align: justify;\">La <strong>Buddha Auto Critical autofiorente mantiene il caratteristico sapore di Skunk <\/strong>con sfumature pi\u00f9 floreali e dolci, non pungenti come i suoi genitori. Spiccano i fenotipi con tocchi fruttati e note di melone verde. Questo la rende una variet\u00e0 che piace praticamente al 100% dei fumatori.<\/p>\n<p style=\"text-align: justify;\">Le cure di cui ha bisogno la <strong>Buddha Auto Critical autofiorente di Buddha Seeds <\/strong>sono scarse, poich\u00e9 risponde efficacemente a diversi trattamenti. Il risultato \u00e8 un raccolto ad alto rendimento con aromi accattivanti.<\/p>\n","protected":false},"excerpt":{"rendered":"<p>La storia di Critical ricorda un racconto storico della vittoria dei re, una storia peculliare. Nella sua genetica ha ascendenti di grande valore e influenza sulle variet\u00e0 commerciali successive. Critical ha mantenuto la fiducia di tutti i coltivatori da quando \u00e8 stata lanciata sul mercato negli anni 90. \u00c8 stata incoronata in un breve periodo [&hellip;]<\/p>\n","protected":false},"featured_media":4413,"template":"","meta":{"_joinchat":[]},"product_brand":[],"product_cat":[640,110],"product_tag":[1486,1495,1728,1429,1508,1150,1414],"class_list":{"0":"post-4444","1":"product","2":"type-product","3":"status-publish","4":"has-post-thumbnail","6":"product_cat-buddha-seeds-classics-it","7":"product_cat-varieta-buddha-seeds","8":"product_tag-autofiorenti-produttive","9":"product_tag-cannabis-fioritura-rapida","10":"product_tag-cannabis-fioritura-rapida-it","11":"product_tag-cannabis-indica-it","12":"product_tag-classici-cannabis","13":"product_tag-semi-autofiorenti","14":"product_tag-semi-cannabis-veloci","15":"pa_8d-tiempodecultivocrecimient-65dias-it","16":"pa_efecto-39-equilibradoconunpotenteef-it","17":"pa_fa-produccionenexteriorporpl-60_120gr-it","18":"pa_genetica-indica-it","19":"pa_produccionm-500_550gr-it","20":"pa_semillas-10unidades-it","21":"pa_semillas-3unidades-it","22":"pa_semillas-50unidades-it","23":"pa_sexo-feminizada-it","24":"pa_tipo-autofiorenti-it","26":"first","27":"instock","28":"featured","29":"taxable","30":"shipping-taxable","31":"purchasable","32":"product-type-variable"},"yoast_head":"<!-- This site is optimized with the Yoast SEO plugin v27.3 - https:\/\/yoast.com\/product\/yoast-seo-wordpress\/ -->\n<title>Buddha Auto Critical \u2022 Buddha Seeds<\/title>\n<meta name=\"description\" content=\"Auto Critical \u00e8 la variet\u00e0 autofiorente a ciclo pi\u00f9 breve della famiglia dei classici Buddha Seeds. In meno di 60 giorni il tuo raccolto \u00e8 pronto.\" \/>\n<meta name=\"robots\" content=\"index, follow, max-snippet:-1, max-image-preview:large, max-video-preview:-1\" \/>\n<link rel=\"canonical\" href=\"https:\/\/buddhaseedbank.com\/it\/producto\/buddha-auto-critical\/\" \/>\n<meta property=\"og:locale\" content=\"it_IT\" \/>\n<meta property=\"og:type\" content=\"article\" \/>\n<meta property=\"og:title\" content=\"Buddha Auto Critical \u2022 Buddha Seeds\" \/>\n<meta property=\"og:description\" content=\"Auto Critical \u00e8 la variet\u00e0 autofiorente a ciclo pi\u00f9 breve della famiglia dei classici Buddha Seeds. In meno di 60 giorni il tuo raccolto \u00e8 pronto.\" \/>\n<meta property=\"og:url\" content=\"https:\/\/buddhaseedbank.com\/it\/producto\/buddha-auto-critical\/\" \/>\n<meta property=\"og:site_name\" content=\"Buddha Seeds\" \/>\n<meta property=\"article:modified_time\" content=\"2026-04-15T13:00:20+00:00\" \/>\n<meta property=\"og:image\" content=\"https:\/\/buddhaseedbank.com\/wp-content\/uploads\/2020\/12\/216-Buddha-Auto-Critical.jpg\" \/>\n\t<meta property=\"og:image:width\" content=\"1080\" \/>\n\t<meta property=\"og:image:height\" content=\"1080\" \/>\n\t<meta property=\"og:image:type\" content=\"image\/jpeg\" \/>\n<meta name=\"twitter:card\" content=\"summary_large_image\" \/>\n<meta name=\"twitter:label1\" content=\"Tempo di lettura stimato\" \/>\n\t<meta name=\"twitter:data1\" content=\"2 minuti\" \/>\n<script type=\"application\/ld+json\" class=\"yoast-schema-graph\">{\"@context\":\"https:\\\/\\\/schema.org\",\"@graph\":[{\"@type\":\"WebPage\",\"@id\":\"https:\\\/\\\/buddhaseedbank.com\\\/it\\\/producto\\\/buddha-auto-critical\\\/\",\"url\":\"https:\\\/\\\/buddhaseedbank.com\\\/it\\\/producto\\\/buddha-auto-critical\\\/\",\"name\":\"Buddha Auto Critical \u2022 Buddha Seeds\",\"isPartOf\":{\"@id\":\"https:\\\/\\\/buddhaseedbank.com\\\/it\\\/#website\"},\"primaryImageOfPage\":{\"@id\":\"https:\\\/\\\/buddhaseedbank.com\\\/it\\\/producto\\\/buddha-auto-critical\\\/#primaryimage\"},\"image\":{\"@id\":\"https:\\\/\\\/buddhaseedbank.com\\\/it\\\/producto\\\/buddha-auto-critical\\\/#primaryimage\"},\"thumbnailUrl\":\"https:\\\/\\\/buddhaseedbank.com\\\/wp-content\\\/uploads\\\/2020\\\/12\\\/216-Buddha-Auto-Critical.jpg\",\"datePublished\":\"2020-12-02T13:40:29+00:00\",\"dateModified\":\"2026-04-15T13:00:20+00:00\",\"description\":\"Auto Critical \u00e8 la variet\u00e0 autofiorente a ciclo pi\u00f9 breve della famiglia dei classici Buddha Seeds. In meno di 60 giorni il tuo raccolto \u00e8 pronto.\",\"breadcrumb\":{\"@id\":\"https:\\\/\\\/buddhaseedbank.com\\\/it\\\/producto\\\/buddha-auto-critical\\\/#breadcrumb\"},\"inLanguage\":\"it-IT\",\"potentialAction\":[{\"@type\":\"ReadAction\",\"target\":[\"https:\\\/\\\/buddhaseedbank.com\\\/it\\\/producto\\\/buddha-auto-critical\\\/\"]}]},{\"@type\":\"ImageObject\",\"inLanguage\":\"it-IT\",\"@id\":\"https:\\\/\\\/buddhaseedbank.com\\\/it\\\/producto\\\/buddha-auto-critical\\\/#primaryimage\",\"url\":\"https:\\\/\\\/buddhaseedbank.com\\\/wp-content\\\/uploads\\\/2020\\\/12\\\/216-Buddha-Auto-Critical.jpg\",\"contentUrl\":\"https:\\\/\\\/buddhaseedbank.com\\\/wp-content\\\/uploads\\\/2020\\\/12\\\/216-Buddha-Auto-Critical.jpg\",\"width\":1080,\"height\":1080,\"caption\":\"Buddha Auto Critical Buddha Seeds cl\u00e1sico cannabis\"},{\"@type\":\"BreadcrumbList\",\"@id\":\"https:\\\/\\\/buddhaseedbank.com\\\/it\\\/producto\\\/buddha-auto-critical\\\/#breadcrumb\",\"itemListElement\":[{\"@type\":\"ListItem\",\"position\":1,\"name\":\"Portada\",\"item\":\"https:\\\/\\\/buddhaseedbank.com\\\/it\\\/\"},{\"@type\":\"ListItem\",\"position\":2,\"name\":\"Shop\",\"item\":\"https:\\\/\\\/buddhaseedbank.com\\\/it\\\/shop\\\/\"},{\"@type\":\"ListItem\",\"position\":3,\"name\":\"Buddha Auto Critical\"}]},{\"@type\":\"WebSite\",\"@id\":\"https:\\\/\\\/buddhaseedbank.com\\\/it\\\/#website\",\"url\":\"https:\\\/\\\/buddhaseedbank.com\\\/it\\\/\",\"name\":\"Buddha Seeds\",\"description\":\"\",\"publisher\":{\"@id\":\"https:\\\/\\\/buddhaseedbank.com\\\/it\\\/#organization\"},\"potentialAction\":[{\"@type\":\"SearchAction\",\"target\":{\"@type\":\"EntryPoint\",\"urlTemplate\":\"https:\\\/\\\/buddhaseedbank.com\\\/it\\\/?s={search_term_string}\"},\"query-input\":{\"@type\":\"PropertyValueSpecification\",\"valueRequired\":true,\"valueName\":\"search_term_string\"}}],\"inLanguage\":\"it-IT\"},{\"@type\":\"Organization\",\"@id\":\"https:\\\/\\\/buddhaseedbank.com\\\/it\\\/#organization\",\"name\":\"Buddha Seeds\",\"url\":\"https:\\\/\\\/buddhaseedbank.com\\\/it\\\/\",\"logo\":{\"@type\":\"ImageObject\",\"inLanguage\":\"it-IT\",\"@id\":\"https:\\\/\\\/buddhaseedbank.com\\\/it\\\/#\\\/schema\\\/logo\\\/image\\\/\",\"url\":\"https:\\\/\\\/buddhaseedbank.com\\\/wp-content\\\/uploads\\\/2024\\\/04\\\/buddha-seeds-logo-1622448424-1.png\",\"contentUrl\":\"https:\\\/\\\/buddhaseedbank.com\\\/wp-content\\\/uploads\\\/2024\\\/04\\\/buddha-seeds-logo-1622448424-1.png\",\"width\":478,\"height\":200,\"caption\":\"Buddha Seeds\"},\"image\":{\"@id\":\"https:\\\/\\\/buddhaseedbank.com\\\/it\\\/#\\\/schema\\\/logo\\\/image\\\/\"}}]}<\/script>\n<!-- \/ Yoast SEO plugin. -->","yoast_head_json":{"title":"Buddha Auto Critical \u2022 Buddha Seeds","description":"Auto Critical \u00e8 la variet\u00e0 autofiorente a ciclo pi\u00f9 breve della famiglia dei classici Buddha Seeds. In meno di 60 giorni il tuo raccolto \u00e8 pronto.","robots":{"index":"index","follow":"follow","max-snippet":"max-snippet:-1","max-image-preview":"max-image-preview:large","max-video-preview":"max-video-preview:-1"},"canonical":"https:\/\/buddhaseedbank.com\/it\/producto\/buddha-auto-critical\/","og_locale":"it_IT","og_type":"article","og_title":"Buddha Auto Critical \u2022 Buddha Seeds","og_description":"Auto Critical \u00e8 la variet\u00e0 autofiorente a ciclo pi\u00f9 breve della famiglia dei classici Buddha Seeds. In meno di 60 giorni il tuo raccolto \u00e8 pronto.","og_url":"https:\/\/buddhaseedbank.com\/it\/producto\/buddha-auto-critical\/","og_site_name":"Buddha Seeds","article_modified_time":"2026-04-15T13:00:20+00:00","og_image":[{"width":1080,"height":1080,"url":"https:\/\/buddhaseedbank.com\/wp-content\/uploads\/2020\/12\/216-Buddha-Auto-Critical.jpg","type":"image\/jpeg"}],"twitter_card":"summary_large_image","twitter_misc":{"Tempo di lettura stimato":"2 minuti"},"schema":{"@context":"https:\/\/schema.org","@graph":[{"@type":"WebPage","@id":"https:\/\/buddhaseedbank.com\/it\/producto\/buddha-auto-critical\/","url":"https:\/\/buddhaseedbank.com\/it\/producto\/buddha-auto-critical\/","name":"Buddha Auto Critical \u2022 Buddha Seeds","isPartOf":{"@id":"https:\/\/buddhaseedbank.com\/it\/#website"},"primaryImageOfPage":{"@id":"https:\/\/buddhaseedbank.com\/it\/producto\/buddha-auto-critical\/#primaryimage"},"image":{"@id":"https:\/\/buddhaseedbank.com\/it\/producto\/buddha-auto-critical\/#primaryimage"},"thumbnailUrl":"https:\/\/buddhaseedbank.com\/wp-content\/uploads\/2020\/12\/216-Buddha-Auto-Critical.jpg","datePublished":"2020-12-02T13:40:29+00:00","dateModified":"2026-04-15T13:00:20+00:00","description":"Auto Critical \u00e8 la variet\u00e0 autofiorente a ciclo pi\u00f9 breve della famiglia dei classici Buddha Seeds. In meno di 60 giorni il tuo raccolto \u00e8 pronto.","breadcrumb":{"@id":"https:\/\/buddhaseedbank.com\/it\/producto\/buddha-auto-critical\/#breadcrumb"},"inLanguage":"it-IT","potentialAction":[{"@type":"ReadAction","target":["https:\/\/buddhaseedbank.com\/it\/producto\/buddha-auto-critical\/"]}]},{"@type":"ImageObject","inLanguage":"it-IT","@id":"https:\/\/buddhaseedbank.com\/it\/producto\/buddha-auto-critical\/#primaryimage","url":"https:\/\/buddhaseedbank.com\/wp-content\/uploads\/2020\/12\/216-Buddha-Auto-Critical.jpg","contentUrl":"https:\/\/buddhaseedbank.com\/wp-content\/uploads\/2020\/12\/216-Buddha-Auto-Critical.jpg","width":1080,"height":1080,"caption":"Buddha Auto Critical Buddha Seeds cl\u00e1sico cannabis"},{"@type":"BreadcrumbList","@id":"https:\/\/buddhaseedbank.com\/it\/producto\/buddha-auto-critical\/#breadcrumb","itemListElement":[{"@type":"ListItem","position":1,"name":"Portada","item":"https:\/\/buddhaseedbank.com\/it\/"},{"@type":"ListItem","position":2,"name":"Shop","item":"https:\/\/buddhaseedbank.com\/it\/shop\/"},{"@type":"ListItem","position":3,"name":"Buddha Auto Critical"}]},{"@type":"WebSite","@id":"https:\/\/buddhaseedbank.com\/it\/#website","url":"https:\/\/buddhaseedbank.com\/it\/","name":"Buddha Seeds","description":"","publisher":{"@id":"https:\/\/buddhaseedbank.com\/it\/#organization"},"potentialAction":[{"@type":"SearchAction","target":{"@type":"EntryPoint","urlTemplate":"https:\/\/buddhaseedbank.com\/it\/?s={search_term_string}"},"query-input":{"@type":"PropertyValueSpecification","valueRequired":true,"valueName":"search_term_string"}}],"inLanguage":"it-IT"},{"@type":"Organization","@id":"https:\/\/buddhaseedbank.com\/it\/#organization","name":"Buddha Seeds","url":"https:\/\/buddhaseedbank.com\/it\/","logo":{"@type":"ImageObject","inLanguage":"it-IT","@id":"https:\/\/buddhaseedbank.com\/it\/#\/schema\/logo\/image\/","url":"https:\/\/buddhaseedbank.com\/wp-content\/uploads\/2024\/04\/buddha-seeds-logo-1622448424-1.png","contentUrl":"https:\/\/buddhaseedbank.com\/wp-content\/uploads\/2024\/04\/buddha-seeds-logo-1622448424-1.png","width":478,"height":200,"caption":"Buddha Seeds"},"image":{"@id":"https:\/\/buddhaseedbank.com\/it\/#\/schema\/logo\/image\/"}}]}},"_links":{"self":[{"href":"https:\/\/buddhaseedbank.com\/it\/wp-json\/wp\/v2\/product\/4444","targetHints":{"allow":["GET"]}}],"collection":[{"href":"https:\/\/buddhaseedbank.com\/it\/wp-json\/wp\/v2\/product"}],"about":[{"href":"https:\/\/buddhaseedbank.com\/it\/wp-json\/wp\/v2\/types\/product"}],"wp:featuredmedia":[{"embeddable":true,"href":"https:\/\/buddhaseedbank.com\/it\/wp-json\/wp\/v2\/media\/4413"}],"wp:attachment":[{"href":"https:\/\/buddhaseedbank.com\/it\/wp-json\/wp\/v2\/media?parent=4444"}],"wp:term":[{"taxonomy":"product_brand","embeddable":true,"href":"https:\/\/buddhaseedbank.com\/it\/wp-json\/wp\/v2\/product_brand?post=4444"},{"taxonomy":"product_cat","embeddable":true,"href":"https:\/\/buddhaseedbank.com\/it\/wp-json\/wp\/v2\/product_cat?post=4444"},{"taxonomy":"product_tag","embeddable":true,"href":"https:\/\/buddhaseedbank.com\/it\/wp-json\/wp\/v2\/product_tag?post=4444"}],"curies":[{"name":"wp","href":"https:\/\/api.w.org\/{rel}","templated":true}]}}