{"id":4509,"date":"2020-12-03T10:37:22","date_gmt":"2020-12-03T09:37:22","guid":{"rendered":"https:\/\/buddhaseedbank.com\/producto\/buddha-auto-diesel\/"},"modified":"2026-04-13T20:54:55","modified_gmt":"2026-04-13T18:54:55","slug":"buddha-auto-diesel","status":"publish","type":"product","link":"https:\/\/buddhaseedbank.com\/it\/producto\/buddha-auto-diesel\/","title":{"rendered":"Buddha Auto Diesel"},"content":{"rendered":"<p style=\"text-align: justify;\">Un <strong>classico moderno e irrinunciabile<\/strong> che ha segnato un&#8217;epoca precedente e successiva nei sapori della cannabis. Il mistero che circonda le origini della Diesel permane ancora tra i coltivatori pi\u00f9 esperti, soddisfacendo il fascino di una storia suggestiva. Tuttavia, tutte le storie portano allo stesso protagonista: <strong>Chemdog, autore di questo classico<\/strong>.<\/p>\n<p style=\"text-align: justify;\">Dobbiamo risalire agli anni &#8217;90 negli Stati Uniti per individuare l&#8217;origine di <strong>questa variet\u00e0 globalizzata<\/strong>. Chemdog compr\u00f2 alcuni fiori di cannabis a un concerto dei Grateful Dead in cui trov\u00f2 alcuni semi che poi divennero i semi dell&#8217;attuale Diesel. Nel corso degli anni, \u00e8 diventata una variet\u00e0 standard tra i coltivatori e ha vinto innumerevoli coppe nei concorsi di tutto il mondo.<\/p>\n<p style=\"text-align: justify;\">Per questo motivo, noi di Buddha Seeds non abbiamo esitato a inserirlo nel nostro catalogo di classici. Ma sempre con la cura che ci contraddistingue, con il marchio di qualit\u00e0 Buddha Seeds.<\/p>\n<p style=\"text-align: justify;\">Grazie al nostro programma di selezione, con la <strong>Buddha Auto Diesel di Buddha Seeds<\/strong> abbiamo aumentato e stabilizzato il rendimento fino a limiti inimmaginabili in una variet\u00e0 che ne era priva. E allo stesso tempo volevamo mantenere la <strong>variazione dei fenotipi con tante sfumature di sapori<\/strong> che la contraddistinguono e per cui \u00e8 stata utilizzata in migliaia di programmi di sviluppo.<\/p>\n<p style=\"text-align: justify;\">Anche se ha quel fondo comune che la caratterizza, le abbiamo permesso di produrre fenotipi che vanno dagli agrumi come il limone o il pompelmo a tocchi terrosi. <strong>Buddha Auto Diesel<\/strong> mantiene quella coltre di resina che la caratterizza e la rende perfetta per le estrazioni.<\/p>\n<p style=\"text-align: justify;\">La <strong>Buddha Auto Diesel di Buddha Seeds<\/strong> \u00e8 una pianta tuttofare; non richiede molte cure ed \u00e8 adatta a chi ha poche conoscenze sulla coltivazione della pianta. Si adatta bene anche alle condizioni climatiche avverse.<\/p>\n<p style=\"text-align: justify;\">In breve, i genitori di questa classica <strong>autofiorente di Buddha Seeds<\/strong> la rendono una pianta davvero attraente, con risultati produttivi soprattutto nelle coltivazioni in terra madre e con aromi e sapori piacevoli al palato. Una prelibatezza che non pu\u00f2 mancare nel tuo giardino.<\/p>\n<p style=\"text-align: justify;\"><a style=\"background-color: #ff0000; color: #ffffff;\" href=\"https:\/\/youtu.be\/eweW56lsE8k\" target=\"_blank\" rel=\"noreferrer noopener nofollow\">YOUTUBE \u25ba<\/a><\/p>\n","protected":false},"excerpt":{"rendered":"<p style=\"text-align: justify;\">Grazie al nostro programma di selezione, con la <strong>Buddha Auto Diesel di Buddha Seeds<\/strong> abbiamo aumentato e stabilizzato il rendimento fino a limiti inimmaginabili in una variet\u00e0 che ne era priva. E allo stesso tempo volevamo mantenere la <strong>variazione dei fenotipi con tante sfumature di sapori<\/strong> che la contraddistinguono e per cui \u00e8 stata utilizzata in migliaia di programmi di sviluppo.<\/p>\n","protected":false},"featured_media":4488,"template":"","meta":{"_joinchat":[]},"product_brand":[],"product_cat":[640,110],"product_tag":[1377,1381,1465,1392,1504,1508,1437,1150],"class_list":{"0":"post-4509","1":"product","2":"type-product","3":"status-publish","4":"has-post-thumbnail","6":"product_cat-buddha-seeds-classics-it","7":"product_cat-varieta-buddha-seeds","8":"product_tag-autofiorente-esterno","9":"product_tag-autofiorenti-indoor","10":"product_tag-cannabis-aperto","11":"product_tag-cannabis-effetto-potente","12":"product_tag-cannabis-indoor","13":"product_tag-classici-cannabis","14":"product_tag-piante-autofiorenti-produttive","15":"product_tag-semi-autofiorenti","16":"pa_8d-tiempodecultivocrecimient-75dias-it","17":"pa_efecto-1e-psicoactiva_creativoysoci-it","18":"pa_fa-produccionenexteriorporpl-70_130gr-it","19":"pa_genetica-sativa-it","20":"pa_produccionm-350_500gr-it","21":"pa_semillas-10unidades-it","22":"pa_semillas-3unidades-it","23":"pa_semillas-50unidades-it","24":"pa_sexo-feminizada-it","25":"pa_tipo-autofiorenti-it","27":"first","28":"instock","29":"taxable","30":"shipping-taxable","31":"purchasable","32":"product-type-variable"},"yoast_head":"<!-- This site is optimized with the Yoast SEO plugin v27.3 - https:\/\/yoast.com\/product\/yoast-seo-wordpress\/ -->\n<title>Buddha Auto Diesel - Buddha Seeds<\/title>\n<meta name=\"description\" content=\"L&#039;autofiorente Diesel di Buddha Seeds si distingue per la variazione di fenotipi con molte sfumature di sapori che la definiscono e per cui \u00e8 stata utilizzata in migliaia di programmi di sviluppo.\" \/>\n<meta name=\"robots\" content=\"index, follow, max-snippet:-1, max-image-preview:large, max-video-preview:-1\" \/>\n<link rel=\"canonical\" href=\"https:\/\/buddhaseedbank.com\/it\/producto\/buddha-auto-diesel\/\" \/>\n<meta property=\"og:locale\" content=\"it_IT\" \/>\n<meta property=\"og:type\" content=\"article\" \/>\n<meta property=\"og:title\" content=\"Buddha Auto Diesel - Buddha Seeds\" \/>\n<meta property=\"og:description\" content=\"L&#039;autofiorente Diesel di Buddha Seeds si distingue per la variazione di fenotipi con molte sfumature di sapori che la definiscono e per cui \u00e8 stata utilizzata in migliaia di programmi di sviluppo.\" \/>\n<meta property=\"og:url\" content=\"https:\/\/buddhaseedbank.com\/it\/producto\/buddha-auto-diesel\/\" \/>\n<meta property=\"og:site_name\" content=\"Buddha Seeds\" \/>\n<meta property=\"article:modified_time\" content=\"2026-04-13T18:54:55+00:00\" \/>\n<meta property=\"og:image\" content=\"https:\/\/buddhaseedbank.com\/wp-content\/uploads\/2020\/12\/262-Buddha-Auto-Diesel.jpg\" \/>\n\t<meta property=\"og:image:width\" content=\"1080\" \/>\n\t<meta property=\"og:image:height\" content=\"1080\" \/>\n\t<meta property=\"og:image:type\" content=\"image\/jpeg\" \/>\n<meta name=\"twitter:card\" content=\"summary_large_image\" \/>\n<meta name=\"twitter:label1\" content=\"Tempo di lettura stimato\" \/>\n\t<meta name=\"twitter:data1\" content=\"2 minuti\" \/>\n<script type=\"application\/ld+json\" class=\"yoast-schema-graph\">{\"@context\":\"https:\\\/\\\/schema.org\",\"@graph\":[{\"@type\":\"WebPage\",\"@id\":\"https:\\\/\\\/buddhaseedbank.com\\\/it\\\/producto\\\/buddha-auto-diesel\\\/\",\"url\":\"https:\\\/\\\/buddhaseedbank.com\\\/it\\\/producto\\\/buddha-auto-diesel\\\/\",\"name\":\"Buddha Auto Diesel - Buddha Seeds\",\"isPartOf\":{\"@id\":\"https:\\\/\\\/buddhaseedbank.com\\\/it\\\/#website\"},\"primaryImageOfPage\":{\"@id\":\"https:\\\/\\\/buddhaseedbank.com\\\/it\\\/producto\\\/buddha-auto-diesel\\\/#primaryimage\"},\"image\":{\"@id\":\"https:\\\/\\\/buddhaseedbank.com\\\/it\\\/producto\\\/buddha-auto-diesel\\\/#primaryimage\"},\"thumbnailUrl\":\"https:\\\/\\\/buddhaseedbank.com\\\/wp-content\\\/uploads\\\/2020\\\/12\\\/262-Buddha-Auto-Diesel.jpg\",\"datePublished\":\"2020-12-03T09:37:22+00:00\",\"dateModified\":\"2026-04-13T18:54:55+00:00\",\"description\":\"L'autofiorente Diesel di Buddha Seeds si distingue per la variazione di fenotipi con molte sfumature di sapori che la definiscono e per cui \u00e8 stata utilizzata in migliaia di programmi di sviluppo.\",\"breadcrumb\":{\"@id\":\"https:\\\/\\\/buddhaseedbank.com\\\/it\\\/producto\\\/buddha-auto-diesel\\\/#breadcrumb\"},\"inLanguage\":\"it-IT\",\"potentialAction\":[{\"@type\":\"ReadAction\",\"target\":[\"https:\\\/\\\/buddhaseedbank.com\\\/it\\\/producto\\\/buddha-auto-diesel\\\/\"]}]},{\"@type\":\"ImageObject\",\"inLanguage\":\"it-IT\",\"@id\":\"https:\\\/\\\/buddhaseedbank.com\\\/it\\\/producto\\\/buddha-auto-diesel\\\/#primaryimage\",\"url\":\"https:\\\/\\\/buddhaseedbank.com\\\/wp-content\\\/uploads\\\/2020\\\/12\\\/262-Buddha-Auto-Diesel.jpg\",\"contentUrl\":\"https:\\\/\\\/buddhaseedbank.com\\\/wp-content\\\/uploads\\\/2020\\\/12\\\/262-Buddha-Auto-Diesel.jpg\",\"width\":1080,\"height\":1080,\"caption\":\"Buddha Auto Diesel\"},{\"@type\":\"BreadcrumbList\",\"@id\":\"https:\\\/\\\/buddhaseedbank.com\\\/it\\\/producto\\\/buddha-auto-diesel\\\/#breadcrumb\",\"itemListElement\":[{\"@type\":\"ListItem\",\"position\":1,\"name\":\"Portada\",\"item\":\"https:\\\/\\\/buddhaseedbank.com\\\/it\\\/\"},{\"@type\":\"ListItem\",\"position\":2,\"name\":\"Shop\",\"item\":\"https:\\\/\\\/buddhaseedbank.com\\\/it\\\/shop\\\/\"},{\"@type\":\"ListItem\",\"position\":3,\"name\":\"Buddha Auto Diesel\"}]},{\"@type\":\"WebSite\",\"@id\":\"https:\\\/\\\/buddhaseedbank.com\\\/it\\\/#website\",\"url\":\"https:\\\/\\\/buddhaseedbank.com\\\/it\\\/\",\"name\":\"Buddha Seeds\",\"description\":\"\",\"publisher\":{\"@id\":\"https:\\\/\\\/buddhaseedbank.com\\\/it\\\/#organization\"},\"potentialAction\":[{\"@type\":\"SearchAction\",\"target\":{\"@type\":\"EntryPoint\",\"urlTemplate\":\"https:\\\/\\\/buddhaseedbank.com\\\/it\\\/?s={search_term_string}\"},\"query-input\":{\"@type\":\"PropertyValueSpecification\",\"valueRequired\":true,\"valueName\":\"search_term_string\"}}],\"inLanguage\":\"it-IT\"},{\"@type\":\"Organization\",\"@id\":\"https:\\\/\\\/buddhaseedbank.com\\\/it\\\/#organization\",\"name\":\"Buddha Seeds\",\"url\":\"https:\\\/\\\/buddhaseedbank.com\\\/it\\\/\",\"logo\":{\"@type\":\"ImageObject\",\"inLanguage\":\"it-IT\",\"@id\":\"https:\\\/\\\/buddhaseedbank.com\\\/it\\\/#\\\/schema\\\/logo\\\/image\\\/\",\"url\":\"https:\\\/\\\/buddhaseedbank.com\\\/wp-content\\\/uploads\\\/2024\\\/04\\\/buddha-seeds-logo-1622448424-1.png\",\"contentUrl\":\"https:\\\/\\\/buddhaseedbank.com\\\/wp-content\\\/uploads\\\/2024\\\/04\\\/buddha-seeds-logo-1622448424-1.png\",\"width\":478,\"height\":200,\"caption\":\"Buddha Seeds\"},\"image\":{\"@id\":\"https:\\\/\\\/buddhaseedbank.com\\\/it\\\/#\\\/schema\\\/logo\\\/image\\\/\"}}]}<\/script>\n<!-- \/ Yoast SEO plugin. -->","yoast_head_json":{"title":"Buddha Auto Diesel - Buddha Seeds","description":"L'autofiorente Diesel di Buddha Seeds si distingue per la variazione di fenotipi con molte sfumature di sapori che la definiscono e per cui \u00e8 stata utilizzata in migliaia di programmi di sviluppo.","robots":{"index":"index","follow":"follow","max-snippet":"max-snippet:-1","max-image-preview":"max-image-preview:large","max-video-preview":"max-video-preview:-1"},"canonical":"https:\/\/buddhaseedbank.com\/it\/producto\/buddha-auto-diesel\/","og_locale":"it_IT","og_type":"article","og_title":"Buddha Auto Diesel - Buddha Seeds","og_description":"L'autofiorente Diesel di Buddha Seeds si distingue per la variazione di fenotipi con molte sfumature di sapori che la definiscono e per cui \u00e8 stata utilizzata in migliaia di programmi di sviluppo.","og_url":"https:\/\/buddhaseedbank.com\/it\/producto\/buddha-auto-diesel\/","og_site_name":"Buddha Seeds","article_modified_time":"2026-04-13T18:54:55+00:00","og_image":[{"width":1080,"height":1080,"url":"https:\/\/buddhaseedbank.com\/wp-content\/uploads\/2020\/12\/262-Buddha-Auto-Diesel.jpg","type":"image\/jpeg"}],"twitter_card":"summary_large_image","twitter_misc":{"Tempo di lettura stimato":"2 minuti"},"schema":{"@context":"https:\/\/schema.org","@graph":[{"@type":"WebPage","@id":"https:\/\/buddhaseedbank.com\/it\/producto\/buddha-auto-diesel\/","url":"https:\/\/buddhaseedbank.com\/it\/producto\/buddha-auto-diesel\/","name":"Buddha Auto Diesel - Buddha Seeds","isPartOf":{"@id":"https:\/\/buddhaseedbank.com\/it\/#website"},"primaryImageOfPage":{"@id":"https:\/\/buddhaseedbank.com\/it\/producto\/buddha-auto-diesel\/#primaryimage"},"image":{"@id":"https:\/\/buddhaseedbank.com\/it\/producto\/buddha-auto-diesel\/#primaryimage"},"thumbnailUrl":"https:\/\/buddhaseedbank.com\/wp-content\/uploads\/2020\/12\/262-Buddha-Auto-Diesel.jpg","datePublished":"2020-12-03T09:37:22+00:00","dateModified":"2026-04-13T18:54:55+00:00","description":"L'autofiorente Diesel di Buddha Seeds si distingue per la variazione di fenotipi con molte sfumature di sapori che la definiscono e per cui \u00e8 stata utilizzata in migliaia di programmi di sviluppo.","breadcrumb":{"@id":"https:\/\/buddhaseedbank.com\/it\/producto\/buddha-auto-diesel\/#breadcrumb"},"inLanguage":"it-IT","potentialAction":[{"@type":"ReadAction","target":["https:\/\/buddhaseedbank.com\/it\/producto\/buddha-auto-diesel\/"]}]},{"@type":"ImageObject","inLanguage":"it-IT","@id":"https:\/\/buddhaseedbank.com\/it\/producto\/buddha-auto-diesel\/#primaryimage","url":"https:\/\/buddhaseedbank.com\/wp-content\/uploads\/2020\/12\/262-Buddha-Auto-Diesel.jpg","contentUrl":"https:\/\/buddhaseedbank.com\/wp-content\/uploads\/2020\/12\/262-Buddha-Auto-Diesel.jpg","width":1080,"height":1080,"caption":"Buddha Auto Diesel"},{"@type":"BreadcrumbList","@id":"https:\/\/buddhaseedbank.com\/it\/producto\/buddha-auto-diesel\/#breadcrumb","itemListElement":[{"@type":"ListItem","position":1,"name":"Portada","item":"https:\/\/buddhaseedbank.com\/it\/"},{"@type":"ListItem","position":2,"name":"Shop","item":"https:\/\/buddhaseedbank.com\/it\/shop\/"},{"@type":"ListItem","position":3,"name":"Buddha Auto Diesel"}]},{"@type":"WebSite","@id":"https:\/\/buddhaseedbank.com\/it\/#website","url":"https:\/\/buddhaseedbank.com\/it\/","name":"Buddha Seeds","description":"","publisher":{"@id":"https:\/\/buddhaseedbank.com\/it\/#organization"},"potentialAction":[{"@type":"SearchAction","target":{"@type":"EntryPoint","urlTemplate":"https:\/\/buddhaseedbank.com\/it\/?s={search_term_string}"},"query-input":{"@type":"PropertyValueSpecification","valueRequired":true,"valueName":"search_term_string"}}],"inLanguage":"it-IT"},{"@type":"Organization","@id":"https:\/\/buddhaseedbank.com\/it\/#organization","name":"Buddha Seeds","url":"https:\/\/buddhaseedbank.com\/it\/","logo":{"@type":"ImageObject","inLanguage":"it-IT","@id":"https:\/\/buddhaseedbank.com\/it\/#\/schema\/logo\/image\/","url":"https:\/\/buddhaseedbank.com\/wp-content\/uploads\/2024\/04\/buddha-seeds-logo-1622448424-1.png","contentUrl":"https:\/\/buddhaseedbank.com\/wp-content\/uploads\/2024\/04\/buddha-seeds-logo-1622448424-1.png","width":478,"height":200,"caption":"Buddha Seeds"},"image":{"@id":"https:\/\/buddhaseedbank.com\/it\/#\/schema\/logo\/image\/"}}]}},"_links":{"self":[{"href":"https:\/\/buddhaseedbank.com\/it\/wp-json\/wp\/v2\/product\/4509","targetHints":{"allow":["GET"]}}],"collection":[{"href":"https:\/\/buddhaseedbank.com\/it\/wp-json\/wp\/v2\/product"}],"about":[{"href":"https:\/\/buddhaseedbank.com\/it\/wp-json\/wp\/v2\/types\/product"}],"wp:featuredmedia":[{"embeddable":true,"href":"https:\/\/buddhaseedbank.com\/it\/wp-json\/wp\/v2\/media\/4488"}],"wp:attachment":[{"href":"https:\/\/buddhaseedbank.com\/it\/wp-json\/wp\/v2\/media?parent=4509"}],"wp:term":[{"taxonomy":"product_brand","embeddable":true,"href":"https:\/\/buddhaseedbank.com\/it\/wp-json\/wp\/v2\/product_brand?post=4509"},{"taxonomy":"product_cat","embeddable":true,"href":"https:\/\/buddhaseedbank.com\/it\/wp-json\/wp\/v2\/product_cat?post=4509"},{"taxonomy":"product_tag","embeddable":true,"href":"https:\/\/buddhaseedbank.com\/it\/wp-json\/wp\/v2\/product_tag?post=4509"}],"curies":[{"name":"wp","href":"https:\/\/api.w.org\/{rel}","templated":true}]}}