{"id":4564,"date":"2020-12-03T11:42:18","date_gmt":"2020-12-03T10:42:18","guid":{"rendered":"https:\/\/buddhaseedbank.com\/producto\/buddha-auto-skunk\/"},"modified":"2025-08-12T12:18:14","modified_gmt":"2025-08-12T10:18:14","slug":"buddha-auto-skunk","status":"publish","type":"product","link":"https:\/\/buddhaseedbank.com\/it\/producto\/buddha-auto-skunk\/","title":{"rendered":"Buddha Auto Skunk"},"content":{"rendered":"<p style=\"text-align: justify;\">La Skunk vanta uno degli ibridi pi\u00f9 riconosciuti dai coltivatori. Questa reputazione commerciale \u00e8 stata guadagnata in parte grazie alla sua azzeccata nomenclatura, poich\u00e9 <strong>gli esemplari di Skunk emanano un aroma dolce <\/strong>molto caratteristico.<\/p>\n<p style=\"text-align: justify;\">La <strong>storia di Skunk<\/strong> ha abbastanza materiale per una serie televisiva. Uno dei protagonisti della creazione di questo classico \u00e8 l&#8217;<em>allevatore<\/em> Sam &#8216;The Skunkman&#8217; che, insieme a un gruppo di soci, ha scritto i primi passi di una leggenda.<\/p>\n<p style=\"text-align: justify;\">La situazione negli Stati Uniti era delicata, in quanto le costanti pressioni politiche contro la droga erano all&#8217;ordine del giorno. Pertanto, Skunk ha dovuto fare il salto nel continente europeo, alla ricerca di un&#8217;opportunit\u00e0. E non gli ci \u00e8 voluto molto per trovarla, visto che <strong>\u00e8 stata trasferita in una prestigiosa banca<\/strong> dei semi olandese.<\/p>\n<p style=\"text-align: justify;\">Da <strong>Buddha Seeds<\/strong> non abbiamo esitato a includere questa variet\u00e0 nella collezione di classici con la nostra identit\u00e0, rendendole <strong>omaggio con la<\/strong> <strong>Buddha Auto Skunk<\/strong>. Siamo riusciti a far emergere gli aspetti pi\u00f9 interessanti che i coltivatori apprezzano tanto di questa genetica.<\/p>\n<p style=\"text-align: justify;\">Le <strong>caratteristiche della Buddha Auto Skunk<\/strong> possono essere riassunte come un ibrido a dominanza sativa con un&#8217;uniformit\u00e0 stabile, <strong>forte, potente e produttiva<\/strong>. I tempi di coltivazione sono rapidi, soprattutto se si considera l&#8217;esito del raccolto finale. \u00c8 consigliabile eliminare gli odori nelle colture indoor con filtri antiodore e mantenere la discrezione nelle colture outdoor, poich\u00e9 la loro presenza \u00e8 nota.<\/p>\n<p style=\"text-align: justify;\">La genetica sativa \u00e8 evidente in ogni individuo di <strong>Buddha Auto Skunk<\/strong>. Ha una vistosit\u00e0 impressionante, con calici prominenti e pistilli abbondanti che <strong>formano cime voluminose<\/strong>. L&#8217;effetto \u00e8 quello di una vera sativa, pura energia cerebrale che faciliter\u00e0 la creativit\u00e0, le vibrazioni sociali e la vitalit\u00e0 personale.<\/p>\n<p style=\"text-align: justify;\">Il suo sapore \u00e8 indescrivibile. Possiamo dire che \u00e8 <strong>la quintessenza del sapore della marijuana<\/strong>. Sebbene mantenga sempre lo stesso background Skunk, ha un&#8217;incredibile variazione aromatica che va dagli agrumi fruttati agli aromi acri.<\/p>\n<p style=\"text-align: justify;\"><a style=\"background-color: #ff0000; color: #ffffff;\" href=\"https:\/\/www.youtube.com\/watch?v=0L_GaJYVzSc\" target=\"_blank\" rel=\"noreferrer noopener nofollow\">YOUTUBE \u25ba<\/a><\/p>\n","protected":false},"excerpt":{"rendered":"<p style=\"text-align: justify;\">Le <strong>caratteristiche della Buddha Auto Skunk<\/strong> possono essere riassunte come un ibrido a dominanza sativa con un&#8217;uniformit\u00e0 stabile, <strong>forte, potente e produttiva<\/strong>. I tempi di coltivazione sono rapidi, soprattutto se si considera l&#8217;esito del raccolto finale. \u00c8 consigliabile eliminare gli odori nelle colture indoor con filtri antiodore e mantenere la discrezione nelle colture outdoor, poich\u00e9 la loro presenza \u00e8 nota.<\/p>\n","protected":false},"featured_media":4548,"template":"","meta":{"_joinchat":[]},"product_brand":[],"product_cat":[640,110],"product_tag":[1377,1381,1486,1392,1504,1461,1508,1384,1150],"class_list":{"0":"post-4564","1":"product","2":"type-product","3":"status-publish","4":"has-post-thumbnail","6":"product_cat-buddha-seeds-classics-it","7":"product_cat-varieta-buddha-seeds","8":"product_tag-autofiorente-esterno","9":"product_tag-autofiorenti-indoor","10":"product_tag-autofiorenti-produttive","11":"product_tag-cannabis-effetto-potente","12":"product_tag-cannabis-indoor","13":"product_tag-cannabis-sativa-it","14":"product_tag-classici-cannabis","15":"product_tag-sativa-autofiorente","16":"product_tag-semi-autofiorenti","17":"pa_8d-tiempodecultivocrecimient-75dias-it","18":"pa_efecto-51-energiacerebralquefacilit-it","19":"pa_fa-produccionenexteriorporpl-80_120gr-it","20":"pa_genetica-indica-it","21":"pa_produccionm-450_550gr-it","22":"pa_semillas-10unidades-it","23":"pa_semillas-3unidades-it","24":"pa_semillas-50unidades-it","25":"pa_sexo-feminizada-it","26":"pa_tipo-autofiorenti-it","28":"first","29":"instock","30":"taxable","31":"shipping-taxable","32":"purchasable","33":"product-type-variable"},"yoast_head":"<!-- This site is optimized with the Yoast SEO plugin v27.3 - https:\/\/yoast.com\/product\/yoast-seo-wordpress\/ -->\n<title>Buddha Auto Skunk - Buddha Seeds<\/title>\n<meta name=\"description\" content=\"Autofiorente Buddha Skunk \u00e8 un ibrido di cannabis a predominanza sativa, uniformemente stabile, forte, potente e produttivo\" \/>\n<meta name=\"robots\" content=\"index, follow, max-snippet:-1, max-image-preview:large, max-video-preview:-1\" \/>\n<link rel=\"canonical\" href=\"https:\/\/buddhaseedbank.com\/it\/producto\/buddha-auto-skunk\/\" \/>\n<meta property=\"og:locale\" content=\"it_IT\" \/>\n<meta property=\"og:type\" content=\"article\" \/>\n<meta property=\"og:title\" content=\"Buddha Auto Skunk - Buddha Seeds\" \/>\n<meta property=\"og:description\" content=\"Autofiorente Buddha Skunk \u00e8 un ibrido di cannabis a predominanza sativa, uniformemente stabile, forte, potente e produttivo\" \/>\n<meta property=\"og:url\" content=\"https:\/\/buddhaseedbank.com\/it\/producto\/buddha-auto-skunk\/\" \/>\n<meta property=\"og:site_name\" content=\"Buddha Seeds\" \/>\n<meta property=\"article:modified_time\" content=\"2025-08-12T10:18:14+00:00\" \/>\n<meta property=\"og:image\" content=\"https:\/\/buddhaseedbank.com\/wp-content\/uploads\/2020\/12\/220-Buddha-Auto-Skunk.jpg\" \/>\n\t<meta property=\"og:image:width\" content=\"1080\" \/>\n\t<meta property=\"og:image:height\" content=\"1080\" \/>\n\t<meta property=\"og:image:type\" content=\"image\/jpeg\" \/>\n<meta name=\"twitter:card\" content=\"summary_large_image\" \/>\n<meta name=\"twitter:label1\" content=\"Tempo di lettura stimato\" \/>\n\t<meta name=\"twitter:data1\" content=\"2 minuti\" \/>\n<script type=\"application\/ld+json\" class=\"yoast-schema-graph\">{\"@context\":\"https:\\\/\\\/schema.org\",\"@graph\":[{\"@type\":\"WebPage\",\"@id\":\"https:\\\/\\\/buddhaseedbank.com\\\/it\\\/producto\\\/buddha-auto-skunk\\\/\",\"url\":\"https:\\\/\\\/buddhaseedbank.com\\\/it\\\/producto\\\/buddha-auto-skunk\\\/\",\"name\":\"Buddha Auto Skunk - Buddha Seeds\",\"isPartOf\":{\"@id\":\"https:\\\/\\\/buddhaseedbank.com\\\/it\\\/#website\"},\"primaryImageOfPage\":{\"@id\":\"https:\\\/\\\/buddhaseedbank.com\\\/it\\\/producto\\\/buddha-auto-skunk\\\/#primaryimage\"},\"image\":{\"@id\":\"https:\\\/\\\/buddhaseedbank.com\\\/it\\\/producto\\\/buddha-auto-skunk\\\/#primaryimage\"},\"thumbnailUrl\":\"https:\\\/\\\/buddhaseedbank.com\\\/wp-content\\\/uploads\\\/2020\\\/12\\\/220-Buddha-Auto-Skunk.jpg\",\"datePublished\":\"2020-12-03T10:42:18+00:00\",\"dateModified\":\"2025-08-12T10:18:14+00:00\",\"description\":\"Autofiorente Buddha Skunk \u00e8 un ibrido di cannabis a predominanza sativa, uniformemente stabile, forte, potente e produttivo\",\"breadcrumb\":{\"@id\":\"https:\\\/\\\/buddhaseedbank.com\\\/it\\\/producto\\\/buddha-auto-skunk\\\/#breadcrumb\"},\"inLanguage\":\"it-IT\",\"potentialAction\":[{\"@type\":\"ReadAction\",\"target\":[\"https:\\\/\\\/buddhaseedbank.com\\\/it\\\/producto\\\/buddha-auto-skunk\\\/\"]}]},{\"@type\":\"ImageObject\",\"inLanguage\":\"it-IT\",\"@id\":\"https:\\\/\\\/buddhaseedbank.com\\\/it\\\/producto\\\/buddha-auto-skunk\\\/#primaryimage\",\"url\":\"https:\\\/\\\/buddhaseedbank.com\\\/wp-content\\\/uploads\\\/2020\\\/12\\\/220-Buddha-Auto-Skunk.jpg\",\"contentUrl\":\"https:\\\/\\\/buddhaseedbank.com\\\/wp-content\\\/uploads\\\/2020\\\/12\\\/220-Buddha-Auto-Skunk.jpg\",\"width\":1080,\"height\":1080,\"caption\":\"Buddha Auto Skunk\"},{\"@type\":\"BreadcrumbList\",\"@id\":\"https:\\\/\\\/buddhaseedbank.com\\\/it\\\/producto\\\/buddha-auto-skunk\\\/#breadcrumb\",\"itemListElement\":[{\"@type\":\"ListItem\",\"position\":1,\"name\":\"Portada\",\"item\":\"https:\\\/\\\/buddhaseedbank.com\\\/it\\\/\"},{\"@type\":\"ListItem\",\"position\":2,\"name\":\"Shop\",\"item\":\"https:\\\/\\\/buddhaseedbank.com\\\/it\\\/shop\\\/\"},{\"@type\":\"ListItem\",\"position\":3,\"name\":\"Buddha Auto Skunk\"}]},{\"@type\":\"WebSite\",\"@id\":\"https:\\\/\\\/buddhaseedbank.com\\\/it\\\/#website\",\"url\":\"https:\\\/\\\/buddhaseedbank.com\\\/it\\\/\",\"name\":\"Buddha Seeds\",\"description\":\"\",\"publisher\":{\"@id\":\"https:\\\/\\\/buddhaseedbank.com\\\/it\\\/#organization\"},\"potentialAction\":[{\"@type\":\"SearchAction\",\"target\":{\"@type\":\"EntryPoint\",\"urlTemplate\":\"https:\\\/\\\/buddhaseedbank.com\\\/it\\\/?s={search_term_string}\"},\"query-input\":{\"@type\":\"PropertyValueSpecification\",\"valueRequired\":true,\"valueName\":\"search_term_string\"}}],\"inLanguage\":\"it-IT\"},{\"@type\":\"Organization\",\"@id\":\"https:\\\/\\\/buddhaseedbank.com\\\/it\\\/#organization\",\"name\":\"Buddha Seeds\",\"url\":\"https:\\\/\\\/buddhaseedbank.com\\\/it\\\/\",\"logo\":{\"@type\":\"ImageObject\",\"inLanguage\":\"it-IT\",\"@id\":\"https:\\\/\\\/buddhaseedbank.com\\\/it\\\/#\\\/schema\\\/logo\\\/image\\\/\",\"url\":\"https:\\\/\\\/buddhaseedbank.com\\\/wp-content\\\/uploads\\\/2024\\\/04\\\/buddha-seeds-logo-1622448424-1.png\",\"contentUrl\":\"https:\\\/\\\/buddhaseedbank.com\\\/wp-content\\\/uploads\\\/2024\\\/04\\\/buddha-seeds-logo-1622448424-1.png\",\"width\":478,\"height\":200,\"caption\":\"Buddha Seeds\"},\"image\":{\"@id\":\"https:\\\/\\\/buddhaseedbank.com\\\/it\\\/#\\\/schema\\\/logo\\\/image\\\/\"}}]}<\/script>\n<!-- \/ Yoast SEO plugin. -->","yoast_head_json":{"title":"Buddha Auto Skunk - Buddha Seeds","description":"Autofiorente Buddha Skunk \u00e8 un ibrido di cannabis a predominanza sativa, uniformemente stabile, forte, potente e produttivo","robots":{"index":"index","follow":"follow","max-snippet":"max-snippet:-1","max-image-preview":"max-image-preview:large","max-video-preview":"max-video-preview:-1"},"canonical":"https:\/\/buddhaseedbank.com\/it\/producto\/buddha-auto-skunk\/","og_locale":"it_IT","og_type":"article","og_title":"Buddha Auto Skunk - Buddha Seeds","og_description":"Autofiorente Buddha Skunk \u00e8 un ibrido di cannabis a predominanza sativa, uniformemente stabile, forte, potente e produttivo","og_url":"https:\/\/buddhaseedbank.com\/it\/producto\/buddha-auto-skunk\/","og_site_name":"Buddha Seeds","article_modified_time":"2025-08-12T10:18:14+00:00","og_image":[{"width":1080,"height":1080,"url":"https:\/\/buddhaseedbank.com\/wp-content\/uploads\/2020\/12\/220-Buddha-Auto-Skunk.jpg","type":"image\/jpeg"}],"twitter_card":"summary_large_image","twitter_misc":{"Tempo di lettura stimato":"2 minuti"},"schema":{"@context":"https:\/\/schema.org","@graph":[{"@type":"WebPage","@id":"https:\/\/buddhaseedbank.com\/it\/producto\/buddha-auto-skunk\/","url":"https:\/\/buddhaseedbank.com\/it\/producto\/buddha-auto-skunk\/","name":"Buddha Auto Skunk - Buddha Seeds","isPartOf":{"@id":"https:\/\/buddhaseedbank.com\/it\/#website"},"primaryImageOfPage":{"@id":"https:\/\/buddhaseedbank.com\/it\/producto\/buddha-auto-skunk\/#primaryimage"},"image":{"@id":"https:\/\/buddhaseedbank.com\/it\/producto\/buddha-auto-skunk\/#primaryimage"},"thumbnailUrl":"https:\/\/buddhaseedbank.com\/wp-content\/uploads\/2020\/12\/220-Buddha-Auto-Skunk.jpg","datePublished":"2020-12-03T10:42:18+00:00","dateModified":"2025-08-12T10:18:14+00:00","description":"Autofiorente Buddha Skunk \u00e8 un ibrido di cannabis a predominanza sativa, uniformemente stabile, forte, potente e produttivo","breadcrumb":{"@id":"https:\/\/buddhaseedbank.com\/it\/producto\/buddha-auto-skunk\/#breadcrumb"},"inLanguage":"it-IT","potentialAction":[{"@type":"ReadAction","target":["https:\/\/buddhaseedbank.com\/it\/producto\/buddha-auto-skunk\/"]}]},{"@type":"ImageObject","inLanguage":"it-IT","@id":"https:\/\/buddhaseedbank.com\/it\/producto\/buddha-auto-skunk\/#primaryimage","url":"https:\/\/buddhaseedbank.com\/wp-content\/uploads\/2020\/12\/220-Buddha-Auto-Skunk.jpg","contentUrl":"https:\/\/buddhaseedbank.com\/wp-content\/uploads\/2020\/12\/220-Buddha-Auto-Skunk.jpg","width":1080,"height":1080,"caption":"Buddha Auto Skunk"},{"@type":"BreadcrumbList","@id":"https:\/\/buddhaseedbank.com\/it\/producto\/buddha-auto-skunk\/#breadcrumb","itemListElement":[{"@type":"ListItem","position":1,"name":"Portada","item":"https:\/\/buddhaseedbank.com\/it\/"},{"@type":"ListItem","position":2,"name":"Shop","item":"https:\/\/buddhaseedbank.com\/it\/shop\/"},{"@type":"ListItem","position":3,"name":"Buddha Auto Skunk"}]},{"@type":"WebSite","@id":"https:\/\/buddhaseedbank.com\/it\/#website","url":"https:\/\/buddhaseedbank.com\/it\/","name":"Buddha Seeds","description":"","publisher":{"@id":"https:\/\/buddhaseedbank.com\/it\/#organization"},"potentialAction":[{"@type":"SearchAction","target":{"@type":"EntryPoint","urlTemplate":"https:\/\/buddhaseedbank.com\/it\/?s={search_term_string}"},"query-input":{"@type":"PropertyValueSpecification","valueRequired":true,"valueName":"search_term_string"}}],"inLanguage":"it-IT"},{"@type":"Organization","@id":"https:\/\/buddhaseedbank.com\/it\/#organization","name":"Buddha Seeds","url":"https:\/\/buddhaseedbank.com\/it\/","logo":{"@type":"ImageObject","inLanguage":"it-IT","@id":"https:\/\/buddhaseedbank.com\/it\/#\/schema\/logo\/image\/","url":"https:\/\/buddhaseedbank.com\/wp-content\/uploads\/2024\/04\/buddha-seeds-logo-1622448424-1.png","contentUrl":"https:\/\/buddhaseedbank.com\/wp-content\/uploads\/2024\/04\/buddha-seeds-logo-1622448424-1.png","width":478,"height":200,"caption":"Buddha Seeds"},"image":{"@id":"https:\/\/buddhaseedbank.com\/it\/#\/schema\/logo\/image\/"}}]}},"_links":{"self":[{"href":"https:\/\/buddhaseedbank.com\/it\/wp-json\/wp\/v2\/product\/4564","targetHints":{"allow":["GET"]}}],"collection":[{"href":"https:\/\/buddhaseedbank.com\/it\/wp-json\/wp\/v2\/product"}],"about":[{"href":"https:\/\/buddhaseedbank.com\/it\/wp-json\/wp\/v2\/types\/product"}],"wp:featuredmedia":[{"embeddable":true,"href":"https:\/\/buddhaseedbank.com\/it\/wp-json\/wp\/v2\/media\/4548"}],"wp:attachment":[{"href":"https:\/\/buddhaseedbank.com\/it\/wp-json\/wp\/v2\/media?parent=4564"}],"wp:term":[{"taxonomy":"product_brand","embeddable":true,"href":"https:\/\/buddhaseedbank.com\/it\/wp-json\/wp\/v2\/product_brand?post=4564"},{"taxonomy":"product_cat","embeddable":true,"href":"https:\/\/buddhaseedbank.com\/it\/wp-json\/wp\/v2\/product_cat?post=4564"},{"taxonomy":"product_tag","embeddable":true,"href":"https:\/\/buddhaseedbank.com\/it\/wp-json\/wp\/v2\/product_tag?post=4564"}],"curies":[{"name":"wp","href":"https:\/\/api.w.org\/{rel}","templated":true}]}}