{"id":4634,"date":"2020-12-03T12:04:31","date_gmt":"2020-12-03T11:04:31","guid":{"rendered":"https:\/\/buddhaseedbank.com\/producto\/buddha-auto-white-widow\/"},"modified":"2026-03-31T22:05:31","modified_gmt":"2026-03-31T20:05:31","slug":"buddha-auto-white-widow","status":"publish","type":"product","link":"https:\/\/buddhaseedbank.com\/it\/producto\/buddha-auto-white-widow\/","title":{"rendered":"Buddha Auto White Widow"},"content":{"rendered":"<p style=\"text-align: justify;\">La <strong>White Widow \u00e8 una delle variet\u00e0 leggendarie<\/strong> e pi\u00f9 acclamate del mondo della cannabis, le cui origini risalgono agli anni &#8217;90. La vendita della White Widow fu un successo nell&#8217;anno del suo lancio in Olanda e solo un anno pi\u00f9 tardi stava gi\u00e0 raccogliendo i primi riconoscimenti, vincendo il primo premio alla High Times Cannabis Cup (1995).<\/p>\n<p style=\"text-align: justify;\">Il primo sviluppo della <strong>White Widow<\/strong> fu la combinazione di una linea di sativa pura con un ibrido di indica, dando vita a una delle variet\u00e0 commerciali pi\u00f9 diffuse al mondo.<\/p>\n<p style=\"text-align: justify;\"><strong>Buddha Seeds<\/strong> \u00e8 consapevole dell&#8217;importanza di questa variet\u00e0 e per questo motivo \u00e8 una protagonista indiscussa della nostra selezione di classici. Abbiamo voluto rendere il nostro pi\u00f9 fedele omaggio a questa <strong>regina della cannabis con la Buddha Auto White Widow<\/strong>, rispettando le principali qualit\u00e0 che la mantengono al top.<\/p>\n<p style=\"text-align: justify;\">La <strong>Buddha Auto White Widow <\/strong>si distingue per i suoi brevi tempi di coltivazione, la sua produttivit\u00e0 finale e l&#8217;alta concentrazione di resina che ogni esemplare pu\u00f2 raggiungere. \u00c8 anche facile da coltivare e ha un forte effetto narcotico. Un gioiello che ti catturer\u00e0 fin dal primo momento.<\/p>\n<p style=\"text-align: justify;\">Il <strong>suo nome \u00e8 legato alla sua incredibile potenza<\/strong> che mette al tappeto anche i coltivatori pi\u00f9 esperti. La <strong>Buddha Auto White Widow<\/strong> \u00e8 una variet\u00e0 ad alto potenziale adatta ai consumatori pi\u00f9 esperti.<\/p>\n<p style=\"text-align: justify;\">Con un <strong>sapore speziato<\/strong>, note di resina di pino e un tocco di legno, il suo gusto \u00e8 molto complesso e tremendamente intenso. Pur avendo <strong>stabilizzato il pi\u00f9 possibile la loro morfologia<\/strong>, abbiamo lasciato una leggera variazione nei loro fenotipi aromatici, in modo che ogni individuo sembri un&#8217;esperienza unica.<\/p>\n<p style=\"text-align: justify;\"><a style=\"background-color: #ff0000; color: #ffffff;\" href=\"https:\/\/youtu.be\/DlfiXSEVPIk\" target=\"_blank\" rel=\"noreferrer noopener nofollow\">YOUTUBE \u25ba<\/a><\/p>\n","protected":false},"excerpt":{"rendered":"<p style=\"text-align: justify;\"><strong>Buddha Seeds<\/strong> \u00e8 consapevole dell&#8217;importanza di questa variet\u00e0 e per questo motivo \u00e8 una protagonista indiscussa della nostra selezione di classici. Abbiamo voluto rendere il nostro pi\u00f9 fedele omaggio a questa <strong>regina della cannabis con la Buddha Auto White Widow<\/strong>, rispettando le principali qualit\u00e0 che la mantengono al top.<\/p>\n","protected":false},"featured_media":4603,"template":"","meta":{"_joinchat":[]},"product_brand":[],"product_cat":[640,110],"product_tag":[1377,1381,1398,1495,1392,1728,1504,1508,1437,1150,1414],"class_list":{"0":"post-4634","1":"product","2":"type-product","3":"status-publish","4":"has-post-thumbnail","6":"product_cat-buddha-seeds-classics-it","7":"product_cat-varieta-buddha-seeds","8":"product_tag-autofiorente-esterno","9":"product_tag-autofiorenti-indoor","10":"product_tag-autofiorenti-piu-produttive","11":"product_tag-cannabis-fioritura-rapida","12":"product_tag-cannabis-effetto-potente","13":"product_tag-cannabis-fioritura-rapida-it","14":"product_tag-cannabis-indoor","15":"product_tag-classici-cannabis","16":"product_tag-piante-autofiorenti-produttive","17":"product_tag-semi-autofiorenti","18":"product_tag-semi-cannabis-veloci","19":"pa_8d-tiempodecultivocrecimient-75dias-it","20":"pa_efecto-13-potente_relajanteyaptapar-it","21":"pa_fa-produccionenexteriorporpl-80_120gr-it","22":"pa_genetica-indica-it","23":"pa_produccionm-450_550gr-it","24":"pa_semillas-10unidades-it","25":"pa_semillas-3unidades-it","26":"pa_semillas-50unidades-it","27":"pa_sexo-feminizada-it","28":"pa_tipo-autofiorenti-it","30":"first","31":"instock","32":"taxable","33":"shipping-taxable","34":"purchasable","35":"product-type-variable"},"yoast_head":"<!-- This site is optimized with the Yoast SEO plugin v27.3 - https:\/\/yoast.com\/product\/yoast-seo-wordpress\/ -->\n<title>Buddha Auto White Widow - Buddha Seeds<\/title>\n<meta name=\"description\" content=\"La versione autofiorente della White Widow di Buddha Seeds si distingue per i suoi brevi tempi di crescita, la produttivit\u00e0 finale e l&#039;alta concentrazione di resina.\" \/>\n<meta name=\"robots\" content=\"index, follow, max-snippet:-1, max-image-preview:large, max-video-preview:-1\" \/>\n<link rel=\"canonical\" href=\"https:\/\/buddhaseedbank.com\/it\/producto\/buddha-auto-white-widow\/\" \/>\n<meta property=\"og:locale\" content=\"it_IT\" \/>\n<meta property=\"og:type\" content=\"article\" \/>\n<meta property=\"og:title\" content=\"Buddha Auto White Widow - Buddha Seeds\" \/>\n<meta property=\"og:description\" content=\"La versione autofiorente della White Widow di Buddha Seeds si distingue per i suoi brevi tempi di crescita, la produttivit\u00e0 finale e l&#039;alta concentrazione di resina.\" \/>\n<meta property=\"og:url\" content=\"https:\/\/buddhaseedbank.com\/it\/producto\/buddha-auto-white-widow\/\" \/>\n<meta property=\"og:site_name\" content=\"Buddha Seeds\" \/>\n<meta property=\"article:modified_time\" content=\"2026-03-31T20:05:31+00:00\" \/>\n<meta property=\"og:image\" content=\"https:\/\/buddhaseedbank.com\/wp-content\/uploads\/2020\/12\/222-Buddha-Auto-White-Widow.jpg\" \/>\n\t<meta property=\"og:image:width\" content=\"1080\" \/>\n\t<meta property=\"og:image:height\" content=\"1080\" \/>\n\t<meta property=\"og:image:type\" content=\"image\/jpeg\" \/>\n<meta name=\"twitter:card\" content=\"summary_large_image\" \/>\n<meta name=\"twitter:label1\" content=\"Tempo di lettura stimato\" \/>\n\t<meta name=\"twitter:data1\" content=\"2 minuti\" \/>\n<script type=\"application\/ld+json\" class=\"yoast-schema-graph\">{\"@context\":\"https:\\\/\\\/schema.org\",\"@graph\":[{\"@type\":\"WebPage\",\"@id\":\"https:\\\/\\\/buddhaseedbank.com\\\/it\\\/producto\\\/buddha-auto-white-widow\\\/\",\"url\":\"https:\\\/\\\/buddhaseedbank.com\\\/it\\\/producto\\\/buddha-auto-white-widow\\\/\",\"name\":\"Buddha Auto White Widow - Buddha Seeds\",\"isPartOf\":{\"@id\":\"https:\\\/\\\/buddhaseedbank.com\\\/it\\\/#website\"},\"primaryImageOfPage\":{\"@id\":\"https:\\\/\\\/buddhaseedbank.com\\\/it\\\/producto\\\/buddha-auto-white-widow\\\/#primaryimage\"},\"image\":{\"@id\":\"https:\\\/\\\/buddhaseedbank.com\\\/it\\\/producto\\\/buddha-auto-white-widow\\\/#primaryimage\"},\"thumbnailUrl\":\"https:\\\/\\\/buddhaseedbank.com\\\/wp-content\\\/uploads\\\/2020\\\/12\\\/222-Buddha-Auto-White-Widow.jpg\",\"datePublished\":\"2020-12-03T11:04:31+00:00\",\"dateModified\":\"2026-03-31T20:05:31+00:00\",\"description\":\"La versione autofiorente della White Widow di Buddha Seeds si distingue per i suoi brevi tempi di crescita, la produttivit\u00e0 finale e l'alta concentrazione di resina.\",\"breadcrumb\":{\"@id\":\"https:\\\/\\\/buddhaseedbank.com\\\/it\\\/producto\\\/buddha-auto-white-widow\\\/#breadcrumb\"},\"inLanguage\":\"it-IT\",\"potentialAction\":[{\"@type\":\"ReadAction\",\"target\":[\"https:\\\/\\\/buddhaseedbank.com\\\/it\\\/producto\\\/buddha-auto-white-widow\\\/\"]}]},{\"@type\":\"ImageObject\",\"inLanguage\":\"it-IT\",\"@id\":\"https:\\\/\\\/buddhaseedbank.com\\\/it\\\/producto\\\/buddha-auto-white-widow\\\/#primaryimage\",\"url\":\"https:\\\/\\\/buddhaseedbank.com\\\/wp-content\\\/uploads\\\/2020\\\/12\\\/222-Buddha-Auto-White-Widow.jpg\",\"contentUrl\":\"https:\\\/\\\/buddhaseedbank.com\\\/wp-content\\\/uploads\\\/2020\\\/12\\\/222-Buddha-Auto-White-Widow.jpg\",\"width\":1080,\"height\":1080,\"caption\":\"Buddha Auto White Widow\"},{\"@type\":\"BreadcrumbList\",\"@id\":\"https:\\\/\\\/buddhaseedbank.com\\\/it\\\/producto\\\/buddha-auto-white-widow\\\/#breadcrumb\",\"itemListElement\":[{\"@type\":\"ListItem\",\"position\":1,\"name\":\"Portada\",\"item\":\"https:\\\/\\\/buddhaseedbank.com\\\/it\\\/\"},{\"@type\":\"ListItem\",\"position\":2,\"name\":\"Shop\",\"item\":\"https:\\\/\\\/buddhaseedbank.com\\\/it\\\/shop\\\/\"},{\"@type\":\"ListItem\",\"position\":3,\"name\":\"Buddha Auto White Widow\"}]},{\"@type\":\"WebSite\",\"@id\":\"https:\\\/\\\/buddhaseedbank.com\\\/it\\\/#website\",\"url\":\"https:\\\/\\\/buddhaseedbank.com\\\/it\\\/\",\"name\":\"Buddha Seeds\",\"description\":\"\",\"publisher\":{\"@id\":\"https:\\\/\\\/buddhaseedbank.com\\\/it\\\/#organization\"},\"potentialAction\":[{\"@type\":\"SearchAction\",\"target\":{\"@type\":\"EntryPoint\",\"urlTemplate\":\"https:\\\/\\\/buddhaseedbank.com\\\/it\\\/?s={search_term_string}\"},\"query-input\":{\"@type\":\"PropertyValueSpecification\",\"valueRequired\":true,\"valueName\":\"search_term_string\"}}],\"inLanguage\":\"it-IT\"},{\"@type\":\"Organization\",\"@id\":\"https:\\\/\\\/buddhaseedbank.com\\\/it\\\/#organization\",\"name\":\"Buddha Seeds\",\"url\":\"https:\\\/\\\/buddhaseedbank.com\\\/it\\\/\",\"logo\":{\"@type\":\"ImageObject\",\"inLanguage\":\"it-IT\",\"@id\":\"https:\\\/\\\/buddhaseedbank.com\\\/it\\\/#\\\/schema\\\/logo\\\/image\\\/\",\"url\":\"https:\\\/\\\/buddhaseedbank.com\\\/wp-content\\\/uploads\\\/2024\\\/04\\\/buddha-seeds-logo-1622448424-1.png\",\"contentUrl\":\"https:\\\/\\\/buddhaseedbank.com\\\/wp-content\\\/uploads\\\/2024\\\/04\\\/buddha-seeds-logo-1622448424-1.png\",\"width\":478,\"height\":200,\"caption\":\"Buddha Seeds\"},\"image\":{\"@id\":\"https:\\\/\\\/buddhaseedbank.com\\\/it\\\/#\\\/schema\\\/logo\\\/image\\\/\"}}]}<\/script>\n<!-- \/ Yoast SEO plugin. -->","yoast_head_json":{"title":"Buddha Auto White Widow - Buddha Seeds","description":"La versione autofiorente della White Widow di Buddha Seeds si distingue per i suoi brevi tempi di crescita, la produttivit\u00e0 finale e l'alta concentrazione di resina.","robots":{"index":"index","follow":"follow","max-snippet":"max-snippet:-1","max-image-preview":"max-image-preview:large","max-video-preview":"max-video-preview:-1"},"canonical":"https:\/\/buddhaseedbank.com\/it\/producto\/buddha-auto-white-widow\/","og_locale":"it_IT","og_type":"article","og_title":"Buddha Auto White Widow - Buddha Seeds","og_description":"La versione autofiorente della White Widow di Buddha Seeds si distingue per i suoi brevi tempi di crescita, la produttivit\u00e0 finale e l'alta concentrazione di resina.","og_url":"https:\/\/buddhaseedbank.com\/it\/producto\/buddha-auto-white-widow\/","og_site_name":"Buddha Seeds","article_modified_time":"2026-03-31T20:05:31+00:00","og_image":[{"width":1080,"height":1080,"url":"https:\/\/buddhaseedbank.com\/wp-content\/uploads\/2020\/12\/222-Buddha-Auto-White-Widow.jpg","type":"image\/jpeg"}],"twitter_card":"summary_large_image","twitter_misc":{"Tempo di lettura stimato":"2 minuti"},"schema":{"@context":"https:\/\/schema.org","@graph":[{"@type":"WebPage","@id":"https:\/\/buddhaseedbank.com\/it\/producto\/buddha-auto-white-widow\/","url":"https:\/\/buddhaseedbank.com\/it\/producto\/buddha-auto-white-widow\/","name":"Buddha Auto White Widow - Buddha Seeds","isPartOf":{"@id":"https:\/\/buddhaseedbank.com\/it\/#website"},"primaryImageOfPage":{"@id":"https:\/\/buddhaseedbank.com\/it\/producto\/buddha-auto-white-widow\/#primaryimage"},"image":{"@id":"https:\/\/buddhaseedbank.com\/it\/producto\/buddha-auto-white-widow\/#primaryimage"},"thumbnailUrl":"https:\/\/buddhaseedbank.com\/wp-content\/uploads\/2020\/12\/222-Buddha-Auto-White-Widow.jpg","datePublished":"2020-12-03T11:04:31+00:00","dateModified":"2026-03-31T20:05:31+00:00","description":"La versione autofiorente della White Widow di Buddha Seeds si distingue per i suoi brevi tempi di crescita, la produttivit\u00e0 finale e l'alta concentrazione di resina.","breadcrumb":{"@id":"https:\/\/buddhaseedbank.com\/it\/producto\/buddha-auto-white-widow\/#breadcrumb"},"inLanguage":"it-IT","potentialAction":[{"@type":"ReadAction","target":["https:\/\/buddhaseedbank.com\/it\/producto\/buddha-auto-white-widow\/"]}]},{"@type":"ImageObject","inLanguage":"it-IT","@id":"https:\/\/buddhaseedbank.com\/it\/producto\/buddha-auto-white-widow\/#primaryimage","url":"https:\/\/buddhaseedbank.com\/wp-content\/uploads\/2020\/12\/222-Buddha-Auto-White-Widow.jpg","contentUrl":"https:\/\/buddhaseedbank.com\/wp-content\/uploads\/2020\/12\/222-Buddha-Auto-White-Widow.jpg","width":1080,"height":1080,"caption":"Buddha Auto White Widow"},{"@type":"BreadcrumbList","@id":"https:\/\/buddhaseedbank.com\/it\/producto\/buddha-auto-white-widow\/#breadcrumb","itemListElement":[{"@type":"ListItem","position":1,"name":"Portada","item":"https:\/\/buddhaseedbank.com\/it\/"},{"@type":"ListItem","position":2,"name":"Shop","item":"https:\/\/buddhaseedbank.com\/it\/shop\/"},{"@type":"ListItem","position":3,"name":"Buddha Auto White Widow"}]},{"@type":"WebSite","@id":"https:\/\/buddhaseedbank.com\/it\/#website","url":"https:\/\/buddhaseedbank.com\/it\/","name":"Buddha Seeds","description":"","publisher":{"@id":"https:\/\/buddhaseedbank.com\/it\/#organization"},"potentialAction":[{"@type":"SearchAction","target":{"@type":"EntryPoint","urlTemplate":"https:\/\/buddhaseedbank.com\/it\/?s={search_term_string}"},"query-input":{"@type":"PropertyValueSpecification","valueRequired":true,"valueName":"search_term_string"}}],"inLanguage":"it-IT"},{"@type":"Organization","@id":"https:\/\/buddhaseedbank.com\/it\/#organization","name":"Buddha Seeds","url":"https:\/\/buddhaseedbank.com\/it\/","logo":{"@type":"ImageObject","inLanguage":"it-IT","@id":"https:\/\/buddhaseedbank.com\/it\/#\/schema\/logo\/image\/","url":"https:\/\/buddhaseedbank.com\/wp-content\/uploads\/2024\/04\/buddha-seeds-logo-1622448424-1.png","contentUrl":"https:\/\/buddhaseedbank.com\/wp-content\/uploads\/2024\/04\/buddha-seeds-logo-1622448424-1.png","width":478,"height":200,"caption":"Buddha Seeds"},"image":{"@id":"https:\/\/buddhaseedbank.com\/it\/#\/schema\/logo\/image\/"}}]}},"_links":{"self":[{"href":"https:\/\/buddhaseedbank.com\/it\/wp-json\/wp\/v2\/product\/4634","targetHints":{"allow":["GET"]}}],"collection":[{"href":"https:\/\/buddhaseedbank.com\/it\/wp-json\/wp\/v2\/product"}],"about":[{"href":"https:\/\/buddhaseedbank.com\/it\/wp-json\/wp\/v2\/types\/product"}],"wp:featuredmedia":[{"embeddable":true,"href":"https:\/\/buddhaseedbank.com\/it\/wp-json\/wp\/v2\/media\/4603"}],"wp:attachment":[{"href":"https:\/\/buddhaseedbank.com\/it\/wp-json\/wp\/v2\/media?parent=4634"}],"wp:term":[{"taxonomy":"product_brand","embeddable":true,"href":"https:\/\/buddhaseedbank.com\/it\/wp-json\/wp\/v2\/product_brand?post=4634"},{"taxonomy":"product_cat","embeddable":true,"href":"https:\/\/buddhaseedbank.com\/it\/wp-json\/wp\/v2\/product_cat?post=4634"},{"taxonomy":"product_tag","embeddable":true,"href":"https:\/\/buddhaseedbank.com\/it\/wp-json\/wp\/v2\/product_tag?post=4634"}],"curies":[{"name":"wp","href":"https:\/\/api.w.org\/{rel}","templated":true}]}}