{"id":4704,"date":"2021-06-07T15:12:08","date_gmt":"2021-06-07T13:12:08","guid":{"rendered":"https:\/\/buddhaseedbank.com\/producto\/buddha-auto-cookie-2\/"},"modified":"2024-06-04T12:33:17","modified_gmt":"2024-06-04T10:33:17","slug":"buddha-auto-cookie-2","status":"publish","type":"product","link":"https:\/\/buddhaseedbank.com\/it\/producto\/buddha-auto-cookie-2\/","title":{"rendered":"Buddha Auto Cookie"},"content":{"rendered":"<p style=\"text-align: justify;\">Se c&#8217;\u00e8 una variet\u00e0 di cannabis autenticamente americana e conosciuta in tutto il mondo, questa \u00e8 la Girl Scout Cookies. Per noi di Buddha Seeds era chiaro che questa prelibatezza e variet\u00e0 di cannabis pi\u00f9 venduta non poteva mancare nel nostro catalogo di variet\u00e0 americane e abbiamo concentrato tutti i nostri sforzi per mantenere il suo sapore originale.<\/p>\n<p style=\"text-align: justify;\">\u00c8 cos\u00ec che \u00e8 nata la Buddha Auto Cookie, una genetica indica pronta a conquistarti fin dalla prima boccata con il suo delizioso aroma di cioccolato e biscotto appena sfornato. I golosi dovranno tenere sotto controllo l&#8217;appetito perch\u00e9 pu\u00f2 creare una forte dipendenza, soprattutto per gli amanti del cioccolato. Una volta iniziato non potrai pi\u00f9 fermarti!<\/p>\n<p style=\"text-align: justify;\">Preparati a estrazioni di altissimo livello e a un fumo potente che, mai detto meglio, lascia un buon sapore in bocca. Se ti piace la terra americana, questa variet\u00e0 fa un ulteriore passo avanti con note dolci di biscotto al forno. Non a caso, \u00e8 il suo sapore a dare il nome a questa variet\u00e0. Gi\u00e0 nella bottiglia noterai questa caratteristica che la riempie di personalit\u00e0. La tua esperienza con Buddha Auto Cookie inizier\u00e0 con qualche risatina e un po&#8217; di euforia e ti avvolger\u00e0 gradualmente in uno stato di pieno relax che ti lascer\u00e0 incollato al divano. Questa variet\u00e0 \u00e8 ideale per stress, dolore, insonnia e perdita di appetito.<\/p>\n<p style=\"text-align: justify;\">La Buddha Auto Cookie vanta alti livelli di resina e una crescita vigorosa in un breve periodo di tempo, producendo veri e propri mostri da esterno. Nel complesso, questa variet\u00e0 \u00e8 molto maneggevole, resistente e poco esigente in termini di cure, il che \u00e8 un sollievo per i coltivatori alle prime armi.<\/p>\n<p style=\"text-align: justify;\"><a style=\"background-color: #ff0000; color: #ffffff;\" href=\"https:\/\/www.youtube.com\/watch?v=xkXsNjV1bHA\" target=\"_blank\" rel=\"noreferrer noopener nofollow\">YOUTUBE \u25ba<\/a><\/p>\n","protected":false},"excerpt":{"rendered":"<p style=\"text-align: justify;\">Buddha Auto Cookie \u00e8 una genetica indica pronta a conquistarti fin dalla prima boccata con il suo delizioso aroma di cioccolato e biscotti appena sfornati. I golosi dovranno tenere sotto controllo l&#8217;appetito perch\u00e9 pu\u00f2 creare una forte dipendenza, soprattutto per gli amanti del cioccolato.<\/p>\n<p style=\"text-align: justify;\">Questa variet\u00e0 vanta alti livelli di resina e una crescita vigorosa che d\u00e0 origine a veri e propri mostri all&#8217;aperto. Nel complesso, la Buddha Auto Cookie \u00e8 molto maneggevole, resistente e poco esigente in termini di cure, il che \u00e8 un sollievo per i coltivatori alle prime armi.<\/p>\n","protected":false},"featured_media":4683,"template":"","meta":{"_joinchat":[]},"product_brand":[],"product_cat":[659,110],"product_tag":[1377,1381,1398,1429,1198,1474,1437,1150,1408,1414],"class_list":{"0":"post-4704","1":"product","2":"type-product","3":"status-publish","4":"has-post-thumbnail","6":"product_cat-usa-collection-strains-it","7":"product_cat-varieta-buddha-seeds","8":"product_tag-autofiorente-esterno","9":"product_tag-autofiorenti-indoor","10":"product_tag-autofiorenti-piu-produttive","11":"product_tag-cannabis-indica-it","12":"product_tag-ceppi-di-raccolta-usa","13":"product_tag-gusto-dolce-della-cannabis","14":"product_tag-piante-autofiorenti-produttive","15":"product_tag-semi-autofiorenti","16":"product_tag-semi-cannabis-americane","17":"product_tag-semi-cannabis-veloci","18":"pa_8d-tiempodecultivocrecimient-70dias-it","19":"pa_efecto-af-inicialmentehabrarisasyun-it","20":"pa_fa-produccionenexteriorporpl-70_200g-it","21":"pa_genetica-indica-it","22":"pa_produccionm-500_650g-it","23":"pa_semillas-10unidades-it","24":"pa_semillas-3unidades-it","25":"pa_semillas-50unidades-it","26":"pa_sexo-feminizada-it","27":"pa_tipo-autofiorenti-it","29":"first","30":"instock","31":"taxable","32":"shipping-taxable","33":"purchasable","34":"product-type-variable"},"yoast_head":"<!-- This site is optimized with the Yoast SEO plugin v27.3 - https:\/\/yoast.com\/product\/yoast-seo-wordpress\/ -->\n<title>Buddha Auto Cookie - Buddha Seeds<\/title>\n<meta name=\"robots\" content=\"index, follow, max-snippet:-1, max-image-preview:large, max-video-preview:-1\" \/>\n<link rel=\"canonical\" href=\"https:\/\/buddhaseedbank.com\/it\/producto\/buddha-auto-cookie-2\/\" \/>\n<meta property=\"og:locale\" content=\"it_IT\" \/>\n<meta property=\"og:type\" content=\"article\" \/>\n<meta property=\"og:title\" content=\"Buddha Auto Cookie - Buddha Seeds\" \/>\n<meta property=\"og:description\" content=\"Buddha Auto Cookie \u00e8 una genetica indica pronta a conquistarti fin dalla prima boccata con il suo delizioso aroma di cioccolato e biscotti appena sfornati. I golosi dovranno tenere sotto controllo l&#039;appetito perch\u00e9 pu\u00f2 creare una forte dipendenza, soprattutto per gli amanti del cioccolato. Questa variet\u00e0 vanta alti livelli di resina e una crescita vigorosa che d\u00e0 origine a veri e propri mostri all&#039;aperto. Nel complesso, la Buddha Auto Cookie \u00e8 molto maneggevole, resistente e poco esigente in termini di cure, il che \u00e8 un sollievo per i coltivatori alle prime armi.\" \/>\n<meta property=\"og:url\" content=\"https:\/\/buddhaseedbank.com\/it\/producto\/buddha-auto-cookie-2\/\" \/>\n<meta property=\"og:site_name\" content=\"Buddha Seeds\" \/>\n<meta property=\"article:modified_time\" content=\"2024-06-04T10:33:17+00:00\" \/>\n<meta property=\"og:image\" content=\"https:\/\/buddhaseedbank.com\/wp-content\/uploads\/2021\/06\/242-Buddha-Auto-Cookie.jpg\" \/>\n\t<meta property=\"og:image:width\" content=\"1080\" \/>\n\t<meta property=\"og:image:height\" content=\"1080\" \/>\n\t<meta property=\"og:image:type\" content=\"image\/jpeg\" \/>\n<meta name=\"twitter:card\" content=\"summary_large_image\" \/>\n<meta name=\"twitter:label1\" content=\"Tempo di lettura stimato\" \/>\n\t<meta name=\"twitter:data1\" content=\"1 minuto\" \/>\n<script type=\"application\/ld+json\" class=\"yoast-schema-graph\">{\"@context\":\"https:\\\/\\\/schema.org\",\"@graph\":[{\"@type\":\"WebPage\",\"@id\":\"https:\\\/\\\/buddhaseedbank.com\\\/it\\\/producto\\\/buddha-auto-cookie-2\\\/\",\"url\":\"https:\\\/\\\/buddhaseedbank.com\\\/it\\\/producto\\\/buddha-auto-cookie-2\\\/\",\"name\":\"Buddha Auto Cookie - Buddha Seeds\",\"isPartOf\":{\"@id\":\"https:\\\/\\\/buddhaseedbank.com\\\/it\\\/#website\"},\"primaryImageOfPage\":{\"@id\":\"https:\\\/\\\/buddhaseedbank.com\\\/it\\\/producto\\\/buddha-auto-cookie-2\\\/#primaryimage\"},\"image\":{\"@id\":\"https:\\\/\\\/buddhaseedbank.com\\\/it\\\/producto\\\/buddha-auto-cookie-2\\\/#primaryimage\"},\"thumbnailUrl\":\"https:\\\/\\\/buddhaseedbank.com\\\/wp-content\\\/uploads\\\/2021\\\/06\\\/242-Buddha-Auto-Cookie.jpg\",\"datePublished\":\"2021-06-07T13:12:08+00:00\",\"dateModified\":\"2024-06-04T10:33:17+00:00\",\"breadcrumb\":{\"@id\":\"https:\\\/\\\/buddhaseedbank.com\\\/it\\\/producto\\\/buddha-auto-cookie-2\\\/#breadcrumb\"},\"inLanguage\":\"it-IT\",\"potentialAction\":[{\"@type\":\"ReadAction\",\"target\":[\"https:\\\/\\\/buddhaseedbank.com\\\/it\\\/producto\\\/buddha-auto-cookie-2\\\/\"]}]},{\"@type\":\"ImageObject\",\"inLanguage\":\"it-IT\",\"@id\":\"https:\\\/\\\/buddhaseedbank.com\\\/it\\\/producto\\\/buddha-auto-cookie-2\\\/#primaryimage\",\"url\":\"https:\\\/\\\/buddhaseedbank.com\\\/wp-content\\\/uploads\\\/2021\\\/06\\\/242-Buddha-Auto-Cookie.jpg\",\"contentUrl\":\"https:\\\/\\\/buddhaseedbank.com\\\/wp-content\\\/uploads\\\/2021\\\/06\\\/242-Buddha-Auto-Cookie.jpg\",\"width\":1080,\"height\":1080,\"caption\":\"Buddha Auto Cookie\"},{\"@type\":\"BreadcrumbList\",\"@id\":\"https:\\\/\\\/buddhaseedbank.com\\\/it\\\/producto\\\/buddha-auto-cookie-2\\\/#breadcrumb\",\"itemListElement\":[{\"@type\":\"ListItem\",\"position\":1,\"name\":\"Portada\",\"item\":\"https:\\\/\\\/buddhaseedbank.com\\\/it\\\/\"},{\"@type\":\"ListItem\",\"position\":2,\"name\":\"Shop\",\"item\":\"https:\\\/\\\/buddhaseedbank.com\\\/it\\\/shop\\\/\"},{\"@type\":\"ListItem\",\"position\":3,\"name\":\"Buddha Auto Cookie\"}]},{\"@type\":\"WebSite\",\"@id\":\"https:\\\/\\\/buddhaseedbank.com\\\/it\\\/#website\",\"url\":\"https:\\\/\\\/buddhaseedbank.com\\\/it\\\/\",\"name\":\"Buddha Seeds\",\"description\":\"\",\"publisher\":{\"@id\":\"https:\\\/\\\/buddhaseedbank.com\\\/it\\\/#organization\"},\"potentialAction\":[{\"@type\":\"SearchAction\",\"target\":{\"@type\":\"EntryPoint\",\"urlTemplate\":\"https:\\\/\\\/buddhaseedbank.com\\\/it\\\/?s={search_term_string}\"},\"query-input\":{\"@type\":\"PropertyValueSpecification\",\"valueRequired\":true,\"valueName\":\"search_term_string\"}}],\"inLanguage\":\"it-IT\"},{\"@type\":\"Organization\",\"@id\":\"https:\\\/\\\/buddhaseedbank.com\\\/it\\\/#organization\",\"name\":\"Buddha Seeds\",\"url\":\"https:\\\/\\\/buddhaseedbank.com\\\/it\\\/\",\"logo\":{\"@type\":\"ImageObject\",\"inLanguage\":\"it-IT\",\"@id\":\"https:\\\/\\\/buddhaseedbank.com\\\/it\\\/#\\\/schema\\\/logo\\\/image\\\/\",\"url\":\"https:\\\/\\\/buddhaseedbank.com\\\/wp-content\\\/uploads\\\/2024\\\/04\\\/buddha-seeds-logo-1622448424-1.png\",\"contentUrl\":\"https:\\\/\\\/buddhaseedbank.com\\\/wp-content\\\/uploads\\\/2024\\\/04\\\/buddha-seeds-logo-1622448424-1.png\",\"width\":478,\"height\":200,\"caption\":\"Buddha Seeds\"},\"image\":{\"@id\":\"https:\\\/\\\/buddhaseedbank.com\\\/it\\\/#\\\/schema\\\/logo\\\/image\\\/\"}}]}<\/script>\n<!-- \/ Yoast SEO plugin. -->","yoast_head_json":{"title":"Buddha Auto Cookie - Buddha Seeds","robots":{"index":"index","follow":"follow","max-snippet":"max-snippet:-1","max-image-preview":"max-image-preview:large","max-video-preview":"max-video-preview:-1"},"canonical":"https:\/\/buddhaseedbank.com\/it\/producto\/buddha-auto-cookie-2\/","og_locale":"it_IT","og_type":"article","og_title":"Buddha Auto Cookie - Buddha Seeds","og_description":"Buddha Auto Cookie \u00e8 una genetica indica pronta a conquistarti fin dalla prima boccata con il suo delizioso aroma di cioccolato e biscotti appena sfornati. I golosi dovranno tenere sotto controllo l'appetito perch\u00e9 pu\u00f2 creare una forte dipendenza, soprattutto per gli amanti del cioccolato. Questa variet\u00e0 vanta alti livelli di resina e una crescita vigorosa che d\u00e0 origine a veri e propri mostri all'aperto. Nel complesso, la Buddha Auto Cookie \u00e8 molto maneggevole, resistente e poco esigente in termini di cure, il che \u00e8 un sollievo per i coltivatori alle prime armi.","og_url":"https:\/\/buddhaseedbank.com\/it\/producto\/buddha-auto-cookie-2\/","og_site_name":"Buddha Seeds","article_modified_time":"2024-06-04T10:33:17+00:00","og_image":[{"width":1080,"height":1080,"url":"https:\/\/buddhaseedbank.com\/wp-content\/uploads\/2021\/06\/242-Buddha-Auto-Cookie.jpg","type":"image\/jpeg"}],"twitter_card":"summary_large_image","twitter_misc":{"Tempo di lettura stimato":"1 minuto"},"schema":{"@context":"https:\/\/schema.org","@graph":[{"@type":"WebPage","@id":"https:\/\/buddhaseedbank.com\/it\/producto\/buddha-auto-cookie-2\/","url":"https:\/\/buddhaseedbank.com\/it\/producto\/buddha-auto-cookie-2\/","name":"Buddha Auto Cookie - Buddha Seeds","isPartOf":{"@id":"https:\/\/buddhaseedbank.com\/it\/#website"},"primaryImageOfPage":{"@id":"https:\/\/buddhaseedbank.com\/it\/producto\/buddha-auto-cookie-2\/#primaryimage"},"image":{"@id":"https:\/\/buddhaseedbank.com\/it\/producto\/buddha-auto-cookie-2\/#primaryimage"},"thumbnailUrl":"https:\/\/buddhaseedbank.com\/wp-content\/uploads\/2021\/06\/242-Buddha-Auto-Cookie.jpg","datePublished":"2021-06-07T13:12:08+00:00","dateModified":"2024-06-04T10:33:17+00:00","breadcrumb":{"@id":"https:\/\/buddhaseedbank.com\/it\/producto\/buddha-auto-cookie-2\/#breadcrumb"},"inLanguage":"it-IT","potentialAction":[{"@type":"ReadAction","target":["https:\/\/buddhaseedbank.com\/it\/producto\/buddha-auto-cookie-2\/"]}]},{"@type":"ImageObject","inLanguage":"it-IT","@id":"https:\/\/buddhaseedbank.com\/it\/producto\/buddha-auto-cookie-2\/#primaryimage","url":"https:\/\/buddhaseedbank.com\/wp-content\/uploads\/2021\/06\/242-Buddha-Auto-Cookie.jpg","contentUrl":"https:\/\/buddhaseedbank.com\/wp-content\/uploads\/2021\/06\/242-Buddha-Auto-Cookie.jpg","width":1080,"height":1080,"caption":"Buddha Auto Cookie"},{"@type":"BreadcrumbList","@id":"https:\/\/buddhaseedbank.com\/it\/producto\/buddha-auto-cookie-2\/#breadcrumb","itemListElement":[{"@type":"ListItem","position":1,"name":"Portada","item":"https:\/\/buddhaseedbank.com\/it\/"},{"@type":"ListItem","position":2,"name":"Shop","item":"https:\/\/buddhaseedbank.com\/it\/shop\/"},{"@type":"ListItem","position":3,"name":"Buddha Auto Cookie"}]},{"@type":"WebSite","@id":"https:\/\/buddhaseedbank.com\/it\/#website","url":"https:\/\/buddhaseedbank.com\/it\/","name":"Buddha Seeds","description":"","publisher":{"@id":"https:\/\/buddhaseedbank.com\/it\/#organization"},"potentialAction":[{"@type":"SearchAction","target":{"@type":"EntryPoint","urlTemplate":"https:\/\/buddhaseedbank.com\/it\/?s={search_term_string}"},"query-input":{"@type":"PropertyValueSpecification","valueRequired":true,"valueName":"search_term_string"}}],"inLanguage":"it-IT"},{"@type":"Organization","@id":"https:\/\/buddhaseedbank.com\/it\/#organization","name":"Buddha Seeds","url":"https:\/\/buddhaseedbank.com\/it\/","logo":{"@type":"ImageObject","inLanguage":"it-IT","@id":"https:\/\/buddhaseedbank.com\/it\/#\/schema\/logo\/image\/","url":"https:\/\/buddhaseedbank.com\/wp-content\/uploads\/2024\/04\/buddha-seeds-logo-1622448424-1.png","contentUrl":"https:\/\/buddhaseedbank.com\/wp-content\/uploads\/2024\/04\/buddha-seeds-logo-1622448424-1.png","width":478,"height":200,"caption":"Buddha Seeds"},"image":{"@id":"https:\/\/buddhaseedbank.com\/it\/#\/schema\/logo\/image\/"}}]}},"_links":{"self":[{"href":"https:\/\/buddhaseedbank.com\/it\/wp-json\/wp\/v2\/product\/4704","targetHints":{"allow":["GET"]}}],"collection":[{"href":"https:\/\/buddhaseedbank.com\/it\/wp-json\/wp\/v2\/product"}],"about":[{"href":"https:\/\/buddhaseedbank.com\/it\/wp-json\/wp\/v2\/types\/product"}],"wp:featuredmedia":[{"embeddable":true,"href":"https:\/\/buddhaseedbank.com\/it\/wp-json\/wp\/v2\/media\/4683"}],"wp:attachment":[{"href":"https:\/\/buddhaseedbank.com\/it\/wp-json\/wp\/v2\/media?parent=4704"}],"wp:term":[{"taxonomy":"product_brand","embeddable":true,"href":"https:\/\/buddhaseedbank.com\/it\/wp-json\/wp\/v2\/product_brand?post=4704"},{"taxonomy":"product_cat","embeddable":true,"href":"https:\/\/buddhaseedbank.com\/it\/wp-json\/wp\/v2\/product_cat?post=4704"},{"taxonomy":"product_tag","embeddable":true,"href":"https:\/\/buddhaseedbank.com\/it\/wp-json\/wp\/v2\/product_tag?post=4704"}],"curies":[{"name":"wp","href":"https:\/\/api.w.org\/{rel}","templated":true}]}}