{"id":4739,"date":"2021-06-07T15:31:26","date_gmt":"2021-06-07T13:31:26","guid":{"rendered":"https:\/\/buddhaseedbank.com\/producto\/buddha-dosi2-2\/"},"modified":"2025-05-07T16:38:37","modified_gmt":"2025-05-07T14:38:37","slug":"buddha-dosi2-2","status":"publish","type":"product","link":"https:\/\/buddhaseedbank.com\/it\/producto\/buddha-dosi2-2\/","title":{"rendered":"Buddha DoSi2"},"content":{"rendered":"<p style=\"text-align: justify;\">Discendente della famiglia Cookies, Buddha DoSi2 \u00e8 un potente dolcetto nordamericano con un effetto euforico che vale la pena condividere con gli amici. Una rivoluzione di sapori per le tue papille gustative e il tuo umore.<\/p>\n<p style=\"text-align: justify;\">L&#8217;assortimento originale di sfumature, combinato con lo zucchero speciale fornito da Buddha Seeds, si traduce in una variet\u00e0 resistente, potente e produttiva che stupir\u00e0 anche il coltivatore pi\u00f9 professionale.<\/p>\n<p style=\"text-align: justify;\">Le combinazioni di aromi sono potenti dando la sensazione di gustare con Buddha DoSi2 un&#8217;autentica borsa di golosit\u00e0 dolci e agrumate, con punti amari e incredibili fondi di hashish classici. L&#8217;effetto \u00e8 euforico ma controllato, risaltando inoltre la gioia introspettiva e il rilassamento del corpo.<\/p>\n<p style=\"text-align: justify;\">Buddha DoSi2 non ha bisogno di mani esperte per prendersene cura, funciona quasi da sola grazie alle molteplici qualit\u00e0 che rendono questa variet\u00e0 ideale per le colture guerrilla. Oltre ad adattarlo con tecniche di potatura e \/ o coltivazione alle esigenze dell&#8217;ambiente.<\/p>\n<p style=\"text-align: justify;\">Le qualit\u00e0 innate di Buddha DoSi2 migliorano il benessere del consumatore, riducendo i casi di insonnia, ansia o dolori muscolari ecc.<\/p>\n<p style=\"text-align: justify;\">La fioritura ti sorprender\u00e0 per le diverse tonalit\u00e0 di colore che pu\u00f2 mostrare; \u00e8 uno spettacolo di colori unico. Senti la dolce marea scorrere attraverso il tuo corpo mentre ti riprendi con il &#8220;respiro buono&#8221; di Buddha DoSi2.<\/p>\n","protected":false},"excerpt":{"rendered":"<p style=\"text-align: justify;\">Le combinazioni di aromi sono potenti dando la sensazione di gustare con Buddha DoSi2 un&#8217;autentica borsa di caramelle dolci e agrumate, con punti amari e incredibili fondi di hashish classici. L&#8217;effetto euforico \u00e8 controllato, ma davvero costante, provando finalmente una gioia introspettiva unita ad un rilassamento corporeo.<\/p>\n<p style=\"text-align: justify;\">Buddha DoSi2 non ha bisogno di mani esperte per prendersene cura, funziona quasi da sola grazie alle molteplici qualit\u00e0 che rendono questa variet\u00e0 ideale per le colture guerrilla, otre che ad adattarlo con tecniche di potatura e \/ o coltivazione alle esigenze dell&#8217;ambiente.<\/p>\n","protected":false},"featured_media":4718,"template":"","meta":{"_joinchat":[]},"product_brand":[],"product_cat":[659,110],"product_tag":[1392,1429,1402,1456,1198,1388,1408,1482],"class_list":{"0":"post-4739","1":"product","2":"type-product","3":"status-publish","4":"has-post-thumbnail","6":"product_cat-usa-collection-strains-it","7":"product_cat-varieta-buddha-seeds","8":"product_tag-cannabis-effetto-potente","9":"product_tag-cannabis-indica-it","10":"product_tag-cannabis-per-rilassarsi","11":"product_tag-cannabis-resistente-parassiti","12":"product_tag-ceppi-di-raccolta-usa","13":"product_tag-marihuana-produttiva","14":"product_tag-semi-cannabis-americane","15":"product_tag-semi-fotodipendenti","16":"pa_efecto-87-elefectoeseuforicoperosos-it","17":"pa_fa-produccionenexteriorporpl-500_2000g-it","18":"pa_genetica-indica-it","19":"pa_mesdecosecha-7e-principiosdeoctubrehemisf-it","20":"pa_produccionm-500_650g-it","21":"pa_semillas-10unidades-it","22":"pa_semillas-3unidades-it","23":"pa_semillas-50unidades-it","24":"pa_sexo-feminizada-it","25":"pa_tiempodefloracion-60_70dias-it","26":"pa_tipo-fotodipendente-it","28":"first","29":"instock","30":"featured","31":"taxable","32":"shipping-taxable","33":"purchasable","34":"product-type-variable"},"yoast_head":"<!-- This site is optimized with the Yoast SEO plugin v27.5 - https:\/\/yoast.com\/product\/yoast-seo-wordpress\/ -->\n<title>Buddha DoSi2 \u2022 Buddha Seeds<\/title>\n<meta name=\"description\" content=\"Buddha Dosi2 \u00e8 un seme femminizzato americano dall&#039;effetto euforico, resistente, potente e produttivo. Facile da coltivare e molto resinoso.\" \/>\n<meta name=\"robots\" content=\"index, follow, max-snippet:-1, max-image-preview:large, max-video-preview:-1\" \/>\n<link rel=\"canonical\" href=\"https:\/\/buddhaseedbank.com\/it\/producto\/buddha-dosi2-2\/\" \/>\n<meta property=\"og:locale\" content=\"it_IT\" \/>\n<meta property=\"og:type\" content=\"article\" \/>\n<meta property=\"og:title\" content=\"Buddha DoSi2 \u2022 Buddha Seeds\" \/>\n<meta property=\"og:description\" content=\"Buddha Dosi2 \u00e8 un seme femminizzato americano dall&#039;effetto euforico, resistente, potente e produttivo. Facile da coltivare e molto resinoso.\" \/>\n<meta property=\"og:url\" content=\"https:\/\/buddhaseedbank.com\/it\/producto\/buddha-dosi2-2\/\" \/>\n<meta property=\"og:site_name\" content=\"Buddha Seeds\" \/>\n<meta property=\"article:modified_time\" content=\"2025-05-07T14:38:37+00:00\" \/>\n<meta property=\"og:image\" content=\"https:\/\/buddhaseedbank.com\/wp-content\/uploads\/2021\/06\/245-Buddha-DoSi2.jpg\" \/>\n\t<meta property=\"og:image:width\" content=\"1080\" \/>\n\t<meta property=\"og:image:height\" content=\"1080\" \/>\n\t<meta property=\"og:image:type\" content=\"image\/jpeg\" \/>\n<meta name=\"twitter:card\" content=\"summary_large_image\" \/>\n<meta name=\"twitter:label1\" content=\"Tempo di lettura stimato\" \/>\n\t<meta name=\"twitter:data1\" content=\"2 minuti\" \/>\n<script type=\"application\/ld+json\" class=\"yoast-schema-graph\">{\"@context\":\"https:\\\/\\\/schema.org\",\"@graph\":[{\"@type\":\"WebPage\",\"@id\":\"https:\\\/\\\/buddhaseedbank.com\\\/it\\\/producto\\\/buddha-dosi2-2\\\/\",\"url\":\"https:\\\/\\\/buddhaseedbank.com\\\/it\\\/producto\\\/buddha-dosi2-2\\\/\",\"name\":\"Buddha DoSi2 \u2022 Buddha Seeds\",\"isPartOf\":{\"@id\":\"https:\\\/\\\/buddhaseedbank.com\\\/it\\\/#website\"},\"primaryImageOfPage\":{\"@id\":\"https:\\\/\\\/buddhaseedbank.com\\\/it\\\/producto\\\/buddha-dosi2-2\\\/#primaryimage\"},\"image\":{\"@id\":\"https:\\\/\\\/buddhaseedbank.com\\\/it\\\/producto\\\/buddha-dosi2-2\\\/#primaryimage\"},\"thumbnailUrl\":\"https:\\\/\\\/buddhaseedbank.com\\\/wp-content\\\/uploads\\\/2021\\\/06\\\/245-Buddha-DoSi2.jpg\",\"datePublished\":\"2021-06-07T13:31:26+00:00\",\"dateModified\":\"2025-05-07T14:38:37+00:00\",\"description\":\"Buddha Dosi2 \u00e8 un seme femminizzato americano dall'effetto euforico, resistente, potente e produttivo. Facile da coltivare e molto resinoso.\",\"breadcrumb\":{\"@id\":\"https:\\\/\\\/buddhaseedbank.com\\\/it\\\/producto\\\/buddha-dosi2-2\\\/#breadcrumb\"},\"inLanguage\":\"it-IT\",\"potentialAction\":[{\"@type\":\"ReadAction\",\"target\":[\"https:\\\/\\\/buddhaseedbank.com\\\/it\\\/producto\\\/buddha-dosi2-2\\\/\"]}]},{\"@type\":\"ImageObject\",\"inLanguage\":\"it-IT\",\"@id\":\"https:\\\/\\\/buddhaseedbank.com\\\/it\\\/producto\\\/buddha-dosi2-2\\\/#primaryimage\",\"url\":\"https:\\\/\\\/buddhaseedbank.com\\\/wp-content\\\/uploads\\\/2021\\\/06\\\/245-Buddha-DoSi2.jpg\",\"contentUrl\":\"https:\\\/\\\/buddhaseedbank.com\\\/wp-content\\\/uploads\\\/2021\\\/06\\\/245-Buddha-DoSi2.jpg\",\"width\":1080,\"height\":1080,\"caption\":\"Buddha Dosi2 Buddha Seeds semillas cannabis americana rapida resina\"},{\"@type\":\"BreadcrumbList\",\"@id\":\"https:\\\/\\\/buddhaseedbank.com\\\/it\\\/producto\\\/buddha-dosi2-2\\\/#breadcrumb\",\"itemListElement\":[{\"@type\":\"ListItem\",\"position\":1,\"name\":\"Portada\",\"item\":\"https:\\\/\\\/buddhaseedbank.com\\\/it\\\/\"},{\"@type\":\"ListItem\",\"position\":2,\"name\":\"Shop\",\"item\":\"https:\\\/\\\/buddhaseedbank.com\\\/it\\\/shop\\\/\"},{\"@type\":\"ListItem\",\"position\":3,\"name\":\"Buddha DoSi2\"}]},{\"@type\":\"WebSite\",\"@id\":\"https:\\\/\\\/buddhaseedbank.com\\\/it\\\/#website\",\"url\":\"https:\\\/\\\/buddhaseedbank.com\\\/it\\\/\",\"name\":\"Buddha Seeds\",\"description\":\"\",\"publisher\":{\"@id\":\"https:\\\/\\\/buddhaseedbank.com\\\/it\\\/#organization\"},\"potentialAction\":[{\"@type\":\"SearchAction\",\"target\":{\"@type\":\"EntryPoint\",\"urlTemplate\":\"https:\\\/\\\/buddhaseedbank.com\\\/it\\\/?s={search_term_string}\"},\"query-input\":{\"@type\":\"PropertyValueSpecification\",\"valueRequired\":true,\"valueName\":\"search_term_string\"}}],\"inLanguage\":\"it-IT\"},{\"@type\":\"Organization\",\"@id\":\"https:\\\/\\\/buddhaseedbank.com\\\/it\\\/#organization\",\"name\":\"Buddha Seeds\",\"url\":\"https:\\\/\\\/buddhaseedbank.com\\\/it\\\/\",\"logo\":{\"@type\":\"ImageObject\",\"inLanguage\":\"it-IT\",\"@id\":\"https:\\\/\\\/buddhaseedbank.com\\\/it\\\/#\\\/schema\\\/logo\\\/image\\\/\",\"url\":\"https:\\\/\\\/buddhaseedbank.com\\\/wp-content\\\/uploads\\\/2024\\\/04\\\/buddha-seeds-logo-1622448424-1.png\",\"contentUrl\":\"https:\\\/\\\/buddhaseedbank.com\\\/wp-content\\\/uploads\\\/2024\\\/04\\\/buddha-seeds-logo-1622448424-1.png\",\"width\":478,\"height\":200,\"caption\":\"Buddha Seeds\"},\"image\":{\"@id\":\"https:\\\/\\\/buddhaseedbank.com\\\/it\\\/#\\\/schema\\\/logo\\\/image\\\/\"}}]}<\/script>\n<!-- \/ Yoast SEO plugin. -->","yoast_head_json":{"title":"Buddha DoSi2 \u2022 Buddha Seeds","description":"Buddha Dosi2 \u00e8 un seme femminizzato americano dall'effetto euforico, resistente, potente e produttivo. Facile da coltivare e molto resinoso.","robots":{"index":"index","follow":"follow","max-snippet":"max-snippet:-1","max-image-preview":"max-image-preview:large","max-video-preview":"max-video-preview:-1"},"canonical":"https:\/\/buddhaseedbank.com\/it\/producto\/buddha-dosi2-2\/","og_locale":"it_IT","og_type":"article","og_title":"Buddha DoSi2 \u2022 Buddha Seeds","og_description":"Buddha Dosi2 \u00e8 un seme femminizzato americano dall'effetto euforico, resistente, potente e produttivo. Facile da coltivare e molto resinoso.","og_url":"https:\/\/buddhaseedbank.com\/it\/producto\/buddha-dosi2-2\/","og_site_name":"Buddha Seeds","article_modified_time":"2025-05-07T14:38:37+00:00","og_image":[{"width":1080,"height":1080,"url":"https:\/\/buddhaseedbank.com\/wp-content\/uploads\/2021\/06\/245-Buddha-DoSi2.jpg","type":"image\/jpeg"}],"twitter_card":"summary_large_image","twitter_misc":{"Tempo di lettura stimato":"2 minuti"},"schema":{"@context":"https:\/\/schema.org","@graph":[{"@type":"WebPage","@id":"https:\/\/buddhaseedbank.com\/it\/producto\/buddha-dosi2-2\/","url":"https:\/\/buddhaseedbank.com\/it\/producto\/buddha-dosi2-2\/","name":"Buddha DoSi2 \u2022 Buddha Seeds","isPartOf":{"@id":"https:\/\/buddhaseedbank.com\/it\/#website"},"primaryImageOfPage":{"@id":"https:\/\/buddhaseedbank.com\/it\/producto\/buddha-dosi2-2\/#primaryimage"},"image":{"@id":"https:\/\/buddhaseedbank.com\/it\/producto\/buddha-dosi2-2\/#primaryimage"},"thumbnailUrl":"https:\/\/buddhaseedbank.com\/wp-content\/uploads\/2021\/06\/245-Buddha-DoSi2.jpg","datePublished":"2021-06-07T13:31:26+00:00","dateModified":"2025-05-07T14:38:37+00:00","description":"Buddha Dosi2 \u00e8 un seme femminizzato americano dall'effetto euforico, resistente, potente e produttivo. Facile da coltivare e molto resinoso.","breadcrumb":{"@id":"https:\/\/buddhaseedbank.com\/it\/producto\/buddha-dosi2-2\/#breadcrumb"},"inLanguage":"it-IT","potentialAction":[{"@type":"ReadAction","target":["https:\/\/buddhaseedbank.com\/it\/producto\/buddha-dosi2-2\/"]}]},{"@type":"ImageObject","inLanguage":"it-IT","@id":"https:\/\/buddhaseedbank.com\/it\/producto\/buddha-dosi2-2\/#primaryimage","url":"https:\/\/buddhaseedbank.com\/wp-content\/uploads\/2021\/06\/245-Buddha-DoSi2.jpg","contentUrl":"https:\/\/buddhaseedbank.com\/wp-content\/uploads\/2021\/06\/245-Buddha-DoSi2.jpg","width":1080,"height":1080,"caption":"Buddha Dosi2 Buddha Seeds semillas cannabis americana rapida resina"},{"@type":"BreadcrumbList","@id":"https:\/\/buddhaseedbank.com\/it\/producto\/buddha-dosi2-2\/#breadcrumb","itemListElement":[{"@type":"ListItem","position":1,"name":"Portada","item":"https:\/\/buddhaseedbank.com\/it\/"},{"@type":"ListItem","position":2,"name":"Shop","item":"https:\/\/buddhaseedbank.com\/it\/shop\/"},{"@type":"ListItem","position":3,"name":"Buddha DoSi2"}]},{"@type":"WebSite","@id":"https:\/\/buddhaseedbank.com\/it\/#website","url":"https:\/\/buddhaseedbank.com\/it\/","name":"Buddha Seeds","description":"","publisher":{"@id":"https:\/\/buddhaseedbank.com\/it\/#organization"},"potentialAction":[{"@type":"SearchAction","target":{"@type":"EntryPoint","urlTemplate":"https:\/\/buddhaseedbank.com\/it\/?s={search_term_string}"},"query-input":{"@type":"PropertyValueSpecification","valueRequired":true,"valueName":"search_term_string"}}],"inLanguage":"it-IT"},{"@type":"Organization","@id":"https:\/\/buddhaseedbank.com\/it\/#organization","name":"Buddha Seeds","url":"https:\/\/buddhaseedbank.com\/it\/","logo":{"@type":"ImageObject","inLanguage":"it-IT","@id":"https:\/\/buddhaseedbank.com\/it\/#\/schema\/logo\/image\/","url":"https:\/\/buddhaseedbank.com\/wp-content\/uploads\/2024\/04\/buddha-seeds-logo-1622448424-1.png","contentUrl":"https:\/\/buddhaseedbank.com\/wp-content\/uploads\/2024\/04\/buddha-seeds-logo-1622448424-1.png","width":478,"height":200,"caption":"Buddha Seeds"},"image":{"@id":"https:\/\/buddhaseedbank.com\/it\/#\/schema\/logo\/image\/"}}]}},"_links":{"self":[{"href":"https:\/\/buddhaseedbank.com\/it\/wp-json\/wp\/v2\/product\/4739","targetHints":{"allow":["GET"]}}],"collection":[{"href":"https:\/\/buddhaseedbank.com\/it\/wp-json\/wp\/v2\/product"}],"about":[{"href":"https:\/\/buddhaseedbank.com\/it\/wp-json\/wp\/v2\/types\/product"}],"wp:featuredmedia":[{"embeddable":true,"href":"https:\/\/buddhaseedbank.com\/it\/wp-json\/wp\/v2\/media\/4718"}],"wp:attachment":[{"href":"https:\/\/buddhaseedbank.com\/it\/wp-json\/wp\/v2\/media?parent=4739"}],"wp:term":[{"taxonomy":"product_brand","embeddable":true,"href":"https:\/\/buddhaseedbank.com\/it\/wp-json\/wp\/v2\/product_brand?post=4739"},{"taxonomy":"product_cat","embeddable":true,"href":"https:\/\/buddhaseedbank.com\/it\/wp-json\/wp\/v2\/product_cat?post=4739"},{"taxonomy":"product_tag","embeddable":true,"href":"https:\/\/buddhaseedbank.com\/it\/wp-json\/wp\/v2\/product_tag?post=4739"}],"curies":[{"name":"wp","href":"https:\/\/api.w.org\/{rel}","templated":true}]}}