{"id":4774,"date":"2021-06-07T16:57:53","date_gmt":"2021-06-07T14:57:53","guid":{"rendered":"https:\/\/buddhaseedbank.com\/producto\/buddha-gelato-2\/"},"modified":"2026-04-22T10:18:04","modified_gmt":"2026-04-22T08:18:04","slug":"buddha-gelato-2","status":"publish","type":"product","link":"https:\/\/buddhaseedbank.com\/it\/producto\/buddha-gelato-2\/","title":{"rendered":"Buddha Gelato"},"content":{"rendered":"<p style=\"text-align: justify;\">Erede della stirpe dei Cookies, Gelato vanta una popolarit\u00e0 senza pari nella scena attuale. Acclamata nei dispensari nordamericani per i suoi sapori eccellenti e la sua potenza esagerata, Buddha Gelato arriva ora a scuotere i sensi dei consumatori.<\/p>\n<p style=\"text-align: justify;\">Buddha Seeds ha trovato la genetica giusta per sviluppare un&#8217;affascinante rivisitazione di una variet\u00e0 premiata a livello internazionale. Il Gelato Buddha non si scioglie, anzi, \u00e8 un sopravvissuto nato che conserva lo splendore genetico e moltiplica il volume finale dei raccolti originali.<\/p>\n<p style=\"text-align: justify;\">Gli aromi e i sapori del Buddha Gelato sono di altissima qualit\u00e0, prevalentemente dolci, alla menta, rinfrescanti, fruttati e con chiari sentori di frutta secca come le nocciole al palato. Un mix magico che lo rende il compagno indiscusso di ogni stagione.<\/p>\n<p style=\"text-align: justify;\">Nella Buddha Gelato prevale la genetica Indica, essendo una pianta robusta, perfetta per essere addomesticata in spazi indoor. Non ha bisogno di grandi spazi esterni. \u00c8 quindi il partner perfetto per i giardini di piccole dimensioni.<\/p>\n<p style=\"text-align: justify;\">Gli alti livelli di THC che Buddha Gelato pu\u00f2 raggiungere rendono consigliabile un consumo moderato, perch\u00e9 pu\u00f2 mettere ko anche i consumatori pi\u00f9 esperti. Prenditi il tempo necessario per gustare questo gelato &#8220;ad alta quota&#8221; nel tuo luogo di comfort.<\/p>\n<p style=\"text-align: justify;\">L&#8217;aspetto della Buddha Gelato durante la fioritura \u00e8 cosmico; la quantit\u00e0 di tricomi che la ricoprono simula un cielo stellato. Una tale produzione di resina \u00e8 inevitabile da utilizzare per le estrazioni (secco\/ghiaccio).<\/p>\n<p style=\"text-align: justify;\">I fiori, man mano che si avvicinano al momento ottimale di maturazione, mostrano diverse sfumature di verde insieme a toni pi\u00f9 dorati interposti da pistilli di colore arancione intenso, un&#8217;immagine insolita che rimarr\u00e0 impressa nella tua memoria. Insomma, Buddha Gelato ti apre un nuovo orizzonte di sensazioni a cui non vorrai rinunciare.<\/p>\n<p><iframe title=\"BUDDHA GELATO. BUDDHA SEEDS\" width=\"800\" height=\"450\" src=\"https:\/\/www.youtube.com\/embed\/Ss_RWc76OYQ?feature=oembed\" frameborder=\"0\" allow=\"accelerometer; autoplay; clipboard-write; encrypted-media; gyroscope; picture-in-picture; web-share\" referrerpolicy=\"strict-origin-when-cross-origin\" allowfullscreen><\/iframe><\/p>\n","protected":false},"excerpt":{"rendered":"<p style=\"text-align: justify;\">L&#8217;aspetto della Buddha Gelato durante la fioritura \u00e8 cosmico; la quantit\u00e0 di tricomi che la ricoprono simula un cielo stellato. Una tale produzione di resina \u00e8 inevitabile da utilizzare per le estrazioni (secco\/ghiaccio).<\/p>\n<p style=\"text-align: justify;\">I fiori, man mano che si avvicinano al momento ottimale di maturazione, mostrano diverse sfumature di verde insieme a toni pi\u00f9 dorati interposti da pistilli di colore arancione intenso, un&#8217;immagine insolita che rimarr\u00e0 impressa nella tua memoria. Insomma, Buddha Gelato ti apre un nuovo orizzonte di sensazioni a cui non vorrai rinunciare.<\/p>\n<p style=\"text-align: justify;\">Gli alti livelli di THC che Buddha Gelato pu\u00f2 raggiungere rendono consigliabile un consumo moderato.<\/p>\n","protected":false},"featured_media":4753,"template":"","meta":{"_joinchat":[]},"product_brand":[],"product_cat":[659,110],"product_tag":[1392,1429,1198,1474,1388,1408,1482],"class_list":{"0":"post-4774","1":"product","2":"type-product","3":"status-publish","4":"has-post-thumbnail","6":"product_cat-usa-collection-strains-it","7":"product_cat-varieta-buddha-seeds","8":"product_tag-cannabis-effetto-potente","9":"product_tag-cannabis-indica-it","10":"product_tag-ceppi-di-raccolta-usa","11":"product_tag-gusto-dolce-della-cannabis","12":"product_tag-marihuana-produttiva","13":"product_tag-semi-cannabis-americane","14":"product_tag-semi-fotodipendenti","15":"pa_efecto-9f-apesardesumayorpredisposi-it","16":"pa_fa-produccionenexteriorporpl-300_2000g-it","17":"pa_genetica-indica-it","18":"pa_mesdecosecha-be-segundamitaddeseptiembreh-it","19":"pa_produccionm-400_550g-it","20":"pa_semillas-10unidades-it","21":"pa_semillas-3unidades-it","22":"pa_semillas-50unidades-it","23":"pa_sexo-feminizada-it","24":"pa_tiempodefloracion-56_68dias-it","25":"pa_tipo-fotodipendente-it","27":"first","28":"instock","29":"taxable","30":"shipping-taxable","31":"purchasable","32":"product-type-variable"},"yoast_head":"<!-- This site is optimized with the Yoast SEO plugin v27.3 - https:\/\/yoast.com\/product\/yoast-seo-wordpress\/ -->\n<title>Buddha Gelato - Semi di Buddha<\/title>\n<meta name=\"robots\" content=\"index, follow, max-snippet:-1, max-image-preview:large, max-video-preview:-1\" \/>\n<link rel=\"canonical\" href=\"https:\/\/buddhaseedbank.com\/it\/producto\/buddha-gelato-2\/\" \/>\n<meta property=\"og:locale\" content=\"it_IT\" \/>\n<meta property=\"og:type\" content=\"article\" \/>\n<meta property=\"og:title\" content=\"Buddha Gelato - Semi di Buddha\" \/>\n<meta property=\"og:description\" content=\"L&#039;aspetto della Buddha Gelato durante la fioritura \u00e8 cosmico; la quantit\u00e0 di tricomi che la ricoprono simula un cielo stellato. Una tale produzione di resina \u00e8 inevitabile da utilizzare per le estrazioni (secco\/ghiaccio). I fiori, man mano che si avvicinano al momento ottimale di maturazione, mostrano diverse sfumature di verde insieme a toni pi\u00f9 dorati interposti da pistilli di colore arancione intenso, un&#039;immagine insolita che rimarr\u00e0 impressa nella tua memoria. Insomma, Buddha Gelato ti apre un nuovo orizzonte di sensazioni a cui non vorrai rinunciare. Gli alti livelli di THC che Buddha Gelato pu\u00f2 raggiungere rendono consigliabile un consumo moderato.\" \/>\n<meta property=\"og:url\" content=\"https:\/\/buddhaseedbank.com\/it\/producto\/buddha-gelato-2\/\" \/>\n<meta property=\"og:site_name\" content=\"Buddha Seeds\" \/>\n<meta property=\"article:modified_time\" content=\"2026-04-22T08:18:04+00:00\" \/>\n<meta property=\"og:image\" content=\"https:\/\/buddhaseedbank.com\/wp-content\/uploads\/2021\/06\/248-Buddha-Gelato.jpg\" \/>\n\t<meta property=\"og:image:width\" content=\"1080\" \/>\n\t<meta property=\"og:image:height\" content=\"1080\" \/>\n\t<meta property=\"og:image:type\" content=\"image\/jpeg\" \/>\n<meta name=\"twitter:card\" content=\"summary_large_image\" \/>\n<meta name=\"twitter:label1\" content=\"Tempo di lettura stimato\" \/>\n\t<meta name=\"twitter:data1\" content=\"1 minuto\" \/>\n<script type=\"application\/ld+json\" class=\"yoast-schema-graph\">{\"@context\":\"https:\\\/\\\/schema.org\",\"@graph\":[{\"@type\":\"WebPage\",\"@id\":\"https:\\\/\\\/buddhaseedbank.com\\\/it\\\/producto\\\/buddha-gelato-2\\\/\",\"url\":\"https:\\\/\\\/buddhaseedbank.com\\\/it\\\/producto\\\/buddha-gelato-2\\\/\",\"name\":\"Buddha Gelato - Semi di Buddha\",\"isPartOf\":{\"@id\":\"https:\\\/\\\/buddhaseedbank.com\\\/it\\\/#website\"},\"primaryImageOfPage\":{\"@id\":\"https:\\\/\\\/buddhaseedbank.com\\\/it\\\/producto\\\/buddha-gelato-2\\\/#primaryimage\"},\"image\":{\"@id\":\"https:\\\/\\\/buddhaseedbank.com\\\/it\\\/producto\\\/buddha-gelato-2\\\/#primaryimage\"},\"thumbnailUrl\":\"https:\\\/\\\/buddhaseedbank.com\\\/wp-content\\\/uploads\\\/2021\\\/06\\\/248-Buddha-Gelato.jpg\",\"datePublished\":\"2021-06-07T14:57:53+00:00\",\"dateModified\":\"2026-04-22T08:18:04+00:00\",\"breadcrumb\":{\"@id\":\"https:\\\/\\\/buddhaseedbank.com\\\/it\\\/producto\\\/buddha-gelato-2\\\/#breadcrumb\"},\"inLanguage\":\"it-IT\",\"potentialAction\":[{\"@type\":\"ReadAction\",\"target\":[\"https:\\\/\\\/buddhaseedbank.com\\\/it\\\/producto\\\/buddha-gelato-2\\\/\"]}]},{\"@type\":\"ImageObject\",\"inLanguage\":\"it-IT\",\"@id\":\"https:\\\/\\\/buddhaseedbank.com\\\/it\\\/producto\\\/buddha-gelato-2\\\/#primaryimage\",\"url\":\"https:\\\/\\\/buddhaseedbank.com\\\/wp-content\\\/uploads\\\/2021\\\/06\\\/248-Buddha-Gelato.jpg\",\"contentUrl\":\"https:\\\/\\\/buddhaseedbank.com\\\/wp-content\\\/uploads\\\/2021\\\/06\\\/248-Buddha-Gelato.jpg\",\"width\":1080,\"height\":1080,\"caption\":\"Buddha Gelato\"},{\"@type\":\"BreadcrumbList\",\"@id\":\"https:\\\/\\\/buddhaseedbank.com\\\/it\\\/producto\\\/buddha-gelato-2\\\/#breadcrumb\",\"itemListElement\":[{\"@type\":\"ListItem\",\"position\":1,\"name\":\"Portada\",\"item\":\"https:\\\/\\\/buddhaseedbank.com\\\/it\\\/\"},{\"@type\":\"ListItem\",\"position\":2,\"name\":\"Shop\",\"item\":\"https:\\\/\\\/buddhaseedbank.com\\\/it\\\/shop\\\/\"},{\"@type\":\"ListItem\",\"position\":3,\"name\":\"Buddha Gelato\"}]},{\"@type\":\"WebSite\",\"@id\":\"https:\\\/\\\/buddhaseedbank.com\\\/it\\\/#website\",\"url\":\"https:\\\/\\\/buddhaseedbank.com\\\/it\\\/\",\"name\":\"Buddha Seeds\",\"description\":\"\",\"publisher\":{\"@id\":\"https:\\\/\\\/buddhaseedbank.com\\\/it\\\/#organization\"},\"potentialAction\":[{\"@type\":\"SearchAction\",\"target\":{\"@type\":\"EntryPoint\",\"urlTemplate\":\"https:\\\/\\\/buddhaseedbank.com\\\/it\\\/?s={search_term_string}\"},\"query-input\":{\"@type\":\"PropertyValueSpecification\",\"valueRequired\":true,\"valueName\":\"search_term_string\"}}],\"inLanguage\":\"it-IT\"},{\"@type\":\"Organization\",\"@id\":\"https:\\\/\\\/buddhaseedbank.com\\\/it\\\/#organization\",\"name\":\"Buddha Seeds\",\"url\":\"https:\\\/\\\/buddhaseedbank.com\\\/it\\\/\",\"logo\":{\"@type\":\"ImageObject\",\"inLanguage\":\"it-IT\",\"@id\":\"https:\\\/\\\/buddhaseedbank.com\\\/it\\\/#\\\/schema\\\/logo\\\/image\\\/\",\"url\":\"https:\\\/\\\/buddhaseedbank.com\\\/wp-content\\\/uploads\\\/2024\\\/04\\\/buddha-seeds-logo-1622448424-1.png\",\"contentUrl\":\"https:\\\/\\\/buddhaseedbank.com\\\/wp-content\\\/uploads\\\/2024\\\/04\\\/buddha-seeds-logo-1622448424-1.png\",\"width\":478,\"height\":200,\"caption\":\"Buddha Seeds\"},\"image\":{\"@id\":\"https:\\\/\\\/buddhaseedbank.com\\\/it\\\/#\\\/schema\\\/logo\\\/image\\\/\"}}]}<\/script>\n<!-- \/ Yoast SEO plugin. -->","yoast_head_json":{"title":"Buddha Gelato - Semi di Buddha","robots":{"index":"index","follow":"follow","max-snippet":"max-snippet:-1","max-image-preview":"max-image-preview:large","max-video-preview":"max-video-preview:-1"},"canonical":"https:\/\/buddhaseedbank.com\/it\/producto\/buddha-gelato-2\/","og_locale":"it_IT","og_type":"article","og_title":"Buddha Gelato - Semi di Buddha","og_description":"L'aspetto della Buddha Gelato durante la fioritura \u00e8 cosmico; la quantit\u00e0 di tricomi che la ricoprono simula un cielo stellato. Una tale produzione di resina \u00e8 inevitabile da utilizzare per le estrazioni (secco\/ghiaccio). I fiori, man mano che si avvicinano al momento ottimale di maturazione, mostrano diverse sfumature di verde insieme a toni pi\u00f9 dorati interposti da pistilli di colore arancione intenso, un'immagine insolita che rimarr\u00e0 impressa nella tua memoria. Insomma, Buddha Gelato ti apre un nuovo orizzonte di sensazioni a cui non vorrai rinunciare. Gli alti livelli di THC che Buddha Gelato pu\u00f2 raggiungere rendono consigliabile un consumo moderato.","og_url":"https:\/\/buddhaseedbank.com\/it\/producto\/buddha-gelato-2\/","og_site_name":"Buddha Seeds","article_modified_time":"2026-04-22T08:18:04+00:00","og_image":[{"width":1080,"height":1080,"url":"https:\/\/buddhaseedbank.com\/wp-content\/uploads\/2021\/06\/248-Buddha-Gelato.jpg","type":"image\/jpeg"}],"twitter_card":"summary_large_image","twitter_misc":{"Tempo di lettura stimato":"1 minuto"},"schema":{"@context":"https:\/\/schema.org","@graph":[{"@type":"WebPage","@id":"https:\/\/buddhaseedbank.com\/it\/producto\/buddha-gelato-2\/","url":"https:\/\/buddhaseedbank.com\/it\/producto\/buddha-gelato-2\/","name":"Buddha Gelato - Semi di Buddha","isPartOf":{"@id":"https:\/\/buddhaseedbank.com\/it\/#website"},"primaryImageOfPage":{"@id":"https:\/\/buddhaseedbank.com\/it\/producto\/buddha-gelato-2\/#primaryimage"},"image":{"@id":"https:\/\/buddhaseedbank.com\/it\/producto\/buddha-gelato-2\/#primaryimage"},"thumbnailUrl":"https:\/\/buddhaseedbank.com\/wp-content\/uploads\/2021\/06\/248-Buddha-Gelato.jpg","datePublished":"2021-06-07T14:57:53+00:00","dateModified":"2026-04-22T08:18:04+00:00","breadcrumb":{"@id":"https:\/\/buddhaseedbank.com\/it\/producto\/buddha-gelato-2\/#breadcrumb"},"inLanguage":"it-IT","potentialAction":[{"@type":"ReadAction","target":["https:\/\/buddhaseedbank.com\/it\/producto\/buddha-gelato-2\/"]}]},{"@type":"ImageObject","inLanguage":"it-IT","@id":"https:\/\/buddhaseedbank.com\/it\/producto\/buddha-gelato-2\/#primaryimage","url":"https:\/\/buddhaseedbank.com\/wp-content\/uploads\/2021\/06\/248-Buddha-Gelato.jpg","contentUrl":"https:\/\/buddhaseedbank.com\/wp-content\/uploads\/2021\/06\/248-Buddha-Gelato.jpg","width":1080,"height":1080,"caption":"Buddha Gelato"},{"@type":"BreadcrumbList","@id":"https:\/\/buddhaseedbank.com\/it\/producto\/buddha-gelato-2\/#breadcrumb","itemListElement":[{"@type":"ListItem","position":1,"name":"Portada","item":"https:\/\/buddhaseedbank.com\/it\/"},{"@type":"ListItem","position":2,"name":"Shop","item":"https:\/\/buddhaseedbank.com\/it\/shop\/"},{"@type":"ListItem","position":3,"name":"Buddha Gelato"}]},{"@type":"WebSite","@id":"https:\/\/buddhaseedbank.com\/it\/#website","url":"https:\/\/buddhaseedbank.com\/it\/","name":"Buddha Seeds","description":"","publisher":{"@id":"https:\/\/buddhaseedbank.com\/it\/#organization"},"potentialAction":[{"@type":"SearchAction","target":{"@type":"EntryPoint","urlTemplate":"https:\/\/buddhaseedbank.com\/it\/?s={search_term_string}"},"query-input":{"@type":"PropertyValueSpecification","valueRequired":true,"valueName":"search_term_string"}}],"inLanguage":"it-IT"},{"@type":"Organization","@id":"https:\/\/buddhaseedbank.com\/it\/#organization","name":"Buddha Seeds","url":"https:\/\/buddhaseedbank.com\/it\/","logo":{"@type":"ImageObject","inLanguage":"it-IT","@id":"https:\/\/buddhaseedbank.com\/it\/#\/schema\/logo\/image\/","url":"https:\/\/buddhaseedbank.com\/wp-content\/uploads\/2024\/04\/buddha-seeds-logo-1622448424-1.png","contentUrl":"https:\/\/buddhaseedbank.com\/wp-content\/uploads\/2024\/04\/buddha-seeds-logo-1622448424-1.png","width":478,"height":200,"caption":"Buddha Seeds"},"image":{"@id":"https:\/\/buddhaseedbank.com\/it\/#\/schema\/logo\/image\/"}}]}},"_links":{"self":[{"href":"https:\/\/buddhaseedbank.com\/it\/wp-json\/wp\/v2\/product\/4774","targetHints":{"allow":["GET"]}}],"collection":[{"href":"https:\/\/buddhaseedbank.com\/it\/wp-json\/wp\/v2\/product"}],"about":[{"href":"https:\/\/buddhaseedbank.com\/it\/wp-json\/wp\/v2\/types\/product"}],"wp:featuredmedia":[{"embeddable":true,"href":"https:\/\/buddhaseedbank.com\/it\/wp-json\/wp\/v2\/media\/4753"}],"wp:attachment":[{"href":"https:\/\/buddhaseedbank.com\/it\/wp-json\/wp\/v2\/media?parent=4774"}],"wp:term":[{"taxonomy":"product_brand","embeddable":true,"href":"https:\/\/buddhaseedbank.com\/it\/wp-json\/wp\/v2\/product_brand?post=4774"},{"taxonomy":"product_cat","embeddable":true,"href":"https:\/\/buddhaseedbank.com\/it\/wp-json\/wp\/v2\/product_cat?post=4774"},{"taxonomy":"product_tag","embeddable":true,"href":"https:\/\/buddhaseedbank.com\/it\/wp-json\/wp\/v2\/product_tag?post=4774"}],"curies":[{"name":"wp","href":"https:\/\/api.w.org\/{rel}","templated":true}]}}