{"id":4844,"date":"2021-06-08T14:00:56","date_gmt":"2021-06-08T12:00:56","guid":{"rendered":"https:\/\/buddhaseedbank.com\/producto\/auto-gorila\/"},"modified":"2026-04-17T01:25:44","modified_gmt":"2026-04-16T23:25:44","slug":"auto-gorila","status":"publish","type":"product","link":"https:\/\/buddhaseedbank.com\/it\/producto\/auto-gorila\/","title":{"rendered":"Auto Gorila"},"content":{"rendered":"<p style=\"text-align: justify;\">Se pensavi che nulla potesse metterti al tappeto al primo turno, aspetta di provare l&#8217;autofiorente Gorila, la versione della Buddha Seeds della nota American Gorilla Glue che arriva dritta a detronizzare le genetiche pi\u00f9 potenti del mercato. Preparati ad alzare i giri e a sentire il duro &#8220;colpo&#8221; di questa bestia della cannabis.<\/p>\n<p style=\"text-align: justify;\">Noi di Buddha Seeds abbiamo accettato questa grande sfida per sviluppare una variet\u00e0 di estrema potenza e offrire al consumatore un&#8217;esperienza di altissimo livello. Eravamo consapevoli che non sarebbe stato un compito facile, ma possiamo dire di essere molto soddisfatti del risultato.<\/p>\n<p style=\"text-align: justify;\">Vi presentiamo la Gorilla Auto, una variet\u00e0 tremendamente &#8220;animale&#8221; sia nella produzione che negli effetti. Fai attenzione ai pugni di questo stallone perch\u00e9 non scherza. Bastano poche boccate per lasciarti immobilizzato sul divano. Il suo alto contenuto di THC, nel pi\u00f9 puro stile della genetica americana, ti metter\u00e0 al tappeto al primo &#8220;round&#8221;. Non c&#8217;\u00e8 quindi da stupirsi se questa variet\u00e0 autofiorente diventa il tuo alleato per le notti insonni, i dolori del corpo o una giornata stressante.<\/p>\n<p style=\"text-align: justify;\">E se il suo effetto \u00e8 potente, lo sono anche i suoi rendimenti. Aspetta di vedere come le tue mani si attaccano alle enormi cime a causa dell&#8217;enorme quantit\u00e0 di tricomi che genera. Gorilla Auto \u00e8 resina pura e ricoprir\u00e0 la tua pianta con un brillante strato bianco.<\/p>\n<p style=\"text-align: justify;\">La coltivazione richiede pochissime cure rispetto al volume del suo raccolto. Questo \u00e8 uno stallone di produttivit\u00e0. Non ci sbilanciamo se diciamo che la resa della Gorilla Auto di Buddha Seeds \u00e8 molto elevata; un vero e proprio rompiscatole, sia indoor che outdoor. Si tratta per\u00f2 di una variet\u00e0 affamata che richiede molto cibo.<\/p>\n<p style=\"text-align: justify;\">Altri vantaggi sono la resistenza alle malattie, ai climi freddi e un&#8217;elevata tolleranza alle tecniche di potatura e coltivazione.<\/p>\n<p style=\"text-align: justify;\">In termini di sapore, la Gorilla Auto \u00e8 ricca di terpeni e il suo aroma si mescola a note di agrumi e pino. Il tutto \u00e8 avvolto da note terrose molto caratteristiche delle linee americane. Alcuni fenotipi sviluppano note di cioccolato che rendono il loro fumo denso perfetto insieme alle altre sfumature.<\/p>\n<p style=\"text-align: justify;\">Con tutto ci\u00f2, non possiamo che chiederti di riservare uno spazio nel tuo prossimo raccolto per questa prelibatezza e animale da cannabis.<\/p>\n<p style=\"text-align: justify;\"><a style=\"background-color: #ff0000; color: #ffffff;\" href=\"https:\/\/www.youtube.com\/watch?v=cfogeU3ej0Y\" target=\"_blank\" rel=\"noreferrer noopener nofollow\">YOUTUBE \u25ba<\/a><\/p>\n","protected":false},"excerpt":{"rendered":"<p style=\"text-align: justify;\">La Gorila autofiorente di Buddha Seeds \u00e8 una variet\u00e0 tremendamente &#8220;animale&#8221;, sia nella produzione che negli effetti. Fai attenzione ai pugni di questo stallone perch\u00e9 non scherza. Bastano poche boccate per lasciarti immobilizzato sul divano. Il suo alto contenuto di THC nel pi\u00f9 puro stile della genetica americana ti metter\u00e0 al tappeto al primo &#8220;round&#8221;.<\/p>\n<p style=\"text-align: justify;\">E se il suo effetto \u00e8 potente, lo sono anche i suoi rendimenti. Aspetta di vedere come le tue mani si attaccano alle enormi cime a causa dell&#8217;enorme quantit\u00e0 di tricomi che genera. L&#8217;autofiorente Gorilla \u00e8 pura resina e ricoprir\u00e0 la tua pianta di una brillante coltre bianca.<\/p>\n<p style=\"text-align: justify;\">La coltivazione richiede pochissime cure rispetto al volume del suo raccolto. Questo \u00e8 uno stallone di produttivit\u00e0.<\/p>\n","protected":false},"featured_media":4823,"template":"","meta":{"_joinchat":[]},"product_brand":[],"product_cat":[659,110],"product_tag":[1398,1486,1392,1452,1198,1437,1734,1150,1408],"class_list":{"0":"post-4844","1":"product","2":"type-product","3":"status-publish","4":"has-post-thumbnail","6":"product_cat-usa-collection-strains-it","7":"product_cat-varieta-buddha-seeds","8":"product_tag-autofiorenti-piu-produttive","9":"product_tag-autofiorenti-produttive","10":"product_tag-cannabis-effetto-potente","11":"product_tag-cannabis-per-ansia-stress","12":"product_tag-ceppi-di-raccolta-usa","13":"product_tag-piante-autofiorenti-produttive","14":"product_tag-piu-venduti","15":"product_tag-semi-autofiorenti","16":"product_tag-semi-cannabis-americane","17":"pa_8d-tiempodecultivocrecimient-70dias-it","18":"pa_efecto-ca-potenteytotalmenterelajan-it","19":"pa_fa-produccionenexteriorporpl-70_350g-it","20":"pa_genetica-indica-it","21":"pa_produccionm-450_650g-it","22":"pa_semillas-10unidades-it","23":"pa_semillas-3unidades-it","24":"pa_semillas-50unidades-it","25":"pa_sexo-feminizada-it","26":"pa_tipo-autofiorenti-it","28":"first","29":"instock","30":"taxable","31":"shipping-taxable","32":"purchasable","33":"product-type-variable"},"yoast_head":"<!-- This site is optimized with the Yoast SEO plugin v27.3 - https:\/\/yoast.com\/product\/yoast-seo-wordpress\/ -->\n<title>Gorila Autofiorente - Buddha Seeds<\/title>\n<meta name=\"description\" content=\"Gorila \u00e8 la variet\u00e0 pi\u00f9 animale della banca di semi Buddha Seeds, se pensavi di averle viste tutte, lasciati sedurre da questo stallone che ti lascer\u00e0 incollato al divano.\" \/>\n<meta name=\"robots\" content=\"index, follow, max-snippet:-1, max-image-preview:large, max-video-preview:-1\" \/>\n<link rel=\"canonical\" href=\"https:\/\/buddhaseedbank.com\/it\/producto\/auto-gorila\/\" \/>\n<meta property=\"og:locale\" content=\"it_IT\" \/>\n<meta property=\"og:type\" content=\"article\" \/>\n<meta property=\"og:title\" content=\"Gorila Autofiorente - Buddha Seeds\" \/>\n<meta property=\"og:description\" content=\"Gorila \u00e8 la variet\u00e0 pi\u00f9 animale della banca di semi Buddha Seeds, se pensavi di averle viste tutte, lasciati sedurre da questo stallone che ti lascer\u00e0 incollato al divano.\" \/>\n<meta property=\"og:url\" content=\"https:\/\/buddhaseedbank.com\/it\/producto\/auto-gorila\/\" \/>\n<meta property=\"og:site_name\" content=\"Buddha Seeds\" \/>\n<meta property=\"article:modified_time\" content=\"2026-04-16T23:25:44+00:00\" \/>\n<meta property=\"og:image\" content=\"https:\/\/buddhaseedbank.com\/wp-content\/uploads\/2021\/06\/268-Auto-Gorila.jpg\" \/>\n\t<meta property=\"og:image:width\" content=\"1080\" \/>\n\t<meta property=\"og:image:height\" content=\"1080\" \/>\n\t<meta property=\"og:image:type\" content=\"image\/jpeg\" \/>\n<meta name=\"twitter:card\" content=\"summary_large_image\" \/>\n<meta name=\"twitter:label1\" content=\"Tempo di lettura stimato\" \/>\n\t<meta name=\"twitter:data1\" content=\"2 minuti\" \/>\n<script type=\"application\/ld+json\" class=\"yoast-schema-graph\">{\"@context\":\"https:\\\/\\\/schema.org\",\"@graph\":[{\"@type\":\"WebPage\",\"@id\":\"https:\\\/\\\/buddhaseedbank.com\\\/it\\\/producto\\\/auto-gorila\\\/\",\"url\":\"https:\\\/\\\/buddhaseedbank.com\\\/it\\\/producto\\\/auto-gorila\\\/\",\"name\":\"Gorila Autofiorente - Buddha Seeds\",\"isPartOf\":{\"@id\":\"https:\\\/\\\/buddhaseedbank.com\\\/it\\\/#website\"},\"primaryImageOfPage\":{\"@id\":\"https:\\\/\\\/buddhaseedbank.com\\\/it\\\/producto\\\/auto-gorila\\\/#primaryimage\"},\"image\":{\"@id\":\"https:\\\/\\\/buddhaseedbank.com\\\/it\\\/producto\\\/auto-gorila\\\/#primaryimage\"},\"thumbnailUrl\":\"https:\\\/\\\/buddhaseedbank.com\\\/wp-content\\\/uploads\\\/2021\\\/06\\\/268-Auto-Gorila.jpg\",\"datePublished\":\"2021-06-08T12:00:56+00:00\",\"dateModified\":\"2026-04-16T23:25:44+00:00\",\"description\":\"Gorila \u00e8 la variet\u00e0 pi\u00f9 animale della banca di semi Buddha Seeds, se pensavi di averle viste tutte, lasciati sedurre da questo stallone che ti lascer\u00e0 incollato al divano.\",\"breadcrumb\":{\"@id\":\"https:\\\/\\\/buddhaseedbank.com\\\/it\\\/producto\\\/auto-gorila\\\/#breadcrumb\"},\"inLanguage\":\"it-IT\",\"potentialAction\":[{\"@type\":\"ReadAction\",\"target\":[\"https:\\\/\\\/buddhaseedbank.com\\\/it\\\/producto\\\/auto-gorila\\\/\"]}]},{\"@type\":\"ImageObject\",\"inLanguage\":\"it-IT\",\"@id\":\"https:\\\/\\\/buddhaseedbank.com\\\/it\\\/producto\\\/auto-gorila\\\/#primaryimage\",\"url\":\"https:\\\/\\\/buddhaseedbank.com\\\/wp-content\\\/uploads\\\/2021\\\/06\\\/268-Auto-Gorila.jpg\",\"contentUrl\":\"https:\\\/\\\/buddhaseedbank.com\\\/wp-content\\\/uploads\\\/2021\\\/06\\\/268-Auto-Gorila.jpg\",\"width\":1080,\"height\":1080,\"caption\":\"Auto Gorilla\"},{\"@type\":\"BreadcrumbList\",\"@id\":\"https:\\\/\\\/buddhaseedbank.com\\\/it\\\/producto\\\/auto-gorila\\\/#breadcrumb\",\"itemListElement\":[{\"@type\":\"ListItem\",\"position\":1,\"name\":\"Portada\",\"item\":\"https:\\\/\\\/buddhaseedbank.com\\\/it\\\/\"},{\"@type\":\"ListItem\",\"position\":2,\"name\":\"Shop\",\"item\":\"https:\\\/\\\/buddhaseedbank.com\\\/it\\\/shop\\\/\"},{\"@type\":\"ListItem\",\"position\":3,\"name\":\"Auto Gorila\"}]},{\"@type\":\"WebSite\",\"@id\":\"https:\\\/\\\/buddhaseedbank.com\\\/it\\\/#website\",\"url\":\"https:\\\/\\\/buddhaseedbank.com\\\/it\\\/\",\"name\":\"Buddha Seeds\",\"description\":\"\",\"publisher\":{\"@id\":\"https:\\\/\\\/buddhaseedbank.com\\\/it\\\/#organization\"},\"potentialAction\":[{\"@type\":\"SearchAction\",\"target\":{\"@type\":\"EntryPoint\",\"urlTemplate\":\"https:\\\/\\\/buddhaseedbank.com\\\/it\\\/?s={search_term_string}\"},\"query-input\":{\"@type\":\"PropertyValueSpecification\",\"valueRequired\":true,\"valueName\":\"search_term_string\"}}],\"inLanguage\":\"it-IT\"},{\"@type\":\"Organization\",\"@id\":\"https:\\\/\\\/buddhaseedbank.com\\\/it\\\/#organization\",\"name\":\"Buddha Seeds\",\"url\":\"https:\\\/\\\/buddhaseedbank.com\\\/it\\\/\",\"logo\":{\"@type\":\"ImageObject\",\"inLanguage\":\"it-IT\",\"@id\":\"https:\\\/\\\/buddhaseedbank.com\\\/it\\\/#\\\/schema\\\/logo\\\/image\\\/\",\"url\":\"https:\\\/\\\/buddhaseedbank.com\\\/wp-content\\\/uploads\\\/2024\\\/04\\\/buddha-seeds-logo-1622448424-1.png\",\"contentUrl\":\"https:\\\/\\\/buddhaseedbank.com\\\/wp-content\\\/uploads\\\/2024\\\/04\\\/buddha-seeds-logo-1622448424-1.png\",\"width\":478,\"height\":200,\"caption\":\"Buddha Seeds\"},\"image\":{\"@id\":\"https:\\\/\\\/buddhaseedbank.com\\\/it\\\/#\\\/schema\\\/logo\\\/image\\\/\"}}]}<\/script>\n<!-- \/ Yoast SEO plugin. -->","yoast_head_json":{"title":"Gorila Autofiorente - Buddha Seeds","description":"Gorila \u00e8 la variet\u00e0 pi\u00f9 animale della banca di semi Buddha Seeds, se pensavi di averle viste tutte, lasciati sedurre da questo stallone che ti lascer\u00e0 incollato al divano.","robots":{"index":"index","follow":"follow","max-snippet":"max-snippet:-1","max-image-preview":"max-image-preview:large","max-video-preview":"max-video-preview:-1"},"canonical":"https:\/\/buddhaseedbank.com\/it\/producto\/auto-gorila\/","og_locale":"it_IT","og_type":"article","og_title":"Gorila Autofiorente - Buddha Seeds","og_description":"Gorila \u00e8 la variet\u00e0 pi\u00f9 animale della banca di semi Buddha Seeds, se pensavi di averle viste tutte, lasciati sedurre da questo stallone che ti lascer\u00e0 incollato al divano.","og_url":"https:\/\/buddhaseedbank.com\/it\/producto\/auto-gorila\/","og_site_name":"Buddha Seeds","article_modified_time":"2026-04-16T23:25:44+00:00","og_image":[{"width":1080,"height":1080,"url":"https:\/\/buddhaseedbank.com\/wp-content\/uploads\/2021\/06\/268-Auto-Gorila.jpg","type":"image\/jpeg"}],"twitter_card":"summary_large_image","twitter_misc":{"Tempo di lettura stimato":"2 minuti"},"schema":{"@context":"https:\/\/schema.org","@graph":[{"@type":"WebPage","@id":"https:\/\/buddhaseedbank.com\/it\/producto\/auto-gorila\/","url":"https:\/\/buddhaseedbank.com\/it\/producto\/auto-gorila\/","name":"Gorila Autofiorente - Buddha Seeds","isPartOf":{"@id":"https:\/\/buddhaseedbank.com\/it\/#website"},"primaryImageOfPage":{"@id":"https:\/\/buddhaseedbank.com\/it\/producto\/auto-gorila\/#primaryimage"},"image":{"@id":"https:\/\/buddhaseedbank.com\/it\/producto\/auto-gorila\/#primaryimage"},"thumbnailUrl":"https:\/\/buddhaseedbank.com\/wp-content\/uploads\/2021\/06\/268-Auto-Gorila.jpg","datePublished":"2021-06-08T12:00:56+00:00","dateModified":"2026-04-16T23:25:44+00:00","description":"Gorila \u00e8 la variet\u00e0 pi\u00f9 animale della banca di semi Buddha Seeds, se pensavi di averle viste tutte, lasciati sedurre da questo stallone che ti lascer\u00e0 incollato al divano.","breadcrumb":{"@id":"https:\/\/buddhaseedbank.com\/it\/producto\/auto-gorila\/#breadcrumb"},"inLanguage":"it-IT","potentialAction":[{"@type":"ReadAction","target":["https:\/\/buddhaseedbank.com\/it\/producto\/auto-gorila\/"]}]},{"@type":"ImageObject","inLanguage":"it-IT","@id":"https:\/\/buddhaseedbank.com\/it\/producto\/auto-gorila\/#primaryimage","url":"https:\/\/buddhaseedbank.com\/wp-content\/uploads\/2021\/06\/268-Auto-Gorila.jpg","contentUrl":"https:\/\/buddhaseedbank.com\/wp-content\/uploads\/2021\/06\/268-Auto-Gorila.jpg","width":1080,"height":1080,"caption":"Auto Gorilla"},{"@type":"BreadcrumbList","@id":"https:\/\/buddhaseedbank.com\/it\/producto\/auto-gorila\/#breadcrumb","itemListElement":[{"@type":"ListItem","position":1,"name":"Portada","item":"https:\/\/buddhaseedbank.com\/it\/"},{"@type":"ListItem","position":2,"name":"Shop","item":"https:\/\/buddhaseedbank.com\/it\/shop\/"},{"@type":"ListItem","position":3,"name":"Auto Gorila"}]},{"@type":"WebSite","@id":"https:\/\/buddhaseedbank.com\/it\/#website","url":"https:\/\/buddhaseedbank.com\/it\/","name":"Buddha Seeds","description":"","publisher":{"@id":"https:\/\/buddhaseedbank.com\/it\/#organization"},"potentialAction":[{"@type":"SearchAction","target":{"@type":"EntryPoint","urlTemplate":"https:\/\/buddhaseedbank.com\/it\/?s={search_term_string}"},"query-input":{"@type":"PropertyValueSpecification","valueRequired":true,"valueName":"search_term_string"}}],"inLanguage":"it-IT"},{"@type":"Organization","@id":"https:\/\/buddhaseedbank.com\/it\/#organization","name":"Buddha Seeds","url":"https:\/\/buddhaseedbank.com\/it\/","logo":{"@type":"ImageObject","inLanguage":"it-IT","@id":"https:\/\/buddhaseedbank.com\/it\/#\/schema\/logo\/image\/","url":"https:\/\/buddhaseedbank.com\/wp-content\/uploads\/2024\/04\/buddha-seeds-logo-1622448424-1.png","contentUrl":"https:\/\/buddhaseedbank.com\/wp-content\/uploads\/2024\/04\/buddha-seeds-logo-1622448424-1.png","width":478,"height":200,"caption":"Buddha Seeds"},"image":{"@id":"https:\/\/buddhaseedbank.com\/it\/#\/schema\/logo\/image\/"}}]}},"_links":{"self":[{"href":"https:\/\/buddhaseedbank.com\/it\/wp-json\/wp\/v2\/product\/4844","targetHints":{"allow":["GET"]}}],"collection":[{"href":"https:\/\/buddhaseedbank.com\/it\/wp-json\/wp\/v2\/product"}],"about":[{"href":"https:\/\/buddhaseedbank.com\/it\/wp-json\/wp\/v2\/types\/product"}],"wp:featuredmedia":[{"embeddable":true,"href":"https:\/\/buddhaseedbank.com\/it\/wp-json\/wp\/v2\/media\/4823"}],"wp:attachment":[{"href":"https:\/\/buddhaseedbank.com\/it\/wp-json\/wp\/v2\/media?parent=4844"}],"wp:term":[{"taxonomy":"product_brand","embeddable":true,"href":"https:\/\/buddhaseedbank.com\/it\/wp-json\/wp\/v2\/product_brand?post=4844"},{"taxonomy":"product_cat","embeddable":true,"href":"https:\/\/buddhaseedbank.com\/it\/wp-json\/wp\/v2\/product_cat?post=4844"},{"taxonomy":"product_tag","embeddable":true,"href":"https:\/\/buddhaseedbank.com\/it\/wp-json\/wp\/v2\/product_tag?post=4844"}],"curies":[{"name":"wp","href":"https:\/\/api.w.org\/{rel}","templated":true}]}}