{"id":4879,"date":"2021-06-08T14:59:08","date_gmt":"2021-06-08T12:59:08","guid":{"rendered":"https:\/\/buddhaseedbank.com\/producto\/buddha-auto-tangie-2\/"},"modified":"2026-04-12T15:30:14","modified_gmt":"2026-04-12T13:30:14","slug":"buddha-auto-tangie-2","status":"publish","type":"product","link":"https:\/\/buddhaseedbank.com\/it\/producto\/buddha-auto-tangie-2\/","title":{"rendered":"Buddha Auto Tangie"},"content":{"rendered":"<p style=\"text-align: justify;\">Una ventata di nuove sensazioni per i sensi, un tornado di aromi e sapori che conquistano all&#8217;istante. Questa \u00e8 la Buddha Auto Tangie: \u00e8 una pianta che fa innamorare con l&#8217;odore, il gusto e la vista di chi la conosce. Gli aromi di agrumi arancioni sono intensi, il sapore dolce \u00e8 eccezionale e l&#8217;aspetto del fiore \u00e8 luminoso.<\/p>\n<p style=\"text-align: justify;\">Da Buddha Seeds abbiamo voluto catturare nella nostra autofiorente Tangie l&#8217;essenza che identifica il sapore degli agrumi americani. L&#8217;aroma aranciato di questa variet\u00e0 ti invita a spremerla e a gustarla ad ogni colazione.<\/p>\n<p style=\"text-align: justify;\">Buddha Auto Tangie \u00e8 una vera esperienza: puro sapore di arancia e mandarino. Sembra incredibile, ma si distingue per i suoi sapori totalmente diversi dalle solite variet\u00e0 di agrumi presenti sul mercato. Alcuni fenotipi presentano note di pompelmo che permangono a lungo sul palato, oltre a un&#8217;ampia gamma di note agrumate che fanno emergere la personalit\u00e0 della Buddha Auto Tangie.<\/p>\n<p style=\"text-align: justify;\">Un &#8220;boost vitaminico&#8221; per la tua vita quotidiana, un profumo americano di alta <em>classe<\/em> che impregna di fragranza qualsiasi cosa tocchi. Un aroma che rappresenta perfettamente l&#8217;origine.<\/p>\n<p style=\"text-align: justify;\">Il team di Buddha Seeds ha ottenuto un risultato finale eccellente in termini di terpeni, molto ben adattato alle attuali esigenze dei consumatori. Buddha Auto Tangie porta anche un sorriso sul volto di chi lo prova.<\/p>\n<p style=\"text-align: justify;\">La Buddha Auto Tangie di Buddha Seeds si distingue per il suo breve tempo di crescita, nonostante il suo carico di sativa pi\u00f9 elevato. In generale, questa variet\u00e0 \u00e8 facile da curare, anche se durante la fioritura \u00e8 consigliabile incrementare l&#8217;uso di macronutrienti per lasciarla letteralmente incollata. Sii certo che Buddha Tangie ti lascer\u00e0 piacevolmente soddisfatto.<\/p>\n<p style=\"text-align: justify;\"><a style=\"background-color: #ff0000; color: #ffffff;\" href=\"https:\/\/www.youtube.com\/watch?v=DC-J0fXks1M\" target=\"_blank\" rel=\"noreferrer noopener nofollow\">YOUTUBE \u25ba<\/a><\/p>\n","protected":false},"excerpt":{"rendered":"<p style=\"text-align: justify;\">Buddha Auto Tangie \u00e8 una vera esperienza: puro sapore di arancia e mandarino. Sembra incredibile, ma si distingue per i suoi sapori totalmente diversi dalle solite variet\u00e0 di agrumi presenti sul mercato. Alcuni fenotipi presentano note di pompelmo che permangono a lungo sul palato, oltre a un&#8217;ampia gamma di note agrumate che fanno emergere la personalit\u00e0 della Buddha Auto Tangie.<\/p>\n<p style=\"text-align: justify;\">Il team di Buddha Seeds ha ottenuto un risultato finale eccellente in termini di terpeni, molto ben adattato alle attuali richieste dei consumatori. Buddha Auto Tangie porta anche un sorriso sul volto di chi lo prova.<\/p>\n","protected":false},"featured_media":4858,"template":"","meta":{"_joinchat":[]},"product_brand":[],"product_cat":[659,110],"product_tag":[1398,1461,1198,1437,1384,1150,1408],"class_list":{"0":"post-4879","1":"product","2":"type-product","3":"status-publish","4":"has-post-thumbnail","6":"product_cat-usa-collection-strains-it","7":"product_cat-varieta-buddha-seeds","8":"product_tag-autofiorenti-piu-produttive","9":"product_tag-cannabis-sativa-it","10":"product_tag-ceppi-di-raccolta-usa","11":"product_tag-piante-autofiorenti-produttive","12":"product_tag-sativa-autofiorente","13":"product_tag-semi-autofiorenti","14":"product_tag-semi-cannabis-americane","15":"pa_8d-tiempodecultivocrecimient-70_75dias-it","16":"pa_efecto-3c-unsubidonvitaminicoparatu-it","17":"pa_fa-produccionenexteriorporpl-60_250g-it","18":"pa_genetica-sativa-it","19":"pa_produccionm-400_550g-it","20":"pa_semillas-10unidades-it","21":"pa_semillas-3unidades-it","22":"pa_semillas-50unidades-it","23":"pa_sexo-feminizada-it","24":"pa_tipo-autofiorenti-it","26":"first","27":"instock","28":"taxable","29":"shipping-taxable","30":"purchasable","31":"product-type-variable"},"yoast_head":"<!-- This site is optimized with the Yoast SEO plugin v27.3 - https:\/\/yoast.com\/product\/yoast-seo-wordpress\/ -->\n<title>Buddha Auto Tangie - Buddha Seeds<\/title>\n<meta name=\"robots\" content=\"index, follow, max-snippet:-1, max-image-preview:large, max-video-preview:-1\" \/>\n<link rel=\"canonical\" href=\"https:\/\/buddhaseedbank.com\/it\/producto\/buddha-auto-tangie-2\/\" \/>\n<meta property=\"og:locale\" content=\"it_IT\" \/>\n<meta property=\"og:type\" content=\"article\" \/>\n<meta property=\"og:title\" content=\"Buddha Auto Tangie - Buddha Seeds\" \/>\n<meta property=\"og:description\" content=\"Buddha Auto Tangie \u00e8 una vera esperienza: puro sapore di arancia e mandarino. Sembra incredibile, ma si distingue per i suoi sapori totalmente diversi dalle solite variet\u00e0 di agrumi presenti sul mercato. Alcuni fenotipi presentano note di pompelmo che permangono a lungo sul palato, oltre a un&#039;ampia gamma di note agrumate che fanno emergere la personalit\u00e0 della Buddha Auto Tangie. Il team di Buddha Seeds ha ottenuto un risultato finale eccellente in termini di terpeni, molto ben adattato alle attuali richieste dei consumatori. Buddha Auto Tangie porta anche un sorriso sul volto di chi lo prova.\" \/>\n<meta property=\"og:url\" content=\"https:\/\/buddhaseedbank.com\/it\/producto\/buddha-auto-tangie-2\/\" \/>\n<meta property=\"og:site_name\" content=\"Buddha Seeds\" \/>\n<meta property=\"article:modified_time\" content=\"2026-04-12T13:30:14+00:00\" \/>\n<meta property=\"og:image\" content=\"https:\/\/buddhaseedbank.com\/wp-content\/uploads\/2021\/06\/271-Buddha-Auto-Tangie.jpg\" \/>\n\t<meta property=\"og:image:width\" content=\"1080\" \/>\n\t<meta property=\"og:image:height\" content=\"1080\" \/>\n\t<meta property=\"og:image:type\" content=\"image\/jpeg\" \/>\n<meta name=\"twitter:card\" content=\"summary_large_image\" \/>\n<meta name=\"twitter:label1\" content=\"Tempo di lettura stimato\" \/>\n\t<meta name=\"twitter:data1\" content=\"1 minuto\" \/>\n<script type=\"application\/ld+json\" class=\"yoast-schema-graph\">{\"@context\":\"https:\\\/\\\/schema.org\",\"@graph\":[{\"@type\":\"WebPage\",\"@id\":\"https:\\\/\\\/buddhaseedbank.com\\\/it\\\/producto\\\/buddha-auto-tangie-2\\\/\",\"url\":\"https:\\\/\\\/buddhaseedbank.com\\\/it\\\/producto\\\/buddha-auto-tangie-2\\\/\",\"name\":\"Buddha Auto Tangie - Buddha Seeds\",\"isPartOf\":{\"@id\":\"https:\\\/\\\/buddhaseedbank.com\\\/it\\\/#website\"},\"primaryImageOfPage\":{\"@id\":\"https:\\\/\\\/buddhaseedbank.com\\\/it\\\/producto\\\/buddha-auto-tangie-2\\\/#primaryimage\"},\"image\":{\"@id\":\"https:\\\/\\\/buddhaseedbank.com\\\/it\\\/producto\\\/buddha-auto-tangie-2\\\/#primaryimage\"},\"thumbnailUrl\":\"https:\\\/\\\/buddhaseedbank.com\\\/wp-content\\\/uploads\\\/2021\\\/06\\\/271-Buddha-Auto-Tangie.jpg\",\"datePublished\":\"2021-06-08T12:59:08+00:00\",\"dateModified\":\"2026-04-12T13:30:14+00:00\",\"breadcrumb\":{\"@id\":\"https:\\\/\\\/buddhaseedbank.com\\\/it\\\/producto\\\/buddha-auto-tangie-2\\\/#breadcrumb\"},\"inLanguage\":\"it-IT\",\"potentialAction\":[{\"@type\":\"ReadAction\",\"target\":[\"https:\\\/\\\/buddhaseedbank.com\\\/it\\\/producto\\\/buddha-auto-tangie-2\\\/\"]}]},{\"@type\":\"ImageObject\",\"inLanguage\":\"it-IT\",\"@id\":\"https:\\\/\\\/buddhaseedbank.com\\\/it\\\/producto\\\/buddha-auto-tangie-2\\\/#primaryimage\",\"url\":\"https:\\\/\\\/buddhaseedbank.com\\\/wp-content\\\/uploads\\\/2021\\\/06\\\/271-Buddha-Auto-Tangie.jpg\",\"contentUrl\":\"https:\\\/\\\/buddhaseedbank.com\\\/wp-content\\\/uploads\\\/2021\\\/06\\\/271-Buddha-Auto-Tangie.jpg\",\"width\":1080,\"height\":1080,\"caption\":\"Buddha Auto Tangie\"},{\"@type\":\"BreadcrumbList\",\"@id\":\"https:\\\/\\\/buddhaseedbank.com\\\/it\\\/producto\\\/buddha-auto-tangie-2\\\/#breadcrumb\",\"itemListElement\":[{\"@type\":\"ListItem\",\"position\":1,\"name\":\"Portada\",\"item\":\"https:\\\/\\\/buddhaseedbank.com\\\/it\\\/\"},{\"@type\":\"ListItem\",\"position\":2,\"name\":\"Shop\",\"item\":\"https:\\\/\\\/buddhaseedbank.com\\\/it\\\/shop\\\/\"},{\"@type\":\"ListItem\",\"position\":3,\"name\":\"Buddha Auto Tangie\"}]},{\"@type\":\"WebSite\",\"@id\":\"https:\\\/\\\/buddhaseedbank.com\\\/it\\\/#website\",\"url\":\"https:\\\/\\\/buddhaseedbank.com\\\/it\\\/\",\"name\":\"Buddha Seeds\",\"description\":\"\",\"publisher\":{\"@id\":\"https:\\\/\\\/buddhaseedbank.com\\\/it\\\/#organization\"},\"potentialAction\":[{\"@type\":\"SearchAction\",\"target\":{\"@type\":\"EntryPoint\",\"urlTemplate\":\"https:\\\/\\\/buddhaseedbank.com\\\/it\\\/?s={search_term_string}\"},\"query-input\":{\"@type\":\"PropertyValueSpecification\",\"valueRequired\":true,\"valueName\":\"search_term_string\"}}],\"inLanguage\":\"it-IT\"},{\"@type\":\"Organization\",\"@id\":\"https:\\\/\\\/buddhaseedbank.com\\\/it\\\/#organization\",\"name\":\"Buddha Seeds\",\"url\":\"https:\\\/\\\/buddhaseedbank.com\\\/it\\\/\",\"logo\":{\"@type\":\"ImageObject\",\"inLanguage\":\"it-IT\",\"@id\":\"https:\\\/\\\/buddhaseedbank.com\\\/it\\\/#\\\/schema\\\/logo\\\/image\\\/\",\"url\":\"https:\\\/\\\/buddhaseedbank.com\\\/wp-content\\\/uploads\\\/2024\\\/04\\\/buddha-seeds-logo-1622448424-1.png\",\"contentUrl\":\"https:\\\/\\\/buddhaseedbank.com\\\/wp-content\\\/uploads\\\/2024\\\/04\\\/buddha-seeds-logo-1622448424-1.png\",\"width\":478,\"height\":200,\"caption\":\"Buddha Seeds\"},\"image\":{\"@id\":\"https:\\\/\\\/buddhaseedbank.com\\\/it\\\/#\\\/schema\\\/logo\\\/image\\\/\"}}]}<\/script>\n<!-- \/ Yoast SEO plugin. -->","yoast_head_json":{"title":"Buddha Auto Tangie - Buddha Seeds","robots":{"index":"index","follow":"follow","max-snippet":"max-snippet:-1","max-image-preview":"max-image-preview:large","max-video-preview":"max-video-preview:-1"},"canonical":"https:\/\/buddhaseedbank.com\/it\/producto\/buddha-auto-tangie-2\/","og_locale":"it_IT","og_type":"article","og_title":"Buddha Auto Tangie - Buddha Seeds","og_description":"Buddha Auto Tangie \u00e8 una vera esperienza: puro sapore di arancia e mandarino. Sembra incredibile, ma si distingue per i suoi sapori totalmente diversi dalle solite variet\u00e0 di agrumi presenti sul mercato. Alcuni fenotipi presentano note di pompelmo che permangono a lungo sul palato, oltre a un'ampia gamma di note agrumate che fanno emergere la personalit\u00e0 della Buddha Auto Tangie. Il team di Buddha Seeds ha ottenuto un risultato finale eccellente in termini di terpeni, molto ben adattato alle attuali richieste dei consumatori. Buddha Auto Tangie porta anche un sorriso sul volto di chi lo prova.","og_url":"https:\/\/buddhaseedbank.com\/it\/producto\/buddha-auto-tangie-2\/","og_site_name":"Buddha Seeds","article_modified_time":"2026-04-12T13:30:14+00:00","og_image":[{"width":1080,"height":1080,"url":"https:\/\/buddhaseedbank.com\/wp-content\/uploads\/2021\/06\/271-Buddha-Auto-Tangie.jpg","type":"image\/jpeg"}],"twitter_card":"summary_large_image","twitter_misc":{"Tempo di lettura stimato":"1 minuto"},"schema":{"@context":"https:\/\/schema.org","@graph":[{"@type":"WebPage","@id":"https:\/\/buddhaseedbank.com\/it\/producto\/buddha-auto-tangie-2\/","url":"https:\/\/buddhaseedbank.com\/it\/producto\/buddha-auto-tangie-2\/","name":"Buddha Auto Tangie - Buddha Seeds","isPartOf":{"@id":"https:\/\/buddhaseedbank.com\/it\/#website"},"primaryImageOfPage":{"@id":"https:\/\/buddhaseedbank.com\/it\/producto\/buddha-auto-tangie-2\/#primaryimage"},"image":{"@id":"https:\/\/buddhaseedbank.com\/it\/producto\/buddha-auto-tangie-2\/#primaryimage"},"thumbnailUrl":"https:\/\/buddhaseedbank.com\/wp-content\/uploads\/2021\/06\/271-Buddha-Auto-Tangie.jpg","datePublished":"2021-06-08T12:59:08+00:00","dateModified":"2026-04-12T13:30:14+00:00","breadcrumb":{"@id":"https:\/\/buddhaseedbank.com\/it\/producto\/buddha-auto-tangie-2\/#breadcrumb"},"inLanguage":"it-IT","potentialAction":[{"@type":"ReadAction","target":["https:\/\/buddhaseedbank.com\/it\/producto\/buddha-auto-tangie-2\/"]}]},{"@type":"ImageObject","inLanguage":"it-IT","@id":"https:\/\/buddhaseedbank.com\/it\/producto\/buddha-auto-tangie-2\/#primaryimage","url":"https:\/\/buddhaseedbank.com\/wp-content\/uploads\/2021\/06\/271-Buddha-Auto-Tangie.jpg","contentUrl":"https:\/\/buddhaseedbank.com\/wp-content\/uploads\/2021\/06\/271-Buddha-Auto-Tangie.jpg","width":1080,"height":1080,"caption":"Buddha Auto Tangie"},{"@type":"BreadcrumbList","@id":"https:\/\/buddhaseedbank.com\/it\/producto\/buddha-auto-tangie-2\/#breadcrumb","itemListElement":[{"@type":"ListItem","position":1,"name":"Portada","item":"https:\/\/buddhaseedbank.com\/it\/"},{"@type":"ListItem","position":2,"name":"Shop","item":"https:\/\/buddhaseedbank.com\/it\/shop\/"},{"@type":"ListItem","position":3,"name":"Buddha Auto Tangie"}]},{"@type":"WebSite","@id":"https:\/\/buddhaseedbank.com\/it\/#website","url":"https:\/\/buddhaseedbank.com\/it\/","name":"Buddha Seeds","description":"","publisher":{"@id":"https:\/\/buddhaseedbank.com\/it\/#organization"},"potentialAction":[{"@type":"SearchAction","target":{"@type":"EntryPoint","urlTemplate":"https:\/\/buddhaseedbank.com\/it\/?s={search_term_string}"},"query-input":{"@type":"PropertyValueSpecification","valueRequired":true,"valueName":"search_term_string"}}],"inLanguage":"it-IT"},{"@type":"Organization","@id":"https:\/\/buddhaseedbank.com\/it\/#organization","name":"Buddha Seeds","url":"https:\/\/buddhaseedbank.com\/it\/","logo":{"@type":"ImageObject","inLanguage":"it-IT","@id":"https:\/\/buddhaseedbank.com\/it\/#\/schema\/logo\/image\/","url":"https:\/\/buddhaseedbank.com\/wp-content\/uploads\/2024\/04\/buddha-seeds-logo-1622448424-1.png","contentUrl":"https:\/\/buddhaseedbank.com\/wp-content\/uploads\/2024\/04\/buddha-seeds-logo-1622448424-1.png","width":478,"height":200,"caption":"Buddha Seeds"},"image":{"@id":"https:\/\/buddhaseedbank.com\/it\/#\/schema\/logo\/image\/"}}]}},"_links":{"self":[{"href":"https:\/\/buddhaseedbank.com\/it\/wp-json\/wp\/v2\/product\/4879","targetHints":{"allow":["GET"]}}],"collection":[{"href":"https:\/\/buddhaseedbank.com\/it\/wp-json\/wp\/v2\/product"}],"about":[{"href":"https:\/\/buddhaseedbank.com\/it\/wp-json\/wp\/v2\/types\/product"}],"wp:featuredmedia":[{"embeddable":true,"href":"https:\/\/buddhaseedbank.com\/it\/wp-json\/wp\/v2\/media\/4858"}],"wp:attachment":[{"href":"https:\/\/buddhaseedbank.com\/it\/wp-json\/wp\/v2\/media?parent=4879"}],"wp:term":[{"taxonomy":"product_brand","embeddable":true,"href":"https:\/\/buddhaseedbank.com\/it\/wp-json\/wp\/v2\/product_brand?post=4879"},{"taxonomy":"product_cat","embeddable":true,"href":"https:\/\/buddhaseedbank.com\/it\/wp-json\/wp\/v2\/product_cat?post=4879"},{"taxonomy":"product_tag","embeddable":true,"href":"https:\/\/buddhaseedbank.com\/it\/wp-json\/wp\/v2\/product_tag?post=4879"}],"curies":[{"name":"wp","href":"https:\/\/api.w.org\/{rel}","templated":true}]}}