{"id":4909,"date":"2021-06-08T15:16:27","date_gmt":"2021-06-08T13:16:27","guid":{"rendered":"https:\/\/buddhaseedbank.com\/producto\/buddha-wedding-cheesecake-2\/"},"modified":"2026-04-22T10:18:04","modified_gmt":"2026-04-22T08:18:04","slug":"buddha-wedding-cheesecake-2","status":"publish","type":"product","link":"https:\/\/buddhaseedbank.com\/it\/producto\/buddha-wedding-cheesecake-2\/","title":{"rendered":"Buddha Wedding Cheesecake"},"content":{"rendered":"<p style=\"text-align: justify;\">L&#8217;autentica pasticceria americana si trova da Buddha Seeds. Abbiamo in menu la migliore Cheesecake che tu abbia mai assaggiato. Noi di Buddha Seeds abbiamo migliorato la ricetta originale aggiungendo il nostro speciale segreto della casa per rendere la Buddha Wedding Cheesecake indimenticabile a ogni soffio.<\/p>\n<p style=\"text-align: justify;\">La Buddha Wedding Cheesecake \u00e8 in grado di fermare il tempo durante la degustazione, essendo l&#8217;integrazione dei sapori davvero entusiasmante. La nota predominante di formaggio cremoso con un mix di frutta dolce inonda il palato con una miriade di sensazioni.<\/p>\n<p style=\"text-align: justify;\">Gli aromi sono intensi e francamente accattivanti e stuzzicano l&#8217;appetito all&#8217;istante, soprattutto per i golosi e gli appassionati di aromi dolci. Buddha Seeds ha mantenuto la ricetta originale americana, ma ha aggiunto un extra speciale per sviluppare questo dolce ad alto impatto e rendere ancora pi\u00f9 giustizia al Cheese.<\/p>\n<p style=\"text-align: justify;\">La digestione della Buddha Wedding Cheesecake \u00e8 perfetta per i consumatori abituali, grazie all&#8217;alta concentrazione di THC. L&#8217;effetto \u00e8 potente: inizia con un benessere corporeo e passa progressivamente a una sensazione pi\u00f9 cerebrale. Questa variet\u00e0 \u00e8 ideale per ricaricare l&#8217;energia e l&#8217;ispirazione.<\/p>\n<p style=\"text-align: justify;\">La Buddha Wedding Cheesecake si distingue nella fioritura per due aspetti: velocit\u00e0 e quantit\u00e0. Produce fiori voluminosi in soli due mesi, ricoperti da uno spesso strato di resina che favorisce la redditivit\u00e0 in qualsiasi tipo di estrazione.<\/p>\n<p style=\"text-align: justify;\">La Buddha Wedding Cheesecake \u00e8 il dessert che un palato esigente preferisce sempre.<\/p>\n<p><iframe title=\"Buddha Weeding Cheesecake\" width=\"800\" height=\"450\" src=\"https:\/\/www.youtube.com\/embed\/TnyQaH8d-_c?feature=oembed&#038;enablejsapi=1&#038;origin=https:\/\/buddhaseedbank.com\" frameborder=\"0\" allow=\"accelerometer; autoplay; clipboard-write; encrypted-media; gyroscope; picture-in-picture; web-share\" referrerpolicy=\"strict-origin-when-cross-origin\" allowfullscreen><\/iframe><\/p>\n","protected":false},"excerpt":{"rendered":"<p style=\"text-align: justify;\">Gli aromi sono intensi e francamente accattivanti e stuzzicano l&#8217;appetito all&#8217;istante, soprattutto per i golosi e gli appassionati di aromi dolci. Buddha Seeds ha mantenuto la ricetta originale americana, ma ha aggiunto un extra speciale per sviluppare questo dolce ad alto impatto e rendere ancora pi\u00f9 giustizia al Cheese.<\/p>\n<p style=\"text-align: justify;\">La digestione della Buddha Wedding Cheesecake \u00e8 perfetta per i consumatori abituali, grazie all&#8217;alta concentrazione di THC. L&#8217;effetto \u00e8 potente: inizia con uno sballo corporeo e passa progressivamente a una sensazione pi\u00f9 cerebrale. Questa variet\u00e0 \u00e8 ideale per ricaricare l&#8217;energia e l&#8217;ispirazione.<\/p>\n","protected":false},"featured_media":4893,"template":"","meta":{"_joinchat":[]},"product_brand":[],"product_cat":[659,110],"product_tag":[1392,1429,1198,1388,1408,1482],"class_list":{"0":"post-4909","1":"product","2":"type-product","3":"status-publish","4":"has-post-thumbnail","6":"product_cat-usa-collection-strains-it","7":"product_cat-varieta-buddha-seeds","8":"product_tag-cannabis-effetto-potente","9":"product_tag-cannabis-indica-it","10":"product_tag-ceppi-di-raccolta-usa","11":"product_tag-marihuana-produttiva","12":"product_tag-semi-cannabis-americane","13":"product_tag-semi-fotodipendenti","14":"pa_efecto-26-primeroempiezaconunbienes-it","15":"pa_fa-produccionenexteriorporpl-700_2000g-it","16":"pa_genetica-indica-it","17":"pa_mesdecosecha-be-segundamitaddeseptiembreh-it","18":"pa_produccionm-450_650g-it","19":"pa_semillas-10unidades-it","20":"pa_semillas-3unidades-it","21":"pa_semillas-50unidades-it","22":"pa_sexo-feminizada-it","23":"pa_tiempodefloracion-52_65dias-it","24":"pa_tipo-fotodipendente-it","26":"first","27":"instock","28":"taxable","29":"shipping-taxable","30":"purchasable","31":"product-type-variable"},"yoast_head":"<!-- This site is optimized with the Yoast SEO plugin v27.3 - https:\/\/yoast.com\/product\/yoast-seo-wordpress\/ -->\n<title>Buddha Wedding Cheesecake - Semi di Buddha<\/title>\n<meta name=\"robots\" content=\"index, follow, max-snippet:-1, max-image-preview:large, max-video-preview:-1\" \/>\n<link rel=\"canonical\" href=\"https:\/\/buddhaseedbank.com\/it\/producto\/buddha-wedding-cheesecake-2\/\" \/>\n<meta property=\"og:locale\" content=\"it_IT\" \/>\n<meta property=\"og:type\" content=\"article\" \/>\n<meta property=\"og:title\" content=\"Buddha Wedding Cheesecake - Semi di Buddha\" \/>\n<meta property=\"og:description\" content=\"Gli aromi sono intensi e francamente accattivanti e stuzzicano l&#039;appetito all&#039;istante, soprattutto per i golosi e gli appassionati di aromi dolci. Buddha Seeds ha mantenuto la ricetta originale americana, ma ha aggiunto un extra speciale per sviluppare questo dolce ad alto impatto e rendere ancora pi\u00f9 giustizia al Cheese. La digestione della Buddha Wedding Cheesecake \u00e8 perfetta per i consumatori abituali, grazie all&#039;alta concentrazione di THC. L&#039;effetto \u00e8 potente: inizia con uno sballo corporeo e passa progressivamente a una sensazione pi\u00f9 cerebrale. Questa variet\u00e0 \u00e8 ideale per ricaricare l&#039;energia e l&#039;ispirazione.\" \/>\n<meta property=\"og:url\" content=\"https:\/\/buddhaseedbank.com\/it\/producto\/buddha-wedding-cheesecake-2\/\" \/>\n<meta property=\"og:site_name\" content=\"Buddha Seeds\" \/>\n<meta property=\"article:modified_time\" content=\"2026-04-22T08:18:04+00:00\" \/>\n<meta property=\"og:image\" content=\"https:\/\/buddhaseedbank.com\/wp-content\/uploads\/2021\/06\/274-Buddha-Wedding-Cheesecake.jpg\" \/>\n\t<meta property=\"og:image:width\" content=\"1080\" \/>\n\t<meta property=\"og:image:height\" content=\"1080\" \/>\n\t<meta property=\"og:image:type\" content=\"image\/jpeg\" \/>\n<meta name=\"twitter:card\" content=\"summary_large_image\" \/>\n<meta name=\"twitter:label1\" content=\"Tempo di lettura stimato\" \/>\n\t<meta name=\"twitter:data1\" content=\"2 minuti\" \/>\n<script type=\"application\/ld+json\" class=\"yoast-schema-graph\">{\"@context\":\"https:\\\/\\\/schema.org\",\"@graph\":[{\"@type\":\"WebPage\",\"@id\":\"https:\\\/\\\/buddhaseedbank.com\\\/it\\\/producto\\\/buddha-wedding-cheesecake-2\\\/\",\"url\":\"https:\\\/\\\/buddhaseedbank.com\\\/it\\\/producto\\\/buddha-wedding-cheesecake-2\\\/\",\"name\":\"Buddha Wedding Cheesecake - Semi di Buddha\",\"isPartOf\":{\"@id\":\"https:\\\/\\\/buddhaseedbank.com\\\/it\\\/#website\"},\"primaryImageOfPage\":{\"@id\":\"https:\\\/\\\/buddhaseedbank.com\\\/it\\\/producto\\\/buddha-wedding-cheesecake-2\\\/#primaryimage\"},\"image\":{\"@id\":\"https:\\\/\\\/buddhaseedbank.com\\\/it\\\/producto\\\/buddha-wedding-cheesecake-2\\\/#primaryimage\"},\"thumbnailUrl\":\"https:\\\/\\\/buddhaseedbank.com\\\/wp-content\\\/uploads\\\/2021\\\/06\\\/274-Buddha-Wedding-Cheesecake.jpg\",\"datePublished\":\"2021-06-08T13:16:27+00:00\",\"dateModified\":\"2026-04-22T08:18:04+00:00\",\"breadcrumb\":{\"@id\":\"https:\\\/\\\/buddhaseedbank.com\\\/it\\\/producto\\\/buddha-wedding-cheesecake-2\\\/#breadcrumb\"},\"inLanguage\":\"it-IT\",\"potentialAction\":[{\"@type\":\"ReadAction\",\"target\":[\"https:\\\/\\\/buddhaseedbank.com\\\/it\\\/producto\\\/buddha-wedding-cheesecake-2\\\/\"]}]},{\"@type\":\"ImageObject\",\"inLanguage\":\"it-IT\",\"@id\":\"https:\\\/\\\/buddhaseedbank.com\\\/it\\\/producto\\\/buddha-wedding-cheesecake-2\\\/#primaryimage\",\"url\":\"https:\\\/\\\/buddhaseedbank.com\\\/wp-content\\\/uploads\\\/2021\\\/06\\\/274-Buddha-Wedding-Cheesecake.jpg\",\"contentUrl\":\"https:\\\/\\\/buddhaseedbank.com\\\/wp-content\\\/uploads\\\/2021\\\/06\\\/274-Buddha-Wedding-Cheesecake.jpg\",\"width\":1080,\"height\":1080,\"caption\":\"Buddha Wedding Cheesecake\"},{\"@type\":\"BreadcrumbList\",\"@id\":\"https:\\\/\\\/buddhaseedbank.com\\\/it\\\/producto\\\/buddha-wedding-cheesecake-2\\\/#breadcrumb\",\"itemListElement\":[{\"@type\":\"ListItem\",\"position\":1,\"name\":\"Portada\",\"item\":\"https:\\\/\\\/buddhaseedbank.com\\\/it\\\/\"},{\"@type\":\"ListItem\",\"position\":2,\"name\":\"Shop\",\"item\":\"https:\\\/\\\/buddhaseedbank.com\\\/it\\\/shop\\\/\"},{\"@type\":\"ListItem\",\"position\":3,\"name\":\"Buddha Wedding Cheesecake\"}]},{\"@type\":\"WebSite\",\"@id\":\"https:\\\/\\\/buddhaseedbank.com\\\/it\\\/#website\",\"url\":\"https:\\\/\\\/buddhaseedbank.com\\\/it\\\/\",\"name\":\"Buddha Seeds\",\"description\":\"\",\"publisher\":{\"@id\":\"https:\\\/\\\/buddhaseedbank.com\\\/it\\\/#organization\"},\"potentialAction\":[{\"@type\":\"SearchAction\",\"target\":{\"@type\":\"EntryPoint\",\"urlTemplate\":\"https:\\\/\\\/buddhaseedbank.com\\\/it\\\/?s={search_term_string}\"},\"query-input\":{\"@type\":\"PropertyValueSpecification\",\"valueRequired\":true,\"valueName\":\"search_term_string\"}}],\"inLanguage\":\"it-IT\"},{\"@type\":\"Organization\",\"@id\":\"https:\\\/\\\/buddhaseedbank.com\\\/it\\\/#organization\",\"name\":\"Buddha Seeds\",\"url\":\"https:\\\/\\\/buddhaseedbank.com\\\/it\\\/\",\"logo\":{\"@type\":\"ImageObject\",\"inLanguage\":\"it-IT\",\"@id\":\"https:\\\/\\\/buddhaseedbank.com\\\/it\\\/#\\\/schema\\\/logo\\\/image\\\/\",\"url\":\"https:\\\/\\\/buddhaseedbank.com\\\/wp-content\\\/uploads\\\/2024\\\/04\\\/buddha-seeds-logo-1622448424-1.png\",\"contentUrl\":\"https:\\\/\\\/buddhaseedbank.com\\\/wp-content\\\/uploads\\\/2024\\\/04\\\/buddha-seeds-logo-1622448424-1.png\",\"width\":478,\"height\":200,\"caption\":\"Buddha Seeds\"},\"image\":{\"@id\":\"https:\\\/\\\/buddhaseedbank.com\\\/it\\\/#\\\/schema\\\/logo\\\/image\\\/\"}}]}<\/script>\n<!-- \/ Yoast SEO plugin. -->","yoast_head_json":{"title":"Buddha Wedding Cheesecake - Semi di Buddha","robots":{"index":"index","follow":"follow","max-snippet":"max-snippet:-1","max-image-preview":"max-image-preview:large","max-video-preview":"max-video-preview:-1"},"canonical":"https:\/\/buddhaseedbank.com\/it\/producto\/buddha-wedding-cheesecake-2\/","og_locale":"it_IT","og_type":"article","og_title":"Buddha Wedding Cheesecake - Semi di Buddha","og_description":"Gli aromi sono intensi e francamente accattivanti e stuzzicano l'appetito all'istante, soprattutto per i golosi e gli appassionati di aromi dolci. Buddha Seeds ha mantenuto la ricetta originale americana, ma ha aggiunto un extra speciale per sviluppare questo dolce ad alto impatto e rendere ancora pi\u00f9 giustizia al Cheese. La digestione della Buddha Wedding Cheesecake \u00e8 perfetta per i consumatori abituali, grazie all'alta concentrazione di THC. L'effetto \u00e8 potente: inizia con uno sballo corporeo e passa progressivamente a una sensazione pi\u00f9 cerebrale. Questa variet\u00e0 \u00e8 ideale per ricaricare l'energia e l'ispirazione.","og_url":"https:\/\/buddhaseedbank.com\/it\/producto\/buddha-wedding-cheesecake-2\/","og_site_name":"Buddha Seeds","article_modified_time":"2026-04-22T08:18:04+00:00","og_image":[{"width":1080,"height":1080,"url":"https:\/\/buddhaseedbank.com\/wp-content\/uploads\/2021\/06\/274-Buddha-Wedding-Cheesecake.jpg","type":"image\/jpeg"}],"twitter_card":"summary_large_image","twitter_misc":{"Tempo di lettura stimato":"2 minuti"},"schema":{"@context":"https:\/\/schema.org","@graph":[{"@type":"WebPage","@id":"https:\/\/buddhaseedbank.com\/it\/producto\/buddha-wedding-cheesecake-2\/","url":"https:\/\/buddhaseedbank.com\/it\/producto\/buddha-wedding-cheesecake-2\/","name":"Buddha Wedding Cheesecake - Semi di Buddha","isPartOf":{"@id":"https:\/\/buddhaseedbank.com\/it\/#website"},"primaryImageOfPage":{"@id":"https:\/\/buddhaseedbank.com\/it\/producto\/buddha-wedding-cheesecake-2\/#primaryimage"},"image":{"@id":"https:\/\/buddhaseedbank.com\/it\/producto\/buddha-wedding-cheesecake-2\/#primaryimage"},"thumbnailUrl":"https:\/\/buddhaseedbank.com\/wp-content\/uploads\/2021\/06\/274-Buddha-Wedding-Cheesecake.jpg","datePublished":"2021-06-08T13:16:27+00:00","dateModified":"2026-04-22T08:18:04+00:00","breadcrumb":{"@id":"https:\/\/buddhaseedbank.com\/it\/producto\/buddha-wedding-cheesecake-2\/#breadcrumb"},"inLanguage":"it-IT","potentialAction":[{"@type":"ReadAction","target":["https:\/\/buddhaseedbank.com\/it\/producto\/buddha-wedding-cheesecake-2\/"]}]},{"@type":"ImageObject","inLanguage":"it-IT","@id":"https:\/\/buddhaseedbank.com\/it\/producto\/buddha-wedding-cheesecake-2\/#primaryimage","url":"https:\/\/buddhaseedbank.com\/wp-content\/uploads\/2021\/06\/274-Buddha-Wedding-Cheesecake.jpg","contentUrl":"https:\/\/buddhaseedbank.com\/wp-content\/uploads\/2021\/06\/274-Buddha-Wedding-Cheesecake.jpg","width":1080,"height":1080,"caption":"Buddha Wedding Cheesecake"},{"@type":"BreadcrumbList","@id":"https:\/\/buddhaseedbank.com\/it\/producto\/buddha-wedding-cheesecake-2\/#breadcrumb","itemListElement":[{"@type":"ListItem","position":1,"name":"Portada","item":"https:\/\/buddhaseedbank.com\/it\/"},{"@type":"ListItem","position":2,"name":"Shop","item":"https:\/\/buddhaseedbank.com\/it\/shop\/"},{"@type":"ListItem","position":3,"name":"Buddha Wedding Cheesecake"}]},{"@type":"WebSite","@id":"https:\/\/buddhaseedbank.com\/it\/#website","url":"https:\/\/buddhaseedbank.com\/it\/","name":"Buddha Seeds","description":"","publisher":{"@id":"https:\/\/buddhaseedbank.com\/it\/#organization"},"potentialAction":[{"@type":"SearchAction","target":{"@type":"EntryPoint","urlTemplate":"https:\/\/buddhaseedbank.com\/it\/?s={search_term_string}"},"query-input":{"@type":"PropertyValueSpecification","valueRequired":true,"valueName":"search_term_string"}}],"inLanguage":"it-IT"},{"@type":"Organization","@id":"https:\/\/buddhaseedbank.com\/it\/#organization","name":"Buddha Seeds","url":"https:\/\/buddhaseedbank.com\/it\/","logo":{"@type":"ImageObject","inLanguage":"it-IT","@id":"https:\/\/buddhaseedbank.com\/it\/#\/schema\/logo\/image\/","url":"https:\/\/buddhaseedbank.com\/wp-content\/uploads\/2024\/04\/buddha-seeds-logo-1622448424-1.png","contentUrl":"https:\/\/buddhaseedbank.com\/wp-content\/uploads\/2024\/04\/buddha-seeds-logo-1622448424-1.png","width":478,"height":200,"caption":"Buddha Seeds"},"image":{"@id":"https:\/\/buddhaseedbank.com\/it\/#\/schema\/logo\/image\/"}}]}},"_links":{"self":[{"href":"https:\/\/buddhaseedbank.com\/it\/wp-json\/wp\/v2\/product\/4909","targetHints":{"allow":["GET"]}}],"collection":[{"href":"https:\/\/buddhaseedbank.com\/it\/wp-json\/wp\/v2\/product"}],"about":[{"href":"https:\/\/buddhaseedbank.com\/it\/wp-json\/wp\/v2\/types\/product"}],"wp:featuredmedia":[{"embeddable":true,"href":"https:\/\/buddhaseedbank.com\/it\/wp-json\/wp\/v2\/media\/4893"}],"wp:attachment":[{"href":"https:\/\/buddhaseedbank.com\/it\/wp-json\/wp\/v2\/media?parent=4909"}],"wp:term":[{"taxonomy":"product_brand","embeddable":true,"href":"https:\/\/buddhaseedbank.com\/it\/wp-json\/wp\/v2\/product_brand?post=4909"},{"taxonomy":"product_cat","embeddable":true,"href":"https:\/\/buddhaseedbank.com\/it\/wp-json\/wp\/v2\/product_cat?post=4909"},{"taxonomy":"product_tag","embeddable":true,"href":"https:\/\/buddhaseedbank.com\/it\/wp-json\/wp\/v2\/product_tag?post=4909"}],"curies":[{"name":"wp","href":"https:\/\/api.w.org\/{rel}","templated":true}]}}