{"id":4939,"date":"2021-06-08T15:31:54","date_gmt":"2021-06-08T13:31:54","guid":{"rendered":"https:\/\/buddhaseedbank.com\/producto\/buddha-auto-zkitt-2\/"},"modified":"2026-04-20T16:05:27","modified_gmt":"2026-04-20T14:05:27","slug":"buddha-auto-zkitt-2","status":"publish","type":"product","link":"https:\/\/buddhaseedbank.com\/it\/producto\/buddha-auto-zkitt-2\/","title":{"rendered":"Buddha Auto Zkitt"},"content":{"rendered":"<p style=\"text-align: justify;\">Per i pi\u00f9 golosi e gli amanti dei dolci genetici Buddha Auto Zkitt arriva per impregnare i tuoi bign\u00e8 con un arcobaleno di sapori fruttati. Non \u00e8 una coincidenza, quindi, che questa variet\u00e0 indica strizzi l&#8217;occhio alle famose caramelle americane Skittles. Noi di Buddha Seeds abbiamo deciso di rivoluzionare le tue papille gustative per rendere la tua esperienza il pi\u00f9 piacevole possibile. Perch\u00e9 chi \u00e8 amareggiato da un dolce?<\/p>\n<p style=\"text-align: justify;\">Nella Buddha Auto Zkitt abbiamo ulteriormente migliorato la ricchezza di sfumature di questa popolare genetica americana. Spiccano le note di frutti di bosco, mango e pompelmo. Una delizia gustosa da assaporare a qualsiasi ora del giorno e della notte. Ma come per tutti i dolci, \u00e8 meglio non esagerare perch\u00e9 il suo effetto inizia con un colpo veloce e termina con una sensazione di rilassamento del corpo. A differenza di uno sballo da indica, la Buddha Auto Zkitt ti porta a uno stato di serenit\u00e0 e beatitudine assoluta in cui puoi rimanere, cos\u00ec a tuo agio, per alcune ore.<\/p>\n<p style=\"text-align: justify;\">Per quanto riguarda la sua morfologia, questa caramella di cannabis ha un&#8217;altezza discreta, ideale per le coltivazioni SOG indoor. Ti sorprender\u00e0 con le sue molteplici cime strette e resinose, con un forte aroma di caramella. L&#8217;interno sar\u00e0 la cosa pi\u00f9 simile a un negozio di caramelle! Tuttavia, ti consigliamo un periodo di stagionatura minimo di un mese per poter apprezzare al meglio questo arcobaleno di sapori. Immagina quindi i sapori che ti aspettano se prolunghi il tempo di conservazione.<\/p>\n<p style=\"text-align: justify;\">Buddha Auto Zkitt non richiede una cura eccessiva, per cui \u00e8 adatto sia ai principianti che ai professionisti. Questa variet\u00e0 \u00e8 molto resistente e per ottenere i migliori raccolti e massimizzare i risultati si consiglia di utilizzare le tecniche di coltivazione. Lo noterai nel tuo raccolto, con una resa indoor approssimativa di 450-500g \/ m2.<\/p>\n<p style=\"text-align: justify;\">D&#8217;altra parte, non bisogna trascurare la sua dieta, poich\u00e9 questa pianta \u00e8 una mangiatrice un po&#8217; ingorda, soprattutto di zuccheri.<\/p>\n<p style=\"text-align: justify;\">Buddha Auto Zkitt diventer\u00e0 una vera e propria delizia per i tuoi momenti pi\u00f9 dolci ogni giorno.<\/p>\n<p style=\"text-align: justify;\"><a style=\"background-color: #ff0000; color: #ffffff;\" href=\"https:\/\/youtu.be\/DnHie0dwNNU\" target=\"_blank\" rel=\"noreferrer noopener nofollow\">YOUTUBE \u25ba<\/a><\/p>\n","protected":false},"excerpt":{"rendered":"<p style=\"text-align: justify;\">Nella Buddha Auto Zkitt abbiamo ulteriormente migliorato la ricchezza di sfumature di questa popolare genetica americana. Spiccano le note di frutti di bosco, mango e pompelmo. Una delizia gustosa da assaporare in qualsiasi momento della giornata.<\/p>\n<p style=\"text-align: justify;\">Questa variet\u00e0 non richiede cure eccessive, il che la rende adatta sia ai principianti che ai professionisti. La Buddha Auto Zkitt \u00e8 molto resistente e per ottenere il massimo e massimizzare i risultati si consiglia di utilizzare le tecniche di coltivazione.<\/p>\n<p style=\"text-align: justify;\">D&#8217;altra parte, non bisogna trascurare la sua dieta, poich\u00e9 questa pianta \u00e8 una mangiatrice un po&#8217; ingorda, soprattutto di zuccheri.<\/p>\n<p style=\"text-align: justify;\">Buddha Auto Zkitt diventer\u00e0 una vera e propria delizia per i tuoi momenti pi\u00f9 dolci ogni giorno.<\/p>\n","protected":false},"featured_media":4923,"template":"","meta":{"_joinchat":[]},"product_brand":[],"product_cat":[659,110],"product_tag":[1381,1429,1198,1474,1437,1150,1408],"class_list":{"0":"post-4939","1":"product","2":"type-product","3":"status-publish","4":"has-post-thumbnail","6":"product_cat-usa-collection-strains-it","7":"product_cat-varieta-buddha-seeds","8":"product_tag-autofiorenti-indoor","9":"product_tag-cannabis-indica-it","10":"product_tag-ceppi-di-raccolta-usa","11":"product_tag-gusto-dolce-della-cannabis","12":"product_tag-piante-autofiorenti-produttive","13":"product_tag-semi-autofiorenti","14":"product_tag-semi-cannabis-americane","15":"pa_8d-tiempodecultivocrecimient-70dias-it","16":"pa_efecto-ea-serenidadyfelicidadabsolu-it","17":"pa_fa-produccionenexteriorporpl-70_350g-it","18":"pa_genetica-indica-it","19":"pa_produccionm-450_550g-it","20":"pa_semillas-10unidades-it","21":"pa_semillas-3unidades-it","22":"pa_semillas-50unidades-it","23":"pa_sexo-feminizada-it","24":"pa_tipo-autofiorenti-it","26":"first","27":"instock","28":"taxable","29":"shipping-taxable","30":"purchasable","31":"product-type-variable"},"yoast_head":"<!-- This site is optimized with the Yoast SEO plugin v27.3 - https:\/\/yoast.com\/product\/yoast-seo-wordpress\/ -->\n<title>Buddha Auto Zkitt - Buddha Seeds<\/title>\n<meta name=\"robots\" content=\"index, follow, max-snippet:-1, max-image-preview:large, max-video-preview:-1\" \/>\n<link rel=\"canonical\" href=\"https:\/\/buddhaseedbank.com\/it\/producto\/buddha-auto-zkitt-2\/\" \/>\n<meta property=\"og:locale\" content=\"it_IT\" \/>\n<meta property=\"og:type\" content=\"article\" \/>\n<meta property=\"og:title\" content=\"Buddha Auto Zkitt - Buddha Seeds\" \/>\n<meta property=\"og:description\" content=\"Nella Buddha Auto Zkitt abbiamo ulteriormente migliorato la ricchezza di sfumature di questa popolare genetica americana. Spiccano le note di frutti di bosco, mango e pompelmo. Una delizia gustosa da assaporare in qualsiasi momento della giornata. Questa variet\u00e0 non richiede cure eccessive, il che la rende adatta sia ai principianti che ai professionisti. La Buddha Auto Zkitt \u00e8 molto resistente e per ottenere il massimo e massimizzare i risultati si consiglia di utilizzare le tecniche di coltivazione. D&#039;altra parte, non bisogna trascurare la sua dieta, poich\u00e9 questa pianta \u00e8 una mangiatrice un po&#039; ingorda, soprattutto di zuccheri. Buddha Auto Zkitt diventer\u00e0 una vera e propria delizia per i tuoi momenti pi\u00f9 dolci ogni giorno.\" \/>\n<meta property=\"og:url\" content=\"https:\/\/buddhaseedbank.com\/it\/producto\/buddha-auto-zkitt-2\/\" \/>\n<meta property=\"og:site_name\" content=\"Buddha Seeds\" \/>\n<meta property=\"article:modified_time\" content=\"2026-04-20T14:05:27+00:00\" \/>\n<meta property=\"og:image\" content=\"https:\/\/buddhaseedbank.com\/wp-content\/uploads\/2021\/06\/277-Buddha-Auto-Zkitt.jpg\" \/>\n\t<meta property=\"og:image:width\" content=\"1080\" \/>\n\t<meta property=\"og:image:height\" content=\"1080\" \/>\n\t<meta property=\"og:image:type\" content=\"image\/jpeg\" \/>\n<meta name=\"twitter:card\" content=\"summary_large_image\" \/>\n<meta name=\"twitter:label1\" content=\"Tempo di lettura stimato\" \/>\n\t<meta name=\"twitter:data1\" content=\"2 minuti\" \/>\n<script type=\"application\/ld+json\" class=\"yoast-schema-graph\">{\"@context\":\"https:\\\/\\\/schema.org\",\"@graph\":[{\"@type\":\"WebPage\",\"@id\":\"https:\\\/\\\/buddhaseedbank.com\\\/it\\\/producto\\\/buddha-auto-zkitt-2\\\/\",\"url\":\"https:\\\/\\\/buddhaseedbank.com\\\/it\\\/producto\\\/buddha-auto-zkitt-2\\\/\",\"name\":\"Buddha Auto Zkitt - Buddha Seeds\",\"isPartOf\":{\"@id\":\"https:\\\/\\\/buddhaseedbank.com\\\/it\\\/#website\"},\"primaryImageOfPage\":{\"@id\":\"https:\\\/\\\/buddhaseedbank.com\\\/it\\\/producto\\\/buddha-auto-zkitt-2\\\/#primaryimage\"},\"image\":{\"@id\":\"https:\\\/\\\/buddhaseedbank.com\\\/it\\\/producto\\\/buddha-auto-zkitt-2\\\/#primaryimage\"},\"thumbnailUrl\":\"https:\\\/\\\/buddhaseedbank.com\\\/wp-content\\\/uploads\\\/2021\\\/06\\\/277-Buddha-Auto-Zkitt.jpg\",\"datePublished\":\"2021-06-08T13:31:54+00:00\",\"dateModified\":\"2026-04-20T14:05:27+00:00\",\"breadcrumb\":{\"@id\":\"https:\\\/\\\/buddhaseedbank.com\\\/it\\\/producto\\\/buddha-auto-zkitt-2\\\/#breadcrumb\"},\"inLanguage\":\"it-IT\",\"potentialAction\":[{\"@type\":\"ReadAction\",\"target\":[\"https:\\\/\\\/buddhaseedbank.com\\\/it\\\/producto\\\/buddha-auto-zkitt-2\\\/\"]}]},{\"@type\":\"ImageObject\",\"inLanguage\":\"it-IT\",\"@id\":\"https:\\\/\\\/buddhaseedbank.com\\\/it\\\/producto\\\/buddha-auto-zkitt-2\\\/#primaryimage\",\"url\":\"https:\\\/\\\/buddhaseedbank.com\\\/wp-content\\\/uploads\\\/2021\\\/06\\\/277-Buddha-Auto-Zkitt.jpg\",\"contentUrl\":\"https:\\\/\\\/buddhaseedbank.com\\\/wp-content\\\/uploads\\\/2021\\\/06\\\/277-Buddha-Auto-Zkitt.jpg\",\"width\":1080,\"height\":1080,\"caption\":\"Buddha Auto Zkitt\"},{\"@type\":\"BreadcrumbList\",\"@id\":\"https:\\\/\\\/buddhaseedbank.com\\\/it\\\/producto\\\/buddha-auto-zkitt-2\\\/#breadcrumb\",\"itemListElement\":[{\"@type\":\"ListItem\",\"position\":1,\"name\":\"Portada\",\"item\":\"https:\\\/\\\/buddhaseedbank.com\\\/it\\\/\"},{\"@type\":\"ListItem\",\"position\":2,\"name\":\"Shop\",\"item\":\"https:\\\/\\\/buddhaseedbank.com\\\/it\\\/shop\\\/\"},{\"@type\":\"ListItem\",\"position\":3,\"name\":\"Buddha Auto Zkitt\"}]},{\"@type\":\"WebSite\",\"@id\":\"https:\\\/\\\/buddhaseedbank.com\\\/it\\\/#website\",\"url\":\"https:\\\/\\\/buddhaseedbank.com\\\/it\\\/\",\"name\":\"Buddha Seeds\",\"description\":\"\",\"publisher\":{\"@id\":\"https:\\\/\\\/buddhaseedbank.com\\\/it\\\/#organization\"},\"potentialAction\":[{\"@type\":\"SearchAction\",\"target\":{\"@type\":\"EntryPoint\",\"urlTemplate\":\"https:\\\/\\\/buddhaseedbank.com\\\/it\\\/?s={search_term_string}\"},\"query-input\":{\"@type\":\"PropertyValueSpecification\",\"valueRequired\":true,\"valueName\":\"search_term_string\"}}],\"inLanguage\":\"it-IT\"},{\"@type\":\"Organization\",\"@id\":\"https:\\\/\\\/buddhaseedbank.com\\\/it\\\/#organization\",\"name\":\"Buddha Seeds\",\"url\":\"https:\\\/\\\/buddhaseedbank.com\\\/it\\\/\",\"logo\":{\"@type\":\"ImageObject\",\"inLanguage\":\"it-IT\",\"@id\":\"https:\\\/\\\/buddhaseedbank.com\\\/it\\\/#\\\/schema\\\/logo\\\/image\\\/\",\"url\":\"https:\\\/\\\/buddhaseedbank.com\\\/wp-content\\\/uploads\\\/2024\\\/04\\\/buddha-seeds-logo-1622448424-1.png\",\"contentUrl\":\"https:\\\/\\\/buddhaseedbank.com\\\/wp-content\\\/uploads\\\/2024\\\/04\\\/buddha-seeds-logo-1622448424-1.png\",\"width\":478,\"height\":200,\"caption\":\"Buddha Seeds\"},\"image\":{\"@id\":\"https:\\\/\\\/buddhaseedbank.com\\\/it\\\/#\\\/schema\\\/logo\\\/image\\\/\"}}]}<\/script>\n<!-- \/ Yoast SEO plugin. -->","yoast_head_json":{"title":"Buddha Auto Zkitt - Buddha Seeds","robots":{"index":"index","follow":"follow","max-snippet":"max-snippet:-1","max-image-preview":"max-image-preview:large","max-video-preview":"max-video-preview:-1"},"canonical":"https:\/\/buddhaseedbank.com\/it\/producto\/buddha-auto-zkitt-2\/","og_locale":"it_IT","og_type":"article","og_title":"Buddha Auto Zkitt - Buddha Seeds","og_description":"Nella Buddha Auto Zkitt abbiamo ulteriormente migliorato la ricchezza di sfumature di questa popolare genetica americana. Spiccano le note di frutti di bosco, mango e pompelmo. Una delizia gustosa da assaporare in qualsiasi momento della giornata. Questa variet\u00e0 non richiede cure eccessive, il che la rende adatta sia ai principianti che ai professionisti. La Buddha Auto Zkitt \u00e8 molto resistente e per ottenere il massimo e massimizzare i risultati si consiglia di utilizzare le tecniche di coltivazione. D'altra parte, non bisogna trascurare la sua dieta, poich\u00e9 questa pianta \u00e8 una mangiatrice un po' ingorda, soprattutto di zuccheri. Buddha Auto Zkitt diventer\u00e0 una vera e propria delizia per i tuoi momenti pi\u00f9 dolci ogni giorno.","og_url":"https:\/\/buddhaseedbank.com\/it\/producto\/buddha-auto-zkitt-2\/","og_site_name":"Buddha Seeds","article_modified_time":"2026-04-20T14:05:27+00:00","og_image":[{"width":1080,"height":1080,"url":"https:\/\/buddhaseedbank.com\/wp-content\/uploads\/2021\/06\/277-Buddha-Auto-Zkitt.jpg","type":"image\/jpeg"}],"twitter_card":"summary_large_image","twitter_misc":{"Tempo di lettura stimato":"2 minuti"},"schema":{"@context":"https:\/\/schema.org","@graph":[{"@type":"WebPage","@id":"https:\/\/buddhaseedbank.com\/it\/producto\/buddha-auto-zkitt-2\/","url":"https:\/\/buddhaseedbank.com\/it\/producto\/buddha-auto-zkitt-2\/","name":"Buddha Auto Zkitt - Buddha Seeds","isPartOf":{"@id":"https:\/\/buddhaseedbank.com\/it\/#website"},"primaryImageOfPage":{"@id":"https:\/\/buddhaseedbank.com\/it\/producto\/buddha-auto-zkitt-2\/#primaryimage"},"image":{"@id":"https:\/\/buddhaseedbank.com\/it\/producto\/buddha-auto-zkitt-2\/#primaryimage"},"thumbnailUrl":"https:\/\/buddhaseedbank.com\/wp-content\/uploads\/2021\/06\/277-Buddha-Auto-Zkitt.jpg","datePublished":"2021-06-08T13:31:54+00:00","dateModified":"2026-04-20T14:05:27+00:00","breadcrumb":{"@id":"https:\/\/buddhaseedbank.com\/it\/producto\/buddha-auto-zkitt-2\/#breadcrumb"},"inLanguage":"it-IT","potentialAction":[{"@type":"ReadAction","target":["https:\/\/buddhaseedbank.com\/it\/producto\/buddha-auto-zkitt-2\/"]}]},{"@type":"ImageObject","inLanguage":"it-IT","@id":"https:\/\/buddhaseedbank.com\/it\/producto\/buddha-auto-zkitt-2\/#primaryimage","url":"https:\/\/buddhaseedbank.com\/wp-content\/uploads\/2021\/06\/277-Buddha-Auto-Zkitt.jpg","contentUrl":"https:\/\/buddhaseedbank.com\/wp-content\/uploads\/2021\/06\/277-Buddha-Auto-Zkitt.jpg","width":1080,"height":1080,"caption":"Buddha Auto Zkitt"},{"@type":"BreadcrumbList","@id":"https:\/\/buddhaseedbank.com\/it\/producto\/buddha-auto-zkitt-2\/#breadcrumb","itemListElement":[{"@type":"ListItem","position":1,"name":"Portada","item":"https:\/\/buddhaseedbank.com\/it\/"},{"@type":"ListItem","position":2,"name":"Shop","item":"https:\/\/buddhaseedbank.com\/it\/shop\/"},{"@type":"ListItem","position":3,"name":"Buddha Auto Zkitt"}]},{"@type":"WebSite","@id":"https:\/\/buddhaseedbank.com\/it\/#website","url":"https:\/\/buddhaseedbank.com\/it\/","name":"Buddha Seeds","description":"","publisher":{"@id":"https:\/\/buddhaseedbank.com\/it\/#organization"},"potentialAction":[{"@type":"SearchAction","target":{"@type":"EntryPoint","urlTemplate":"https:\/\/buddhaseedbank.com\/it\/?s={search_term_string}"},"query-input":{"@type":"PropertyValueSpecification","valueRequired":true,"valueName":"search_term_string"}}],"inLanguage":"it-IT"},{"@type":"Organization","@id":"https:\/\/buddhaseedbank.com\/it\/#organization","name":"Buddha Seeds","url":"https:\/\/buddhaseedbank.com\/it\/","logo":{"@type":"ImageObject","inLanguage":"it-IT","@id":"https:\/\/buddhaseedbank.com\/it\/#\/schema\/logo\/image\/","url":"https:\/\/buddhaseedbank.com\/wp-content\/uploads\/2024\/04\/buddha-seeds-logo-1622448424-1.png","contentUrl":"https:\/\/buddhaseedbank.com\/wp-content\/uploads\/2024\/04\/buddha-seeds-logo-1622448424-1.png","width":478,"height":200,"caption":"Buddha Seeds"},"image":{"@id":"https:\/\/buddhaseedbank.com\/it\/#\/schema\/logo\/image\/"}}]}},"_links":{"self":[{"href":"https:\/\/buddhaseedbank.com\/it\/wp-json\/wp\/v2\/product\/4939","targetHints":{"allow":["GET"]}}],"collection":[{"href":"https:\/\/buddhaseedbank.com\/it\/wp-json\/wp\/v2\/product"}],"about":[{"href":"https:\/\/buddhaseedbank.com\/it\/wp-json\/wp\/v2\/types\/product"}],"wp:featuredmedia":[{"embeddable":true,"href":"https:\/\/buddhaseedbank.com\/it\/wp-json\/wp\/v2\/media\/4923"}],"wp:attachment":[{"href":"https:\/\/buddhaseedbank.com\/it\/wp-json\/wp\/v2\/media?parent=4939"}],"wp:term":[{"taxonomy":"product_brand","embeddable":true,"href":"https:\/\/buddhaseedbank.com\/it\/wp-json\/wp\/v2\/product_brand?post=4939"},{"taxonomy":"product_cat","embeddable":true,"href":"https:\/\/buddhaseedbank.com\/it\/wp-json\/wp\/v2\/product_cat?post=4939"},{"taxonomy":"product_tag","embeddable":true,"href":"https:\/\/buddhaseedbank.com\/it\/wp-json\/wp\/v2\/product_tag?post=4939"}],"curies":[{"name":"wp","href":"https:\/\/api.w.org\/{rel}","templated":true}]}}