{"id":4993,"date":"2021-06-15T15:27:46","date_gmt":"2021-06-15T13:27:46","guid":{"rendered":"https:\/\/buddhaseedbank.com\/producto\/assorted-classics\/"},"modified":"2025-10-01T18:51:28","modified_gmt":"2025-10-01T16:51:28","slug":"assorted-classics","status":"publish","type":"product","link":"https:\/\/buddhaseedbank.com\/it\/producto\/assorted-classics\/","title":{"rendered":"Assorted Classics"},"content":{"rendered":"<p style=\"text-align: justify;\">Per coloro che hanno difficolt\u00e0 a scegliere una variet\u00e0, Assorted Classics di Buddha Seeds \u00e8 la selezione perfetta di semi che sicuramente colpiranno nel segno. Questo mix si distingue per il prezzo economico e la sicurezza di avere la qualit\u00e0 di sviluppo di Buddha Seeds in ogni variet\u00e0. La Assorted Classics \u00e8 composta dall&#8217;intera famiglia delle Classics e da altre straordinarie genetiche. Un impegno a sedurre il gusto del consumatore attraverso una variazione di sfumature: dagli agrumi amari ai sapori pi\u00f9 dolci, senza perdere l&#8217;essenza dei classici della cannabis. Un viaggio alle origini della cannabis, ma con il valore distintivo di Buddha Seeds.<\/p>\n","protected":false},"excerpt":{"rendered":"<p>Per coloro che hanno difficolt\u00e0 a scegliere una variet\u00e0, Assorted Classics di Buddha Seeds \u00e8 la selezione perfetta di semi che sicuramente colpiranno nel segno. Questo mix si distingue per il prezzo economico e la sicurezza di avere la qualit\u00e0 di sviluppo di Buddha Seeds in ogni variet\u00e0. La Assorted Classics \u00e8 composta dall&#8217;intera famiglia [&hellip;]<\/p>\n","protected":false},"featured_media":4988,"template":"","meta":{"_joinchat":[]},"product_brand":[],"product_cat":[640,110],"product_tag":[1508,1534,1482],"class_list":{"0":"post-4993","1":"product","2":"type-product","3":"status-publish","4":"has-post-thumbnail","6":"product_cat-buddha-seeds-classics-it","7":"product_cat-varieta-buddha-seeds","8":"product_tag-classici-cannabis","9":"product_tag-miscela-semi-fotodipendente","10":"product_tag-semi-fotodipendenti","11":"pa_efecto-36-desdeefectosrelajantesalo-it","12":"pa_fa-produccionenexteriorporpl-500_2000g-it","13":"pa_genetica-9e-hibridosdemayorgensativoy-it","14":"pa_mesdecosecha-60-segundamitaddeseptiembrey-it","15":"pa_produccionm-400_650g-it","16":"pa_semillas-10unidades-it","17":"pa_sexo-feminizada-it","18":"pa_tiempodefloracion-60_75dias-it","19":"pa_tipo-fotodipendente-it","21":"first","22":"instock","23":"taxable","24":"shipping-taxable","25":"purchasable","26":"product-type-variable","27":"has-default-attributes"},"yoast_head":"<!-- This site is optimized with the Yoast SEO plugin v27.3 - https:\/\/yoast.com\/product\/yoast-seo-wordpress\/ -->\n<title>Classici assortiti - Semi di Buddha<\/title>\n<meta name=\"description\" content=\"Assorted Classics di Buddha Seeds \u00e8 la scommessa sicura per i coltivatori in cerca di sorprese eccellenti. Questo mix di semi riunisce tutte le variet\u00e0 della collezione Buddha Seeds Classics.\" \/>\n<meta name=\"robots\" content=\"index, follow, max-snippet:-1, max-image-preview:large, max-video-preview:-1\" \/>\n<link rel=\"canonical\" href=\"https:\/\/buddhaseedbank.com\/it\/producto\/assorted-classics\/\" \/>\n<meta property=\"og:locale\" content=\"it_IT\" \/>\n<meta property=\"og:type\" content=\"article\" \/>\n<meta property=\"og:title\" content=\"Classici assortiti - Semi di Buddha\" \/>\n<meta property=\"og:description\" content=\"Assorted Classics di Buddha Seeds \u00e8 la scommessa sicura per i coltivatori in cerca di sorprese eccellenti. Questo mix di semi riunisce tutte le variet\u00e0 della collezione Buddha Seeds Classics.\" \/>\n<meta property=\"og:url\" content=\"https:\/\/buddhaseedbank.com\/it\/producto\/assorted-classics\/\" \/>\n<meta property=\"og:site_name\" content=\"Buddha Seeds\" \/>\n<meta property=\"article:modified_time\" content=\"2025-10-01T16:51:28+00:00\" \/>\n<meta property=\"og:image\" content=\"https:\/\/buddhaseedbank.com\/wp-content\/uploads\/2021\/06\/282-Assorted-Classics.jpg\" \/>\n\t<meta property=\"og:image:width\" content=\"1080\" \/>\n\t<meta property=\"og:image:height\" content=\"1080\" \/>\n\t<meta property=\"og:image:type\" content=\"image\/jpeg\" \/>\n<meta name=\"twitter:card\" content=\"summary_large_image\" \/>\n<meta name=\"twitter:label1\" content=\"Tempo di lettura stimato\" \/>\n\t<meta name=\"twitter:data1\" content=\"1 minuto\" \/>\n<script type=\"application\/ld+json\" class=\"yoast-schema-graph\">{\"@context\":\"https:\\\/\\\/schema.org\",\"@graph\":[{\"@type\":\"WebPage\",\"@id\":\"https:\\\/\\\/buddhaseedbank.com\\\/it\\\/producto\\\/assorted-classics\\\/\",\"url\":\"https:\\\/\\\/buddhaseedbank.com\\\/it\\\/producto\\\/assorted-classics\\\/\",\"name\":\"Classici assortiti - Semi di Buddha\",\"isPartOf\":{\"@id\":\"https:\\\/\\\/buddhaseedbank.com\\\/it\\\/#website\"},\"primaryImageOfPage\":{\"@id\":\"https:\\\/\\\/buddhaseedbank.com\\\/it\\\/producto\\\/assorted-classics\\\/#primaryimage\"},\"image\":{\"@id\":\"https:\\\/\\\/buddhaseedbank.com\\\/it\\\/producto\\\/assorted-classics\\\/#primaryimage\"},\"thumbnailUrl\":\"https:\\\/\\\/buddhaseedbank.com\\\/wp-content\\\/uploads\\\/2021\\\/06\\\/282-Assorted-Classics.jpg\",\"datePublished\":\"2021-06-15T13:27:46+00:00\",\"dateModified\":\"2025-10-01T16:51:28+00:00\",\"description\":\"Assorted Classics di Buddha Seeds \u00e8 la scommessa sicura per i coltivatori in cerca di sorprese eccellenti. Questo mix di semi riunisce tutte le variet\u00e0 della collezione Buddha Seeds Classics.\",\"breadcrumb\":{\"@id\":\"https:\\\/\\\/buddhaseedbank.com\\\/it\\\/producto\\\/assorted-classics\\\/#breadcrumb\"},\"inLanguage\":\"it-IT\",\"potentialAction\":[{\"@type\":\"ReadAction\",\"target\":[\"https:\\\/\\\/buddhaseedbank.com\\\/it\\\/producto\\\/assorted-classics\\\/\"]}]},{\"@type\":\"ImageObject\",\"inLanguage\":\"it-IT\",\"@id\":\"https:\\\/\\\/buddhaseedbank.com\\\/it\\\/producto\\\/assorted-classics\\\/#primaryimage\",\"url\":\"https:\\\/\\\/buddhaseedbank.com\\\/wp-content\\\/uploads\\\/2021\\\/06\\\/282-Assorted-Classics.jpg\",\"contentUrl\":\"https:\\\/\\\/buddhaseedbank.com\\\/wp-content\\\/uploads\\\/2021\\\/06\\\/282-Assorted-Classics.jpg\",\"width\":1080,\"height\":1080,\"caption\":\"Classici assortiti\"},{\"@type\":\"BreadcrumbList\",\"@id\":\"https:\\\/\\\/buddhaseedbank.com\\\/it\\\/producto\\\/assorted-classics\\\/#breadcrumb\",\"itemListElement\":[{\"@type\":\"ListItem\",\"position\":1,\"name\":\"Portada\",\"item\":\"https:\\\/\\\/buddhaseedbank.com\\\/it\\\/\"},{\"@type\":\"ListItem\",\"position\":2,\"name\":\"Shop\",\"item\":\"https:\\\/\\\/buddhaseedbank.com\\\/it\\\/shop\\\/\"},{\"@type\":\"ListItem\",\"position\":3,\"name\":\"Assorted Classics\"}]},{\"@type\":\"WebSite\",\"@id\":\"https:\\\/\\\/buddhaseedbank.com\\\/it\\\/#website\",\"url\":\"https:\\\/\\\/buddhaseedbank.com\\\/it\\\/\",\"name\":\"Buddha Seeds\",\"description\":\"\",\"publisher\":{\"@id\":\"https:\\\/\\\/buddhaseedbank.com\\\/it\\\/#organization\"},\"potentialAction\":[{\"@type\":\"SearchAction\",\"target\":{\"@type\":\"EntryPoint\",\"urlTemplate\":\"https:\\\/\\\/buddhaseedbank.com\\\/it\\\/?s={search_term_string}\"},\"query-input\":{\"@type\":\"PropertyValueSpecification\",\"valueRequired\":true,\"valueName\":\"search_term_string\"}}],\"inLanguage\":\"it-IT\"},{\"@type\":\"Organization\",\"@id\":\"https:\\\/\\\/buddhaseedbank.com\\\/it\\\/#organization\",\"name\":\"Buddha Seeds\",\"url\":\"https:\\\/\\\/buddhaseedbank.com\\\/it\\\/\",\"logo\":{\"@type\":\"ImageObject\",\"inLanguage\":\"it-IT\",\"@id\":\"https:\\\/\\\/buddhaseedbank.com\\\/it\\\/#\\\/schema\\\/logo\\\/image\\\/\",\"url\":\"https:\\\/\\\/buddhaseedbank.com\\\/wp-content\\\/uploads\\\/2024\\\/04\\\/buddha-seeds-logo-1622448424-1.png\",\"contentUrl\":\"https:\\\/\\\/buddhaseedbank.com\\\/wp-content\\\/uploads\\\/2024\\\/04\\\/buddha-seeds-logo-1622448424-1.png\",\"width\":478,\"height\":200,\"caption\":\"Buddha Seeds\"},\"image\":{\"@id\":\"https:\\\/\\\/buddhaseedbank.com\\\/it\\\/#\\\/schema\\\/logo\\\/image\\\/\"}}]}<\/script>\n<!-- \/ Yoast SEO plugin. -->","yoast_head_json":{"title":"Classici assortiti - Semi di Buddha","description":"Assorted Classics di Buddha Seeds \u00e8 la scommessa sicura per i coltivatori in cerca di sorprese eccellenti. Questo mix di semi riunisce tutte le variet\u00e0 della collezione Buddha Seeds Classics.","robots":{"index":"index","follow":"follow","max-snippet":"max-snippet:-1","max-image-preview":"max-image-preview:large","max-video-preview":"max-video-preview:-1"},"canonical":"https:\/\/buddhaseedbank.com\/it\/producto\/assorted-classics\/","og_locale":"it_IT","og_type":"article","og_title":"Classici assortiti - Semi di Buddha","og_description":"Assorted Classics di Buddha Seeds \u00e8 la scommessa sicura per i coltivatori in cerca di sorprese eccellenti. Questo mix di semi riunisce tutte le variet\u00e0 della collezione Buddha Seeds Classics.","og_url":"https:\/\/buddhaseedbank.com\/it\/producto\/assorted-classics\/","og_site_name":"Buddha Seeds","article_modified_time":"2025-10-01T16:51:28+00:00","og_image":[{"width":1080,"height":1080,"url":"https:\/\/buddhaseedbank.com\/wp-content\/uploads\/2021\/06\/282-Assorted-Classics.jpg","type":"image\/jpeg"}],"twitter_card":"summary_large_image","twitter_misc":{"Tempo di lettura stimato":"1 minuto"},"schema":{"@context":"https:\/\/schema.org","@graph":[{"@type":"WebPage","@id":"https:\/\/buddhaseedbank.com\/it\/producto\/assorted-classics\/","url":"https:\/\/buddhaseedbank.com\/it\/producto\/assorted-classics\/","name":"Classici assortiti - Semi di Buddha","isPartOf":{"@id":"https:\/\/buddhaseedbank.com\/it\/#website"},"primaryImageOfPage":{"@id":"https:\/\/buddhaseedbank.com\/it\/producto\/assorted-classics\/#primaryimage"},"image":{"@id":"https:\/\/buddhaseedbank.com\/it\/producto\/assorted-classics\/#primaryimage"},"thumbnailUrl":"https:\/\/buddhaseedbank.com\/wp-content\/uploads\/2021\/06\/282-Assorted-Classics.jpg","datePublished":"2021-06-15T13:27:46+00:00","dateModified":"2025-10-01T16:51:28+00:00","description":"Assorted Classics di Buddha Seeds \u00e8 la scommessa sicura per i coltivatori in cerca di sorprese eccellenti. Questo mix di semi riunisce tutte le variet\u00e0 della collezione Buddha Seeds Classics.","breadcrumb":{"@id":"https:\/\/buddhaseedbank.com\/it\/producto\/assorted-classics\/#breadcrumb"},"inLanguage":"it-IT","potentialAction":[{"@type":"ReadAction","target":["https:\/\/buddhaseedbank.com\/it\/producto\/assorted-classics\/"]}]},{"@type":"ImageObject","inLanguage":"it-IT","@id":"https:\/\/buddhaseedbank.com\/it\/producto\/assorted-classics\/#primaryimage","url":"https:\/\/buddhaseedbank.com\/wp-content\/uploads\/2021\/06\/282-Assorted-Classics.jpg","contentUrl":"https:\/\/buddhaseedbank.com\/wp-content\/uploads\/2021\/06\/282-Assorted-Classics.jpg","width":1080,"height":1080,"caption":"Classici assortiti"},{"@type":"BreadcrumbList","@id":"https:\/\/buddhaseedbank.com\/it\/producto\/assorted-classics\/#breadcrumb","itemListElement":[{"@type":"ListItem","position":1,"name":"Portada","item":"https:\/\/buddhaseedbank.com\/it\/"},{"@type":"ListItem","position":2,"name":"Shop","item":"https:\/\/buddhaseedbank.com\/it\/shop\/"},{"@type":"ListItem","position":3,"name":"Assorted Classics"}]},{"@type":"WebSite","@id":"https:\/\/buddhaseedbank.com\/it\/#website","url":"https:\/\/buddhaseedbank.com\/it\/","name":"Buddha Seeds","description":"","publisher":{"@id":"https:\/\/buddhaseedbank.com\/it\/#organization"},"potentialAction":[{"@type":"SearchAction","target":{"@type":"EntryPoint","urlTemplate":"https:\/\/buddhaseedbank.com\/it\/?s={search_term_string}"},"query-input":{"@type":"PropertyValueSpecification","valueRequired":true,"valueName":"search_term_string"}}],"inLanguage":"it-IT"},{"@type":"Organization","@id":"https:\/\/buddhaseedbank.com\/it\/#organization","name":"Buddha Seeds","url":"https:\/\/buddhaseedbank.com\/it\/","logo":{"@type":"ImageObject","inLanguage":"it-IT","@id":"https:\/\/buddhaseedbank.com\/it\/#\/schema\/logo\/image\/","url":"https:\/\/buddhaseedbank.com\/wp-content\/uploads\/2024\/04\/buddha-seeds-logo-1622448424-1.png","contentUrl":"https:\/\/buddhaseedbank.com\/wp-content\/uploads\/2024\/04\/buddha-seeds-logo-1622448424-1.png","width":478,"height":200,"caption":"Buddha Seeds"},"image":{"@id":"https:\/\/buddhaseedbank.com\/it\/#\/schema\/logo\/image\/"}}]}},"_links":{"self":[{"href":"https:\/\/buddhaseedbank.com\/it\/wp-json\/wp\/v2\/product\/4993","targetHints":{"allow":["GET"]}}],"collection":[{"href":"https:\/\/buddhaseedbank.com\/it\/wp-json\/wp\/v2\/product"}],"about":[{"href":"https:\/\/buddhaseedbank.com\/it\/wp-json\/wp\/v2\/types\/product"}],"wp:featuredmedia":[{"embeddable":true,"href":"https:\/\/buddhaseedbank.com\/it\/wp-json\/wp\/v2\/media\/4988"}],"wp:attachment":[{"href":"https:\/\/buddhaseedbank.com\/it\/wp-json\/wp\/v2\/media?parent=4993"}],"wp:term":[{"taxonomy":"product_brand","embeddable":true,"href":"https:\/\/buddhaseedbank.com\/it\/wp-json\/wp\/v2\/product_brand?post=4993"},{"taxonomy":"product_cat","embeddable":true,"href":"https:\/\/buddhaseedbank.com\/it\/wp-json\/wp\/v2\/product_cat?post=4993"},{"taxonomy":"product_tag","embeddable":true,"href":"https:\/\/buddhaseedbank.com\/it\/wp-json\/wp\/v2\/product_tag?post=4993"}],"curies":[{"name":"wp","href":"https:\/\/api.w.org\/{rel}","templated":true}]}}