{"id":5006,"date":"2021-06-15T15:39:28","date_gmt":"2021-06-15T13:39:28","guid":{"rendered":"https:\/\/buddhaseedbank.com\/producto\/assorted-auto-classics\/"},"modified":"2026-03-31T12:35:04","modified_gmt":"2026-03-31T10:35:04","slug":"assorted-auto-classics","status":"publish","type":"product","link":"https:\/\/buddhaseedbank.com\/it\/producto\/assorted-auto-classics\/","title":{"rendered":"Assorted Auto Classics"},"content":{"rendered":"<p style=\"text-align: justify;\">Per coloro che hanno difficolt\u00e0 a scegliere una variet\u00e0, Assorted Auto Classics di Buddha Seeds \u00e8 la selezione perfetta di semi che sicuramente colpiranno nel segno. Questo mix si distingue per il prezzo economico e la sicurezza di avere la qualit\u00e0 di sviluppo di Buddha Seeds in ogni variet\u00e0. Assorted Auto Classics \u00e8 composta dall&#8217;intera famiglia Classics pi\u00f9 altre genetiche sorprendenti. Un impegno a sedurre il gusto del consumatore attraverso una variazione di sfumature: dagli agrumi amari ai sapori pi\u00f9 dolci, senza perdere l&#8217;essenza dei classici della cannabis. Un viaggio alle origini della cannabis, ma con il valore distintivo di Buddha Seeds.<\/p>\n","protected":false},"excerpt":{"rendered":"<p>Per coloro che hanno difficolt\u00e0 a scegliere una variet\u00e0, Assorted Auto Classics di Buddha Seeds \u00e8 la selezione perfetta di semi che sicuramente colpiranno nel segno. Questo mix si distingue per il prezzo economico e la sicurezza di avere la qualit\u00e0 di sviluppo di Buddha Seeds in ogni variet\u00e0. Assorted Auto Classics \u00e8 composta dall&#8217;intera [&hellip;]<\/p>\n","protected":false},"featured_media":5001,"template":"","meta":{"_joinchat":[]},"product_brand":[],"product_cat":[640,110],"product_tag":[1508,1512,1150],"class_list":{"0":"post-5006","1":"product","2":"type-product","3":"status-publish","4":"has-post-thumbnail","6":"product_cat-buddha-seeds-classics-it","7":"product_cat-varieta-buddha-seeds","8":"product_tag-classici-cannabis","9":"product_tag-mix-autofiorenti","10":"product_tag-semi-autofiorenti","11":"pa_8d-tiempodecultivocrecimient-50_70dias-it","12":"pa_efecto-36-desdeefectosrelajantesalo-it","13":"pa_fa-produccionenexteriorporpl-60_130g-it","14":"pa_genetica-9e-hibridosdemayorgensativoy-it","15":"pa_produccionm-400_550g-it","16":"pa_semillas-10unidades-it","17":"pa_sexo-feminizada-it","18":"pa_tipo-autofiorenti-it","20":"first","21":"instock","22":"taxable","23":"shipping-taxable","24":"purchasable","25":"product-type-variable","26":"has-default-attributes"},"yoast_head":"<!-- This site is optimized with the Yoast SEO plugin v27.3 - https:\/\/yoast.com\/product\/yoast-seo-wordpress\/ -->\n<title>Auto Classiche assortite - Buddha Seeds<\/title>\n<meta name=\"description\" content=\"Si tratta di una miscela di semi autofiorenti composta da variet\u00e0 mitiche che hanno segnato un prima e un dopo nella storia della cannabis. Buddha Seeds ha adattato la sua versione pi\u00f9 fedele all&#039;originale.\" \/>\n<meta name=\"robots\" content=\"index, follow, max-snippet:-1, max-image-preview:large, max-video-preview:-1\" \/>\n<link rel=\"canonical\" href=\"https:\/\/buddhaseedbank.com\/it\/producto\/assorted-auto-classics\/\" \/>\n<meta property=\"og:locale\" content=\"it_IT\" \/>\n<meta property=\"og:type\" content=\"article\" \/>\n<meta property=\"og:title\" content=\"Auto Classiche assortite - Buddha Seeds\" \/>\n<meta property=\"og:description\" content=\"Si tratta di una miscela di semi autofiorenti composta da variet\u00e0 mitiche che hanno segnato un prima e un dopo nella storia della cannabis. Buddha Seeds ha adattato la sua versione pi\u00f9 fedele all&#039;originale.\" \/>\n<meta property=\"og:url\" content=\"https:\/\/buddhaseedbank.com\/it\/producto\/assorted-auto-classics\/\" \/>\n<meta property=\"og:site_name\" content=\"Buddha Seeds\" \/>\n<meta property=\"article:modified_time\" content=\"2026-03-31T10:35:04+00:00\" \/>\n<meta property=\"og:image\" content=\"https:\/\/buddhaseedbank.com\/wp-content\/uploads\/2021\/06\/283-Assorted-Auto-Classics.jpg\" \/>\n\t<meta property=\"og:image:width\" content=\"1080\" \/>\n\t<meta property=\"og:image:height\" content=\"1080\" \/>\n\t<meta property=\"og:image:type\" content=\"image\/jpeg\" \/>\n<meta name=\"twitter:card\" content=\"summary_large_image\" \/>\n<meta name=\"twitter:label1\" content=\"Tempo di lettura stimato\" \/>\n\t<meta name=\"twitter:data1\" content=\"1 minuto\" \/>\n<script type=\"application\/ld+json\" class=\"yoast-schema-graph\">{\"@context\":\"https:\\\/\\\/schema.org\",\"@graph\":[{\"@type\":\"WebPage\",\"@id\":\"https:\\\/\\\/buddhaseedbank.com\\\/it\\\/producto\\\/assorted-auto-classics\\\/\",\"url\":\"https:\\\/\\\/buddhaseedbank.com\\\/it\\\/producto\\\/assorted-auto-classics\\\/\",\"name\":\"Auto Classiche assortite - Buddha Seeds\",\"isPartOf\":{\"@id\":\"https:\\\/\\\/buddhaseedbank.com\\\/it\\\/#website\"},\"primaryImageOfPage\":{\"@id\":\"https:\\\/\\\/buddhaseedbank.com\\\/it\\\/producto\\\/assorted-auto-classics\\\/#primaryimage\"},\"image\":{\"@id\":\"https:\\\/\\\/buddhaseedbank.com\\\/it\\\/producto\\\/assorted-auto-classics\\\/#primaryimage\"},\"thumbnailUrl\":\"https:\\\/\\\/buddhaseedbank.com\\\/wp-content\\\/uploads\\\/2021\\\/06\\\/283-Assorted-Auto-Classics.jpg\",\"datePublished\":\"2021-06-15T13:39:28+00:00\",\"dateModified\":\"2026-03-31T10:35:04+00:00\",\"description\":\"Si tratta di una miscela di semi autofiorenti composta da variet\u00e0 mitiche che hanno segnato un prima e un dopo nella storia della cannabis. Buddha Seeds ha adattato la sua versione pi\u00f9 fedele all'originale.\",\"breadcrumb\":{\"@id\":\"https:\\\/\\\/buddhaseedbank.com\\\/it\\\/producto\\\/assorted-auto-classics\\\/#breadcrumb\"},\"inLanguage\":\"it-IT\",\"potentialAction\":[{\"@type\":\"ReadAction\",\"target\":[\"https:\\\/\\\/buddhaseedbank.com\\\/it\\\/producto\\\/assorted-auto-classics\\\/\"]}]},{\"@type\":\"ImageObject\",\"inLanguage\":\"it-IT\",\"@id\":\"https:\\\/\\\/buddhaseedbank.com\\\/it\\\/producto\\\/assorted-auto-classics\\\/#primaryimage\",\"url\":\"https:\\\/\\\/buddhaseedbank.com\\\/wp-content\\\/uploads\\\/2021\\\/06\\\/283-Assorted-Auto-Classics.jpg\",\"contentUrl\":\"https:\\\/\\\/buddhaseedbank.com\\\/wp-content\\\/uploads\\\/2021\\\/06\\\/283-Assorted-Auto-Classics.jpg\",\"width\":1080,\"height\":1080,\"caption\":\"Auto classiche assortite\"},{\"@type\":\"BreadcrumbList\",\"@id\":\"https:\\\/\\\/buddhaseedbank.com\\\/it\\\/producto\\\/assorted-auto-classics\\\/#breadcrumb\",\"itemListElement\":[{\"@type\":\"ListItem\",\"position\":1,\"name\":\"Portada\",\"item\":\"https:\\\/\\\/buddhaseedbank.com\\\/it\\\/\"},{\"@type\":\"ListItem\",\"position\":2,\"name\":\"Shop\",\"item\":\"https:\\\/\\\/buddhaseedbank.com\\\/it\\\/shop\\\/\"},{\"@type\":\"ListItem\",\"position\":3,\"name\":\"Assorted Auto Classics\"}]},{\"@type\":\"WebSite\",\"@id\":\"https:\\\/\\\/buddhaseedbank.com\\\/it\\\/#website\",\"url\":\"https:\\\/\\\/buddhaseedbank.com\\\/it\\\/\",\"name\":\"Buddha Seeds\",\"description\":\"\",\"publisher\":{\"@id\":\"https:\\\/\\\/buddhaseedbank.com\\\/it\\\/#organization\"},\"potentialAction\":[{\"@type\":\"SearchAction\",\"target\":{\"@type\":\"EntryPoint\",\"urlTemplate\":\"https:\\\/\\\/buddhaseedbank.com\\\/it\\\/?s={search_term_string}\"},\"query-input\":{\"@type\":\"PropertyValueSpecification\",\"valueRequired\":true,\"valueName\":\"search_term_string\"}}],\"inLanguage\":\"it-IT\"},{\"@type\":\"Organization\",\"@id\":\"https:\\\/\\\/buddhaseedbank.com\\\/it\\\/#organization\",\"name\":\"Buddha Seeds\",\"url\":\"https:\\\/\\\/buddhaseedbank.com\\\/it\\\/\",\"logo\":{\"@type\":\"ImageObject\",\"inLanguage\":\"it-IT\",\"@id\":\"https:\\\/\\\/buddhaseedbank.com\\\/it\\\/#\\\/schema\\\/logo\\\/image\\\/\",\"url\":\"https:\\\/\\\/buddhaseedbank.com\\\/wp-content\\\/uploads\\\/2024\\\/04\\\/buddha-seeds-logo-1622448424-1.png\",\"contentUrl\":\"https:\\\/\\\/buddhaseedbank.com\\\/wp-content\\\/uploads\\\/2024\\\/04\\\/buddha-seeds-logo-1622448424-1.png\",\"width\":478,\"height\":200,\"caption\":\"Buddha Seeds\"},\"image\":{\"@id\":\"https:\\\/\\\/buddhaseedbank.com\\\/it\\\/#\\\/schema\\\/logo\\\/image\\\/\"}}]}<\/script>\n<!-- \/ Yoast SEO plugin. -->","yoast_head_json":{"title":"Auto Classiche assortite - Buddha Seeds","description":"Si tratta di una miscela di semi autofiorenti composta da variet\u00e0 mitiche che hanno segnato un prima e un dopo nella storia della cannabis. Buddha Seeds ha adattato la sua versione pi\u00f9 fedele all'originale.","robots":{"index":"index","follow":"follow","max-snippet":"max-snippet:-1","max-image-preview":"max-image-preview:large","max-video-preview":"max-video-preview:-1"},"canonical":"https:\/\/buddhaseedbank.com\/it\/producto\/assorted-auto-classics\/","og_locale":"it_IT","og_type":"article","og_title":"Auto Classiche assortite - Buddha Seeds","og_description":"Si tratta di una miscela di semi autofiorenti composta da variet\u00e0 mitiche che hanno segnato un prima e un dopo nella storia della cannabis. Buddha Seeds ha adattato la sua versione pi\u00f9 fedele all'originale.","og_url":"https:\/\/buddhaseedbank.com\/it\/producto\/assorted-auto-classics\/","og_site_name":"Buddha Seeds","article_modified_time":"2026-03-31T10:35:04+00:00","og_image":[{"width":1080,"height":1080,"url":"https:\/\/buddhaseedbank.com\/wp-content\/uploads\/2021\/06\/283-Assorted-Auto-Classics.jpg","type":"image\/jpeg"}],"twitter_card":"summary_large_image","twitter_misc":{"Tempo di lettura stimato":"1 minuto"},"schema":{"@context":"https:\/\/schema.org","@graph":[{"@type":"WebPage","@id":"https:\/\/buddhaseedbank.com\/it\/producto\/assorted-auto-classics\/","url":"https:\/\/buddhaseedbank.com\/it\/producto\/assorted-auto-classics\/","name":"Auto Classiche assortite - Buddha Seeds","isPartOf":{"@id":"https:\/\/buddhaseedbank.com\/it\/#website"},"primaryImageOfPage":{"@id":"https:\/\/buddhaseedbank.com\/it\/producto\/assorted-auto-classics\/#primaryimage"},"image":{"@id":"https:\/\/buddhaseedbank.com\/it\/producto\/assorted-auto-classics\/#primaryimage"},"thumbnailUrl":"https:\/\/buddhaseedbank.com\/wp-content\/uploads\/2021\/06\/283-Assorted-Auto-Classics.jpg","datePublished":"2021-06-15T13:39:28+00:00","dateModified":"2026-03-31T10:35:04+00:00","description":"Si tratta di una miscela di semi autofiorenti composta da variet\u00e0 mitiche che hanno segnato un prima e un dopo nella storia della cannabis. Buddha Seeds ha adattato la sua versione pi\u00f9 fedele all'originale.","breadcrumb":{"@id":"https:\/\/buddhaseedbank.com\/it\/producto\/assorted-auto-classics\/#breadcrumb"},"inLanguage":"it-IT","potentialAction":[{"@type":"ReadAction","target":["https:\/\/buddhaseedbank.com\/it\/producto\/assorted-auto-classics\/"]}]},{"@type":"ImageObject","inLanguage":"it-IT","@id":"https:\/\/buddhaseedbank.com\/it\/producto\/assorted-auto-classics\/#primaryimage","url":"https:\/\/buddhaseedbank.com\/wp-content\/uploads\/2021\/06\/283-Assorted-Auto-Classics.jpg","contentUrl":"https:\/\/buddhaseedbank.com\/wp-content\/uploads\/2021\/06\/283-Assorted-Auto-Classics.jpg","width":1080,"height":1080,"caption":"Auto classiche assortite"},{"@type":"BreadcrumbList","@id":"https:\/\/buddhaseedbank.com\/it\/producto\/assorted-auto-classics\/#breadcrumb","itemListElement":[{"@type":"ListItem","position":1,"name":"Portada","item":"https:\/\/buddhaseedbank.com\/it\/"},{"@type":"ListItem","position":2,"name":"Shop","item":"https:\/\/buddhaseedbank.com\/it\/shop\/"},{"@type":"ListItem","position":3,"name":"Assorted Auto Classics"}]},{"@type":"WebSite","@id":"https:\/\/buddhaseedbank.com\/it\/#website","url":"https:\/\/buddhaseedbank.com\/it\/","name":"Buddha Seeds","description":"","publisher":{"@id":"https:\/\/buddhaseedbank.com\/it\/#organization"},"potentialAction":[{"@type":"SearchAction","target":{"@type":"EntryPoint","urlTemplate":"https:\/\/buddhaseedbank.com\/it\/?s={search_term_string}"},"query-input":{"@type":"PropertyValueSpecification","valueRequired":true,"valueName":"search_term_string"}}],"inLanguage":"it-IT"},{"@type":"Organization","@id":"https:\/\/buddhaseedbank.com\/it\/#organization","name":"Buddha Seeds","url":"https:\/\/buddhaseedbank.com\/it\/","logo":{"@type":"ImageObject","inLanguage":"it-IT","@id":"https:\/\/buddhaseedbank.com\/it\/#\/schema\/logo\/image\/","url":"https:\/\/buddhaseedbank.com\/wp-content\/uploads\/2024\/04\/buddha-seeds-logo-1622448424-1.png","contentUrl":"https:\/\/buddhaseedbank.com\/wp-content\/uploads\/2024\/04\/buddha-seeds-logo-1622448424-1.png","width":478,"height":200,"caption":"Buddha Seeds"},"image":{"@id":"https:\/\/buddhaseedbank.com\/it\/#\/schema\/logo\/image\/"}}]}},"_links":{"self":[{"href":"https:\/\/buddhaseedbank.com\/it\/wp-json\/wp\/v2\/product\/5006","targetHints":{"allow":["GET"]}}],"collection":[{"href":"https:\/\/buddhaseedbank.com\/it\/wp-json\/wp\/v2\/product"}],"about":[{"href":"https:\/\/buddhaseedbank.com\/it\/wp-json\/wp\/v2\/types\/product"}],"wp:featuredmedia":[{"embeddable":true,"href":"https:\/\/buddhaseedbank.com\/it\/wp-json\/wp\/v2\/media\/5001"}],"wp:attachment":[{"href":"https:\/\/buddhaseedbank.com\/it\/wp-json\/wp\/v2\/media?parent=5006"}],"wp:term":[{"taxonomy":"product_brand","embeddable":true,"href":"https:\/\/buddhaseedbank.com\/it\/wp-json\/wp\/v2\/product_brand?post=5006"},{"taxonomy":"product_cat","embeddable":true,"href":"https:\/\/buddhaseedbank.com\/it\/wp-json\/wp\/v2\/product_cat?post=5006"},{"taxonomy":"product_tag","embeddable":true,"href":"https:\/\/buddhaseedbank.com\/it\/wp-json\/wp\/v2\/product_tag?post=5006"}],"curies":[{"name":"wp","href":"https:\/\/api.w.org\/{rel}","templated":true}]}}