{"id":6783,"date":"2024-05-29T11:17:12","date_gmt":"2024-05-29T09:17:12","guid":{"rendered":"https:\/\/buddhaseedbank.com\/producto\/panakeia-ad-alto-contenuto-di-terpeni\/"},"modified":"2025-10-27T11:59:29","modified_gmt":"2025-10-27T10:59:29","slug":"panakeia-ad-alto-contenuto-di-terpeni","status":"publish","type":"product","link":"https:\/\/buddhaseedbank.com\/it\/producto\/panakeia-ad-alto-contenuto-di-terpeni\/","title":{"rendered":"Panakeia high terpenes"},"content":{"rendered":"<p>La Panakeia High Terpenes \u00e8 una variet\u00e0 di canapa non psicoattiva ad alto contenuto di terpeni. Finalmente una variet\u00e0 ricca di CBG pu\u00f2 essere gustata in modo piacevole con molto pi\u00f9 gusto e profumo.<\/p>\n<p>La Panakeia High Terpenes \u00e8 la versione migliorata della Panakeia, una variet\u00e0 sviluppata da Hemp Trading e dall&#8217;Universit\u00e0 Politecnica di Valencia. Questa variet\u00e0 non psicotropa (0,0% THC) e altamente medicinale offre ora un&#8217;ampia variet\u00e0 di terpeni con note dolci, fruttate e legnose.<\/p>\n<p>Noi di Buddha Seeds abbiamo voluto arricchire l&#8217;esperienza dei ceppi CBG, tradizionalmente poveri di terpeni. Il risultato \u00e8 molto soddisfacente, soprattutto a livello olfattivo.<\/p>\n<p>La Panakeia High Terpenes sbarca nel mercato della &#8220;canapa da fumare&#8221; per posizionarsi come uno dei migliori ceppi non psicoattivi ricchi di terpeni.<\/p>\n","protected":false},"excerpt":{"rendered":"<p>La Panakeia High Terpenes \u00e8 una variet\u00e0 di canapa non psicoattiva ad alto contenuto di terpeni. Finalmente una variet\u00e0 ricca di CBG pu\u00f2 essere gustata in modo piacevole con molto pi\u00f9 gusto e profumo.<\/p>\n","protected":false},"featured_media":11827,"template":"","meta":{"_joinchat":[]},"product_brand":[],"product_cat":[635,739,110],"product_tag":[1445,1448,1402,1525,1433,1734,1469,1482],"class_list":{"0":"post-6783","1":"product","2":"type-product","3":"status-publish","4":"has-post-thumbnail","6":"product_cat-original-buddha-seeds-it","7":"product_cat-cbg-cbd","8":"product_cat-varieta-buddha-seeds","9":"product_tag-cannabis-per-dormire-meglio","10":"product_tag-cannabis-dolore","11":"product_tag-cannabis-per-rilassarsi","12":"product_tag-cannabis-senza-thc","13":"product_tag-cannabis-terapeutica","14":"product_tag-piu-venduti","15":"product_tag-semi-cbg","16":"product_tag-semi-fotodipendenti","17":"pa_fa-produccionenexteriorporpl-1_15kg-it","18":"pa_genetica-indica-it","19":"pa_mesdecosecha-61-finalesdeseptiembrehemisf-it","20":"pa_produccionm-400_600g-it","21":"pa_semillas-10unidades-it","22":"pa_semillas-3unidades-it","23":"pa_sexo-feminizada-it","24":"pa_tiempodefloracion-60_63dias-it","25":"pa_tipo-fotodipendente-it","26":"pa_tipo-seme-cbg","28":"first","29":"instock","30":"taxable","31":"shipping-taxable","32":"purchasable","33":"product-type-variable","34":"has-default-attributes"},"yoast_head":"<!-- This site is optimized with the Yoast SEO plugin v27.3 - https:\/\/yoast.com\/product\/yoast-seo-wordpress\/ -->\n<title>semi CBG non psicoattivi<\/title>\n<meta name=\"description\" content=\"CBG-Samen Panakeia High Terpenes \u00e8 uno dei pochi semi CBG non psicoattivi e con un alto contenuto di terpeni, con un sapore e un profumo molto pi\u00f9 intensi.\" \/>\n<meta name=\"robots\" content=\"index, follow, max-snippet:-1, max-image-preview:large, max-video-preview:-1\" \/>\n<link rel=\"canonical\" href=\"https:\/\/buddhaseedbank.com\/it\/producto\/panakeia-ad-alto-contenuto-di-terpeni\/\" \/>\n<meta property=\"og:locale\" content=\"it_IT\" \/>\n<meta property=\"og:type\" content=\"article\" \/>\n<meta property=\"og:title\" content=\"semi CBG non psicoattivi\" \/>\n<meta property=\"og:description\" content=\"CBG-Samen Panakeia High Terpenes \u00e8 uno dei pochi semi CBG non psicoattivi e con un alto contenuto di terpeni, con un sapore e un profumo molto pi\u00f9 intensi.\" \/>\n<meta property=\"og:url\" content=\"https:\/\/buddhaseedbank.com\/it\/producto\/panakeia-ad-alto-contenuto-di-terpeni\/\" \/>\n<meta property=\"og:site_name\" content=\"Buddha Seeds\" \/>\n<meta property=\"article:modified_time\" content=\"2025-10-27T10:59:29+00:00\" \/>\n<meta property=\"og:image\" content=\"https:\/\/buddhaseedbank.com\/wp-content\/uploads\/2024\/05\/Panakeia_buddhaseeds.jpg\" \/>\n\t<meta property=\"og:image:width\" content=\"1440\" \/>\n\t<meta property=\"og:image:height\" content=\"1920\" \/>\n\t<meta property=\"og:image:type\" content=\"image\/jpeg\" \/>\n<meta name=\"twitter:card\" content=\"summary_large_image\" \/>\n<meta name=\"twitter:label1\" content=\"Tempo di lettura stimato\" \/>\n\t<meta name=\"twitter:data1\" content=\"1 minuto\" \/>\n<script type=\"application\/ld+json\" class=\"yoast-schema-graph\">{\"@context\":\"https:\\\/\\\/schema.org\",\"@graph\":[{\"@type\":\"WebPage\",\"@id\":\"https:\\\/\\\/buddhaseedbank.com\\\/it\\\/producto\\\/panakeia-ad-alto-contenuto-di-terpeni\\\/\",\"url\":\"https:\\\/\\\/buddhaseedbank.com\\\/it\\\/producto\\\/panakeia-ad-alto-contenuto-di-terpeni\\\/\",\"name\":\"semi CBG non psicoattivi\",\"isPartOf\":{\"@id\":\"https:\\\/\\\/buddhaseedbank.com\\\/it\\\/#website\"},\"primaryImageOfPage\":{\"@id\":\"https:\\\/\\\/buddhaseedbank.com\\\/it\\\/producto\\\/panakeia-ad-alto-contenuto-di-terpeni\\\/#primaryimage\"},\"image\":{\"@id\":\"https:\\\/\\\/buddhaseedbank.com\\\/it\\\/producto\\\/panakeia-ad-alto-contenuto-di-terpeni\\\/#primaryimage\"},\"thumbnailUrl\":\"https:\\\/\\\/buddhaseedbank.com\\\/wp-content\\\/uploads\\\/2024\\\/05\\\/Panakeia_buddhaseeds.jpg\",\"datePublished\":\"2024-05-29T09:17:12+00:00\",\"dateModified\":\"2025-10-27T10:59:29+00:00\",\"description\":\"CBG-Samen Panakeia High Terpenes \u00e8 uno dei pochi semi CBG non psicoattivi e con un alto contenuto di terpeni, con un sapore e un profumo molto pi\u00f9 intensi.\",\"breadcrumb\":{\"@id\":\"https:\\\/\\\/buddhaseedbank.com\\\/it\\\/producto\\\/panakeia-ad-alto-contenuto-di-terpeni\\\/#breadcrumb\"},\"inLanguage\":\"it-IT\",\"potentialAction\":[{\"@type\":\"ReadAction\",\"target\":[\"https:\\\/\\\/buddhaseedbank.com\\\/it\\\/producto\\\/panakeia-ad-alto-contenuto-di-terpeni\\\/\"]}]},{\"@type\":\"ImageObject\",\"inLanguage\":\"it-IT\",\"@id\":\"https:\\\/\\\/buddhaseedbank.com\\\/it\\\/producto\\\/panakeia-ad-alto-contenuto-di-terpeni\\\/#primaryimage\",\"url\":\"https:\\\/\\\/buddhaseedbank.com\\\/wp-content\\\/uploads\\\/2024\\\/05\\\/Panakeia_buddhaseeds.jpg\",\"contentUrl\":\"https:\\\/\\\/buddhaseedbank.com\\\/wp-content\\\/uploads\\\/2024\\\/05\\\/Panakeia_buddhaseeds.jpg\",\"width\":1440,\"height\":1920,\"caption\":\"Panakeia cannabis CBG\"},{\"@type\":\"BreadcrumbList\",\"@id\":\"https:\\\/\\\/buddhaseedbank.com\\\/it\\\/producto\\\/panakeia-ad-alto-contenuto-di-terpeni\\\/#breadcrumb\",\"itemListElement\":[{\"@type\":\"ListItem\",\"position\":1,\"name\":\"Portada\",\"item\":\"https:\\\/\\\/buddhaseedbank.com\\\/it\\\/\"},{\"@type\":\"ListItem\",\"position\":2,\"name\":\"Shop\",\"item\":\"https:\\\/\\\/buddhaseedbank.com\\\/it\\\/shop\\\/\"},{\"@type\":\"ListItem\",\"position\":3,\"name\":\"Panakeia high terpenes\"}]},{\"@type\":\"WebSite\",\"@id\":\"https:\\\/\\\/buddhaseedbank.com\\\/it\\\/#website\",\"url\":\"https:\\\/\\\/buddhaseedbank.com\\\/it\\\/\",\"name\":\"Buddha Seeds\",\"description\":\"\",\"publisher\":{\"@id\":\"https:\\\/\\\/buddhaseedbank.com\\\/it\\\/#organization\"},\"potentialAction\":[{\"@type\":\"SearchAction\",\"target\":{\"@type\":\"EntryPoint\",\"urlTemplate\":\"https:\\\/\\\/buddhaseedbank.com\\\/it\\\/?s={search_term_string}\"},\"query-input\":{\"@type\":\"PropertyValueSpecification\",\"valueRequired\":true,\"valueName\":\"search_term_string\"}}],\"inLanguage\":\"it-IT\"},{\"@type\":\"Organization\",\"@id\":\"https:\\\/\\\/buddhaseedbank.com\\\/it\\\/#organization\",\"name\":\"Buddha Seeds\",\"url\":\"https:\\\/\\\/buddhaseedbank.com\\\/it\\\/\",\"logo\":{\"@type\":\"ImageObject\",\"inLanguage\":\"it-IT\",\"@id\":\"https:\\\/\\\/buddhaseedbank.com\\\/it\\\/#\\\/schema\\\/logo\\\/image\\\/\",\"url\":\"https:\\\/\\\/buddhaseedbank.com\\\/wp-content\\\/uploads\\\/2024\\\/04\\\/buddha-seeds-logo-1622448424-1.png\",\"contentUrl\":\"https:\\\/\\\/buddhaseedbank.com\\\/wp-content\\\/uploads\\\/2024\\\/04\\\/buddha-seeds-logo-1622448424-1.png\",\"width\":478,\"height\":200,\"caption\":\"Buddha Seeds\"},\"image\":{\"@id\":\"https:\\\/\\\/buddhaseedbank.com\\\/it\\\/#\\\/schema\\\/logo\\\/image\\\/\"}}]}<\/script>\n<!-- \/ Yoast SEO plugin. -->","yoast_head_json":{"title":"semi CBG non psicoattivi","description":"CBG-Samen Panakeia High Terpenes \u00e8 uno dei pochi semi CBG non psicoattivi e con un alto contenuto di terpeni, con un sapore e un profumo molto pi\u00f9 intensi.","robots":{"index":"index","follow":"follow","max-snippet":"max-snippet:-1","max-image-preview":"max-image-preview:large","max-video-preview":"max-video-preview:-1"},"canonical":"https:\/\/buddhaseedbank.com\/it\/producto\/panakeia-ad-alto-contenuto-di-terpeni\/","og_locale":"it_IT","og_type":"article","og_title":"semi CBG non psicoattivi","og_description":"CBG-Samen Panakeia High Terpenes \u00e8 uno dei pochi semi CBG non psicoattivi e con un alto contenuto di terpeni, con un sapore e un profumo molto pi\u00f9 intensi.","og_url":"https:\/\/buddhaseedbank.com\/it\/producto\/panakeia-ad-alto-contenuto-di-terpeni\/","og_site_name":"Buddha Seeds","article_modified_time":"2025-10-27T10:59:29+00:00","og_image":[{"width":1440,"height":1920,"url":"https:\/\/buddhaseedbank.com\/wp-content\/uploads\/2024\/05\/Panakeia_buddhaseeds.jpg","type":"image\/jpeg"}],"twitter_card":"summary_large_image","twitter_misc":{"Tempo di lettura stimato":"1 minuto"},"schema":{"@context":"https:\/\/schema.org","@graph":[{"@type":"WebPage","@id":"https:\/\/buddhaseedbank.com\/it\/producto\/panakeia-ad-alto-contenuto-di-terpeni\/","url":"https:\/\/buddhaseedbank.com\/it\/producto\/panakeia-ad-alto-contenuto-di-terpeni\/","name":"semi CBG non psicoattivi","isPartOf":{"@id":"https:\/\/buddhaseedbank.com\/it\/#website"},"primaryImageOfPage":{"@id":"https:\/\/buddhaseedbank.com\/it\/producto\/panakeia-ad-alto-contenuto-di-terpeni\/#primaryimage"},"image":{"@id":"https:\/\/buddhaseedbank.com\/it\/producto\/panakeia-ad-alto-contenuto-di-terpeni\/#primaryimage"},"thumbnailUrl":"https:\/\/buddhaseedbank.com\/wp-content\/uploads\/2024\/05\/Panakeia_buddhaseeds.jpg","datePublished":"2024-05-29T09:17:12+00:00","dateModified":"2025-10-27T10:59:29+00:00","description":"CBG-Samen Panakeia High Terpenes \u00e8 uno dei pochi semi CBG non psicoattivi e con un alto contenuto di terpeni, con un sapore e un profumo molto pi\u00f9 intensi.","breadcrumb":{"@id":"https:\/\/buddhaseedbank.com\/it\/producto\/panakeia-ad-alto-contenuto-di-terpeni\/#breadcrumb"},"inLanguage":"it-IT","potentialAction":[{"@type":"ReadAction","target":["https:\/\/buddhaseedbank.com\/it\/producto\/panakeia-ad-alto-contenuto-di-terpeni\/"]}]},{"@type":"ImageObject","inLanguage":"it-IT","@id":"https:\/\/buddhaseedbank.com\/it\/producto\/panakeia-ad-alto-contenuto-di-terpeni\/#primaryimage","url":"https:\/\/buddhaseedbank.com\/wp-content\/uploads\/2024\/05\/Panakeia_buddhaseeds.jpg","contentUrl":"https:\/\/buddhaseedbank.com\/wp-content\/uploads\/2024\/05\/Panakeia_buddhaseeds.jpg","width":1440,"height":1920,"caption":"Panakeia cannabis CBG"},{"@type":"BreadcrumbList","@id":"https:\/\/buddhaseedbank.com\/it\/producto\/panakeia-ad-alto-contenuto-di-terpeni\/#breadcrumb","itemListElement":[{"@type":"ListItem","position":1,"name":"Portada","item":"https:\/\/buddhaseedbank.com\/it\/"},{"@type":"ListItem","position":2,"name":"Shop","item":"https:\/\/buddhaseedbank.com\/it\/shop\/"},{"@type":"ListItem","position":3,"name":"Panakeia high terpenes"}]},{"@type":"WebSite","@id":"https:\/\/buddhaseedbank.com\/it\/#website","url":"https:\/\/buddhaseedbank.com\/it\/","name":"Buddha Seeds","description":"","publisher":{"@id":"https:\/\/buddhaseedbank.com\/it\/#organization"},"potentialAction":[{"@type":"SearchAction","target":{"@type":"EntryPoint","urlTemplate":"https:\/\/buddhaseedbank.com\/it\/?s={search_term_string}"},"query-input":{"@type":"PropertyValueSpecification","valueRequired":true,"valueName":"search_term_string"}}],"inLanguage":"it-IT"},{"@type":"Organization","@id":"https:\/\/buddhaseedbank.com\/it\/#organization","name":"Buddha Seeds","url":"https:\/\/buddhaseedbank.com\/it\/","logo":{"@type":"ImageObject","inLanguage":"it-IT","@id":"https:\/\/buddhaseedbank.com\/it\/#\/schema\/logo\/image\/","url":"https:\/\/buddhaseedbank.com\/wp-content\/uploads\/2024\/04\/buddha-seeds-logo-1622448424-1.png","contentUrl":"https:\/\/buddhaseedbank.com\/wp-content\/uploads\/2024\/04\/buddha-seeds-logo-1622448424-1.png","width":478,"height":200,"caption":"Buddha Seeds"},"image":{"@id":"https:\/\/buddhaseedbank.com\/it\/#\/schema\/logo\/image\/"}}]}},"_links":{"self":[{"href":"https:\/\/buddhaseedbank.com\/it\/wp-json\/wp\/v2\/product\/6783","targetHints":{"allow":["GET"]}}],"collection":[{"href":"https:\/\/buddhaseedbank.com\/it\/wp-json\/wp\/v2\/product"}],"about":[{"href":"https:\/\/buddhaseedbank.com\/it\/wp-json\/wp\/v2\/types\/product"}],"wp:featuredmedia":[{"embeddable":true,"href":"https:\/\/buddhaseedbank.com\/it\/wp-json\/wp\/v2\/media\/11827"}],"wp:attachment":[{"href":"https:\/\/buddhaseedbank.com\/it\/wp-json\/wp\/v2\/media?parent=6783"}],"wp:term":[{"taxonomy":"product_brand","embeddable":true,"href":"https:\/\/buddhaseedbank.com\/it\/wp-json\/wp\/v2\/product_brand?post=6783"},{"taxonomy":"product_cat","embeddable":true,"href":"https:\/\/buddhaseedbank.com\/it\/wp-json\/wp\/v2\/product_cat?post=6783"},{"taxonomy":"product_tag","embeddable":true,"href":"https:\/\/buddhaseedbank.com\/it\/wp-json\/wp\/v2\/product_tag?post=6783"}],"curies":[{"name":"wp","href":"https:\/\/api.w.org\/{rel}","templated":true}]}}