{"id":7325,"date":"2024-06-13T17:13:20","date_gmt":"2024-06-13T15:13:20","guid":{"rendered":"https:\/\/buddhaseedbank.com\/profissionais\/"},"modified":"2025-04-25T17:39:06","modified_gmt":"2025-04-25T15:39:06","slug":"profissionais","status":"publish","type":"page","link":"https:\/\/buddhaseedbank.com\/pt-pt\/profissionais\/","title":{"rendered":"Profissionais"},"content":{"rendered":"\r\n<p>A nossa loja online est\u00e1 orientada para a venda exclusiva a particulares.<\/p>\r\n\r\n\r\n\r\n<p>Se fores uma loja ou um profissional do sector e estiveres interessado em adquirir as nossas sementes, convidamos-te a contactar-nos diretamente.<\/p>\r\n\r\n\r\n\r\n<p>Teremos todo o prazer em oferecer-te condi\u00e7\u00f5es especiais e conselhos personalizados para responder \u00e0s tuas necessidades espec\u00edficas.<\/p>\r\n\r\n\r\n\r\n<h2 class=\"wp-block-heading\"><strong>Contacta-nos:<\/strong><\/h2>\r\n\r\n\r\n\r\n<p>Para quest\u00f5es profissionais, envia-nos um e-mail para info(at)buddhaseedbank.com. A nossa equipa de apoio ao cliente est\u00e1 \u00e0 tua disposi\u00e7\u00e3o para te fornecer todas as informa\u00e7\u00f5es necess\u00e1rias e facilitar o processo de compra.<\/p>\r\n\r\n\r\n\r\n<p>Obrigado pelo teu interesse nos nossos produtos e por confiares na nossa experi\u00eancia.<\/p>\r\n\r\n\r\n\r\n<div class=\"wp-block-spacer\" style=\"height: 100px;\" aria-hidden=\"true\">\u00a0<\/div>\r\n","protected":false},"excerpt":{"rendered":"<p>A nossa loja online est\u00e1 orientada para a venda exclusiva a particulares. Se fores uma loja ou um profissional do sector e estiveres interessado em adquirir as nossas sementes, convidamos-te a contactar-nos diretamente. Teremos todo o prazer em oferecer-te condi\u00e7\u00f5es especiais e conselhos personalizados para responder \u00e0s tuas necessidades espec\u00edficas. Contacta-nos: Para quest\u00f5es profissionais, envia-nos [&hellip;]<\/p>\n","protected":false},"author":1,"featured_media":0,"parent":0,"menu_order":0,"comment_status":"closed","ping_status":"closed","template":"","meta":{"_joinchat":[],"footnotes":""},"class_list":["post-7325","page","type-page","status-publish","hentry"],"yoast_head":"<!-- This site is optimized with the Yoast SEO plugin v27.3 - https:\/\/yoast.com\/product\/yoast-seo-wordpress\/ -->\n<title>sementes de marijuana para lojas de cultivo<\/title>\n<meta name=\"description\" content=\"Se \u00e9 uma loja de cultivo \u00e0 procura das melhores autoflorescentes e fotodependentes, chegou ao melhor banco de sementes de can\u00e1bis.\" \/>\n<meta name=\"robots\" content=\"index, follow, max-snippet:-1, max-image-preview:large, max-video-preview:-1\" \/>\n<link rel=\"canonical\" href=\"https:\/\/buddhaseedbank.com\/pt-pt\/profissionais\/\" \/>\n<meta property=\"og:locale\" content=\"pt_PT\" \/>\n<meta property=\"og:type\" content=\"article\" \/>\n<meta property=\"og:title\" content=\"sementes de marijuana para lojas de cultivo\" \/>\n<meta property=\"og:description\" content=\"Se \u00e9 uma loja de cultivo \u00e0 procura das melhores autoflorescentes e fotodependentes, chegou ao melhor banco de sementes de can\u00e1bis.\" \/>\n<meta property=\"og:url\" content=\"https:\/\/buddhaseedbank.com\/pt-pt\/profissionais\/\" \/>\n<meta property=\"og:site_name\" content=\"Buddha Seeds\" \/>\n<meta property=\"article:modified_time\" content=\"2025-04-25T15:39:06+00:00\" \/>\n<meta name=\"twitter:card\" content=\"summary_large_image\" \/>\n<meta name=\"twitter:label1\" content=\"Tempo estimado de leitura\" \/>\n\t<meta name=\"twitter:data1\" content=\"1 minuto\" \/>\n<script type=\"application\/ld+json\" class=\"yoast-schema-graph\">{\"@context\":\"https:\\\/\\\/schema.org\",\"@graph\":[{\"@type\":\"WebPage\",\"@id\":\"https:\\\/\\\/buddhaseedbank.com\\\/pt-pt\\\/profissionais\\\/\",\"url\":\"https:\\\/\\\/buddhaseedbank.com\\\/pt-pt\\\/profissionais\\\/\",\"name\":\"sementes de marijuana para lojas de cultivo\",\"isPartOf\":{\"@id\":\"https:\\\/\\\/buddhaseedbank.com\\\/pt-pt\\\/#website\"},\"datePublished\":\"2024-06-13T15:13:20+00:00\",\"dateModified\":\"2025-04-25T15:39:06+00:00\",\"description\":\"Se \u00e9 uma loja de cultivo \u00e0 procura das melhores autoflorescentes e fotodependentes, chegou ao melhor banco de sementes de can\u00e1bis.\",\"breadcrumb\":{\"@id\":\"https:\\\/\\\/buddhaseedbank.com\\\/pt-pt\\\/profissionais\\\/#breadcrumb\"},\"inLanguage\":\"pt-PT\",\"potentialAction\":[{\"@type\":\"ReadAction\",\"target\":[\"https:\\\/\\\/buddhaseedbank.com\\\/pt-pt\\\/profissionais\\\/\"]}]},{\"@type\":\"BreadcrumbList\",\"@id\":\"https:\\\/\\\/buddhaseedbank.com\\\/pt-pt\\\/profissionais\\\/#breadcrumb\",\"itemListElement\":[{\"@type\":\"ListItem\",\"position\":1,\"name\":\"Portada\",\"item\":\"https:\\\/\\\/buddhaseedbank.com\\\/pt-pt\\\/\"},{\"@type\":\"ListItem\",\"position\":2,\"name\":\"Profissionais\"}]},{\"@type\":\"WebSite\",\"@id\":\"https:\\\/\\\/buddhaseedbank.com\\\/pt-pt\\\/#website\",\"url\":\"https:\\\/\\\/buddhaseedbank.com\\\/pt-pt\\\/\",\"name\":\"Buddha Seeds\",\"description\":\"\",\"publisher\":{\"@id\":\"https:\\\/\\\/buddhaseedbank.com\\\/pt-pt\\\/#organization\"},\"potentialAction\":[{\"@type\":\"SearchAction\",\"target\":{\"@type\":\"EntryPoint\",\"urlTemplate\":\"https:\\\/\\\/buddhaseedbank.com\\\/pt-pt\\\/?s={search_term_string}\"},\"query-input\":{\"@type\":\"PropertyValueSpecification\",\"valueRequired\":true,\"valueName\":\"search_term_string\"}}],\"inLanguage\":\"pt-PT\"},{\"@type\":\"Organization\",\"@id\":\"https:\\\/\\\/buddhaseedbank.com\\\/pt-pt\\\/#organization\",\"name\":\"Buddha Seeds\",\"url\":\"https:\\\/\\\/buddhaseedbank.com\\\/pt-pt\\\/\",\"logo\":{\"@type\":\"ImageObject\",\"inLanguage\":\"pt-PT\",\"@id\":\"https:\\\/\\\/buddhaseedbank.com\\\/pt-pt\\\/#\\\/schema\\\/logo\\\/image\\\/\",\"url\":\"https:\\\/\\\/buddhaseedbank.com\\\/wp-content\\\/uploads\\\/2024\\\/04\\\/buddha-seeds-logo-1622448424-1.png\",\"contentUrl\":\"https:\\\/\\\/buddhaseedbank.com\\\/wp-content\\\/uploads\\\/2024\\\/04\\\/buddha-seeds-logo-1622448424-1.png\",\"width\":478,\"height\":200,\"caption\":\"Buddha Seeds\"},\"image\":{\"@id\":\"https:\\\/\\\/buddhaseedbank.com\\\/pt-pt\\\/#\\\/schema\\\/logo\\\/image\\\/\"}}]}<\/script>\n<!-- \/ Yoast SEO plugin. -->","yoast_head_json":{"title":"sementes de marijuana para lojas de cultivo","description":"Se \u00e9 uma loja de cultivo \u00e0 procura das melhores autoflorescentes e fotodependentes, chegou ao melhor banco de sementes de can\u00e1bis.","robots":{"index":"index","follow":"follow","max-snippet":"max-snippet:-1","max-image-preview":"max-image-preview:large","max-video-preview":"max-video-preview:-1"},"canonical":"https:\/\/buddhaseedbank.com\/pt-pt\/profissionais\/","og_locale":"pt_PT","og_type":"article","og_title":"sementes de marijuana para lojas de cultivo","og_description":"Se \u00e9 uma loja de cultivo \u00e0 procura das melhores autoflorescentes e fotodependentes, chegou ao melhor banco de sementes de can\u00e1bis.","og_url":"https:\/\/buddhaseedbank.com\/pt-pt\/profissionais\/","og_site_name":"Buddha Seeds","article_modified_time":"2025-04-25T15:39:06+00:00","twitter_card":"summary_large_image","twitter_misc":{"Tempo estimado de leitura":"1 minuto"},"schema":{"@context":"https:\/\/schema.org","@graph":[{"@type":"WebPage","@id":"https:\/\/buddhaseedbank.com\/pt-pt\/profissionais\/","url":"https:\/\/buddhaseedbank.com\/pt-pt\/profissionais\/","name":"sementes de marijuana para lojas de cultivo","isPartOf":{"@id":"https:\/\/buddhaseedbank.com\/pt-pt\/#website"},"datePublished":"2024-06-13T15:13:20+00:00","dateModified":"2025-04-25T15:39:06+00:00","description":"Se \u00e9 uma loja de cultivo \u00e0 procura das melhores autoflorescentes e fotodependentes, chegou ao melhor banco de sementes de can\u00e1bis.","breadcrumb":{"@id":"https:\/\/buddhaseedbank.com\/pt-pt\/profissionais\/#breadcrumb"},"inLanguage":"pt-PT","potentialAction":[{"@type":"ReadAction","target":["https:\/\/buddhaseedbank.com\/pt-pt\/profissionais\/"]}]},{"@type":"BreadcrumbList","@id":"https:\/\/buddhaseedbank.com\/pt-pt\/profissionais\/#breadcrumb","itemListElement":[{"@type":"ListItem","position":1,"name":"Portada","item":"https:\/\/buddhaseedbank.com\/pt-pt\/"},{"@type":"ListItem","position":2,"name":"Profissionais"}]},{"@type":"WebSite","@id":"https:\/\/buddhaseedbank.com\/pt-pt\/#website","url":"https:\/\/buddhaseedbank.com\/pt-pt\/","name":"Buddha Seeds","description":"","publisher":{"@id":"https:\/\/buddhaseedbank.com\/pt-pt\/#organization"},"potentialAction":[{"@type":"SearchAction","target":{"@type":"EntryPoint","urlTemplate":"https:\/\/buddhaseedbank.com\/pt-pt\/?s={search_term_string}"},"query-input":{"@type":"PropertyValueSpecification","valueRequired":true,"valueName":"search_term_string"}}],"inLanguage":"pt-PT"},{"@type":"Organization","@id":"https:\/\/buddhaseedbank.com\/pt-pt\/#organization","name":"Buddha Seeds","url":"https:\/\/buddhaseedbank.com\/pt-pt\/","logo":{"@type":"ImageObject","inLanguage":"pt-PT","@id":"https:\/\/buddhaseedbank.com\/pt-pt\/#\/schema\/logo\/image\/","url":"https:\/\/buddhaseedbank.com\/wp-content\/uploads\/2024\/04\/buddha-seeds-logo-1622448424-1.png","contentUrl":"https:\/\/buddhaseedbank.com\/wp-content\/uploads\/2024\/04\/buddha-seeds-logo-1622448424-1.png","width":478,"height":200,"caption":"Buddha Seeds"},"image":{"@id":"https:\/\/buddhaseedbank.com\/pt-pt\/#\/schema\/logo\/image\/"}}]}},"_links":{"self":[{"href":"https:\/\/buddhaseedbank.com\/pt-pt\/wp-json\/wp\/v2\/pages\/7325","targetHints":{"allow":["GET"]}}],"collection":[{"href":"https:\/\/buddhaseedbank.com\/pt-pt\/wp-json\/wp\/v2\/pages"}],"about":[{"href":"https:\/\/buddhaseedbank.com\/pt-pt\/wp-json\/wp\/v2\/types\/page"}],"author":[{"embeddable":true,"href":"https:\/\/buddhaseedbank.com\/pt-pt\/wp-json\/wp\/v2\/users\/1"}],"replies":[{"embeddable":true,"href":"https:\/\/buddhaseedbank.com\/pt-pt\/wp-json\/wp\/v2\/comments?post=7325"}],"version-history":[{"count":2,"href":"https:\/\/buddhaseedbank.com\/pt-pt\/wp-json\/wp\/v2\/pages\/7325\/revisions"}],"predecessor-version":[{"id":11844,"href":"https:\/\/buddhaseedbank.com\/pt-pt\/wp-json\/wp\/v2\/pages\/7325\/revisions\/11844"}],"wp:attachment":[{"href":"https:\/\/buddhaseedbank.com\/pt-pt\/wp-json\/wp\/v2\/media?parent=7325"}],"curies":[{"name":"wp","href":"https:\/\/api.w.org\/{rel}","templated":true}]}}