{"id":7345,"date":"2020-10-21T10:18:56","date_gmt":"2020-10-21T08:18:56","guid":{"rendered":"https:\/\/buddhaseedbank.com\/politica-de-cookies\/"},"modified":"2020-10-21T10:18:56","modified_gmt":"2020-10-21T08:18:56","slug":"politica-de-cookies","status":"publish","type":"page","link":"https:\/\/buddhaseedbank.com\/pt-pt\/politica-de-cookies\/","title":{"rendered":"Pol\u00edtica de cookies"},"content":{"rendered":"<h3>O QUE S\u00c3O BOLACHAS?<\/h3>\n<p>Os cookies s\u00e3o pequenos ficheiros de dados que s\u00e3o recebidos no terminal a partir do s\u00edtio Web visitado e que s\u00e3o utilizados para registar determinadas interac\u00e7\u00f5es de navega\u00e7\u00e3o num s\u00edtio Web, armazenando dados que podem ser actualizados e recuperados. Estes ficheiros s\u00e3o armazenados no computador do utilizador e cont\u00eam dados an\u00f3nimos que n\u00e3o s\u00e3o prejudiciais para o computador do utilizador. S\u00e3o utilizados para recordar as prefer\u00eancias do utilizador, como a l\u00edngua selecionada, os dados de acesso ou a personaliza\u00e7\u00e3o da p\u00e1gina.<\/p>\n<p>Os cookies tamb\u00e9m podem ser utilizados para registar informa\u00e7\u00f5es an\u00f3nimas sobre a forma como um visitante utiliza um s\u00edtio. Por exemplo, a partir de que s\u00edtio Web acedeste, ou se utilizaste um banner publicit\u00e1rio para l\u00e1 chegar.<\/p>\n<h3>PORQUE \u00c9 QUE UTILIZAMOS COOKIES?<\/h3>\n<p>Buddhaseedbank.com, utiliza os cookies estritamente necess\u00e1rios e indispens\u00e1veis para que possas utilizar os nossos sites e que te permitem circular livremente, utilizar \u00e1reas seguras, op\u00e7\u00f5es personalizadas, etc. Al\u00e9m disso, www.buddhaseedbank.com utiliza cookies que recolhem dados relativos \u00e0 an\u00e1lise da utiliza\u00e7\u00e3o do s\u00edtio Web. Estes s\u00e3o utilizados para ajudar a melhorar o servi\u00e7o ao cliente, medindo a utiliza\u00e7\u00e3o e o desempenho do s\u00edtio, para otimizar e personalizar o s\u00edtio.<\/p>\n<p>Os nossos s\u00edtios tamb\u00e9m podem ter liga\u00e7\u00f5es a s\u00edtios de redes sociais (como o Facebook ou o Twitter). Buddhaseedbank.com n\u00e3o controla os cookies utilizados por estes sites externos. Para mais informa\u00e7\u00f5es sobre os cookies das redes sociais ou de outros s\u00edtios Web externos, aconselhamos-te a consultar as suas pr\u00f3prias pol\u00edticas de cookies.<\/p>\n<p>Este s\u00edtio Web utiliza cookies da seguinte forma:<\/p>\n<ul style=\"list-style-type:disc;\">\n<li>Cookie Google ANALYTICS: Google ANALYTICS \u00e9 um servi\u00e7o gratuito fornecido pela Google Inc. e que recolhe informa\u00e7\u00f5es sobre as p\u00e1ginas Web consultadas, a que horas, que navegador Web, etc. Esta informa\u00e7\u00e3o \u00e9 depois enviada para os servidores da Google Inc. nos Estados Unidos.<\/li>\n<li>Cookies da aplica\u00e7\u00e3o &#8220;Add-this&#8221;: Add-this \u00e9 um servi\u00e7o gratuito que te permite partilhar p\u00e1ginas deste s\u00edtio Web por diferentes meios (e-mail, redes sociais, etc.). A Add-his recolhe informa\u00e7\u00f5es estat\u00edsticas sobre a tua navega\u00e7\u00e3o para fornecer publicidade adaptada aos teus h\u00e1bitos de navega\u00e7\u00e3o neste s\u00edtio Web ou noutro local.<\/li>\n<\/ul>\n<h3>QUE USO DAMOS AOS DIFERENTES TIPOS DE COOKIES?<\/h3>\n<p><strong>De acordo com o seu objetivo:<\/strong><\/p>\n<ul style=\"list-style-type:disc;\">\n<li>Cookies t\u00e9cnicos: Os cookies t\u00e9cnicos s\u00e3o aqueles que s\u00e3o essenciais e estritamente necess\u00e1rios para o correto funcionamento de um portal web e para a utiliza\u00e7\u00e3o das diferentes op\u00e7\u00f5es e servi\u00e7os que oferece. Por exemplo, as que se destinam \u00e0 manuten\u00e7\u00e3o da sess\u00e3o, \u00e0 gest\u00e3o do tempo de resposta, ao desempenho ou \u00e0 valida\u00e7\u00e3o de op\u00e7\u00f5es, \u00e0 utiliza\u00e7\u00e3o de elementos de seguran\u00e7a, \u00e0 partilha de conte\u00fados com as redes sociais, etc.<\/li>\n<li>Cookies de personaliza\u00e7\u00e3o: Estes cookies permitem ao utilizador especificar ou personalizar algumas caracter\u00edsticas das op\u00e7\u00f5es gerais do s\u00edtio Web, por exemplo, definir o idioma, a configura\u00e7\u00e3o regional ou o tipo de navegador.<\/li>\n<li>Cookies anal\u00edticos: Os cookies anal\u00edticos s\u00e3o aqueles utilizados pelo nosso portal web, para elaborar perfis de navega\u00e7\u00e3o e poder conhecer as prefer\u00eancias dos utilizadores do mesmo com o fim de melhorar a oferta de produtos e servi\u00e7os. Por exemplo, um cookie anal\u00edtico seria utilizado para monitorizar as \u00e1reas geogr\u00e1ficas de maior interesse para um utilizador, qual o produto mais popular, etc.<\/li>\n<li>Cookies de publicidade\/publicidade: Os cookies de publicidade permitem a gest\u00e3o de espa\u00e7os publicit\u00e1rios com base em crit\u00e9rios espec\u00edficos. Por exemplo, frequ\u00eancia de acesso, conte\u00fado editado, etc. Os cookies publicit\u00e1rios permitem \u00e0 gest\u00e3o da publicidade armazenar informa\u00e7\u00e3o comportamental atrav\u00e9s da observa\u00e7\u00e3o de h\u00e1bitos, estudando os acessos e formando um perfil das prefer\u00eancias do utilizador, para oferecer publicidade relacionada com os interesses do perfil do utilizador.<\/li>\n<\/ul>\n<p><strong>De acordo com o prazo:<\/strong><\/p>\n<ul style=\"list-style-type:disc;\">\n<li>Cookies de sess\u00e3o: Os cookies de sess\u00e3o s\u00e3o aqueles que duram o tempo em que o utilizador est\u00e1 a navegar no s\u00edtio Web e s\u00e3o eliminados no final da sess\u00e3o.<\/li>\n<li>Cookies persistentes: Estes cookies s\u00e3o armazenados no terminal do utilizador durante um per\u00edodo de tempo mais longo, facilitando o controlo das prefer\u00eancias escolhidas sem ter de repetir determinados par\u00e2metros de cada vez que se visita o s\u00edtio Web.<\/li>\n<\/ul>\n<p>Estes cookies devem cumprir o RGPD-UE-2016\/679, a LOPD-3\/2018, sobre a Garantia dos Direitos Digitais, e os regulamentos da LSSI-CE.<\/p>\n<h6><span style=\"text-decoration:underline;\">UTILIZA OS SEUS PR\u00d3PRIOS COOKIES:<\/span><\/h6>\n<p><strong>Alguns dos seguintes cookies foram permitidos quando visitaste este s\u00edtio:<\/strong><\/p>\n<table cellspacing=\"0\" border=\"1\">\n<tbody>\n<tr>\n<td style=\"text-align:center;\">\n  <strong>DOM\u00cdNIO<\/strong>\n<\/td>\n<td style=\"text-align:center;\">\n  <strong>COOKIE<\/strong>\n<\/td>\n<td style=\"text-align:center;\">\n  <strong>EMPRESA<\/strong>\n<\/td>\n<td style=\"text-align:center;\">\n  <strong>FUN\u00c7\u00c3O<\/strong>\n<\/td>\n<td style=\"text-align:center;\">\n  <strong>EXPIRA\u00c7\u00c3O<\/strong>\n<\/td>\n<\/tr>\n<tr>\n<td style=\"text-align:center;\">o teu nome \u00e9 buddhaseedbank.com<\/td>\n<td style=\"text-align:center;\">Como podes fazer isso?<\/td>\n<td style=\"text-align:center;\">Google<\/td>\n<td style=\"text-align:center;\">An\u00e1lises<\/td>\n<td style=\"text-align:center;\">2 anos<\/td>\n<\/tr>\n<tr>\n<td style=\"text-align:center;\"><\/td>\n<td style=\"text-align:center;\">_gid<\/td>\n<td style=\"text-align:center;\">Google<\/td>\n<td style=\"text-align:center;\">Anal\u00edtica<\/td>\n<td style=\"text-align:center;\">Sess\u00e3o<\/td>\n<\/tr>\n<tr>\n<td style=\"text-align:center;\"><\/td>\n<td style=\"text-align:center;\">PHPSESSID<\/td>\n<td style=\"text-align:center;\">Pr\u00f3prio<\/td>\n<td style=\"text-align:center;\">T\u00e9cnica<\/td>\n<td style=\"text-align:center;\">Sess\u00e3o<\/td>\n<\/tr>\n<tr>\n<td style=\"text-align:center;\"><\/td>\n<td style=\"text-align:center;\">PrestaShop<\/td>\n<td style=\"text-align:center;\">Pr\u00f3prio<\/td>\n<td style=\"text-align:center;\">T\u00e9cnica<\/td>\n<td style=\"text-align:center;\">1 m\u00eas<\/td>\n<\/tr>\n<\/tbody>\n<\/table>\n<h6><\/h6>\n<h6><span style=\"text-decoration:underline;\">COOKIES EXTERNOS EM USO:<\/span><\/h6>\n<p><strong>Alguns dos cookies utilizados:<\/strong><\/p>\n<table cellspacing=\"0\" border=\"1\">\n<tbody>\n<tr>\n<td style=\"text-align:center;\">\n  <strong>DOM\u00cdNIO<\/strong>\n<\/td>\n<td style=\"text-align:center;\">\n  <strong>COOKIE<\/strong>\n<\/td>\n<td style=\"text-align:center;\">\n  <strong>EMPRESA<\/strong>\n<\/td>\n<td style=\"text-align:center;\">\n  <strong>FUN\u00c7\u00c3O<\/strong>\n<\/td>\n<td style=\"text-align:center;\">\n  <strong>EXPIRA\u00c7\u00c3O<\/strong>\n<\/td>\n<\/tr>\n<tr>\n<td style=\"text-align:center;\"><\/td>\n<td style=\"text-align:center;\"><\/td>\n<td style=\"text-align:center;\"><\/td>\n<td style=\"text-align:center;\"><\/td>\n<td style=\"text-align:center;\"><\/td>\n<\/tr>\n<\/tbody>\n<\/table>\n<h3>PORQUE PRECISAMOS DO TEU CONSENTIMENTO EXPL\u00cdCITO PARA OS UTILIZAR?<\/h3>\n<blockquote>\n<p><strong><em><span style=\"text-decoration:underline;\">Ac\u00f3rd\u00e3o da Grande Sec\u00e7\u00e3o do Tribunal de Justi\u00e7a da Uni\u00e3o Europeia, 1 de outubro de 2019, e Orienta\u00e7\u00f5es da AEPD sobre a utiliza\u00e7\u00e3o de cookies, julho de 2020.<\/span><\/em><\/strong><\/p>\n<\/blockquote>\n<p>O ac\u00f3rd\u00e3o da Grande Sec\u00e7\u00e3o do Tribunal de Justi\u00e7a da Uni\u00e3o Europeia, de 1 de outubro de 2019, deve ser interpretado no sentido de que o consentimento n\u00e3o \u00e9 validamente dado quando o armazenamento de informa\u00e7\u00f5es ou o acesso a informa\u00e7\u00f5es j\u00e1 armazenadas no equipamento terminal do utilizador de um s\u00edtio Internet, atrav\u00e9s de cookies, \u00e9 autorizado por meio de uma caixa de sele\u00e7\u00e3o predefinida da qual o utilizador tem de retirar a sele\u00e7\u00e3o se pretender recusar a sua utiliza\u00e7\u00e3o. Neste sentido, a autoriza\u00e7\u00e3o deve basear-se no consentimento expl\u00edcito atrav\u00e9s de um controlo de aceita\u00e7\u00e3o expl\u00edcita, de um controlo de rejei\u00e7\u00e3o do utilizador e de um controlo para obter mais informa\u00e7\u00f5es sobre os cookies apresentados.<\/p>\n<p>Esta interpreta\u00e7\u00e3o n\u00e3o pode variar consoante as informa\u00e7\u00f5es armazenadas ou consultadas no terminal do utilizador de um s\u00edtio Internet sejam ou n\u00e3o constitu\u00eddas por dados pessoais.<\/p>\n<p>A Grande Sec\u00e7\u00e3o do Tribunal de Justi\u00e7a da Uni\u00e3o Europeia indica tamb\u00e9m neste ac\u00f3rd\u00e3o que as informa\u00e7\u00f5es que o prestador de servi\u00e7os deve fornecer ao utilizador de um s\u00edtio Internet devem incluir o per\u00edodo de tempo durante o qual os cookies permanecer\u00e3o activos e a possibilidade de terceiros acederem \u00e0s informa\u00e7\u00f5es neles armazenadas. Este requisito \u00e9 estabelecido na vers\u00e3o alterada pela Diretiva 2009\/136, que altera o n.\u00ba 3 do artigo 5.\u00ba da Diretiva 2002\/58\/UE, e pelas Orienta\u00e7\u00f5es da AEPD de julho de 2020.<\/p>\n<p>No que diz respeito \u00e0 possibilidade de o utilizador poder recusar a utiliza\u00e7\u00e3o de cookies, \u00e9 preciso ter em conta que, se recusares ou apagares os cookies de navega\u00e7\u00e3o na Internet, n\u00e3o poderemos manter as tuas prefer\u00eancias, algumas funcionalidades das p\u00e1ginas n\u00e3o estar\u00e3o operacionais, n\u00e3o poderemos oferecer-te servi\u00e7os personalizados e, cada vez que navegares no nosso s\u00edtio Web, teremos de te pedir novamente autoriza\u00e7\u00e3o para utilizar cookies.<\/p>\n<p>Se, mesmo assim, decidires modificar a configura\u00e7\u00e3o do teu acesso ao s\u00edtio Web, deves saber que \u00e9 poss\u00edvel apagar os cookies ou impedir que estas informa\u00e7\u00f5es sejam registadas no teu computador em qualquer momento, modificando os par\u00e2metros de configura\u00e7\u00e3o do teu navegador:<\/p>\n<ul style=\"list-style-type:disc;\">\n<li><a href=\"https:\/\/support.microsoft.com\/es-es\/windows\/eliminar-y-administrar-cookies-168dab11-0753-043d-7c16-ede5947fc64d\" target=\"_blank\" rel=\"noopener noreferrer nofollow\">Defini\u00e7\u00f5es de cookies do Internet Explorer.<\/a><\/li>\n<li><a href=\"https:\/\/support.mozilla.org\/es\/kb\/habilitar-y-deshabilitar-cookies-sitios-web-rastrear-preferencias\" target=\"_blank\" rel=\"noopener noreferrer nofollow\">Defini\u00e7\u00f5es de cookies do Firefox.<\/a><\/li>\n<li><a href=\"https:\/\/support.google.com\/chrome\/answer\/95647?co=GENIE.Platform%3DDesktop&amp;hl=es-419\" target=\"_blank\" rel=\"noopener noreferrer nofollow\">Defini\u00e7\u00f5es de cookies do Google Chrome.<\/a><\/li>\n<li><a href=\"https:\/\/support.apple.com\/es-es\/guide\/safari\/sfri11471\/mac\" target=\"_blank\" rel=\"noopener noreferrer nofollow\">Defini\u00e7\u00f5es de cookies do Safari.<\/a><\/li>\n<\/ul>\n<p>Estes navegadores est\u00e3o sujeitos a altera\u00e7\u00f5es ou modifica\u00e7\u00f5es, pelo que n\u00e3o podemos garantir que sejam totalmente compat\u00edveis com a vers\u00e3o do teu navegador. Tamb\u00e9m podes estar a utilizar outro navegador n\u00e3o abrangido por estas liga\u00e7\u00f5es, como o Konqueror, Arora, Flock, etc. Para evitar estas incompatibilidades, podes aceder-lhes diretamente a partir das op\u00e7\u00f5es do teu browser, normalmente encontradas no menu Op\u00e7\u00f5es, na sec\u00e7\u00e3o &#8220;Privacidade&#8221;. (Consulta a ajuda do teu browser para obteres mais informa\u00e7\u00f5es).<\/p>\n<h3>ONDE \u00c9 QUE POSSO OBTER MAIS INFORMA\u00c7\u00d5ES?<\/h3>\n<p>Podes encontrar mais informa\u00e7\u00f5es sobre cookies em:<\/p>\n<p>www.allaboutcookies.org ou www.youronlinechoices.com<\/p>\n","protected":false},"excerpt":{"rendered":"<p>O QUE S\u00c3O BOLACHAS? Os cookies s\u00e3o pequenos ficheiros de dados que s\u00e3o recebidos no terminal a partir do s\u00edtio Web visitado e que s\u00e3o utilizados para registar determinadas interac\u00e7\u00f5es de navega\u00e7\u00e3o num s\u00edtio Web, armazenando dados que podem ser actualizados e recuperados. Estes ficheiros s\u00e3o armazenados no computador do utilizador e cont\u00eam dados an\u00f3nimos [&hellip;]<\/p>\n","protected":false},"author":1,"featured_media":0,"parent":0,"menu_order":3,"comment_status":"open","ping_status":"open","template":"","meta":{"_joinchat":[],"footnotes":""},"class_list":["post-7345","page","type-page","status-publish","hentry"],"yoast_head":"<!-- This site is optimized with the Yoast SEO plugin v27.3 - https:\/\/yoast.com\/product\/yoast-seo-wordpress\/ -->\n<title>Pol\u00edtica de cookies<\/title>\n<meta name=\"description\" content=\"Pol\u00edtica de cookies\" \/>\n<meta name=\"robots\" content=\"noindex, follow\" \/>\n<meta property=\"og:locale\" content=\"pt_PT\" \/>\n<meta property=\"og:type\" content=\"article\" \/>\n<meta property=\"og:title\" content=\"Pol\u00edtica de cookies\" \/>\n<meta property=\"og:description\" content=\"Pol\u00edtica de cookies\" \/>\n<meta property=\"og:url\" content=\"https:\/\/buddhaseedbank.com\/pt-pt\/politica-de-cookies\/\" \/>\n<meta property=\"og:site_name\" content=\"Buddha Seeds\" \/>\n<meta name=\"twitter:card\" content=\"summary_large_image\" \/>\n<meta name=\"twitter:label1\" content=\"Tempo estimado de leitura\" \/>\n\t<meta name=\"twitter:data1\" content=\"7 minutos\" \/>\n<script type=\"application\/ld+json\" class=\"yoast-schema-graph\">{\"@context\":\"https:\\\/\\\/schema.org\",\"@graph\":[{\"@type\":\"WebPage\",\"@id\":\"https:\\\/\\\/buddhaseedbank.com\\\/pt-pt\\\/politica-de-cookies\\\/\",\"url\":\"https:\\\/\\\/buddhaseedbank.com\\\/pt-pt\\\/politica-de-cookies\\\/\",\"name\":\"Pol\u00edtica de cookies\",\"isPartOf\":{\"@id\":\"https:\\\/\\\/buddhaseedbank.com\\\/pt-pt\\\/#website\"},\"datePublished\":\"2020-10-21T08:18:56+00:00\",\"description\":\"Pol\u00edtica de cookies\",\"breadcrumb\":{\"@id\":\"https:\\\/\\\/buddhaseedbank.com\\\/pt-pt\\\/politica-de-cookies\\\/#breadcrumb\"},\"inLanguage\":\"pt-PT\",\"potentialAction\":[{\"@type\":\"ReadAction\",\"target\":[\"https:\\\/\\\/buddhaseedbank.com\\\/pt-pt\\\/politica-de-cookies\\\/\"]}]},{\"@type\":\"BreadcrumbList\",\"@id\":\"https:\\\/\\\/buddhaseedbank.com\\\/pt-pt\\\/politica-de-cookies\\\/#breadcrumb\",\"itemListElement\":[{\"@type\":\"ListItem\",\"position\":1,\"name\":\"Portada\",\"item\":\"https:\\\/\\\/buddhaseedbank.com\\\/pt-pt\\\/\"},{\"@type\":\"ListItem\",\"position\":2,\"name\":\"Pol\u00edtica de cookies\"}]},{\"@type\":\"WebSite\",\"@id\":\"https:\\\/\\\/buddhaseedbank.com\\\/pt-pt\\\/#website\",\"url\":\"https:\\\/\\\/buddhaseedbank.com\\\/pt-pt\\\/\",\"name\":\"Buddha Seeds\",\"description\":\"\",\"publisher\":{\"@id\":\"https:\\\/\\\/buddhaseedbank.com\\\/pt-pt\\\/#organization\"},\"potentialAction\":[{\"@type\":\"SearchAction\",\"target\":{\"@type\":\"EntryPoint\",\"urlTemplate\":\"https:\\\/\\\/buddhaseedbank.com\\\/pt-pt\\\/?s={search_term_string}\"},\"query-input\":{\"@type\":\"PropertyValueSpecification\",\"valueRequired\":true,\"valueName\":\"search_term_string\"}}],\"inLanguage\":\"pt-PT\"},{\"@type\":\"Organization\",\"@id\":\"https:\\\/\\\/buddhaseedbank.com\\\/pt-pt\\\/#organization\",\"name\":\"Buddha Seeds\",\"url\":\"https:\\\/\\\/buddhaseedbank.com\\\/pt-pt\\\/\",\"logo\":{\"@type\":\"ImageObject\",\"inLanguage\":\"pt-PT\",\"@id\":\"https:\\\/\\\/buddhaseedbank.com\\\/pt-pt\\\/#\\\/schema\\\/logo\\\/image\\\/\",\"url\":\"https:\\\/\\\/buddhaseedbank.com\\\/wp-content\\\/uploads\\\/2024\\\/04\\\/buddha-seeds-logo-1622448424-1.png\",\"contentUrl\":\"https:\\\/\\\/buddhaseedbank.com\\\/wp-content\\\/uploads\\\/2024\\\/04\\\/buddha-seeds-logo-1622448424-1.png\",\"width\":478,\"height\":200,\"caption\":\"Buddha Seeds\"},\"image\":{\"@id\":\"https:\\\/\\\/buddhaseedbank.com\\\/pt-pt\\\/#\\\/schema\\\/logo\\\/image\\\/\"}}]}<\/script>\n<!-- \/ Yoast SEO plugin. -->","yoast_head_json":{"title":"Pol\u00edtica de cookies","description":"Pol\u00edtica de cookies","robots":{"index":"noindex","follow":"follow"},"og_locale":"pt_PT","og_type":"article","og_title":"Pol\u00edtica de cookies","og_description":"Pol\u00edtica de cookies","og_url":"https:\/\/buddhaseedbank.com\/pt-pt\/politica-de-cookies\/","og_site_name":"Buddha Seeds","twitter_card":"summary_large_image","twitter_misc":{"Tempo estimado de leitura":"7 minutos"},"schema":{"@context":"https:\/\/schema.org","@graph":[{"@type":"WebPage","@id":"https:\/\/buddhaseedbank.com\/pt-pt\/politica-de-cookies\/","url":"https:\/\/buddhaseedbank.com\/pt-pt\/politica-de-cookies\/","name":"Pol\u00edtica de cookies","isPartOf":{"@id":"https:\/\/buddhaseedbank.com\/pt-pt\/#website"},"datePublished":"2020-10-21T08:18:56+00:00","description":"Pol\u00edtica de cookies","breadcrumb":{"@id":"https:\/\/buddhaseedbank.com\/pt-pt\/politica-de-cookies\/#breadcrumb"},"inLanguage":"pt-PT","potentialAction":[{"@type":"ReadAction","target":["https:\/\/buddhaseedbank.com\/pt-pt\/politica-de-cookies\/"]}]},{"@type":"BreadcrumbList","@id":"https:\/\/buddhaseedbank.com\/pt-pt\/politica-de-cookies\/#breadcrumb","itemListElement":[{"@type":"ListItem","position":1,"name":"Portada","item":"https:\/\/buddhaseedbank.com\/pt-pt\/"},{"@type":"ListItem","position":2,"name":"Pol\u00edtica de cookies"}]},{"@type":"WebSite","@id":"https:\/\/buddhaseedbank.com\/pt-pt\/#website","url":"https:\/\/buddhaseedbank.com\/pt-pt\/","name":"Buddha Seeds","description":"","publisher":{"@id":"https:\/\/buddhaseedbank.com\/pt-pt\/#organization"},"potentialAction":[{"@type":"SearchAction","target":{"@type":"EntryPoint","urlTemplate":"https:\/\/buddhaseedbank.com\/pt-pt\/?s={search_term_string}"},"query-input":{"@type":"PropertyValueSpecification","valueRequired":true,"valueName":"search_term_string"}}],"inLanguage":"pt-PT"},{"@type":"Organization","@id":"https:\/\/buddhaseedbank.com\/pt-pt\/#organization","name":"Buddha Seeds","url":"https:\/\/buddhaseedbank.com\/pt-pt\/","logo":{"@type":"ImageObject","inLanguage":"pt-PT","@id":"https:\/\/buddhaseedbank.com\/pt-pt\/#\/schema\/logo\/image\/","url":"https:\/\/buddhaseedbank.com\/wp-content\/uploads\/2024\/04\/buddha-seeds-logo-1622448424-1.png","contentUrl":"https:\/\/buddhaseedbank.com\/wp-content\/uploads\/2024\/04\/buddha-seeds-logo-1622448424-1.png","width":478,"height":200,"caption":"Buddha Seeds"},"image":{"@id":"https:\/\/buddhaseedbank.com\/pt-pt\/#\/schema\/logo\/image\/"}}]}},"_links":{"self":[{"href":"https:\/\/buddhaseedbank.com\/pt-pt\/wp-json\/wp\/v2\/pages\/7345","targetHints":{"allow":["GET"]}}],"collection":[{"href":"https:\/\/buddhaseedbank.com\/pt-pt\/wp-json\/wp\/v2\/pages"}],"about":[{"href":"https:\/\/buddhaseedbank.com\/pt-pt\/wp-json\/wp\/v2\/types\/page"}],"author":[{"embeddable":true,"href":"https:\/\/buddhaseedbank.com\/pt-pt\/wp-json\/wp\/v2\/users\/1"}],"replies":[{"embeddable":true,"href":"https:\/\/buddhaseedbank.com\/pt-pt\/wp-json\/wp\/v2\/comments?post=7345"}],"version-history":[{"count":0,"href":"https:\/\/buddhaseedbank.com\/pt-pt\/wp-json\/wp\/v2\/pages\/7345\/revisions"}],"wp:attachment":[{"href":"https:\/\/buddhaseedbank.com\/pt-pt\/wp-json\/wp\/v2\/media?parent=7345"}],"curies":[{"name":"wp","href":"https:\/\/api.w.org\/{rel}","templated":true}]}}