{"id":7746,"date":"2024-04-23T14:28:13","date_gmt":"2024-04-23T12:28:13","guid":{"rendered":"https:\/\/buddhaseedbank.com\/sobre-nos\/"},"modified":"2025-04-29T17:00:23","modified_gmt":"2025-04-29T15:00:23","slug":"sobre-nos","status":"publish","type":"page","link":"https:\/\/buddhaseedbank.com\/pt-pt\/sobre-nos\/","title":{"rendered":"Sobre n\u00f3s"},"content":{"rendered":"\t\t<div data-elementor-type=\"wp-page\" data-elementor-id=\"7746\" class=\"elementor elementor-7746 elementor-5212\" wpc-filter-elementor-widget=\"1\" data-elementor-post-type=\"page\">\n\t\t\t\t<div class=\"elementor-element elementor-element-79c89ca4 e-flex e-con-boxed e-con e-parent\" data-id=\"79c89ca4\" data-element_type=\"container\" data-e-type=\"container\">\n\t\t\t\t\t<div class=\"e-con-inner\">\n\t\t<div class=\"elementor-element elementor-element-6cf09969 e-con-full e-flex e-con e-child\" data-id=\"6cf09969\" data-element_type=\"container\" data-e-type=\"container\">\n\t\t\t\t<div class=\"elementor-element elementor-element-759c21a9 elementor-widget-mobile__width-initial elementor-widget elementor-widget-image\" data-id=\"759c21a9\" data-element_type=\"widget\" data-e-type=\"widget\" data-settings=\"{&quot;motion_fx_motion_fx_scrolling&quot;:&quot;yes&quot;,&quot;motion_fx_translateY_effect&quot;:&quot;yes&quot;,&quot;motion_fx_translateY_speed&quot;:{&quot;unit&quot;:&quot;px&quot;,&quot;size&quot;:1,&quot;sizes&quot;:[]},&quot;motion_fx_devices&quot;:[&quot;desktop&quot;,&quot;tablet&quot;],&quot;motion_fx_translateY_affectedRange&quot;:{&quot;unit&quot;:&quot;%&quot;,&quot;size&quot;:&quot;&quot;,&quot;sizes&quot;:{&quot;start&quot;:0,&quot;end&quot;:100}}}\" data-widget_type=\"image.default\">\n\t\t\t\t<div class=\"elementor-widget-container\">\n\t\t\t\t\t\t\t\t\t\t\t\t\t\t\t<img fetchpriority=\"high\" decoding=\"async\" width=\"900\" height=\"590\" src=\"https:\/\/buddhaseedbank.com\/wp-content\/uploads\/2024\/04\/TECNICAS_BUDDHA3.jpg\" class=\"attachment-full size-full wp-image-7748\" alt=\"mejores semillas de cannabis\" srcset=\"https:\/\/buddhaseedbank.com\/wp-content\/uploads\/2024\/04\/TECNICAS_BUDDHA3.jpg 900w, https:\/\/buddhaseedbank.com\/wp-content\/uploads\/2024\/04\/TECNICAS_BUDDHA3-300x197.jpg 300w, https:\/\/buddhaseedbank.com\/wp-content\/uploads\/2024\/04\/TECNICAS_BUDDHA3-768x503.jpg 768w, https:\/\/buddhaseedbank.com\/wp-content\/uploads\/2024\/04\/TECNICAS_BUDDHA3-600x393.jpg 600w\" sizes=\"(max-width: 900px) 100vw, 900px\" \/>\t\t\t\t\t\t\t\t\t\t\t\t\t\t\t<\/div>\n\t\t\t\t<\/div>\n\t\t\t\t<div class=\"elementor-element elementor-element-35139c67 elementor-widget-mobile__width-initial elementor-widget elementor-widget-image\" data-id=\"35139c67\" data-element_type=\"widget\" data-e-type=\"widget\" data-settings=\"{&quot;motion_fx_motion_fx_scrolling&quot;:&quot;yes&quot;,&quot;motion_fx_translateY_effect&quot;:&quot;yes&quot;,&quot;motion_fx_translateY_direction&quot;:&quot;negative&quot;,&quot;motion_fx_translateY_speed&quot;:{&quot;unit&quot;:&quot;px&quot;,&quot;size&quot;:1,&quot;sizes&quot;:[]},&quot;motion_fx_devices&quot;:[&quot;desktop&quot;,&quot;tablet&quot;],&quot;motion_fx_translateY_affectedRange&quot;:{&quot;unit&quot;:&quot;%&quot;,&quot;size&quot;:&quot;&quot;,&quot;sizes&quot;:{&quot;start&quot;:0,&quot;end&quot;:100}}}\" data-widget_type=\"image.default\">\n\t\t\t\t<div class=\"elementor-widget-container\">\n\t\t\t\t\t\t\t\t\t\t\t\t\t\t\t<img decoding=\"async\" width=\"800\" height=\"887\" src=\"https:\/\/buddhaseedbank.com\/wp-content\/uploads\/2024\/04\/TECNICAS_BUDDHA1.jpg\" class=\"attachment-large size-large wp-image-7747\" alt=\"mejores semillas de cannabis\" srcset=\"https:\/\/buddhaseedbank.com\/wp-content\/uploads\/2024\/04\/TECNICAS_BUDDHA1.jpg 800w, https:\/\/buddhaseedbank.com\/wp-content\/uploads\/2024\/04\/TECNICAS_BUDDHA1-271x300.jpg 271w, https:\/\/buddhaseedbank.com\/wp-content\/uploads\/2024\/04\/TECNICAS_BUDDHA1-768x852.jpg 768w, https:\/\/buddhaseedbank.com\/wp-content\/uploads\/2024\/04\/TECNICAS_BUDDHA1-600x665.jpg 600w\" sizes=\"(max-width: 800px) 100vw, 800px\" \/>\t\t\t\t\t\t\t\t\t\t\t\t\t\t\t<\/div>\n\t\t\t\t<\/div>\n\t\t\t\t<\/div>\n\t\t<div class=\"elementor-element elementor-element-5035c736 e-con-full e-flex e-con e-child\" data-id=\"5035c736\" data-element_type=\"container\" data-e-type=\"container\">\n\t\t\t\t<div class=\"elementor-element elementor-element-3d4db729 elementor-invisible elementor-widget elementor-widget-heading\" data-id=\"3d4db729\" data-element_type=\"widget\" data-e-type=\"widget\" data-settings=\"{&quot;_animation&quot;:&quot;fadeIn&quot;}\" data-widget_type=\"heading.default\">\n\t\t\t\t<div class=\"elementor-widget-container\">\n\t\t\t\t\t<h1 class=\"elementor-heading-title elementor-size-default\">Sobre n\u00f3s<\/h1>\t\t\t\t<\/div>\n\t\t\t\t<\/div>\n\t\t\t\t<div class=\"elementor-element elementor-element-195c430e elementor-invisible elementor-widget elementor-widget-text-editor\" data-id=\"195c430e\" data-element_type=\"widget\" data-e-type=\"widget\" data-settings=\"{&quot;_animation&quot;:&quot;fadeIn&quot;,&quot;_animation_delay&quot;:200}\" data-widget_type=\"text-editor.default\">\n\t\t\t\t<div class=\"elementor-widget-container\">\n\t\t\t\t\t\t\t\t\t<p>Buddha Seeds \u00e9 uma marca espanhola com mais de 15 anos de experi\u00eancia no sector da can\u00e1bis.<br \/>\nBuddha Seeds centra os seus esfor\u00e7os no melhoramento gen\u00e9tico para produzir e manter as suas variedades em posi\u00e7\u00f5es muito destacadas no mercado. <\/p>\n<p>Por detr\u00e1s de cada variedade h\u00e1 um grande trabalho de sele\u00e7\u00e3o e estabiliza\u00e7\u00e3o de caracter\u00edsticas desej\u00e1veis, bem como controlos de qualidade exaustivos para garantir o sucesso, desde a germina\u00e7\u00e3o at\u00e9 \u00e0 colheita.<br \/>\nEste trabalho mereceu o respeito e a confian\u00e7a de milhares de cultivadores em todo o mundo.<br \/>\nDe facto, muitas das variedades que hoje se encontram no mercado prov\u00eam das primeiras sementes deste banco.  <\/p>\n<p>Tudo isto fez com que a Buddha Seeds fosse reconhecida mundialmente como um banco de sementes de topo.<\/p>\n\t\t\t\t\t\t\t\t<\/div>\n\t\t\t\t<\/div>\n\t\t\t\t<\/div>\n\t\t\t\t\t<\/div>\n\t\t\t\t<\/div>\n\t\t<div class=\"elementor-element elementor-element-7a44fbb1 e-flex e-con-boxed e-con e-parent\" data-id=\"7a44fbb1\" data-element_type=\"container\" data-e-type=\"container\" data-settings=\"{&quot;background_background&quot;:&quot;classic&quot;}\">\n\t\t\t\t\t<div class=\"e-con-inner\">\n\t\t<div class=\"elementor-element elementor-element-76ed060e e-con-full e-flex e-con e-child\" data-id=\"76ed060e\" data-element_type=\"container\" data-e-type=\"container\">\n\t\t\t\t<div class=\"elementor-element elementor-element-73bc8779 elementor-invisible elementor-widget elementor-widget-heading\" data-id=\"73bc8779\" data-element_type=\"widget\" data-e-type=\"widget\" data-settings=\"{&quot;_animation&quot;:&quot;fadeIn&quot;}\" data-widget_type=\"heading.default\">\n\t\t\t\t<div class=\"elementor-widget-container\">\n\t\t\t\t\t<h2 class=\"elementor-heading-title elementor-size-default\">Investiga\u00e7\u00e3o e desenvolvimento<\/h2>\t\t\t\t<\/div>\n\t\t\t\t<\/div>\n\t\t\t\t<div class=\"elementor-element elementor-element-1ca15cec elementor-invisible elementor-widget elementor-widget-text-editor\" data-id=\"1ca15cec\" data-element_type=\"widget\" data-e-type=\"widget\" data-settings=\"{&quot;_animation&quot;:&quot;fadeIn&quot;,&quot;_animation_delay&quot;:200}\" data-widget_type=\"text-editor.default\">\n\t\t\t\t<div class=\"elementor-widget-container\">\n\t\t\t\t\t\t\t\t\t<p>A equipa multidisciplinar da Buddha Seeds \u00e9 composta por agr\u00f3nomos e biotecn\u00f3logos que aplicam as tecnologias mais sofisticadas, como a cromatografia gasosa e a sequencia\u00e7\u00e3o gen\u00e9tica, para analisar as plantas, tanto ao n\u00edvel do gen\u00f3tipo como do fen\u00f3tipo.<\/p>\n<p>Destaca-se o desenvolvimento de uma metodologia para caraterizar os genes que codificam as enzimas respons\u00e1veis pela s\u00edntese de canabin\u00f3ides.<\/p>\n\t\t\t\t\t\t\t\t<\/div>\n\t\t\t\t<\/div>\n\t\t\t\t<\/div>\n\t\t<div class=\"elementor-element elementor-element-4fe796fe e-con-full e-flex e-con e-child\" data-id=\"4fe796fe\" data-element_type=\"container\" data-e-type=\"container\" data-settings=\"{&quot;background_background&quot;:&quot;classic&quot;}\">\n\t\t\t\t<\/div>\n\t\t\t\t\t<\/div>\n\t\t\t\t<\/div>\n\t\t<div class=\"elementor-element elementor-element-8907925 e-flex e-con-boxed e-con e-parent\" data-id=\"8907925\" data-element_type=\"container\" data-e-type=\"container\" data-settings=\"{&quot;background_background&quot;:&quot;classic&quot;}\">\n\t\t\t\t\t<div class=\"e-con-inner\">\n\t\t<div class=\"elementor-element elementor-element-7e2a8cce e-con-full e-flex e-con e-child\" data-id=\"7e2a8cce\" data-element_type=\"container\" data-e-type=\"container\">\n\t\t\t\t<div class=\"elementor-element elementor-element-4aac7609 elementor-invisible elementor-widget elementor-widget-image\" data-id=\"4aac7609\" data-element_type=\"widget\" data-e-type=\"widget\" data-settings=\"{&quot;_animation&quot;:&quot;fadeIn&quot;}\" data-widget_type=\"image.default\">\n\t\t\t\t<div class=\"elementor-widget-container\">\n\t\t\t\t\t\t\t\t\t\t\t\t\t\t\t<img decoding=\"async\" width=\"800\" height=\"551\" src=\"https:\/\/buddhaseedbank.com\/wp-content\/uploads\/2024\/04\/TECNICAS_BUDDHA6.jpg\" class=\"attachment-large size-large wp-image-7751\" alt=\"mejores semillas de cannabis\" srcset=\"https:\/\/buddhaseedbank.com\/wp-content\/uploads\/2024\/04\/TECNICAS_BUDDHA6.jpg 800w, https:\/\/buddhaseedbank.com\/wp-content\/uploads\/2024\/04\/TECNICAS_BUDDHA6-300x207.jpg 300w, https:\/\/buddhaseedbank.com\/wp-content\/uploads\/2024\/04\/TECNICAS_BUDDHA6-768x529.jpg 768w, https:\/\/buddhaseedbank.com\/wp-content\/uploads\/2024\/04\/TECNICAS_BUDDHA6-600x413.jpg 600w\" sizes=\"(max-width: 800px) 100vw, 800px\" \/>\t\t\t\t\t\t\t\t\t\t\t\t\t\t\t<\/div>\n\t\t\t\t<\/div>\n\t\t\t\t<div class=\"elementor-element elementor-element-53249df9 elementor-widget__width-auto elementor-absolute elementor-invisible elementor-widget elementor-widget-image\" data-id=\"53249df9\" data-element_type=\"widget\" data-e-type=\"widget\" data-settings=\"{&quot;_position&quot;:&quot;absolute&quot;,&quot;_animation&quot;:&quot;fadeIn&quot;,&quot;_animation_delay&quot;:200}\" data-widget_type=\"image.default\">\n\t\t\t\t<div class=\"elementor-widget-container\">\n\t\t\t\t\t\t\t\t\t\t\t\t\t\t\t<img decoding=\"async\" src=\"https:\/\/buddhaseedbank.com\/wp-content\/uploads\/2024\/04\/TECNICAS_BUDDHA5-1.jpg\" title=\"\" alt=\"\" loading=\"lazy\" \/>\t\t\t\t\t\t\t\t\t\t\t\t\t\t\t<\/div>\n\t\t\t\t<\/div>\n\t\t\t\t<\/div>\n\t\t<div class=\"elementor-element elementor-element-213ca6fc e-con-full e-flex e-con e-child\" data-id=\"213ca6fc\" data-element_type=\"container\" data-e-type=\"container\">\n\t\t\t\t<div class=\"elementor-element elementor-element-e196d0b elementor-widget elementor-widget-heading\" data-id=\"e196d0b\" data-element_type=\"widget\" data-e-type=\"widget\" data-widget_type=\"heading.default\">\n\t\t\t\t<div class=\"elementor-widget-container\">\n\t\t\t\t\t<h2 class=\"elementor-heading-title elementor-size-default\">Inova\u00e7\u00e3o ao servi\u00e7o da qualidade\n<\/h2>\t\t\t\t<\/div>\n\t\t\t\t<\/div>\n\t\t\t\t<div class=\"elementor-element elementor-element-317271e elementor-widget elementor-widget-text-editor\" data-id=\"317271e\" data-element_type=\"widget\" data-e-type=\"widget\" data-widget_type=\"text-editor.default\">\n\t\t\t\t<div class=\"elementor-widget-container\">\n\t\t\t\t\t\t\t\t\t<p>Na Buddha Seeds orgulhamo-nos de ter possivelmente o melhor departamento de investiga\u00e7\u00e3o da Europa. A utiliza\u00e7\u00e3o de t\u00e9cnicas de ponta como: a sele\u00e7\u00e3o assistida por marcadores gen\u00e9ticos moleculares, a an\u00e1lise de canabin\u00f3ides e terpenos por cromatografia gasosa com detetor de ioniza\u00e7\u00e3o de chama, o desenvolvimento, a propaga\u00e7\u00e3o e a manuten\u00e7\u00e3o da gen\u00e9tica in vitro e a obten\u00e7\u00e3o e carateriza\u00e7\u00e3o de indiv\u00edduos polipl\u00f3ides t\u00eam como objetivo oferecer ao cultivador de can\u00e1bis indiv\u00edduos com grande vigor vegetativo e elevado teor de canabin\u00f3ides.<\/p>\n\t\t\t\t\t\t\t\t<\/div>\n\t\t\t\t<\/div>\n\t\t\t\t<\/div>\n\t\t\t\t\t<\/div>\n\t\t\t\t<\/div>\n\t\t\t\t<\/div>\n\t\t","protected":false},"excerpt":{"rendered":"<p>Sobre n\u00f3s Buddha Seeds \u00e9 uma marca espanhola com mais de 15 anos de experi\u00eancia no sector da can\u00e1bis. Buddha Seeds centra os seus esfor\u00e7os no melhoramento gen\u00e9tico para produzir e manter as suas variedades em posi\u00e7\u00f5es muito destacadas no mercado. Por detr\u00e1s de cada variedade h\u00e1 um grande trabalho de sele\u00e7\u00e3o e estabiliza\u00e7\u00e3o de [&hellip;]<\/p>\n","protected":false},"author":1,"featured_media":0,"parent":0,"menu_order":0,"comment_status":"closed","ping_status":"closed","template":"elementor_header_footer","meta":{"_joinchat":[],"footnotes":""},"class_list":["post-7746","page","type-page","status-publish","hentry"],"yoast_head":"<!-- This site is optimized with the Yoast SEO plugin v27.3 - https:\/\/yoast.com\/product\/yoast-seo-wordpress\/ -->\n<title>melhores sementes de can\u00e1bis<\/title>\n<meta name=\"description\" content=\"Compre sementes de can\u00e1bis de alta qualidade. A Buddha Seeds \u00e9 o melhor banco de sementes de can\u00e1bis autoflorescentes e fotodependentes.\" \/>\n<meta name=\"robots\" content=\"index, follow, max-snippet:-1, max-image-preview:large, max-video-preview:-1\" \/>\n<link rel=\"canonical\" href=\"https:\/\/buddhaseedbank.com\/pt-pt\/sobre-nos\/\" \/>\n<meta property=\"og:locale\" content=\"pt_PT\" \/>\n<meta property=\"og:type\" content=\"article\" \/>\n<meta property=\"og:title\" content=\"melhores sementes de can\u00e1bis\" \/>\n<meta property=\"og:description\" content=\"Compre sementes de can\u00e1bis de alta qualidade. A Buddha Seeds \u00e9 o melhor banco de sementes de can\u00e1bis autoflorescentes e fotodependentes.\" \/>\n<meta property=\"og:url\" content=\"https:\/\/buddhaseedbank.com\/pt-pt\/sobre-nos\/\" \/>\n<meta property=\"og:site_name\" content=\"Buddha Seeds\" \/>\n<meta property=\"article:modified_time\" content=\"2025-04-29T15:00:23+00:00\" \/>\n<meta property=\"og:image\" content=\"https:\/\/buddhaseedbank.com\/wp-content\/uploads\/2024\/04\/TECNICAS_BUDDHA3.jpg\" \/>\n<meta name=\"twitter:card\" content=\"summary_large_image\" \/>\n<meta name=\"twitter:label1\" content=\"Tempo estimado de leitura\" \/>\n\t<meta name=\"twitter:data1\" content=\"3 minutos\" \/>\n<script type=\"application\/ld+json\" class=\"yoast-schema-graph\">{\"@context\":\"https:\\\/\\\/schema.org\",\"@graph\":[{\"@type\":\"WebPage\",\"@id\":\"https:\\\/\\\/buddhaseedbank.com\\\/pt-pt\\\/sobre-nos\\\/\",\"url\":\"https:\\\/\\\/buddhaseedbank.com\\\/pt-pt\\\/sobre-nos\\\/\",\"name\":\"melhores sementes de can\u00e1bis\",\"isPartOf\":{\"@id\":\"https:\\\/\\\/buddhaseedbank.com\\\/pt-pt\\\/#website\"},\"primaryImageOfPage\":{\"@id\":\"https:\\\/\\\/buddhaseedbank.com\\\/pt-pt\\\/sobre-nos\\\/#primaryimage\"},\"image\":{\"@id\":\"https:\\\/\\\/buddhaseedbank.com\\\/pt-pt\\\/sobre-nos\\\/#primaryimage\"},\"thumbnailUrl\":\"https:\\\/\\\/buddhaseedbank.com\\\/wp-content\\\/uploads\\\/2024\\\/04\\\/TECNICAS_BUDDHA3.jpg\",\"datePublished\":\"2024-04-23T12:28:13+00:00\",\"dateModified\":\"2025-04-29T15:00:23+00:00\",\"description\":\"Compre sementes de can\u00e1bis de alta qualidade. A Buddha Seeds \u00e9 o melhor banco de sementes de can\u00e1bis autoflorescentes e fotodependentes.\",\"breadcrumb\":{\"@id\":\"https:\\\/\\\/buddhaseedbank.com\\\/pt-pt\\\/sobre-nos\\\/#breadcrumb\"},\"inLanguage\":\"pt-PT\",\"potentialAction\":[{\"@type\":\"ReadAction\",\"target\":[\"https:\\\/\\\/buddhaseedbank.com\\\/pt-pt\\\/sobre-nos\\\/\"]}]},{\"@type\":\"ImageObject\",\"inLanguage\":\"pt-PT\",\"@id\":\"https:\\\/\\\/buddhaseedbank.com\\\/pt-pt\\\/sobre-nos\\\/#primaryimage\",\"url\":\"https:\\\/\\\/buddhaseedbank.com\\\/wp-content\\\/uploads\\\/2024\\\/04\\\/TECNICAS_BUDDHA3.jpg\",\"contentUrl\":\"https:\\\/\\\/buddhaseedbank.com\\\/wp-content\\\/uploads\\\/2024\\\/04\\\/TECNICAS_BUDDHA3.jpg\"},{\"@type\":\"BreadcrumbList\",\"@id\":\"https:\\\/\\\/buddhaseedbank.com\\\/pt-pt\\\/sobre-nos\\\/#breadcrumb\",\"itemListElement\":[{\"@type\":\"ListItem\",\"position\":1,\"name\":\"Portada\",\"item\":\"https:\\\/\\\/buddhaseedbank.com\\\/pt-pt\\\/\"},{\"@type\":\"ListItem\",\"position\":2,\"name\":\"Sobre n\u00f3s\"}]},{\"@type\":\"WebSite\",\"@id\":\"https:\\\/\\\/buddhaseedbank.com\\\/pt-pt\\\/#website\",\"url\":\"https:\\\/\\\/buddhaseedbank.com\\\/pt-pt\\\/\",\"name\":\"Buddha Seeds\",\"description\":\"\",\"publisher\":{\"@id\":\"https:\\\/\\\/buddhaseedbank.com\\\/pt-pt\\\/#organization\"},\"potentialAction\":[{\"@type\":\"SearchAction\",\"target\":{\"@type\":\"EntryPoint\",\"urlTemplate\":\"https:\\\/\\\/buddhaseedbank.com\\\/pt-pt\\\/?s={search_term_string}\"},\"query-input\":{\"@type\":\"PropertyValueSpecification\",\"valueRequired\":true,\"valueName\":\"search_term_string\"}}],\"inLanguage\":\"pt-PT\"},{\"@type\":\"Organization\",\"@id\":\"https:\\\/\\\/buddhaseedbank.com\\\/pt-pt\\\/#organization\",\"name\":\"Buddha Seeds\",\"url\":\"https:\\\/\\\/buddhaseedbank.com\\\/pt-pt\\\/\",\"logo\":{\"@type\":\"ImageObject\",\"inLanguage\":\"pt-PT\",\"@id\":\"https:\\\/\\\/buddhaseedbank.com\\\/pt-pt\\\/#\\\/schema\\\/logo\\\/image\\\/\",\"url\":\"https:\\\/\\\/buddhaseedbank.com\\\/wp-content\\\/uploads\\\/2024\\\/04\\\/buddha-seeds-logo-1622448424-1.png\",\"contentUrl\":\"https:\\\/\\\/buddhaseedbank.com\\\/wp-content\\\/uploads\\\/2024\\\/04\\\/buddha-seeds-logo-1622448424-1.png\",\"width\":478,\"height\":200,\"caption\":\"Buddha Seeds\"},\"image\":{\"@id\":\"https:\\\/\\\/buddhaseedbank.com\\\/pt-pt\\\/#\\\/schema\\\/logo\\\/image\\\/\"}}]}<\/script>\n<!-- \/ Yoast SEO plugin. -->","yoast_head_json":{"title":"melhores sementes de can\u00e1bis","description":"Compre sementes de can\u00e1bis de alta qualidade. A Buddha Seeds \u00e9 o melhor banco de sementes de can\u00e1bis autoflorescentes e fotodependentes.","robots":{"index":"index","follow":"follow","max-snippet":"max-snippet:-1","max-image-preview":"max-image-preview:large","max-video-preview":"max-video-preview:-1"},"canonical":"https:\/\/buddhaseedbank.com\/pt-pt\/sobre-nos\/","og_locale":"pt_PT","og_type":"article","og_title":"melhores sementes de can\u00e1bis","og_description":"Compre sementes de can\u00e1bis de alta qualidade. A Buddha Seeds \u00e9 o melhor banco de sementes de can\u00e1bis autoflorescentes e fotodependentes.","og_url":"https:\/\/buddhaseedbank.com\/pt-pt\/sobre-nos\/","og_site_name":"Buddha Seeds","article_modified_time":"2025-04-29T15:00:23+00:00","og_image":[{"url":"https:\/\/buddhaseedbank.com\/wp-content\/uploads\/2024\/04\/TECNICAS_BUDDHA3.jpg","type":"","width":"","height":""}],"twitter_card":"summary_large_image","twitter_misc":{"Tempo estimado de leitura":"3 minutos"},"schema":{"@context":"https:\/\/schema.org","@graph":[{"@type":"WebPage","@id":"https:\/\/buddhaseedbank.com\/pt-pt\/sobre-nos\/","url":"https:\/\/buddhaseedbank.com\/pt-pt\/sobre-nos\/","name":"melhores sementes de can\u00e1bis","isPartOf":{"@id":"https:\/\/buddhaseedbank.com\/pt-pt\/#website"},"primaryImageOfPage":{"@id":"https:\/\/buddhaseedbank.com\/pt-pt\/sobre-nos\/#primaryimage"},"image":{"@id":"https:\/\/buddhaseedbank.com\/pt-pt\/sobre-nos\/#primaryimage"},"thumbnailUrl":"https:\/\/buddhaseedbank.com\/wp-content\/uploads\/2024\/04\/TECNICAS_BUDDHA3.jpg","datePublished":"2024-04-23T12:28:13+00:00","dateModified":"2025-04-29T15:00:23+00:00","description":"Compre sementes de can\u00e1bis de alta qualidade. A Buddha Seeds \u00e9 o melhor banco de sementes de can\u00e1bis autoflorescentes e fotodependentes.","breadcrumb":{"@id":"https:\/\/buddhaseedbank.com\/pt-pt\/sobre-nos\/#breadcrumb"},"inLanguage":"pt-PT","potentialAction":[{"@type":"ReadAction","target":["https:\/\/buddhaseedbank.com\/pt-pt\/sobre-nos\/"]}]},{"@type":"ImageObject","inLanguage":"pt-PT","@id":"https:\/\/buddhaseedbank.com\/pt-pt\/sobre-nos\/#primaryimage","url":"https:\/\/buddhaseedbank.com\/wp-content\/uploads\/2024\/04\/TECNICAS_BUDDHA3.jpg","contentUrl":"https:\/\/buddhaseedbank.com\/wp-content\/uploads\/2024\/04\/TECNICAS_BUDDHA3.jpg"},{"@type":"BreadcrumbList","@id":"https:\/\/buddhaseedbank.com\/pt-pt\/sobre-nos\/#breadcrumb","itemListElement":[{"@type":"ListItem","position":1,"name":"Portada","item":"https:\/\/buddhaseedbank.com\/pt-pt\/"},{"@type":"ListItem","position":2,"name":"Sobre n\u00f3s"}]},{"@type":"WebSite","@id":"https:\/\/buddhaseedbank.com\/pt-pt\/#website","url":"https:\/\/buddhaseedbank.com\/pt-pt\/","name":"Buddha Seeds","description":"","publisher":{"@id":"https:\/\/buddhaseedbank.com\/pt-pt\/#organization"},"potentialAction":[{"@type":"SearchAction","target":{"@type":"EntryPoint","urlTemplate":"https:\/\/buddhaseedbank.com\/pt-pt\/?s={search_term_string}"},"query-input":{"@type":"PropertyValueSpecification","valueRequired":true,"valueName":"search_term_string"}}],"inLanguage":"pt-PT"},{"@type":"Organization","@id":"https:\/\/buddhaseedbank.com\/pt-pt\/#organization","name":"Buddha Seeds","url":"https:\/\/buddhaseedbank.com\/pt-pt\/","logo":{"@type":"ImageObject","inLanguage":"pt-PT","@id":"https:\/\/buddhaseedbank.com\/pt-pt\/#\/schema\/logo\/image\/","url":"https:\/\/buddhaseedbank.com\/wp-content\/uploads\/2024\/04\/buddha-seeds-logo-1622448424-1.png","contentUrl":"https:\/\/buddhaseedbank.com\/wp-content\/uploads\/2024\/04\/buddha-seeds-logo-1622448424-1.png","width":478,"height":200,"caption":"Buddha Seeds"},"image":{"@id":"https:\/\/buddhaseedbank.com\/pt-pt\/#\/schema\/logo\/image\/"}}]}},"_links":{"self":[{"href":"https:\/\/buddhaseedbank.com\/pt-pt\/wp-json\/wp\/v2\/pages\/7746","targetHints":{"allow":["GET"]}}],"collection":[{"href":"https:\/\/buddhaseedbank.com\/pt-pt\/wp-json\/wp\/v2\/pages"}],"about":[{"href":"https:\/\/buddhaseedbank.com\/pt-pt\/wp-json\/wp\/v2\/types\/page"}],"author":[{"embeddable":true,"href":"https:\/\/buddhaseedbank.com\/pt-pt\/wp-json\/wp\/v2\/users\/1"}],"replies":[{"embeddable":true,"href":"https:\/\/buddhaseedbank.com\/pt-pt\/wp-json\/wp\/v2\/comments?post=7746"}],"version-history":[{"count":2,"href":"https:\/\/buddhaseedbank.com\/pt-pt\/wp-json\/wp\/v2\/pages\/7746\/revisions"}],"predecessor-version":[{"id":11894,"href":"https:\/\/buddhaseedbank.com\/pt-pt\/wp-json\/wp\/v2\/pages\/7746\/revisions\/11894"}],"wp:attachment":[{"href":"https:\/\/buddhaseedbank.com\/pt-pt\/wp-json\/wp\/v2\/media?parent=7746"}],"curies":[{"name":"wp","href":"https:\/\/api.w.org\/{rel}","templated":true}]}}