{"id":7347,"date":"2020-10-22T12:08:23","date_gmt":"2020-10-22T10:08:23","guid":{"rendered":"https:\/\/buddhaseedbank.com\/producto\/buda-vesta-auto\/"},"modified":"2025-10-21T12:22:01","modified_gmt":"2025-10-21T10:22:01","slug":"buddha-vesta-auto","status":"publish","type":"product","link":"https:\/\/buddhaseedbank.com\/pt-pt\/producto\/buddha-vesta-auto\/","title":{"rendered":"Buddha Vesta Auto"},"content":{"rendered":"<p style=\"text-align: justify;\">A Vesta \u00e9 uma h\u00edbrida autoflorescente desenvolvida pela Buddha Seeds entre duas linhas americanas e europeias bem conhecidas. Destaca-se pelo seu vigor, atingindo um tamanho m\u00e9dio-grande, onde domina o bot\u00e3o central, pesado e coberto de resina arom\u00e1tica. A estrutura desta planta abre-se em m\u00faltiplos ramos produtivos, que acabam cobertos de bot\u00f5es duros, compactos e resinosos.<\/p>\n<p style=\"text-align: justify;\">A Vesta \u00e9 uma variedade f\u00e1cil de cultivar e resistente, adequada tanto para cultivadores experientes que procuram plantas de qualidade superior como para cultivadores de can\u00e1bis inexperientes que precisam de plantas resistentes e tolerantes ao stress.<\/p>\n<p style=\"text-align: justify;\">\u00c9 um verdadeiro deleite para o paladar, reunindo o melhor das duas linhas dos dois continentes. A linha europeia apresenta o primeiro sabor c\u00edtrico frutado entre a toranja e a tangerina. Por outro lado, a linha americana d\u00e1-lhe um sabor amargo que se prolonga na garganta, mesmo depois de o termos terminado. Efeito poderoso, relaxante e agrad\u00e1vel.<\/p>\n<p><a class=\"btn btn-default\" style=\"background-color: #ff0000; color: #ffffff;\" href=\"https:\/\/www.youtube.com\/watch?v=XCKkx0jF_Uo\" target=\"_blank\" rel=\"noreferrer noopener nofollow\">YouTube \u25ba<\/a><\/p>\n","protected":false},"excerpt":{"rendered":"<p style=\"text-align: justify;\">A Vesta \u00e9 uma h\u00edbrida autoflorescente desenvolvida pela Buddha Seeds entre duas linhas americanas e europeias bem conhecidas.<\/p>\n","protected":false},"featured_media":7354,"template":"","meta":{"_joinchat":[]},"product_brand":[],"product_cat":[898,897],"product_tag":[1731,1405,1496,1156],"class_list":{"0":"post-7347","1":"product","2":"type-product","3":"status-publish","4":"has-post-thumbnail","6":"product_cat-sementes-de-buda-original","7":"product_cat-variedades-de-sementes-buddha","8":"product_tag-canabis-de-floracao-rapida","9":"product_tag-canabis-para-relaxar","10":"product_tag-floracao-rapida-cannabis","11":"product_tag-sementes-de-canabis-autoflorescentes","12":"pa_8d-tiempodecultivocrecimient-75-dias","13":"pa_efecto-poderoso-relaxante-prazeroso-e-medicinal","14":"pa_fa-produccionenexteriorporpl-100-gr-pt-pt","15":"pa_genetica-hibrido-com-predominancia-indica","16":"pa_produccionm-450-gr-pt-pt","17":"pa_semillas-10-unidades","18":"pa_semillas-3-unidades","19":"pa_semillas-50-pecas","20":"pa_sexo-feminizada-pt-pt","21":"pa_tipo-autoflorescentes","23":"first","24":"instock","25":"taxable","26":"shipping-taxable","27":"purchasable","28":"product-type-variable"},"yoast_head":"<!-- This site is optimized with the Yoast SEO plugin v27.3 - https:\/\/yoast.com\/product\/yoast-seo-wordpress\/ -->\n<title>Buddha Vesta Auto - Sementes Buddha<\/title>\n<meta name=\"robots\" content=\"index, follow, max-snippet:-1, max-image-preview:large, max-video-preview:-1\" \/>\n<link rel=\"canonical\" href=\"https:\/\/buddhaseedbank.com\/pt-pt\/producto\/buddha-vesta-auto\/\" \/>\n<meta property=\"og:locale\" content=\"pt_PT\" \/>\n<meta property=\"og:type\" content=\"article\" \/>\n<meta property=\"og:title\" content=\"Buddha Vesta Auto - Sementes Buddha\" \/>\n<meta property=\"og:description\" content=\"A Vesta \u00e9 uma h\u00edbrida autoflorescente desenvolvida pela Buddha Seeds entre duas linhas americanas e europeias bem conhecidas.\" \/>\n<meta property=\"og:url\" content=\"https:\/\/buddhaseedbank.com\/pt-pt\/producto\/buddha-vesta-auto\/\" \/>\n<meta property=\"og:site_name\" content=\"Buddha Seeds\" \/>\n<meta property=\"article:modified_time\" content=\"2025-10-21T10:22:01+00:00\" \/>\n<meta property=\"og:image\" content=\"https:\/\/buddhaseedbank.com\/wp-content\/uploads\/2020\/10\/150-Buddha-Vesta-Auto.jpg\" \/>\n\t<meta property=\"og:image:width\" content=\"1080\" \/>\n\t<meta property=\"og:image:height\" content=\"1080\" \/>\n\t<meta property=\"og:image:type\" content=\"image\/jpeg\" \/>\n<meta name=\"twitter:card\" content=\"summary_large_image\" \/>\n<meta name=\"twitter:label1\" content=\"Tempo estimado de leitura\" \/>\n\t<meta name=\"twitter:data1\" content=\"1 minuto\" \/>\n<script type=\"application\/ld+json\" class=\"yoast-schema-graph\">{\"@context\":\"https:\\\/\\\/schema.org\",\"@graph\":[{\"@type\":\"WebPage\",\"@id\":\"https:\\\/\\\/buddhaseedbank.com\\\/pt-pt\\\/producto\\\/buddha-vesta-auto\\\/\",\"url\":\"https:\\\/\\\/buddhaseedbank.com\\\/pt-pt\\\/producto\\\/buddha-vesta-auto\\\/\",\"name\":\"Buddha Vesta Auto - Sementes Buddha\",\"isPartOf\":{\"@id\":\"https:\\\/\\\/buddhaseedbank.com\\\/pt-pt\\\/#website\"},\"primaryImageOfPage\":{\"@id\":\"https:\\\/\\\/buddhaseedbank.com\\\/pt-pt\\\/producto\\\/buddha-vesta-auto\\\/#primaryimage\"},\"image\":{\"@id\":\"https:\\\/\\\/buddhaseedbank.com\\\/pt-pt\\\/producto\\\/buddha-vesta-auto\\\/#primaryimage\"},\"thumbnailUrl\":\"https:\\\/\\\/buddhaseedbank.com\\\/wp-content\\\/uploads\\\/2020\\\/10\\\/150-Buddha-Vesta-Auto.jpg\",\"datePublished\":\"2020-10-22T10:08:23+00:00\",\"dateModified\":\"2025-10-21T10:22:01+00:00\",\"breadcrumb\":{\"@id\":\"https:\\\/\\\/buddhaseedbank.com\\\/pt-pt\\\/producto\\\/buddha-vesta-auto\\\/#breadcrumb\"},\"inLanguage\":\"pt-PT\",\"potentialAction\":[{\"@type\":\"ReadAction\",\"target\":[\"https:\\\/\\\/buddhaseedbank.com\\\/pt-pt\\\/producto\\\/buddha-vesta-auto\\\/\"]}]},{\"@type\":\"ImageObject\",\"inLanguage\":\"pt-PT\",\"@id\":\"https:\\\/\\\/buddhaseedbank.com\\\/pt-pt\\\/producto\\\/buddha-vesta-auto\\\/#primaryimage\",\"url\":\"https:\\\/\\\/buddhaseedbank.com\\\/wp-content\\\/uploads\\\/2020\\\/10\\\/150-Buddha-Vesta-Auto.jpg\",\"contentUrl\":\"https:\\\/\\\/buddhaseedbank.com\\\/wp-content\\\/uploads\\\/2020\\\/10\\\/150-Buddha-Vesta-Auto.jpg\",\"width\":1080,\"height\":1080,\"caption\":\"Vesta Buddha Seeds autofloreciente rapida resinosa potente\"},{\"@type\":\"BreadcrumbList\",\"@id\":\"https:\\\/\\\/buddhaseedbank.com\\\/pt-pt\\\/producto\\\/buddha-vesta-auto\\\/#breadcrumb\",\"itemListElement\":[{\"@type\":\"ListItem\",\"position\":1,\"name\":\"Portada\",\"item\":\"https:\\\/\\\/buddhaseedbank.com\\\/pt-pt\\\/\"},{\"@type\":\"ListItem\",\"position\":2,\"name\":\"Compra\",\"item\":\"https:\\\/\\\/buddhaseedbank.com\\\/pt-pt\\\/compra\\\/\"},{\"@type\":\"ListItem\",\"position\":3,\"name\":\"Buddha Vesta Auto\"}]},{\"@type\":\"WebSite\",\"@id\":\"https:\\\/\\\/buddhaseedbank.com\\\/pt-pt\\\/#website\",\"url\":\"https:\\\/\\\/buddhaseedbank.com\\\/pt-pt\\\/\",\"name\":\"Buddha Seeds\",\"description\":\"\",\"publisher\":{\"@id\":\"https:\\\/\\\/buddhaseedbank.com\\\/pt-pt\\\/#organization\"},\"potentialAction\":[{\"@type\":\"SearchAction\",\"target\":{\"@type\":\"EntryPoint\",\"urlTemplate\":\"https:\\\/\\\/buddhaseedbank.com\\\/pt-pt\\\/?s={search_term_string}\"},\"query-input\":{\"@type\":\"PropertyValueSpecification\",\"valueRequired\":true,\"valueName\":\"search_term_string\"}}],\"inLanguage\":\"pt-PT\"},{\"@type\":\"Organization\",\"@id\":\"https:\\\/\\\/buddhaseedbank.com\\\/pt-pt\\\/#organization\",\"name\":\"Buddha Seeds\",\"url\":\"https:\\\/\\\/buddhaseedbank.com\\\/pt-pt\\\/\",\"logo\":{\"@type\":\"ImageObject\",\"inLanguage\":\"pt-PT\",\"@id\":\"https:\\\/\\\/buddhaseedbank.com\\\/pt-pt\\\/#\\\/schema\\\/logo\\\/image\\\/\",\"url\":\"https:\\\/\\\/buddhaseedbank.com\\\/wp-content\\\/uploads\\\/2024\\\/04\\\/buddha-seeds-logo-1622448424-1.png\",\"contentUrl\":\"https:\\\/\\\/buddhaseedbank.com\\\/wp-content\\\/uploads\\\/2024\\\/04\\\/buddha-seeds-logo-1622448424-1.png\",\"width\":478,\"height\":200,\"caption\":\"Buddha Seeds\"},\"image\":{\"@id\":\"https:\\\/\\\/buddhaseedbank.com\\\/pt-pt\\\/#\\\/schema\\\/logo\\\/image\\\/\"}}]}<\/script>\n<!-- \/ Yoast SEO plugin. -->","yoast_head_json":{"title":"Buddha Vesta Auto - Sementes Buddha","robots":{"index":"index","follow":"follow","max-snippet":"max-snippet:-1","max-image-preview":"max-image-preview:large","max-video-preview":"max-video-preview:-1"},"canonical":"https:\/\/buddhaseedbank.com\/pt-pt\/producto\/buddha-vesta-auto\/","og_locale":"pt_PT","og_type":"article","og_title":"Buddha Vesta Auto - Sementes Buddha","og_description":"A Vesta \u00e9 uma h\u00edbrida autoflorescente desenvolvida pela Buddha Seeds entre duas linhas americanas e europeias bem conhecidas.","og_url":"https:\/\/buddhaseedbank.com\/pt-pt\/producto\/buddha-vesta-auto\/","og_site_name":"Buddha Seeds","article_modified_time":"2025-10-21T10:22:01+00:00","og_image":[{"width":1080,"height":1080,"url":"https:\/\/buddhaseedbank.com\/wp-content\/uploads\/2020\/10\/150-Buddha-Vesta-Auto.jpg","type":"image\/jpeg"}],"twitter_card":"summary_large_image","twitter_misc":{"Tempo estimado de leitura":"1 minuto"},"schema":{"@context":"https:\/\/schema.org","@graph":[{"@type":"WebPage","@id":"https:\/\/buddhaseedbank.com\/pt-pt\/producto\/buddha-vesta-auto\/","url":"https:\/\/buddhaseedbank.com\/pt-pt\/producto\/buddha-vesta-auto\/","name":"Buddha Vesta Auto - Sementes Buddha","isPartOf":{"@id":"https:\/\/buddhaseedbank.com\/pt-pt\/#website"},"primaryImageOfPage":{"@id":"https:\/\/buddhaseedbank.com\/pt-pt\/producto\/buddha-vesta-auto\/#primaryimage"},"image":{"@id":"https:\/\/buddhaseedbank.com\/pt-pt\/producto\/buddha-vesta-auto\/#primaryimage"},"thumbnailUrl":"https:\/\/buddhaseedbank.com\/wp-content\/uploads\/2020\/10\/150-Buddha-Vesta-Auto.jpg","datePublished":"2020-10-22T10:08:23+00:00","dateModified":"2025-10-21T10:22:01+00:00","breadcrumb":{"@id":"https:\/\/buddhaseedbank.com\/pt-pt\/producto\/buddha-vesta-auto\/#breadcrumb"},"inLanguage":"pt-PT","potentialAction":[{"@type":"ReadAction","target":["https:\/\/buddhaseedbank.com\/pt-pt\/producto\/buddha-vesta-auto\/"]}]},{"@type":"ImageObject","inLanguage":"pt-PT","@id":"https:\/\/buddhaseedbank.com\/pt-pt\/producto\/buddha-vesta-auto\/#primaryimage","url":"https:\/\/buddhaseedbank.com\/wp-content\/uploads\/2020\/10\/150-Buddha-Vesta-Auto.jpg","contentUrl":"https:\/\/buddhaseedbank.com\/wp-content\/uploads\/2020\/10\/150-Buddha-Vesta-Auto.jpg","width":1080,"height":1080,"caption":"Vesta Buddha Seeds autofloreciente rapida resinosa potente"},{"@type":"BreadcrumbList","@id":"https:\/\/buddhaseedbank.com\/pt-pt\/producto\/buddha-vesta-auto\/#breadcrumb","itemListElement":[{"@type":"ListItem","position":1,"name":"Portada","item":"https:\/\/buddhaseedbank.com\/pt-pt\/"},{"@type":"ListItem","position":2,"name":"Compra","item":"https:\/\/buddhaseedbank.com\/pt-pt\/compra\/"},{"@type":"ListItem","position":3,"name":"Buddha Vesta Auto"}]},{"@type":"WebSite","@id":"https:\/\/buddhaseedbank.com\/pt-pt\/#website","url":"https:\/\/buddhaseedbank.com\/pt-pt\/","name":"Buddha Seeds","description":"","publisher":{"@id":"https:\/\/buddhaseedbank.com\/pt-pt\/#organization"},"potentialAction":[{"@type":"SearchAction","target":{"@type":"EntryPoint","urlTemplate":"https:\/\/buddhaseedbank.com\/pt-pt\/?s={search_term_string}"},"query-input":{"@type":"PropertyValueSpecification","valueRequired":true,"valueName":"search_term_string"}}],"inLanguage":"pt-PT"},{"@type":"Organization","@id":"https:\/\/buddhaseedbank.com\/pt-pt\/#organization","name":"Buddha Seeds","url":"https:\/\/buddhaseedbank.com\/pt-pt\/","logo":{"@type":"ImageObject","inLanguage":"pt-PT","@id":"https:\/\/buddhaseedbank.com\/pt-pt\/#\/schema\/logo\/image\/","url":"https:\/\/buddhaseedbank.com\/wp-content\/uploads\/2024\/04\/buddha-seeds-logo-1622448424-1.png","contentUrl":"https:\/\/buddhaseedbank.com\/wp-content\/uploads\/2024\/04\/buddha-seeds-logo-1622448424-1.png","width":478,"height":200,"caption":"Buddha Seeds"},"image":{"@id":"https:\/\/buddhaseedbank.com\/pt-pt\/#\/schema\/logo\/image\/"}}]}},"_links":{"self":[{"href":"https:\/\/buddhaseedbank.com\/pt-pt\/wp-json\/wp\/v2\/product\/7347","targetHints":{"allow":["GET"]}}],"collection":[{"href":"https:\/\/buddhaseedbank.com\/pt-pt\/wp-json\/wp\/v2\/product"}],"about":[{"href":"https:\/\/buddhaseedbank.com\/pt-pt\/wp-json\/wp\/v2\/types\/product"}],"wp:featuredmedia":[{"embeddable":true,"href":"https:\/\/buddhaseedbank.com\/pt-pt\/wp-json\/wp\/v2\/media\/7354"}],"wp:attachment":[{"href":"https:\/\/buddhaseedbank.com\/pt-pt\/wp-json\/wp\/v2\/media?parent=7347"}],"wp:term":[{"taxonomy":"product_brand","embeddable":true,"href":"https:\/\/buddhaseedbank.com\/pt-pt\/wp-json\/wp\/v2\/product_brand?post=7347"},{"taxonomy":"product_cat","embeddable":true,"href":"https:\/\/buddhaseedbank.com\/pt-pt\/wp-json\/wp\/v2\/product_cat?post=7347"},{"taxonomy":"product_tag","embeddable":true,"href":"https:\/\/buddhaseedbank.com\/pt-pt\/wp-json\/wp\/v2\/product_tag?post=7347"}],"curies":[{"name":"wp","href":"https:\/\/api.w.org\/{rel}","templated":true}]}}