{"id":7369,"date":"2020-12-01T10:14:30","date_gmt":"2020-12-01T09:14:30","guid":{"rendered":"https:\/\/buddhaseedbank.com\/producto\/buda-magnum-auto\/"},"modified":"2025-10-27T16:42:41","modified_gmt":"2025-10-27T15:42:41","slug":"buddha-magnum-auto","status":"publish","type":"product","link":"https:\/\/buddhaseedbank.com\/pt-pt\/producto\/buddha-magnum-auto\/","title":{"rendered":"Magnum Autoflorescente"},"content":{"rendered":"<h2>Magnum auto, a variedade autoflorescente produtiva de Buddha Seeds<\/h2>\n<p>A Magnum autoflorescente da Buddha Seeds \u00e9 uma das <a href=\"https:\/\/buddhaseedbank.com\/pt-pt\/etiqueta-producto\/sementes-de-canabis-autoflorescentes\/\" target=\"_blank\" rel=\"noopener\">sementes de can\u00e1bis autoflorescentes<\/a> mais not\u00e1veis do mercado autom\u00e1tico. A Magnum autoflorescente \u00e9 uma h\u00edbrida de tr\u00eas vias, resultado do cruzamento de estirpes autoflorescentes com um crescimento r\u00e1pido, vigoroso e com m\u00faltiplas ramifica\u00e7\u00f5es. Na fase de flora\u00e7\u00e3o, esta variedade rebenta com bot\u00f5es densos e cobertos de resina, tornando-a uma das melhores escolhas para quem procura produtividade e qualidade.<\/p>\n<p>O ciclo completo de crescimento da Magnum autoflorescente dura aproximadamente 85 dias. No interior, pode produzir entre 550 e 600 gramas por metro quadrado, enquanto no exterior, cada planta pode produzir entre 100 e 250 gramas, dependendo das condi\u00e7\u00f5es de crescimento. A Magnum auto destaca-se entre as sementes de can\u00e1bis autoflorescentes produtivas devido ao seu grande tamanho, o que pode ser um desafio dentro de casa. Por esta raz\u00e3o, n\u00e3o \u00e9 recomend\u00e1vel cultiv\u00e1-la em vasos grandes dentro de casa, pois pode crescer at\u00e9 um tamanho consider\u00e1vel. Para aqueles que desejam control\u00e1-la melhor em espa\u00e7os pequenos, \u00e9 prefer\u00edvel utilizar pequenos recipientes ou transplantes tardios, ajudando assim a gerir a sua altura e vigor.<\/p>\n<p>No exterior, a Magnum autoflorescente est\u00e1 no seu melhor. Quando plantada diretamente no solo ou num vaso grande, esta produtiva semente de can\u00e1bis autoflorescente mostra o seu verdadeiro potencial, crescendo de forma impressionante e tornando-se um verdadeiro monstro que pode fazer qualquer cultivador duvidar se \u00e9 realmente uma variedade autom\u00e1tica.<\/p>\n<p>A Magnum autoflorescente oferece um perfil de sabor e aroma fresco e picante, o que faz parte do seu atrativo. Al\u00e9m disso, a sua pot\u00eancia n\u00e3o desilude, proporcionando um efeito cerebral explosivo que se intensifica com o tempo, culminando num efeito incontrol\u00e1vel. \u00c9 uma escolha perfeita para quem procura sementes de can\u00e1bis autoflorescentes produtivas com rendimentos excepcionais, tanto em quantidade como em qualidade.<\/p>\n<p>&nbsp;<\/p>\n<p>&nbsp;<\/p>\n<p><a class=\"btn btn-default\" style=\"background-color: #ff0000; color: #ffffff;\" href=\"https:\/\/www.youtube.com\/watch?v=pu_yyVFMPGs\" target=\"_blank\" rel=\"noreferrer noopener nofollow\">YouTube \u25ba<\/a><\/p>\n","protected":false},"excerpt":{"rendered":"<p>A Magnum auto da Buddha Seeds \u00e9 uma das sementes de can\u00e1bis autoflorescentes mais produtivas do mercado devido ao seu grande tamanho.<\/p>\n<p>Durante a fase de flora\u00e7\u00e3o, esta variedade de marijuana explode com bot\u00f5es densos cobertos de resina, o que a torna uma das melhores op\u00e7\u00f5es para quem procura produtividade e qualidade.<\/p>\n<p>O ciclo completo de crescimento da Magnum auto dura aproximadamente 85 dias. No interior, pode produzir entre 550 e 600 gramas por metro quadrado, enquanto no exterior, cada planta pode produzir entre 100 e 250 gramas, dependendo das condi\u00e7\u00f5es de crescimento.<\/p>\n","protected":false},"featured_media":13860,"template":"","meta":{"_joinchat":[]},"product_brand":[],"product_cat":[898,897],"product_tag":[1736,1438,1156],"class_list":{"0":"post-7369","1":"product","2":"type-product","3":"status-publish","4":"has-post-thumbnail","6":"product_cat-sementes-de-buda-original","7":"product_cat-variedades-de-sementes-buddha","8":"product_tag-mais-vendidos","9":"product_tag-plantas-autoflorescentes-produtivas","10":"product_tag-sementes-de-canabis-autoflorescentes","11":"pa_8d-tiempodecultivocrecimient-85-dias","12":"pa_efecto-efeito-de-riso-poderoso-e-incontrolavel","13":"pa_fa-produccionenexteriorporpl-100-250-gr-pt-pt","14":"pa_genetica-hibrido-com-predominancia-sativa","15":"pa_produccionm-550-600-gr-pt-pt","16":"pa_semillas-10-unidades","17":"pa_semillas-3-unidades","18":"pa_semillas-50-pecas","19":"pa_sexo-feminizada-pt-pt","20":"pa_tipo-autoflorescentes","22":"first","23":"instock","24":"featured","25":"taxable","26":"shipping-taxable","27":"purchasable","28":"product-type-variable","29":"has-default-attributes"},"yoast_head":"<!-- This site is optimized with the Yoast SEO plugin v27.3 - https:\/\/yoast.com\/product\/yoast-seo-wordpress\/ -->\n<title>Magnum Autoflorescente - Buddha Seeds<\/title>\n<meta name=\"description\" content=\"A Magnum \u00e9 uma autoflorescente produtiva com resultados fant\u00e1sticos. A Magnum aut\u00eantica \u00e9 do banco de sementes Buddha Seeds.\" \/>\n<meta name=\"robots\" content=\"index, follow, max-snippet:-1, max-image-preview:large, max-video-preview:-1\" \/>\n<link rel=\"canonical\" href=\"https:\/\/buddhaseedbank.com\/pt-pt\/producto\/buddha-magnum-auto\/\" \/>\n<meta property=\"og:locale\" content=\"pt_PT\" \/>\n<meta property=\"og:type\" content=\"article\" \/>\n<meta property=\"og:title\" content=\"Magnum Autoflorescente - Buddha Seeds\" \/>\n<meta property=\"og:description\" content=\"A Magnum \u00e9 uma autoflorescente produtiva com resultados fant\u00e1sticos. A Magnum aut\u00eantica \u00e9 do banco de sementes Buddha Seeds.\" \/>\n<meta property=\"og:url\" content=\"https:\/\/buddhaseedbank.com\/pt-pt\/producto\/buddha-magnum-auto\/\" \/>\n<meta property=\"og:site_name\" content=\"Buddha Seeds\" \/>\n<meta property=\"article:modified_time\" content=\"2025-10-27T15:42:41+00:00\" \/>\n<meta property=\"og:image\" content=\"https:\/\/buddhaseedbank.com\/wp-content\/uploads\/2020\/12\/magnum_autofloreciente_BuddhaSeeds.jpg\" \/>\n\t<meta property=\"og:image:width\" content=\"1017\" \/>\n\t<meta property=\"og:image:height\" content=\"1241\" \/>\n\t<meta property=\"og:image:type\" content=\"image\/jpeg\" \/>\n<meta name=\"twitter:card\" content=\"summary_large_image\" \/>\n<meta name=\"twitter:label1\" content=\"Tempo estimado de leitura\" \/>\n\t<meta name=\"twitter:data1\" content=\"2 minutos\" \/>\n<script type=\"application\/ld+json\" class=\"yoast-schema-graph\">{\"@context\":\"https:\\\/\\\/schema.org\",\"@graph\":[{\"@type\":\"WebPage\",\"@id\":\"https:\\\/\\\/buddhaseedbank.com\\\/pt-pt\\\/producto\\\/buddha-magnum-auto\\\/\",\"url\":\"https:\\\/\\\/buddhaseedbank.com\\\/pt-pt\\\/producto\\\/buddha-magnum-auto\\\/\",\"name\":\"Magnum Autoflorescente - Buddha Seeds\",\"isPartOf\":{\"@id\":\"https:\\\/\\\/buddhaseedbank.com\\\/pt-pt\\\/#website\"},\"primaryImageOfPage\":{\"@id\":\"https:\\\/\\\/buddhaseedbank.com\\\/pt-pt\\\/producto\\\/buddha-magnum-auto\\\/#primaryimage\"},\"image\":{\"@id\":\"https:\\\/\\\/buddhaseedbank.com\\\/pt-pt\\\/producto\\\/buddha-magnum-auto\\\/#primaryimage\"},\"thumbnailUrl\":\"https:\\\/\\\/buddhaseedbank.com\\\/wp-content\\\/uploads\\\/2020\\\/12\\\/Magnum_Buddha-Seeds.jpg\",\"datePublished\":\"2020-12-01T09:14:30+00:00\",\"dateModified\":\"2025-10-27T15:42:41+00:00\",\"description\":\"A Magnum \u00e9 uma autoflorescente produtiva com resultados fant\u00e1sticos. A Magnum aut\u00eantica \u00e9 do banco de sementes Buddha Seeds.\",\"breadcrumb\":{\"@id\":\"https:\\\/\\\/buddhaseedbank.com\\\/pt-pt\\\/producto\\\/buddha-magnum-auto\\\/#breadcrumb\"},\"inLanguage\":\"pt-PT\",\"potentialAction\":[{\"@type\":\"ReadAction\",\"target\":[\"https:\\\/\\\/buddhaseedbank.com\\\/pt-pt\\\/producto\\\/buddha-magnum-auto\\\/\"]}]},{\"@type\":\"ImageObject\",\"inLanguage\":\"pt-PT\",\"@id\":\"https:\\\/\\\/buddhaseedbank.com\\\/pt-pt\\\/producto\\\/buddha-magnum-auto\\\/#primaryimage\",\"url\":\"https:\\\/\\\/buddhaseedbank.com\\\/wp-content\\\/uploads\\\/2020\\\/12\\\/Magnum_Buddha-Seeds.jpg\",\"contentUrl\":\"https:\\\/\\\/buddhaseedbank.com\\\/wp-content\\\/uploads\\\/2020\\\/12\\\/Magnum_Buddha-Seeds.jpg\",\"width\":1440,\"height\":1920,\"caption\":\"Magnum automatica Buddha Seeds\"},{\"@type\":\"BreadcrumbList\",\"@id\":\"https:\\\/\\\/buddhaseedbank.com\\\/pt-pt\\\/producto\\\/buddha-magnum-auto\\\/#breadcrumb\",\"itemListElement\":[{\"@type\":\"ListItem\",\"position\":1,\"name\":\"Portada\",\"item\":\"https:\\\/\\\/buddhaseedbank.com\\\/pt-pt\\\/\"},{\"@type\":\"ListItem\",\"position\":2,\"name\":\"Compra\",\"item\":\"https:\\\/\\\/buddhaseedbank.com\\\/pt-pt\\\/compra\\\/\"},{\"@type\":\"ListItem\",\"position\":3,\"name\":\"Magnum Autoflorescente\"}]},{\"@type\":\"WebSite\",\"@id\":\"https:\\\/\\\/buddhaseedbank.com\\\/pt-pt\\\/#website\",\"url\":\"https:\\\/\\\/buddhaseedbank.com\\\/pt-pt\\\/\",\"name\":\"Buddha Seeds\",\"description\":\"\",\"publisher\":{\"@id\":\"https:\\\/\\\/buddhaseedbank.com\\\/pt-pt\\\/#organization\"},\"potentialAction\":[{\"@type\":\"SearchAction\",\"target\":{\"@type\":\"EntryPoint\",\"urlTemplate\":\"https:\\\/\\\/buddhaseedbank.com\\\/pt-pt\\\/?s={search_term_string}\"},\"query-input\":{\"@type\":\"PropertyValueSpecification\",\"valueRequired\":true,\"valueName\":\"search_term_string\"}}],\"inLanguage\":\"pt-PT\"},{\"@type\":\"Organization\",\"@id\":\"https:\\\/\\\/buddhaseedbank.com\\\/pt-pt\\\/#organization\",\"name\":\"Buddha Seeds\",\"url\":\"https:\\\/\\\/buddhaseedbank.com\\\/pt-pt\\\/\",\"logo\":{\"@type\":\"ImageObject\",\"inLanguage\":\"pt-PT\",\"@id\":\"https:\\\/\\\/buddhaseedbank.com\\\/pt-pt\\\/#\\\/schema\\\/logo\\\/image\\\/\",\"url\":\"https:\\\/\\\/buddhaseedbank.com\\\/wp-content\\\/uploads\\\/2024\\\/04\\\/buddha-seeds-logo-1622448424-1.png\",\"contentUrl\":\"https:\\\/\\\/buddhaseedbank.com\\\/wp-content\\\/uploads\\\/2024\\\/04\\\/buddha-seeds-logo-1622448424-1.png\",\"width\":478,\"height\":200,\"caption\":\"Buddha Seeds\"},\"image\":{\"@id\":\"https:\\\/\\\/buddhaseedbank.com\\\/pt-pt\\\/#\\\/schema\\\/logo\\\/image\\\/\"}}]}<\/script>\n<!-- \/ Yoast SEO plugin. -->","yoast_head_json":{"title":"Magnum Autoflorescente - Buddha Seeds","description":"A Magnum \u00e9 uma autoflorescente produtiva com resultados fant\u00e1sticos. A Magnum aut\u00eantica \u00e9 do banco de sementes Buddha Seeds.","robots":{"index":"index","follow":"follow","max-snippet":"max-snippet:-1","max-image-preview":"max-image-preview:large","max-video-preview":"max-video-preview:-1"},"canonical":"https:\/\/buddhaseedbank.com\/pt-pt\/producto\/buddha-magnum-auto\/","og_locale":"pt_PT","og_type":"article","og_title":"Magnum Autoflorescente - Buddha Seeds","og_description":"A Magnum \u00e9 uma autoflorescente produtiva com resultados fant\u00e1sticos. A Magnum aut\u00eantica \u00e9 do banco de sementes Buddha Seeds.","og_url":"https:\/\/buddhaseedbank.com\/pt-pt\/producto\/buddha-magnum-auto\/","og_site_name":"Buddha Seeds","article_modified_time":"2025-10-27T15:42:41+00:00","og_image":[{"width":1017,"height":1241,"url":"https:\/\/buddhaseedbank.com\/wp-content\/uploads\/2020\/12\/magnum_autofloreciente_BuddhaSeeds.jpg","type":"image\/jpeg"}],"twitter_card":"summary_large_image","twitter_misc":{"Tempo estimado de leitura":"2 minutos"},"schema":{"@context":"https:\/\/schema.org","@graph":[{"@type":"WebPage","@id":"https:\/\/buddhaseedbank.com\/pt-pt\/producto\/buddha-magnum-auto\/","url":"https:\/\/buddhaseedbank.com\/pt-pt\/producto\/buddha-magnum-auto\/","name":"Magnum Autoflorescente - Buddha Seeds","isPartOf":{"@id":"https:\/\/buddhaseedbank.com\/pt-pt\/#website"},"primaryImageOfPage":{"@id":"https:\/\/buddhaseedbank.com\/pt-pt\/producto\/buddha-magnum-auto\/#primaryimage"},"image":{"@id":"https:\/\/buddhaseedbank.com\/pt-pt\/producto\/buddha-magnum-auto\/#primaryimage"},"thumbnailUrl":"https:\/\/buddhaseedbank.com\/wp-content\/uploads\/2020\/12\/Magnum_Buddha-Seeds.jpg","datePublished":"2020-12-01T09:14:30+00:00","dateModified":"2025-10-27T15:42:41+00:00","description":"A Magnum \u00e9 uma autoflorescente produtiva com resultados fant\u00e1sticos. A Magnum aut\u00eantica \u00e9 do banco de sementes Buddha Seeds.","breadcrumb":{"@id":"https:\/\/buddhaseedbank.com\/pt-pt\/producto\/buddha-magnum-auto\/#breadcrumb"},"inLanguage":"pt-PT","potentialAction":[{"@type":"ReadAction","target":["https:\/\/buddhaseedbank.com\/pt-pt\/producto\/buddha-magnum-auto\/"]}]},{"@type":"ImageObject","inLanguage":"pt-PT","@id":"https:\/\/buddhaseedbank.com\/pt-pt\/producto\/buddha-magnum-auto\/#primaryimage","url":"https:\/\/buddhaseedbank.com\/wp-content\/uploads\/2020\/12\/Magnum_Buddha-Seeds.jpg","contentUrl":"https:\/\/buddhaseedbank.com\/wp-content\/uploads\/2020\/12\/Magnum_Buddha-Seeds.jpg","width":1440,"height":1920,"caption":"Magnum automatica Buddha Seeds"},{"@type":"BreadcrumbList","@id":"https:\/\/buddhaseedbank.com\/pt-pt\/producto\/buddha-magnum-auto\/#breadcrumb","itemListElement":[{"@type":"ListItem","position":1,"name":"Portada","item":"https:\/\/buddhaseedbank.com\/pt-pt\/"},{"@type":"ListItem","position":2,"name":"Compra","item":"https:\/\/buddhaseedbank.com\/pt-pt\/compra\/"},{"@type":"ListItem","position":3,"name":"Magnum Autoflorescente"}]},{"@type":"WebSite","@id":"https:\/\/buddhaseedbank.com\/pt-pt\/#website","url":"https:\/\/buddhaseedbank.com\/pt-pt\/","name":"Buddha Seeds","description":"","publisher":{"@id":"https:\/\/buddhaseedbank.com\/pt-pt\/#organization"},"potentialAction":[{"@type":"SearchAction","target":{"@type":"EntryPoint","urlTemplate":"https:\/\/buddhaseedbank.com\/pt-pt\/?s={search_term_string}"},"query-input":{"@type":"PropertyValueSpecification","valueRequired":true,"valueName":"search_term_string"}}],"inLanguage":"pt-PT"},{"@type":"Organization","@id":"https:\/\/buddhaseedbank.com\/pt-pt\/#organization","name":"Buddha Seeds","url":"https:\/\/buddhaseedbank.com\/pt-pt\/","logo":{"@type":"ImageObject","inLanguage":"pt-PT","@id":"https:\/\/buddhaseedbank.com\/pt-pt\/#\/schema\/logo\/image\/","url":"https:\/\/buddhaseedbank.com\/wp-content\/uploads\/2024\/04\/buddha-seeds-logo-1622448424-1.png","contentUrl":"https:\/\/buddhaseedbank.com\/wp-content\/uploads\/2024\/04\/buddha-seeds-logo-1622448424-1.png","width":478,"height":200,"caption":"Buddha Seeds"},"image":{"@id":"https:\/\/buddhaseedbank.com\/pt-pt\/#\/schema\/logo\/image\/"}}]}},"_links":{"self":[{"href":"https:\/\/buddhaseedbank.com\/pt-pt\/wp-json\/wp\/v2\/product\/7369","targetHints":{"allow":["GET"]}}],"collection":[{"href":"https:\/\/buddhaseedbank.com\/pt-pt\/wp-json\/wp\/v2\/product"}],"about":[{"href":"https:\/\/buddhaseedbank.com\/pt-pt\/wp-json\/wp\/v2\/types\/product"}],"wp:featuredmedia":[{"embeddable":true,"href":"https:\/\/buddhaseedbank.com\/pt-pt\/wp-json\/wp\/v2\/media\/13860"}],"wp:attachment":[{"href":"https:\/\/buddhaseedbank.com\/pt-pt\/wp-json\/wp\/v2\/media?parent=7369"}],"wp:term":[{"taxonomy":"product_brand","embeddable":true,"href":"https:\/\/buddhaseedbank.com\/pt-pt\/wp-json\/wp\/v2\/product_brand?post=7369"},{"taxonomy":"product_cat","embeddable":true,"href":"https:\/\/buddhaseedbank.com\/pt-pt\/wp-json\/wp\/v2\/product_cat?post=7369"},{"taxonomy":"product_tag","embeddable":true,"href":"https:\/\/buddhaseedbank.com\/pt-pt\/wp-json\/wp\/v2\/product_tag?post=7369"}],"curies":[{"name":"wp","href":"https:\/\/api.w.org\/{rel}","templated":true}]}}