{"id":7430,"date":"2020-12-01T11:01:26","date_gmt":"2020-12-01T10:01:26","guid":{"rendered":"https:\/\/buddhaseedbank.com\/producto\/buda-assorted-auto\/"},"modified":"2025-10-21T10:53:26","modified_gmt":"2025-10-21T08:53:26","slug":"buddha-assorted-auto","status":"publish","type":"product","link":"https:\/\/buddhaseedbank.com\/pt-pt\/producto\/buddha-assorted-auto\/","title":{"rendered":"Buddha Assorted Auto"},"content":{"rendered":"<p><span style=\"text-align: justify;\">A melhor mistura de autoflorescentes. 100% de qualidade Buddha Seeds.<\/span><\/p>\n<p><span style=\"text-align: justify;\">Nesta mistura encontrar\u00e1s 10 sementes das seguintes variedades:<\/span><\/p>\n<p><span style=\"text-align: justify;\">An\u00e3o Branco<\/span><br \/>\n<span style=\"text-align: justify;\">Red Dwarf<\/span><br \/>\n<span style=\"text-align: justify;\">Deimos<\/span><br \/>\n<span style=\"text-align: justify;\">Xarope<\/span><\/p>\n<p><span style=\"text-align: justify;\">e 6 sementes de diferentes variedades que ser\u00e3o lan\u00e7adas no mercado no futuro ou h\u00edbridos experimentais. Estas sementes s\u00e3o apresentadas num \u00fanico tubo sem identifica\u00e7\u00e3o.<\/span><\/p>\n<p><span style=\"text-align: justify;\">Entre elas encontrar\u00e1s sabores e aromas que te far\u00e3o lembrar muitos dos grandes cl\u00e1ssicos e alguns verdadeiramente inovadores, todos eles 100% autoflorescentes e 100% feminizados. O tempo de colheita varia entre 50-55 dias e 80-85 dias. Ideal para quem gosta da variedade.<\/span><\/p>\n<p><a class=\"btn btn-default\" style=\"background-color: #ff0000; color: #ffffff;\" href=\"https:\/\/www.youtube.com\/watch?v=2Vz72QDD_9o\" target=\"_blank\" rel=\"noreferrer noopener nofollow\">YouTube \u25ba<\/a><\/p>\n","protected":false},"excerpt":{"rendered":"<p style=\"text-align: justify;\">A melhor mistura de autoflorescentes.<br \/>\n100% de qualidade Buddha Seeds.<\/p>\n","protected":false},"featured_media":7431,"template":"","meta":{"_joinchat":[]},"product_brand":[],"product_cat":[898,897],"product_tag":[1478,1731,1513,1438,1387,1156],"class_list":{"0":"post-7430","1":"product","2":"type-product","3":"status-publish","4":"has-post-thumbnail","6":"product_cat-sementes-de-buda-original","7":"product_cat-variedades-de-sementes-buddha","8":"product_tag-autoflorescentes-exterior","9":"product_tag-canabis-de-floracao-rapida","10":"product_tag-mistura-autoflorescente","11":"product_tag-plantas-autoflorescentes-produtivas","12":"product_tag-sativa-autoflorescente","13":"product_tag-sementes-de-canabis-autoflorescentes","14":"pa_8d-tiempodecultivocrecimient-55-80-dias","15":"pa_efecto-depende-da-variedade","16":"pa_fa-produccionenexteriorporpl-80-250-gr-pt-pt","17":"pa_genetica-hibrido","18":"pa_produccionm-400-500-gr-pt-pt","19":"pa_semillas-10-unidades","20":"pa_semillas-50-pecas","21":"pa_sexo-feminizada-pt-pt","22":"pa_tipo-autoflorescentes","24":"first","25":"instock","26":"taxable","27":"shipping-taxable","28":"purchasable","29":"product-type-variable","30":"has-default-attributes"},"yoast_head":"<!-- This site is optimized with the Yoast SEO plugin v27.3 - https:\/\/yoast.com\/product\/yoast-seo-wordpress\/ -->\n<title>Buddha Assorted Auto - Buddha Seeds<\/title>\n<meta name=\"description\" content=\"A melhor mistura de sementes de can\u00e1bis autoflorescentes, 100% da qualidade Buddha Seeds, na qual h\u00e1 quatro variedades comerciais e o resto das sementes s\u00e3o h\u00edbridos experimentais.\" \/>\n<meta name=\"robots\" content=\"index, follow, max-snippet:-1, max-image-preview:large, max-video-preview:-1\" \/>\n<link rel=\"canonical\" href=\"https:\/\/buddhaseedbank.com\/pt-pt\/producto\/buddha-assorted-auto\/\" \/>\n<meta property=\"og:locale\" content=\"pt_PT\" \/>\n<meta property=\"og:type\" content=\"article\" \/>\n<meta property=\"og:title\" content=\"Buddha Assorted Auto - Buddha Seeds\" \/>\n<meta property=\"og:description\" content=\"A melhor mistura de sementes de can\u00e1bis autoflorescentes, 100% da qualidade Buddha Seeds, na qual h\u00e1 quatro variedades comerciais e o resto das sementes s\u00e3o h\u00edbridos experimentais.\" \/>\n<meta property=\"og:url\" content=\"https:\/\/buddhaseedbank.com\/pt-pt\/producto\/buddha-assorted-auto\/\" \/>\n<meta property=\"og:site_name\" content=\"Buddha Seeds\" \/>\n<meta property=\"article:modified_time\" content=\"2025-10-21T08:53:26+00:00\" \/>\n<meta property=\"og:image\" content=\"https:\/\/buddhaseedbank.com\/wp-content\/uploads\/2020\/12\/182-Buddha-Assorted-Auto.jpg\" \/>\n\t<meta property=\"og:image:width\" content=\"1080\" \/>\n\t<meta property=\"og:image:height\" content=\"1080\" \/>\n\t<meta property=\"og:image:type\" content=\"image\/jpeg\" \/>\n<meta name=\"twitter:card\" content=\"summary_large_image\" \/>\n<meta name=\"twitter:label1\" content=\"Tempo estimado de leitura\" \/>\n\t<meta name=\"twitter:data1\" content=\"1 minuto\" \/>\n<script type=\"application\/ld+json\" class=\"yoast-schema-graph\">{\"@context\":\"https:\\\/\\\/schema.org\",\"@graph\":[{\"@type\":\"WebPage\",\"@id\":\"https:\\\/\\\/buddhaseedbank.com\\\/pt-pt\\\/producto\\\/buddha-assorted-auto\\\/\",\"url\":\"https:\\\/\\\/buddhaseedbank.com\\\/pt-pt\\\/producto\\\/buddha-assorted-auto\\\/\",\"name\":\"Buddha Assorted Auto - Buddha Seeds\",\"isPartOf\":{\"@id\":\"https:\\\/\\\/buddhaseedbank.com\\\/pt-pt\\\/#website\"},\"primaryImageOfPage\":{\"@id\":\"https:\\\/\\\/buddhaseedbank.com\\\/pt-pt\\\/producto\\\/buddha-assorted-auto\\\/#primaryimage\"},\"image\":{\"@id\":\"https:\\\/\\\/buddhaseedbank.com\\\/pt-pt\\\/producto\\\/buddha-assorted-auto\\\/#primaryimage\"},\"thumbnailUrl\":\"https:\\\/\\\/buddhaseedbank.com\\\/wp-content\\\/uploads\\\/2020\\\/12\\\/182-Buddha-Assorted-Auto.jpg\",\"datePublished\":\"2020-12-01T10:01:26+00:00\",\"dateModified\":\"2025-10-21T08:53:26+00:00\",\"description\":\"A melhor mistura de sementes de can\u00e1bis autoflorescentes, 100% da qualidade Buddha Seeds, na qual h\u00e1 quatro variedades comerciais e o resto das sementes s\u00e3o h\u00edbridos experimentais.\",\"breadcrumb\":{\"@id\":\"https:\\\/\\\/buddhaseedbank.com\\\/pt-pt\\\/producto\\\/buddha-assorted-auto\\\/#breadcrumb\"},\"inLanguage\":\"pt-PT\",\"potentialAction\":[{\"@type\":\"ReadAction\",\"target\":[\"https:\\\/\\\/buddhaseedbank.com\\\/pt-pt\\\/producto\\\/buddha-assorted-auto\\\/\"]}]},{\"@type\":\"ImageObject\",\"inLanguage\":\"pt-PT\",\"@id\":\"https:\\\/\\\/buddhaseedbank.com\\\/pt-pt\\\/producto\\\/buddha-assorted-auto\\\/#primaryimage\",\"url\":\"https:\\\/\\\/buddhaseedbank.com\\\/wp-content\\\/uploads\\\/2020\\\/12\\\/182-Buddha-Assorted-Auto.jpg\",\"contentUrl\":\"https:\\\/\\\/buddhaseedbank.com\\\/wp-content\\\/uploads\\\/2020\\\/12\\\/182-Buddha-Assorted-Auto.jpg\",\"width\":1080,\"height\":1080,\"caption\":\"Buddha Assorted Auto automaticas Buddha Seeds\"},{\"@type\":\"BreadcrumbList\",\"@id\":\"https:\\\/\\\/buddhaseedbank.com\\\/pt-pt\\\/producto\\\/buddha-assorted-auto\\\/#breadcrumb\",\"itemListElement\":[{\"@type\":\"ListItem\",\"position\":1,\"name\":\"Portada\",\"item\":\"https:\\\/\\\/buddhaseedbank.com\\\/pt-pt\\\/\"},{\"@type\":\"ListItem\",\"position\":2,\"name\":\"Compra\",\"item\":\"https:\\\/\\\/buddhaseedbank.com\\\/pt-pt\\\/compra\\\/\"},{\"@type\":\"ListItem\",\"position\":3,\"name\":\"Buddha Assorted Auto\"}]},{\"@type\":\"WebSite\",\"@id\":\"https:\\\/\\\/buddhaseedbank.com\\\/pt-pt\\\/#website\",\"url\":\"https:\\\/\\\/buddhaseedbank.com\\\/pt-pt\\\/\",\"name\":\"Buddha Seeds\",\"description\":\"\",\"publisher\":{\"@id\":\"https:\\\/\\\/buddhaseedbank.com\\\/pt-pt\\\/#organization\"},\"potentialAction\":[{\"@type\":\"SearchAction\",\"target\":{\"@type\":\"EntryPoint\",\"urlTemplate\":\"https:\\\/\\\/buddhaseedbank.com\\\/pt-pt\\\/?s={search_term_string}\"},\"query-input\":{\"@type\":\"PropertyValueSpecification\",\"valueRequired\":true,\"valueName\":\"search_term_string\"}}],\"inLanguage\":\"pt-PT\"},{\"@type\":\"Organization\",\"@id\":\"https:\\\/\\\/buddhaseedbank.com\\\/pt-pt\\\/#organization\",\"name\":\"Buddha Seeds\",\"url\":\"https:\\\/\\\/buddhaseedbank.com\\\/pt-pt\\\/\",\"logo\":{\"@type\":\"ImageObject\",\"inLanguage\":\"pt-PT\",\"@id\":\"https:\\\/\\\/buddhaseedbank.com\\\/pt-pt\\\/#\\\/schema\\\/logo\\\/image\\\/\",\"url\":\"https:\\\/\\\/buddhaseedbank.com\\\/wp-content\\\/uploads\\\/2024\\\/04\\\/buddha-seeds-logo-1622448424-1.png\",\"contentUrl\":\"https:\\\/\\\/buddhaseedbank.com\\\/wp-content\\\/uploads\\\/2024\\\/04\\\/buddha-seeds-logo-1622448424-1.png\",\"width\":478,\"height\":200,\"caption\":\"Buddha Seeds\"},\"image\":{\"@id\":\"https:\\\/\\\/buddhaseedbank.com\\\/pt-pt\\\/#\\\/schema\\\/logo\\\/image\\\/\"}}]}<\/script>\n<!-- \/ Yoast SEO plugin. -->","yoast_head_json":{"title":"Buddha Assorted Auto - Buddha Seeds","description":"A melhor mistura de sementes de can\u00e1bis autoflorescentes, 100% da qualidade Buddha Seeds, na qual h\u00e1 quatro variedades comerciais e o resto das sementes s\u00e3o h\u00edbridos experimentais.","robots":{"index":"index","follow":"follow","max-snippet":"max-snippet:-1","max-image-preview":"max-image-preview:large","max-video-preview":"max-video-preview:-1"},"canonical":"https:\/\/buddhaseedbank.com\/pt-pt\/producto\/buddha-assorted-auto\/","og_locale":"pt_PT","og_type":"article","og_title":"Buddha Assorted Auto - Buddha Seeds","og_description":"A melhor mistura de sementes de can\u00e1bis autoflorescentes, 100% da qualidade Buddha Seeds, na qual h\u00e1 quatro variedades comerciais e o resto das sementes s\u00e3o h\u00edbridos experimentais.","og_url":"https:\/\/buddhaseedbank.com\/pt-pt\/producto\/buddha-assorted-auto\/","og_site_name":"Buddha Seeds","article_modified_time":"2025-10-21T08:53:26+00:00","og_image":[{"width":1080,"height":1080,"url":"https:\/\/buddhaseedbank.com\/wp-content\/uploads\/2020\/12\/182-Buddha-Assorted-Auto.jpg","type":"image\/jpeg"}],"twitter_card":"summary_large_image","twitter_misc":{"Tempo estimado de leitura":"1 minuto"},"schema":{"@context":"https:\/\/schema.org","@graph":[{"@type":"WebPage","@id":"https:\/\/buddhaseedbank.com\/pt-pt\/producto\/buddha-assorted-auto\/","url":"https:\/\/buddhaseedbank.com\/pt-pt\/producto\/buddha-assorted-auto\/","name":"Buddha Assorted Auto - Buddha Seeds","isPartOf":{"@id":"https:\/\/buddhaseedbank.com\/pt-pt\/#website"},"primaryImageOfPage":{"@id":"https:\/\/buddhaseedbank.com\/pt-pt\/producto\/buddha-assorted-auto\/#primaryimage"},"image":{"@id":"https:\/\/buddhaseedbank.com\/pt-pt\/producto\/buddha-assorted-auto\/#primaryimage"},"thumbnailUrl":"https:\/\/buddhaseedbank.com\/wp-content\/uploads\/2020\/12\/182-Buddha-Assorted-Auto.jpg","datePublished":"2020-12-01T10:01:26+00:00","dateModified":"2025-10-21T08:53:26+00:00","description":"A melhor mistura de sementes de can\u00e1bis autoflorescentes, 100% da qualidade Buddha Seeds, na qual h\u00e1 quatro variedades comerciais e o resto das sementes s\u00e3o h\u00edbridos experimentais.","breadcrumb":{"@id":"https:\/\/buddhaseedbank.com\/pt-pt\/producto\/buddha-assorted-auto\/#breadcrumb"},"inLanguage":"pt-PT","potentialAction":[{"@type":"ReadAction","target":["https:\/\/buddhaseedbank.com\/pt-pt\/producto\/buddha-assorted-auto\/"]}]},{"@type":"ImageObject","inLanguage":"pt-PT","@id":"https:\/\/buddhaseedbank.com\/pt-pt\/producto\/buddha-assorted-auto\/#primaryimage","url":"https:\/\/buddhaseedbank.com\/wp-content\/uploads\/2020\/12\/182-Buddha-Assorted-Auto.jpg","contentUrl":"https:\/\/buddhaseedbank.com\/wp-content\/uploads\/2020\/12\/182-Buddha-Assorted-Auto.jpg","width":1080,"height":1080,"caption":"Buddha Assorted Auto automaticas Buddha Seeds"},{"@type":"BreadcrumbList","@id":"https:\/\/buddhaseedbank.com\/pt-pt\/producto\/buddha-assorted-auto\/#breadcrumb","itemListElement":[{"@type":"ListItem","position":1,"name":"Portada","item":"https:\/\/buddhaseedbank.com\/pt-pt\/"},{"@type":"ListItem","position":2,"name":"Compra","item":"https:\/\/buddhaseedbank.com\/pt-pt\/compra\/"},{"@type":"ListItem","position":3,"name":"Buddha Assorted Auto"}]},{"@type":"WebSite","@id":"https:\/\/buddhaseedbank.com\/pt-pt\/#website","url":"https:\/\/buddhaseedbank.com\/pt-pt\/","name":"Buddha Seeds","description":"","publisher":{"@id":"https:\/\/buddhaseedbank.com\/pt-pt\/#organization"},"potentialAction":[{"@type":"SearchAction","target":{"@type":"EntryPoint","urlTemplate":"https:\/\/buddhaseedbank.com\/pt-pt\/?s={search_term_string}"},"query-input":{"@type":"PropertyValueSpecification","valueRequired":true,"valueName":"search_term_string"}}],"inLanguage":"pt-PT"},{"@type":"Organization","@id":"https:\/\/buddhaseedbank.com\/pt-pt\/#organization","name":"Buddha Seeds","url":"https:\/\/buddhaseedbank.com\/pt-pt\/","logo":{"@type":"ImageObject","inLanguage":"pt-PT","@id":"https:\/\/buddhaseedbank.com\/pt-pt\/#\/schema\/logo\/image\/","url":"https:\/\/buddhaseedbank.com\/wp-content\/uploads\/2024\/04\/buddha-seeds-logo-1622448424-1.png","contentUrl":"https:\/\/buddhaseedbank.com\/wp-content\/uploads\/2024\/04\/buddha-seeds-logo-1622448424-1.png","width":478,"height":200,"caption":"Buddha Seeds"},"image":{"@id":"https:\/\/buddhaseedbank.com\/pt-pt\/#\/schema\/logo\/image\/"}}]}},"_links":{"self":[{"href":"https:\/\/buddhaseedbank.com\/pt-pt\/wp-json\/wp\/v2\/product\/7430","targetHints":{"allow":["GET"]}}],"collection":[{"href":"https:\/\/buddhaseedbank.com\/pt-pt\/wp-json\/wp\/v2\/product"}],"about":[{"href":"https:\/\/buddhaseedbank.com\/pt-pt\/wp-json\/wp\/v2\/types\/product"}],"wp:featuredmedia":[{"embeddable":true,"href":"https:\/\/buddhaseedbank.com\/pt-pt\/wp-json\/wp\/v2\/media\/7431"}],"wp:attachment":[{"href":"https:\/\/buddhaseedbank.com\/pt-pt\/wp-json\/wp\/v2\/media?parent=7430"}],"wp:term":[{"taxonomy":"product_brand","embeddable":true,"href":"https:\/\/buddhaseedbank.com\/pt-pt\/wp-json\/wp\/v2\/product_brand?post=7430"},{"taxonomy":"product_cat","embeddable":true,"href":"https:\/\/buddhaseedbank.com\/pt-pt\/wp-json\/wp\/v2\/product_cat?post=7430"},{"taxonomy":"product_tag","embeddable":true,"href":"https:\/\/buddhaseedbank.com\/pt-pt\/wp-json\/wp\/v2\/product_tag?post=7430"}],"curies":[{"name":"wp","href":"https:\/\/api.w.org\/{rel}","templated":true}]}}