{"id":7465,"date":"2020-12-01T11:34:15","date_gmt":"2020-12-01T10:34:15","guid":{"rendered":"https:\/\/buddhaseedbank.com\/producto\/medikit-de-buda\/"},"modified":"2025-05-09T12:45:18","modified_gmt":"2025-05-09T10:45:18","slug":"buddha-medikit","status":"publish","type":"product","link":"https:\/\/buddhaseedbank.com\/pt-pt\/producto\/buddha-medikit\/","title":{"rendered":"Buddha Medikit"},"content":{"rendered":"<p style=\"text-align: justify;\"><strong>A Buddha Seeds<\/strong> trabalhou meticulosamente para satisfazer as exig\u00eancias mais rigorosas daqueles que optam por variedades de <strong>CBD <\/strong><strong>n\u00e3o psicoactivas<\/strong>. Por um lado, atingimos n\u00edveis de canabin\u00f3ides que excedem os <strong>20% de CBD<\/strong> em alguns indiv\u00edduos, enquanto o teor de <strong>THC<\/strong> \u00e9 <strong>de cerca de 1%<\/strong>.<\/p>\n<p style=\"text-align: justify;\"><strong>A Medikit<\/strong> \u00e9 uma variedade muito agrad\u00e1vel ao paladar, e os seus altos n\u00edveis de terpenos transmitem as melhores nuances, predominantemente aromas doces e c\u00edtricos como o lim\u00e3o, a laranja e\/ou a manga, com toques de terra e pinho.<\/p>\n<p style=\"text-align: justify;\"><strong>A Medikit<\/strong> \u00e9 uma h\u00edbrida cuja parte sativa \u00e9 fornecida por uma Harlequin californiana cruzada para a tornar homozig\u00f3tica com CBD, enquanto a sua ascend\u00eancia indica prov\u00e9m de um cruzamento seletivo de variedades latino-americanas de CBD.<\/p>\n<p style=\"text-align: justify;\">O seu crescimento \u00e9 explosivo e culmina numa flora\u00e7\u00e3o sublime, na qual se destaca a sua produ\u00e7\u00e3o final e a qualidade das suas flores, volumosas e compactas, cobertas tamb\u00e9m por uma camada cristalina de resina.<\/p>\n<p><a class=\"btn btn-default\" style=\"background-color: #ff0000; color: #ffffff;\" href=\"https:\/\/www.youtube.com\/watch?v=JYHL8B9tTJg\" target=\"_blank\" rel=\"noreferrer noopener nofollow\">YouTube \u25ba<\/a><\/p>\n","protected":false},"excerpt":{"rendered":"<p style=\"text-align: justify;\">Por um lado, conseguimos n\u00edveis de canabin\u00f3ides que excedem os 20% de CBD em alguns indiv\u00edduos, sem sacrificar o sabor.<\/p>\n","protected":false},"featured_media":8538,"template":"","meta":{"_joinchat":[]},"product_brand":[],"product_cat":[898,1680,897],"product_tag":[1434,1453,1449,1405,1457,1430,1527,1442,1481],"class_list":{"0":"post-7465","1":"product","2":"type-product","3":"status-publish","4":"has-post-thumbnail","6":"product_cat-sementes-de-buda-original","7":"product_cat-sementes-cbd","8":"product_cat-variedades-de-sementes-buddha","9":"product_tag-canabis-medicinal","10":"product_tag-canabis-ansiedade-stress","11":"product_tag-canabis-para-a-dor","12":"product_tag-canabis-para-relaxar","13":"product_tag-canabis-resistente-pragas","14":"product_tag-cannabis-indica-pt-pt","15":"product_tag-cannabis-sem-thc","16":"product_tag-sementes-cbd","17":"product_tag-sementes-fotodependentes","18":"pa_efecto-anima-te-controla-o-stress-e-a-ansiedade","19":"pa_fa-produccionenexteriorporpl-1-15-kg-pt-pt","20":"pa_genetica-hibrido-com-predominancia-indica","21":"pa_mesdecosecha-segunda-quinzena-de-outubro-hemisferio-norte-segunda-quinzena-de-abril-hemisferio-sul","22":"pa_produccionm-450-480-gr-pt-pt","23":"pa_semillas-10-unidades","24":"pa_semillas-3-unidades","25":"pa_semillas-50-pecas","26":"pa_sexo-feminizada-pt-pt","27":"pa_tiempodefloracion-75-dias","28":"pa_tipo-fotodependente","29":"pa_tipo-sementes-cbd","31":"first","32":"instock","33":"taxable","34":"shipping-taxable","35":"purchasable","36":"product-type-variable"},"yoast_head":"<!-- This site is optimized with the Yoast SEO plugin v27.3 - https:\/\/yoast.com\/product\/yoast-seo-wordpress\/ -->\n<title>Buddha Medikit - Buddha Seeds<\/title>\n<meta name=\"robots\" content=\"index, follow, max-snippet:-1, max-image-preview:large, max-video-preview:-1\" \/>\n<link rel=\"canonical\" href=\"https:\/\/buddhaseedbank.com\/pt-pt\/producto\/buddha-medikit\/\" \/>\n<meta property=\"og:locale\" content=\"pt_PT\" \/>\n<meta property=\"og:type\" content=\"article\" \/>\n<meta property=\"og:title\" content=\"Buddha Medikit - Buddha Seeds\" \/>\n<meta property=\"og:description\" content=\"Por um lado, conseguimos n\u00edveis de canabin\u00f3ides que excedem os 20% de CBD em alguns indiv\u00edduos, sem sacrificar o sabor.\" \/>\n<meta property=\"og:url\" content=\"https:\/\/buddhaseedbank.com\/pt-pt\/producto\/buddha-medikit\/\" \/>\n<meta property=\"og:site_name\" content=\"Buddha Seeds\" \/>\n<meta property=\"article:modified_time\" content=\"2025-05-09T10:45:18+00:00\" \/>\n<meta property=\"og:image\" content=\"https:\/\/buddhaseedbank.com\/wp-content\/uploads\/2020\/12\/Medikit_Buddhseeds_01.jpg\" \/>\n\t<meta property=\"og:image:width\" content=\"900\" \/>\n\t<meta property=\"og:image:height\" content=\"900\" \/>\n\t<meta property=\"og:image:type\" content=\"image\/jpeg\" \/>\n<meta name=\"twitter:card\" content=\"summary_large_image\" \/>\n<meta name=\"twitter:label1\" content=\"Tempo estimado de leitura\" \/>\n\t<meta name=\"twitter:data1\" content=\"1 minuto\" \/>\n<script type=\"application\/ld+json\" class=\"yoast-schema-graph\">{\"@context\":\"https:\\\/\\\/schema.org\",\"@graph\":[{\"@type\":\"WebPage\",\"@id\":\"https:\\\/\\\/buddhaseedbank.com\\\/pt-pt\\\/producto\\\/buddha-medikit\\\/\",\"url\":\"https:\\\/\\\/buddhaseedbank.com\\\/pt-pt\\\/producto\\\/buddha-medikit\\\/\",\"name\":\"Buddha Medikit - Buddha Seeds\",\"isPartOf\":{\"@id\":\"https:\\\/\\\/buddhaseedbank.com\\\/pt-pt\\\/#website\"},\"primaryImageOfPage\":{\"@id\":\"https:\\\/\\\/buddhaseedbank.com\\\/pt-pt\\\/producto\\\/buddha-medikit\\\/#primaryimage\"},\"image\":{\"@id\":\"https:\\\/\\\/buddhaseedbank.com\\\/pt-pt\\\/producto\\\/buddha-medikit\\\/#primaryimage\"},\"thumbnailUrl\":\"https:\\\/\\\/buddhaseedbank.com\\\/wp-content\\\/uploads\\\/2020\\\/12\\\/Medikit_Buddhseeds_01.jpg\",\"datePublished\":\"2020-12-01T10:34:15+00:00\",\"dateModified\":\"2025-05-09T10:45:18+00:00\",\"breadcrumb\":{\"@id\":\"https:\\\/\\\/buddhaseedbank.com\\\/pt-pt\\\/producto\\\/buddha-medikit\\\/#breadcrumb\"},\"inLanguage\":\"pt-PT\",\"potentialAction\":[{\"@type\":\"ReadAction\",\"target\":[\"https:\\\/\\\/buddhaseedbank.com\\\/pt-pt\\\/producto\\\/buddha-medikit\\\/\"]}]},{\"@type\":\"ImageObject\",\"inLanguage\":\"pt-PT\",\"@id\":\"https:\\\/\\\/buddhaseedbank.com\\\/pt-pt\\\/producto\\\/buddha-medikit\\\/#primaryimage\",\"url\":\"https:\\\/\\\/buddhaseedbank.com\\\/wp-content\\\/uploads\\\/2020\\\/12\\\/Medikit_Buddhseeds_01.jpg\",\"contentUrl\":\"https:\\\/\\\/buddhaseedbank.com\\\/wp-content\\\/uploads\\\/2020\\\/12\\\/Medikit_Buddhseeds_01.jpg\",\"width\":900,\"height\":900,\"caption\":\"Medikit Buddhseeds\"},{\"@type\":\"BreadcrumbList\",\"@id\":\"https:\\\/\\\/buddhaseedbank.com\\\/pt-pt\\\/producto\\\/buddha-medikit\\\/#breadcrumb\",\"itemListElement\":[{\"@type\":\"ListItem\",\"position\":1,\"name\":\"Portada\",\"item\":\"https:\\\/\\\/buddhaseedbank.com\\\/pt-pt\\\/\"},{\"@type\":\"ListItem\",\"position\":2,\"name\":\"Compra\",\"item\":\"https:\\\/\\\/buddhaseedbank.com\\\/pt-pt\\\/compra\\\/\"},{\"@type\":\"ListItem\",\"position\":3,\"name\":\"Buddha Medikit\"}]},{\"@type\":\"WebSite\",\"@id\":\"https:\\\/\\\/buddhaseedbank.com\\\/pt-pt\\\/#website\",\"url\":\"https:\\\/\\\/buddhaseedbank.com\\\/pt-pt\\\/\",\"name\":\"Buddha Seeds\",\"description\":\"\",\"publisher\":{\"@id\":\"https:\\\/\\\/buddhaseedbank.com\\\/pt-pt\\\/#organization\"},\"potentialAction\":[{\"@type\":\"SearchAction\",\"target\":{\"@type\":\"EntryPoint\",\"urlTemplate\":\"https:\\\/\\\/buddhaseedbank.com\\\/pt-pt\\\/?s={search_term_string}\"},\"query-input\":{\"@type\":\"PropertyValueSpecification\",\"valueRequired\":true,\"valueName\":\"search_term_string\"}}],\"inLanguage\":\"pt-PT\"},{\"@type\":\"Organization\",\"@id\":\"https:\\\/\\\/buddhaseedbank.com\\\/pt-pt\\\/#organization\",\"name\":\"Buddha Seeds\",\"url\":\"https:\\\/\\\/buddhaseedbank.com\\\/pt-pt\\\/\",\"logo\":{\"@type\":\"ImageObject\",\"inLanguage\":\"pt-PT\",\"@id\":\"https:\\\/\\\/buddhaseedbank.com\\\/pt-pt\\\/#\\\/schema\\\/logo\\\/image\\\/\",\"url\":\"https:\\\/\\\/buddhaseedbank.com\\\/wp-content\\\/uploads\\\/2024\\\/04\\\/buddha-seeds-logo-1622448424-1.png\",\"contentUrl\":\"https:\\\/\\\/buddhaseedbank.com\\\/wp-content\\\/uploads\\\/2024\\\/04\\\/buddha-seeds-logo-1622448424-1.png\",\"width\":478,\"height\":200,\"caption\":\"Buddha Seeds\"},\"image\":{\"@id\":\"https:\\\/\\\/buddhaseedbank.com\\\/pt-pt\\\/#\\\/schema\\\/logo\\\/image\\\/\"}}]}<\/script>\n<!-- \/ Yoast SEO plugin. -->","yoast_head_json":{"title":"Buddha Medikit - Buddha Seeds","robots":{"index":"index","follow":"follow","max-snippet":"max-snippet:-1","max-image-preview":"max-image-preview:large","max-video-preview":"max-video-preview:-1"},"canonical":"https:\/\/buddhaseedbank.com\/pt-pt\/producto\/buddha-medikit\/","og_locale":"pt_PT","og_type":"article","og_title":"Buddha Medikit - Buddha Seeds","og_description":"Por um lado, conseguimos n\u00edveis de canabin\u00f3ides que excedem os 20% de CBD em alguns indiv\u00edduos, sem sacrificar o sabor.","og_url":"https:\/\/buddhaseedbank.com\/pt-pt\/producto\/buddha-medikit\/","og_site_name":"Buddha Seeds","article_modified_time":"2025-05-09T10:45:18+00:00","og_image":[{"width":900,"height":900,"url":"https:\/\/buddhaseedbank.com\/wp-content\/uploads\/2020\/12\/Medikit_Buddhseeds_01.jpg","type":"image\/jpeg"}],"twitter_card":"summary_large_image","twitter_misc":{"Tempo estimado de leitura":"1 minuto"},"schema":{"@context":"https:\/\/schema.org","@graph":[{"@type":"WebPage","@id":"https:\/\/buddhaseedbank.com\/pt-pt\/producto\/buddha-medikit\/","url":"https:\/\/buddhaseedbank.com\/pt-pt\/producto\/buddha-medikit\/","name":"Buddha Medikit - Buddha Seeds","isPartOf":{"@id":"https:\/\/buddhaseedbank.com\/pt-pt\/#website"},"primaryImageOfPage":{"@id":"https:\/\/buddhaseedbank.com\/pt-pt\/producto\/buddha-medikit\/#primaryimage"},"image":{"@id":"https:\/\/buddhaseedbank.com\/pt-pt\/producto\/buddha-medikit\/#primaryimage"},"thumbnailUrl":"https:\/\/buddhaseedbank.com\/wp-content\/uploads\/2020\/12\/Medikit_Buddhseeds_01.jpg","datePublished":"2020-12-01T10:34:15+00:00","dateModified":"2025-05-09T10:45:18+00:00","breadcrumb":{"@id":"https:\/\/buddhaseedbank.com\/pt-pt\/producto\/buddha-medikit\/#breadcrumb"},"inLanguage":"pt-PT","potentialAction":[{"@type":"ReadAction","target":["https:\/\/buddhaseedbank.com\/pt-pt\/producto\/buddha-medikit\/"]}]},{"@type":"ImageObject","inLanguage":"pt-PT","@id":"https:\/\/buddhaseedbank.com\/pt-pt\/producto\/buddha-medikit\/#primaryimage","url":"https:\/\/buddhaseedbank.com\/wp-content\/uploads\/2020\/12\/Medikit_Buddhseeds_01.jpg","contentUrl":"https:\/\/buddhaseedbank.com\/wp-content\/uploads\/2020\/12\/Medikit_Buddhseeds_01.jpg","width":900,"height":900,"caption":"Medikit Buddhseeds"},{"@type":"BreadcrumbList","@id":"https:\/\/buddhaseedbank.com\/pt-pt\/producto\/buddha-medikit\/#breadcrumb","itemListElement":[{"@type":"ListItem","position":1,"name":"Portada","item":"https:\/\/buddhaseedbank.com\/pt-pt\/"},{"@type":"ListItem","position":2,"name":"Compra","item":"https:\/\/buddhaseedbank.com\/pt-pt\/compra\/"},{"@type":"ListItem","position":3,"name":"Buddha Medikit"}]},{"@type":"WebSite","@id":"https:\/\/buddhaseedbank.com\/pt-pt\/#website","url":"https:\/\/buddhaseedbank.com\/pt-pt\/","name":"Buddha Seeds","description":"","publisher":{"@id":"https:\/\/buddhaseedbank.com\/pt-pt\/#organization"},"potentialAction":[{"@type":"SearchAction","target":{"@type":"EntryPoint","urlTemplate":"https:\/\/buddhaseedbank.com\/pt-pt\/?s={search_term_string}"},"query-input":{"@type":"PropertyValueSpecification","valueRequired":true,"valueName":"search_term_string"}}],"inLanguage":"pt-PT"},{"@type":"Organization","@id":"https:\/\/buddhaseedbank.com\/pt-pt\/#organization","name":"Buddha Seeds","url":"https:\/\/buddhaseedbank.com\/pt-pt\/","logo":{"@type":"ImageObject","inLanguage":"pt-PT","@id":"https:\/\/buddhaseedbank.com\/pt-pt\/#\/schema\/logo\/image\/","url":"https:\/\/buddhaseedbank.com\/wp-content\/uploads\/2024\/04\/buddha-seeds-logo-1622448424-1.png","contentUrl":"https:\/\/buddhaseedbank.com\/wp-content\/uploads\/2024\/04\/buddha-seeds-logo-1622448424-1.png","width":478,"height":200,"caption":"Buddha Seeds"},"image":{"@id":"https:\/\/buddhaseedbank.com\/pt-pt\/#\/schema\/logo\/image\/"}}]}},"_links":{"self":[{"href":"https:\/\/buddhaseedbank.com\/pt-pt\/wp-json\/wp\/v2\/product\/7465","targetHints":{"allow":["GET"]}}],"collection":[{"href":"https:\/\/buddhaseedbank.com\/pt-pt\/wp-json\/wp\/v2\/product"}],"about":[{"href":"https:\/\/buddhaseedbank.com\/pt-pt\/wp-json\/wp\/v2\/types\/product"}],"wp:featuredmedia":[{"embeddable":true,"href":"https:\/\/buddhaseedbank.com\/pt-pt\/wp-json\/wp\/v2\/media\/8538"}],"wp:attachment":[{"href":"https:\/\/buddhaseedbank.com\/pt-pt\/wp-json\/wp\/v2\/media?parent=7465"}],"wp:term":[{"taxonomy":"product_brand","embeddable":true,"href":"https:\/\/buddhaseedbank.com\/pt-pt\/wp-json\/wp\/v2\/product_brand?post=7465"},{"taxonomy":"product_cat","embeddable":true,"href":"https:\/\/buddhaseedbank.com\/pt-pt\/wp-json\/wp\/v2\/product_cat?post=7465"},{"taxonomy":"product_tag","embeddable":true,"href":"https:\/\/buddhaseedbank.com\/pt-pt\/wp-json\/wp\/v2\/product_tag?post=7465"}],"curies":[{"name":"wp","href":"https:\/\/api.w.org\/{rel}","templated":true}]}}