{"id":7468,"date":"2020-12-01T14:55:34","date_gmt":"2020-12-01T13:55:34","guid":{"rendered":"https:\/\/buddhaseedbank.com\/producto\/buda-ak\/"},"modified":"2026-04-06T21:49:49","modified_gmt":"2026-04-06T19:49:49","slug":"buddha-ak","status":"publish","type":"product","link":"https:\/\/buddhaseedbank.com\/pt-pt\/producto\/buddha-ak\/","title":{"rendered":"Buddha AK"},"content":{"rendered":"<p style=\"text-align: justify;\">Desde o in\u00edcio, este cl\u00e1ssico <strong>tem sido popular entre o p\u00fablico<\/strong>. E, at\u00e9 hoje, continua a ganhar seguidores. A hist\u00f3ria deste cl\u00e1ssico foi cozinhada lentamente, com a inten\u00e7\u00e3o clara de conquistar um lugar no Olimpo das lendas.<\/p>\n<p style=\"text-align: justify;\">Esta variedade remonta aos anos 70, quando a sua incr\u00edvel pot\u00eancia marcou um antes e um depois que muito poucos cruzamentos, at\u00e9 \u00e0 data, conseguiram igualar, quanto mais ultrapassar. Por engano, o nome deste cl\u00e1ssico faz crer aos cultivadores n\u00e3o especializados que se trata de uma arma de guerra. Quando na verdade, a sua origem \u00e9 de um dos <strong>seus pais, uma Afghan Kush pura <\/strong>.<\/p>\n<p style=\"text-align: justify;\">Nos anos 70, ainda era relativamente f\u00e1cil encontrar variedades puras que os viajantes apaixonados recolhiam avidamente em locais long\u00ednquos de todo o mundo. Atualmente, s\u00e3o muito dif\u00edceis de encontrar.<\/p>\n<p style=\"text-align: justify;\">Os <strong>pais originais<\/strong>, embora seja dif\u00edcil ter 100% de certeza, s\u00e3o sativas puras da Col\u00f4mbia, M\u00e9xico, Tail\u00e2ndia e Afeganist\u00e3o. Estas variedades foram cruzadas e domesticadas durante anos por criadores experientes antes de este cl\u00e1ssico ver finalmente a luz do dia na d\u00e9cada de 1990. Esta incr\u00edvel h\u00edbrida ligeiramente sativa-dominante, j\u00e1 adaptada ao cultivo interior e exterior, continua a fascinar todos os cultivadores.<\/p>\n<p style=\"text-align: justify;\">Esta variedade teve um papel transcendental no <em>cultivo da<\/em> can\u00e1bis, desempenhando um papel de lideran\u00e7a durante muitos anos na maioria dos cruzamentos das novas gera\u00e7\u00f5es. E n\u00e3o \u00e9 de admirar, j\u00e1 ganhou sozinha mais de vinte t\u00edtulos nas mais famosas ta\u00e7as de can\u00e1bis. De <strong>Buddha Seeds inclu\u00edmos,<\/strong> na sele\u00e7\u00e3o de cl\u00e1ssicos, a vers\u00e3o mais fiel ao original.<\/p>\n<p style=\"text-align: justify;\"><strong>A nossa sele\u00e7\u00e3o prov\u00e9m<\/strong> <strong>de estacas antigas<\/strong> guardadas h\u00e1 mais de 20 anos que ainda mant\u00eam um vigor incr\u00edvel. A <strong>Buddha AK<\/strong> foi trabalhada pelos nossos <em>criadores<\/em> para a tornar ainda <strong>mais resistente e f\u00e1cil de cultivar<\/strong>.<\/p>\n<p style=\"text-align: justify;\">A <strong>Buddha Ak<\/strong> \u00e9 mais compacta e f\u00e1cil de cultivar, eliminando ao m\u00e1ximo o crescimento descontrolado dos seus pais sativa, mantendo a sua ess\u00eancia, produ\u00e7\u00e3o e pot\u00eancia em colas muito mais volumosas que surpreendem at\u00e9 os especialistas.<\/p>\n<p style=\"text-align: justify;\">Por outro lado, a <strong>Buddha AK<\/strong> \u00e9 <strong>selecionada entre os exemplares com maior concentra\u00e7\u00e3o de THC<\/strong>, o que te far\u00e1 compreender porque \u00e9 que hoje em dia este cl\u00e1ssico continua a encher os arm\u00e1rios e o seu fumo satisfaz os paladares mais exigentes.<\/p>\n","protected":false},"excerpt":{"rendered":"<p style=\"text-align: justify;\">A Buddha AK foi trabalhada pelos nossos <em>criadores<\/em> para a tornar ainda mais resistente e f\u00e1cil de cultivar. A Buddha AK \u00e9 mais compacta e f\u00e1cil de cultivar, eliminando ao m\u00e1ximo o crescimento descontrolado dos seus pais sativa, mantendo a sua ess\u00eancia, produ\u00e7\u00e3o e pot\u00eancia em colas muito mais volumosas que surpreendem at\u00e9 os especialistas.<\/p>\n","protected":false},"featured_media":7475,"template":"","meta":{"_joinchat":[]},"product_brand":[],"product_cat":[951,897],"product_tag":[1395,1457,1462,1509,1481],"class_list":{"0":"post-7468","1":"product","2":"type-product","3":"status-publish","4":"has-post-thumbnail","6":"product_cat-classics-buddha-seeds","7":"product_cat-variedades-de-sementes-buddha","8":"product_tag-canabis-efeito-potente","9":"product_tag-canabis-resistente-pragas","10":"product_tag-cannabis-sativa-pt-pt","11":"product_tag-classicos-canabis","12":"product_tag-sementes-fotodependentes","13":"pa_efecto-energetico-para-os-dias-cinzentos-destaca-se-a-moca-cerebral-de-longa-duracao-sem-efeitos-pesados-no-corpo-induz-boas-vibracoes-perfeito-para-consumo-na-empresa","14":"pa_fa-produccionenexteriorporpl-500-2000-gr-pt-pt","15":"pa_genetica-sativa-pt-pt","16":"pa_mesdecosecha-segunda-quinzena-de-outubro-hemisferio-norte-segunda-quinzena-de-abril-hemisferio-sul-pt-pt","17":"pa_produccionm-500-550-gr-pt-pt","18":"pa_semillas-10-unidades","19":"pa_semillas-3-unidades","20":"pa_semillas-50-pecas","21":"pa_sexo-feminizada-pt-pt","22":"pa_tiempodefloracion-60-63-dias","23":"pa_tipo-fotodependente","25":"first","26":"instock","27":"taxable","28":"shipping-taxable","29":"purchasable","30":"product-type-variable"},"yoast_head":"<!-- This site is optimized with the Yoast SEO plugin v27.3 - https:\/\/yoast.com\/product\/yoast-seo-wordpress\/ -->\n<title>Buddha AK - Sementes Buddha<\/title>\n<meta name=\"description\" content=\"As sementes AK que mais respeitaram a sua originalidade s\u00e3o as do banco Buddha Seeds, que multiplicou na Buddha AK os aspectos mais atractivos que os seguidores desta variedade lend\u00e1ria tanto desejam.\" \/>\n<meta name=\"robots\" content=\"index, follow, max-snippet:-1, max-image-preview:large, max-video-preview:-1\" \/>\n<link rel=\"canonical\" href=\"https:\/\/buddhaseedbank.com\/pt-pt\/producto\/buddha-ak\/\" \/>\n<meta property=\"og:locale\" content=\"pt_PT\" \/>\n<meta property=\"og:type\" content=\"article\" \/>\n<meta property=\"og:title\" content=\"Buddha AK - Sementes Buddha\" \/>\n<meta property=\"og:description\" content=\"As sementes AK que mais respeitaram a sua originalidade s\u00e3o as do banco Buddha Seeds, que multiplicou na Buddha AK os aspectos mais atractivos que os seguidores desta variedade lend\u00e1ria tanto desejam.\" \/>\n<meta property=\"og:url\" content=\"https:\/\/buddhaseedbank.com\/pt-pt\/producto\/buddha-ak\/\" \/>\n<meta property=\"og:site_name\" content=\"Buddha Seeds\" \/>\n<meta property=\"article:modified_time\" content=\"2026-04-06T19:49:49+00:00\" \/>\n<meta property=\"og:image\" content=\"https:\/\/buddhaseedbank.com\/wp-content\/uploads\/2020\/12\/211-Buddha-AK.jpg\" \/>\n\t<meta property=\"og:image:width\" content=\"1080\" \/>\n\t<meta property=\"og:image:height\" content=\"1080\" \/>\n\t<meta property=\"og:image:type\" content=\"image\/jpeg\" \/>\n<meta name=\"twitter:card\" content=\"summary_large_image\" \/>\n<meta name=\"twitter:label1\" content=\"Tempo estimado de leitura\" \/>\n\t<meta name=\"twitter:data1\" content=\"2 minutos\" \/>\n<script type=\"application\/ld+json\" class=\"yoast-schema-graph\">{\"@context\":\"https:\\\/\\\/schema.org\",\"@graph\":[{\"@type\":\"WebPage\",\"@id\":\"https:\\\/\\\/buddhaseedbank.com\\\/pt-pt\\\/producto\\\/buddha-ak\\\/\",\"url\":\"https:\\\/\\\/buddhaseedbank.com\\\/pt-pt\\\/producto\\\/buddha-ak\\\/\",\"name\":\"Buddha AK - Sementes Buddha\",\"isPartOf\":{\"@id\":\"https:\\\/\\\/buddhaseedbank.com\\\/pt-pt\\\/#website\"},\"primaryImageOfPage\":{\"@id\":\"https:\\\/\\\/buddhaseedbank.com\\\/pt-pt\\\/producto\\\/buddha-ak\\\/#primaryimage\"},\"image\":{\"@id\":\"https:\\\/\\\/buddhaseedbank.com\\\/pt-pt\\\/producto\\\/buddha-ak\\\/#primaryimage\"},\"thumbnailUrl\":\"https:\\\/\\\/buddhaseedbank.com\\\/wp-content\\\/uploads\\\/2020\\\/12\\\/211-Buddha-AK.jpg\",\"datePublished\":\"2020-12-01T13:55:34+00:00\",\"dateModified\":\"2026-04-06T19:49:49+00:00\",\"description\":\"As sementes AK que mais respeitaram a sua originalidade s\u00e3o as do banco Buddha Seeds, que multiplicou na Buddha AK os aspectos mais atractivos que os seguidores desta variedade lend\u00e1ria tanto desejam.\",\"breadcrumb\":{\"@id\":\"https:\\\/\\\/buddhaseedbank.com\\\/pt-pt\\\/producto\\\/buddha-ak\\\/#breadcrumb\"},\"inLanguage\":\"pt-PT\",\"potentialAction\":[{\"@type\":\"ReadAction\",\"target\":[\"https:\\\/\\\/buddhaseedbank.com\\\/pt-pt\\\/producto\\\/buddha-ak\\\/\"]}]},{\"@type\":\"ImageObject\",\"inLanguage\":\"pt-PT\",\"@id\":\"https:\\\/\\\/buddhaseedbank.com\\\/pt-pt\\\/producto\\\/buddha-ak\\\/#primaryimage\",\"url\":\"https:\\\/\\\/buddhaseedbank.com\\\/wp-content\\\/uploads\\\/2020\\\/12\\\/211-Buddha-AK.jpg\",\"contentUrl\":\"https:\\\/\\\/buddhaseedbank.com\\\/wp-content\\\/uploads\\\/2020\\\/12\\\/211-Buddha-AK.jpg\",\"width\":1080,\"height\":1080,\"caption\":\"Buddha AK Buddha Seeds mejor semilla fotodependiente cannabis cl\u00e1sica\"},{\"@type\":\"BreadcrumbList\",\"@id\":\"https:\\\/\\\/buddhaseedbank.com\\\/pt-pt\\\/producto\\\/buddha-ak\\\/#breadcrumb\",\"itemListElement\":[{\"@type\":\"ListItem\",\"position\":1,\"name\":\"Portada\",\"item\":\"https:\\\/\\\/buddhaseedbank.com\\\/pt-pt\\\/\"},{\"@type\":\"ListItem\",\"position\":2,\"name\":\"Compra\",\"item\":\"https:\\\/\\\/buddhaseedbank.com\\\/pt-pt\\\/compra\\\/\"},{\"@type\":\"ListItem\",\"position\":3,\"name\":\"Buddha AK\"}]},{\"@type\":\"WebSite\",\"@id\":\"https:\\\/\\\/buddhaseedbank.com\\\/pt-pt\\\/#website\",\"url\":\"https:\\\/\\\/buddhaseedbank.com\\\/pt-pt\\\/\",\"name\":\"Buddha Seeds\",\"description\":\"\",\"publisher\":{\"@id\":\"https:\\\/\\\/buddhaseedbank.com\\\/pt-pt\\\/#organization\"},\"potentialAction\":[{\"@type\":\"SearchAction\",\"target\":{\"@type\":\"EntryPoint\",\"urlTemplate\":\"https:\\\/\\\/buddhaseedbank.com\\\/pt-pt\\\/?s={search_term_string}\"},\"query-input\":{\"@type\":\"PropertyValueSpecification\",\"valueRequired\":true,\"valueName\":\"search_term_string\"}}],\"inLanguage\":\"pt-PT\"},{\"@type\":\"Organization\",\"@id\":\"https:\\\/\\\/buddhaseedbank.com\\\/pt-pt\\\/#organization\",\"name\":\"Buddha Seeds\",\"url\":\"https:\\\/\\\/buddhaseedbank.com\\\/pt-pt\\\/\",\"logo\":{\"@type\":\"ImageObject\",\"inLanguage\":\"pt-PT\",\"@id\":\"https:\\\/\\\/buddhaseedbank.com\\\/pt-pt\\\/#\\\/schema\\\/logo\\\/image\\\/\",\"url\":\"https:\\\/\\\/buddhaseedbank.com\\\/wp-content\\\/uploads\\\/2024\\\/04\\\/buddha-seeds-logo-1622448424-1.png\",\"contentUrl\":\"https:\\\/\\\/buddhaseedbank.com\\\/wp-content\\\/uploads\\\/2024\\\/04\\\/buddha-seeds-logo-1622448424-1.png\",\"width\":478,\"height\":200,\"caption\":\"Buddha Seeds\"},\"image\":{\"@id\":\"https:\\\/\\\/buddhaseedbank.com\\\/pt-pt\\\/#\\\/schema\\\/logo\\\/image\\\/\"}}]}<\/script>\n<!-- \/ Yoast SEO plugin. -->","yoast_head_json":{"title":"Buddha AK - Sementes Buddha","description":"As sementes AK que mais respeitaram a sua originalidade s\u00e3o as do banco Buddha Seeds, que multiplicou na Buddha AK os aspectos mais atractivos que os seguidores desta variedade lend\u00e1ria tanto desejam.","robots":{"index":"index","follow":"follow","max-snippet":"max-snippet:-1","max-image-preview":"max-image-preview:large","max-video-preview":"max-video-preview:-1"},"canonical":"https:\/\/buddhaseedbank.com\/pt-pt\/producto\/buddha-ak\/","og_locale":"pt_PT","og_type":"article","og_title":"Buddha AK - Sementes Buddha","og_description":"As sementes AK que mais respeitaram a sua originalidade s\u00e3o as do banco Buddha Seeds, que multiplicou na Buddha AK os aspectos mais atractivos que os seguidores desta variedade lend\u00e1ria tanto desejam.","og_url":"https:\/\/buddhaseedbank.com\/pt-pt\/producto\/buddha-ak\/","og_site_name":"Buddha Seeds","article_modified_time":"2026-04-06T19:49:49+00:00","og_image":[{"width":1080,"height":1080,"url":"https:\/\/buddhaseedbank.com\/wp-content\/uploads\/2020\/12\/211-Buddha-AK.jpg","type":"image\/jpeg"}],"twitter_card":"summary_large_image","twitter_misc":{"Tempo estimado de leitura":"2 minutos"},"schema":{"@context":"https:\/\/schema.org","@graph":[{"@type":"WebPage","@id":"https:\/\/buddhaseedbank.com\/pt-pt\/producto\/buddha-ak\/","url":"https:\/\/buddhaseedbank.com\/pt-pt\/producto\/buddha-ak\/","name":"Buddha AK - Sementes Buddha","isPartOf":{"@id":"https:\/\/buddhaseedbank.com\/pt-pt\/#website"},"primaryImageOfPage":{"@id":"https:\/\/buddhaseedbank.com\/pt-pt\/producto\/buddha-ak\/#primaryimage"},"image":{"@id":"https:\/\/buddhaseedbank.com\/pt-pt\/producto\/buddha-ak\/#primaryimage"},"thumbnailUrl":"https:\/\/buddhaseedbank.com\/wp-content\/uploads\/2020\/12\/211-Buddha-AK.jpg","datePublished":"2020-12-01T13:55:34+00:00","dateModified":"2026-04-06T19:49:49+00:00","description":"As sementes AK que mais respeitaram a sua originalidade s\u00e3o as do banco Buddha Seeds, que multiplicou na Buddha AK os aspectos mais atractivos que os seguidores desta variedade lend\u00e1ria tanto desejam.","breadcrumb":{"@id":"https:\/\/buddhaseedbank.com\/pt-pt\/producto\/buddha-ak\/#breadcrumb"},"inLanguage":"pt-PT","potentialAction":[{"@type":"ReadAction","target":["https:\/\/buddhaseedbank.com\/pt-pt\/producto\/buddha-ak\/"]}]},{"@type":"ImageObject","inLanguage":"pt-PT","@id":"https:\/\/buddhaseedbank.com\/pt-pt\/producto\/buddha-ak\/#primaryimage","url":"https:\/\/buddhaseedbank.com\/wp-content\/uploads\/2020\/12\/211-Buddha-AK.jpg","contentUrl":"https:\/\/buddhaseedbank.com\/wp-content\/uploads\/2020\/12\/211-Buddha-AK.jpg","width":1080,"height":1080,"caption":"Buddha AK Buddha Seeds mejor semilla fotodependiente cannabis cl\u00e1sica"},{"@type":"BreadcrumbList","@id":"https:\/\/buddhaseedbank.com\/pt-pt\/producto\/buddha-ak\/#breadcrumb","itemListElement":[{"@type":"ListItem","position":1,"name":"Portada","item":"https:\/\/buddhaseedbank.com\/pt-pt\/"},{"@type":"ListItem","position":2,"name":"Compra","item":"https:\/\/buddhaseedbank.com\/pt-pt\/compra\/"},{"@type":"ListItem","position":3,"name":"Buddha AK"}]},{"@type":"WebSite","@id":"https:\/\/buddhaseedbank.com\/pt-pt\/#website","url":"https:\/\/buddhaseedbank.com\/pt-pt\/","name":"Buddha Seeds","description":"","publisher":{"@id":"https:\/\/buddhaseedbank.com\/pt-pt\/#organization"},"potentialAction":[{"@type":"SearchAction","target":{"@type":"EntryPoint","urlTemplate":"https:\/\/buddhaseedbank.com\/pt-pt\/?s={search_term_string}"},"query-input":{"@type":"PropertyValueSpecification","valueRequired":true,"valueName":"search_term_string"}}],"inLanguage":"pt-PT"},{"@type":"Organization","@id":"https:\/\/buddhaseedbank.com\/pt-pt\/#organization","name":"Buddha Seeds","url":"https:\/\/buddhaseedbank.com\/pt-pt\/","logo":{"@type":"ImageObject","inLanguage":"pt-PT","@id":"https:\/\/buddhaseedbank.com\/pt-pt\/#\/schema\/logo\/image\/","url":"https:\/\/buddhaseedbank.com\/wp-content\/uploads\/2024\/04\/buddha-seeds-logo-1622448424-1.png","contentUrl":"https:\/\/buddhaseedbank.com\/wp-content\/uploads\/2024\/04\/buddha-seeds-logo-1622448424-1.png","width":478,"height":200,"caption":"Buddha Seeds"},"image":{"@id":"https:\/\/buddhaseedbank.com\/pt-pt\/#\/schema\/logo\/image\/"}}]}},"_links":{"self":[{"href":"https:\/\/buddhaseedbank.com\/pt-pt\/wp-json\/wp\/v2\/product\/7468","targetHints":{"allow":["GET"]}}],"collection":[{"href":"https:\/\/buddhaseedbank.com\/pt-pt\/wp-json\/wp\/v2\/product"}],"about":[{"href":"https:\/\/buddhaseedbank.com\/pt-pt\/wp-json\/wp\/v2\/types\/product"}],"wp:featuredmedia":[{"embeddable":true,"href":"https:\/\/buddhaseedbank.com\/pt-pt\/wp-json\/wp\/v2\/media\/7475"}],"wp:attachment":[{"href":"https:\/\/buddhaseedbank.com\/pt-pt\/wp-json\/wp\/v2\/media?parent=7468"}],"wp:term":[{"taxonomy":"product_brand","embeddable":true,"href":"https:\/\/buddhaseedbank.com\/pt-pt\/wp-json\/wp\/v2\/product_brand?post=7468"},{"taxonomy":"product_cat","embeddable":true,"href":"https:\/\/buddhaseedbank.com\/pt-pt\/wp-json\/wp\/v2\/product_cat?post=7468"},{"taxonomy":"product_tag","embeddable":true,"href":"https:\/\/buddhaseedbank.com\/pt-pt\/wp-json\/wp\/v2\/product_tag?post=7468"}],"curies":[{"name":"wp","href":"https:\/\/api.w.org\/{rel}","templated":true}]}}