{"id":7499,"date":"2020-12-01T12:10:54","date_gmt":"2020-12-01T11:10:54","guid":{"rendered":"https:\/\/buddhaseedbank.com\/producto\/morfeu\/"},"modified":"2025-05-09T12:46:13","modified_gmt":"2025-05-09T10:46:13","slug":"morpheus","status":"publish","type":"product","link":"https:\/\/buddhaseedbank.com\/pt-pt\/producto\/morpheus\/","title":{"rendered":"Morpheus"},"content":{"rendered":"<p style=\"text-align: justify;\"><strong>A Morpheus<\/strong> \u00e9 uma h\u00edbrida com propriedades terap\u00eauticas relaxantes e calmantes, gra\u00e7as ao seu elevado teor de CBD. <strong>A Buddha Seeds<\/strong> trabalhou conscienciosamente para estabilizar os r\u00e1cios de THC e CBD para um <strong>r\u00e1cio 1:1 de mais de 20%<\/strong> de canabin\u00f3ides totais. \u00c9 a solu\u00e7\u00e3o para o consumidor contempor\u00e2neo que procura<strong> rendimentos elevados<\/strong> com percentagens elevadas de THC e CBD.<\/p>\n<p style=\"text-align: justify;\"><strong>A Morpheus<\/strong> tamb\u00e9m tem uma estrutura ramificada, sem ser excessiva, com um crescimento poderoso que culmina numa <strong>flora\u00e7\u00e3o resinosa<\/strong>. \u00c0 primeira vista poder\u00e1s ver, na parte final do cultivo, os numerosos tricomas que lhe d\u00e3o esse aspeto t\u00e3o desejado que, juntamente com o seu sabor c\u00edtrico, fazem desta variedade um deleite para os cultivadores mais exigentes.<\/p>\n<p><a class=\"btn btn-default\" style=\"background-color: #ff0000; color: #ffffff;\" href=\"https:\/\/www.youtube.com\/watch?v=MBhDks55vsI\" target=\"_blank\" rel=\"noreferrer noopener nofollow\">YouTube \u25ba<\/a><\/p>\n","protected":false},"excerpt":{"rendered":"<p style=\"text-align: justify;\">Com esta variedade n\u00e3o autoflorescente, cumpre-se o ditado mitol\u00f3gico de &#8220;estar nos bra\u00e7os de Morpheus&#8221;, deus dos sonhos, com o qual te imergir\u00e1s numa excurs\u00e3o ps\u00edquica sem perder a lucidez.<\/p>\n","protected":false},"featured_media":7500,"template":"","meta":{"_joinchat":[]},"product_brand":[],"product_cat":[898,1680,897],"product_tag":[1466,1505,1434,1501,1405,1457,1430,1521,1442,1481],"class_list":{"0":"post-7499","1":"product","2":"type-product","3":"status-publish","4":"has-post-thumbnail","6":"product_cat-sementes-de-buda-original","7":"product_cat-sementes-cbd","8":"product_cat-variedades-de-sementes-buddha","9":"product_tag-canabis-exterior","10":"product_tag-canabis-interior","11":"product_tag-canabis-medicinal","12":"product_tag-canabis-para-dormir-melhor","13":"product_tag-canabis-para-relaxar","14":"product_tag-canabis-resistente-pragas","15":"product_tag-cannabis-indica-pt-pt","16":"product_tag-maconha-produtiva","17":"product_tag-sementes-cbd","18":"product_tag-sementes-fotodependentes","19":"pa_efecto-cerebral-e-prazeroso","20":"pa_fa-produccionenexteriorporpl-1-15-kg-pt-pt","21":"pa_genetica-hibrido","22":"pa_mesdecosecha-inicio-de-outubro-hemisferio-norte-inicio-de-abril-hemisferio-sul","23":"pa_produccionm-450-480-gr-pt-pt","24":"pa_semillas-10-unidades","25":"pa_semillas-3-unidades","26":"pa_semillas-50-pecas","27":"pa_sexo-feminizada-pt-pt","28":"pa_tiempodefloracion-65-dias","29":"pa_tipo-fotodependente","30":"pa_tipo-sementes-cbd","32":"first","33":"instock","34":"taxable","35":"shipping-taxable","36":"purchasable","37":"product-type-variable"},"yoast_head":"<!-- This site is optimized with the Yoast SEO plugin v27.3 - https:\/\/yoast.com\/product\/yoast-seo-wordpress\/ -->\n<title>Morpheus - Sementes de Buddha<\/title>\n<meta name=\"robots\" content=\"index, follow, max-snippet:-1, max-image-preview:large, max-video-preview:-1\" \/>\n<link rel=\"canonical\" href=\"https:\/\/buddhaseedbank.com\/pt-pt\/producto\/morpheus\/\" \/>\n<meta property=\"og:locale\" content=\"pt_PT\" \/>\n<meta property=\"og:type\" content=\"article\" \/>\n<meta property=\"og:title\" content=\"Morpheus - Sementes de Buddha\" \/>\n<meta property=\"og:description\" content=\"Com esta variedade n\u00e3o autoflorescente, cumpre-se o ditado mitol\u00f3gico de &quot;estar nos bra\u00e7os de Morpheus&quot;, deus dos sonhos, com o qual te imergir\u00e1s numa excurs\u00e3o ps\u00edquica sem perder a lucidez.\" \/>\n<meta property=\"og:url\" content=\"https:\/\/buddhaseedbank.com\/pt-pt\/producto\/morpheus\/\" \/>\n<meta property=\"og:site_name\" content=\"Buddha Seeds\" \/>\n<meta property=\"article:modified_time\" content=\"2025-05-09T10:46:13+00:00\" \/>\n<meta property=\"og:image\" content=\"https:\/\/buddhaseedbank.com\/wp-content\/uploads\/2020\/12\/199-Morpheus.jpg\" \/>\n\t<meta property=\"og:image:width\" content=\"1080\" \/>\n\t<meta property=\"og:image:height\" content=\"1080\" \/>\n\t<meta property=\"og:image:type\" content=\"image\/jpeg\" \/>\n<meta name=\"twitter:card\" content=\"summary_large_image\" \/>\n<meta name=\"twitter:label1\" content=\"Tempo estimado de leitura\" \/>\n\t<meta name=\"twitter:data1\" content=\"1 minuto\" \/>\n<script type=\"application\/ld+json\" class=\"yoast-schema-graph\">{\"@context\":\"https:\\\/\\\/schema.org\",\"@graph\":[{\"@type\":\"WebPage\",\"@id\":\"https:\\\/\\\/buddhaseedbank.com\\\/pt-pt\\\/producto\\\/morpheus\\\/\",\"url\":\"https:\\\/\\\/buddhaseedbank.com\\\/pt-pt\\\/producto\\\/morpheus\\\/\",\"name\":\"Morpheus - Sementes de Buddha\",\"isPartOf\":{\"@id\":\"https:\\\/\\\/buddhaseedbank.com\\\/pt-pt\\\/#website\"},\"primaryImageOfPage\":{\"@id\":\"https:\\\/\\\/buddhaseedbank.com\\\/pt-pt\\\/producto\\\/morpheus\\\/#primaryimage\"},\"image\":{\"@id\":\"https:\\\/\\\/buddhaseedbank.com\\\/pt-pt\\\/producto\\\/morpheus\\\/#primaryimage\"},\"thumbnailUrl\":\"https:\\\/\\\/buddhaseedbank.com\\\/wp-content\\\/uploads\\\/2020\\\/12\\\/199-Morpheus.jpg\",\"datePublished\":\"2020-12-01T11:10:54+00:00\",\"dateModified\":\"2025-05-09T10:46:13+00:00\",\"breadcrumb\":{\"@id\":\"https:\\\/\\\/buddhaseedbank.com\\\/pt-pt\\\/producto\\\/morpheus\\\/#breadcrumb\"},\"inLanguage\":\"pt-PT\",\"potentialAction\":[{\"@type\":\"ReadAction\",\"target\":[\"https:\\\/\\\/buddhaseedbank.com\\\/pt-pt\\\/producto\\\/morpheus\\\/\"]}]},{\"@type\":\"ImageObject\",\"inLanguage\":\"pt-PT\",\"@id\":\"https:\\\/\\\/buddhaseedbank.com\\\/pt-pt\\\/producto\\\/morpheus\\\/#primaryimage\",\"url\":\"https:\\\/\\\/buddhaseedbank.com\\\/wp-content\\\/uploads\\\/2020\\\/12\\\/199-Morpheus.jpg\",\"contentUrl\":\"https:\\\/\\\/buddhaseedbank.com\\\/wp-content\\\/uploads\\\/2020\\\/12\\\/199-Morpheus.jpg\",\"width\":1080,\"height\":1080,\"caption\":\"Morpheus Buddha Seeds fotodependiente resinosa cannabis medicinal\"},{\"@type\":\"BreadcrumbList\",\"@id\":\"https:\\\/\\\/buddhaseedbank.com\\\/pt-pt\\\/producto\\\/morpheus\\\/#breadcrumb\",\"itemListElement\":[{\"@type\":\"ListItem\",\"position\":1,\"name\":\"Portada\",\"item\":\"https:\\\/\\\/buddhaseedbank.com\\\/pt-pt\\\/\"},{\"@type\":\"ListItem\",\"position\":2,\"name\":\"Compra\",\"item\":\"https:\\\/\\\/buddhaseedbank.com\\\/pt-pt\\\/compra\\\/\"},{\"@type\":\"ListItem\",\"position\":3,\"name\":\"Morpheus\"}]},{\"@type\":\"WebSite\",\"@id\":\"https:\\\/\\\/buddhaseedbank.com\\\/pt-pt\\\/#website\",\"url\":\"https:\\\/\\\/buddhaseedbank.com\\\/pt-pt\\\/\",\"name\":\"Buddha Seeds\",\"description\":\"\",\"publisher\":{\"@id\":\"https:\\\/\\\/buddhaseedbank.com\\\/pt-pt\\\/#organization\"},\"potentialAction\":[{\"@type\":\"SearchAction\",\"target\":{\"@type\":\"EntryPoint\",\"urlTemplate\":\"https:\\\/\\\/buddhaseedbank.com\\\/pt-pt\\\/?s={search_term_string}\"},\"query-input\":{\"@type\":\"PropertyValueSpecification\",\"valueRequired\":true,\"valueName\":\"search_term_string\"}}],\"inLanguage\":\"pt-PT\"},{\"@type\":\"Organization\",\"@id\":\"https:\\\/\\\/buddhaseedbank.com\\\/pt-pt\\\/#organization\",\"name\":\"Buddha Seeds\",\"url\":\"https:\\\/\\\/buddhaseedbank.com\\\/pt-pt\\\/\",\"logo\":{\"@type\":\"ImageObject\",\"inLanguage\":\"pt-PT\",\"@id\":\"https:\\\/\\\/buddhaseedbank.com\\\/pt-pt\\\/#\\\/schema\\\/logo\\\/image\\\/\",\"url\":\"https:\\\/\\\/buddhaseedbank.com\\\/wp-content\\\/uploads\\\/2024\\\/04\\\/buddha-seeds-logo-1622448424-1.png\",\"contentUrl\":\"https:\\\/\\\/buddhaseedbank.com\\\/wp-content\\\/uploads\\\/2024\\\/04\\\/buddha-seeds-logo-1622448424-1.png\",\"width\":478,\"height\":200,\"caption\":\"Buddha Seeds\"},\"image\":{\"@id\":\"https:\\\/\\\/buddhaseedbank.com\\\/pt-pt\\\/#\\\/schema\\\/logo\\\/image\\\/\"}}]}<\/script>\n<!-- \/ Yoast SEO plugin. -->","yoast_head_json":{"title":"Morpheus - Sementes de Buddha","robots":{"index":"index","follow":"follow","max-snippet":"max-snippet:-1","max-image-preview":"max-image-preview:large","max-video-preview":"max-video-preview:-1"},"canonical":"https:\/\/buddhaseedbank.com\/pt-pt\/producto\/morpheus\/","og_locale":"pt_PT","og_type":"article","og_title":"Morpheus - Sementes de Buddha","og_description":"Com esta variedade n\u00e3o autoflorescente, cumpre-se o ditado mitol\u00f3gico de \"estar nos bra\u00e7os de Morpheus\", deus dos sonhos, com o qual te imergir\u00e1s numa excurs\u00e3o ps\u00edquica sem perder a lucidez.","og_url":"https:\/\/buddhaseedbank.com\/pt-pt\/producto\/morpheus\/","og_site_name":"Buddha Seeds","article_modified_time":"2025-05-09T10:46:13+00:00","og_image":[{"width":1080,"height":1080,"url":"https:\/\/buddhaseedbank.com\/wp-content\/uploads\/2020\/12\/199-Morpheus.jpg","type":"image\/jpeg"}],"twitter_card":"summary_large_image","twitter_misc":{"Tempo estimado de leitura":"1 minuto"},"schema":{"@context":"https:\/\/schema.org","@graph":[{"@type":"WebPage","@id":"https:\/\/buddhaseedbank.com\/pt-pt\/producto\/morpheus\/","url":"https:\/\/buddhaseedbank.com\/pt-pt\/producto\/morpheus\/","name":"Morpheus - Sementes de Buddha","isPartOf":{"@id":"https:\/\/buddhaseedbank.com\/pt-pt\/#website"},"primaryImageOfPage":{"@id":"https:\/\/buddhaseedbank.com\/pt-pt\/producto\/morpheus\/#primaryimage"},"image":{"@id":"https:\/\/buddhaseedbank.com\/pt-pt\/producto\/morpheus\/#primaryimage"},"thumbnailUrl":"https:\/\/buddhaseedbank.com\/wp-content\/uploads\/2020\/12\/199-Morpheus.jpg","datePublished":"2020-12-01T11:10:54+00:00","dateModified":"2025-05-09T10:46:13+00:00","breadcrumb":{"@id":"https:\/\/buddhaseedbank.com\/pt-pt\/producto\/morpheus\/#breadcrumb"},"inLanguage":"pt-PT","potentialAction":[{"@type":"ReadAction","target":["https:\/\/buddhaseedbank.com\/pt-pt\/producto\/morpheus\/"]}]},{"@type":"ImageObject","inLanguage":"pt-PT","@id":"https:\/\/buddhaseedbank.com\/pt-pt\/producto\/morpheus\/#primaryimage","url":"https:\/\/buddhaseedbank.com\/wp-content\/uploads\/2020\/12\/199-Morpheus.jpg","contentUrl":"https:\/\/buddhaseedbank.com\/wp-content\/uploads\/2020\/12\/199-Morpheus.jpg","width":1080,"height":1080,"caption":"Morpheus Buddha Seeds fotodependiente resinosa cannabis medicinal"},{"@type":"BreadcrumbList","@id":"https:\/\/buddhaseedbank.com\/pt-pt\/producto\/morpheus\/#breadcrumb","itemListElement":[{"@type":"ListItem","position":1,"name":"Portada","item":"https:\/\/buddhaseedbank.com\/pt-pt\/"},{"@type":"ListItem","position":2,"name":"Compra","item":"https:\/\/buddhaseedbank.com\/pt-pt\/compra\/"},{"@type":"ListItem","position":3,"name":"Morpheus"}]},{"@type":"WebSite","@id":"https:\/\/buddhaseedbank.com\/pt-pt\/#website","url":"https:\/\/buddhaseedbank.com\/pt-pt\/","name":"Buddha Seeds","description":"","publisher":{"@id":"https:\/\/buddhaseedbank.com\/pt-pt\/#organization"},"potentialAction":[{"@type":"SearchAction","target":{"@type":"EntryPoint","urlTemplate":"https:\/\/buddhaseedbank.com\/pt-pt\/?s={search_term_string}"},"query-input":{"@type":"PropertyValueSpecification","valueRequired":true,"valueName":"search_term_string"}}],"inLanguage":"pt-PT"},{"@type":"Organization","@id":"https:\/\/buddhaseedbank.com\/pt-pt\/#organization","name":"Buddha Seeds","url":"https:\/\/buddhaseedbank.com\/pt-pt\/","logo":{"@type":"ImageObject","inLanguage":"pt-PT","@id":"https:\/\/buddhaseedbank.com\/pt-pt\/#\/schema\/logo\/image\/","url":"https:\/\/buddhaseedbank.com\/wp-content\/uploads\/2024\/04\/buddha-seeds-logo-1622448424-1.png","contentUrl":"https:\/\/buddhaseedbank.com\/wp-content\/uploads\/2024\/04\/buddha-seeds-logo-1622448424-1.png","width":478,"height":200,"caption":"Buddha Seeds"},"image":{"@id":"https:\/\/buddhaseedbank.com\/pt-pt\/#\/schema\/logo\/image\/"}}]}},"_links":{"self":[{"href":"https:\/\/buddhaseedbank.com\/pt-pt\/wp-json\/wp\/v2\/product\/7499","targetHints":{"allow":["GET"]}}],"collection":[{"href":"https:\/\/buddhaseedbank.com\/pt-pt\/wp-json\/wp\/v2\/product"}],"about":[{"href":"https:\/\/buddhaseedbank.com\/pt-pt\/wp-json\/wp\/v2\/types\/product"}],"wp:featuredmedia":[{"embeddable":true,"href":"https:\/\/buddhaseedbank.com\/pt-pt\/wp-json\/wp\/v2\/media\/7500"}],"wp:attachment":[{"href":"https:\/\/buddhaseedbank.com\/pt-pt\/wp-json\/wp\/v2\/media?parent=7499"}],"wp:term":[{"taxonomy":"product_brand","embeddable":true,"href":"https:\/\/buddhaseedbank.com\/pt-pt\/wp-json\/wp\/v2\/product_brand?post=7499"},{"taxonomy":"product_cat","embeddable":true,"href":"https:\/\/buddhaseedbank.com\/pt-pt\/wp-json\/wp\/v2\/product_cat?post=7499"},{"taxonomy":"product_tag","embeddable":true,"href":"https:\/\/buddhaseedbank.com\/pt-pt\/wp-json\/wp\/v2\/product_tag?post=7499"}],"curies":[{"name":"wp","href":"https:\/\/api.w.org\/{rel}","templated":true}]}}