{"id":7508,"date":"2020-12-02T11:12:13","date_gmt":"2020-12-02T10:12:13","guid":{"rendered":"https:\/\/buddhaseedbank.com\/producto\/amnesia-de-buda\/"},"modified":"2026-04-06T21:49:50","modified_gmt":"2026-04-06T19:49:50","slug":"buddha-amnesia","status":"publish","type":"product","link":"https:\/\/buddhaseedbank.com\/pt-pt\/producto\/buddha-amnesia\/","title":{"rendered":"Buddha Amnesia"},"content":{"rendered":"<p style=\"text-align: justify;\"><strong>A Amnesia<\/strong> <strong>ganhou fama num curto espa\u00e7o<\/strong> de tempo e com argumentos fortes, o que lhe permitiu ganhar a confian\u00e7a do consumidor regular. Esta popularidade catapultou-o da Costa Oeste dos Estados Unidos para a meca da marijuana na Europa, Amesterd\u00e3o, onde ainda tem um lugar de destaque no menu <em>dos caf\u00e9s<\/em>.<\/p>\n<p style=\"text-align: justify;\">A <strong>reputa\u00e7\u00e3o deste cl\u00e1ssico<\/strong> foi constru\u00edda principalmente sobre o efeito do seu consumo. \u00c9 uma <strong>variedade estimulante<\/strong> gra\u00e7as a uma maior carga de sativa na sua gen\u00e9tica. \u00c9 tamb\u00e9m <strong>criativo<\/strong> porque permite que os consumidores abram a sua mente a novas ideias e\/ou projectos. Por outro lado, esta variedade reduz significativamente a ansiedade e o stress. Por \u00faltimo, tem um efeito <strong>soci\u00e1vel<\/strong>, porque promove as rela\u00e7\u00f5es sociais.<\/p>\n<p style=\"text-align: justify;\">Inclu\u00edmos todas estas caracter\u00edsticas no <strong>Buddha Amnesia<\/strong> como uma homenagem a este cl\u00e1ssico. Em cultivos de interior recomendamos que n\u00e3o lhe d\u00eas mais de duas semanas de crescimento devido ao seu gene sativa, ou opta por <strong>t\u00e9cnicas<\/strong> de poda e\/ou <strong>cultivo<\/strong> como Scrog ou LST.<\/p>\n<p style=\"text-align: justify;\">Em termos de sabores e aromas, destaca-se o seu <strong>incr\u00edvel sabor a incenso<\/strong>. Como uma catedral, esta variedade enche a sala e os teus sentidos de aroma.<\/p>\n<p style=\"text-align: justify;\">Este efeito carater\u00edstico deste cl\u00e1ssico \u00e9 amplamente utilizado por pintores, m\u00fasicos e artistas de todos os tipos para momentos em que \u00e9 necess\u00e1ria uma centelha de criatividade. \u00c9 claro que os fumadores brincalh\u00f5es apreciam-no por isso e pela sua capacidade de provocar o riso rapidamente. Al\u00e9m disso, <strong>a Buddha Amnesia<\/strong> pode atingir percentagens elevadas de THC.<\/p>\n<p style=\"text-align: justify;\">Destacam-se os fen\u00f3tipos com toques c\u00edtricos, dos quais emergem as linhas Amnesia Lemon e outras com toques de madeira. O sabor permanece na boca durante muito tempo, sendo apreciado em cada expira\u00e7\u00e3o durante minutos. A <strong>variedade Haze mant\u00e9m<\/strong> a sua riqueza em terpenos, o que a torna uma das favoritas para receitas culin\u00e1rias.<\/p>\n","protected":false},"excerpt":{"rendered":"<p style=\"text-align: justify;\"><strong>A Amnesia<\/strong> <strong>ganhou fama num curto espa\u00e7o<\/strong> de tempo e com argumentos fortes, o que lhe permitiu ganhar a confian\u00e7a do consumidor regular. Esta popularidade catapultou-o da Costa Oeste dos Estados Unidos para a meca da marijuana na Europa, Amesterd\u00e3o, onde ainda tem um lugar de destaque no menu <em>dos caf\u00e9s<\/em>.<\/p>\n","protected":false},"featured_media":7509,"template":"","meta":{"_joinchat":[]},"product_brand":[],"product_cat":[951,897],"product_tag":[1395,1453,1462,1521,1481],"class_list":{"0":"post-7508","1":"product","2":"type-product","3":"status-publish","4":"has-post-thumbnail","6":"product_cat-classics-buddha-seeds","7":"product_cat-variedades-de-sementes-buddha","8":"product_tag-canabis-efeito-potente","9":"product_tag-canabis-ansiedade-stress","10":"product_tag-cannabis-sativa-pt-pt","11":"product_tag-maconha-produtiva","12":"product_tag-sementes-fotodependentes","13":"pa_efecto-estimulante-criativo-sociavel-alem-de-reduzir-significativamente-a-ansiedade-e-o-stress","14":"pa_fa-produccionenexteriorporpl-500-2000-gr-pt-pt","15":"pa_genetica-sativa-pt-pt","16":"pa_mesdecosecha-segunda-quinzena-de-outubro-hemisferio-norte-segunda-quinzena-de-abril-hemisferio-sul","17":"pa_produccionm-500-650-gr-pt-pt","18":"pa_semillas-10-unidades","19":"pa_semillas-3-unidades","20":"pa_semillas-50-pecas","21":"pa_sexo-feminizada-pt-pt","22":"pa_tiempodefloracion-70-dias","23":"pa_tipo-fotodependente","25":"first","26":"instock","27":"taxable","28":"shipping-taxable","29":"purchasable","30":"product-type-variable"},"yoast_head":"<!-- This site is optimized with the Yoast SEO plugin v27.5 - https:\/\/yoast.com\/product\/yoast-seo-wordpress\/ -->\n<title>Buddha Amnesia - Sementes de Buddha<\/title>\n<meta name=\"description\" content=\"A reputa\u00e7\u00e3o da Amnesia foi constru\u00edda principalmente pelo efeito que produz: estimulante, criativo, medicinal, soci\u00e1vel. Como homenagem a este cl\u00e1ssico, a Buddha Seeds incluiu na Buddha Amnesia os seus pontos fortes, aumentando o n\u00edvel de THC.\" \/>\n<meta name=\"robots\" content=\"index, follow, max-snippet:-1, max-image-preview:large, max-video-preview:-1\" \/>\n<link rel=\"canonical\" href=\"https:\/\/buddhaseedbank.com\/pt-pt\/producto\/buddha-amnesia\/\" \/>\n<meta property=\"og:locale\" content=\"pt_PT\" \/>\n<meta property=\"og:type\" content=\"article\" \/>\n<meta property=\"og:title\" content=\"Buddha Amnesia - Sementes de Buddha\" \/>\n<meta property=\"og:description\" content=\"A reputa\u00e7\u00e3o da Amnesia foi constru\u00edda principalmente pelo efeito que produz: estimulante, criativo, medicinal, soci\u00e1vel. Como homenagem a este cl\u00e1ssico, a Buddha Seeds incluiu na Buddha Amnesia os seus pontos fortes, aumentando o n\u00edvel de THC.\" \/>\n<meta property=\"og:url\" content=\"https:\/\/buddhaseedbank.com\/pt-pt\/producto\/buddha-amnesia\/\" \/>\n<meta property=\"og:site_name\" content=\"Buddha Seeds\" \/>\n<meta property=\"article:modified_time\" content=\"2026-04-06T19:49:50+00:00\" \/>\n<meta property=\"og:image\" content=\"https:\/\/buddhaseedbank.com\/wp-content\/uploads\/2020\/12\/213-Buddha-Amnesia.jpg\" \/>\n\t<meta property=\"og:image:width\" content=\"1080\" \/>\n\t<meta property=\"og:image:height\" content=\"1080\" \/>\n\t<meta property=\"og:image:type\" content=\"image\/jpeg\" \/>\n<meta name=\"twitter:card\" content=\"summary_large_image\" \/>\n<meta name=\"twitter:label1\" content=\"Tempo estimado de leitura\" \/>\n\t<meta name=\"twitter:data1\" content=\"2 minutos\" \/>\n<script type=\"application\/ld+json\" class=\"yoast-schema-graph\">{\"@context\":\"https:\\\/\\\/schema.org\",\"@graph\":[{\"@type\":\"WebPage\",\"@id\":\"https:\\\/\\\/buddhaseedbank.com\\\/pt-pt\\\/producto\\\/buddha-amnesia\\\/\",\"url\":\"https:\\\/\\\/buddhaseedbank.com\\\/pt-pt\\\/producto\\\/buddha-amnesia\\\/\",\"name\":\"Buddha Amnesia - Sementes de Buddha\",\"isPartOf\":{\"@id\":\"https:\\\/\\\/buddhaseedbank.com\\\/pt-pt\\\/#website\"},\"primaryImageOfPage\":{\"@id\":\"https:\\\/\\\/buddhaseedbank.com\\\/pt-pt\\\/producto\\\/buddha-amnesia\\\/#primaryimage\"},\"image\":{\"@id\":\"https:\\\/\\\/buddhaseedbank.com\\\/pt-pt\\\/producto\\\/buddha-amnesia\\\/#primaryimage\"},\"thumbnailUrl\":\"https:\\\/\\\/buddhaseedbank.com\\\/wp-content\\\/uploads\\\/2020\\\/12\\\/213-Buddha-Amnesia.jpg\",\"datePublished\":\"2020-12-02T10:12:13+00:00\",\"dateModified\":\"2026-04-06T19:49:50+00:00\",\"description\":\"A reputa\u00e7\u00e3o da Amnesia foi constru\u00edda principalmente pelo efeito que produz: estimulante, criativo, medicinal, soci\u00e1vel. Como homenagem a este cl\u00e1ssico, a Buddha Seeds incluiu na Buddha Amnesia os seus pontos fortes, aumentando o n\u00edvel de THC.\",\"breadcrumb\":{\"@id\":\"https:\\\/\\\/buddhaseedbank.com\\\/pt-pt\\\/producto\\\/buddha-amnesia\\\/#breadcrumb\"},\"inLanguage\":\"pt-PT\",\"potentialAction\":[{\"@type\":\"ReadAction\",\"target\":[\"https:\\\/\\\/buddhaseedbank.com\\\/pt-pt\\\/producto\\\/buddha-amnesia\\\/\"]}]},{\"@type\":\"ImageObject\",\"inLanguage\":\"pt-PT\",\"@id\":\"https:\\\/\\\/buddhaseedbank.com\\\/pt-pt\\\/producto\\\/buddha-amnesia\\\/#primaryimage\",\"url\":\"https:\\\/\\\/buddhaseedbank.com\\\/wp-content\\\/uploads\\\/2020\\\/12\\\/213-Buddha-Amnesia.jpg\",\"contentUrl\":\"https:\\\/\\\/buddhaseedbank.com\\\/wp-content\\\/uploads\\\/2020\\\/12\\\/213-Buddha-Amnesia.jpg\",\"width\":1080,\"height\":1080,\"caption\":\"Buddha Amnesia cl\u00e1sicos cannabis Buddha Seeds\"},{\"@type\":\"BreadcrumbList\",\"@id\":\"https:\\\/\\\/buddhaseedbank.com\\\/pt-pt\\\/producto\\\/buddha-amnesia\\\/#breadcrumb\",\"itemListElement\":[{\"@type\":\"ListItem\",\"position\":1,\"name\":\"Portada\",\"item\":\"https:\\\/\\\/buddhaseedbank.com\\\/pt-pt\\\/\"},{\"@type\":\"ListItem\",\"position\":2,\"name\":\"Compra\",\"item\":\"https:\\\/\\\/buddhaseedbank.com\\\/pt-pt\\\/compra\\\/\"},{\"@type\":\"ListItem\",\"position\":3,\"name\":\"Buddha Amnesia\"}]},{\"@type\":\"WebSite\",\"@id\":\"https:\\\/\\\/buddhaseedbank.com\\\/pt-pt\\\/#website\",\"url\":\"https:\\\/\\\/buddhaseedbank.com\\\/pt-pt\\\/\",\"name\":\"Buddha Seeds\",\"description\":\"\",\"publisher\":{\"@id\":\"https:\\\/\\\/buddhaseedbank.com\\\/pt-pt\\\/#organization\"},\"potentialAction\":[{\"@type\":\"SearchAction\",\"target\":{\"@type\":\"EntryPoint\",\"urlTemplate\":\"https:\\\/\\\/buddhaseedbank.com\\\/pt-pt\\\/?s={search_term_string}\"},\"query-input\":{\"@type\":\"PropertyValueSpecification\",\"valueRequired\":true,\"valueName\":\"search_term_string\"}}],\"inLanguage\":\"pt-PT\"},{\"@type\":\"Organization\",\"@id\":\"https:\\\/\\\/buddhaseedbank.com\\\/pt-pt\\\/#organization\",\"name\":\"Buddha Seeds\",\"url\":\"https:\\\/\\\/buddhaseedbank.com\\\/pt-pt\\\/\",\"logo\":{\"@type\":\"ImageObject\",\"inLanguage\":\"pt-PT\",\"@id\":\"https:\\\/\\\/buddhaseedbank.com\\\/pt-pt\\\/#\\\/schema\\\/logo\\\/image\\\/\",\"url\":\"https:\\\/\\\/buddhaseedbank.com\\\/wp-content\\\/uploads\\\/2024\\\/04\\\/buddha-seeds-logo-1622448424-1.png\",\"contentUrl\":\"https:\\\/\\\/buddhaseedbank.com\\\/wp-content\\\/uploads\\\/2024\\\/04\\\/buddha-seeds-logo-1622448424-1.png\",\"width\":478,\"height\":200,\"caption\":\"Buddha Seeds\"},\"image\":{\"@id\":\"https:\\\/\\\/buddhaseedbank.com\\\/pt-pt\\\/#\\\/schema\\\/logo\\\/image\\\/\"}}]}<\/script>\n<!-- \/ Yoast SEO plugin. -->","yoast_head_json":{"title":"Buddha Amnesia - Sementes de Buddha","description":"A reputa\u00e7\u00e3o da Amnesia foi constru\u00edda principalmente pelo efeito que produz: estimulante, criativo, medicinal, soci\u00e1vel. Como homenagem a este cl\u00e1ssico, a Buddha Seeds incluiu na Buddha Amnesia os seus pontos fortes, aumentando o n\u00edvel de THC.","robots":{"index":"index","follow":"follow","max-snippet":"max-snippet:-1","max-image-preview":"max-image-preview:large","max-video-preview":"max-video-preview:-1"},"canonical":"https:\/\/buddhaseedbank.com\/pt-pt\/producto\/buddha-amnesia\/","og_locale":"pt_PT","og_type":"article","og_title":"Buddha Amnesia - Sementes de Buddha","og_description":"A reputa\u00e7\u00e3o da Amnesia foi constru\u00edda principalmente pelo efeito que produz: estimulante, criativo, medicinal, soci\u00e1vel. Como homenagem a este cl\u00e1ssico, a Buddha Seeds incluiu na Buddha Amnesia os seus pontos fortes, aumentando o n\u00edvel de THC.","og_url":"https:\/\/buddhaseedbank.com\/pt-pt\/producto\/buddha-amnesia\/","og_site_name":"Buddha Seeds","article_modified_time":"2026-04-06T19:49:50+00:00","og_image":[{"width":1080,"height":1080,"url":"https:\/\/buddhaseedbank.com\/wp-content\/uploads\/2020\/12\/213-Buddha-Amnesia.jpg","type":"image\/jpeg"}],"twitter_card":"summary_large_image","twitter_misc":{"Tempo estimado de leitura":"2 minutos"},"schema":{"@context":"https:\/\/schema.org","@graph":[{"@type":"WebPage","@id":"https:\/\/buddhaseedbank.com\/pt-pt\/producto\/buddha-amnesia\/","url":"https:\/\/buddhaseedbank.com\/pt-pt\/producto\/buddha-amnesia\/","name":"Buddha Amnesia - Sementes de Buddha","isPartOf":{"@id":"https:\/\/buddhaseedbank.com\/pt-pt\/#website"},"primaryImageOfPage":{"@id":"https:\/\/buddhaseedbank.com\/pt-pt\/producto\/buddha-amnesia\/#primaryimage"},"image":{"@id":"https:\/\/buddhaseedbank.com\/pt-pt\/producto\/buddha-amnesia\/#primaryimage"},"thumbnailUrl":"https:\/\/buddhaseedbank.com\/wp-content\/uploads\/2020\/12\/213-Buddha-Amnesia.jpg","datePublished":"2020-12-02T10:12:13+00:00","dateModified":"2026-04-06T19:49:50+00:00","description":"A reputa\u00e7\u00e3o da Amnesia foi constru\u00edda principalmente pelo efeito que produz: estimulante, criativo, medicinal, soci\u00e1vel. Como homenagem a este cl\u00e1ssico, a Buddha Seeds incluiu na Buddha Amnesia os seus pontos fortes, aumentando o n\u00edvel de THC.","breadcrumb":{"@id":"https:\/\/buddhaseedbank.com\/pt-pt\/producto\/buddha-amnesia\/#breadcrumb"},"inLanguage":"pt-PT","potentialAction":[{"@type":"ReadAction","target":["https:\/\/buddhaseedbank.com\/pt-pt\/producto\/buddha-amnesia\/"]}]},{"@type":"ImageObject","inLanguage":"pt-PT","@id":"https:\/\/buddhaseedbank.com\/pt-pt\/producto\/buddha-amnesia\/#primaryimage","url":"https:\/\/buddhaseedbank.com\/wp-content\/uploads\/2020\/12\/213-Buddha-Amnesia.jpg","contentUrl":"https:\/\/buddhaseedbank.com\/wp-content\/uploads\/2020\/12\/213-Buddha-Amnesia.jpg","width":1080,"height":1080,"caption":"Buddha Amnesia cl\u00e1sicos cannabis Buddha Seeds"},{"@type":"BreadcrumbList","@id":"https:\/\/buddhaseedbank.com\/pt-pt\/producto\/buddha-amnesia\/#breadcrumb","itemListElement":[{"@type":"ListItem","position":1,"name":"Portada","item":"https:\/\/buddhaseedbank.com\/pt-pt\/"},{"@type":"ListItem","position":2,"name":"Compra","item":"https:\/\/buddhaseedbank.com\/pt-pt\/compra\/"},{"@type":"ListItem","position":3,"name":"Buddha Amnesia"}]},{"@type":"WebSite","@id":"https:\/\/buddhaseedbank.com\/pt-pt\/#website","url":"https:\/\/buddhaseedbank.com\/pt-pt\/","name":"Buddha Seeds","description":"","publisher":{"@id":"https:\/\/buddhaseedbank.com\/pt-pt\/#organization"},"potentialAction":[{"@type":"SearchAction","target":{"@type":"EntryPoint","urlTemplate":"https:\/\/buddhaseedbank.com\/pt-pt\/?s={search_term_string}"},"query-input":{"@type":"PropertyValueSpecification","valueRequired":true,"valueName":"search_term_string"}}],"inLanguage":"pt-PT"},{"@type":"Organization","@id":"https:\/\/buddhaseedbank.com\/pt-pt\/#organization","name":"Buddha Seeds","url":"https:\/\/buddhaseedbank.com\/pt-pt\/","logo":{"@type":"ImageObject","inLanguage":"pt-PT","@id":"https:\/\/buddhaseedbank.com\/pt-pt\/#\/schema\/logo\/image\/","url":"https:\/\/buddhaseedbank.com\/wp-content\/uploads\/2024\/04\/buddha-seeds-logo-1622448424-1.png","contentUrl":"https:\/\/buddhaseedbank.com\/wp-content\/uploads\/2024\/04\/buddha-seeds-logo-1622448424-1.png","width":478,"height":200,"caption":"Buddha Seeds"},"image":{"@id":"https:\/\/buddhaseedbank.com\/pt-pt\/#\/schema\/logo\/image\/"}}]}},"_links":{"self":[{"href":"https:\/\/buddhaseedbank.com\/pt-pt\/wp-json\/wp\/v2\/product\/7508","targetHints":{"allow":["GET"]}}],"collection":[{"href":"https:\/\/buddhaseedbank.com\/pt-pt\/wp-json\/wp\/v2\/product"}],"about":[{"href":"https:\/\/buddhaseedbank.com\/pt-pt\/wp-json\/wp\/v2\/types\/product"}],"wp:featuredmedia":[{"embeddable":true,"href":"https:\/\/buddhaseedbank.com\/pt-pt\/wp-json\/wp\/v2\/media\/7509"}],"wp:attachment":[{"href":"https:\/\/buddhaseedbank.com\/pt-pt\/wp-json\/wp\/v2\/media?parent=7508"}],"wp:term":[{"taxonomy":"product_brand","embeddable":true,"href":"https:\/\/buddhaseedbank.com\/pt-pt\/wp-json\/wp\/v2\/product_brand?post=7508"},{"taxonomy":"product_cat","embeddable":true,"href":"https:\/\/buddhaseedbank.com\/pt-pt\/wp-json\/wp\/v2\/product_cat?post=7508"},{"taxonomy":"product_tag","embeddable":true,"href":"https:\/\/buddhaseedbank.com\/pt-pt\/wp-json\/wp\/v2\/product_tag?post=7508"}],"curies":[{"name":"wp","href":"https:\/\/api.w.org\/{rel}","templated":true}]}}