{"id":7515,"date":"2020-12-01T12:32:51","date_gmt":"2020-12-01T11:32:51","guid":{"rendered":"https:\/\/buddhaseedbank.com\/producto\/buddha-purple-kush\/"},"modified":"2026-04-06T21:49:50","modified_gmt":"2026-04-06T19:49:50","slug":"buddha-purple-kush","status":"publish","type":"product","link":"https:\/\/buddhaseedbank.com\/pt-pt\/producto\/buddha-purple-kush\/","title":{"rendered":"Buddha Purple Kush"},"content":{"rendered":"<p style=\"text-align: justify;\">Trabalho <strong>altamente dedicado<\/strong> para real\u00e7ar e <strong>estabilizar as qualidades m\u00e1ximas<\/strong> de cada um dos seus tr\u00eas ascendentes, obtendo um h\u00edbrido n\u00e3o autoflorescente com alta <strong>pot\u00eancia indica<\/strong>.<\/p>\n<p style=\"text-align: justify;\">Uma planta explosiva, <strong>a Purple Kush<\/strong> culmina com uma explos\u00e3o de cor na fase de <strong>flora\u00e7\u00e3o<\/strong> de <strong>apenas 60 dias<\/strong>. A <strong>intensa tonalidade p\u00farpura<\/strong> de cada indiv\u00edduo destaca-se desde a primeira semana. Pode culminar, dependendo das condi\u00e7\u00f5es ambientais, numa <strong>verdadeira gama crom\u00e1tica<\/strong> de cores deslumbrantes devido \u00e0 sua abundante resina. Ideal para fazeres os teus pr\u00f3prios extractos (seco\/gelo).<\/p>\n<p style=\"text-align: justify;\"><strong>A Purple Kush \u00e9<\/strong> resistente \u00e0 humidade, perfeita para regi\u00f5es com um per\u00edodo de cultivo exterior mais curto, resistente a pragas e produtiva. Em suma, \u00e9 f\u00e1cil de cuidar e tem um rendimento elevado na colheita.<\/p>\n<p style=\"text-align: justify;\">O <strong>efeito da Purple Kush<\/strong> \u00e9 agrad\u00e1vel, ideal para chegares ao fim do dia e relaxares depois de um dia stressante. Um <strong>indutor de apetite<\/strong> para os dias mais dif\u00edceis. O <strong>sabor<\/strong> predominante \u00e9 o de <strong>frutos do bosque<\/strong>, com notas terrosas vis\u00edveis.<\/p>\n<p><a class=\"btn btn-default\" style=\"background-color: #ff0000; color: #ffffff;\" href=\"https:\/\/www.youtube.com\/watch?v=QfR20TQR9rI\" target=\"_blank\" rel=\"noreferrer noopener nofollow\">YouTube \u25ba<\/a><\/p>\n","protected":false},"excerpt":{"rendered":"<p style=\"text-align: justify;\">A <strong>Purple Kush no auto<\/strong> <strong>da Buddha Seeds<\/strong> \u00e9 o nosso tributo a esses bons momentos partilhados, cuja ess\u00eancia recaptur\u00e1mos nesta atraente vers\u00e3o modernizada. Um <em>flashback <\/em>que te levar\u00e1 de volta \u00e0queles maravilhosos anos 90.<\/p>\n","protected":false},"featured_media":8514,"template":"","meta":{"_joinchat":[]},"product_brand":[],"product_cat":[898,897],"product_tag":[1466,1505,1405,1457,1430,1497,1481],"class_list":{"0":"post-7515","1":"product","2":"type-product","3":"status-publish","4":"has-post-thumbnail","6":"product_cat-sementes-de-buda-original","7":"product_cat-variedades-de-sementes-buddha","8":"product_tag-canabis-exterior","9":"product_tag-canabis-interior","10":"product_tag-canabis-para-relaxar","11":"product_tag-canabis-resistente-pragas","12":"product_tag-cannabis-indica-pt-pt","13":"product_tag-maconha-roxa","14":"product_tag-sementes-fotodependentes","15":"pa_color-roxo","16":"pa_efecto-relaxante-prazeroso-induz-o-apetite","17":"pa_fa-produccionenexteriorporpl-900-1500-gr-pt-pt","18":"pa_genetica-hibrido-com-predominancia-indica","19":"pa_mesdecosecha-inicio-de-outubro-hemisferio-norte-inicio-de-abril-hemisferio-sul","20":"pa_produccionm-400-480-gr-pt-pt","21":"pa_semillas-10-unidades","22":"pa_semillas-3-unidades","23":"pa_semillas-50-pecas","24":"pa_sexo-feminizada-pt-pt","25":"pa_tiempodefloracion-60-dias","26":"pa_tipo-fotodependente","28":"first","29":"instock","30":"taxable","31":"shipping-taxable","32":"purchasable","33":"product-type-variable"},"yoast_head":"<!-- This site is optimized with the Yoast SEO plugin v27.3 - https:\/\/yoast.com\/product\/yoast-seo-wordpress\/ -->\n<title>Buda Purple Kush - Sementes de Buda<\/title>\n<meta name=\"robots\" content=\"index, follow, max-snippet:-1, max-image-preview:large, max-video-preview:-1\" \/>\n<link rel=\"canonical\" href=\"https:\/\/buddhaseedbank.com\/pt-pt\/producto\/buddha-purple-kush\/\" \/>\n<meta property=\"og:locale\" content=\"pt_PT\" \/>\n<meta property=\"og:type\" content=\"article\" \/>\n<meta property=\"og:title\" content=\"Buda Purple Kush - Sementes de Buda\" \/>\n<meta property=\"og:description\" content=\"A Purple Kush no auto da Buddha Seeds \u00e9 o nosso tributo a esses bons momentos partilhados, cuja ess\u00eancia recaptur\u00e1mos nesta atraente vers\u00e3o modernizada. Um flashback que te levar\u00e1 de volta \u00e0queles maravilhosos anos 90.\" \/>\n<meta property=\"og:url\" content=\"https:\/\/buddhaseedbank.com\/pt-pt\/producto\/buddha-purple-kush\/\" \/>\n<meta property=\"og:site_name\" content=\"Buddha Seeds\" \/>\n<meta property=\"article:modified_time\" content=\"2026-04-06T19:49:50+00:00\" \/>\n<meta property=\"og:image\" content=\"https:\/\/buddhaseedbank.com\/wp-content\/uploads\/2020\/12\/202-Buddha-Purple-Kush.jpg\" \/>\n\t<meta property=\"og:image:width\" content=\"1080\" \/>\n\t<meta property=\"og:image:height\" content=\"1080\" \/>\n\t<meta property=\"og:image:type\" content=\"image\/jpeg\" \/>\n<meta name=\"twitter:card\" content=\"summary_large_image\" \/>\n<meta name=\"twitter:label1\" content=\"Tempo estimado de leitura\" \/>\n\t<meta name=\"twitter:data1\" content=\"1 minuto\" \/>\n<script type=\"application\/ld+json\" class=\"yoast-schema-graph\">{\"@context\":\"https:\\\/\\\/schema.org\",\"@graph\":[{\"@type\":\"WebPage\",\"@id\":\"https:\\\/\\\/buddhaseedbank.com\\\/pt-pt\\\/producto\\\/buddha-purple-kush\\\/\",\"url\":\"https:\\\/\\\/buddhaseedbank.com\\\/pt-pt\\\/producto\\\/buddha-purple-kush\\\/\",\"name\":\"Buda Purple Kush - Sementes de Buda\",\"isPartOf\":{\"@id\":\"https:\\\/\\\/buddhaseedbank.com\\\/pt-pt\\\/#website\"},\"primaryImageOfPage\":{\"@id\":\"https:\\\/\\\/buddhaseedbank.com\\\/pt-pt\\\/producto\\\/buddha-purple-kush\\\/#primaryimage\"},\"image\":{\"@id\":\"https:\\\/\\\/buddhaseedbank.com\\\/pt-pt\\\/producto\\\/buddha-purple-kush\\\/#primaryimage\"},\"thumbnailUrl\":\"https:\\\/\\\/buddhaseedbank.com\\\/wp-content\\\/uploads\\\/2020\\\/12\\\/Purple_Buddhaseeds_01.jpg\",\"datePublished\":\"2020-12-01T11:32:51+00:00\",\"dateModified\":\"2026-04-06T19:49:50+00:00\",\"breadcrumb\":{\"@id\":\"https:\\\/\\\/buddhaseedbank.com\\\/pt-pt\\\/producto\\\/buddha-purple-kush\\\/#breadcrumb\"},\"inLanguage\":\"pt-PT\",\"potentialAction\":[{\"@type\":\"ReadAction\",\"target\":[\"https:\\\/\\\/buddhaseedbank.com\\\/pt-pt\\\/producto\\\/buddha-purple-kush\\\/\"]}]},{\"@type\":\"ImageObject\",\"inLanguage\":\"pt-PT\",\"@id\":\"https:\\\/\\\/buddhaseedbank.com\\\/pt-pt\\\/producto\\\/buddha-purple-kush\\\/#primaryimage\",\"url\":\"https:\\\/\\\/buddhaseedbank.com\\\/wp-content\\\/uploads\\\/2020\\\/12\\\/Purple_Buddhaseeds_01.jpg\",\"contentUrl\":\"https:\\\/\\\/buddhaseedbank.com\\\/wp-content\\\/uploads\\\/2020\\\/12\\\/Purple_Buddhaseeds_01.jpg\",\"width\":900,\"height\":900,\"caption\":\"Purple Kush Buddha Seeds\"},{\"@type\":\"BreadcrumbList\",\"@id\":\"https:\\\/\\\/buddhaseedbank.com\\\/pt-pt\\\/producto\\\/buddha-purple-kush\\\/#breadcrumb\",\"itemListElement\":[{\"@type\":\"ListItem\",\"position\":1,\"name\":\"Portada\",\"item\":\"https:\\\/\\\/buddhaseedbank.com\\\/pt-pt\\\/\"},{\"@type\":\"ListItem\",\"position\":2,\"name\":\"Compra\",\"item\":\"https:\\\/\\\/buddhaseedbank.com\\\/pt-pt\\\/compra\\\/\"},{\"@type\":\"ListItem\",\"position\":3,\"name\":\"Buddha Purple Kush\"}]},{\"@type\":\"WebSite\",\"@id\":\"https:\\\/\\\/buddhaseedbank.com\\\/pt-pt\\\/#website\",\"url\":\"https:\\\/\\\/buddhaseedbank.com\\\/pt-pt\\\/\",\"name\":\"Buddha Seeds\",\"description\":\"\",\"publisher\":{\"@id\":\"https:\\\/\\\/buddhaseedbank.com\\\/pt-pt\\\/#organization\"},\"potentialAction\":[{\"@type\":\"SearchAction\",\"target\":{\"@type\":\"EntryPoint\",\"urlTemplate\":\"https:\\\/\\\/buddhaseedbank.com\\\/pt-pt\\\/?s={search_term_string}\"},\"query-input\":{\"@type\":\"PropertyValueSpecification\",\"valueRequired\":true,\"valueName\":\"search_term_string\"}}],\"inLanguage\":\"pt-PT\"},{\"@type\":\"Organization\",\"@id\":\"https:\\\/\\\/buddhaseedbank.com\\\/pt-pt\\\/#organization\",\"name\":\"Buddha Seeds\",\"url\":\"https:\\\/\\\/buddhaseedbank.com\\\/pt-pt\\\/\",\"logo\":{\"@type\":\"ImageObject\",\"inLanguage\":\"pt-PT\",\"@id\":\"https:\\\/\\\/buddhaseedbank.com\\\/pt-pt\\\/#\\\/schema\\\/logo\\\/image\\\/\",\"url\":\"https:\\\/\\\/buddhaseedbank.com\\\/wp-content\\\/uploads\\\/2024\\\/04\\\/buddha-seeds-logo-1622448424-1.png\",\"contentUrl\":\"https:\\\/\\\/buddhaseedbank.com\\\/wp-content\\\/uploads\\\/2024\\\/04\\\/buddha-seeds-logo-1622448424-1.png\",\"width\":478,\"height\":200,\"caption\":\"Buddha Seeds\"},\"image\":{\"@id\":\"https:\\\/\\\/buddhaseedbank.com\\\/pt-pt\\\/#\\\/schema\\\/logo\\\/image\\\/\"}}]}<\/script>\n<!-- \/ Yoast SEO plugin. -->","yoast_head_json":{"title":"Buda Purple Kush - Sementes de Buda","robots":{"index":"index","follow":"follow","max-snippet":"max-snippet:-1","max-image-preview":"max-image-preview:large","max-video-preview":"max-video-preview:-1"},"canonical":"https:\/\/buddhaseedbank.com\/pt-pt\/producto\/buddha-purple-kush\/","og_locale":"pt_PT","og_type":"article","og_title":"Buda Purple Kush - Sementes de Buda","og_description":"A Purple Kush no auto da Buddha Seeds \u00e9 o nosso tributo a esses bons momentos partilhados, cuja ess\u00eancia recaptur\u00e1mos nesta atraente vers\u00e3o modernizada. Um flashback que te levar\u00e1 de volta \u00e0queles maravilhosos anos 90.","og_url":"https:\/\/buddhaseedbank.com\/pt-pt\/producto\/buddha-purple-kush\/","og_site_name":"Buddha Seeds","article_modified_time":"2026-04-06T19:49:50+00:00","og_image":[{"width":1080,"height":1080,"url":"https:\/\/buddhaseedbank.com\/wp-content\/uploads\/2020\/12\/202-Buddha-Purple-Kush.jpg","type":"image\/jpeg"}],"twitter_card":"summary_large_image","twitter_misc":{"Tempo estimado de leitura":"1 minuto"},"schema":{"@context":"https:\/\/schema.org","@graph":[{"@type":"WebPage","@id":"https:\/\/buddhaseedbank.com\/pt-pt\/producto\/buddha-purple-kush\/","url":"https:\/\/buddhaseedbank.com\/pt-pt\/producto\/buddha-purple-kush\/","name":"Buda Purple Kush - Sementes de Buda","isPartOf":{"@id":"https:\/\/buddhaseedbank.com\/pt-pt\/#website"},"primaryImageOfPage":{"@id":"https:\/\/buddhaseedbank.com\/pt-pt\/producto\/buddha-purple-kush\/#primaryimage"},"image":{"@id":"https:\/\/buddhaseedbank.com\/pt-pt\/producto\/buddha-purple-kush\/#primaryimage"},"thumbnailUrl":"https:\/\/buddhaseedbank.com\/wp-content\/uploads\/2020\/12\/Purple_Buddhaseeds_01.jpg","datePublished":"2020-12-01T11:32:51+00:00","dateModified":"2026-04-06T19:49:50+00:00","breadcrumb":{"@id":"https:\/\/buddhaseedbank.com\/pt-pt\/producto\/buddha-purple-kush\/#breadcrumb"},"inLanguage":"pt-PT","potentialAction":[{"@type":"ReadAction","target":["https:\/\/buddhaseedbank.com\/pt-pt\/producto\/buddha-purple-kush\/"]}]},{"@type":"ImageObject","inLanguage":"pt-PT","@id":"https:\/\/buddhaseedbank.com\/pt-pt\/producto\/buddha-purple-kush\/#primaryimage","url":"https:\/\/buddhaseedbank.com\/wp-content\/uploads\/2020\/12\/Purple_Buddhaseeds_01.jpg","contentUrl":"https:\/\/buddhaseedbank.com\/wp-content\/uploads\/2020\/12\/Purple_Buddhaseeds_01.jpg","width":900,"height":900,"caption":"Purple Kush Buddha Seeds"},{"@type":"BreadcrumbList","@id":"https:\/\/buddhaseedbank.com\/pt-pt\/producto\/buddha-purple-kush\/#breadcrumb","itemListElement":[{"@type":"ListItem","position":1,"name":"Portada","item":"https:\/\/buddhaseedbank.com\/pt-pt\/"},{"@type":"ListItem","position":2,"name":"Compra","item":"https:\/\/buddhaseedbank.com\/pt-pt\/compra\/"},{"@type":"ListItem","position":3,"name":"Buddha Purple Kush"}]},{"@type":"WebSite","@id":"https:\/\/buddhaseedbank.com\/pt-pt\/#website","url":"https:\/\/buddhaseedbank.com\/pt-pt\/","name":"Buddha Seeds","description":"","publisher":{"@id":"https:\/\/buddhaseedbank.com\/pt-pt\/#organization"},"potentialAction":[{"@type":"SearchAction","target":{"@type":"EntryPoint","urlTemplate":"https:\/\/buddhaseedbank.com\/pt-pt\/?s={search_term_string}"},"query-input":{"@type":"PropertyValueSpecification","valueRequired":true,"valueName":"search_term_string"}}],"inLanguage":"pt-PT"},{"@type":"Organization","@id":"https:\/\/buddhaseedbank.com\/pt-pt\/#organization","name":"Buddha Seeds","url":"https:\/\/buddhaseedbank.com\/pt-pt\/","logo":{"@type":"ImageObject","inLanguage":"pt-PT","@id":"https:\/\/buddhaseedbank.com\/pt-pt\/#\/schema\/logo\/image\/","url":"https:\/\/buddhaseedbank.com\/wp-content\/uploads\/2024\/04\/buddha-seeds-logo-1622448424-1.png","contentUrl":"https:\/\/buddhaseedbank.com\/wp-content\/uploads\/2024\/04\/buddha-seeds-logo-1622448424-1.png","width":478,"height":200,"caption":"Buddha Seeds"},"image":{"@id":"https:\/\/buddhaseedbank.com\/pt-pt\/#\/schema\/logo\/image\/"}}]}},"_links":{"self":[{"href":"https:\/\/buddhaseedbank.com\/pt-pt\/wp-json\/wp\/v2\/product\/7515","targetHints":{"allow":["GET"]}}],"collection":[{"href":"https:\/\/buddhaseedbank.com\/pt-pt\/wp-json\/wp\/v2\/product"}],"about":[{"href":"https:\/\/buddhaseedbank.com\/pt-pt\/wp-json\/wp\/v2\/types\/product"}],"wp:featuredmedia":[{"embeddable":true,"href":"https:\/\/buddhaseedbank.com\/pt-pt\/wp-json\/wp\/v2\/media\/8514"}],"wp:attachment":[{"href":"https:\/\/buddhaseedbank.com\/pt-pt\/wp-json\/wp\/v2\/media?parent=7515"}],"wp:term":[{"taxonomy":"product_brand","embeddable":true,"href":"https:\/\/buddhaseedbank.com\/pt-pt\/wp-json\/wp\/v2\/product_brand?post=7515"},{"taxonomy":"product_cat","embeddable":true,"href":"https:\/\/buddhaseedbank.com\/pt-pt\/wp-json\/wp\/v2\/product_cat?post=7515"},{"taxonomy":"product_tag","embeddable":true,"href":"https:\/\/buddhaseedbank.com\/pt-pt\/wp-json\/wp\/v2\/product_tag?post=7515"}],"curies":[{"name":"wp","href":"https:\/\/api.w.org\/{rel}","templated":true}]}}