{"id":7544,"date":"2020-12-02T14:40:29","date_gmt":"2020-12-02T13:40:29","guid":{"rendered":"https:\/\/buddhaseedbank.com\/producto\/buda-auto-critica\/"},"modified":"2025-10-21T11:05:58","modified_gmt":"2025-10-21T09:05:58","slug":"buddha-auto-critical","status":"publish","type":"product","link":"https:\/\/buddhaseedbank.com\/pt-pt\/producto\/buddha-auto-critical\/","title":{"rendered":"Buddha Auto Critical"},"content":{"rendered":"<p style=\"text-align: justify;\">A hist\u00f3ria de Critical faz lembrar um conto hist\u00f3rico de reis vencedores. E n\u00e3o admira. Na sua gen\u00e9tica, tem uma ascend\u00eancia de grande valor e influ\u00eancia nas variedades comerciais posteriores.<\/p>\n<p style=\"text-align: justify;\"><strong>A Critical tem mantido a confian\u00e7a<\/strong> de todos os produtores desde o seu lan\u00e7amento na d\u00e9cada de 1990. Num curto espa\u00e7o de tempo, foi coroado como uma das <strong>atrac\u00e7\u00f5es mais frequentes nos <em>coffeeshops<\/em> <\/strong>holandeses. E entre os produtores destaca-se pelos seus elevados rendimentos no cultivo. <strong>Filha de uma Skunk e de uma Afghani<\/strong>, destronou os seus pais para se tornar uma das variedades mais cultivadas atualmente.<\/p>\n<p style=\"text-align: justify;\">A <strong>Buddha Auto Critical \u00e9 uma homenagem a este cl\u00e1ssico<\/strong> da can\u00e1bis, mas com o nosso desenvolvimento particular. <strong>A Buddha Seeds<\/strong> respeitou a originalidade inicial desta variedade, mantendo as caracter\u00edsticas mais marcantes para o cultivador recente.<\/p>\n<p style=\"text-align: justify;\">A <strong>principal atra\u00e7\u00e3o da Buddha Auto Critical<\/strong> \u00e9 o seu curto per\u00edodo de flora\u00e7\u00e3o, em menos de 60 dias de cultivo podes obter a tua colheita. A vers\u00e3o <strong>Buddha Auto Critical vem de uma sele\u00e7\u00e3o<\/strong> que se destacou desde o in\u00edcio pelo seu sabor, velocidade incr\u00edvel, produ\u00e7\u00e3o e aptid\u00e3o para o clima frio.<\/p>\n<p style=\"text-align: justify;\">A <strong>Buddha Auto Critical mant\u00e9m o sabor carater\u00edstico da Skunk<\/strong> com tons mais florais e doces, n\u00e3o t\u00e3o acre como os seus pais. Destacam-se os fen\u00f3tipos com notas frutadas de mel\u00e3o verde. Isto torna-a uma variedade que agrada a quase 100% dos fumadores.<\/p>\n<p style=\"text-align: justify;\">A <strong>Buddha Auto Critical da Buddha Seeds<\/strong> precisa de poucos cuidados, pois responde eficazmente a diferentes tratamentos. O resultado: colheitas de alto rendimento com aromas cativantes.<\/p>\n<p style=\"text-align: justify;\"><a style=\"background-color: #ff0000; color: #ffffff;\" href=\"https:\/\/www.youtube.com\/watch?v=Xs3v5d9SwUk&amp;t=1s\" target=\"_blank\" rel=\"noreferrer noopener nofollow\">YOUTUBE \u25ba<\/a><\/p>\n","protected":false},"excerpt":{"rendered":"<p style=\"text-align: justify;\"><strong>A Critical tem mantido a confian\u00e7a<\/strong> de todos os produtores desde o seu lan\u00e7amento na d\u00e9cada de 1990. Num curto espa\u00e7o de tempo, foi coroado como uma das <strong>atrac\u00e7\u00f5es mais frequentes nos <em>coffeeshops<\/em> <\/strong>holandeses. E entre os produtores destaca-se pelos seus elevados rendimentos no cultivo. <strong>Filha de uma Skunk e de uma Afghani<\/strong>, destronou os seus pais para se tornar uma das variedades mais cultivadas no mundo.<\/p>\n","protected":false},"featured_media":7547,"template":"","meta":{"_joinchat":[]},"product_brand":[],"product_cat":[951,897],"product_tag":[1487,1731,1430,1509,1496,1156,1514],"class_list":{"0":"post-7544","1":"product","2":"type-product","3":"status-publish","4":"has-post-thumbnail","6":"product_cat-classics-buddha-seeds","7":"product_cat-variedades-de-sementes-buddha","8":"product_tag-autoflorescente-produtiva","9":"product_tag-canabis-de-floracao-rapida","10":"product_tag-cannabis-indica-pt-pt","11":"product_tag-classicos-canabis","12":"product_tag-floracao-rapida-cannabis","13":"product_tag-sementes-de-canabis-autoflorescentes","14":"product_tag-sementes-maconha-rapidas","15":"pa_8d-tiempodecultivocrecimient-65-dias","16":"pa_efecto-equilibrado-com-um-poderoso-efeito-cerebral-inicial","17":"pa_fa-produccionenexteriorporpl-60-120-gr-pt-pt","18":"pa_genetica-indica-pt-pt","19":"pa_produccionm-500-550-gr-pt-pt","20":"pa_semillas-10-unidades","21":"pa_semillas-3-unidades","22":"pa_semillas-50-pecas","23":"pa_sexo-feminizada-pt-pt","24":"pa_tipo-autoflorescentes","26":"first","27":"instock","28":"featured","29":"taxable","30":"shipping-taxable","31":"purchasable","32":"product-type-variable"},"yoast_head":"<!-- This site is optimized with the Yoast SEO plugin v27.3 - https:\/\/yoast.com\/product\/yoast-seo-wordpress\/ -->\n<title>Buddha Auto Critical - Sementes Buddha<\/title>\n<meta name=\"description\" content=\"A Critical \u00e9 a variedade autoflorescente de crescimento mais curto o que faz da Buddha Auto Critical a escolha para quem cultiva autoflorescentes cont\u00ednuas.\" \/>\n<meta name=\"robots\" content=\"index, follow, max-snippet:-1, max-image-preview:large, max-video-preview:-1\" \/>\n<link rel=\"canonical\" href=\"https:\/\/buddhaseedbank.com\/pt-pt\/producto\/buddha-auto-critical\/\" \/>\n<meta property=\"og:locale\" content=\"pt_PT\" \/>\n<meta property=\"og:type\" content=\"article\" \/>\n<meta property=\"og:title\" content=\"Buddha Auto Critical - Sementes Buddha\" \/>\n<meta property=\"og:description\" content=\"A Critical \u00e9 a variedade autoflorescente de crescimento mais curto o que faz da Buddha Auto Critical a escolha para quem cultiva autoflorescentes cont\u00ednuas.\" \/>\n<meta property=\"og:url\" content=\"https:\/\/buddhaseedbank.com\/pt-pt\/producto\/buddha-auto-critical\/\" \/>\n<meta property=\"og:site_name\" content=\"Buddha Seeds\" \/>\n<meta property=\"article:modified_time\" content=\"2025-10-21T09:05:58+00:00\" \/>\n<meta property=\"og:image\" content=\"https:\/\/buddhaseedbank.com\/wp-content\/uploads\/2020\/12\/216-Buddha-Auto-Critical.jpg\" \/>\n\t<meta property=\"og:image:width\" content=\"1080\" \/>\n\t<meta property=\"og:image:height\" content=\"1080\" \/>\n\t<meta property=\"og:image:type\" content=\"image\/jpeg\" \/>\n<meta name=\"twitter:card\" content=\"summary_large_image\" \/>\n<meta name=\"twitter:label1\" content=\"Tempo estimado de leitura\" \/>\n\t<meta name=\"twitter:data1\" content=\"2 minutos\" \/>\n<script type=\"application\/ld+json\" class=\"yoast-schema-graph\">{\"@context\":\"https:\\\/\\\/schema.org\",\"@graph\":[{\"@type\":\"WebPage\",\"@id\":\"https:\\\/\\\/buddhaseedbank.com\\\/pt-pt\\\/producto\\\/buddha-auto-critical\\\/\",\"url\":\"https:\\\/\\\/buddhaseedbank.com\\\/pt-pt\\\/producto\\\/buddha-auto-critical\\\/\",\"name\":\"Buddha Auto Critical - Sementes Buddha\",\"isPartOf\":{\"@id\":\"https:\\\/\\\/buddhaseedbank.com\\\/pt-pt\\\/#website\"},\"primaryImageOfPage\":{\"@id\":\"https:\\\/\\\/buddhaseedbank.com\\\/pt-pt\\\/producto\\\/buddha-auto-critical\\\/#primaryimage\"},\"image\":{\"@id\":\"https:\\\/\\\/buddhaseedbank.com\\\/pt-pt\\\/producto\\\/buddha-auto-critical\\\/#primaryimage\"},\"thumbnailUrl\":\"https:\\\/\\\/buddhaseedbank.com\\\/wp-content\\\/uploads\\\/2020\\\/12\\\/216-Buddha-Auto-Critical.jpg\",\"datePublished\":\"2020-12-02T13:40:29+00:00\",\"dateModified\":\"2025-10-21T09:05:58+00:00\",\"description\":\"A Critical \u00e9 a variedade autoflorescente de crescimento mais curto o que faz da Buddha Auto Critical a escolha para quem cultiva autoflorescentes cont\u00ednuas.\",\"breadcrumb\":{\"@id\":\"https:\\\/\\\/buddhaseedbank.com\\\/pt-pt\\\/producto\\\/buddha-auto-critical\\\/#breadcrumb\"},\"inLanguage\":\"pt-PT\",\"potentialAction\":[{\"@type\":\"ReadAction\",\"target\":[\"https:\\\/\\\/buddhaseedbank.com\\\/pt-pt\\\/producto\\\/buddha-auto-critical\\\/\"]}]},{\"@type\":\"ImageObject\",\"inLanguage\":\"pt-PT\",\"@id\":\"https:\\\/\\\/buddhaseedbank.com\\\/pt-pt\\\/producto\\\/buddha-auto-critical\\\/#primaryimage\",\"url\":\"https:\\\/\\\/buddhaseedbank.com\\\/wp-content\\\/uploads\\\/2020\\\/12\\\/216-Buddha-Auto-Critical.jpg\",\"contentUrl\":\"https:\\\/\\\/buddhaseedbank.com\\\/wp-content\\\/uploads\\\/2020\\\/12\\\/216-Buddha-Auto-Critical.jpg\",\"width\":1080,\"height\":1080,\"caption\":\"Buddha Auto Critical Buddha Seeds cl\u00e1sico cannabis\"},{\"@type\":\"BreadcrumbList\",\"@id\":\"https:\\\/\\\/buddhaseedbank.com\\\/pt-pt\\\/producto\\\/buddha-auto-critical\\\/#breadcrumb\",\"itemListElement\":[{\"@type\":\"ListItem\",\"position\":1,\"name\":\"Portada\",\"item\":\"https:\\\/\\\/buddhaseedbank.com\\\/pt-pt\\\/\"},{\"@type\":\"ListItem\",\"position\":2,\"name\":\"Compra\",\"item\":\"https:\\\/\\\/buddhaseedbank.com\\\/pt-pt\\\/compra\\\/\"},{\"@type\":\"ListItem\",\"position\":3,\"name\":\"Buddha Auto Critical\"}]},{\"@type\":\"WebSite\",\"@id\":\"https:\\\/\\\/buddhaseedbank.com\\\/pt-pt\\\/#website\",\"url\":\"https:\\\/\\\/buddhaseedbank.com\\\/pt-pt\\\/\",\"name\":\"Buddha Seeds\",\"description\":\"\",\"publisher\":{\"@id\":\"https:\\\/\\\/buddhaseedbank.com\\\/pt-pt\\\/#organization\"},\"potentialAction\":[{\"@type\":\"SearchAction\",\"target\":{\"@type\":\"EntryPoint\",\"urlTemplate\":\"https:\\\/\\\/buddhaseedbank.com\\\/pt-pt\\\/?s={search_term_string}\"},\"query-input\":{\"@type\":\"PropertyValueSpecification\",\"valueRequired\":true,\"valueName\":\"search_term_string\"}}],\"inLanguage\":\"pt-PT\"},{\"@type\":\"Organization\",\"@id\":\"https:\\\/\\\/buddhaseedbank.com\\\/pt-pt\\\/#organization\",\"name\":\"Buddha Seeds\",\"url\":\"https:\\\/\\\/buddhaseedbank.com\\\/pt-pt\\\/\",\"logo\":{\"@type\":\"ImageObject\",\"inLanguage\":\"pt-PT\",\"@id\":\"https:\\\/\\\/buddhaseedbank.com\\\/pt-pt\\\/#\\\/schema\\\/logo\\\/image\\\/\",\"url\":\"https:\\\/\\\/buddhaseedbank.com\\\/wp-content\\\/uploads\\\/2024\\\/04\\\/buddha-seeds-logo-1622448424-1.png\",\"contentUrl\":\"https:\\\/\\\/buddhaseedbank.com\\\/wp-content\\\/uploads\\\/2024\\\/04\\\/buddha-seeds-logo-1622448424-1.png\",\"width\":478,\"height\":200,\"caption\":\"Buddha Seeds\"},\"image\":{\"@id\":\"https:\\\/\\\/buddhaseedbank.com\\\/pt-pt\\\/#\\\/schema\\\/logo\\\/image\\\/\"}}]}<\/script>\n<!-- \/ Yoast SEO plugin. -->","yoast_head_json":{"title":"Buddha Auto Critical - Sementes Buddha","description":"A Critical \u00e9 a variedade autoflorescente de crescimento mais curto o que faz da Buddha Auto Critical a escolha para quem cultiva autoflorescentes cont\u00ednuas.","robots":{"index":"index","follow":"follow","max-snippet":"max-snippet:-1","max-image-preview":"max-image-preview:large","max-video-preview":"max-video-preview:-1"},"canonical":"https:\/\/buddhaseedbank.com\/pt-pt\/producto\/buddha-auto-critical\/","og_locale":"pt_PT","og_type":"article","og_title":"Buddha Auto Critical - Sementes Buddha","og_description":"A Critical \u00e9 a variedade autoflorescente de crescimento mais curto o que faz da Buddha Auto Critical a escolha para quem cultiva autoflorescentes cont\u00ednuas.","og_url":"https:\/\/buddhaseedbank.com\/pt-pt\/producto\/buddha-auto-critical\/","og_site_name":"Buddha Seeds","article_modified_time":"2025-10-21T09:05:58+00:00","og_image":[{"width":1080,"height":1080,"url":"https:\/\/buddhaseedbank.com\/wp-content\/uploads\/2020\/12\/216-Buddha-Auto-Critical.jpg","type":"image\/jpeg"}],"twitter_card":"summary_large_image","twitter_misc":{"Tempo estimado de leitura":"2 minutos"},"schema":{"@context":"https:\/\/schema.org","@graph":[{"@type":"WebPage","@id":"https:\/\/buddhaseedbank.com\/pt-pt\/producto\/buddha-auto-critical\/","url":"https:\/\/buddhaseedbank.com\/pt-pt\/producto\/buddha-auto-critical\/","name":"Buddha Auto Critical - Sementes Buddha","isPartOf":{"@id":"https:\/\/buddhaseedbank.com\/pt-pt\/#website"},"primaryImageOfPage":{"@id":"https:\/\/buddhaseedbank.com\/pt-pt\/producto\/buddha-auto-critical\/#primaryimage"},"image":{"@id":"https:\/\/buddhaseedbank.com\/pt-pt\/producto\/buddha-auto-critical\/#primaryimage"},"thumbnailUrl":"https:\/\/buddhaseedbank.com\/wp-content\/uploads\/2020\/12\/216-Buddha-Auto-Critical.jpg","datePublished":"2020-12-02T13:40:29+00:00","dateModified":"2025-10-21T09:05:58+00:00","description":"A Critical \u00e9 a variedade autoflorescente de crescimento mais curto o que faz da Buddha Auto Critical a escolha para quem cultiva autoflorescentes cont\u00ednuas.","breadcrumb":{"@id":"https:\/\/buddhaseedbank.com\/pt-pt\/producto\/buddha-auto-critical\/#breadcrumb"},"inLanguage":"pt-PT","potentialAction":[{"@type":"ReadAction","target":["https:\/\/buddhaseedbank.com\/pt-pt\/producto\/buddha-auto-critical\/"]}]},{"@type":"ImageObject","inLanguage":"pt-PT","@id":"https:\/\/buddhaseedbank.com\/pt-pt\/producto\/buddha-auto-critical\/#primaryimage","url":"https:\/\/buddhaseedbank.com\/wp-content\/uploads\/2020\/12\/216-Buddha-Auto-Critical.jpg","contentUrl":"https:\/\/buddhaseedbank.com\/wp-content\/uploads\/2020\/12\/216-Buddha-Auto-Critical.jpg","width":1080,"height":1080,"caption":"Buddha Auto Critical Buddha Seeds cl\u00e1sico cannabis"},{"@type":"BreadcrumbList","@id":"https:\/\/buddhaseedbank.com\/pt-pt\/producto\/buddha-auto-critical\/#breadcrumb","itemListElement":[{"@type":"ListItem","position":1,"name":"Portada","item":"https:\/\/buddhaseedbank.com\/pt-pt\/"},{"@type":"ListItem","position":2,"name":"Compra","item":"https:\/\/buddhaseedbank.com\/pt-pt\/compra\/"},{"@type":"ListItem","position":3,"name":"Buddha Auto Critical"}]},{"@type":"WebSite","@id":"https:\/\/buddhaseedbank.com\/pt-pt\/#website","url":"https:\/\/buddhaseedbank.com\/pt-pt\/","name":"Buddha Seeds","description":"","publisher":{"@id":"https:\/\/buddhaseedbank.com\/pt-pt\/#organization"},"potentialAction":[{"@type":"SearchAction","target":{"@type":"EntryPoint","urlTemplate":"https:\/\/buddhaseedbank.com\/pt-pt\/?s={search_term_string}"},"query-input":{"@type":"PropertyValueSpecification","valueRequired":true,"valueName":"search_term_string"}}],"inLanguage":"pt-PT"},{"@type":"Organization","@id":"https:\/\/buddhaseedbank.com\/pt-pt\/#organization","name":"Buddha Seeds","url":"https:\/\/buddhaseedbank.com\/pt-pt\/","logo":{"@type":"ImageObject","inLanguage":"pt-PT","@id":"https:\/\/buddhaseedbank.com\/pt-pt\/#\/schema\/logo\/image\/","url":"https:\/\/buddhaseedbank.com\/wp-content\/uploads\/2024\/04\/buddha-seeds-logo-1622448424-1.png","contentUrl":"https:\/\/buddhaseedbank.com\/wp-content\/uploads\/2024\/04\/buddha-seeds-logo-1622448424-1.png","width":478,"height":200,"caption":"Buddha Seeds"},"image":{"@id":"https:\/\/buddhaseedbank.com\/pt-pt\/#\/schema\/logo\/image\/"}}]}},"_links":{"self":[{"href":"https:\/\/buddhaseedbank.com\/pt-pt\/wp-json\/wp\/v2\/product\/7544","targetHints":{"allow":["GET"]}}],"collection":[{"href":"https:\/\/buddhaseedbank.com\/pt-pt\/wp-json\/wp\/v2\/product"}],"about":[{"href":"https:\/\/buddhaseedbank.com\/pt-pt\/wp-json\/wp\/v2\/types\/product"}],"wp:featuredmedia":[{"embeddable":true,"href":"https:\/\/buddhaseedbank.com\/pt-pt\/wp-json\/wp\/v2\/media\/7547"}],"wp:attachment":[{"href":"https:\/\/buddhaseedbank.com\/pt-pt\/wp-json\/wp\/v2\/media?parent=7544"}],"wp:term":[{"taxonomy":"product_brand","embeddable":true,"href":"https:\/\/buddhaseedbank.com\/pt-pt\/wp-json\/wp\/v2\/product_brand?post=7544"},{"taxonomy":"product_cat","embeddable":true,"href":"https:\/\/buddhaseedbank.com\/pt-pt\/wp-json\/wp\/v2\/product_cat?post=7544"},{"taxonomy":"product_tag","embeddable":true,"href":"https:\/\/buddhaseedbank.com\/pt-pt\/wp-json\/wp\/v2\/product_tag?post=7544"}],"curies":[{"name":"wp","href":"https:\/\/api.w.org\/{rel}","templated":true}]}}