{"id":7561,"date":"2020-12-03T10:20:31","date_gmt":"2020-12-03T09:20:31","guid":{"rendered":"https:\/\/buddhaseedbank.com\/producto\/buda-diesel\/"},"modified":"2024-06-18T13:15:56","modified_gmt":"2024-06-18T11:15:56","slug":"buddha-diesel","status":"publish","type":"product","link":"https:\/\/buddhaseedbank.com\/pt-pt\/producto\/buddha-diesel\/","title":{"rendered":"Buddha Diesel"},"content":{"rendered":"<p style=\"text-align: justify;\">Um <strong>cl\u00e1ssico moderno essencial<\/strong> que marcou um antes e um depois nos sabores da can\u00e1bis. O mist\u00e9rio em torno das origens da Diesel ainda se mant\u00e9m entre os cultivadores mais experientes, cumprindo o fasc\u00ednio de uma hist\u00f3ria evocativa. No entanto, todas as hist\u00f3rias apontam para o mesmo protagonista: <strong>Chemdog, autor deste cl\u00e1ssico<\/strong>.<\/p>\n<p style=\"text-align: justify;\">Temos de recuar at\u00e9 aos anos 90 nos EUA para localizar a origem <strong>desta variedade globalizada<\/strong>. Chemdog comprou algumas flores de can\u00e1bis num concerto dos Grateful Dead, onde encontrou algumas sementes que acabaram por se tornar as sementes do que \u00e9 agora a Diesel. Ao longo dos anos, tornou-se uma <strong>variedade padr\u00e3o entre os produtores<\/strong> e ganhou in\u00fameras ta\u00e7as em concursos em todo o mundo.<\/p>\n<p style=\"text-align: justify;\">Por esta raz\u00e3o, na Buddha Seeds n\u00e3o hesit\u00e1mos em inclu\u00ed-lo no nosso cat\u00e1logo de cl\u00e1ssicos. Mas sempre com o cuidado que nos distingue, com o <strong>selo de qualidade Buddha Seeds<\/strong>.<\/p>\n<p style=\"text-align: justify;\">Como resultado do nosso programa de cultivo, com a <strong>Buddha Diesel da Buddha Seeds<\/strong> aument\u00e1mos e estabiliz\u00e1mos <strong>o rendimento<\/strong> at\u00e9 limites inimagin\u00e1veis numa variedade que n\u00e3o o tinha. E, ao mesmo tempo, quisemos manter a <strong>varia\u00e7\u00e3o de fen\u00f3tipos<\/strong> com muitas nuances de sabores que a definem e a raz\u00e3o pela qual tem sido utilizada em milhares de programas de desenvolvimento.<\/p>\n<p style=\"text-align: justify;\">Mesmo com esse fundo comum que a caracteriza, permitimos-lhe produzir fen\u00f3tipos com notas que v\u00e3o desde notas c\u00edtricas como o lim\u00e3o ou a toranja at\u00e9 toques terrosos. <strong>Buddha Diesel<\/strong> mant\u00e9m o <strong>manto de resina<\/strong> que a torna perfeita para extrac\u00e7\u00f5es.<\/p>\n<p style=\"text-align: justify;\">A <strong>Buddha Diesel da Buddha Seeds<\/strong> \u00e9 uma planta <strong>vers\u00e1til<\/strong>; n\u00e3o requer muitos cuidados e \u00e9 adequada para aqueles que t\u00eam menos conhecimentos sobre o cultivo da planta. Tamb\u00e9m se adapta bem a <strong>condi\u00e7\u00f5es climat\u00e9ricas adversas<\/strong>.<\/p>\n<p style=\"text-align: justify;\">Em suma, os parentais deste<strong> cl\u00e1ssico de Buddha Seeds<\/strong> fazem dele uma planta realmente atractiva, com resultados produtivos especialmente em cultivos ao ar livre e com aromas e sabores apelativos ao paladar. Uma <strong>iguaria que n\u00e3o pode faltar no teu jardim<\/strong>.<\/p>\n","protected":false},"excerpt":{"rendered":"<p style=\"text-align: justify;\">Como resultado do nosso programa de cultivo, com a <strong>Buddha Diesel da Buddha Seeds<\/strong> aument\u00e1mos e estabiliz\u00e1mos <strong>o rendimento<\/strong> at\u00e9 limites inimagin\u00e1veis numa variedade que n\u00e3o o tinha. E, ao mesmo tempo, quisemos manter a <strong>varia\u00e7\u00e3o de fen\u00f3tipos<\/strong> com muitas nuances de sabores que a definem e a raz\u00e3o pela qual tem sido utilizada em milhares de programas de desenvolvimento.<\/p>\n","protected":false},"featured_media":7567,"template":"","meta":{"_joinchat":[]},"product_brand":[],"product_cat":[951,897],"product_tag":[1395,1509,1521,1481],"class_list":{"0":"post-7561","1":"product","2":"type-product","3":"status-publish","4":"has-post-thumbnail","6":"product_cat-classics-buddha-seeds","7":"product_cat-variedades-de-sementes-buddha","8":"product_tag-canabis-efeito-potente","9":"product_tag-classicos-canabis","10":"product_tag-maconha-produtiva","11":"product_tag-sementes-fotodependentes","12":"pa_efecto-psicoativo-criativo-e-sociavel","13":"pa_fa-produccionenexteriorporpl-500-1500-gr-pt-pt","14":"pa_genetica-sativa-pt-pt","15":"pa_mesdecosecha-segunda-quinzena-de-outubro-hemisferio-norte-segunda-quinzena-de-abril-hemisferio-sul","16":"pa_produccionm-400-550-gr-pt-pt","17":"pa_semillas-10-unidades","18":"pa_semillas-3-unidades","19":"pa_semillas-50-pecas","20":"pa_sexo-feminizada-pt-pt","21":"pa_tiempodefloracion-65-70-dias","22":"pa_tipo-fotodependente","24":"first","25":"instock","26":"taxable","27":"shipping-taxable","28":"purchasable","29":"product-type-variable"},"yoast_head":"<!-- This site is optimized with the Yoast SEO plugin v27.3 - https:\/\/yoast.com\/product\/yoast-seo-wordpress\/ -->\n<title>Buddha Diesel - Sementes Buddha<\/title>\n<meta name=\"description\" content=\"A Diesel \u00e9 um cl\u00e1ssico moderno imprescind\u00edvel, e \u00e9 por isso que a Buddha Seeds integrou a Buddha Diesel na fam\u00edlia Classics, onde aument\u00e1mos e estabiliz\u00e1mos a produ\u00e7\u00e3o.\" \/>\n<meta name=\"robots\" content=\"index, follow, max-snippet:-1, max-image-preview:large, max-video-preview:-1\" \/>\n<link rel=\"canonical\" href=\"https:\/\/buddhaseedbank.com\/pt-pt\/producto\/buddha-diesel\/\" \/>\n<meta property=\"og:locale\" content=\"pt_PT\" \/>\n<meta property=\"og:type\" content=\"article\" \/>\n<meta property=\"og:title\" content=\"Buddha Diesel - Sementes Buddha\" \/>\n<meta property=\"og:description\" content=\"A Diesel \u00e9 um cl\u00e1ssico moderno imprescind\u00edvel, e \u00e9 por isso que a Buddha Seeds integrou a Buddha Diesel na fam\u00edlia Classics, onde aument\u00e1mos e estabiliz\u00e1mos a produ\u00e7\u00e3o.\" \/>\n<meta property=\"og:url\" content=\"https:\/\/buddhaseedbank.com\/pt-pt\/producto\/buddha-diesel\/\" \/>\n<meta property=\"og:site_name\" content=\"Buddha Seeds\" \/>\n<meta property=\"article:modified_time\" content=\"2024-06-18T11:15:56+00:00\" \/>\n<meta property=\"og:image\" content=\"https:\/\/buddhaseedbank.com\/wp-content\/uploads\/2020\/12\/217-Buddha-Diesel.jpg\" \/>\n\t<meta property=\"og:image:width\" content=\"1080\" \/>\n\t<meta property=\"og:image:height\" content=\"1080\" \/>\n\t<meta property=\"og:image:type\" content=\"image\/jpeg\" \/>\n<meta name=\"twitter:card\" content=\"summary_large_image\" \/>\n<meta name=\"twitter:label1\" content=\"Tempo estimado de leitura\" \/>\n\t<meta name=\"twitter:data1\" content=\"2 minutos\" \/>\n<script type=\"application\/ld+json\" class=\"yoast-schema-graph\">{\"@context\":\"https:\\\/\\\/schema.org\",\"@graph\":[{\"@type\":\"WebPage\",\"@id\":\"https:\\\/\\\/buddhaseedbank.com\\\/pt-pt\\\/producto\\\/buddha-diesel\\\/\",\"url\":\"https:\\\/\\\/buddhaseedbank.com\\\/pt-pt\\\/producto\\\/buddha-diesel\\\/\",\"name\":\"Buddha Diesel - Sementes Buddha\",\"isPartOf\":{\"@id\":\"https:\\\/\\\/buddhaseedbank.com\\\/pt-pt\\\/#website\"},\"primaryImageOfPage\":{\"@id\":\"https:\\\/\\\/buddhaseedbank.com\\\/pt-pt\\\/producto\\\/buddha-diesel\\\/#primaryimage\"},\"image\":{\"@id\":\"https:\\\/\\\/buddhaseedbank.com\\\/pt-pt\\\/producto\\\/buddha-diesel\\\/#primaryimage\"},\"thumbnailUrl\":\"https:\\\/\\\/buddhaseedbank.com\\\/wp-content\\\/uploads\\\/2020\\\/12\\\/217-Buddha-Diesel.jpg\",\"datePublished\":\"2020-12-03T09:20:31+00:00\",\"dateModified\":\"2024-06-18T11:15:56+00:00\",\"description\":\"A Diesel \u00e9 um cl\u00e1ssico moderno imprescind\u00edvel, e \u00e9 por isso que a Buddha Seeds integrou a Buddha Diesel na fam\u00edlia Classics, onde aument\u00e1mos e estabiliz\u00e1mos a produ\u00e7\u00e3o.\",\"breadcrumb\":{\"@id\":\"https:\\\/\\\/buddhaseedbank.com\\\/pt-pt\\\/producto\\\/buddha-diesel\\\/#breadcrumb\"},\"inLanguage\":\"pt-PT\",\"potentialAction\":[{\"@type\":\"ReadAction\",\"target\":[\"https:\\\/\\\/buddhaseedbank.com\\\/pt-pt\\\/producto\\\/buddha-diesel\\\/\"]}]},{\"@type\":\"ImageObject\",\"inLanguage\":\"pt-PT\",\"@id\":\"https:\\\/\\\/buddhaseedbank.com\\\/pt-pt\\\/producto\\\/buddha-diesel\\\/#primaryimage\",\"url\":\"https:\\\/\\\/buddhaseedbank.com\\\/wp-content\\\/uploads\\\/2020\\\/12\\\/217-Buddha-Diesel.jpg\",\"contentUrl\":\"https:\\\/\\\/buddhaseedbank.com\\\/wp-content\\\/uploads\\\/2020\\\/12\\\/217-Buddha-Diesel.jpg\",\"width\":1080,\"height\":1080,\"caption\":\"Buddha Diesel Buddha Seeds cl\u00e1sicos cannabis resina\"},{\"@type\":\"BreadcrumbList\",\"@id\":\"https:\\\/\\\/buddhaseedbank.com\\\/pt-pt\\\/producto\\\/buddha-diesel\\\/#breadcrumb\",\"itemListElement\":[{\"@type\":\"ListItem\",\"position\":1,\"name\":\"Portada\",\"item\":\"https:\\\/\\\/buddhaseedbank.com\\\/pt-pt\\\/\"},{\"@type\":\"ListItem\",\"position\":2,\"name\":\"Compra\",\"item\":\"https:\\\/\\\/buddhaseedbank.com\\\/pt-pt\\\/compra\\\/\"},{\"@type\":\"ListItem\",\"position\":3,\"name\":\"Buddha Diesel\"}]},{\"@type\":\"WebSite\",\"@id\":\"https:\\\/\\\/buddhaseedbank.com\\\/pt-pt\\\/#website\",\"url\":\"https:\\\/\\\/buddhaseedbank.com\\\/pt-pt\\\/\",\"name\":\"Buddha Seeds\",\"description\":\"\",\"publisher\":{\"@id\":\"https:\\\/\\\/buddhaseedbank.com\\\/pt-pt\\\/#organization\"},\"potentialAction\":[{\"@type\":\"SearchAction\",\"target\":{\"@type\":\"EntryPoint\",\"urlTemplate\":\"https:\\\/\\\/buddhaseedbank.com\\\/pt-pt\\\/?s={search_term_string}\"},\"query-input\":{\"@type\":\"PropertyValueSpecification\",\"valueRequired\":true,\"valueName\":\"search_term_string\"}}],\"inLanguage\":\"pt-PT\"},{\"@type\":\"Organization\",\"@id\":\"https:\\\/\\\/buddhaseedbank.com\\\/pt-pt\\\/#organization\",\"name\":\"Buddha Seeds\",\"url\":\"https:\\\/\\\/buddhaseedbank.com\\\/pt-pt\\\/\",\"logo\":{\"@type\":\"ImageObject\",\"inLanguage\":\"pt-PT\",\"@id\":\"https:\\\/\\\/buddhaseedbank.com\\\/pt-pt\\\/#\\\/schema\\\/logo\\\/image\\\/\",\"url\":\"https:\\\/\\\/buddhaseedbank.com\\\/wp-content\\\/uploads\\\/2024\\\/04\\\/buddha-seeds-logo-1622448424-1.png\",\"contentUrl\":\"https:\\\/\\\/buddhaseedbank.com\\\/wp-content\\\/uploads\\\/2024\\\/04\\\/buddha-seeds-logo-1622448424-1.png\",\"width\":478,\"height\":200,\"caption\":\"Buddha Seeds\"},\"image\":{\"@id\":\"https:\\\/\\\/buddhaseedbank.com\\\/pt-pt\\\/#\\\/schema\\\/logo\\\/image\\\/\"}}]}<\/script>\n<!-- \/ Yoast SEO plugin. -->","yoast_head_json":{"title":"Buddha Diesel - Sementes Buddha","description":"A Diesel \u00e9 um cl\u00e1ssico moderno imprescind\u00edvel, e \u00e9 por isso que a Buddha Seeds integrou a Buddha Diesel na fam\u00edlia Classics, onde aument\u00e1mos e estabiliz\u00e1mos a produ\u00e7\u00e3o.","robots":{"index":"index","follow":"follow","max-snippet":"max-snippet:-1","max-image-preview":"max-image-preview:large","max-video-preview":"max-video-preview:-1"},"canonical":"https:\/\/buddhaseedbank.com\/pt-pt\/producto\/buddha-diesel\/","og_locale":"pt_PT","og_type":"article","og_title":"Buddha Diesel - Sementes Buddha","og_description":"A Diesel \u00e9 um cl\u00e1ssico moderno imprescind\u00edvel, e \u00e9 por isso que a Buddha Seeds integrou a Buddha Diesel na fam\u00edlia Classics, onde aument\u00e1mos e estabiliz\u00e1mos a produ\u00e7\u00e3o.","og_url":"https:\/\/buddhaseedbank.com\/pt-pt\/producto\/buddha-diesel\/","og_site_name":"Buddha Seeds","article_modified_time":"2024-06-18T11:15:56+00:00","og_image":[{"width":1080,"height":1080,"url":"https:\/\/buddhaseedbank.com\/wp-content\/uploads\/2020\/12\/217-Buddha-Diesel.jpg","type":"image\/jpeg"}],"twitter_card":"summary_large_image","twitter_misc":{"Tempo estimado de leitura":"2 minutos"},"schema":{"@context":"https:\/\/schema.org","@graph":[{"@type":"WebPage","@id":"https:\/\/buddhaseedbank.com\/pt-pt\/producto\/buddha-diesel\/","url":"https:\/\/buddhaseedbank.com\/pt-pt\/producto\/buddha-diesel\/","name":"Buddha Diesel - Sementes Buddha","isPartOf":{"@id":"https:\/\/buddhaseedbank.com\/pt-pt\/#website"},"primaryImageOfPage":{"@id":"https:\/\/buddhaseedbank.com\/pt-pt\/producto\/buddha-diesel\/#primaryimage"},"image":{"@id":"https:\/\/buddhaseedbank.com\/pt-pt\/producto\/buddha-diesel\/#primaryimage"},"thumbnailUrl":"https:\/\/buddhaseedbank.com\/wp-content\/uploads\/2020\/12\/217-Buddha-Diesel.jpg","datePublished":"2020-12-03T09:20:31+00:00","dateModified":"2024-06-18T11:15:56+00:00","description":"A Diesel \u00e9 um cl\u00e1ssico moderno imprescind\u00edvel, e \u00e9 por isso que a Buddha Seeds integrou a Buddha Diesel na fam\u00edlia Classics, onde aument\u00e1mos e estabiliz\u00e1mos a produ\u00e7\u00e3o.","breadcrumb":{"@id":"https:\/\/buddhaseedbank.com\/pt-pt\/producto\/buddha-diesel\/#breadcrumb"},"inLanguage":"pt-PT","potentialAction":[{"@type":"ReadAction","target":["https:\/\/buddhaseedbank.com\/pt-pt\/producto\/buddha-diesel\/"]}]},{"@type":"ImageObject","inLanguage":"pt-PT","@id":"https:\/\/buddhaseedbank.com\/pt-pt\/producto\/buddha-diesel\/#primaryimage","url":"https:\/\/buddhaseedbank.com\/wp-content\/uploads\/2020\/12\/217-Buddha-Diesel.jpg","contentUrl":"https:\/\/buddhaseedbank.com\/wp-content\/uploads\/2020\/12\/217-Buddha-Diesel.jpg","width":1080,"height":1080,"caption":"Buddha Diesel Buddha Seeds cl\u00e1sicos cannabis resina"},{"@type":"BreadcrumbList","@id":"https:\/\/buddhaseedbank.com\/pt-pt\/producto\/buddha-diesel\/#breadcrumb","itemListElement":[{"@type":"ListItem","position":1,"name":"Portada","item":"https:\/\/buddhaseedbank.com\/pt-pt\/"},{"@type":"ListItem","position":2,"name":"Compra","item":"https:\/\/buddhaseedbank.com\/pt-pt\/compra\/"},{"@type":"ListItem","position":3,"name":"Buddha Diesel"}]},{"@type":"WebSite","@id":"https:\/\/buddhaseedbank.com\/pt-pt\/#website","url":"https:\/\/buddhaseedbank.com\/pt-pt\/","name":"Buddha Seeds","description":"","publisher":{"@id":"https:\/\/buddhaseedbank.com\/pt-pt\/#organization"},"potentialAction":[{"@type":"SearchAction","target":{"@type":"EntryPoint","urlTemplate":"https:\/\/buddhaseedbank.com\/pt-pt\/?s={search_term_string}"},"query-input":{"@type":"PropertyValueSpecification","valueRequired":true,"valueName":"search_term_string"}}],"inLanguage":"pt-PT"},{"@type":"Organization","@id":"https:\/\/buddhaseedbank.com\/pt-pt\/#organization","name":"Buddha Seeds","url":"https:\/\/buddhaseedbank.com\/pt-pt\/","logo":{"@type":"ImageObject","inLanguage":"pt-PT","@id":"https:\/\/buddhaseedbank.com\/pt-pt\/#\/schema\/logo\/image\/","url":"https:\/\/buddhaseedbank.com\/wp-content\/uploads\/2024\/04\/buddha-seeds-logo-1622448424-1.png","contentUrl":"https:\/\/buddhaseedbank.com\/wp-content\/uploads\/2024\/04\/buddha-seeds-logo-1622448424-1.png","width":478,"height":200,"caption":"Buddha Seeds"},"image":{"@id":"https:\/\/buddhaseedbank.com\/pt-pt\/#\/schema\/logo\/image\/"}}]}},"_links":{"self":[{"href":"https:\/\/buddhaseedbank.com\/pt-pt\/wp-json\/wp\/v2\/product\/7561","targetHints":{"allow":["GET"]}}],"collection":[{"href":"https:\/\/buddhaseedbank.com\/pt-pt\/wp-json\/wp\/v2\/product"}],"about":[{"href":"https:\/\/buddhaseedbank.com\/pt-pt\/wp-json\/wp\/v2\/types\/product"}],"wp:featuredmedia":[{"embeddable":true,"href":"https:\/\/buddhaseedbank.com\/pt-pt\/wp-json\/wp\/v2\/media\/7567"}],"wp:attachment":[{"href":"https:\/\/buddhaseedbank.com\/pt-pt\/wp-json\/wp\/v2\/media?parent=7561"}],"wp:term":[{"taxonomy":"product_brand","embeddable":true,"href":"https:\/\/buddhaseedbank.com\/pt-pt\/wp-json\/wp\/v2\/product_brand?post=7561"},{"taxonomy":"product_cat","embeddable":true,"href":"https:\/\/buddhaseedbank.com\/pt-pt\/wp-json\/wp\/v2\/product_cat?post=7561"},{"taxonomy":"product_tag","embeddable":true,"href":"https:\/\/buddhaseedbank.com\/pt-pt\/wp-json\/wp\/v2\/product_tag?post=7561"}],"curies":[{"name":"wp","href":"https:\/\/api.w.org\/{rel}","templated":true}]}}