{"id":7577,"date":"2021-06-07T14:38:37","date_gmt":"2021-06-07T12:38:37","guid":{"rendered":"https:\/\/buddhaseedbank.com\/producto\/biscoito-de-buda\/"},"modified":"2024-06-18T12:58:56","modified_gmt":"2024-06-18T10:58:56","slug":"buddha-cookie","status":"publish","type":"product","link":"https:\/\/buddhaseedbank.com\/pt-pt\/producto\/buddha-cookie\/","title":{"rendered":"Buddha Cookie"},"content":{"rendered":"<p style=\"text-align: justify;\">Se h\u00e1 uma variedade de can\u00e1bis autenticamente americana e de renome mundial, \u00e9 a <i>Girl Scout Cookies<\/i>. Na Buddha Seeds era claro para n\u00f3s que esta <i>delicadeza e variedade de can\u00e1bis mais vendida <\/i>n\u00e3o podia faltar no nosso cat\u00e1logo de variedades americanas e concentr\u00e1mos todos os nossos esfor\u00e7os em manter o seu sabor original.<\/p>\n<p style=\"text-align: justify;\">Foi assim que nasceu a Buddha Cookie, uma gen\u00e9tica indica pronta para te conquistar desde a primeira passa com o seu delicioso aroma a chocolate e biscoito acabado de fazer. Quem gosta de doces ter\u00e1 de controlar o apetite, pois pode ser altamente viciante, especialmente para os f\u00e3s de chocolate. Quando come\u00e7as, n\u00e3o consegues parar!<\/p>\n<p style=\"text-align: justify;\">Prepara-te para extra\u00e7\u00f5es ao mais alto n\u00edvel e um fumo poderoso que, nunca \u00e9 demais repetir, deixa um bom sabor na boca. Se gostas da American earthy, esta variedade vai mais longe com notas de biscoito doce. N\u00e3o \u00e9 de estranhar que seja o seu sabor que d\u00e1 o nome a esta variedade. J\u00e1 na garrafa notar\u00e1s esta carater\u00edstica que o enche de personalidade. A tua experi\u00eancia Buddha Cookie come\u00e7ar\u00e1 com algumas gargalhadas e euforia e depois envolver-te-\u00e1 gradualmente num estado de relaxamento total que te deixar\u00e1 colado ao sof\u00e1. Esta variedade \u00e9 ideal para o stress, as dores, as ins\u00f3nias e a perda de apetite.<\/p>\n<p style=\"text-align: justify;\">A Buddha Cookie tem altos n\u00edveis de resina e um crescimento vigoroso que d\u00e1 origem a verdadeiros monstros no exterior. No geral, esta variedade \u00e9 muito manej\u00e1vel, resistente e pouco exigente em termos de cuidados, o que \u00e9 um al\u00edvio para os cultivadores principiantes. Os utilizadores experientes poder\u00e3o aplicar t\u00e9cnicas como o LST gra\u00e7as ao seu bom espa\u00e7amento entre ramos, que permite uma melhor penetra\u00e7\u00e3o da luz.<\/p>\n<p style=\"text-align: justify;\"><a style=\"background-color: #ff0000; color: #ffffff;\" href=\"https:\/\/youtu.be\/BLk2R8Bj2KM\" target=\"_blank\" rel=\"noreferrer noopener nofollow\">YOUTUBE \u25ba<\/a><\/p>\n","protected":false},"excerpt":{"rendered":"<p style=\"text-align: justify;\">Buddha Cookie, uma gen\u00e9tica \u00edndica pronta para te conquistar desde a primeira passa com o seu delicioso aroma a chocolate e biscoitos acabados de fazer. Quem gosta de doces ter\u00e1 de controlar o apetite, porque pode ser altamente viciante, especialmente para os f\u00e3s de chocolate.<\/p>\n<p style=\"text-align: justify;\">Esta variedade tem altos n\u00edveis de resina e um crescimento vigoroso, dando origem a verdadeiros monstros de exterior. No geral, a Buddha Cookie \u00e9 muito manej\u00e1vel, resistente e pouco exigente em termos de cuidados, o que \u00e9 um al\u00edvio para os cultivadores principiantes. Os utilizadores experientes poder\u00e3o aplicar t\u00e9cnicas como o LST gra\u00e7as ao seu bom espa\u00e7amento entre ramos, que permite uma melhor penetra\u00e7\u00e3o da luz.<\/p>\n","protected":false},"featured_media":7579,"template":"","meta":{"_joinchat":[]},"product_brand":[],"product_cat":[986,897],"product_tag":[1395,1453,1501,1405,1430,1192,1410,1481],"class_list":{"0":"post-7577","1":"product","2":"type-product","3":"status-publish","4":"has-post-thumbnail","6":"product_cat-estirpes-da-colecao-usa","7":"product_cat-variedades-de-sementes-buddha","8":"product_tag-canabis-efeito-potente","9":"product_tag-canabis-ansiedade-stress","10":"product_tag-canabis-para-dormir-melhor","11":"product_tag-canabis-para-relaxar","12":"product_tag-cannabis-indica-pt-pt","13":"product_tag-eua-recolha-de-estirpes","14":"product_tag-sementes-marijuana-americanas","15":"product_tag-sementes-fotodependentes","16":"pa_efecto-inicialmente-havera-risos-e-um-ligeiro-estado-de-euforia","17":"pa_fa-produccionenexteriorporpl-400-2000-g-pt-pt","18":"pa_genetica-indica-pt-pt","19":"pa_mesdecosecha-segunda-quinzena-de-setembro-hemisferio-norte-segunda-quinzena-de-marco-hemisferio-sul","20":"pa_produccionm-400-600-g-pt-pt","21":"pa_semillas-10-unidades","22":"pa_semillas-3-unidades","23":"pa_semillas-50-pecas","24":"pa_sexo-feminizada-pt-pt","25":"pa_tiempodefloracion-56-63-dias","26":"pa_tipo-fotodependente","28":"first","29":"instock","30":"taxable","31":"shipping-taxable","32":"purchasable","33":"product-type-variable"},"yoast_head":"<!-- This site is optimized with the Yoast SEO plugin v27.3 - https:\/\/yoast.com\/product\/yoast-seo-wordpress\/ -->\n<title>Buddha Cookie - Sementes de Buddha<\/title>\n<meta name=\"robots\" content=\"index, follow, max-snippet:-1, max-image-preview:large, max-video-preview:-1\" \/>\n<link rel=\"canonical\" href=\"https:\/\/buddhaseedbank.com\/pt-pt\/producto\/buddha-cookie\/\" \/>\n<meta property=\"og:locale\" content=\"pt_PT\" \/>\n<meta property=\"og:type\" content=\"article\" \/>\n<meta property=\"og:title\" content=\"Buddha Cookie - Sementes de Buddha\" \/>\n<meta property=\"og:description\" content=\"Buddha Cookie, uma gen\u00e9tica \u00edndica pronta para te conquistar desde a primeira passa com o seu delicioso aroma a chocolate e biscoitos acabados de fazer. Quem gosta de doces ter\u00e1 de controlar o apetite, porque pode ser altamente viciante, especialmente para os f\u00e3s de chocolate. Esta variedade tem altos n\u00edveis de resina e um crescimento vigoroso, dando origem a verdadeiros monstros de exterior. No geral, a Buddha Cookie \u00e9 muito manej\u00e1vel, resistente e pouco exigente em termos de cuidados, o que \u00e9 um al\u00edvio para os cultivadores principiantes. Os utilizadores experientes poder\u00e3o aplicar t\u00e9cnicas como o LST gra\u00e7as ao seu bom espa\u00e7amento entre ramos, que permite uma melhor penetra\u00e7\u00e3o da luz.\" \/>\n<meta property=\"og:url\" content=\"https:\/\/buddhaseedbank.com\/pt-pt\/producto\/buddha-cookie\/\" \/>\n<meta property=\"og:site_name\" content=\"Buddha Seeds\" \/>\n<meta property=\"article:modified_time\" content=\"2024-06-18T10:58:56+00:00\" \/>\n<meta property=\"og:image\" content=\"https:\/\/buddhaseedbank.com\/wp-content\/uploads\/2021\/06\/236-Buddha-Cookie.jpg\" \/>\n\t<meta property=\"og:image:width\" content=\"1080\" \/>\n\t<meta property=\"og:image:height\" content=\"1080\" \/>\n\t<meta property=\"og:image:type\" content=\"image\/jpeg\" \/>\n<meta name=\"twitter:card\" content=\"summary_large_image\" \/>\n<meta name=\"twitter:label1\" content=\"Tempo estimado de leitura\" \/>\n\t<meta name=\"twitter:data1\" content=\"2 minutos\" \/>\n<script type=\"application\/ld+json\" class=\"yoast-schema-graph\">{\"@context\":\"https:\\\/\\\/schema.org\",\"@graph\":[{\"@type\":\"WebPage\",\"@id\":\"https:\\\/\\\/buddhaseedbank.com\\\/pt-pt\\\/producto\\\/buddha-cookie\\\/\",\"url\":\"https:\\\/\\\/buddhaseedbank.com\\\/pt-pt\\\/producto\\\/buddha-cookie\\\/\",\"name\":\"Buddha Cookie - Sementes de Buddha\",\"isPartOf\":{\"@id\":\"https:\\\/\\\/buddhaseedbank.com\\\/pt-pt\\\/#website\"},\"primaryImageOfPage\":{\"@id\":\"https:\\\/\\\/buddhaseedbank.com\\\/pt-pt\\\/producto\\\/buddha-cookie\\\/#primaryimage\"},\"image\":{\"@id\":\"https:\\\/\\\/buddhaseedbank.com\\\/pt-pt\\\/producto\\\/buddha-cookie\\\/#primaryimage\"},\"thumbnailUrl\":\"https:\\\/\\\/buddhaseedbank.com\\\/wp-content\\\/uploads\\\/2021\\\/06\\\/236-Buddha-Cookie.jpg\",\"datePublished\":\"2021-06-07T12:38:37+00:00\",\"dateModified\":\"2024-06-18T10:58:56+00:00\",\"breadcrumb\":{\"@id\":\"https:\\\/\\\/buddhaseedbank.com\\\/pt-pt\\\/producto\\\/buddha-cookie\\\/#breadcrumb\"},\"inLanguage\":\"pt-PT\",\"potentialAction\":[{\"@type\":\"ReadAction\",\"target\":[\"https:\\\/\\\/buddhaseedbank.com\\\/pt-pt\\\/producto\\\/buddha-cookie\\\/\"]}]},{\"@type\":\"ImageObject\",\"inLanguage\":\"pt-PT\",\"@id\":\"https:\\\/\\\/buddhaseedbank.com\\\/pt-pt\\\/producto\\\/buddha-cookie\\\/#primaryimage\",\"url\":\"https:\\\/\\\/buddhaseedbank.com\\\/wp-content\\\/uploads\\\/2021\\\/06\\\/236-Buddha-Cookie.jpg\",\"contentUrl\":\"https:\\\/\\\/buddhaseedbank.com\\\/wp-content\\\/uploads\\\/2021\\\/06\\\/236-Buddha-Cookie.jpg\",\"width\":1080,\"height\":1080,\"caption\":\"Buddha Cookie Buddha Seeds semillas cannabis baratas r\u00e1pida potente producci\u00f3n\"},{\"@type\":\"BreadcrumbList\",\"@id\":\"https:\\\/\\\/buddhaseedbank.com\\\/pt-pt\\\/producto\\\/buddha-cookie\\\/#breadcrumb\",\"itemListElement\":[{\"@type\":\"ListItem\",\"position\":1,\"name\":\"Portada\",\"item\":\"https:\\\/\\\/buddhaseedbank.com\\\/pt-pt\\\/\"},{\"@type\":\"ListItem\",\"position\":2,\"name\":\"Compra\",\"item\":\"https:\\\/\\\/buddhaseedbank.com\\\/pt-pt\\\/compra\\\/\"},{\"@type\":\"ListItem\",\"position\":3,\"name\":\"Buddha Cookie\"}]},{\"@type\":\"WebSite\",\"@id\":\"https:\\\/\\\/buddhaseedbank.com\\\/pt-pt\\\/#website\",\"url\":\"https:\\\/\\\/buddhaseedbank.com\\\/pt-pt\\\/\",\"name\":\"Buddha Seeds\",\"description\":\"\",\"publisher\":{\"@id\":\"https:\\\/\\\/buddhaseedbank.com\\\/pt-pt\\\/#organization\"},\"potentialAction\":[{\"@type\":\"SearchAction\",\"target\":{\"@type\":\"EntryPoint\",\"urlTemplate\":\"https:\\\/\\\/buddhaseedbank.com\\\/pt-pt\\\/?s={search_term_string}\"},\"query-input\":{\"@type\":\"PropertyValueSpecification\",\"valueRequired\":true,\"valueName\":\"search_term_string\"}}],\"inLanguage\":\"pt-PT\"},{\"@type\":\"Organization\",\"@id\":\"https:\\\/\\\/buddhaseedbank.com\\\/pt-pt\\\/#organization\",\"name\":\"Buddha Seeds\",\"url\":\"https:\\\/\\\/buddhaseedbank.com\\\/pt-pt\\\/\",\"logo\":{\"@type\":\"ImageObject\",\"inLanguage\":\"pt-PT\",\"@id\":\"https:\\\/\\\/buddhaseedbank.com\\\/pt-pt\\\/#\\\/schema\\\/logo\\\/image\\\/\",\"url\":\"https:\\\/\\\/buddhaseedbank.com\\\/wp-content\\\/uploads\\\/2024\\\/04\\\/buddha-seeds-logo-1622448424-1.png\",\"contentUrl\":\"https:\\\/\\\/buddhaseedbank.com\\\/wp-content\\\/uploads\\\/2024\\\/04\\\/buddha-seeds-logo-1622448424-1.png\",\"width\":478,\"height\":200,\"caption\":\"Buddha Seeds\"},\"image\":{\"@id\":\"https:\\\/\\\/buddhaseedbank.com\\\/pt-pt\\\/#\\\/schema\\\/logo\\\/image\\\/\"}}]}<\/script>\n<!-- \/ Yoast SEO plugin. -->","yoast_head_json":{"title":"Buddha Cookie - Sementes de Buddha","robots":{"index":"index","follow":"follow","max-snippet":"max-snippet:-1","max-image-preview":"max-image-preview:large","max-video-preview":"max-video-preview:-1"},"canonical":"https:\/\/buddhaseedbank.com\/pt-pt\/producto\/buddha-cookie\/","og_locale":"pt_PT","og_type":"article","og_title":"Buddha Cookie - Sementes de Buddha","og_description":"Buddha Cookie, uma gen\u00e9tica \u00edndica pronta para te conquistar desde a primeira passa com o seu delicioso aroma a chocolate e biscoitos acabados de fazer. Quem gosta de doces ter\u00e1 de controlar o apetite, porque pode ser altamente viciante, especialmente para os f\u00e3s de chocolate. Esta variedade tem altos n\u00edveis de resina e um crescimento vigoroso, dando origem a verdadeiros monstros de exterior. No geral, a Buddha Cookie \u00e9 muito manej\u00e1vel, resistente e pouco exigente em termos de cuidados, o que \u00e9 um al\u00edvio para os cultivadores principiantes. Os utilizadores experientes poder\u00e3o aplicar t\u00e9cnicas como o LST gra\u00e7as ao seu bom espa\u00e7amento entre ramos, que permite uma melhor penetra\u00e7\u00e3o da luz.","og_url":"https:\/\/buddhaseedbank.com\/pt-pt\/producto\/buddha-cookie\/","og_site_name":"Buddha Seeds","article_modified_time":"2024-06-18T10:58:56+00:00","og_image":[{"width":1080,"height":1080,"url":"https:\/\/buddhaseedbank.com\/wp-content\/uploads\/2021\/06\/236-Buddha-Cookie.jpg","type":"image\/jpeg"}],"twitter_card":"summary_large_image","twitter_misc":{"Tempo estimado de leitura":"2 minutos"},"schema":{"@context":"https:\/\/schema.org","@graph":[{"@type":"WebPage","@id":"https:\/\/buddhaseedbank.com\/pt-pt\/producto\/buddha-cookie\/","url":"https:\/\/buddhaseedbank.com\/pt-pt\/producto\/buddha-cookie\/","name":"Buddha Cookie - Sementes de Buddha","isPartOf":{"@id":"https:\/\/buddhaseedbank.com\/pt-pt\/#website"},"primaryImageOfPage":{"@id":"https:\/\/buddhaseedbank.com\/pt-pt\/producto\/buddha-cookie\/#primaryimage"},"image":{"@id":"https:\/\/buddhaseedbank.com\/pt-pt\/producto\/buddha-cookie\/#primaryimage"},"thumbnailUrl":"https:\/\/buddhaseedbank.com\/wp-content\/uploads\/2021\/06\/236-Buddha-Cookie.jpg","datePublished":"2021-06-07T12:38:37+00:00","dateModified":"2024-06-18T10:58:56+00:00","breadcrumb":{"@id":"https:\/\/buddhaseedbank.com\/pt-pt\/producto\/buddha-cookie\/#breadcrumb"},"inLanguage":"pt-PT","potentialAction":[{"@type":"ReadAction","target":["https:\/\/buddhaseedbank.com\/pt-pt\/producto\/buddha-cookie\/"]}]},{"@type":"ImageObject","inLanguage":"pt-PT","@id":"https:\/\/buddhaseedbank.com\/pt-pt\/producto\/buddha-cookie\/#primaryimage","url":"https:\/\/buddhaseedbank.com\/wp-content\/uploads\/2021\/06\/236-Buddha-Cookie.jpg","contentUrl":"https:\/\/buddhaseedbank.com\/wp-content\/uploads\/2021\/06\/236-Buddha-Cookie.jpg","width":1080,"height":1080,"caption":"Buddha Cookie Buddha Seeds semillas cannabis baratas r\u00e1pida potente producci\u00f3n"},{"@type":"BreadcrumbList","@id":"https:\/\/buddhaseedbank.com\/pt-pt\/producto\/buddha-cookie\/#breadcrumb","itemListElement":[{"@type":"ListItem","position":1,"name":"Portada","item":"https:\/\/buddhaseedbank.com\/pt-pt\/"},{"@type":"ListItem","position":2,"name":"Compra","item":"https:\/\/buddhaseedbank.com\/pt-pt\/compra\/"},{"@type":"ListItem","position":3,"name":"Buddha Cookie"}]},{"@type":"WebSite","@id":"https:\/\/buddhaseedbank.com\/pt-pt\/#website","url":"https:\/\/buddhaseedbank.com\/pt-pt\/","name":"Buddha Seeds","description":"","publisher":{"@id":"https:\/\/buddhaseedbank.com\/pt-pt\/#organization"},"potentialAction":[{"@type":"SearchAction","target":{"@type":"EntryPoint","urlTemplate":"https:\/\/buddhaseedbank.com\/pt-pt\/?s={search_term_string}"},"query-input":{"@type":"PropertyValueSpecification","valueRequired":true,"valueName":"search_term_string"}}],"inLanguage":"pt-PT"},{"@type":"Organization","@id":"https:\/\/buddhaseedbank.com\/pt-pt\/#organization","name":"Buddha Seeds","url":"https:\/\/buddhaseedbank.com\/pt-pt\/","logo":{"@type":"ImageObject","inLanguage":"pt-PT","@id":"https:\/\/buddhaseedbank.com\/pt-pt\/#\/schema\/logo\/image\/","url":"https:\/\/buddhaseedbank.com\/wp-content\/uploads\/2024\/04\/buddha-seeds-logo-1622448424-1.png","contentUrl":"https:\/\/buddhaseedbank.com\/wp-content\/uploads\/2024\/04\/buddha-seeds-logo-1622448424-1.png","width":478,"height":200,"caption":"Buddha Seeds"},"image":{"@id":"https:\/\/buddhaseedbank.com\/pt-pt\/#\/schema\/logo\/image\/"}}]}},"_links":{"self":[{"href":"https:\/\/buddhaseedbank.com\/pt-pt\/wp-json\/wp\/v2\/product\/7577","targetHints":{"allow":["GET"]}}],"collection":[{"href":"https:\/\/buddhaseedbank.com\/pt-pt\/wp-json\/wp\/v2\/product"}],"about":[{"href":"https:\/\/buddhaseedbank.com\/pt-pt\/wp-json\/wp\/v2\/types\/product"}],"wp:featuredmedia":[{"embeddable":true,"href":"https:\/\/buddhaseedbank.com\/pt-pt\/wp-json\/wp\/v2\/media\/7579"}],"wp:attachment":[{"href":"https:\/\/buddhaseedbank.com\/pt-pt\/wp-json\/wp\/v2\/media?parent=7577"}],"wp:term":[{"taxonomy":"product_brand","embeddable":true,"href":"https:\/\/buddhaseedbank.com\/pt-pt\/wp-json\/wp\/v2\/product_brand?post=7577"},{"taxonomy":"product_cat","embeddable":true,"href":"https:\/\/buddhaseedbank.com\/pt-pt\/wp-json\/wp\/v2\/product_cat?post=7577"},{"taxonomy":"product_tag","embeddable":true,"href":"https:\/\/buddhaseedbank.com\/pt-pt\/wp-json\/wp\/v2\/product_tag?post=7577"}],"curies":[{"name":"wp","href":"https:\/\/api.w.org\/{rel}","templated":true}]}}