{"id":7594,"date":"2020-12-03T11:20:43","date_gmt":"2020-12-03T10:20:43","guid":{"rendered":"https:\/\/buddhaseedbank.com\/producto\/buda-skunk\/"},"modified":"2024-06-18T13:06:58","modified_gmt":"2024-06-18T11:06:58","slug":"buddha-skunk","status":"publish","type":"product","link":"https:\/\/buddhaseedbank.com\/pt-pt\/producto\/buddha-skunk\/","title":{"rendered":"Buddha Skunk"},"content":{"rendered":"<p style=\"text-align: justify;\">A Skunk \u00e9 uma das h\u00edbridas mais reconhecidas pelos cultivadores. Esta reputa\u00e7\u00e3o comercial foi conquistada em parte devido \u00e0 sua nomenclatura adequada, uma vez que <strong>os esp\u00e9cimes de Skunk emanam um aroma doce <\/strong>muito carater\u00edstico.<\/p>\n<p style=\"text-align: justify;\">A <strong>hist\u00f3ria do Skunk<\/strong> tem material suficiente para uma s\u00e9rie de televis\u00e3o. E um dos principais intervenientes na cria\u00e7\u00e3o deste cl\u00e1ssico \u00e9 o <em>criador<\/em> Sam &#8220;The Skunkman&#8221;, que, juntamente com um grupo de parceiros, escreveu os primeiros passos de uma lenda.<\/p>\n<p style=\"text-align: justify;\">A situa\u00e7\u00e3o nos Estados Unidos era delicada, uma vez que a press\u00e3o pol\u00edtica constante contra a droga era comum. Por isso, Skunk teve de dar o salto para o continente europeu, em busca de uma oportunidade. E n\u00e3o demorou muito a encontr\u00e1-la, pois foi <strong>transferida para um prestigiado banco de<\/strong> sementes holand\u00eas.<\/p>\n<p style=\"text-align: justify;\">Da <strong>Buddha Seeds<\/strong> n\u00e3o hesit\u00e1mos em incluir esta variedade na cole\u00e7\u00e3o de cl\u00e1ssicos com a nossa pr\u00f3pria identidade, prestando-lhe <strong>homenagem com a<\/strong> <strong>Buddha Skunk<\/strong>. A nossa equipa conseguiu fazer sobressair os aspectos mais atractivos que os cultivadores tanto gostam nesta gen\u00e9tica.<\/p>\n<p style=\"text-align: justify;\">As <strong>caracter\u00edsticas da<\/strong> <strong>Buddha Skunk<\/strong> podem ser resumidas como uma h\u00edbrida dominante de sativa com uniformidade est\u00e1vel<strong>, forte, potente e produtiva<\/strong>. O per\u00edodo de flora\u00e7\u00e3o \u00e9 curto, sobretudo tendo em conta o resultado da colheita final. \u00c9 aconselh\u00e1vel eliminar os odores nas culturas <em>de interior<\/em> com filtros anti-odor, uma vez que a sua presen\u00e7a \u00e9 not\u00f3ria.<\/p>\n<p style=\"text-align: justify;\">A gen\u00e9tica Sativa \u00e9 evidente em cada <strong>Buddha Skunk<\/strong> individual. Destaca-se pelo seu aspeto vistoso, formado por c\u00e1lices proeminentes e pistilos abundantes que <strong>formam bot\u00f5es volumosos<\/strong>. O efeito \u00e9 o de uma verdadeira sativa: pura energia cerebral que facilitar\u00e1 a criatividade, as vibra\u00e7\u00f5es sociais e a vitalidade pessoal.<\/p>\n<p style=\"text-align: justify;\">O seu sabor \u00e9 indescrit\u00edvel. Poder\u00edamos dizer que \u00e9 <strong>o sabor quintessencial da marijuana<\/strong>. Apesar de manter sempre o mesmo fundo Skunk, tem uma incr\u00edvel varia\u00e7\u00e3o arom\u00e1tica que vai desde aromas c\u00edtricos frutados a aromas acre.<\/p>\n","protected":false},"excerpt":{"rendered":"<p style=\"text-align: justify;\">As <strong>caracter\u00edsticas da<\/strong> <strong>Buddha Skunk<\/strong> podem ser resumidas como uma h\u00edbrida dominante de sativa com uniformidade est\u00e1vel<strong>, forte, potente e produtiva<\/strong>. O per\u00edodo de flora\u00e7\u00e3o \u00e9 curto, sobretudo tendo em conta o resultado da colheita final. \u00c9 aconselh\u00e1vel eliminar os odores nas culturas de <em>interior<\/em> com filtros anti-odor, uma vez que a sua presen\u00e7a \u00e9 not\u00f3ria.<\/p>\n","protected":false},"featured_media":7600,"template":"","meta":{"_joinchat":[]},"product_brand":[],"product_cat":[951,897],"product_tag":[1395,1462,1509,1521,1481],"class_list":{"0":"post-7594","1":"product","2":"type-product","3":"status-publish","4":"has-post-thumbnail","6":"product_cat-classics-buddha-seeds","7":"product_cat-variedades-de-sementes-buddha","8":"product_tag-canabis-efeito-potente","9":"product_tag-cannabis-sativa-pt-pt","10":"product_tag-classicos-canabis","11":"product_tag-maconha-produtiva","12":"product_tag-sementes-fotodependentes","13":"pa_efecto-energia-cerebral-que-facilitara-a-criatividade-a-vibracao-social-e-a-vitalidade-pessoal","14":"pa_fa-produccionenexteriorporpl-500-1500-gr-pt-pt","15":"pa_genetica-sativa-pt-pt","16":"pa_mesdecosecha-segunda-quinzena-de-outubro-hemisferio-norte-segunda-quinzena-de-abril-hemisferio-sul","17":"pa_produccionm-400-550-gr-pt-pt","18":"pa_semillas-10-unidades","19":"pa_semillas-3-unidades","20":"pa_semillas-50-pecas","21":"pa_sexo-feminizada-pt-pt","22":"pa_tiempodefloracion-65-70-dias","23":"pa_tipo-fotodependente","25":"first","26":"instock","27":"taxable","28":"shipping-taxable","29":"purchasable","30":"product-type-variable"},"yoast_head":"<!-- This site is optimized with the Yoast SEO plugin v27.3 - https:\/\/yoast.com\/product\/yoast-seo-wordpress\/ -->\n<title>Buddha Skunk - Sementes Buddha<\/title>\n<meta name=\"description\" content=\"A gen\u00e9tica Sativa \u00e9 evidente em cada Buddha Skunk individual. Destaca-se pelo seu aspeto vistoso, constitu\u00eddo por bot\u00f5es volumosos.\" \/>\n<meta name=\"robots\" content=\"index, follow, max-snippet:-1, max-image-preview:large, max-video-preview:-1\" \/>\n<link rel=\"canonical\" href=\"https:\/\/buddhaseedbank.com\/pt-pt\/producto\/buddha-skunk\/\" \/>\n<meta property=\"og:locale\" content=\"pt_PT\" \/>\n<meta property=\"og:type\" content=\"article\" \/>\n<meta property=\"og:title\" content=\"Buddha Skunk - Sementes Buddha\" \/>\n<meta property=\"og:description\" content=\"A gen\u00e9tica Sativa \u00e9 evidente em cada Buddha Skunk individual. Destaca-se pelo seu aspeto vistoso, constitu\u00eddo por bot\u00f5es volumosos.\" \/>\n<meta property=\"og:url\" content=\"https:\/\/buddhaseedbank.com\/pt-pt\/producto\/buddha-skunk\/\" \/>\n<meta property=\"og:site_name\" content=\"Buddha Seeds\" \/>\n<meta property=\"article:modified_time\" content=\"2024-06-18T11:06:58+00:00\" \/>\n<meta property=\"og:image\" content=\"https:\/\/buddhaseedbank.com\/wp-content\/uploads\/2020\/12\/219-Buddha-Skunk.jpg\" \/>\n\t<meta property=\"og:image:width\" content=\"1080\" \/>\n\t<meta property=\"og:image:height\" content=\"1080\" \/>\n\t<meta property=\"og:image:type\" content=\"image\/jpeg\" \/>\n<meta name=\"twitter:card\" content=\"summary_large_image\" \/>\n<meta name=\"twitter:label1\" content=\"Tempo estimado de leitura\" \/>\n\t<meta name=\"twitter:data1\" content=\"2 minutos\" \/>\n<script type=\"application\/ld+json\" class=\"yoast-schema-graph\">{\"@context\":\"https:\\\/\\\/schema.org\",\"@graph\":[{\"@type\":\"WebPage\",\"@id\":\"https:\\\/\\\/buddhaseedbank.com\\\/pt-pt\\\/producto\\\/buddha-skunk\\\/\",\"url\":\"https:\\\/\\\/buddhaseedbank.com\\\/pt-pt\\\/producto\\\/buddha-skunk\\\/\",\"name\":\"Buddha Skunk - Sementes Buddha\",\"isPartOf\":{\"@id\":\"https:\\\/\\\/buddhaseedbank.com\\\/pt-pt\\\/#website\"},\"primaryImageOfPage\":{\"@id\":\"https:\\\/\\\/buddhaseedbank.com\\\/pt-pt\\\/producto\\\/buddha-skunk\\\/#primaryimage\"},\"image\":{\"@id\":\"https:\\\/\\\/buddhaseedbank.com\\\/pt-pt\\\/producto\\\/buddha-skunk\\\/#primaryimage\"},\"thumbnailUrl\":\"https:\\\/\\\/buddhaseedbank.com\\\/wp-content\\\/uploads\\\/2020\\\/12\\\/219-Buddha-Skunk.jpg\",\"datePublished\":\"2020-12-03T10:20:43+00:00\",\"dateModified\":\"2024-06-18T11:06:58+00:00\",\"description\":\"A gen\u00e9tica Sativa \u00e9 evidente em cada Buddha Skunk individual. Destaca-se pelo seu aspeto vistoso, constitu\u00eddo por bot\u00f5es volumosos.\",\"breadcrumb\":{\"@id\":\"https:\\\/\\\/buddhaseedbank.com\\\/pt-pt\\\/producto\\\/buddha-skunk\\\/#breadcrumb\"},\"inLanguage\":\"pt-PT\",\"potentialAction\":[{\"@type\":\"ReadAction\",\"target\":[\"https:\\\/\\\/buddhaseedbank.com\\\/pt-pt\\\/producto\\\/buddha-skunk\\\/\"]}]},{\"@type\":\"ImageObject\",\"inLanguage\":\"pt-PT\",\"@id\":\"https:\\\/\\\/buddhaseedbank.com\\\/pt-pt\\\/producto\\\/buddha-skunk\\\/#primaryimage\",\"url\":\"https:\\\/\\\/buddhaseedbank.com\\\/wp-content\\\/uploads\\\/2020\\\/12\\\/219-Buddha-Skunk.jpg\",\"contentUrl\":\"https:\\\/\\\/buddhaseedbank.com\\\/wp-content\\\/uploads\\\/2020\\\/12\\\/219-Buddha-Skunk.jpg\",\"width\":1080,\"height\":1080,\"caption\":\"Buddha Skunk Buddha Seeds cannabis clasico\"},{\"@type\":\"BreadcrumbList\",\"@id\":\"https:\\\/\\\/buddhaseedbank.com\\\/pt-pt\\\/producto\\\/buddha-skunk\\\/#breadcrumb\",\"itemListElement\":[{\"@type\":\"ListItem\",\"position\":1,\"name\":\"Portada\",\"item\":\"https:\\\/\\\/buddhaseedbank.com\\\/pt-pt\\\/\"},{\"@type\":\"ListItem\",\"position\":2,\"name\":\"Compra\",\"item\":\"https:\\\/\\\/buddhaseedbank.com\\\/pt-pt\\\/compra\\\/\"},{\"@type\":\"ListItem\",\"position\":3,\"name\":\"Buddha Skunk\"}]},{\"@type\":\"WebSite\",\"@id\":\"https:\\\/\\\/buddhaseedbank.com\\\/pt-pt\\\/#website\",\"url\":\"https:\\\/\\\/buddhaseedbank.com\\\/pt-pt\\\/\",\"name\":\"Buddha Seeds\",\"description\":\"\",\"publisher\":{\"@id\":\"https:\\\/\\\/buddhaseedbank.com\\\/pt-pt\\\/#organization\"},\"potentialAction\":[{\"@type\":\"SearchAction\",\"target\":{\"@type\":\"EntryPoint\",\"urlTemplate\":\"https:\\\/\\\/buddhaseedbank.com\\\/pt-pt\\\/?s={search_term_string}\"},\"query-input\":{\"@type\":\"PropertyValueSpecification\",\"valueRequired\":true,\"valueName\":\"search_term_string\"}}],\"inLanguage\":\"pt-PT\"},{\"@type\":\"Organization\",\"@id\":\"https:\\\/\\\/buddhaseedbank.com\\\/pt-pt\\\/#organization\",\"name\":\"Buddha Seeds\",\"url\":\"https:\\\/\\\/buddhaseedbank.com\\\/pt-pt\\\/\",\"logo\":{\"@type\":\"ImageObject\",\"inLanguage\":\"pt-PT\",\"@id\":\"https:\\\/\\\/buddhaseedbank.com\\\/pt-pt\\\/#\\\/schema\\\/logo\\\/image\\\/\",\"url\":\"https:\\\/\\\/buddhaseedbank.com\\\/wp-content\\\/uploads\\\/2024\\\/04\\\/buddha-seeds-logo-1622448424-1.png\",\"contentUrl\":\"https:\\\/\\\/buddhaseedbank.com\\\/wp-content\\\/uploads\\\/2024\\\/04\\\/buddha-seeds-logo-1622448424-1.png\",\"width\":478,\"height\":200,\"caption\":\"Buddha Seeds\"},\"image\":{\"@id\":\"https:\\\/\\\/buddhaseedbank.com\\\/pt-pt\\\/#\\\/schema\\\/logo\\\/image\\\/\"}}]}<\/script>\n<!-- \/ Yoast SEO plugin. -->","yoast_head_json":{"title":"Buddha Skunk - Sementes Buddha","description":"A gen\u00e9tica Sativa \u00e9 evidente em cada Buddha Skunk individual. Destaca-se pelo seu aspeto vistoso, constitu\u00eddo por bot\u00f5es volumosos.","robots":{"index":"index","follow":"follow","max-snippet":"max-snippet:-1","max-image-preview":"max-image-preview:large","max-video-preview":"max-video-preview:-1"},"canonical":"https:\/\/buddhaseedbank.com\/pt-pt\/producto\/buddha-skunk\/","og_locale":"pt_PT","og_type":"article","og_title":"Buddha Skunk - Sementes Buddha","og_description":"A gen\u00e9tica Sativa \u00e9 evidente em cada Buddha Skunk individual. Destaca-se pelo seu aspeto vistoso, constitu\u00eddo por bot\u00f5es volumosos.","og_url":"https:\/\/buddhaseedbank.com\/pt-pt\/producto\/buddha-skunk\/","og_site_name":"Buddha Seeds","article_modified_time":"2024-06-18T11:06:58+00:00","og_image":[{"width":1080,"height":1080,"url":"https:\/\/buddhaseedbank.com\/wp-content\/uploads\/2020\/12\/219-Buddha-Skunk.jpg","type":"image\/jpeg"}],"twitter_card":"summary_large_image","twitter_misc":{"Tempo estimado de leitura":"2 minutos"},"schema":{"@context":"https:\/\/schema.org","@graph":[{"@type":"WebPage","@id":"https:\/\/buddhaseedbank.com\/pt-pt\/producto\/buddha-skunk\/","url":"https:\/\/buddhaseedbank.com\/pt-pt\/producto\/buddha-skunk\/","name":"Buddha Skunk - Sementes Buddha","isPartOf":{"@id":"https:\/\/buddhaseedbank.com\/pt-pt\/#website"},"primaryImageOfPage":{"@id":"https:\/\/buddhaseedbank.com\/pt-pt\/producto\/buddha-skunk\/#primaryimage"},"image":{"@id":"https:\/\/buddhaseedbank.com\/pt-pt\/producto\/buddha-skunk\/#primaryimage"},"thumbnailUrl":"https:\/\/buddhaseedbank.com\/wp-content\/uploads\/2020\/12\/219-Buddha-Skunk.jpg","datePublished":"2020-12-03T10:20:43+00:00","dateModified":"2024-06-18T11:06:58+00:00","description":"A gen\u00e9tica Sativa \u00e9 evidente em cada Buddha Skunk individual. Destaca-se pelo seu aspeto vistoso, constitu\u00eddo por bot\u00f5es volumosos.","breadcrumb":{"@id":"https:\/\/buddhaseedbank.com\/pt-pt\/producto\/buddha-skunk\/#breadcrumb"},"inLanguage":"pt-PT","potentialAction":[{"@type":"ReadAction","target":["https:\/\/buddhaseedbank.com\/pt-pt\/producto\/buddha-skunk\/"]}]},{"@type":"ImageObject","inLanguage":"pt-PT","@id":"https:\/\/buddhaseedbank.com\/pt-pt\/producto\/buddha-skunk\/#primaryimage","url":"https:\/\/buddhaseedbank.com\/wp-content\/uploads\/2020\/12\/219-Buddha-Skunk.jpg","contentUrl":"https:\/\/buddhaseedbank.com\/wp-content\/uploads\/2020\/12\/219-Buddha-Skunk.jpg","width":1080,"height":1080,"caption":"Buddha Skunk Buddha Seeds cannabis clasico"},{"@type":"BreadcrumbList","@id":"https:\/\/buddhaseedbank.com\/pt-pt\/producto\/buddha-skunk\/#breadcrumb","itemListElement":[{"@type":"ListItem","position":1,"name":"Portada","item":"https:\/\/buddhaseedbank.com\/pt-pt\/"},{"@type":"ListItem","position":2,"name":"Compra","item":"https:\/\/buddhaseedbank.com\/pt-pt\/compra\/"},{"@type":"ListItem","position":3,"name":"Buddha Skunk"}]},{"@type":"WebSite","@id":"https:\/\/buddhaseedbank.com\/pt-pt\/#website","url":"https:\/\/buddhaseedbank.com\/pt-pt\/","name":"Buddha Seeds","description":"","publisher":{"@id":"https:\/\/buddhaseedbank.com\/pt-pt\/#organization"},"potentialAction":[{"@type":"SearchAction","target":{"@type":"EntryPoint","urlTemplate":"https:\/\/buddhaseedbank.com\/pt-pt\/?s={search_term_string}"},"query-input":{"@type":"PropertyValueSpecification","valueRequired":true,"valueName":"search_term_string"}}],"inLanguage":"pt-PT"},{"@type":"Organization","@id":"https:\/\/buddhaseedbank.com\/pt-pt\/#organization","name":"Buddha Seeds","url":"https:\/\/buddhaseedbank.com\/pt-pt\/","logo":{"@type":"ImageObject","inLanguage":"pt-PT","@id":"https:\/\/buddhaseedbank.com\/pt-pt\/#\/schema\/logo\/image\/","url":"https:\/\/buddhaseedbank.com\/wp-content\/uploads\/2024\/04\/buddha-seeds-logo-1622448424-1.png","contentUrl":"https:\/\/buddhaseedbank.com\/wp-content\/uploads\/2024\/04\/buddha-seeds-logo-1622448424-1.png","width":478,"height":200,"caption":"Buddha Seeds"},"image":{"@id":"https:\/\/buddhaseedbank.com\/pt-pt\/#\/schema\/logo\/image\/"}}]}},"_links":{"self":[{"href":"https:\/\/buddhaseedbank.com\/pt-pt\/wp-json\/wp\/v2\/product\/7594","targetHints":{"allow":["GET"]}}],"collection":[{"href":"https:\/\/buddhaseedbank.com\/pt-pt\/wp-json\/wp\/v2\/product"}],"about":[{"href":"https:\/\/buddhaseedbank.com\/pt-pt\/wp-json\/wp\/v2\/types\/product"}],"wp:featuredmedia":[{"embeddable":true,"href":"https:\/\/buddhaseedbank.com\/pt-pt\/wp-json\/wp\/v2\/media\/7600"}],"wp:attachment":[{"href":"https:\/\/buddhaseedbank.com\/pt-pt\/wp-json\/wp\/v2\/media?parent=7594"}],"wp:term":[{"taxonomy":"product_brand","embeddable":true,"href":"https:\/\/buddhaseedbank.com\/pt-pt\/wp-json\/wp\/v2\/product_brand?post=7594"},{"taxonomy":"product_cat","embeddable":true,"href":"https:\/\/buddhaseedbank.com\/pt-pt\/wp-json\/wp\/v2\/product_cat?post=7594"},{"taxonomy":"product_tag","embeddable":true,"href":"https:\/\/buddhaseedbank.com\/pt-pt\/wp-json\/wp\/v2\/product_tag?post=7594"}],"curies":[{"name":"wp","href":"https:\/\/api.w.org\/{rel}","templated":true}]}}