{"id":7607,"date":"2021-06-08T15:16:27","date_gmt":"2021-06-08T13:16:27","guid":{"rendered":"https:\/\/buddhaseedbank.com\/producto\/cheesecake-de-casamento-de-buda\/"},"modified":"2024-06-18T12:45:44","modified_gmt":"2024-06-18T10:45:44","slug":"buddha-wedding-cheesecake","status":"publish","type":"product","link":"https:\/\/buddhaseedbank.com\/pt-pt\/producto\/buddha-wedding-cheesecake\/","title":{"rendered":"Buddha Wedding Cheesecake"},"content":{"rendered":"<p style=\"text-align: justify;\">A aut\u00eantica pastelaria americana est\u00e1 no Buddha Seeds. Temos no menu o melhor Cheesecake que alguma vez provaste. Na Buddha Seeds melhor\u00e1mos a receita original, adicionando o nosso segredo especial da casa para tornar o Buddha Wedding Cheesecake inesquec\u00edvel a cada folhada.<\/p>\n<p style=\"text-align: justify;\">O Buddha Wedding Cheesecake \u00e9 capaz de parar o tempo durante a degusta\u00e7\u00e3o, sendo a integra\u00e7\u00e3o de sabores realmente excitante. A nota predominante de queijo cremoso com uma mistura de frutos doces inunda o paladar com uma mir\u00edade de sensa\u00e7\u00f5es.<\/p>\n<p style=\"text-align: justify;\">Os aromas s\u00e3o intensos e francamente cativantes, abrindo o apetite instantaneamente, especialmente para aqueles que gostam de doces e s\u00e3o apaixonados por aromas doces. A Buddha Seeds manteve a receita original americana, mas adicionou um extra especial para desenvolver este doce de alto impacto e fazer ainda mais justi\u00e7a ao Cheese.<\/p>\n<p style=\"text-align: justify;\">A digest\u00e3o do Buddha Wedding Cheesecake \u00e9 perfeita para utilizadores regulares devido \u00e0 elevada concentra\u00e7\u00e3o de THC. O efeito \u00e9 poderoso: come\u00e7a com um bem-estar corporal e passa progressivamente para uma sensa\u00e7\u00e3o mais cerebral. Esta variedade \u00e9 ideal para recarregar energias e inspira\u00e7\u00e3o.<\/p>\n<p style=\"text-align: justify;\">A Buddha Wedding Cheesecake destaca-se na flora\u00e7\u00e3o em dois aspectos: rapidez e quantidade. Produz flores volumosas em apenas dois meses, cobertas por uma espessa camada de resina que favorece a rentabilidade em qualquer tipo de extra\u00e7\u00e3o.<\/p>\n<p style=\"text-align: justify;\">O Buddha Wedding Cheesecake \u00e9 a sobremesa que um paladar exigente ir\u00e1 sempre preferir.<\/p>\n<p><iframe title=\"Buddha Weeding Cheesecake\" width=\"800\" height=\"450\" src=\"https:\/\/www.youtube.com\/embed\/TnyQaH8d-_c?feature=oembed\" frameborder=\"0\" allow=\"accelerometer; autoplay; clipboard-write; encrypted-media; gyroscope; picture-in-picture; web-share\" referrerpolicy=\"strict-origin-when-cross-origin\" allowfullscreen><\/iframe><\/p>\n","protected":false},"excerpt":{"rendered":"<p style=\"text-align: justify;\">Os aromas s\u00e3o intensos e francamente cativantes, abrindo o apetite instantaneamente, especialmente para aqueles que gostam de doces e s\u00e3o apaixonados por aromas doces. A Buddha Seeds manteve a receita original americana, mas adicionou um extra especial para desenvolver este doce de alto impacto e fazer ainda mais justi\u00e7a ao Cheese.<\/p>\n<p style=\"text-align: justify;\">A digest\u00e3o da Buddha Wedding Cheesecake \u00e9 perfeita para utilizadores regulares devido \u00e0 elevada concentra\u00e7\u00e3o de THC. O efeito \u00e9 potente, come\u00e7ando com uma moca corporal e passando progressivamente para uma sensa\u00e7\u00e3o mais cerebral. Esta variedade \u00e9 ideal para recarregar energias e inspira\u00e7\u00e3o.<\/p>\n","protected":false},"featured_media":7612,"template":"","meta":{"_joinchat":[]},"product_brand":[],"product_cat":[986,897],"product_tag":[1395,1430,1192,1521,1410,1481],"class_list":{"0":"post-7607","1":"product","2":"type-product","3":"status-publish","4":"has-post-thumbnail","6":"product_cat-estirpes-da-colecao-usa","7":"product_cat-variedades-de-sementes-buddha","8":"product_tag-canabis-efeito-potente","9":"product_tag-cannabis-indica-pt-pt","10":"product_tag-eua-recolha-de-estirpes","11":"product_tag-maconha-produtiva","12":"product_tag-sementes-marijuana-americanas","13":"product_tag-sementes-fotodependentes","14":"pa_efecto-comeca-com-um-bem-estar-corporal","15":"pa_fa-produccionenexteriorporpl-700-2000-g-pt-pt","16":"pa_genetica-indica-pt-pt","17":"pa_mesdecosecha-segunda-quinzena-de-setembro-hemisferio-norte-segunda-quinzena-de-marco-hemisferio-sul","18":"pa_produccionm-450-650-g-pt-pt","19":"pa_semillas-10-unidades","20":"pa_semillas-3-unidades","21":"pa_semillas-50-pecas","22":"pa_sexo-feminizada-pt-pt","23":"pa_tiempodefloracion-52-65-dias","24":"pa_tipo-fotodependente","26":"first","27":"instock","28":"taxable","29":"shipping-taxable","30":"purchasable","31":"product-type-variable"},"yoast_head":"<!-- This site is optimized with the Yoast SEO plugin v27.3 - https:\/\/yoast.com\/product\/yoast-seo-wordpress\/ -->\n<title>Buddha Wedding Cheesecake - Sementes de Buddha<\/title>\n<meta name=\"robots\" content=\"index, follow, max-snippet:-1, max-image-preview:large, max-video-preview:-1\" \/>\n<link rel=\"canonical\" href=\"https:\/\/buddhaseedbank.com\/pt-pt\/producto\/buddha-wedding-cheesecake\/\" \/>\n<meta property=\"og:locale\" content=\"pt_PT\" \/>\n<meta property=\"og:type\" content=\"article\" \/>\n<meta property=\"og:title\" content=\"Buddha Wedding Cheesecake - Sementes de Buddha\" \/>\n<meta property=\"og:description\" content=\"Os aromas s\u00e3o intensos e francamente cativantes, abrindo o apetite instantaneamente, especialmente para aqueles que gostam de doces e s\u00e3o apaixonados por aromas doces. A Buddha Seeds manteve a receita original americana, mas adicionou um extra especial para desenvolver este doce de alto impacto e fazer ainda mais justi\u00e7a ao Cheese. A digest\u00e3o da Buddha Wedding Cheesecake \u00e9 perfeita para utilizadores regulares devido \u00e0 elevada concentra\u00e7\u00e3o de THC. O efeito \u00e9 potente, come\u00e7ando com uma moca corporal e passando progressivamente para uma sensa\u00e7\u00e3o mais cerebral. Esta variedade \u00e9 ideal para recarregar energias e inspira\u00e7\u00e3o.\" \/>\n<meta property=\"og:url\" content=\"https:\/\/buddhaseedbank.com\/pt-pt\/producto\/buddha-wedding-cheesecake\/\" \/>\n<meta property=\"og:site_name\" content=\"Buddha Seeds\" \/>\n<meta property=\"article:modified_time\" content=\"2024-06-18T10:45:44+00:00\" \/>\n<meta property=\"og:image\" content=\"https:\/\/buddhaseedbank.com\/wp-content\/uploads\/2021\/06\/274-Buddha-Wedding-Cheesecake.jpg\" \/>\n\t<meta property=\"og:image:width\" content=\"1080\" \/>\n\t<meta property=\"og:image:height\" content=\"1080\" \/>\n\t<meta property=\"og:image:type\" content=\"image\/jpeg\" \/>\n<meta name=\"twitter:card\" content=\"summary_large_image\" \/>\n<meta name=\"twitter:label1\" content=\"Tempo estimado de leitura\" \/>\n\t<meta name=\"twitter:data1\" content=\"2 minutos\" \/>\n<script type=\"application\/ld+json\" class=\"yoast-schema-graph\">{\"@context\":\"https:\\\/\\\/schema.org\",\"@graph\":[{\"@type\":\"WebPage\",\"@id\":\"https:\\\/\\\/buddhaseedbank.com\\\/pt-pt\\\/producto\\\/buddha-wedding-cheesecake\\\/\",\"url\":\"https:\\\/\\\/buddhaseedbank.com\\\/pt-pt\\\/producto\\\/buddha-wedding-cheesecake\\\/\",\"name\":\"Buddha Wedding Cheesecake - Sementes de Buddha\",\"isPartOf\":{\"@id\":\"https:\\\/\\\/buddhaseedbank.com\\\/pt-pt\\\/#website\"},\"primaryImageOfPage\":{\"@id\":\"https:\\\/\\\/buddhaseedbank.com\\\/pt-pt\\\/producto\\\/buddha-wedding-cheesecake\\\/#primaryimage\"},\"image\":{\"@id\":\"https:\\\/\\\/buddhaseedbank.com\\\/pt-pt\\\/producto\\\/buddha-wedding-cheesecake\\\/#primaryimage\"},\"thumbnailUrl\":\"https:\\\/\\\/buddhaseedbank.com\\\/wp-content\\\/uploads\\\/2021\\\/06\\\/274-Buddha-Wedding-Cheesecake.jpg\",\"datePublished\":\"2021-06-08T13:16:27+00:00\",\"dateModified\":\"2024-06-18T10:45:44+00:00\",\"breadcrumb\":{\"@id\":\"https:\\\/\\\/buddhaseedbank.com\\\/pt-pt\\\/producto\\\/buddha-wedding-cheesecake\\\/#breadcrumb\"},\"inLanguage\":\"pt-PT\",\"potentialAction\":[{\"@type\":\"ReadAction\",\"target\":[\"https:\\\/\\\/buddhaseedbank.com\\\/pt-pt\\\/producto\\\/buddha-wedding-cheesecake\\\/\"]}]},{\"@type\":\"ImageObject\",\"inLanguage\":\"pt-PT\",\"@id\":\"https:\\\/\\\/buddhaseedbank.com\\\/pt-pt\\\/producto\\\/buddha-wedding-cheesecake\\\/#primaryimage\",\"url\":\"https:\\\/\\\/buddhaseedbank.com\\\/wp-content\\\/uploads\\\/2021\\\/06\\\/274-Buddha-Wedding-Cheesecake.jpg\",\"contentUrl\":\"https:\\\/\\\/buddhaseedbank.com\\\/wp-content\\\/uploads\\\/2021\\\/06\\\/274-Buddha-Wedding-Cheesecake.jpg\",\"width\":1080,\"height\":1080,\"caption\":\"Buddha Wedding Cheesecake Buddha Seeds geneticas americanas resina producci\u00f3n efecto potente\"},{\"@type\":\"BreadcrumbList\",\"@id\":\"https:\\\/\\\/buddhaseedbank.com\\\/pt-pt\\\/producto\\\/buddha-wedding-cheesecake\\\/#breadcrumb\",\"itemListElement\":[{\"@type\":\"ListItem\",\"position\":1,\"name\":\"Portada\",\"item\":\"https:\\\/\\\/buddhaseedbank.com\\\/pt-pt\\\/\"},{\"@type\":\"ListItem\",\"position\":2,\"name\":\"Compra\",\"item\":\"https:\\\/\\\/buddhaseedbank.com\\\/pt-pt\\\/compra\\\/\"},{\"@type\":\"ListItem\",\"position\":3,\"name\":\"Buddha Wedding Cheesecake\"}]},{\"@type\":\"WebSite\",\"@id\":\"https:\\\/\\\/buddhaseedbank.com\\\/pt-pt\\\/#website\",\"url\":\"https:\\\/\\\/buddhaseedbank.com\\\/pt-pt\\\/\",\"name\":\"Buddha Seeds\",\"description\":\"\",\"publisher\":{\"@id\":\"https:\\\/\\\/buddhaseedbank.com\\\/pt-pt\\\/#organization\"},\"potentialAction\":[{\"@type\":\"SearchAction\",\"target\":{\"@type\":\"EntryPoint\",\"urlTemplate\":\"https:\\\/\\\/buddhaseedbank.com\\\/pt-pt\\\/?s={search_term_string}\"},\"query-input\":{\"@type\":\"PropertyValueSpecification\",\"valueRequired\":true,\"valueName\":\"search_term_string\"}}],\"inLanguage\":\"pt-PT\"},{\"@type\":\"Organization\",\"@id\":\"https:\\\/\\\/buddhaseedbank.com\\\/pt-pt\\\/#organization\",\"name\":\"Buddha Seeds\",\"url\":\"https:\\\/\\\/buddhaseedbank.com\\\/pt-pt\\\/\",\"logo\":{\"@type\":\"ImageObject\",\"inLanguage\":\"pt-PT\",\"@id\":\"https:\\\/\\\/buddhaseedbank.com\\\/pt-pt\\\/#\\\/schema\\\/logo\\\/image\\\/\",\"url\":\"https:\\\/\\\/buddhaseedbank.com\\\/wp-content\\\/uploads\\\/2024\\\/04\\\/buddha-seeds-logo-1622448424-1.png\",\"contentUrl\":\"https:\\\/\\\/buddhaseedbank.com\\\/wp-content\\\/uploads\\\/2024\\\/04\\\/buddha-seeds-logo-1622448424-1.png\",\"width\":478,\"height\":200,\"caption\":\"Buddha Seeds\"},\"image\":{\"@id\":\"https:\\\/\\\/buddhaseedbank.com\\\/pt-pt\\\/#\\\/schema\\\/logo\\\/image\\\/\"}}]}<\/script>\n<!-- \/ Yoast SEO plugin. -->","yoast_head_json":{"title":"Buddha Wedding Cheesecake - Sementes de Buddha","robots":{"index":"index","follow":"follow","max-snippet":"max-snippet:-1","max-image-preview":"max-image-preview:large","max-video-preview":"max-video-preview:-1"},"canonical":"https:\/\/buddhaseedbank.com\/pt-pt\/producto\/buddha-wedding-cheesecake\/","og_locale":"pt_PT","og_type":"article","og_title":"Buddha Wedding Cheesecake - Sementes de Buddha","og_description":"Os aromas s\u00e3o intensos e francamente cativantes, abrindo o apetite instantaneamente, especialmente para aqueles que gostam de doces e s\u00e3o apaixonados por aromas doces. A Buddha Seeds manteve a receita original americana, mas adicionou um extra especial para desenvolver este doce de alto impacto e fazer ainda mais justi\u00e7a ao Cheese. A digest\u00e3o da Buddha Wedding Cheesecake \u00e9 perfeita para utilizadores regulares devido \u00e0 elevada concentra\u00e7\u00e3o de THC. O efeito \u00e9 potente, come\u00e7ando com uma moca corporal e passando progressivamente para uma sensa\u00e7\u00e3o mais cerebral. Esta variedade \u00e9 ideal para recarregar energias e inspira\u00e7\u00e3o.","og_url":"https:\/\/buddhaseedbank.com\/pt-pt\/producto\/buddha-wedding-cheesecake\/","og_site_name":"Buddha Seeds","article_modified_time":"2024-06-18T10:45:44+00:00","og_image":[{"width":1080,"height":1080,"url":"https:\/\/buddhaseedbank.com\/wp-content\/uploads\/2021\/06\/274-Buddha-Wedding-Cheesecake.jpg","type":"image\/jpeg"}],"twitter_card":"summary_large_image","twitter_misc":{"Tempo estimado de leitura":"2 minutos"},"schema":{"@context":"https:\/\/schema.org","@graph":[{"@type":"WebPage","@id":"https:\/\/buddhaseedbank.com\/pt-pt\/producto\/buddha-wedding-cheesecake\/","url":"https:\/\/buddhaseedbank.com\/pt-pt\/producto\/buddha-wedding-cheesecake\/","name":"Buddha Wedding Cheesecake - Sementes de Buddha","isPartOf":{"@id":"https:\/\/buddhaseedbank.com\/pt-pt\/#website"},"primaryImageOfPage":{"@id":"https:\/\/buddhaseedbank.com\/pt-pt\/producto\/buddha-wedding-cheesecake\/#primaryimage"},"image":{"@id":"https:\/\/buddhaseedbank.com\/pt-pt\/producto\/buddha-wedding-cheesecake\/#primaryimage"},"thumbnailUrl":"https:\/\/buddhaseedbank.com\/wp-content\/uploads\/2021\/06\/274-Buddha-Wedding-Cheesecake.jpg","datePublished":"2021-06-08T13:16:27+00:00","dateModified":"2024-06-18T10:45:44+00:00","breadcrumb":{"@id":"https:\/\/buddhaseedbank.com\/pt-pt\/producto\/buddha-wedding-cheesecake\/#breadcrumb"},"inLanguage":"pt-PT","potentialAction":[{"@type":"ReadAction","target":["https:\/\/buddhaseedbank.com\/pt-pt\/producto\/buddha-wedding-cheesecake\/"]}]},{"@type":"ImageObject","inLanguage":"pt-PT","@id":"https:\/\/buddhaseedbank.com\/pt-pt\/producto\/buddha-wedding-cheesecake\/#primaryimage","url":"https:\/\/buddhaseedbank.com\/wp-content\/uploads\/2021\/06\/274-Buddha-Wedding-Cheesecake.jpg","contentUrl":"https:\/\/buddhaseedbank.com\/wp-content\/uploads\/2021\/06\/274-Buddha-Wedding-Cheesecake.jpg","width":1080,"height":1080,"caption":"Buddha Wedding Cheesecake Buddha Seeds geneticas americanas resina producci\u00f3n efecto potente"},{"@type":"BreadcrumbList","@id":"https:\/\/buddhaseedbank.com\/pt-pt\/producto\/buddha-wedding-cheesecake\/#breadcrumb","itemListElement":[{"@type":"ListItem","position":1,"name":"Portada","item":"https:\/\/buddhaseedbank.com\/pt-pt\/"},{"@type":"ListItem","position":2,"name":"Compra","item":"https:\/\/buddhaseedbank.com\/pt-pt\/compra\/"},{"@type":"ListItem","position":3,"name":"Buddha Wedding Cheesecake"}]},{"@type":"WebSite","@id":"https:\/\/buddhaseedbank.com\/pt-pt\/#website","url":"https:\/\/buddhaseedbank.com\/pt-pt\/","name":"Buddha Seeds","description":"","publisher":{"@id":"https:\/\/buddhaseedbank.com\/pt-pt\/#organization"},"potentialAction":[{"@type":"SearchAction","target":{"@type":"EntryPoint","urlTemplate":"https:\/\/buddhaseedbank.com\/pt-pt\/?s={search_term_string}"},"query-input":{"@type":"PropertyValueSpecification","valueRequired":true,"valueName":"search_term_string"}}],"inLanguage":"pt-PT"},{"@type":"Organization","@id":"https:\/\/buddhaseedbank.com\/pt-pt\/#organization","name":"Buddha Seeds","url":"https:\/\/buddhaseedbank.com\/pt-pt\/","logo":{"@type":"ImageObject","inLanguage":"pt-PT","@id":"https:\/\/buddhaseedbank.com\/pt-pt\/#\/schema\/logo\/image\/","url":"https:\/\/buddhaseedbank.com\/wp-content\/uploads\/2024\/04\/buddha-seeds-logo-1622448424-1.png","contentUrl":"https:\/\/buddhaseedbank.com\/wp-content\/uploads\/2024\/04\/buddha-seeds-logo-1622448424-1.png","width":478,"height":200,"caption":"Buddha Seeds"},"image":{"@id":"https:\/\/buddhaseedbank.com\/pt-pt\/#\/schema\/logo\/image\/"}}]}},"_links":{"self":[{"href":"https:\/\/buddhaseedbank.com\/pt-pt\/wp-json\/wp\/v2\/product\/7607","targetHints":{"allow":["GET"]}}],"collection":[{"href":"https:\/\/buddhaseedbank.com\/pt-pt\/wp-json\/wp\/v2\/product"}],"about":[{"href":"https:\/\/buddhaseedbank.com\/pt-pt\/wp-json\/wp\/v2\/types\/product"}],"wp:featuredmedia":[{"embeddable":true,"href":"https:\/\/buddhaseedbank.com\/pt-pt\/wp-json\/wp\/v2\/media\/7612"}],"wp:attachment":[{"href":"https:\/\/buddhaseedbank.com\/pt-pt\/wp-json\/wp\/v2\/media?parent=7607"}],"wp:term":[{"taxonomy":"product_brand","embeddable":true,"href":"https:\/\/buddhaseedbank.com\/pt-pt\/wp-json\/wp\/v2\/product_brand?post=7607"},{"taxonomy":"product_cat","embeddable":true,"href":"https:\/\/buddhaseedbank.com\/pt-pt\/wp-json\/wp\/v2\/product_cat?post=7607"},{"taxonomy":"product_tag","embeddable":true,"href":"https:\/\/buddhaseedbank.com\/pt-pt\/wp-json\/wp\/v2\/product_tag?post=7607"}],"curies":[{"name":"wp","href":"https:\/\/api.w.org\/{rel}","templated":true}]}}