{"id":7608,"date":"2021-06-07T15:31:26","date_gmt":"2021-06-07T13:31:26","guid":{"rendered":"https:\/\/buddhaseedbank.com\/producto\/buda-dosi2\/"},"modified":"2025-05-07T16:47:12","modified_gmt":"2025-05-07T14:47:12","slug":"buddha-dosi2","status":"publish","type":"product","link":"https:\/\/buddhaseedbank.com\/pt-pt\/producto\/buddha-dosi2\/","title":{"rendered":"Buddha DoSi2"},"content":{"rendered":"<p style=\"text-align: justify;\">Descendente da fam\u00edlia Cookies, a Buddha DoSi2 \u00e9 um potente e euf\u00f3rico petisco americano digno de ser partilhado com os teus amigos. Uma revolu\u00e7\u00e3o de sabores para o teu paladar e o teu humor.<\/p>\n<p style=\"text-align: justify;\">A variedade original de nuances, combinada com o a\u00e7\u00facar especial fornecido pela Buddha Seeds, resulta numa variedade resistente, potente e produtiva que impressionar\u00e1 at\u00e9 o cultivador mais profissional.<\/p>\n<p style=\"text-align: justify;\">As combina\u00e7\u00f5es de sabores s\u00e3o poderosas, dando a sensa\u00e7\u00e3o de desfrutar com a Buddha DoSi2 de um verdadeiro saco de guloseimas doces e c\u00edtricas, com pontos amargos e incr\u00edveis fundos de haxixe cl\u00e1ssico. O efeito \u00e9 euf\u00f3rico mas calmo, real\u00e7ando outros pontos como a alegria introspectiva e o relaxamento corporal.<\/p>\n<p style=\"text-align: justify;\">A Buddha DoSi2 n\u00e3o precisa de m\u00e3os experientes para ser cuidada, aguenta-se sozinha gra\u00e7as \u00e0s muitas qualidades que tornam esta variedade ideal para o cultivo de guerrilha. O mesmo se aplica \u00e0 sua adapta\u00e7\u00e3o com t\u00e9cnicas de poda e\/ou de cultivo \u00e0s necessidades do ambiente.<\/p>\n<p style=\"text-align: justify;\">As qualidades inatas do Buddha DoSi2 melhoram o bem-estar do consumidor, reduzindo os casos de ins\u00f3nia, ansiedade, dores no corpo, etc.<\/p>\n<p style=\"text-align: justify;\">A flora\u00e7\u00e3o vai surpreender-te com as diferentes tonalidades crom\u00e1ticas que pode apresentar; \u00e9 um espet\u00e1culo de cores \u00fanico. Sente a doce mar\u00e9 a percorrer o teu corpo enquanto recuperas a tua &#8220;boa respira\u00e7\u00e3o&#8221; com Buddha DoSi2.<\/p>\n<p style=\"text-align: justify;\"><a style=\"background-color: #ff0000; color: #ffffff;\" href=\"https:\/\/www.youtube.com\/watch?v=PcagpSnQDTw\" target=\"_blank\" rel=\"noreferrer noopener nofollow\">YOUTUBE \u25ba<\/a><\/p>\n","protected":false},"excerpt":{"rendered":"<p>Descendente da fam\u00edlia Cookies, a Buddha DoSi2 \u00e9 um potente e euf\u00f3rico petisco americano digno de ser partilhado com os teus amigos. Uma revolu\u00e7\u00e3o de sabores para o teu paladar e o teu humor. A variedade original de nuances, combinada com o a\u00e7\u00facar especial fornecido pela Buddha Seeds, resulta numa variedade resistente, potente e produtiva [&hellip;]<\/p>\n","protected":false},"featured_media":7609,"template":"","meta":{"_joinchat":[]},"product_brand":[],"product_cat":[986,897],"product_tag":[1395,1405,1457,1430,1192,1521,1410,1481],"class_list":{"0":"post-7608","1":"product","2":"type-product","3":"status-publish","4":"has-post-thumbnail","6":"product_cat-estirpes-da-colecao-usa","7":"product_cat-variedades-de-sementes-buddha","8":"product_tag-canabis-efeito-potente","9":"product_tag-canabis-para-relaxar","10":"product_tag-canabis-resistente-pragas","11":"product_tag-cannabis-indica-pt-pt","12":"product_tag-eua-recolha-de-estirpes","13":"product_tag-maconha-produtiva","14":"product_tag-sementes-marijuana-americanas","15":"product_tag-sementes-fotodependentes","16":"pa_efecto-o-efeito-e-euforico-mas-calmo-realcando-outros-pontos-como-a-alegria-introspectiva-e-o-relaxamento-corporal","17":"pa_fa-produccionenexteriorporpl-500-2000-g-pt-pt","18":"pa_genetica-indica-pt-pt","19":"pa_mesdecosecha-inicio-de-outubro-hemisferio-norte-inicio-de-abril-hemisferio-sul","20":"pa_produccionm-500-650-g-pt-pt","21":"pa_semillas-10-unidades","22":"pa_semillas-3-unidades","23":"pa_semillas-50-pecas","24":"pa_sexo-feminizada-pt-pt","25":"pa_tiempodefloracion-60-70-dias","26":"pa_tipo-fotodependente","28":"first","29":"instock","30":"featured","31":"taxable","32":"shipping-taxable","33":"purchasable","34":"product-type-variable"},"yoast_head":"<!-- This site is optimized with the Yoast SEO plugin v27.3 - https:\/\/yoast.com\/product\/yoast-seo-wordpress\/ -->\n<title>Buddha DoSi2 - Sementes Buddha<\/title>\n<meta name=\"description\" content=\"Buddha Dosi2 \u00e9 uma semente feminizada americana com efeito euf\u00f3rico, resistente, potente e produtiva. F\u00e1cil de cultivar e muito resinosa.\" \/>\n<meta name=\"robots\" content=\"index, follow, max-snippet:-1, max-image-preview:large, max-video-preview:-1\" \/>\n<link rel=\"canonical\" href=\"https:\/\/buddhaseedbank.com\/pt-pt\/producto\/buddha-dosi2\/\" \/>\n<meta property=\"og:locale\" content=\"pt_PT\" \/>\n<meta property=\"og:type\" content=\"article\" \/>\n<meta property=\"og:title\" content=\"Buddha DoSi2 - Sementes Buddha\" \/>\n<meta property=\"og:description\" content=\"Buddha Dosi2 \u00e9 uma semente feminizada americana com efeito euf\u00f3rico, resistente, potente e produtiva. F\u00e1cil de cultivar e muito resinosa.\" \/>\n<meta property=\"og:url\" content=\"https:\/\/buddhaseedbank.com\/pt-pt\/producto\/buddha-dosi2\/\" \/>\n<meta property=\"og:site_name\" content=\"Buddha Seeds\" \/>\n<meta property=\"article:modified_time\" content=\"2025-05-07T14:47:12+00:00\" \/>\n<meta property=\"og:image\" content=\"https:\/\/buddhaseedbank.com\/wp-content\/uploads\/2021\/06\/245-Buddha-DoSi2.jpg\" \/>\n\t<meta property=\"og:image:width\" content=\"1080\" \/>\n\t<meta property=\"og:image:height\" content=\"1080\" \/>\n\t<meta property=\"og:image:type\" content=\"image\/jpeg\" \/>\n<meta name=\"twitter:card\" content=\"summary_large_image\" \/>\n<meta name=\"twitter:label1\" content=\"Tempo estimado de leitura\" \/>\n\t<meta name=\"twitter:data1\" content=\"2 minutos\" \/>\n<script type=\"application\/ld+json\" class=\"yoast-schema-graph\">{\"@context\":\"https:\\\/\\\/schema.org\",\"@graph\":[{\"@type\":\"WebPage\",\"@id\":\"https:\\\/\\\/buddhaseedbank.com\\\/pt-pt\\\/producto\\\/buddha-dosi2\\\/\",\"url\":\"https:\\\/\\\/buddhaseedbank.com\\\/pt-pt\\\/producto\\\/buddha-dosi2\\\/\",\"name\":\"Buddha DoSi2 - Sementes Buddha\",\"isPartOf\":{\"@id\":\"https:\\\/\\\/buddhaseedbank.com\\\/pt-pt\\\/#website\"},\"primaryImageOfPage\":{\"@id\":\"https:\\\/\\\/buddhaseedbank.com\\\/pt-pt\\\/producto\\\/buddha-dosi2\\\/#primaryimage\"},\"image\":{\"@id\":\"https:\\\/\\\/buddhaseedbank.com\\\/pt-pt\\\/producto\\\/buddha-dosi2\\\/#primaryimage\"},\"thumbnailUrl\":\"https:\\\/\\\/buddhaseedbank.com\\\/wp-content\\\/uploads\\\/2021\\\/06\\\/245-Buddha-DoSi2.jpg\",\"datePublished\":\"2021-06-07T13:31:26+00:00\",\"dateModified\":\"2025-05-07T14:47:12+00:00\",\"description\":\"Buddha Dosi2 \u00e9 uma semente feminizada americana com efeito euf\u00f3rico, resistente, potente e produtiva. F\u00e1cil de cultivar e muito resinosa.\",\"breadcrumb\":{\"@id\":\"https:\\\/\\\/buddhaseedbank.com\\\/pt-pt\\\/producto\\\/buddha-dosi2\\\/#breadcrumb\"},\"inLanguage\":\"pt-PT\",\"potentialAction\":[{\"@type\":\"ReadAction\",\"target\":[\"https:\\\/\\\/buddhaseedbank.com\\\/pt-pt\\\/producto\\\/buddha-dosi2\\\/\"]}]},{\"@type\":\"ImageObject\",\"inLanguage\":\"pt-PT\",\"@id\":\"https:\\\/\\\/buddhaseedbank.com\\\/pt-pt\\\/producto\\\/buddha-dosi2\\\/#primaryimage\",\"url\":\"https:\\\/\\\/buddhaseedbank.com\\\/wp-content\\\/uploads\\\/2021\\\/06\\\/245-Buddha-DoSi2.jpg\",\"contentUrl\":\"https:\\\/\\\/buddhaseedbank.com\\\/wp-content\\\/uploads\\\/2021\\\/06\\\/245-Buddha-DoSi2.jpg\",\"width\":1080,\"height\":1080,\"caption\":\"Buddha Dosi2 Buddha Seeds semillas cannabis americana rapida resina\"},{\"@type\":\"BreadcrumbList\",\"@id\":\"https:\\\/\\\/buddhaseedbank.com\\\/pt-pt\\\/producto\\\/buddha-dosi2\\\/#breadcrumb\",\"itemListElement\":[{\"@type\":\"ListItem\",\"position\":1,\"name\":\"Portada\",\"item\":\"https:\\\/\\\/buddhaseedbank.com\\\/pt-pt\\\/\"},{\"@type\":\"ListItem\",\"position\":2,\"name\":\"Compra\",\"item\":\"https:\\\/\\\/buddhaseedbank.com\\\/pt-pt\\\/compra\\\/\"},{\"@type\":\"ListItem\",\"position\":3,\"name\":\"Buddha DoSi2\"}]},{\"@type\":\"WebSite\",\"@id\":\"https:\\\/\\\/buddhaseedbank.com\\\/pt-pt\\\/#website\",\"url\":\"https:\\\/\\\/buddhaseedbank.com\\\/pt-pt\\\/\",\"name\":\"Buddha Seeds\",\"description\":\"\",\"publisher\":{\"@id\":\"https:\\\/\\\/buddhaseedbank.com\\\/pt-pt\\\/#organization\"},\"potentialAction\":[{\"@type\":\"SearchAction\",\"target\":{\"@type\":\"EntryPoint\",\"urlTemplate\":\"https:\\\/\\\/buddhaseedbank.com\\\/pt-pt\\\/?s={search_term_string}\"},\"query-input\":{\"@type\":\"PropertyValueSpecification\",\"valueRequired\":true,\"valueName\":\"search_term_string\"}}],\"inLanguage\":\"pt-PT\"},{\"@type\":\"Organization\",\"@id\":\"https:\\\/\\\/buddhaseedbank.com\\\/pt-pt\\\/#organization\",\"name\":\"Buddha Seeds\",\"url\":\"https:\\\/\\\/buddhaseedbank.com\\\/pt-pt\\\/\",\"logo\":{\"@type\":\"ImageObject\",\"inLanguage\":\"pt-PT\",\"@id\":\"https:\\\/\\\/buddhaseedbank.com\\\/pt-pt\\\/#\\\/schema\\\/logo\\\/image\\\/\",\"url\":\"https:\\\/\\\/buddhaseedbank.com\\\/wp-content\\\/uploads\\\/2024\\\/04\\\/buddha-seeds-logo-1622448424-1.png\",\"contentUrl\":\"https:\\\/\\\/buddhaseedbank.com\\\/wp-content\\\/uploads\\\/2024\\\/04\\\/buddha-seeds-logo-1622448424-1.png\",\"width\":478,\"height\":200,\"caption\":\"Buddha Seeds\"},\"image\":{\"@id\":\"https:\\\/\\\/buddhaseedbank.com\\\/pt-pt\\\/#\\\/schema\\\/logo\\\/image\\\/\"}}]}<\/script>\n<!-- \/ Yoast SEO plugin. -->","yoast_head_json":{"title":"Buddha DoSi2 - Sementes Buddha","description":"Buddha Dosi2 \u00e9 uma semente feminizada americana com efeito euf\u00f3rico, resistente, potente e produtiva. F\u00e1cil de cultivar e muito resinosa.","robots":{"index":"index","follow":"follow","max-snippet":"max-snippet:-1","max-image-preview":"max-image-preview:large","max-video-preview":"max-video-preview:-1"},"canonical":"https:\/\/buddhaseedbank.com\/pt-pt\/producto\/buddha-dosi2\/","og_locale":"pt_PT","og_type":"article","og_title":"Buddha DoSi2 - Sementes Buddha","og_description":"Buddha Dosi2 \u00e9 uma semente feminizada americana com efeito euf\u00f3rico, resistente, potente e produtiva. F\u00e1cil de cultivar e muito resinosa.","og_url":"https:\/\/buddhaseedbank.com\/pt-pt\/producto\/buddha-dosi2\/","og_site_name":"Buddha Seeds","article_modified_time":"2025-05-07T14:47:12+00:00","og_image":[{"width":1080,"height":1080,"url":"https:\/\/buddhaseedbank.com\/wp-content\/uploads\/2021\/06\/245-Buddha-DoSi2.jpg","type":"image\/jpeg"}],"twitter_card":"summary_large_image","twitter_misc":{"Tempo estimado de leitura":"2 minutos"},"schema":{"@context":"https:\/\/schema.org","@graph":[{"@type":"WebPage","@id":"https:\/\/buddhaseedbank.com\/pt-pt\/producto\/buddha-dosi2\/","url":"https:\/\/buddhaseedbank.com\/pt-pt\/producto\/buddha-dosi2\/","name":"Buddha DoSi2 - Sementes Buddha","isPartOf":{"@id":"https:\/\/buddhaseedbank.com\/pt-pt\/#website"},"primaryImageOfPage":{"@id":"https:\/\/buddhaseedbank.com\/pt-pt\/producto\/buddha-dosi2\/#primaryimage"},"image":{"@id":"https:\/\/buddhaseedbank.com\/pt-pt\/producto\/buddha-dosi2\/#primaryimage"},"thumbnailUrl":"https:\/\/buddhaseedbank.com\/wp-content\/uploads\/2021\/06\/245-Buddha-DoSi2.jpg","datePublished":"2021-06-07T13:31:26+00:00","dateModified":"2025-05-07T14:47:12+00:00","description":"Buddha Dosi2 \u00e9 uma semente feminizada americana com efeito euf\u00f3rico, resistente, potente e produtiva. F\u00e1cil de cultivar e muito resinosa.","breadcrumb":{"@id":"https:\/\/buddhaseedbank.com\/pt-pt\/producto\/buddha-dosi2\/#breadcrumb"},"inLanguage":"pt-PT","potentialAction":[{"@type":"ReadAction","target":["https:\/\/buddhaseedbank.com\/pt-pt\/producto\/buddha-dosi2\/"]}]},{"@type":"ImageObject","inLanguage":"pt-PT","@id":"https:\/\/buddhaseedbank.com\/pt-pt\/producto\/buddha-dosi2\/#primaryimage","url":"https:\/\/buddhaseedbank.com\/wp-content\/uploads\/2021\/06\/245-Buddha-DoSi2.jpg","contentUrl":"https:\/\/buddhaseedbank.com\/wp-content\/uploads\/2021\/06\/245-Buddha-DoSi2.jpg","width":1080,"height":1080,"caption":"Buddha Dosi2 Buddha Seeds semillas cannabis americana rapida resina"},{"@type":"BreadcrumbList","@id":"https:\/\/buddhaseedbank.com\/pt-pt\/producto\/buddha-dosi2\/#breadcrumb","itemListElement":[{"@type":"ListItem","position":1,"name":"Portada","item":"https:\/\/buddhaseedbank.com\/pt-pt\/"},{"@type":"ListItem","position":2,"name":"Compra","item":"https:\/\/buddhaseedbank.com\/pt-pt\/compra\/"},{"@type":"ListItem","position":3,"name":"Buddha DoSi2"}]},{"@type":"WebSite","@id":"https:\/\/buddhaseedbank.com\/pt-pt\/#website","url":"https:\/\/buddhaseedbank.com\/pt-pt\/","name":"Buddha Seeds","description":"","publisher":{"@id":"https:\/\/buddhaseedbank.com\/pt-pt\/#organization"},"potentialAction":[{"@type":"SearchAction","target":{"@type":"EntryPoint","urlTemplate":"https:\/\/buddhaseedbank.com\/pt-pt\/?s={search_term_string}"},"query-input":{"@type":"PropertyValueSpecification","valueRequired":true,"valueName":"search_term_string"}}],"inLanguage":"pt-PT"},{"@type":"Organization","@id":"https:\/\/buddhaseedbank.com\/pt-pt\/#organization","name":"Buddha Seeds","url":"https:\/\/buddhaseedbank.com\/pt-pt\/","logo":{"@type":"ImageObject","inLanguage":"pt-PT","@id":"https:\/\/buddhaseedbank.com\/pt-pt\/#\/schema\/logo\/image\/","url":"https:\/\/buddhaseedbank.com\/wp-content\/uploads\/2024\/04\/buddha-seeds-logo-1622448424-1.png","contentUrl":"https:\/\/buddhaseedbank.com\/wp-content\/uploads\/2024\/04\/buddha-seeds-logo-1622448424-1.png","width":478,"height":200,"caption":"Buddha Seeds"},"image":{"@id":"https:\/\/buddhaseedbank.com\/pt-pt\/#\/schema\/logo\/image\/"}}]}},"_links":{"self":[{"href":"https:\/\/buddhaseedbank.com\/pt-pt\/wp-json\/wp\/v2\/product\/7608","targetHints":{"allow":["GET"]}}],"collection":[{"href":"https:\/\/buddhaseedbank.com\/pt-pt\/wp-json\/wp\/v2\/product"}],"about":[{"href":"https:\/\/buddhaseedbank.com\/pt-pt\/wp-json\/wp\/v2\/types\/product"}],"wp:featuredmedia":[{"embeddable":true,"href":"https:\/\/buddhaseedbank.com\/pt-pt\/wp-json\/wp\/v2\/media\/7609"}],"wp:attachment":[{"href":"https:\/\/buddhaseedbank.com\/pt-pt\/wp-json\/wp\/v2\/media?parent=7608"}],"wp:term":[{"taxonomy":"product_brand","embeddable":true,"href":"https:\/\/buddhaseedbank.com\/pt-pt\/wp-json\/wp\/v2\/product_brand?post=7608"},{"taxonomy":"product_cat","embeddable":true,"href":"https:\/\/buddhaseedbank.com\/pt-pt\/wp-json\/wp\/v2\/product_cat?post=7608"},{"taxonomy":"product_tag","embeddable":true,"href":"https:\/\/buddhaseedbank.com\/pt-pt\/wp-json\/wp\/v2\/product_tag?post=7608"}],"curies":[{"name":"wp","href":"https:\/\/api.w.org\/{rel}","templated":true}]}}