{"id":7622,"date":"2021-06-07T16:57:53","date_gmt":"2021-06-07T14:57:53","guid":{"rendered":"https:\/\/buddhaseedbank.com\/producto\/buda-gelato\/"},"modified":"2024-06-18T12:54:28","modified_gmt":"2024-06-18T10:54:28","slug":"buddha-gelato","status":"publish","type":"product","link":"https:\/\/buddhaseedbank.com\/pt-pt\/producto\/buddha-gelato\/","title":{"rendered":"Buddha Gelato"},"content":{"rendered":"<p style=\"text-align: justify;\">Herdeiro da linhagem Cookies, o Gelato goza de uma popularidade inigual\u00e1vel no panorama atual. Aclamada nos dispens\u00e1rios norte-americanos pelos seus excelentes sabores e pot\u00eancia exagerada, a Buddha Gelato chega agora para agitar os sentidos dos consumidores.<\/p>\n<p style=\"text-align: justify;\">A Buddha Seeds encontrou a gen\u00e9tica certa para desenvolver um fascinante renascimento de uma variedade premiada internacionalmente. Buddha Gelato n\u00e3o derrete, pelo contr\u00e1rio, \u00e9 um sobrevivente nato que preserva o esplendor gen\u00e9tico e multiplica o volume final das colheitas originais.<\/p>\n<p style=\"text-align: justify;\">Os aromas e sabores do Buddha Gelato s\u00e3o da mais alta qualidade, predominantemente doces, mentolados, refrescantes, frutados e com notas claras de frutos secos, como as avel\u00e3s, no paladar. Uma mistura m\u00e1gica que a torna a companheira indiscut\u00edvel de todas as esta\u00e7\u00f5es.<\/p>\n<p style=\"text-align: justify;\">Na Buddha Gelato prevalece a gen\u00e9tica Indica, sendo uma planta robusta, perfeita para ser domesticada em espa\u00e7os interiores. N\u00e3o necessita de grandes espa\u00e7os exteriores. Por isso, \u00e9 o parceiro perfeito para jardins pequenos.<\/p>\n<p style=\"text-align: justify;\">Os elevados n\u00edveis de THC que o Buddha Gelato pode atingir aconselham-te a consumir com modera\u00e7\u00e3o, pois pode derrubar at\u00e9 o consumidor mais experiente. Aproveita para saborear este gelado &#8220;alto voo&#8221; no teu lugar de conforto.<\/p>\n<p style=\"text-align: justify;\">O aspeto da Buddha Gelato durante a flora\u00e7\u00e3o \u00e9 c\u00f3smico; a quantidade de tricomas que a cobrem simula um c\u00e9u estrelado. Esta produ\u00e7\u00e3o de resina \u00e9 inevit\u00e1vel para ser utilizada em extrac\u00e7\u00f5es (seca\/gelo).<\/p>\n<p style=\"text-align: justify;\">As flores, \u00e0 medida que se aproximam do momento ideal de matura\u00e7\u00e3o, apresentam diferentes tonalidades de verde, juntamente com tons mais dourados intercalados por pistilos laranja intenso, uma imagem invulgar que ficar\u00e1 gravada na tua mem\u00f3ria. Em suma, Buddha Gelato abre um novo horizonte de sensa\u00e7\u00f5es de que n\u00e3o vais querer abdicar.<\/p>\n<p><iframe title=\"BUDDHA GELATO. BUDDHA SEEDS\" width=\"800\" height=\"450\" src=\"https:\/\/www.youtube.com\/embed\/Ss_RWc76OYQ?feature=oembed\" frameborder=\"0\" allow=\"accelerometer; autoplay; clipboard-write; encrypted-media; gyroscope; picture-in-picture; web-share\" referrerpolicy=\"strict-origin-when-cross-origin\" allowfullscreen><\/iframe><\/p>\n","protected":false},"excerpt":{"rendered":"<p style=\"text-align: justify;\">O aspeto da Buddha Gelato durante a flora\u00e7\u00e3o \u00e9 c\u00f3smico; a quantidade de tricomas que a cobrem simula um c\u00e9u estrelado. Esta produ\u00e7\u00e3o de resina \u00e9 inevit\u00e1vel para ser utilizada em extrac\u00e7\u00f5es (seca\/gelo).<\/p>\n<p style=\"text-align: justify;\">As flores, \u00e0 medida que se aproximam do momento ideal de matura\u00e7\u00e3o, apresentam diferentes tonalidades de verde, juntamente com tons mais dourados intercalados por pistilos laranja intenso, uma imagem invulgar que ficar\u00e1 gravada na tua mem\u00f3ria. Em suma, Buddha Gelato abre um novo horizonte de sensa\u00e7\u00f5es de que n\u00e3o vais querer abdicar.<\/p>\n<p style=\"text-align: justify;\">Os elevados n\u00edveis de THC que a Buddha Gelato pode atingir tornam aconselh\u00e1vel um consumo moderado.<\/p>\n","protected":false},"featured_media":7630,"template":"","meta":{"_joinchat":[]},"product_brand":[],"product_cat":[986,897],"product_tag":[1395,1430,1192,1521,1475,1410,1481],"class_list":{"0":"post-7622","1":"product","2":"type-product","3":"status-publish","4":"has-post-thumbnail","6":"product_cat-estirpes-da-colecao-usa","7":"product_cat-variedades-de-sementes-buddha","8":"product_tag-canabis-efeito-potente","9":"product_tag-cannabis-indica-pt-pt","10":"product_tag-eua-recolha-de-estirpes","11":"product_tag-maconha-produtiva","12":"product_tag-sabor-doce-canabis","13":"product_tag-sementes-marijuana-americanas","14":"product_tag-sementes-fotodependentes","15":"pa_efecto-apesar-da-sua-predisposicao-mais-indica-na-sua-genetica-destaca-se-pelo-seu-poderoso-efeito-euforico-que-culmina-num-relaxamento-corporal","16":"pa_fa-produccionenexteriorporpl-300-2000-g-pt-pt","17":"pa_genetica-indica-pt-pt","18":"pa_mesdecosecha-segunda-quinzena-de-setembro-hemisferio-norte-segunda-quinzena-de-marco-hemisferio-sul","19":"pa_produccionm-400-550-g-pt-pt","20":"pa_semillas-10-unidades","21":"pa_semillas-3-unidades","22":"pa_semillas-50-pecas","23":"pa_sexo-feminizada-pt-pt","24":"pa_tiempodefloracion-56-68-dias","25":"pa_tipo-fotodependente","27":"first","28":"instock","29":"taxable","30":"shipping-taxable","31":"purchasable","32":"product-type-variable"},"yoast_head":"<!-- This site is optimized with the Yoast SEO plugin v27.3 - https:\/\/yoast.com\/product\/yoast-seo-wordpress\/ -->\n<title>Buddha Gelato - Sementes Buddha<\/title>\n<meta name=\"robots\" content=\"index, follow, max-snippet:-1, max-image-preview:large, max-video-preview:-1\" \/>\n<link rel=\"canonical\" href=\"https:\/\/buddhaseedbank.com\/pt-pt\/producto\/buddha-gelato\/\" \/>\n<meta property=\"og:locale\" content=\"pt_PT\" \/>\n<meta property=\"og:type\" content=\"article\" \/>\n<meta property=\"og:title\" content=\"Buddha Gelato - Sementes Buddha\" \/>\n<meta property=\"og:description\" content=\"O aspeto da Buddha Gelato durante a flora\u00e7\u00e3o \u00e9 c\u00f3smico; a quantidade de tricomas que a cobrem simula um c\u00e9u estrelado. Esta produ\u00e7\u00e3o de resina \u00e9 inevit\u00e1vel para ser utilizada em extrac\u00e7\u00f5es (seca\/gelo). As flores, \u00e0 medida que se aproximam do momento ideal de matura\u00e7\u00e3o, apresentam diferentes tonalidades de verde, juntamente com tons mais dourados intercalados por pistilos laranja intenso, uma imagem invulgar que ficar\u00e1 gravada na tua mem\u00f3ria. Em suma, Buddha Gelato abre um novo horizonte de sensa\u00e7\u00f5es de que n\u00e3o vais querer abdicar. Os elevados n\u00edveis de THC que a Buddha Gelato pode atingir tornam aconselh\u00e1vel um consumo moderado.\" \/>\n<meta property=\"og:url\" content=\"https:\/\/buddhaseedbank.com\/pt-pt\/producto\/buddha-gelato\/\" \/>\n<meta property=\"og:site_name\" content=\"Buddha Seeds\" \/>\n<meta property=\"article:modified_time\" content=\"2024-06-18T10:54:28+00:00\" \/>\n<meta property=\"og:image\" content=\"https:\/\/buddhaseedbank.com\/wp-content\/uploads\/2021\/06\/248-Buddha-Gelato.jpg\" \/>\n\t<meta property=\"og:image:width\" content=\"1080\" \/>\n\t<meta property=\"og:image:height\" content=\"1080\" \/>\n\t<meta property=\"og:image:type\" content=\"image\/jpeg\" \/>\n<meta name=\"twitter:card\" content=\"summary_large_image\" \/>\n<meta name=\"twitter:label1\" content=\"Tempo estimado de leitura\" \/>\n\t<meta name=\"twitter:data1\" content=\"2 minutos\" \/>\n<script type=\"application\/ld+json\" class=\"yoast-schema-graph\">{\"@context\":\"https:\\\/\\\/schema.org\",\"@graph\":[{\"@type\":\"WebPage\",\"@id\":\"https:\\\/\\\/buddhaseedbank.com\\\/pt-pt\\\/producto\\\/buddha-gelato\\\/\",\"url\":\"https:\\\/\\\/buddhaseedbank.com\\\/pt-pt\\\/producto\\\/buddha-gelato\\\/\",\"name\":\"Buddha Gelato - Sementes Buddha\",\"isPartOf\":{\"@id\":\"https:\\\/\\\/buddhaseedbank.com\\\/pt-pt\\\/#website\"},\"primaryImageOfPage\":{\"@id\":\"https:\\\/\\\/buddhaseedbank.com\\\/pt-pt\\\/producto\\\/buddha-gelato\\\/#primaryimage\"},\"image\":{\"@id\":\"https:\\\/\\\/buddhaseedbank.com\\\/pt-pt\\\/producto\\\/buddha-gelato\\\/#primaryimage\"},\"thumbnailUrl\":\"https:\\\/\\\/buddhaseedbank.com\\\/wp-content\\\/uploads\\\/2021\\\/06\\\/248-Buddha-Gelato.jpg\",\"datePublished\":\"2021-06-07T14:57:53+00:00\",\"dateModified\":\"2024-06-18T10:54:28+00:00\",\"breadcrumb\":{\"@id\":\"https:\\\/\\\/buddhaseedbank.com\\\/pt-pt\\\/producto\\\/buddha-gelato\\\/#breadcrumb\"},\"inLanguage\":\"pt-PT\",\"potentialAction\":[{\"@type\":\"ReadAction\",\"target\":[\"https:\\\/\\\/buddhaseedbank.com\\\/pt-pt\\\/producto\\\/buddha-gelato\\\/\"]}]},{\"@type\":\"ImageObject\",\"inLanguage\":\"pt-PT\",\"@id\":\"https:\\\/\\\/buddhaseedbank.com\\\/pt-pt\\\/producto\\\/buddha-gelato\\\/#primaryimage\",\"url\":\"https:\\\/\\\/buddhaseedbank.com\\\/wp-content\\\/uploads\\\/2021\\\/06\\\/248-Buddha-Gelato.jpg\",\"contentUrl\":\"https:\\\/\\\/buddhaseedbank.com\\\/wp-content\\\/uploads\\\/2021\\\/06\\\/248-Buddha-Gelato.jpg\",\"width\":1080,\"height\":1080,\"caption\":\"Buddha Gelato Buddha Seeds cannabis americanas producci\u00f3n\"},{\"@type\":\"BreadcrumbList\",\"@id\":\"https:\\\/\\\/buddhaseedbank.com\\\/pt-pt\\\/producto\\\/buddha-gelato\\\/#breadcrumb\",\"itemListElement\":[{\"@type\":\"ListItem\",\"position\":1,\"name\":\"Portada\",\"item\":\"https:\\\/\\\/buddhaseedbank.com\\\/pt-pt\\\/\"},{\"@type\":\"ListItem\",\"position\":2,\"name\":\"Compra\",\"item\":\"https:\\\/\\\/buddhaseedbank.com\\\/pt-pt\\\/compra\\\/\"},{\"@type\":\"ListItem\",\"position\":3,\"name\":\"Buddha Gelato\"}]},{\"@type\":\"WebSite\",\"@id\":\"https:\\\/\\\/buddhaseedbank.com\\\/pt-pt\\\/#website\",\"url\":\"https:\\\/\\\/buddhaseedbank.com\\\/pt-pt\\\/\",\"name\":\"Buddha Seeds\",\"description\":\"\",\"publisher\":{\"@id\":\"https:\\\/\\\/buddhaseedbank.com\\\/pt-pt\\\/#organization\"},\"potentialAction\":[{\"@type\":\"SearchAction\",\"target\":{\"@type\":\"EntryPoint\",\"urlTemplate\":\"https:\\\/\\\/buddhaseedbank.com\\\/pt-pt\\\/?s={search_term_string}\"},\"query-input\":{\"@type\":\"PropertyValueSpecification\",\"valueRequired\":true,\"valueName\":\"search_term_string\"}}],\"inLanguage\":\"pt-PT\"},{\"@type\":\"Organization\",\"@id\":\"https:\\\/\\\/buddhaseedbank.com\\\/pt-pt\\\/#organization\",\"name\":\"Buddha Seeds\",\"url\":\"https:\\\/\\\/buddhaseedbank.com\\\/pt-pt\\\/\",\"logo\":{\"@type\":\"ImageObject\",\"inLanguage\":\"pt-PT\",\"@id\":\"https:\\\/\\\/buddhaseedbank.com\\\/pt-pt\\\/#\\\/schema\\\/logo\\\/image\\\/\",\"url\":\"https:\\\/\\\/buddhaseedbank.com\\\/wp-content\\\/uploads\\\/2024\\\/04\\\/buddha-seeds-logo-1622448424-1.png\",\"contentUrl\":\"https:\\\/\\\/buddhaseedbank.com\\\/wp-content\\\/uploads\\\/2024\\\/04\\\/buddha-seeds-logo-1622448424-1.png\",\"width\":478,\"height\":200,\"caption\":\"Buddha Seeds\"},\"image\":{\"@id\":\"https:\\\/\\\/buddhaseedbank.com\\\/pt-pt\\\/#\\\/schema\\\/logo\\\/image\\\/\"}}]}<\/script>\n<!-- \/ Yoast SEO plugin. -->","yoast_head_json":{"title":"Buddha Gelato - Sementes Buddha","robots":{"index":"index","follow":"follow","max-snippet":"max-snippet:-1","max-image-preview":"max-image-preview:large","max-video-preview":"max-video-preview:-1"},"canonical":"https:\/\/buddhaseedbank.com\/pt-pt\/producto\/buddha-gelato\/","og_locale":"pt_PT","og_type":"article","og_title":"Buddha Gelato - Sementes Buddha","og_description":"O aspeto da Buddha Gelato durante a flora\u00e7\u00e3o \u00e9 c\u00f3smico; a quantidade de tricomas que a cobrem simula um c\u00e9u estrelado. Esta produ\u00e7\u00e3o de resina \u00e9 inevit\u00e1vel para ser utilizada em extrac\u00e7\u00f5es (seca\/gelo). As flores, \u00e0 medida que se aproximam do momento ideal de matura\u00e7\u00e3o, apresentam diferentes tonalidades de verde, juntamente com tons mais dourados intercalados por pistilos laranja intenso, uma imagem invulgar que ficar\u00e1 gravada na tua mem\u00f3ria. Em suma, Buddha Gelato abre um novo horizonte de sensa\u00e7\u00f5es de que n\u00e3o vais querer abdicar. Os elevados n\u00edveis de THC que a Buddha Gelato pode atingir tornam aconselh\u00e1vel um consumo moderado.","og_url":"https:\/\/buddhaseedbank.com\/pt-pt\/producto\/buddha-gelato\/","og_site_name":"Buddha Seeds","article_modified_time":"2024-06-18T10:54:28+00:00","og_image":[{"width":1080,"height":1080,"url":"https:\/\/buddhaseedbank.com\/wp-content\/uploads\/2021\/06\/248-Buddha-Gelato.jpg","type":"image\/jpeg"}],"twitter_card":"summary_large_image","twitter_misc":{"Tempo estimado de leitura":"2 minutos"},"schema":{"@context":"https:\/\/schema.org","@graph":[{"@type":"WebPage","@id":"https:\/\/buddhaseedbank.com\/pt-pt\/producto\/buddha-gelato\/","url":"https:\/\/buddhaseedbank.com\/pt-pt\/producto\/buddha-gelato\/","name":"Buddha Gelato - Sementes Buddha","isPartOf":{"@id":"https:\/\/buddhaseedbank.com\/pt-pt\/#website"},"primaryImageOfPage":{"@id":"https:\/\/buddhaseedbank.com\/pt-pt\/producto\/buddha-gelato\/#primaryimage"},"image":{"@id":"https:\/\/buddhaseedbank.com\/pt-pt\/producto\/buddha-gelato\/#primaryimage"},"thumbnailUrl":"https:\/\/buddhaseedbank.com\/wp-content\/uploads\/2021\/06\/248-Buddha-Gelato.jpg","datePublished":"2021-06-07T14:57:53+00:00","dateModified":"2024-06-18T10:54:28+00:00","breadcrumb":{"@id":"https:\/\/buddhaseedbank.com\/pt-pt\/producto\/buddha-gelato\/#breadcrumb"},"inLanguage":"pt-PT","potentialAction":[{"@type":"ReadAction","target":["https:\/\/buddhaseedbank.com\/pt-pt\/producto\/buddha-gelato\/"]}]},{"@type":"ImageObject","inLanguage":"pt-PT","@id":"https:\/\/buddhaseedbank.com\/pt-pt\/producto\/buddha-gelato\/#primaryimage","url":"https:\/\/buddhaseedbank.com\/wp-content\/uploads\/2021\/06\/248-Buddha-Gelato.jpg","contentUrl":"https:\/\/buddhaseedbank.com\/wp-content\/uploads\/2021\/06\/248-Buddha-Gelato.jpg","width":1080,"height":1080,"caption":"Buddha Gelato Buddha Seeds cannabis americanas producci\u00f3n"},{"@type":"BreadcrumbList","@id":"https:\/\/buddhaseedbank.com\/pt-pt\/producto\/buddha-gelato\/#breadcrumb","itemListElement":[{"@type":"ListItem","position":1,"name":"Portada","item":"https:\/\/buddhaseedbank.com\/pt-pt\/"},{"@type":"ListItem","position":2,"name":"Compra","item":"https:\/\/buddhaseedbank.com\/pt-pt\/compra\/"},{"@type":"ListItem","position":3,"name":"Buddha Gelato"}]},{"@type":"WebSite","@id":"https:\/\/buddhaseedbank.com\/pt-pt\/#website","url":"https:\/\/buddhaseedbank.com\/pt-pt\/","name":"Buddha Seeds","description":"","publisher":{"@id":"https:\/\/buddhaseedbank.com\/pt-pt\/#organization"},"potentialAction":[{"@type":"SearchAction","target":{"@type":"EntryPoint","urlTemplate":"https:\/\/buddhaseedbank.com\/pt-pt\/?s={search_term_string}"},"query-input":{"@type":"PropertyValueSpecification","valueRequired":true,"valueName":"search_term_string"}}],"inLanguage":"pt-PT"},{"@type":"Organization","@id":"https:\/\/buddhaseedbank.com\/pt-pt\/#organization","name":"Buddha Seeds","url":"https:\/\/buddhaseedbank.com\/pt-pt\/","logo":{"@type":"ImageObject","inLanguage":"pt-PT","@id":"https:\/\/buddhaseedbank.com\/pt-pt\/#\/schema\/logo\/image\/","url":"https:\/\/buddhaseedbank.com\/wp-content\/uploads\/2024\/04\/buddha-seeds-logo-1622448424-1.png","contentUrl":"https:\/\/buddhaseedbank.com\/wp-content\/uploads\/2024\/04\/buddha-seeds-logo-1622448424-1.png","width":478,"height":200,"caption":"Buddha Seeds"},"image":{"@id":"https:\/\/buddhaseedbank.com\/pt-pt\/#\/schema\/logo\/image\/"}}]}},"_links":{"self":[{"href":"https:\/\/buddhaseedbank.com\/pt-pt\/wp-json\/wp\/v2\/product\/7622","targetHints":{"allow":["GET"]}}],"collection":[{"href":"https:\/\/buddhaseedbank.com\/pt-pt\/wp-json\/wp\/v2\/product"}],"about":[{"href":"https:\/\/buddhaseedbank.com\/pt-pt\/wp-json\/wp\/v2\/types\/product"}],"wp:featuredmedia":[{"embeddable":true,"href":"https:\/\/buddhaseedbank.com\/pt-pt\/wp-json\/wp\/v2\/media\/7630"}],"wp:attachment":[{"href":"https:\/\/buddhaseedbank.com\/pt-pt\/wp-json\/wp\/v2\/media?parent=7622"}],"wp:term":[{"taxonomy":"product_brand","embeddable":true,"href":"https:\/\/buddhaseedbank.com\/pt-pt\/wp-json\/wp\/v2\/product_brand?post=7622"},{"taxonomy":"product_cat","embeddable":true,"href":"https:\/\/buddhaseedbank.com\/pt-pt\/wp-json\/wp\/v2\/product_cat?post=7622"},{"taxonomy":"product_tag","embeddable":true,"href":"https:\/\/buddhaseedbank.com\/pt-pt\/wp-json\/wp\/v2\/product_tag?post=7622"}],"curies":[{"name":"wp","href":"https:\/\/api.w.org\/{rel}","templated":true}]}}