{"id":7623,"date":"2021-06-08T15:31:54","date_gmt":"2021-06-08T13:31:54","guid":{"rendered":"https:\/\/buddhaseedbank.com\/producto\/buda-auto-zkitt\/"},"modified":"2024-10-17T12:09:44","modified_gmt":"2024-10-17T10:09:44","slug":"buddha-auto-zkitt","status":"publish","type":"product","link":"https:\/\/buddhaseedbank.com\/pt-pt\/producto\/buddha-auto-zkitt\/","title":{"rendered":"Buddha Auto Zkitt"},"content":{"rendered":"<p style=\"text-align: justify;\">Para os gulosos e amantes da gen\u00e9tica doce, a Buddha Auto Zkitt vem impregnar os teus puffs com um arco-\u00edris de sabores frutados. N\u00e3o \u00e9 coincid\u00eancia, portanto, que esta variedade \u00edndica seja uma homenagem ao famoso rebu\u00e7ado americano Skittles. Na Buddha Seeds propusemo-nos a revolucionar as tuas papilas gustativas para tornar a tua experi\u00eancia o mais agrad\u00e1vel poss\u00edvel. Porque quem \u00e9 que fica amargo com um doce?<\/p>\n<p style=\"text-align: justify;\">Na Buddha Auto Zkitt melhor\u00e1mos ainda mais a riqueza de nuances desta popular gen\u00e9tica americana. Destacam-se as notas de frutos silvestres, manga e toranja. Uma del\u00edcia para desfrutares a qualquer hora do dia. Mas, como todos os doces, \u00e9 melhor n\u00e3o exagerares, porque o seu efeito come\u00e7a com uma pancada r\u00e1pida e termina com uma sensa\u00e7\u00e3o corporal relaxante. Ao contr\u00e1rio de uma moca indica, a Buddha Auto Zkitt leva-te a um estado de serenidade e felicidade absoluta em que podes permanecer, t\u00e3o \u00e0 vontade, durante algumas horas.<\/p>\n<p style=\"text-align: justify;\">Quanto \u00e0 sua morfologia, esta bala de can\u00e1bis \u00e9 discreta em altura, ideal para cultivos SOG no interior. Surpreender-te-\u00e1 com os seus m\u00faltiplos bot\u00f5es apertados e resinosos com um forte aroma a rebu\u00e7ado. O interior ser\u00e1 o mais parecido com uma loja de doces! No entanto, recomendamos um per\u00edodo m\u00ednimo de cura de um m\u00eas para que possas apreciar este arco-\u00edris de sabores no seu melhor. Imagina os sabores que te esperam se prolongares o tempo de conserva\u00e7\u00e3o.<\/p>\n<p style=\"text-align: justify;\">O Buddha Auto Zkitt n\u00e3o requer cuidados excessivos, o que o torna adequado tanto para principiantes como para profissionais. Esta variedade \u00e9 muito resistente e para obter os melhores rendimentos e maximizar os resultados, recomendamos-te a utiliza\u00e7\u00e3o de t\u00e9cnicas de cultivo. Vais notar isso na tua colheita com um rendimento aproximado em interior entre 450-500g \/ m2.<\/p>\n<p style=\"text-align: justify;\">Por outro lado, n\u00e3o deves negligenciar a sua alimenta\u00e7\u00e3o, pois esta planta \u00e9 um pouco gulosa, sobretudo em rela\u00e7\u00e3o aos a\u00e7\u00facares.<\/p>\n<p style=\"text-align: justify;\">O Buddha Auto Zkitt ser\u00e1 um verdadeiro prazer para ti, para teres o teu momento mais doce todos os dias.<\/p>\n<p style=\"text-align: justify;\"><a style=\"background-color: #ff0000; color: #ffffff;\" href=\"https:\/\/youtu.be\/DnHie0dwNNU\" target=\"_blank\" rel=\"noreferrer noopener nofollow\">YOUTUBE \u25ba<\/a><\/p>\n","protected":false},"excerpt":{"rendered":"<p style=\"text-align: justify;\">Na Buddha Auto Zkitt melhor\u00e1mos ainda mais a riqueza de nuances desta popular gen\u00e9tica americana. Destacam-se as notas de frutos silvestres, manga e toranja. Uma del\u00edcia para desfrutares a qualquer hora do dia.<\/p>\n<p style=\"text-align: justify;\">Esta variedade n\u00e3o requer cuidados excessivos, o que a torna adequada tanto para principiantes como para profissionais. A Buddha Auto Zkitt \u00e9 muito resistente e para tirares o m\u00e1ximo partido dela e maximizares os resultados, recomendamos-te o uso de t\u00e9cnicas de cultivo.<\/p>\n<p style=\"text-align: justify;\">Por outro lado, n\u00e3o deves negligenciar a sua alimenta\u00e7\u00e3o, pois esta planta \u00e9 um pouco gulosa, sobretudo em rela\u00e7\u00e3o aos a\u00e7\u00facares.<\/p>\n<p style=\"text-align: justify;\">O Buddha Auto Zkitt ser\u00e1 um verdadeiro prazer para ti, para teres o teu momento mais doce todos os dias.<\/p>\n","protected":false},"featured_media":7624,"template":"","meta":{"_joinchat":[]},"product_brand":[],"product_cat":[986,897],"product_tag":[1383,1430,1192,1438,1475,1156,1410],"class_list":{"0":"post-7623","1":"product","2":"type-product","3":"status-publish","4":"has-post-thumbnail","6":"product_cat-estirpes-da-colecao-usa","7":"product_cat-variedades-de-sementes-buddha","8":"product_tag-autoflorescentes-interior","9":"product_tag-cannabis-indica-pt-pt","10":"product_tag-eua-recolha-de-estirpes","11":"product_tag-plantas-autoflorescentes-produtivas","12":"product_tag-sabor-doce-canabis","13":"product_tag-sementes-de-canabis-autoflorescentes","14":"product_tag-sementes-marijuana-americanas","15":"pa_8d-tiempodecultivocrecimient-70-dias","16":"pa_efecto-uma-serenidade-e-uma-felicidade","17":"pa_fa-produccionenexteriorporpl-70-350-g-pt-pt","18":"pa_genetica-indica-pt-pt","19":"pa_produccionm-450-550-g-pt-pt","20":"pa_semillas-10-unidades","21":"pa_semillas-3-unidades","22":"pa_semillas-50-pecas","23":"pa_sexo-feminizada-pt-pt","24":"pa_tipo-autoflorescentes","26":"first","27":"instock","28":"taxable","29":"shipping-taxable","30":"purchasable","31":"product-type-variable"},"yoast_head":"<!-- This site is optimized with the Yoast SEO plugin v27.3 - https:\/\/yoast.com\/product\/yoast-seo-wordpress\/ -->\n<title>Buddha Auto Zkitt - Sementes Buddha<\/title>\n<meta name=\"robots\" content=\"index, follow, max-snippet:-1, max-image-preview:large, max-video-preview:-1\" \/>\n<link rel=\"canonical\" href=\"https:\/\/buddhaseedbank.com\/pt-pt\/producto\/buddha-auto-zkitt\/\" \/>\n<meta property=\"og:locale\" content=\"pt_PT\" \/>\n<meta property=\"og:type\" content=\"article\" \/>\n<meta property=\"og:title\" content=\"Buddha Auto Zkitt - Sementes Buddha\" \/>\n<meta property=\"og:description\" content=\"Na Buddha Auto Zkitt melhor\u00e1mos ainda mais a riqueza de nuances desta popular gen\u00e9tica americana. Destacam-se as notas de frutos silvestres, manga e toranja. Uma del\u00edcia para desfrutares a qualquer hora do dia. Esta variedade n\u00e3o requer cuidados excessivos, o que a torna adequada tanto para principiantes como para profissionais. A Buddha Auto Zkitt \u00e9 muito resistente e para tirares o m\u00e1ximo partido dela e maximizares os resultados, recomendamos-te o uso de t\u00e9cnicas de cultivo. Por outro lado, n\u00e3o deves negligenciar a sua alimenta\u00e7\u00e3o, pois esta planta \u00e9 um pouco gulosa, sobretudo em rela\u00e7\u00e3o aos a\u00e7\u00facares. O Buddha Auto Zkitt ser\u00e1 um verdadeiro prazer para ti, para teres o teu momento mais doce todos os dias.\" \/>\n<meta property=\"og:url\" content=\"https:\/\/buddhaseedbank.com\/pt-pt\/producto\/buddha-auto-zkitt\/\" \/>\n<meta property=\"og:site_name\" content=\"Buddha Seeds\" \/>\n<meta property=\"article:modified_time\" content=\"2024-10-17T10:09:44+00:00\" \/>\n<meta property=\"og:image\" content=\"https:\/\/buddhaseedbank.com\/wp-content\/uploads\/2021\/06\/277-Buddha-Auto-Zkitt.jpg\" \/>\n\t<meta property=\"og:image:width\" content=\"1080\" \/>\n\t<meta property=\"og:image:height\" content=\"1080\" \/>\n\t<meta property=\"og:image:type\" content=\"image\/jpeg\" \/>\n<meta name=\"twitter:card\" content=\"summary_large_image\" \/>\n<meta name=\"twitter:label1\" content=\"Tempo estimado de leitura\" \/>\n\t<meta name=\"twitter:data1\" content=\"2 minutos\" \/>\n<script type=\"application\/ld+json\" class=\"yoast-schema-graph\">{\"@context\":\"https:\\\/\\\/schema.org\",\"@graph\":[{\"@type\":\"WebPage\",\"@id\":\"https:\\\/\\\/buddhaseedbank.com\\\/pt-pt\\\/producto\\\/buddha-auto-zkitt\\\/\",\"url\":\"https:\\\/\\\/buddhaseedbank.com\\\/pt-pt\\\/producto\\\/buddha-auto-zkitt\\\/\",\"name\":\"Buddha Auto Zkitt - Sementes Buddha\",\"isPartOf\":{\"@id\":\"https:\\\/\\\/buddhaseedbank.com\\\/pt-pt\\\/#website\"},\"primaryImageOfPage\":{\"@id\":\"https:\\\/\\\/buddhaseedbank.com\\\/pt-pt\\\/producto\\\/buddha-auto-zkitt\\\/#primaryimage\"},\"image\":{\"@id\":\"https:\\\/\\\/buddhaseedbank.com\\\/pt-pt\\\/producto\\\/buddha-auto-zkitt\\\/#primaryimage\"},\"thumbnailUrl\":\"https:\\\/\\\/buddhaseedbank.com\\\/wp-content\\\/uploads\\\/2021\\\/06\\\/277-Buddha-Auto-Zkitt.jpg\",\"datePublished\":\"2021-06-08T13:31:54+00:00\",\"dateModified\":\"2024-10-17T10:09:44+00:00\",\"breadcrumb\":{\"@id\":\"https:\\\/\\\/buddhaseedbank.com\\\/pt-pt\\\/producto\\\/buddha-auto-zkitt\\\/#breadcrumb\"},\"inLanguage\":\"pt-PT\",\"potentialAction\":[{\"@type\":\"ReadAction\",\"target\":[\"https:\\\/\\\/buddhaseedbank.com\\\/pt-pt\\\/producto\\\/buddha-auto-zkitt\\\/\"]}]},{\"@type\":\"ImageObject\",\"inLanguage\":\"pt-PT\",\"@id\":\"https:\\\/\\\/buddhaseedbank.com\\\/pt-pt\\\/producto\\\/buddha-auto-zkitt\\\/#primaryimage\",\"url\":\"https:\\\/\\\/buddhaseedbank.com\\\/wp-content\\\/uploads\\\/2021\\\/06\\\/277-Buddha-Auto-Zkitt.jpg\",\"contentUrl\":\"https:\\\/\\\/buddhaseedbank.com\\\/wp-content\\\/uploads\\\/2021\\\/06\\\/277-Buddha-Auto-Zkitt.jpg\",\"width\":1080,\"height\":1080,\"caption\":\"Buddha Auto Zkitt Buddha Seeds semillas cannabis americanas dulce productiva rapida risa\"},{\"@type\":\"BreadcrumbList\",\"@id\":\"https:\\\/\\\/buddhaseedbank.com\\\/pt-pt\\\/producto\\\/buddha-auto-zkitt\\\/#breadcrumb\",\"itemListElement\":[{\"@type\":\"ListItem\",\"position\":1,\"name\":\"Portada\",\"item\":\"https:\\\/\\\/buddhaseedbank.com\\\/pt-pt\\\/\"},{\"@type\":\"ListItem\",\"position\":2,\"name\":\"Compra\",\"item\":\"https:\\\/\\\/buddhaseedbank.com\\\/pt-pt\\\/compra\\\/\"},{\"@type\":\"ListItem\",\"position\":3,\"name\":\"Buddha Auto Zkitt\"}]},{\"@type\":\"WebSite\",\"@id\":\"https:\\\/\\\/buddhaseedbank.com\\\/pt-pt\\\/#website\",\"url\":\"https:\\\/\\\/buddhaseedbank.com\\\/pt-pt\\\/\",\"name\":\"Buddha Seeds\",\"description\":\"\",\"publisher\":{\"@id\":\"https:\\\/\\\/buddhaseedbank.com\\\/pt-pt\\\/#organization\"},\"potentialAction\":[{\"@type\":\"SearchAction\",\"target\":{\"@type\":\"EntryPoint\",\"urlTemplate\":\"https:\\\/\\\/buddhaseedbank.com\\\/pt-pt\\\/?s={search_term_string}\"},\"query-input\":{\"@type\":\"PropertyValueSpecification\",\"valueRequired\":true,\"valueName\":\"search_term_string\"}}],\"inLanguage\":\"pt-PT\"},{\"@type\":\"Organization\",\"@id\":\"https:\\\/\\\/buddhaseedbank.com\\\/pt-pt\\\/#organization\",\"name\":\"Buddha Seeds\",\"url\":\"https:\\\/\\\/buddhaseedbank.com\\\/pt-pt\\\/\",\"logo\":{\"@type\":\"ImageObject\",\"inLanguage\":\"pt-PT\",\"@id\":\"https:\\\/\\\/buddhaseedbank.com\\\/pt-pt\\\/#\\\/schema\\\/logo\\\/image\\\/\",\"url\":\"https:\\\/\\\/buddhaseedbank.com\\\/wp-content\\\/uploads\\\/2024\\\/04\\\/buddha-seeds-logo-1622448424-1.png\",\"contentUrl\":\"https:\\\/\\\/buddhaseedbank.com\\\/wp-content\\\/uploads\\\/2024\\\/04\\\/buddha-seeds-logo-1622448424-1.png\",\"width\":478,\"height\":200,\"caption\":\"Buddha Seeds\"},\"image\":{\"@id\":\"https:\\\/\\\/buddhaseedbank.com\\\/pt-pt\\\/#\\\/schema\\\/logo\\\/image\\\/\"}}]}<\/script>\n<!-- \/ Yoast SEO plugin. -->","yoast_head_json":{"title":"Buddha Auto Zkitt - Sementes Buddha","robots":{"index":"index","follow":"follow","max-snippet":"max-snippet:-1","max-image-preview":"max-image-preview:large","max-video-preview":"max-video-preview:-1"},"canonical":"https:\/\/buddhaseedbank.com\/pt-pt\/producto\/buddha-auto-zkitt\/","og_locale":"pt_PT","og_type":"article","og_title":"Buddha Auto Zkitt - Sementes Buddha","og_description":"Na Buddha Auto Zkitt melhor\u00e1mos ainda mais a riqueza de nuances desta popular gen\u00e9tica americana. Destacam-se as notas de frutos silvestres, manga e toranja. Uma del\u00edcia para desfrutares a qualquer hora do dia. Esta variedade n\u00e3o requer cuidados excessivos, o que a torna adequada tanto para principiantes como para profissionais. A Buddha Auto Zkitt \u00e9 muito resistente e para tirares o m\u00e1ximo partido dela e maximizares os resultados, recomendamos-te o uso de t\u00e9cnicas de cultivo. Por outro lado, n\u00e3o deves negligenciar a sua alimenta\u00e7\u00e3o, pois esta planta \u00e9 um pouco gulosa, sobretudo em rela\u00e7\u00e3o aos a\u00e7\u00facares. O Buddha Auto Zkitt ser\u00e1 um verdadeiro prazer para ti, para teres o teu momento mais doce todos os dias.","og_url":"https:\/\/buddhaseedbank.com\/pt-pt\/producto\/buddha-auto-zkitt\/","og_site_name":"Buddha Seeds","article_modified_time":"2024-10-17T10:09:44+00:00","og_image":[{"width":1080,"height":1080,"url":"https:\/\/buddhaseedbank.com\/wp-content\/uploads\/2021\/06\/277-Buddha-Auto-Zkitt.jpg","type":"image\/jpeg"}],"twitter_card":"summary_large_image","twitter_misc":{"Tempo estimado de leitura":"2 minutos"},"schema":{"@context":"https:\/\/schema.org","@graph":[{"@type":"WebPage","@id":"https:\/\/buddhaseedbank.com\/pt-pt\/producto\/buddha-auto-zkitt\/","url":"https:\/\/buddhaseedbank.com\/pt-pt\/producto\/buddha-auto-zkitt\/","name":"Buddha Auto Zkitt - Sementes Buddha","isPartOf":{"@id":"https:\/\/buddhaseedbank.com\/pt-pt\/#website"},"primaryImageOfPage":{"@id":"https:\/\/buddhaseedbank.com\/pt-pt\/producto\/buddha-auto-zkitt\/#primaryimage"},"image":{"@id":"https:\/\/buddhaseedbank.com\/pt-pt\/producto\/buddha-auto-zkitt\/#primaryimage"},"thumbnailUrl":"https:\/\/buddhaseedbank.com\/wp-content\/uploads\/2021\/06\/277-Buddha-Auto-Zkitt.jpg","datePublished":"2021-06-08T13:31:54+00:00","dateModified":"2024-10-17T10:09:44+00:00","breadcrumb":{"@id":"https:\/\/buddhaseedbank.com\/pt-pt\/producto\/buddha-auto-zkitt\/#breadcrumb"},"inLanguage":"pt-PT","potentialAction":[{"@type":"ReadAction","target":["https:\/\/buddhaseedbank.com\/pt-pt\/producto\/buddha-auto-zkitt\/"]}]},{"@type":"ImageObject","inLanguage":"pt-PT","@id":"https:\/\/buddhaseedbank.com\/pt-pt\/producto\/buddha-auto-zkitt\/#primaryimage","url":"https:\/\/buddhaseedbank.com\/wp-content\/uploads\/2021\/06\/277-Buddha-Auto-Zkitt.jpg","contentUrl":"https:\/\/buddhaseedbank.com\/wp-content\/uploads\/2021\/06\/277-Buddha-Auto-Zkitt.jpg","width":1080,"height":1080,"caption":"Buddha Auto Zkitt Buddha Seeds semillas cannabis americanas dulce productiva rapida risa"},{"@type":"BreadcrumbList","@id":"https:\/\/buddhaseedbank.com\/pt-pt\/producto\/buddha-auto-zkitt\/#breadcrumb","itemListElement":[{"@type":"ListItem","position":1,"name":"Portada","item":"https:\/\/buddhaseedbank.com\/pt-pt\/"},{"@type":"ListItem","position":2,"name":"Compra","item":"https:\/\/buddhaseedbank.com\/pt-pt\/compra\/"},{"@type":"ListItem","position":3,"name":"Buddha Auto Zkitt"}]},{"@type":"WebSite","@id":"https:\/\/buddhaseedbank.com\/pt-pt\/#website","url":"https:\/\/buddhaseedbank.com\/pt-pt\/","name":"Buddha Seeds","description":"","publisher":{"@id":"https:\/\/buddhaseedbank.com\/pt-pt\/#organization"},"potentialAction":[{"@type":"SearchAction","target":{"@type":"EntryPoint","urlTemplate":"https:\/\/buddhaseedbank.com\/pt-pt\/?s={search_term_string}"},"query-input":{"@type":"PropertyValueSpecification","valueRequired":true,"valueName":"search_term_string"}}],"inLanguage":"pt-PT"},{"@type":"Organization","@id":"https:\/\/buddhaseedbank.com\/pt-pt\/#organization","name":"Buddha Seeds","url":"https:\/\/buddhaseedbank.com\/pt-pt\/","logo":{"@type":"ImageObject","inLanguage":"pt-PT","@id":"https:\/\/buddhaseedbank.com\/pt-pt\/#\/schema\/logo\/image\/","url":"https:\/\/buddhaseedbank.com\/wp-content\/uploads\/2024\/04\/buddha-seeds-logo-1622448424-1.png","contentUrl":"https:\/\/buddhaseedbank.com\/wp-content\/uploads\/2024\/04\/buddha-seeds-logo-1622448424-1.png","width":478,"height":200,"caption":"Buddha Seeds"},"image":{"@id":"https:\/\/buddhaseedbank.com\/pt-pt\/#\/schema\/logo\/image\/"}}]}},"_links":{"self":[{"href":"https:\/\/buddhaseedbank.com\/pt-pt\/wp-json\/wp\/v2\/product\/7623","targetHints":{"allow":["GET"]}}],"collection":[{"href":"https:\/\/buddhaseedbank.com\/pt-pt\/wp-json\/wp\/v2\/product"}],"about":[{"href":"https:\/\/buddhaseedbank.com\/pt-pt\/wp-json\/wp\/v2\/types\/product"}],"wp:featuredmedia":[{"embeddable":true,"href":"https:\/\/buddhaseedbank.com\/pt-pt\/wp-json\/wp\/v2\/media\/7624"}],"wp:attachment":[{"href":"https:\/\/buddhaseedbank.com\/pt-pt\/wp-json\/wp\/v2\/media?parent=7623"}],"wp:term":[{"taxonomy":"product_brand","embeddable":true,"href":"https:\/\/buddhaseedbank.com\/pt-pt\/wp-json\/wp\/v2\/product_brand?post=7623"},{"taxonomy":"product_cat","embeddable":true,"href":"https:\/\/buddhaseedbank.com\/pt-pt\/wp-json\/wp\/v2\/product_cat?post=7623"},{"taxonomy":"product_tag","embeddable":true,"href":"https:\/\/buddhaseedbank.com\/pt-pt\/wp-json\/wp\/v2\/product_tag?post=7623"}],"curies":[{"name":"wp","href":"https:\/\/api.w.org\/{rel}","templated":true}]}}