{"id":7653,"date":"2021-06-15T15:27:46","date_gmt":"2021-06-15T13:27:46","guid":{"rendered":"https:\/\/buddhaseedbank.com\/producto\/classicos-variados\/"},"modified":"2024-09-04T16:56:00","modified_gmt":"2024-09-04T14:56:00","slug":"classicos-variados","status":"publish","type":"product","link":"https:\/\/buddhaseedbank.com\/pt-pt\/producto\/classicos-variados\/","title":{"rendered":"Assorted Classics"},"content":{"rendered":"<p style=\"text-align: justify;\">Para aqueles que t\u00eam dificuldade em escolher uma variedade, a Assorted Classics da Buddha Seeds \u00e9 a sele\u00e7\u00e3o perfeita de sementes que certamente ir\u00e3o acertar em cheio. Esta mistura destaca-se pelo seu pre\u00e7o econ\u00f3mico e pela seguran\u00e7a de ter a qualidade de desenvolvimento da Buddha Seeds em cada uma das variedades. A Assorted Classics \u00e9 composta por toda a fam\u00edlia Classics e por outras gen\u00e9ticas fant\u00e1sticas. Um compromisso para seduzir o paladar do consumidor atrav\u00e9s de uma varia\u00e7\u00e3o de nuances: dos c\u00edtricos amargos aos sabores mais doces, sem perder a ess\u00eancia dos cl\u00e1ssicos da can\u00e1bis. Uma viagem \u00e0s origens da can\u00e1bis, mas com o valor distintivo da Buddha Seeds.<\/p>\n","protected":false},"excerpt":{"rendered":"<p>Para aqueles que t\u00eam dificuldade em escolher uma variedade, a Assorted Classics da Buddha Seeds \u00e9 a sele\u00e7\u00e3o perfeita de sementes que certamente ir\u00e3o acertar em cheio. Esta mistura destaca-se pelo seu pre\u00e7o econ\u00f3mico e pela seguran\u00e7a de ter a qualidade de desenvolvimento da Buddha Seeds em cada uma das variedades. A Assorted Classics \u00e9 [&hellip;]<\/p>\n","protected":false},"featured_media":7654,"template":"","meta":{"_joinchat":[]},"product_brand":[],"product_cat":[951,897],"product_tag":[1509,1536,1481],"class_list":{"0":"post-7653","1":"product","2":"type-product","3":"status-publish","4":"has-post-thumbnail","6":"product_cat-classics-buddha-seeds","7":"product_cat-variedades-de-sementes-buddha","8":"product_tag-classicos-canabis","9":"product_tag-mistura-sementes-fotodependentes","10":"product_tag-sementes-fotodependentes","11":"pa_efecto-desde-efeitos-relaxantes-a-efeitos-euforicos-dependendo-da-genetica-que-tens-nas-maos","12":"pa_fa-produccionenexteriorporpl-500-2000-g-pt-pt","13":"pa_genetica-hibridos-de-genes-sativa-e-ou-indica-superiores","14":"pa_mesdecosecha-segunda-quinzena-de-setembro-e-outubro-hemisferio-norte-segunda-quinzena-de-marco-e-abril-hemisferio-sul","15":"pa_produccionm-400-650-g-pt-pt","16":"pa_semillas-10-unidades","17":"pa_sexo-feminizada-pt-pt","18":"pa_tiempodefloracion-60-75-dias","19":"pa_tipo-fotodependente","21":"first","22":"instock","23":"taxable","24":"shipping-taxable","25":"purchasable","26":"product-type-variable","27":"has-default-attributes"},"yoast_head":"<!-- This site is optimized with the Yoast SEO plugin v27.3 - https:\/\/yoast.com\/product\/yoast-seo-wordpress\/ -->\n<title>Cl\u00e1ssicos variados - Sementes de Buda<\/title>\n<meta name=\"description\" content=\"A Assorted Classics da Buddha Seeds \u00e9 a aposta segura para os cultivadores que procuram excelentes surpresas. Esta mistura de sementes junta todas as variedades da cole\u00e7\u00e3o Buddha Seeds Classics.\" \/>\n<meta name=\"robots\" content=\"index, follow, max-snippet:-1, max-image-preview:large, max-video-preview:-1\" \/>\n<link rel=\"canonical\" href=\"https:\/\/buddhaseedbank.com\/pt-pt\/producto\/classicos-variados\/\" \/>\n<meta property=\"og:locale\" content=\"pt_PT\" \/>\n<meta property=\"og:type\" content=\"article\" \/>\n<meta property=\"og:title\" content=\"Cl\u00e1ssicos variados - Sementes de Buda\" \/>\n<meta property=\"og:description\" content=\"A Assorted Classics da Buddha Seeds \u00e9 a aposta segura para os cultivadores que procuram excelentes surpresas. Esta mistura de sementes junta todas as variedades da cole\u00e7\u00e3o Buddha Seeds Classics.\" \/>\n<meta property=\"og:url\" content=\"https:\/\/buddhaseedbank.com\/pt-pt\/producto\/classicos-variados\/\" \/>\n<meta property=\"og:site_name\" content=\"Buddha Seeds\" \/>\n<meta property=\"article:modified_time\" content=\"2024-09-04T14:56:00+00:00\" \/>\n<meta property=\"og:image\" content=\"https:\/\/buddhaseedbank.com\/wp-content\/uploads\/2021\/06\/282-Assorted-Classics.jpg\" \/>\n\t<meta property=\"og:image:width\" content=\"1080\" \/>\n\t<meta property=\"og:image:height\" content=\"1080\" \/>\n\t<meta property=\"og:image:type\" content=\"image\/jpeg\" \/>\n<meta name=\"twitter:card\" content=\"summary_large_image\" \/>\n<meta name=\"twitter:label1\" content=\"Tempo estimado de leitura\" \/>\n\t<meta name=\"twitter:data1\" content=\"1 minuto\" \/>\n<script type=\"application\/ld+json\" class=\"yoast-schema-graph\">{\"@context\":\"https:\\\/\\\/schema.org\",\"@graph\":[{\"@type\":\"WebPage\",\"@id\":\"https:\\\/\\\/buddhaseedbank.com\\\/pt-pt\\\/producto\\\/classicos-variados\\\/\",\"url\":\"https:\\\/\\\/buddhaseedbank.com\\\/pt-pt\\\/producto\\\/classicos-variados\\\/\",\"name\":\"Cl\u00e1ssicos variados - Sementes de Buda\",\"isPartOf\":{\"@id\":\"https:\\\/\\\/buddhaseedbank.com\\\/pt-pt\\\/#website\"},\"primaryImageOfPage\":{\"@id\":\"https:\\\/\\\/buddhaseedbank.com\\\/pt-pt\\\/producto\\\/classicos-variados\\\/#primaryimage\"},\"image\":{\"@id\":\"https:\\\/\\\/buddhaseedbank.com\\\/pt-pt\\\/producto\\\/classicos-variados\\\/#primaryimage\"},\"thumbnailUrl\":\"https:\\\/\\\/buddhaseedbank.com\\\/wp-content\\\/uploads\\\/2021\\\/06\\\/282-Assorted-Classics.jpg\",\"datePublished\":\"2021-06-15T13:27:46+00:00\",\"dateModified\":\"2024-09-04T14:56:00+00:00\",\"description\":\"A Assorted Classics da Buddha Seeds \u00e9 a aposta segura para os cultivadores que procuram excelentes surpresas. Esta mistura de sementes junta todas as variedades da cole\u00e7\u00e3o Buddha Seeds Classics.\",\"breadcrumb\":{\"@id\":\"https:\\\/\\\/buddhaseedbank.com\\\/pt-pt\\\/producto\\\/classicos-variados\\\/#breadcrumb\"},\"inLanguage\":\"pt-PT\",\"potentialAction\":[{\"@type\":\"ReadAction\",\"target\":[\"https:\\\/\\\/buddhaseedbank.com\\\/pt-pt\\\/producto\\\/classicos-variados\\\/\"]}]},{\"@type\":\"ImageObject\",\"inLanguage\":\"pt-PT\",\"@id\":\"https:\\\/\\\/buddhaseedbank.com\\\/pt-pt\\\/producto\\\/classicos-variados\\\/#primaryimage\",\"url\":\"https:\\\/\\\/buddhaseedbank.com\\\/wp-content\\\/uploads\\\/2021\\\/06\\\/282-Assorted-Classics.jpg\",\"contentUrl\":\"https:\\\/\\\/buddhaseedbank.com\\\/wp-content\\\/uploads\\\/2021\\\/06\\\/282-Assorted-Classics.jpg\",\"width\":1080,\"height\":1080,\"caption\":\"Assorted Classics pack clasicos cannabis feminizadas Buddha Seeds\"},{\"@type\":\"BreadcrumbList\",\"@id\":\"https:\\\/\\\/buddhaseedbank.com\\\/pt-pt\\\/producto\\\/classicos-variados\\\/#breadcrumb\",\"itemListElement\":[{\"@type\":\"ListItem\",\"position\":1,\"name\":\"Portada\",\"item\":\"https:\\\/\\\/buddhaseedbank.com\\\/pt-pt\\\/\"},{\"@type\":\"ListItem\",\"position\":2,\"name\":\"Compra\",\"item\":\"https:\\\/\\\/buddhaseedbank.com\\\/pt-pt\\\/compra\\\/\"},{\"@type\":\"ListItem\",\"position\":3,\"name\":\"Assorted Classics\"}]},{\"@type\":\"WebSite\",\"@id\":\"https:\\\/\\\/buddhaseedbank.com\\\/pt-pt\\\/#website\",\"url\":\"https:\\\/\\\/buddhaseedbank.com\\\/pt-pt\\\/\",\"name\":\"Buddha Seeds\",\"description\":\"\",\"publisher\":{\"@id\":\"https:\\\/\\\/buddhaseedbank.com\\\/pt-pt\\\/#organization\"},\"potentialAction\":[{\"@type\":\"SearchAction\",\"target\":{\"@type\":\"EntryPoint\",\"urlTemplate\":\"https:\\\/\\\/buddhaseedbank.com\\\/pt-pt\\\/?s={search_term_string}\"},\"query-input\":{\"@type\":\"PropertyValueSpecification\",\"valueRequired\":true,\"valueName\":\"search_term_string\"}}],\"inLanguage\":\"pt-PT\"},{\"@type\":\"Organization\",\"@id\":\"https:\\\/\\\/buddhaseedbank.com\\\/pt-pt\\\/#organization\",\"name\":\"Buddha Seeds\",\"url\":\"https:\\\/\\\/buddhaseedbank.com\\\/pt-pt\\\/\",\"logo\":{\"@type\":\"ImageObject\",\"inLanguage\":\"pt-PT\",\"@id\":\"https:\\\/\\\/buddhaseedbank.com\\\/pt-pt\\\/#\\\/schema\\\/logo\\\/image\\\/\",\"url\":\"https:\\\/\\\/buddhaseedbank.com\\\/wp-content\\\/uploads\\\/2024\\\/04\\\/buddha-seeds-logo-1622448424-1.png\",\"contentUrl\":\"https:\\\/\\\/buddhaseedbank.com\\\/wp-content\\\/uploads\\\/2024\\\/04\\\/buddha-seeds-logo-1622448424-1.png\",\"width\":478,\"height\":200,\"caption\":\"Buddha Seeds\"},\"image\":{\"@id\":\"https:\\\/\\\/buddhaseedbank.com\\\/pt-pt\\\/#\\\/schema\\\/logo\\\/image\\\/\"}}]}<\/script>\n<!-- \/ Yoast SEO plugin. -->","yoast_head_json":{"title":"Cl\u00e1ssicos variados - Sementes de Buda","description":"A Assorted Classics da Buddha Seeds \u00e9 a aposta segura para os cultivadores que procuram excelentes surpresas. Esta mistura de sementes junta todas as variedades da cole\u00e7\u00e3o Buddha Seeds Classics.","robots":{"index":"index","follow":"follow","max-snippet":"max-snippet:-1","max-image-preview":"max-image-preview:large","max-video-preview":"max-video-preview:-1"},"canonical":"https:\/\/buddhaseedbank.com\/pt-pt\/producto\/classicos-variados\/","og_locale":"pt_PT","og_type":"article","og_title":"Cl\u00e1ssicos variados - Sementes de Buda","og_description":"A Assorted Classics da Buddha Seeds \u00e9 a aposta segura para os cultivadores que procuram excelentes surpresas. Esta mistura de sementes junta todas as variedades da cole\u00e7\u00e3o Buddha Seeds Classics.","og_url":"https:\/\/buddhaseedbank.com\/pt-pt\/producto\/classicos-variados\/","og_site_name":"Buddha Seeds","article_modified_time":"2024-09-04T14:56:00+00:00","og_image":[{"width":1080,"height":1080,"url":"https:\/\/buddhaseedbank.com\/wp-content\/uploads\/2021\/06\/282-Assorted-Classics.jpg","type":"image\/jpeg"}],"twitter_card":"summary_large_image","twitter_misc":{"Tempo estimado de leitura":"1 minuto"},"schema":{"@context":"https:\/\/schema.org","@graph":[{"@type":"WebPage","@id":"https:\/\/buddhaseedbank.com\/pt-pt\/producto\/classicos-variados\/","url":"https:\/\/buddhaseedbank.com\/pt-pt\/producto\/classicos-variados\/","name":"Cl\u00e1ssicos variados - Sementes de Buda","isPartOf":{"@id":"https:\/\/buddhaseedbank.com\/pt-pt\/#website"},"primaryImageOfPage":{"@id":"https:\/\/buddhaseedbank.com\/pt-pt\/producto\/classicos-variados\/#primaryimage"},"image":{"@id":"https:\/\/buddhaseedbank.com\/pt-pt\/producto\/classicos-variados\/#primaryimage"},"thumbnailUrl":"https:\/\/buddhaseedbank.com\/wp-content\/uploads\/2021\/06\/282-Assorted-Classics.jpg","datePublished":"2021-06-15T13:27:46+00:00","dateModified":"2024-09-04T14:56:00+00:00","description":"A Assorted Classics da Buddha Seeds \u00e9 a aposta segura para os cultivadores que procuram excelentes surpresas. Esta mistura de sementes junta todas as variedades da cole\u00e7\u00e3o Buddha Seeds Classics.","breadcrumb":{"@id":"https:\/\/buddhaseedbank.com\/pt-pt\/producto\/classicos-variados\/#breadcrumb"},"inLanguage":"pt-PT","potentialAction":[{"@type":"ReadAction","target":["https:\/\/buddhaseedbank.com\/pt-pt\/producto\/classicos-variados\/"]}]},{"@type":"ImageObject","inLanguage":"pt-PT","@id":"https:\/\/buddhaseedbank.com\/pt-pt\/producto\/classicos-variados\/#primaryimage","url":"https:\/\/buddhaseedbank.com\/wp-content\/uploads\/2021\/06\/282-Assorted-Classics.jpg","contentUrl":"https:\/\/buddhaseedbank.com\/wp-content\/uploads\/2021\/06\/282-Assorted-Classics.jpg","width":1080,"height":1080,"caption":"Assorted Classics pack clasicos cannabis feminizadas Buddha Seeds"},{"@type":"BreadcrumbList","@id":"https:\/\/buddhaseedbank.com\/pt-pt\/producto\/classicos-variados\/#breadcrumb","itemListElement":[{"@type":"ListItem","position":1,"name":"Portada","item":"https:\/\/buddhaseedbank.com\/pt-pt\/"},{"@type":"ListItem","position":2,"name":"Compra","item":"https:\/\/buddhaseedbank.com\/pt-pt\/compra\/"},{"@type":"ListItem","position":3,"name":"Assorted Classics"}]},{"@type":"WebSite","@id":"https:\/\/buddhaseedbank.com\/pt-pt\/#website","url":"https:\/\/buddhaseedbank.com\/pt-pt\/","name":"Buddha Seeds","description":"","publisher":{"@id":"https:\/\/buddhaseedbank.com\/pt-pt\/#organization"},"potentialAction":[{"@type":"SearchAction","target":{"@type":"EntryPoint","urlTemplate":"https:\/\/buddhaseedbank.com\/pt-pt\/?s={search_term_string}"},"query-input":{"@type":"PropertyValueSpecification","valueRequired":true,"valueName":"search_term_string"}}],"inLanguage":"pt-PT"},{"@type":"Organization","@id":"https:\/\/buddhaseedbank.com\/pt-pt\/#organization","name":"Buddha Seeds","url":"https:\/\/buddhaseedbank.com\/pt-pt\/","logo":{"@type":"ImageObject","inLanguage":"pt-PT","@id":"https:\/\/buddhaseedbank.com\/pt-pt\/#\/schema\/logo\/image\/","url":"https:\/\/buddhaseedbank.com\/wp-content\/uploads\/2024\/04\/buddha-seeds-logo-1622448424-1.png","contentUrl":"https:\/\/buddhaseedbank.com\/wp-content\/uploads\/2024\/04\/buddha-seeds-logo-1622448424-1.png","width":478,"height":200,"caption":"Buddha Seeds"},"image":{"@id":"https:\/\/buddhaseedbank.com\/pt-pt\/#\/schema\/logo\/image\/"}}]}},"_links":{"self":[{"href":"https:\/\/buddhaseedbank.com\/pt-pt\/wp-json\/wp\/v2\/product\/7653","targetHints":{"allow":["GET"]}}],"collection":[{"href":"https:\/\/buddhaseedbank.com\/pt-pt\/wp-json\/wp\/v2\/product"}],"about":[{"href":"https:\/\/buddhaseedbank.com\/pt-pt\/wp-json\/wp\/v2\/types\/product"}],"wp:featuredmedia":[{"embeddable":true,"href":"https:\/\/buddhaseedbank.com\/pt-pt\/wp-json\/wp\/v2\/media\/7654"}],"wp:attachment":[{"href":"https:\/\/buddhaseedbank.com\/pt-pt\/wp-json\/wp\/v2\/media?parent=7653"}],"wp:term":[{"taxonomy":"product_brand","embeddable":true,"href":"https:\/\/buddhaseedbank.com\/pt-pt\/wp-json\/wp\/v2\/product_brand?post=7653"},{"taxonomy":"product_cat","embeddable":true,"href":"https:\/\/buddhaseedbank.com\/pt-pt\/wp-json\/wp\/v2\/product_cat?post=7653"},{"taxonomy":"product_tag","embeddable":true,"href":"https:\/\/buddhaseedbank.com\/pt-pt\/wp-json\/wp\/v2\/product_tag?post=7653"}],"curies":[{"name":"wp","href":"https:\/\/api.w.org\/{rel}","templated":true}]}}