{"id":7667,"date":"2021-06-08T14:59:08","date_gmt":"2021-06-08T12:59:08","guid":{"rendered":"https:\/\/buddhaseedbank.com\/producto\/buddha-auto-tangie\/"},"modified":"2021-06-08T14:59:08","modified_gmt":"2021-06-08T12:59:08","slug":"buddha-auto-tangie","status":"publish","type":"product","link":"https:\/\/buddhaseedbank.com\/pt-pt\/producto\/buddha-auto-tangie\/","title":{"rendered":"Buddha Auto Tangie"},"content":{"rendered":"<p style=\"text-align: justify;\">Um sopro de novas sensa\u00e7\u00f5es para os sentidos, um tornado de aromas e sabores que conquistam instantaneamente. Assim \u00e9 a Buddha Auto Tangie: \u00e9 uma planta que te apaixona pelo cheiro, pelo sabor e pela vista de quem a conhece. Os aromas c\u00edtricos da laranja s\u00e3o intensos, o sabor doce \u00e9 excecional e o aspeto da flor \u00e9 brilhante.<\/p>\n<p style=\"text-align: justify;\">Da Buddha Seeds quisemos capturar na nossa Tangie autoflorescente a ess\u00eancia que identifica o sabor c\u00edtrico americano. O aroma a laranja desta variedade convida-te a esprem\u00ea-la e a sabore\u00e1-la em cada pequeno-almo\u00e7o.<\/p>\n<p style=\"text-align: justify;\">Buddha Auto Tangie \u00e9 uma verdadeira experi\u00eancia: puro sabor a laranja e tangerina. Parece incr\u00edvel, mas destaca-se pelos seus sabores que s\u00e3o totalmente diferentes das variedades de citrinos habituais no mercado. Alguns fen\u00f3tipos t\u00eam notas de toranja que permanecem no paladar durante muito tempo, bem como uma vasta gama de notas c\u00edtricas que real\u00e7am a personalidade da Buddha Auto Tangie.<\/p>\n<p style=\"text-align: justify;\">Um &#8220;refor\u00e7o vitam\u00ednico&#8221; para a tua vida quotidiana, um perfume americano de alta <em>classe<\/em> que impregna de fragr\u00e2ncia tudo o que toca. Um aroma que representa bem a origem.<\/p>\n<p style=\"text-align: justify;\">A equipa da Buddha Seeds obteve um excelente resultado final em terpenos, muito bem adaptado \u00e0s exig\u00eancias actuais do consumidor. O Buddha Auto Tangie tamb\u00e9m faz sorrir quem o experimenta.<\/p>\n<p style=\"text-align: justify;\">A Buddha Auto Tangie da Buddha Seeds destaca-se pelo seu curto per\u00edodo de crescimento, apesar da sua maior carga de sativa. De um modo geral, esta variedade \u00e9 f\u00e1cil de cuidar, embora durante a flora\u00e7\u00e3o seja aconselh\u00e1vel aumentar o uso de macronutrientes para te deixar literalmente colado \u00e0 planta. Podes ter a certeza de que Buddha Tangie te deixar\u00e1 agradavelmente satisfeito.<\/p>\n<p style=\"text-align: justify;\"><a style=\"background-color: #ff0000; color: #ffffff;\" href=\"https:\/\/www.youtube.com\/watch?v=DC-J0fXks1M\" target=\"_blank\" rel=\"noreferrer noopener nofollow\">YOUTUBE \u25ba<\/a><\/p>\n","protected":false},"excerpt":{"rendered":"<p style=\"text-align: justify;\">Buddha Auto Tangie \u00e9 uma verdadeira experi\u00eancia: puro sabor a laranja e tangerina. Parece incr\u00edvel, mas destaca-se pelos seus sabores que s\u00e3o totalmente diferentes das variedades de citrinos habituais no mercado. Alguns fen\u00f3tipos t\u00eam notas de toranja que permanecem no paladar durante muito tempo, bem como uma vasta gama de notas c\u00edtricas que real\u00e7am a personalidade da Buddha Auto Tangie.<\/p>\n<p style=\"text-align: justify;\">A equipa da Buddha Seeds obteve um excelente resultado final em terpenos, muito bem adaptado \u00e0s exig\u00eancias actuais do consumidor. O Buddha Auto Tangie tamb\u00e9m faz sorrir quem o experimenta.<\/p>\n","protected":false},"featured_media":7668,"template":"","meta":{"_joinchat":[]},"product_brand":[],"product_cat":[986,897],"product_tag":[1462,1192,1438,1387,1156,1401,1410],"class_list":{"0":"post-7667","1":"product","2":"type-product","3":"status-publish","4":"has-post-thumbnail","6":"product_cat-estirpes-da-colecao-usa","7":"product_cat-variedades-de-sementes-buddha","8":"product_tag-cannabis-sativa-pt-pt","9":"product_tag-eua-recolha-de-estirpes","10":"product_tag-plantas-autoflorescentes-produtivas","11":"product_tag-sativa-autoflorescente","12":"product_tag-sementes-de-canabis-autoflorescentes","13":"product_tag-sementes-canabis-automaticas-produtivas","14":"product_tag-sementes-marijuana-americanas","15":"pa_8d-tiempodecultivocrecimient-70-75-dias","16":"pa_efecto-um-reforco-vitaminico-para-a-tua-vida-quotidiana-muito-energico-boas-vibracoes-com-os-teus-amigos-risos-estimulantes","17":"pa_fa-produccionenexteriorporpl-60-250-g-pt-pt","18":"pa_genetica-sativa-pt-pt","19":"pa_produccionm-400-550-g-pt-pt","20":"pa_semillas-10-unidades","21":"pa_semillas-3-unidades","22":"pa_semillas-50-pecas","23":"pa_sexo-feminizada-pt-pt","24":"pa_tipo-autoflorescentes","26":"first","27":"instock","28":"taxable","29":"shipping-taxable","30":"purchasable","31":"product-type-variable"},"yoast_head":"<!-- This site is optimized with the Yoast SEO plugin v27.3 - https:\/\/yoast.com\/product\/yoast-seo-wordpress\/ -->\n<title>Buddha Auto Tangie - Sementes Buddha<\/title>\n<meta name=\"robots\" content=\"index, follow, max-snippet:-1, max-image-preview:large, max-video-preview:-1\" \/>\n<link rel=\"canonical\" href=\"https:\/\/buddhaseedbank.com\/pt-pt\/producto\/buddha-auto-tangie\/\" \/>\n<meta property=\"og:locale\" content=\"pt_PT\" \/>\n<meta property=\"og:type\" content=\"article\" \/>\n<meta property=\"og:title\" content=\"Buddha Auto Tangie - Sementes Buddha\" \/>\n<meta property=\"og:description\" content=\"Buddha Auto Tangie \u00e9 uma verdadeira experi\u00eancia: puro sabor a laranja e tangerina. Parece incr\u00edvel, mas destaca-se pelos seus sabores que s\u00e3o totalmente diferentes das variedades de citrinos habituais no mercado. Alguns fen\u00f3tipos t\u00eam notas de toranja que permanecem no paladar durante muito tempo, bem como uma vasta gama de notas c\u00edtricas que real\u00e7am a personalidade da Buddha Auto Tangie. A equipa da Buddha Seeds obteve um excelente resultado final em terpenos, muito bem adaptado \u00e0s exig\u00eancias actuais do consumidor. O Buddha Auto Tangie tamb\u00e9m faz sorrir quem o experimenta.\" \/>\n<meta property=\"og:url\" content=\"https:\/\/buddhaseedbank.com\/pt-pt\/producto\/buddha-auto-tangie\/\" \/>\n<meta property=\"og:site_name\" content=\"Buddha Seeds\" \/>\n<meta property=\"og:image\" content=\"https:\/\/buddhaseedbank.com\/wp-content\/uploads\/2021\/06\/271-Buddha-Auto-Tangie.jpg\" \/>\n\t<meta property=\"og:image:width\" content=\"1080\" \/>\n\t<meta property=\"og:image:height\" content=\"1080\" \/>\n\t<meta property=\"og:image:type\" content=\"image\/jpeg\" \/>\n<meta name=\"twitter:card\" content=\"summary_large_image\" \/>\n<meta name=\"twitter:label1\" content=\"Tempo estimado de leitura\" \/>\n\t<meta name=\"twitter:data1\" content=\"1 minuto\" \/>\n<script type=\"application\/ld+json\" class=\"yoast-schema-graph\">{\"@context\":\"https:\\\/\\\/schema.org\",\"@graph\":[{\"@type\":\"WebPage\",\"@id\":\"https:\\\/\\\/buddhaseedbank.com\\\/pt-pt\\\/producto\\\/buddha-auto-tangie\\\/\",\"url\":\"https:\\\/\\\/buddhaseedbank.com\\\/pt-pt\\\/producto\\\/buddha-auto-tangie\\\/\",\"name\":\"Buddha Auto Tangie - Sementes Buddha\",\"isPartOf\":{\"@id\":\"https:\\\/\\\/buddhaseedbank.com\\\/pt-pt\\\/#website\"},\"primaryImageOfPage\":{\"@id\":\"https:\\\/\\\/buddhaseedbank.com\\\/pt-pt\\\/producto\\\/buddha-auto-tangie\\\/#primaryimage\"},\"image\":{\"@id\":\"https:\\\/\\\/buddhaseedbank.com\\\/pt-pt\\\/producto\\\/buddha-auto-tangie\\\/#primaryimage\"},\"thumbnailUrl\":\"https:\\\/\\\/buddhaseedbank.com\\\/wp-content\\\/uploads\\\/2021\\\/06\\\/271-Buddha-Auto-Tangie.jpg\",\"datePublished\":\"2021-06-08T12:59:08+00:00\",\"breadcrumb\":{\"@id\":\"https:\\\/\\\/buddhaseedbank.com\\\/pt-pt\\\/producto\\\/buddha-auto-tangie\\\/#breadcrumb\"},\"inLanguage\":\"pt-PT\",\"potentialAction\":[{\"@type\":\"ReadAction\",\"target\":[\"https:\\\/\\\/buddhaseedbank.com\\\/pt-pt\\\/producto\\\/buddha-auto-tangie\\\/\"]}]},{\"@type\":\"ImageObject\",\"inLanguage\":\"pt-PT\",\"@id\":\"https:\\\/\\\/buddhaseedbank.com\\\/pt-pt\\\/producto\\\/buddha-auto-tangie\\\/#primaryimage\",\"url\":\"https:\\\/\\\/buddhaseedbank.com\\\/wp-content\\\/uploads\\\/2021\\\/06\\\/271-Buddha-Auto-Tangie.jpg\",\"contentUrl\":\"https:\\\/\\\/buddhaseedbank.com\\\/wp-content\\\/uploads\\\/2021\\\/06\\\/271-Buddha-Auto-Tangie.jpg\",\"width\":1080,\"height\":1080,\"caption\":\"Buddha Auto Tangie Buddha Seeds cannabis americanas sabor naranja sativa potente\"},{\"@type\":\"BreadcrumbList\",\"@id\":\"https:\\\/\\\/buddhaseedbank.com\\\/pt-pt\\\/producto\\\/buddha-auto-tangie\\\/#breadcrumb\",\"itemListElement\":[{\"@type\":\"ListItem\",\"position\":1,\"name\":\"Portada\",\"item\":\"https:\\\/\\\/buddhaseedbank.com\\\/pt-pt\\\/\"},{\"@type\":\"ListItem\",\"position\":2,\"name\":\"Compra\",\"item\":\"https:\\\/\\\/buddhaseedbank.com\\\/pt-pt\\\/compra\\\/\"},{\"@type\":\"ListItem\",\"position\":3,\"name\":\"Buddha Auto Tangie\"}]},{\"@type\":\"WebSite\",\"@id\":\"https:\\\/\\\/buddhaseedbank.com\\\/pt-pt\\\/#website\",\"url\":\"https:\\\/\\\/buddhaseedbank.com\\\/pt-pt\\\/\",\"name\":\"Buddha Seeds\",\"description\":\"\",\"publisher\":{\"@id\":\"https:\\\/\\\/buddhaseedbank.com\\\/pt-pt\\\/#organization\"},\"potentialAction\":[{\"@type\":\"SearchAction\",\"target\":{\"@type\":\"EntryPoint\",\"urlTemplate\":\"https:\\\/\\\/buddhaseedbank.com\\\/pt-pt\\\/?s={search_term_string}\"},\"query-input\":{\"@type\":\"PropertyValueSpecification\",\"valueRequired\":true,\"valueName\":\"search_term_string\"}}],\"inLanguage\":\"pt-PT\"},{\"@type\":\"Organization\",\"@id\":\"https:\\\/\\\/buddhaseedbank.com\\\/pt-pt\\\/#organization\",\"name\":\"Buddha Seeds\",\"url\":\"https:\\\/\\\/buddhaseedbank.com\\\/pt-pt\\\/\",\"logo\":{\"@type\":\"ImageObject\",\"inLanguage\":\"pt-PT\",\"@id\":\"https:\\\/\\\/buddhaseedbank.com\\\/pt-pt\\\/#\\\/schema\\\/logo\\\/image\\\/\",\"url\":\"https:\\\/\\\/buddhaseedbank.com\\\/wp-content\\\/uploads\\\/2024\\\/04\\\/buddha-seeds-logo-1622448424-1.png\",\"contentUrl\":\"https:\\\/\\\/buddhaseedbank.com\\\/wp-content\\\/uploads\\\/2024\\\/04\\\/buddha-seeds-logo-1622448424-1.png\",\"width\":478,\"height\":200,\"caption\":\"Buddha Seeds\"},\"image\":{\"@id\":\"https:\\\/\\\/buddhaseedbank.com\\\/pt-pt\\\/#\\\/schema\\\/logo\\\/image\\\/\"}}]}<\/script>\n<!-- \/ Yoast SEO plugin. -->","yoast_head_json":{"title":"Buddha Auto Tangie - Sementes Buddha","robots":{"index":"index","follow":"follow","max-snippet":"max-snippet:-1","max-image-preview":"max-image-preview:large","max-video-preview":"max-video-preview:-1"},"canonical":"https:\/\/buddhaseedbank.com\/pt-pt\/producto\/buddha-auto-tangie\/","og_locale":"pt_PT","og_type":"article","og_title":"Buddha Auto Tangie - Sementes Buddha","og_description":"Buddha Auto Tangie \u00e9 uma verdadeira experi\u00eancia: puro sabor a laranja e tangerina. Parece incr\u00edvel, mas destaca-se pelos seus sabores que s\u00e3o totalmente diferentes das variedades de citrinos habituais no mercado. Alguns fen\u00f3tipos t\u00eam notas de toranja que permanecem no paladar durante muito tempo, bem como uma vasta gama de notas c\u00edtricas que real\u00e7am a personalidade da Buddha Auto Tangie. A equipa da Buddha Seeds obteve um excelente resultado final em terpenos, muito bem adaptado \u00e0s exig\u00eancias actuais do consumidor. O Buddha Auto Tangie tamb\u00e9m faz sorrir quem o experimenta.","og_url":"https:\/\/buddhaseedbank.com\/pt-pt\/producto\/buddha-auto-tangie\/","og_site_name":"Buddha Seeds","og_image":[{"width":1080,"height":1080,"url":"https:\/\/buddhaseedbank.com\/wp-content\/uploads\/2021\/06\/271-Buddha-Auto-Tangie.jpg","type":"image\/jpeg"}],"twitter_card":"summary_large_image","twitter_misc":{"Tempo estimado de leitura":"1 minuto"},"schema":{"@context":"https:\/\/schema.org","@graph":[{"@type":"WebPage","@id":"https:\/\/buddhaseedbank.com\/pt-pt\/producto\/buddha-auto-tangie\/","url":"https:\/\/buddhaseedbank.com\/pt-pt\/producto\/buddha-auto-tangie\/","name":"Buddha Auto Tangie - Sementes Buddha","isPartOf":{"@id":"https:\/\/buddhaseedbank.com\/pt-pt\/#website"},"primaryImageOfPage":{"@id":"https:\/\/buddhaseedbank.com\/pt-pt\/producto\/buddha-auto-tangie\/#primaryimage"},"image":{"@id":"https:\/\/buddhaseedbank.com\/pt-pt\/producto\/buddha-auto-tangie\/#primaryimage"},"thumbnailUrl":"https:\/\/buddhaseedbank.com\/wp-content\/uploads\/2021\/06\/271-Buddha-Auto-Tangie.jpg","datePublished":"2021-06-08T12:59:08+00:00","breadcrumb":{"@id":"https:\/\/buddhaseedbank.com\/pt-pt\/producto\/buddha-auto-tangie\/#breadcrumb"},"inLanguage":"pt-PT","potentialAction":[{"@type":"ReadAction","target":["https:\/\/buddhaseedbank.com\/pt-pt\/producto\/buddha-auto-tangie\/"]}]},{"@type":"ImageObject","inLanguage":"pt-PT","@id":"https:\/\/buddhaseedbank.com\/pt-pt\/producto\/buddha-auto-tangie\/#primaryimage","url":"https:\/\/buddhaseedbank.com\/wp-content\/uploads\/2021\/06\/271-Buddha-Auto-Tangie.jpg","contentUrl":"https:\/\/buddhaseedbank.com\/wp-content\/uploads\/2021\/06\/271-Buddha-Auto-Tangie.jpg","width":1080,"height":1080,"caption":"Buddha Auto Tangie Buddha Seeds cannabis americanas sabor naranja sativa potente"},{"@type":"BreadcrumbList","@id":"https:\/\/buddhaseedbank.com\/pt-pt\/producto\/buddha-auto-tangie\/#breadcrumb","itemListElement":[{"@type":"ListItem","position":1,"name":"Portada","item":"https:\/\/buddhaseedbank.com\/pt-pt\/"},{"@type":"ListItem","position":2,"name":"Compra","item":"https:\/\/buddhaseedbank.com\/pt-pt\/compra\/"},{"@type":"ListItem","position":3,"name":"Buddha Auto Tangie"}]},{"@type":"WebSite","@id":"https:\/\/buddhaseedbank.com\/pt-pt\/#website","url":"https:\/\/buddhaseedbank.com\/pt-pt\/","name":"Buddha Seeds","description":"","publisher":{"@id":"https:\/\/buddhaseedbank.com\/pt-pt\/#organization"},"potentialAction":[{"@type":"SearchAction","target":{"@type":"EntryPoint","urlTemplate":"https:\/\/buddhaseedbank.com\/pt-pt\/?s={search_term_string}"},"query-input":{"@type":"PropertyValueSpecification","valueRequired":true,"valueName":"search_term_string"}}],"inLanguage":"pt-PT"},{"@type":"Organization","@id":"https:\/\/buddhaseedbank.com\/pt-pt\/#organization","name":"Buddha Seeds","url":"https:\/\/buddhaseedbank.com\/pt-pt\/","logo":{"@type":"ImageObject","inLanguage":"pt-PT","@id":"https:\/\/buddhaseedbank.com\/pt-pt\/#\/schema\/logo\/image\/","url":"https:\/\/buddhaseedbank.com\/wp-content\/uploads\/2024\/04\/buddha-seeds-logo-1622448424-1.png","contentUrl":"https:\/\/buddhaseedbank.com\/wp-content\/uploads\/2024\/04\/buddha-seeds-logo-1622448424-1.png","width":478,"height":200,"caption":"Buddha Seeds"},"image":{"@id":"https:\/\/buddhaseedbank.com\/pt-pt\/#\/schema\/logo\/image\/"}}]}},"_links":{"self":[{"href":"https:\/\/buddhaseedbank.com\/pt-pt\/wp-json\/wp\/v2\/product\/7667","targetHints":{"allow":["GET"]}}],"collection":[{"href":"https:\/\/buddhaseedbank.com\/pt-pt\/wp-json\/wp\/v2\/product"}],"about":[{"href":"https:\/\/buddhaseedbank.com\/pt-pt\/wp-json\/wp\/v2\/types\/product"}],"wp:featuredmedia":[{"embeddable":true,"href":"https:\/\/buddhaseedbank.com\/pt-pt\/wp-json\/wp\/v2\/media\/7668"}],"wp:attachment":[{"href":"https:\/\/buddhaseedbank.com\/pt-pt\/wp-json\/wp\/v2\/media?parent=7667"}],"wp:term":[{"taxonomy":"product_brand","embeddable":true,"href":"https:\/\/buddhaseedbank.com\/pt-pt\/wp-json\/wp\/v2\/product_brand?post=7667"},{"taxonomy":"product_cat","embeddable":true,"href":"https:\/\/buddhaseedbank.com\/pt-pt\/wp-json\/wp\/v2\/product_cat?post=7667"},{"taxonomy":"product_tag","embeddable":true,"href":"https:\/\/buddhaseedbank.com\/pt-pt\/wp-json\/wp\/v2\/product_tag?post=7667"}],"curies":[{"name":"wp","href":"https:\/\/api.w.org\/{rel}","templated":true}]}}