{"id":7773,"date":"2024-05-29T11:17:12","date_gmt":"2024-05-29T09:17:12","guid":{"rendered":"https:\/\/buddhaseedbank.com\/producto\/panakeia-high-terpenes\/"},"modified":"2025-10-27T16:43:39","modified_gmt":"2025-10-27T15:43:39","slug":"panakeia-high-terpenes","status":"publish","type":"product","link":"https:\/\/buddhaseedbank.com\/pt-pt\/producto\/panakeia-high-terpenes\/","title":{"rendered":"Panakeia High Terpenes"},"content":{"rendered":"<p>A Panakeia High Terpenes \u00e9 uma variedade de c\u00e2nhamo n\u00e3o psicoactiva com um elevado teor de terpenos. Finalmente podes desfrutar de uma variedade rica em CBG de uma forma agrad\u00e1vel, com muito mais sabor e cheiro.<\/p>\n<p>A Panakeia High Terpenes \u00e9 a vers\u00e3o melhorada da Panakeia, uma variedade desenvolvida pela Hemp Trading e pela Universidade Polit\u00e9cnica de Val\u00eancia. Esta variedade n\u00e3o psicotr\u00f3pica (0,0% THC) e altamente medicinal oferece agora uma grande variedade de terpenos com notas doces, frutadas e amadeiradas.<\/p>\n<p>Na Buddha Seeds quer\u00edamos enriquecer a experi\u00eancia das estirpes CBG, tradicionalmente pobres em terpenos. O resultado \u00e9 muito satisfat\u00f3rio, especialmente a n\u00edvel olfativo.<\/p>\n<p>A Panakeia High Terpenes entra no mercado do &#8220;c\u00e2nhamo fum\u00e1vel&#8221; para se posicionar como uma das melhores variedades n\u00e3o psicoactivas ricas em terpenos.<\/p>\n","protected":false},"excerpt":{"rendered":"<p>A Panakeia High Terpenes \u00e9 uma variedade de c\u00e2nhamo n\u00e3o psicoactiva com um elevado teor de terpenos. Finalmente podes desfrutar de uma variedade rica em CBG de uma forma agrad\u00e1vel, com muito mais sabor e cheiro.<\/p>\n","protected":false},"featured_media":11828,"template":"","meta":{"_joinchat":[]},"product_brand":[],"product_cat":[898,944,897],"product_tag":[1434,1449,1501,1405,1527,1736,1470,1481],"class_list":{"0":"post-7773","1":"product","2":"type-product","3":"status-publish","4":"has-post-thumbnail","6":"product_cat-sementes-de-buda-original","7":"product_cat-cbg-cbd","8":"product_cat-variedades-de-sementes-buddha","9":"product_tag-canabis-medicinal","10":"product_tag-canabis-para-a-dor","11":"product_tag-canabis-para-dormir-melhor","12":"product_tag-canabis-para-relaxar","13":"product_tag-cannabis-sem-thc","14":"product_tag-mais-vendidos","15":"product_tag-sementes-cbg","16":"product_tag-sementes-fotodependentes","17":"pa_fa-produccionenexteriorporpl-1-15-kg-pt-pt","18":"pa_genetica-indica-pt-pt","19":"pa_mesdecosecha-fim-de-setembro-hemisferio-norte-final-de-marco-hemisferio-sul","20":"pa_produccionm-400-600-g-pt-pt","21":"pa_semillas-10-unidades","22":"pa_semillas-3-unidades","23":"pa_sexo-feminizada-pt-pt","24":"pa_tiempodefloracion-60-63-dias","25":"pa_tipo-fotodependente","26":"pa_tipo-sementes-cbg","28":"first","29":"instock","30":"taxable","31":"shipping-taxable","32":"purchasable","33":"product-type-variable","34":"has-default-attributes"},"yoast_head":"<!-- This site is optimized with the Yoast SEO plugin v27.3 - https:\/\/yoast.com\/product\/yoast-seo-wordpress\/ -->\n<title>sementes CBG Panakeia High Terpenes<\/title>\n<meta name=\"description\" content=\"Panakeia High Terpenes \u00e9 uma das poucas sementes CBG n\u00e3o psicoativas e com alto teor de terpenos, com muito mais sabor e aroma.\" \/>\n<meta name=\"robots\" content=\"index, follow, max-snippet:-1, max-image-preview:large, max-video-preview:-1\" \/>\n<link rel=\"canonical\" href=\"https:\/\/buddhaseedbank.com\/pt-pt\/producto\/panakeia-high-terpenes\/\" \/>\n<meta property=\"og:locale\" content=\"pt_PT\" \/>\n<meta property=\"og:type\" content=\"article\" \/>\n<meta property=\"og:title\" content=\"sementes CBG Panakeia High Terpenes\" \/>\n<meta property=\"og:description\" content=\"Panakeia High Terpenes \u00e9 uma das poucas sementes CBG n\u00e3o psicoativas e com alto teor de terpenos, com muito mais sabor e aroma.\" \/>\n<meta property=\"og:url\" content=\"https:\/\/buddhaseedbank.com\/pt-pt\/producto\/panakeia-high-terpenes\/\" \/>\n<meta property=\"og:site_name\" content=\"Buddha Seeds\" \/>\n<meta property=\"article:modified_time\" content=\"2025-10-27T15:43:39+00:00\" \/>\n<meta property=\"og:image\" content=\"https:\/\/buddhaseedbank.com\/wp-content\/uploads\/2024\/05\/Panakeia_buddhaseeds.jpg\" \/>\n\t<meta property=\"og:image:width\" content=\"1440\" \/>\n\t<meta property=\"og:image:height\" content=\"1920\" \/>\n\t<meta property=\"og:image:type\" content=\"image\/jpeg\" \/>\n<meta name=\"twitter:card\" content=\"summary_large_image\" \/>\n<meta name=\"twitter:label1\" content=\"Tempo estimado de leitura\" \/>\n\t<meta name=\"twitter:data1\" content=\"1 minuto\" \/>\n<script type=\"application\/ld+json\" class=\"yoast-schema-graph\">{\"@context\":\"https:\\\/\\\/schema.org\",\"@graph\":[{\"@type\":\"WebPage\",\"@id\":\"https:\\\/\\\/buddhaseedbank.com\\\/pt-pt\\\/producto\\\/panakeia-high-terpenes\\\/\",\"url\":\"https:\\\/\\\/buddhaseedbank.com\\\/pt-pt\\\/producto\\\/panakeia-high-terpenes\\\/\",\"name\":\"sementes CBG Panakeia High Terpenes\",\"isPartOf\":{\"@id\":\"https:\\\/\\\/buddhaseedbank.com\\\/pt-pt\\\/#website\"},\"primaryImageOfPage\":{\"@id\":\"https:\\\/\\\/buddhaseedbank.com\\\/pt-pt\\\/producto\\\/panakeia-high-terpenes\\\/#primaryimage\"},\"image\":{\"@id\":\"https:\\\/\\\/buddhaseedbank.com\\\/pt-pt\\\/producto\\\/panakeia-high-terpenes\\\/#primaryimage\"},\"thumbnailUrl\":\"https:\\\/\\\/buddhaseedbank.com\\\/wp-content\\\/uploads\\\/2024\\\/05\\\/Panakeia_buddhaseeds.jpg\",\"datePublished\":\"2024-05-29T09:17:12+00:00\",\"dateModified\":\"2025-10-27T15:43:39+00:00\",\"description\":\"Panakeia High Terpenes \u00e9 uma das poucas sementes CBG n\u00e3o psicoativas e com alto teor de terpenos, com muito mais sabor e aroma.\",\"breadcrumb\":{\"@id\":\"https:\\\/\\\/buddhaseedbank.com\\\/pt-pt\\\/producto\\\/panakeia-high-terpenes\\\/#breadcrumb\"},\"inLanguage\":\"pt-PT\",\"potentialAction\":[{\"@type\":\"ReadAction\",\"target\":[\"https:\\\/\\\/buddhaseedbank.com\\\/pt-pt\\\/producto\\\/panakeia-high-terpenes\\\/\"]}]},{\"@type\":\"ImageObject\",\"inLanguage\":\"pt-PT\",\"@id\":\"https:\\\/\\\/buddhaseedbank.com\\\/pt-pt\\\/producto\\\/panakeia-high-terpenes\\\/#primaryimage\",\"url\":\"https:\\\/\\\/buddhaseedbank.com\\\/wp-content\\\/uploads\\\/2024\\\/05\\\/Panakeia_buddhaseeds.jpg\",\"contentUrl\":\"https:\\\/\\\/buddhaseedbank.com\\\/wp-content\\\/uploads\\\/2024\\\/05\\\/Panakeia_buddhaseeds.jpg\",\"width\":1440,\"height\":1920,\"caption\":\"Panakeia cannabis CBG\"},{\"@type\":\"BreadcrumbList\",\"@id\":\"https:\\\/\\\/buddhaseedbank.com\\\/pt-pt\\\/producto\\\/panakeia-high-terpenes\\\/#breadcrumb\",\"itemListElement\":[{\"@type\":\"ListItem\",\"position\":1,\"name\":\"Portada\",\"item\":\"https:\\\/\\\/buddhaseedbank.com\\\/pt-pt\\\/\"},{\"@type\":\"ListItem\",\"position\":2,\"name\":\"Compra\",\"item\":\"https:\\\/\\\/buddhaseedbank.com\\\/pt-pt\\\/compra\\\/\"},{\"@type\":\"ListItem\",\"position\":3,\"name\":\"Panakeia High Terpenes\"}]},{\"@type\":\"WebSite\",\"@id\":\"https:\\\/\\\/buddhaseedbank.com\\\/pt-pt\\\/#website\",\"url\":\"https:\\\/\\\/buddhaseedbank.com\\\/pt-pt\\\/\",\"name\":\"Buddha Seeds\",\"description\":\"\",\"publisher\":{\"@id\":\"https:\\\/\\\/buddhaseedbank.com\\\/pt-pt\\\/#organization\"},\"potentialAction\":[{\"@type\":\"SearchAction\",\"target\":{\"@type\":\"EntryPoint\",\"urlTemplate\":\"https:\\\/\\\/buddhaseedbank.com\\\/pt-pt\\\/?s={search_term_string}\"},\"query-input\":{\"@type\":\"PropertyValueSpecification\",\"valueRequired\":true,\"valueName\":\"search_term_string\"}}],\"inLanguage\":\"pt-PT\"},{\"@type\":\"Organization\",\"@id\":\"https:\\\/\\\/buddhaseedbank.com\\\/pt-pt\\\/#organization\",\"name\":\"Buddha Seeds\",\"url\":\"https:\\\/\\\/buddhaseedbank.com\\\/pt-pt\\\/\",\"logo\":{\"@type\":\"ImageObject\",\"inLanguage\":\"pt-PT\",\"@id\":\"https:\\\/\\\/buddhaseedbank.com\\\/pt-pt\\\/#\\\/schema\\\/logo\\\/image\\\/\",\"url\":\"https:\\\/\\\/buddhaseedbank.com\\\/wp-content\\\/uploads\\\/2024\\\/04\\\/buddha-seeds-logo-1622448424-1.png\",\"contentUrl\":\"https:\\\/\\\/buddhaseedbank.com\\\/wp-content\\\/uploads\\\/2024\\\/04\\\/buddha-seeds-logo-1622448424-1.png\",\"width\":478,\"height\":200,\"caption\":\"Buddha Seeds\"},\"image\":{\"@id\":\"https:\\\/\\\/buddhaseedbank.com\\\/pt-pt\\\/#\\\/schema\\\/logo\\\/image\\\/\"}}]}<\/script>\n<!-- \/ Yoast SEO plugin. -->","yoast_head_json":{"title":"sementes CBG Panakeia High Terpenes","description":"Panakeia High Terpenes \u00e9 uma das poucas sementes CBG n\u00e3o psicoativas e com alto teor de terpenos, com muito mais sabor e aroma.","robots":{"index":"index","follow":"follow","max-snippet":"max-snippet:-1","max-image-preview":"max-image-preview:large","max-video-preview":"max-video-preview:-1"},"canonical":"https:\/\/buddhaseedbank.com\/pt-pt\/producto\/panakeia-high-terpenes\/","og_locale":"pt_PT","og_type":"article","og_title":"sementes CBG Panakeia High Terpenes","og_description":"Panakeia High Terpenes \u00e9 uma das poucas sementes CBG n\u00e3o psicoativas e com alto teor de terpenos, com muito mais sabor e aroma.","og_url":"https:\/\/buddhaseedbank.com\/pt-pt\/producto\/panakeia-high-terpenes\/","og_site_name":"Buddha Seeds","article_modified_time":"2025-10-27T15:43:39+00:00","og_image":[{"width":1440,"height":1920,"url":"https:\/\/buddhaseedbank.com\/wp-content\/uploads\/2024\/05\/Panakeia_buddhaseeds.jpg","type":"image\/jpeg"}],"twitter_card":"summary_large_image","twitter_misc":{"Tempo estimado de leitura":"1 minuto"},"schema":{"@context":"https:\/\/schema.org","@graph":[{"@type":"WebPage","@id":"https:\/\/buddhaseedbank.com\/pt-pt\/producto\/panakeia-high-terpenes\/","url":"https:\/\/buddhaseedbank.com\/pt-pt\/producto\/panakeia-high-terpenes\/","name":"sementes CBG Panakeia High Terpenes","isPartOf":{"@id":"https:\/\/buddhaseedbank.com\/pt-pt\/#website"},"primaryImageOfPage":{"@id":"https:\/\/buddhaseedbank.com\/pt-pt\/producto\/panakeia-high-terpenes\/#primaryimage"},"image":{"@id":"https:\/\/buddhaseedbank.com\/pt-pt\/producto\/panakeia-high-terpenes\/#primaryimage"},"thumbnailUrl":"https:\/\/buddhaseedbank.com\/wp-content\/uploads\/2024\/05\/Panakeia_buddhaseeds.jpg","datePublished":"2024-05-29T09:17:12+00:00","dateModified":"2025-10-27T15:43:39+00:00","description":"Panakeia High Terpenes \u00e9 uma das poucas sementes CBG n\u00e3o psicoativas e com alto teor de terpenos, com muito mais sabor e aroma.","breadcrumb":{"@id":"https:\/\/buddhaseedbank.com\/pt-pt\/producto\/panakeia-high-terpenes\/#breadcrumb"},"inLanguage":"pt-PT","potentialAction":[{"@type":"ReadAction","target":["https:\/\/buddhaseedbank.com\/pt-pt\/producto\/panakeia-high-terpenes\/"]}]},{"@type":"ImageObject","inLanguage":"pt-PT","@id":"https:\/\/buddhaseedbank.com\/pt-pt\/producto\/panakeia-high-terpenes\/#primaryimage","url":"https:\/\/buddhaseedbank.com\/wp-content\/uploads\/2024\/05\/Panakeia_buddhaseeds.jpg","contentUrl":"https:\/\/buddhaseedbank.com\/wp-content\/uploads\/2024\/05\/Panakeia_buddhaseeds.jpg","width":1440,"height":1920,"caption":"Panakeia cannabis CBG"},{"@type":"BreadcrumbList","@id":"https:\/\/buddhaseedbank.com\/pt-pt\/producto\/panakeia-high-terpenes\/#breadcrumb","itemListElement":[{"@type":"ListItem","position":1,"name":"Portada","item":"https:\/\/buddhaseedbank.com\/pt-pt\/"},{"@type":"ListItem","position":2,"name":"Compra","item":"https:\/\/buddhaseedbank.com\/pt-pt\/compra\/"},{"@type":"ListItem","position":3,"name":"Panakeia High Terpenes"}]},{"@type":"WebSite","@id":"https:\/\/buddhaseedbank.com\/pt-pt\/#website","url":"https:\/\/buddhaseedbank.com\/pt-pt\/","name":"Buddha Seeds","description":"","publisher":{"@id":"https:\/\/buddhaseedbank.com\/pt-pt\/#organization"},"potentialAction":[{"@type":"SearchAction","target":{"@type":"EntryPoint","urlTemplate":"https:\/\/buddhaseedbank.com\/pt-pt\/?s={search_term_string}"},"query-input":{"@type":"PropertyValueSpecification","valueRequired":true,"valueName":"search_term_string"}}],"inLanguage":"pt-PT"},{"@type":"Organization","@id":"https:\/\/buddhaseedbank.com\/pt-pt\/#organization","name":"Buddha Seeds","url":"https:\/\/buddhaseedbank.com\/pt-pt\/","logo":{"@type":"ImageObject","inLanguage":"pt-PT","@id":"https:\/\/buddhaseedbank.com\/pt-pt\/#\/schema\/logo\/image\/","url":"https:\/\/buddhaseedbank.com\/wp-content\/uploads\/2024\/04\/buddha-seeds-logo-1622448424-1.png","contentUrl":"https:\/\/buddhaseedbank.com\/wp-content\/uploads\/2024\/04\/buddha-seeds-logo-1622448424-1.png","width":478,"height":200,"caption":"Buddha Seeds"},"image":{"@id":"https:\/\/buddhaseedbank.com\/pt-pt\/#\/schema\/logo\/image\/"}}]}},"_links":{"self":[{"href":"https:\/\/buddhaseedbank.com\/pt-pt\/wp-json\/wp\/v2\/product\/7773","targetHints":{"allow":["GET"]}}],"collection":[{"href":"https:\/\/buddhaseedbank.com\/pt-pt\/wp-json\/wp\/v2\/product"}],"about":[{"href":"https:\/\/buddhaseedbank.com\/pt-pt\/wp-json\/wp\/v2\/types\/product"}],"wp:featuredmedia":[{"embeddable":true,"href":"https:\/\/buddhaseedbank.com\/pt-pt\/wp-json\/wp\/v2\/media\/11828"}],"wp:attachment":[{"href":"https:\/\/buddhaseedbank.com\/pt-pt\/wp-json\/wp\/v2\/media?parent=7773"}],"wp:term":[{"taxonomy":"product_brand","embeddable":true,"href":"https:\/\/buddhaseedbank.com\/pt-pt\/wp-json\/wp\/v2\/product_brand?post=7773"},{"taxonomy":"product_cat","embeddable":true,"href":"https:\/\/buddhaseedbank.com\/pt-pt\/wp-json\/wp\/v2\/product_cat?post=7773"},{"taxonomy":"product_tag","embeddable":true,"href":"https:\/\/buddhaseedbank.com\/pt-pt\/wp-json\/wp\/v2\/product_tag?post=7773"}],"curies":[{"name":"wp","href":"https:\/\/api.w.org\/{rel}","templated":true}]}}